{"id":73582,"date":"2026-04-15T22:54:25","date_gmt":"2026-04-15T19:54:25","guid":{"rendered":"https:\/\/www.turkaesthetic.com\/?page_id=73582"},"modified":"2026-04-16T14:13:14","modified_gmt":"2026-04-16T11:13:14","slug":"eyelid-surgery","status":"publish","type":"page","link":"https:\/\/www.turkaesthetic.com\/it\/eyelid-surgery\/","title":{"rendered":"Chirurgia delle palpebre"},"content":{"rendered":"\n<p>La chirurgia delle palpebre (blefaroplastica) \u00e8 considerata uno degli interventi estetici pi\u00f9 comuni, poich\u00e9 influisce direttamente sulle espressioni del viso. Con il tempo, il rilassamento cutaneo, le borse sotto gli occhi e un aspetto stanco possono far apparire una persona pi\u00f9 anziana di quanto sia realmente. In alcuni casi, questa condizione pu\u00f2 anche influire sul campo visivo e causare problemi funzionali.<\/p>\n\n\n\n<p>Attraverso questo intervento estetico, la pelle in eccesso e i tessuti adiposi vengono rimossi per ottenere un aspetto pi\u00f9 dinamico, giovane e naturale. Questo intervento \u00e8 eseguito da medici specialisti esperti, distinguendosi per risultati efficaci e naturali in un breve periodo di tempo.<\/p>\n\n\n\n<figure class=\"wp-block-image size-large\"><img loading=\"lazy\" decoding=\"async\" width=\"800\" height=\"533\" src=\"https:\/\/www.turkaesthetic.com\/wp-content\/uploads\/2026\/04\/eyelid-surgery-before-after-1-800x533.webp\" alt=\"chirurgia delle palpebre prima e dopo risultato naturale\" class=\"wp-image-73464\" srcset=\"https:\/\/www.turkaesthetic.com\/wp-content\/uploads\/2026\/04\/eyelid-surgery-before-after-1-800x533.webp 800w, https:\/\/www.turkaesthetic.com\/wp-content\/uploads\/2026\/04\/eyelid-surgery-before-after-1-400x267.webp 400w, https:\/\/www.turkaesthetic.com\/wp-content\/uploads\/2026\/04\/eyelid-surgery-before-after-1-150x100.webp 150w, https:\/\/www.turkaesthetic.com\/wp-content\/uploads\/2026\/04\/eyelid-surgery-before-after-1-768x512.webp 768w, https:\/\/www.turkaesthetic.com\/wp-content\/uploads\/2026\/04\/eyelid-surgery-before-after-1.webp 1200w\" sizes=\"auto, (max-width: 800px) 100vw, 800px\" \/><figcaption class=\"wp-element-caption\">Un aspetto pi\u00f9 giovane e dinamico dopo la chirurgia delle palpebre<\/figcaption><\/figure>\n\n\n\n<figure class=\"wp-block-table is-style-stripes\"><table class=\"has-fixed-layout\"><thead><tr><th>Tipo di intervento<\/th><th>Chirurgia delle palpebre<\/th><\/tr><\/thead><tbody><tr><td>Anestesia<\/td><td>Locale o generale<\/td><\/tr><tr><td>Durata dell\u2019intervento<\/td><td>45 \u2013 90 minuti<\/td><\/tr><tr><td>Ricovero<\/td><td>Non necessario<\/td><\/tr><tr><td>Tempo di recupero<\/td><td>5 \u2013 7 giorni<\/td><\/tr><tr><td>Lividi e gonfiore<\/td><td>7 \u2013 14 giorni<\/td><\/tr><tr><td>Risultati visibili<\/td><td>2 \u2013 3 settimane<\/td><\/tr><tr><td>Durata dei risultati<\/td><td>A lungo termine<\/td><\/tr><tr><td>Cicatrici<\/td><td>Generalmente non visibili<\/td><\/tr><\/tbody><\/table><\/figure>\n\n\n\n<h2 class=\"wp-block-heading\">Prima e dopo la chirurgia delle palpebre<\/h2>\n\n\n\n<p>I confronti prima e dopo la chirurgia delle palpebre mostrano chiaramente il cambiamento visibile che questo intervento apporta all\u2019aspetto degli occhi. Le palpebre cadenti vengono eliminate e le borse sotto gli occhi ridotte in modo significativo, conferendo al viso un aspetto pi\u00f9 giovane e dinamico.<\/p>\n\n\n\n<p>L\u2019intervento contribuisce inoltre a definire meglio la zona perioculare e a ristabilire l\u2019equilibrio dell\u2019area, mantenendo un risultato naturale e non eccessivo.<\/p>\n\n\n\n<figure class=\"wp-block-image size-large\"><img loading=\"lazy\" decoding=\"async\" width=\"800\" height=\"533\" src=\"https:\/\/www.turkaesthetic.com\/wp-content\/uploads\/2026\/04\/upper-eyelid-surgery-before-after-800x533.webp\" alt=\"chirurgia delle palpebre superiori prima e dopo correzione del rilassamento\" class=\"wp-image-73473\" srcset=\"https:\/\/www.turkaesthetic.com\/wp-content\/uploads\/2026\/04\/upper-eyelid-surgery-before-after-800x533.webp 800w, https:\/\/www.turkaesthetic.com\/wp-content\/uploads\/2026\/04\/upper-eyelid-surgery-before-after-400x267.webp 400w, https:\/\/www.turkaesthetic.com\/wp-content\/uploads\/2026\/04\/upper-eyelid-surgery-before-after-150x100.webp 150w, https:\/\/www.turkaesthetic.com\/wp-content\/uploads\/2026\/04\/upper-eyelid-surgery-before-after-768x512.webp 768w, https:\/\/www.turkaesthetic.com\/wp-content\/uploads\/2026\/04\/upper-eyelid-surgery-before-after.webp 1200w\" sizes=\"auto, (max-width: 800px) 100vw, 800px\" \/><figcaption class=\"wp-element-caption\">Il rilassamento della palpebra superiore viene eliminato grazie all\u2019intervento<\/figcaption><\/figure>\n\n\n\n<h2 class=\"wp-block-heading\">Che cos\u2019\u00e8 la chirurgia delle palpebre?<\/h2>\n\n\n\n<p>La chirurgia delle palpebre \u00e8 un intervento chirurgico che mira a rimuovere l\u2019eccesso di pelle, gli accumuli di grasso e il rilassamento delle palpebre superiori e inferiori. Grazie a questa procedura, la zona degli occhi acquisisce un aspetto pi\u00f9 giovane, dinamico e sano.<\/p>\n\n\n\n<p>Con il passare del tempo, il rilassamento della palpebra superiore pu\u00f2 restringere il campo visivo, mentre il gonfiore della palpebra inferiore conferisce un aspetto costantemente stanco. Questo intervento aiuta a eliminare questi problemi e offre benefici sia estetici che funzionali.<\/p>\n\n\n\n<figure class=\"wp-block-embed is-type-video is-provider-youtube wp-block-embed-youtube wp-embed-aspect-16-9 wp-has-aspect-ratio\"><div class=\"wp-block-embed__wrapper\">\n<iframe loading=\"lazy\" title=\"Eyelid Surgery (Blepharoplasty) in Istanbul, Turkey \u2013 (Look Younger. Look Rested. Look Refreshed.)\" width=\"800\" height=\"450\" src=\"https:\/\/www.youtube.com\/embed\/5JIFJu4EPQI?feature=oembed\" frameborder=\"0\" allow=\"accelerometer; autoplay; clipboard-write; encrypted-media; gyroscope; picture-in-picture; web-share\" referrerpolicy=\"strict-origin-when-cross-origin\" allowfullscreen><\/iframe>\n<\/div><\/figure>\n\n\n\n<h2 class=\"wp-block-heading\">Perch\u00e9 si esegue la chirurgia delle palpebre?<\/h2>\n\n\n\n<p>Questo intervento pu\u00f2 essere scelto per diversi motivi, tra cui i pi\u00f9 comuni sono:<\/p>\n\n\n\n<ul class=\"wp-block-list\">\n<li>Rilassamento della palpebra superiore<\/li>\n\n\n\n<li>Borse e gonfiore sotto gli occhi<\/li>\n\n\n\n<li>Rughe intorno agli occhi<\/li>\n\n\n\n<li>Aspetto stanco e invecchiato<\/li>\n\n\n\n<li>Eccesso di pelle che influisce sul campo visivo<\/li>\n<\/ul>\n\n\n\n<p>Questo intervento aiuta a rendere i tratti del viso pi\u00f9 vivaci ed energici, conferendo un aspetto pi\u00f9 giovane.<\/p>\n\n\n\n<h2 class=\"wp-block-heading\">Come si esegue la chirurgia delle palpebre?<\/h2>\n\n\n<div id=\"rank-math-howto\" class=\"rank-math-block\" >\n<div class=\"rank-math-howto-description\">\n\n<p>L\u2019intervento viene pianificato in base alle esigenze del paziente ed \u00e8 generalmente eseguito in anestesia locale. Durante l\u2019operazione si mira a ottenere risultati sia estetici che funzionali.<\/p>\n\n<\/div>\n<p class=\"rank-math-howto-duration\"><strong>Tempo totale:<\/strong> <span>45 minuti<\/span><\/p>\n<div class=\"rank-math-steps \">\n<div id=\"howto-step-1776247219318\" class=\"rank-math-step\">\n<h3 class=\"rank-math-step-title \">Esame e pianificazione<\/h3>\n<div class=\"rank-math-step-content \"><img loading=\"lazy\" decoding=\"async\" width=\"800\" height=\"533\" src=\"https:\/\/www.turkaesthetic.com\/wp-content\/uploads\/2026\/04\/eyelid-surgery-consultation-preparation.webp\" class=\"attachment-full size-full\" alt=\"g\u00f6z kapa\u011f\u0131 esteti\u011fi \u00f6ncesi muayene ve haz\u0131rl\u0131k a\u015famas\u0131\" srcset=\"https:\/\/www.turkaesthetic.com\/wp-content\/uploads\/2026\/04\/eyelid-surgery-consultation-preparation.webp 800w, https:\/\/www.turkaesthetic.com\/wp-content\/uploads\/2026\/04\/eyelid-surgery-consultation-preparation-400x267.webp 400w, https:\/\/www.turkaesthetic.com\/wp-content\/uploads\/2026\/04\/eyelid-surgery-consultation-preparation-150x100.webp 150w, https:\/\/www.turkaesthetic.com\/wp-content\/uploads\/2026\/04\/eyelid-surgery-consultation-preparation-768x512.webp 768w\" sizes=\"auto, (max-width: 800px) 100vw, 800px\" \/><p>La struttura dell\u2019occhio viene analizzata in dettaglio.<\/p>\n<\/div>\n<\/div>\n<div id=\"howto-step-1776247228411\" class=\"rank-math-step\">\n<h3 class=\"rank-math-step-title \">Applicazione dell\u2019anestesia<\/h3>\n<div class=\"rank-math-step-content \"><img loading=\"lazy\" decoding=\"async\" width=\"800\" height=\"533\" src=\"https:\/\/www.turkaesthetic.com\/wp-content\/uploads\/2026\/04\/eyelid-surgery-anesthesia.webp\" class=\"attachment-full size-full\" alt=\"g\u00f6z kapa\u011f\u0131 esteti\u011fi s\u0131ras\u0131nda lokal anestezi uygulamas\u0131\" srcset=\"https:\/\/www.turkaesthetic.com\/wp-content\/uploads\/2026\/04\/eyelid-surgery-anesthesia.webp 800w, https:\/\/www.turkaesthetic.com\/wp-content\/uploads\/2026\/04\/eyelid-surgery-anesthesia-400x267.webp 400w, https:\/\/www.turkaesthetic.com\/wp-content\/uploads\/2026\/04\/eyelid-surgery-anesthesia-150x100.webp 150w, https:\/\/www.turkaesthetic.com\/wp-content\/uploads\/2026\/04\/eyelid-surgery-anesthesia-768x512.webp 768w\" sizes=\"auto, (max-width: 800px) 100vw, 800px\" \/><p>Di solito viene utilizzata l\u2019anestesia locale.<\/p>\n<\/div>\n<\/div>\n<div id=\"howto-step-1776247245177\" class=\"rank-math-step\">\n<h3 class=\"rank-math-step-title \">Incisione chirurgica<\/h3>\n<div class=\"rank-math-step-content \"><img loading=\"lazy\" decoding=\"async\" width=\"800\" height=\"533\" src=\"https:\/\/www.turkaesthetic.com\/wp-content\/uploads\/2026\/04\/eyelid-surgery-incision.webp\" class=\"attachment-full size-full\" alt=\"g\u00f6z kapa\u011f\u0131 esteti\u011fi cerrahi kesi a\u015famas\u0131\" srcset=\"https:\/\/www.turkaesthetic.com\/wp-content\/uploads\/2026\/04\/eyelid-surgery-incision.webp 800w, https:\/\/www.turkaesthetic.com\/wp-content\/uploads\/2026\/04\/eyelid-surgery-incision-400x267.webp 400w, https:\/\/www.turkaesthetic.com\/wp-content\/uploads\/2026\/04\/eyelid-surgery-incision-150x100.webp 150w, https:\/\/www.turkaesthetic.com\/wp-content\/uploads\/2026\/04\/eyelid-surgery-incision-768x512.webp 768w\" sizes=\"auto, (max-width: 800px) 100vw, 800px\" \/><p>Viene eseguita lungo la piega naturale della palpebra superiore, sotto le ciglia o dall\u2019interno della palpebra inferiore.<\/p>\n<\/div>\n<\/div>\n<div id=\"howto-step-1776247265061\" class=\"rank-math-step\">\n<h3 class=\"rank-math-step-title \">Rimozione di grasso e pelle<\/h3>\n<div class=\"rank-math-step-content \"><img loading=\"lazy\" decoding=\"async\" width=\"800\" height=\"533\" src=\"https:\/\/www.turkaesthetic.com\/wp-content\/uploads\/2026\/04\/eyelid-surgery-fat-skin-adjustment.webp\" class=\"attachment-full size-full\" alt=\"g\u00f6z kapa\u011f\u0131 esteti\u011fi ya\u011f ve deri d\u00fczenleme a\u015famas\u0131\" srcset=\"https:\/\/www.turkaesthetic.com\/wp-content\/uploads\/2026\/04\/eyelid-surgery-fat-skin-adjustment.webp 800w, https:\/\/www.turkaesthetic.com\/wp-content\/uploads\/2026\/04\/eyelid-surgery-fat-skin-adjustment-400x267.webp 400w, https:\/\/www.turkaesthetic.com\/wp-content\/uploads\/2026\/04\/eyelid-surgery-fat-skin-adjustment-150x100.webp 150w, https:\/\/www.turkaesthetic.com\/wp-content\/uploads\/2026\/04\/eyelid-surgery-fat-skin-adjustment-768x512.webp 768w\" sizes=\"auto, (max-width: 800px) 100vw, 800px\" \/><p>I tessuti in eccesso vengono rimossi o rimodellati.<\/p>\n<\/div>\n<\/div>\n<div id=\"howto-step-1776247285904\" class=\"rank-math-step\">\n<h3 class=\"rank-math-step-title \">Chiusura<\/h3>\n<div class=\"rank-math-step-content \"><img loading=\"lazy\" decoding=\"async\" width=\"800\" height=\"533\" src=\"https:\/\/www.turkaesthetic.com\/wp-content\/uploads\/2026\/04\/eyelid-surgery-closure.webp\" class=\"attachment-full size-full\" alt=\"g\u00f6z kapa\u011f\u0131 esteti\u011fi sonras\u0131 estetik diki\u015f kapatma a\u015famas\u0131\" srcset=\"https:\/\/www.turkaesthetic.com\/wp-content\/uploads\/2026\/04\/eyelid-surgery-closure.webp 800w, https:\/\/www.turkaesthetic.com\/wp-content\/uploads\/2026\/04\/eyelid-surgery-closure-400x267.webp 400w, https:\/\/www.turkaesthetic.com\/wp-content\/uploads\/2026\/04\/eyelid-surgery-closure-150x100.webp 150w, https:\/\/www.turkaesthetic.com\/wp-content\/uploads\/2026\/04\/eyelid-surgery-closure-768x512.webp 768w\" sizes=\"auto, (max-width: 800px) 100vw, 800px\" \/><p>L\u2019intervento viene completato con suture estetiche sottili.<\/p>\n<\/div>\n<\/div>\n<\/div>\n<\/div>\n<p class=\"rank-math-howto-estimatedCost\"><strong>Costo stimato:<\/strong> <span>1450 EUR<\/span><\/p>\n\n\n\n\n\n<p>Grazie a questa tecnica, le cicatrici sono generalmente poco visibili e si ottiene un risultato naturale.<\/p>\n\n\n\n<h2 class=\"wp-block-heading\">Quanto dura la chirurgia delle palpebre?<\/h2>\n\n\n\n<p>La chirurgia delle palpebre dura generalmente tra <strong>45 e 90 minuti<\/strong>.<br>La durata pu\u00f2 variare a seconda che l\u2019intervento riguardi solo la palpebra superiore o entrambe le palpebre.<\/p>\n\n\n\n<p>Nella maggior parte dei casi, il paziente pu\u00f2 lasciare la clinica lo stesso giorno e non \u00e8 necessario il ricovero.<\/p>\n\n\n\n<h2 class=\"wp-block-heading\">Periodo di recupero dopo la chirurgia delle palpebre<\/h2>\n\n\n\n<p>Il periodo di recupero dopo l\u2019intervento \u00e8 generalmente rapido e confortevole:<\/p>\n\n\n\n<ul class=\"wp-block-list\">\n<li>Nei primi giorni possono comparire lievi gonfiori e lividi<\/li>\n\n\n\n<li>\u00c8 possibile tornare alla vita quotidiana entro 5\u20137 giorni<\/li>\n\n\n\n<li>I punti vengono rimossi in breve tempo<\/li>\n\n\n\n<li>I segni visibili scompaiono entro 10\u201314 giorni<\/li>\n<\/ul>\n\n\n\n<p>Seguendo le indicazioni del medico, il recupero procede in modo regolare e senza complicazioni.<\/p>\n\n\n\n<h2 class=\"wp-block-heading\">Risultati della chirurgia delle palpebre<\/h2>\n\n\n\n<p>Dopo l\u2019intervento, la zona degli occhi acquisisce un aspetto pi\u00f9 giovane, fresco e dinamico. Il rilassamento della palpebra superiore viene eliminato, mentre le borse sotto gli occhi sono notevolmente ridotte.<\/p>\n\n\n\n<p>I risultati ottenuti sono duraturi nella maggior parte dei casi e contribuiscono a migliorare i tratti del viso in modo naturale. Quando viene applicata la tecnica corretta, non rimangono segni visibili dell\u2019intervento dall\u2019esterno.<\/p>\n\n\n\n<figure class=\"wp-block-image size-large\"><img loading=\"lazy\" decoding=\"async\" width=\"800\" height=\"533\" src=\"https:\/\/www.turkaesthetic.com\/wp-content\/uploads\/2026\/04\/lower-eyelid-surgery-before-after-800x533.webp\" alt=\"chirurgia delle palpebre inferiori prima e dopo rimozione delle borse sotto gli occhi\" class=\"wp-image-73491\" srcset=\"https:\/\/www.turkaesthetic.com\/wp-content\/uploads\/2026\/04\/lower-eyelid-surgery-before-after-800x533.webp 800w, https:\/\/www.turkaesthetic.com\/wp-content\/uploads\/2026\/04\/lower-eyelid-surgery-before-after-400x267.webp 400w, https:\/\/www.turkaesthetic.com\/wp-content\/uploads\/2026\/04\/lower-eyelid-surgery-before-after-150x100.webp 150w, https:\/\/www.turkaesthetic.com\/wp-content\/uploads\/2026\/04\/lower-eyelid-surgery-before-after-768x512.webp 768w, https:\/\/www.turkaesthetic.com\/wp-content\/uploads\/2026\/04\/lower-eyelid-surgery-before-after.webp 1200w\" sizes=\"auto, (max-width: 800px) 100vw, 800px\" \/><figcaption class=\"wp-element-caption\">La rimozione delle borse sotto gli occhi dona un aspetto pi\u00f9 riposato e fresco<\/figcaption><\/figure>\n\n\n\n<h2 class=\"wp-block-heading\">La chirurgia delle palpebre \u00e8 sicura?<\/h2>\n\n\n\n<p>Questo intervento \u00e8 considerato sicuro quando viene eseguito da specialisti esperti utilizzando tecniche moderne. Viene effettuato in centri medici avanzati, contribuendo a risultati estetici e funzionali di successo.<\/p>\n\n\n\n<p>Grazie a tecnologie avanzate, una pianificazione precisa e un approccio personalizzato per ogni paziente, \u00e8 possibile ottenere un aspetto naturale ed equilibrato dopo la chirurgia delle palpebre.<\/p>\n\n\n\n<p>Per ottenere maggiori informazioni, \u00e8 possibile consultare le pagine sulla chirurgia delle palpebre in Turchia e sui costi della chirurgia delle palpebre.<\/p>\n\n\n\n<h2 class=\"wp-block-heading\">Domande frequenti<\/h2>\n\n\n<div id=\"rank-math-faq\" class=\"rank-math-block\">\n<div class=\"rank-math-list \">\n<div id=\"faq-question-1776176709554\" class=\"rank-math-list-item\">\n<h3 class=\"rank-math-question \">I risultati della chirurgia delle palpebre sono permanenti?<\/h3>\n<div class=\"rank-math-answer \">\n\n<p>I risultati durano molti anni, anche se possono verificarsi lievi cambiamenti con il naturale processo di invecchiamento.<\/p>\n\n<\/div>\n<\/div>\n<div id=\"faq-question-1776176735169\" class=\"rank-math-list-item\">\n<h3 class=\"rank-math-question \">Rimarranno cicatrici dopo l\u2019intervento?<\/h3>\n<div class=\"rank-math-answer \">\n\n<p>Le incisioni sono nascoste nelle pieghe naturali delle palpebre, quindi le cicatrici sono generalmente poco visibili.<\/p>\n\n<\/div>\n<\/div>\n<div id=\"faq-question-1776176745219\" class=\"rank-math-list-item\">\n<h3 class=\"rank-math-question \">L\u2019intervento \u00e8 doloroso?<\/h3>\n<div class=\"rank-math-answer \">\n\n<p>L\u2019intervento viene solitamente eseguito in anestesia locale, quindi non si avverte dolore durante l\u2019operazione, anche se pu\u00f2 esserci un lieve fastidio successivamente.<\/p>\n\n<\/div>\n<\/div>\n<div id=\"faq-question-1776176755152\" class=\"rank-math-list-item\">\n<h3 class=\"rank-math-question \">Chi sono i candidati adatti all\u2019intervento?<\/h3>\n<div class=\"rank-math-answer \">\n\n<p>Le persone che soffrono di palpebre cadenti, borse o aspetto stanco sono considerate candidati idonei.<\/p>\n\n<\/div>\n<\/div>\n<div id=\"faq-question-1776176765452\" class=\"rank-math-list-item\">\n<h3 class=\"rank-math-question \">Quando sono visibili i risultati?<\/h3>\n<div class=\"rank-math-answer \">\n\n<p>I primi risultati possono essere notati in breve tempo, mentre i risultati finali appaiono dopo alcune settimane.<\/p>\n\n<\/div>\n<\/div>\n<\/div>\n<\/div>\n\n\n<p>Per informazioni dettagliate sull\u2019intervento e per conoscere il piano di trattamento pi\u00f9 adatto, potete <a href=\"https:\/\/www.turkaesthetic.com\/it\/contact-us\/\">contattarci<\/a> oppure <a href=\"https:\/\/wa.me\/908503046000\" target=\"_blank\" rel=\"noreferrer noopener\">scriverci su WhatsApp<\/a>.<\/p>\n","protected":false},"excerpt":{"rendered":"<p>La chirurgia delle palpebre (blefaroplastica) \u00e8 considerata uno degli interventi estetici pi\u00f9 comuni, poich\u00e9 influisce direttamente sulle espressioni del viso. Con il tempo, il rilassamento cutaneo, le borse sotto gli occhi e un aspetto stanco possono far apparire una persona pi\u00f9 anziana di quanto sia realmente. In alcuni casi, questa condizione pu\u00f2 anche influire sul [&hellip;]<\/p>\n","protected":false},"author":1,"featured_media":73505,"parent":0,"menu_order":0,"comment_status":"closed","ping_status":"closed","template":"","meta":{"footnotes":""},"dep":[1354],"class_list":["post-73582","page","type-page","status-publish","has-post-thumbnail","hentry","dep-plastic-surgeries"],"_links":{"self":[{"href":"https:\/\/www.turkaesthetic.com\/it\/wp-json\/wp\/v2\/pages\/73582","targetHints":{"allow":["GET"]}}],"collection":[{"href":"https:\/\/www.turkaesthetic.com\/it\/wp-json\/wp\/v2\/pages"}],"about":[{"href":"https:\/\/www.turkaesthetic.com\/it\/wp-json\/wp\/v2\/types\/page"}],"author":[{"embeddable":true,"href":"https:\/\/www.turkaesthetic.com\/it\/wp-json\/wp\/v2\/users\/1"}],"replies":[{"embeddable":true,"href":"https:\/\/www.turkaesthetic.com\/it\/wp-json\/wp\/v2\/comments?post=73582"}],"version-history":[{"count":2,"href":"https:\/\/www.turkaesthetic.com\/it\/wp-json\/wp\/v2\/pages\/73582\/revisions"}],"predecessor-version":[{"id":73584,"href":"https:\/\/www.turkaesthetic.com\/it\/wp-json\/wp\/v2\/pages\/73582\/revisions\/73584"}],"wp:featuredmedia":[{"embeddable":true,"href":"https:\/\/www.turkaesthetic.com\/it\/wp-json\/wp\/v2\/media\/73505"}],"wp:attachment":[{"href":"https:\/\/www.turkaesthetic.com\/it\/wp-json\/wp\/v2\/media?parent=73582"}],"wp:term":[{"taxonomy":"dep","embeddable":true,"href":"https:\/\/www.turkaesthetic.com\/it\/wp-json\/wp\/v2\/dep?post=73582"}],"curies":[{"name":"wp","href":"https:\/\/api.w.org\/{rel}","templated":true}]}}