{"id":65704,"date":"2025-08-25T13:42:49","date_gmt":"2025-08-25T10:42:49","guid":{"rendered":"https:\/\/www.turkaesthetic.com\/?page_id=65704"},"modified":"2025-08-27T13:38:39","modified_gmt":"2025-08-27T10:38:39","slug":"e-max","status":"publish","type":"page","link":"https:\/\/www.turkaesthetic.com\/it\/e-max\/","title":{"rendered":"Faccette Dentali E Max"},"content":{"rendered":"\n<p>Le <strong>Faccette dentali E max <\/strong>si distinguono come una delle soluzioni pi\u00f9 moderne ed estetiche nell&#8217;ambito dell&#8217;estetica dentale. Questo metodo, particolarmente apprezzato da chi desidera un aspetto naturale per i denti anteriori, \u00e8 realizzato in vetroceramica al disilicato di litio. Grazie alla sua resistenza e alla trasmissione della luce, offre risultati molto simili ai denti naturali. Oggi sta rapidamente guadagnando popolarit\u00e0 in odontoiatria a livello mondiale, poich\u00e9 soddisfa sia le aspettative estetiche che funzionali.<\/p>\n\n\n\n<h2 class=\"wp-block-heading\">Cos&#8217;\u00e8 la faccetta E Max?<\/h2>\n\n\n\n<p>Una faccette dentali E Max \u00e8 un materiale molto pi\u00f9 sottile, pi\u00f9 traslucido e pi\u00f9 resistente rispetto alle tradizionali faccette in porcellana. Poich\u00e9 riflette la luce come un dente naturale, offre risultati estetici impeccabili, soprattutto sui denti anteriori. Grazie alla sua perfetta corrispondenza cromatica, garantisce un&#8217;armonia completamente naturale con i denti del paziente. Inoltre, a differenza delle faccette con supporto metallico, non crea riflessi grigi sul bordo gengivale.<\/p>\n\n\n\n<figure class=\"wp-block-embed is-type-video is-provider-youtube wp-block-embed-youtube wp-embed-aspect-16-9 wp-has-aspect-ratio\"><div class=\"wp-block-embed__wrapper\">\n<iframe loading=\"lazy\" title=\"Dental Veneers - Turk Aesthetic\" width=\"800\" height=\"450\" src=\"https:\/\/www.youtube.com\/embed\/03FDckdC-Ew?list=PLcqCyZU2kPzX40Ehz1mZX0ph89SD7Wz6v\" frameborder=\"0\" allow=\"accelerometer; autoplay; clipboard-write; encrypted-media; gyroscope; picture-in-picture; web-share\" referrerpolicy=\"strict-origin-when-cross-origin\" allowfullscreen><\/iframe>\n<\/div><figcaption class=\"wp-element-caption\">Faccette Dentali E Max<\/figcaption><\/figure>\n\n\n\n<h3 class=\"wp-block-heading\">Perch\u00e9 scegliere le faccette E Max?<\/h3>\n\n\n\n<p>I motivi principali per cui i pazienti preferiscono E-Max sono:<\/p>\n\n\n\n<ul class=\"wp-block-list\">\n<li>Aspetto naturale: offre una trasmissione luminosa molto simile a quella dei denti naturali.<\/li>\n\n\n\n<li>Durata: nonostante sia sottile, \u00e8 molto resistente e pu\u00f2 durare per molti anni.<\/li>\n\n\n\n<li>Senza metallo: nessun rischio di allergie, altamente compatibile con le gengive.<\/li>\n\n\n\n<li>Riduzione minima: richiede una rimozione minima della struttura dentale naturale.<\/li>\n\n\n\n<li>Stabilit\u00e0 del colore: non si macchia n\u00e9 scolorisce nel tempo.<\/li>\n<\/ul>\n\n\n\n<h4 class=\"wp-block-heading\">Per chi \u00e8 adatto?<\/h4>\n\n\n\n<p>Le Faccette Dentali E Max sono una delle soluzioni migliori per chi cerca un&#8217;estetica ottimale per i denti anteriori. Sono spesso preferite nei seguenti casi:<\/p>\n\n\n\n<ul class=\"wp-block-list\">\n<li>Scolorimento permanente dei denti.<\/li>\n\n\n\n<li>Denti anteriori rotti, incrinati o deformi.<\/li>\n\n\n\n<li>Problemi di diastema (spazi tra i denti).<\/li>\n\n\n\n<li>Chi desidera un sorriso pi\u00f9 bianco e simmetrico.<\/li>\n\n\n\n<li>Pazienti allergici alle faccette con supporto metallico.<\/li>\n\n\n\n<li>Tuttavia, E-Max potrebbe non essere sempre adatto per i denti posteriori sottoposti a forti pressioni masticatorie. In questi casi, la valutazione del dentista \u00e8 fondamentale.<\/li>\n<\/ul>\n\n\n\n<h2 class=\"wp-block-heading\">Come vengono applicate le Faccette Dentali E Max?<\/h2>\n\n\n<div id=\"rank-math-howto\" class=\"rank-math-block\" >\n<div class=\"rank-math-howto-description\">\n\n<p>Sebbene il processo di trattamento possa variare a seconda delle esigenze del paziente, generalmente prevede le seguenti fasi:<\/p>\n\n<\/div>\n<p class=\"rank-math-howto-duration\"><strong>Tempo totale:<\/strong> <span>5 giorni<\/span><\/p>\n<div class=\"rank-math-steps \">\n<div id=\"howto-step-1756118023023\" class=\"rank-math-step\">\n<h3 class=\"rank-math-step-title \">Visita e pianificazione:<\/h3>\n<div class=\"rank-math-step-content \"><p>Il dentista esamina i denti e determina le aspettative estetiche. Se necessario, viene creato un design digitale del sorriso.<\/p>\n<\/div>\n<\/div>\n<div id=\"howto-step-1756125440561\" class=\"rank-math-step\">\n<h3 class=\"rank-math-step-title \">Preparazione del dente:<\/h3>\n<div class=\"rank-math-step-content \"><p>Una quantit\u00e0 minima di smalto viene rimossa dalla superficie del dente per garantire il corretto posizionamento della faccetta.<\/p>\n<\/div>\n<\/div>\n<div id=\"howto-step-1756125445127\" class=\"rank-math-step\">\n<h3 class=\"rank-math-step-title \">Presa dell&#8217;impronta:<\/h3>\n<div class=\"rank-math-step-content \"><p>Le misure dei denti vengono prese utilizzando uno scanner digitale o i metodi di impronta tradizionali.<\/p>\n<\/div>\n<\/div>\n<div id=\"howto-step-1756125450899\" class=\"rank-math-step\">\n<h3 class=\"rank-math-step-title \">Applicazione permanente:<\/h3>\n<div class=\"rank-math-step-content \"><p>Le faccette E-Max vengono fissate ai denti con adesivi speciali. L&#8217;intero processo viene solitamente completato entro 5-7 giorni.<\/p>\n<\/div>\n<\/div>\n<\/div>\n<\/div>\n<p class=\"rank-math-howto-estimatedCost\"><strong>Costo stimato:<\/strong> <span>190 Euro<\/span><\/p>\n\n\n\n\n\n<h4 class=\"wp-block-heading\">Vantaggi<\/h4>\n\n\n\n<ul class=\"wp-block-list\">\n<li>Offrono il risultato estetico pi\u00f9 naturale.<\/li>\n\n\n\n<li>Di lunga durata, possono essere utilizzate fino a 15 anni senza problemi.<\/li>\n\n\n\n<li>Rispettose delle gengive e biocompatibili.<\/li>\n\n\n\n<li>Non causano ingiallimento o scolorimento.<\/li>\n\n\n\n<li>Una delle soluzioni pi\u00f9 apprezzate nel design del sorriso.<\/li>\n<\/ul>\n\n\n\n<h5 class=\"wp-block-heading\">Prima e dopo le Faccette Dentali E Max<\/h5>\n\n\n\n<p>Prima delle faccette E-Max, i pazienti potrebbero presentare discromie, spazi vuoti o forme irregolari. Dopo il trattamento:<\/p>\n\n\n\n<ul class=\"wp-block-list\">\n<li>Si ottengono denti pi\u00f9 bianchi, pi\u00f9 estetici e dall&#8217;aspetto naturale.<\/li>\n\n\n\n<li>L&#8217;espressione del viso diventa pi\u00f9 giovane ed equilibrata.<\/li>\n\n\n\n<li><a href=\"https:\/\/www.turkaesthetic.com\/it\/hollywood-smile\/\" target=\"_blank\" data-type=\"page\" data-id=\"21768\" rel=\"noreferrer noopener\">L&#8217;estetica del sorriso<\/a> migliora significativamente.<\/li>\n\n\n\n<li>L&#8217;autostima del paziente aumenta.<\/li>\n<\/ul>\n\n\n<style>.kb-gallery-id-65704_f47518-0f .kadence-blocks-gallery-item .kb-gal-image-radius, .kb-gallery-id-65704_f47518-0f .kb-slide-item .kb-gal-image-radius img{border-radius:0px 0px 0px 0px;;}.kb-gallery-wrap-id-65704_f47518-0f.wp-block-kadence-advancedgallery{overflow:visible;}.kb-gallery-wrap-id-65704_f47518-0f.wp-block-kadence-advancedgallery .kt-blocks-carousel{overflow:visible;}<\/style><div class=\"kb-gallery-wrap-id-65704_f47518-0f alignnone wp-block-kadence-advancedgallery\"><div class=\"kb-gallery-ul kb-gallery-non-static kb-gallery-type-slider kb-gallery-id-65704_f47518-0f kb-gallery-caption-style-bottom-hover kb-gallery-filter-none\" data-image-filter=\"none\" data-lightbox-caption=\"true\"><div class=\"kt-blocks-carousel splide kt-carousel-container-dotstyle-dark kt-carousel-arrowstyle-whiteondark kt-carousel-dotstyle-dark kb-slider-group-arrow kb-slider-arrow-position-center\" data-slider-anim-speed=\"400\" data-slider-scroll=\"1\" data-slider-arrows=\"true\" data-slider-fade=\"true\" data-slider-dots=\"true\" data-slider-type=\"slider\" data-slider-hover-pause=\"false\" data-slider-auto=\"\" data-slider-speed=\"7000\" data-show-pause-button=\"false\"><div class=\"splide__track\"><ul class=\"kt-blocks-carousel-init kb-blocks-slider splide__list\"><li class=\"kb-slide-item kb-gallery-slide-item splide__slide\"><div class=\"kadence-blocks-gallery-item\"><div class=\"kadence-blocks-gallery-item-inner\"><figure class=\"kb-gallery-figure kadence-blocks-gallery-item-hide-caption\"><div class=\"kb-gal-image-radius\"><div class=\"kb-gallery-image-contain kadence-blocks-gallery-intrinsic kb-gallery-image-ratio-land32 kb-has-image-ratio-land32\" ><img loading=\"lazy\" decoding=\"async\" src=\"https:\/\/www.turkaesthetic.com\/wp-content\/uploads\/2023\/12\/Hollywood-smile-before-after-8.webp\" width=\"1200\" height=\"800\" alt=\"emax kaplama \u00f6ncesi ve sonras\u0131\" data-full-image=\"https:\/\/www.turkaesthetic.com\/wp-content\/uploads\/2023\/12\/Hollywood-smile-before-after-8.webp\" data-light-image=\"https:\/\/www.turkaesthetic.com\/wp-content\/uploads\/2023\/12\/Hollywood-smile-before-after-8.webp\" data-id=\"49486\" class=\"wp-image-49486 skip-lazy\"\/><\/div><\/div><\/figure><\/div><\/div><\/li><li class=\"kb-slide-item kb-gallery-slide-item splide__slide\"><div class=\"kadence-blocks-gallery-item\"><div class=\"kadence-blocks-gallery-item-inner\"><figure class=\"kb-gallery-figure kadence-blocks-gallery-item-hide-caption\"><div class=\"kb-gal-image-radius\"><div class=\"kb-gallery-image-contain kadence-blocks-gallery-intrinsic kb-gallery-image-ratio-land32 kb-has-image-ratio-land32\" ><img loading=\"lazy\" decoding=\"async\" src=\"https:\/\/www.turkaesthetic.com\/wp-content\/uploads\/2023\/12\/Hollywood-smile-before-after-9.webp\" width=\"1200\" height=\"800\" alt=\"emax kaplama \u00f6ncesi ve sonras\u0131\" data-full-image=\"https:\/\/www.turkaesthetic.com\/wp-content\/uploads\/2023\/12\/Hollywood-smile-before-after-9.webp\" data-light-image=\"https:\/\/www.turkaesthetic.com\/wp-content\/uploads\/2023\/12\/Hollywood-smile-before-after-9.webp\" data-id=\"49495\" class=\"wp-image-49495 skip-lazy\"\/><\/div><\/div><\/figure><\/div><\/div><\/li><li class=\"kb-slide-item kb-gallery-slide-item splide__slide\"><div class=\"kadence-blocks-gallery-item\"><div class=\"kadence-blocks-gallery-item-inner\"><figure class=\"kb-gallery-figure kadence-blocks-gallery-item-hide-caption\"><div class=\"kb-gal-image-radius\"><div class=\"kb-gallery-image-contain kadence-blocks-gallery-intrinsic kb-gallery-image-ratio-land32 kb-has-image-ratio-land32\" ><img loading=\"lazy\" decoding=\"async\" src=\"https:\/\/www.turkaesthetic.com\/wp-content\/uploads\/2023\/12\/Hollywood-smile-before-after-10.webp\" width=\"1200\" height=\"800\" alt=\"emax kaplama \u00f6ncesi ve sonras\u0131\" data-full-image=\"https:\/\/www.turkaesthetic.com\/wp-content\/uploads\/2023\/12\/Hollywood-smile-before-after-10.webp\" data-light-image=\"https:\/\/www.turkaesthetic.com\/wp-content\/uploads\/2023\/12\/Hollywood-smile-before-after-10.webp\" data-id=\"49504\" class=\"wp-image-49504 skip-lazy\"\/><\/div><\/div><\/figure><\/div><\/div><\/li><li class=\"kb-slide-item kb-gallery-slide-item splide__slide\"><div class=\"kadence-blocks-gallery-item\"><div class=\"kadence-blocks-gallery-item-inner\"><figure class=\"kb-gallery-figure kadence-blocks-gallery-item-hide-caption\"><div class=\"kb-gal-image-radius\"><div class=\"kb-gallery-image-contain kadence-blocks-gallery-intrinsic kb-gallery-image-ratio-land32 kb-has-image-ratio-land32\" ><img loading=\"lazy\" decoding=\"async\" src=\"https:\/\/www.turkaesthetic.com\/wp-content\/uploads\/2023\/12\/Hollywood-smile-before-after-11.webp\" width=\"1200\" height=\"800\" alt=\"emax kaplama \u00f6ncesi ve sonras\u0131\" data-full-image=\"https:\/\/www.turkaesthetic.com\/wp-content\/uploads\/2023\/12\/Hollywood-smile-before-after-11.webp\" data-light-image=\"https:\/\/www.turkaesthetic.com\/wp-content\/uploads\/2023\/12\/Hollywood-smile-before-after-11.webp\" data-id=\"49513\" class=\"wp-image-49513 skip-lazy\"\/><\/div><\/div><\/figure><\/div><\/div><\/li><\/ul><\/div><\/div><\/div><\/div>\n\n\n<h3 class=\"wp-block-heading\">Come prendersi cura delle Faccette Dentali E Max?<\/h3>\n\n\n\n<p>Le faccette E-Max non richiedono particolari cure extra. Con lo spazzolamento quotidiano dei denti, l&#8217;uso del filo interdentale e controlli dentistici regolari, possono essere utilizzate per molti anni senza problemi.<br>Evitare l&#8217;abitudine di rompere cibi ruvidi con i denti contribuisce anche a prolungare la durata delle faccette.<\/p>\n\n\n\n<h4 class=\"wp-block-heading\">Costo delle Faccette Dentali E Max<\/h4>\n\n\n\n<p>I prezzi variano a seconda del materiale utilizzato, dell&#8217;esperienza del dentista e della sede della clinica. In generale, le faccette E-Max sono leggermente pi\u00f9 costose delle faccette in porcellana e zirconio. Tuttavia, considerando i loro risultati estetici e duraturi, la maggior parte dei pazienti le ritiene un investimento valido.<\/p>\n\n\n\n<p>Presso Turk Aesthetic, il prezzo di una faccetta E-Max \u00e8 di 190 \u20ac a dente.<\/p>\n\n\n\n<h2 class=\"wp-block-heading\">FAQ \u2013 Faccette Dentali E Max<\/h2>\n\n\n<div id=\"rank-math-faq\" class=\"rank-math-block\">\n<div class=\"rank-math-list \">\n<div id=\"faq-question-1756118181771\" class=\"rank-math-list-item\">\n<h3 class=\"rank-math-question \">Le faccette E Max sono durevoli?<\/h3>\n<div class=\"rank-math-answer \">\n\n<p>S\u00ec, se applicate correttamente e mantenute con cura regolare, durano per molti anni.<\/p>\n\n<\/div>\n<\/div>\n<div id=\"faq-question-1756125543157\" class=\"rank-math-list-item\">\n<h3 class=\"rank-math-question \">Quanti giorni dura il trattamento?<\/h3>\n<div class=\"rank-math-answer \">\n\n<p>Solitamente completato entro 5-7 giorni.<\/p>\n\n<\/div>\n<\/div>\n<div id=\"faq-question-1756125547086\" class=\"rank-math-list-item\">\n<h3 class=\"rank-math-question \">Aspetto naturale?<\/h3>\n<div class=\"rank-math-answer \">\n\n<p>S\u00ec, grazie alla loro trasmissione luminosa, offrono l&#8217;aspetto pi\u00f9 naturale possibile, il pi\u00f9 vicino possibile ai denti veri.<\/p>\n\n<\/div>\n<\/div>\n<div id=\"faq-question-1756125552993\" class=\"rank-math-list-item\">\n<h3 class=\"rank-math-question \">Cambiano colore nel tempo?<\/h3>\n<div class=\"rank-math-answer \">\n\n<p>No, con la cura adeguata, il loro colore rimane stabile.<\/p>\n\n<\/div>\n<\/div>\n<div id=\"faq-question-1756125557307\" class=\"rank-math-list-item\">\n<h3 class=\"rank-math-question \">Possono essere applicate su tutti i denti?<\/h3>\n<div class=\"rank-math-answer \">\n\n<p>Sono preferite principalmente per i denti anteriori. Per i denti posteriori, \u00e8 necessaria la valutazione del dentista.<\/p>\n\n<\/div>\n<\/div>\n<\/div>\n<\/div>\n\n\n<p><strong>Conclusione<\/strong><\/p>\n\n\n\n<p>Le faccette E Max sono una delle tipologie di faccette pi\u00f9 avanzate, soddisfacendo sia le aspettative estetiche che funzionali. Grazie alla loro trasmissione luminosa naturale, alla loro durata e alla loro biocompatibilit\u00e0, si distinguono come un&#8217;opzione eccellente. Sono particolarmente ideali per chi desidera denti anteriori naturali, bianchi e simmetrici per un sorriso perfetto.<br><br>Infine, per maggiori informazioni o per richiedere un preventivo, potete&nbsp;<a href=\"https:\/\/www.turkaesthetic.com\/it\/contact-us\/\" target=\"_blank\" rel=\"noreferrer noopener\">contattare<\/a>&nbsp;<a href=\"https:\/\/www.youtube.com\/channel\/UC0zggzdm5CFwpRMmn_CPpFQ\" target=\"_blank\" rel=\"noreferrer noopener\">Turk Aesthetic<\/a>&nbsp;a Istanbul, in Turchia, tramite i loro canali ufficiali.<br><\/p>\n","protected":false},"excerpt":{"rendered":"<p>Le Faccette dentali E max si distinguono come una delle soluzioni pi\u00f9 moderne ed estetiche nell&#8217;ambito dell&#8217;estetica dentale. Questo metodo, particolarmente apprezzato da chi desidera un aspetto naturale per i denti anteriori, \u00e8 realizzato in vetroceramica al disilicato di litio. Grazie alla sua resistenza e alla trasmissione della luce, offre risultati molto simili ai denti [&hellip;]<\/p>\n","protected":false},"author":4,"featured_media":65676,"parent":0,"menu_order":0,"comment_status":"closed","ping_status":"closed","template":"","meta":{"footnotes":""},"dep":[1356],"class_list":["post-65704","page","type-page","status-publish","has-post-thumbnail","hentry","dep-cosmetic-dentistry"],"_links":{"self":[{"href":"https:\/\/www.turkaesthetic.com\/it\/wp-json\/wp\/v2\/pages\/65704","targetHints":{"allow":["GET"]}}],"collection":[{"href":"https:\/\/www.turkaesthetic.com\/it\/wp-json\/wp\/v2\/pages"}],"about":[{"href":"https:\/\/www.turkaesthetic.com\/it\/wp-json\/wp\/v2\/types\/page"}],"author":[{"embeddable":true,"href":"https:\/\/www.turkaesthetic.com\/it\/wp-json\/wp\/v2\/users\/4"}],"replies":[{"embeddable":true,"href":"https:\/\/www.turkaesthetic.com\/it\/wp-json\/wp\/v2\/comments?post=65704"}],"version-history":[{"count":0,"href":"https:\/\/www.turkaesthetic.com\/it\/wp-json\/wp\/v2\/pages\/65704\/revisions"}],"wp:featuredmedia":[{"embeddable":true,"href":"https:\/\/www.turkaesthetic.com\/it\/wp-json\/wp\/v2\/media\/65676"}],"wp:attachment":[{"href":"https:\/\/www.turkaesthetic.com\/it\/wp-json\/wp\/v2\/media?parent=65704"}],"wp:term":[{"taxonomy":"dep","embeddable":true,"href":"https:\/\/www.turkaesthetic.com\/it\/wp-json\/wp\/v2\/dep?post=65704"}],"curies":[{"name":"wp","href":"https:\/\/api.w.org\/{rel}","templated":true}]}}