{"id":65101,"date":"2025-07-31T16:00:24","date_gmt":"2025-07-31T13:00:24","guid":{"rendered":"https:\/\/www.turkaesthetic.com\/?page_id=65101"},"modified":"2025-09-17T12:03:32","modified_gmt":"2025-09-17T09:03:32","slug":"dental-bridge","status":"publish","type":"page","link":"https:\/\/www.turkaesthetic.com\/it\/dental-bridge\/","title":{"rendered":"Ponte Dentale"},"content":{"rendered":"\n<p>Un <strong>ponte dentale <\/strong>\u00e8 un metodo protesico fisso utilizzato per sostituire uno o pi\u00f9 denti mancanti, sfruttando il supporto dei denti adiacenti. Se applicato correttamente, ripristina sia la funzione masticatoria che l&#8217;aspetto estetico. Per le persone che hanno subito la perdita di denti, rappresenta una delle alternative pi\u00f9 comuni ed economiche agli impianti.<\/p>\n\n\n\n<figure class=\"wp-block-embed is-type-video is-provider-youtube wp-block-embed-youtube wp-embed-aspect-16-9 wp-has-aspect-ratio\"><div class=\"wp-block-embed__wrapper\">\n<iframe loading=\"lazy\" title=\"Dental Bridge - Turk Aesthetic\" width=\"800\" height=\"450\" src=\"https:\/\/www.youtube.com\/embed\/ckjgB178zvU?feature=oembed\" frameborder=\"0\" allow=\"accelerometer; autoplay; clipboard-write; encrypted-media; gyroscope; picture-in-picture; web-share\" referrerpolicy=\"strict-origin-when-cross-origin\" allowfullscreen><\/iframe>\n<\/div><figcaption class=\"wp-element-caption\">Ponte Dentale<\/figcaption><\/figure>\n\n\n\n<h2 class=\"wp-block-heading\">Come si realizza un ponte dentale?<\/h2>\n\n\n<div id=\"rank-math-howto\" class=\"rank-math-block\" >\n<div class=\"rank-math-howto-description\">\n\n<p>L&#8217;obiettivo del trattamento con ponte \u00e8 quello di riempire lo spazio lasciato da un dente mancante utilizzando i denti sani su entrambi i lati come supporto. Le fasi del trattamento sono le seguenti:<\/p>\n\n<\/div>\n<p class=\"rank-math-howto-duration\"><strong>Tempo totale:<\/strong> <span>3 giorni<\/span><\/p>\n<div class=\"rank-math-steps \">\n<div id=\"howto-step-1753965018487\" class=\"rank-math-step\">\n<h3 class=\"rank-math-step-title \">Visita e pianificazione<\/h3>\n<div class=\"rank-math-step-content \"><p>Si valuta il numero di denti mancanti e le condizioni dei denti adiacenti.<\/p>\n<\/div>\n<\/div>\n<div id=\"howto-step-1754310351434\" class=\"rank-math-step\">\n<h3 class=\"rank-math-step-title \">Preparazione dei denti di supporto<\/h3>\n<div class=\"rank-math-step-content \"><p>I denti che sosterranno il ponte vengono ridotti di dimensioni per renderli adatti alle corone.<\/p>\n<\/div>\n<\/div>\n<div id=\"howto-step-1754310371116\" class=\"rank-math-step\">\n<h3 class=\"rank-math-step-title \">Presa dell&#8217;impronta<\/h3>\n<div class=\"rank-math-step-content \"><p>Viene presa un&#8217;impronta dei denti con metodi digitali o tradizionali.<\/p>\n<\/div>\n<\/div>\n<div id=\"howto-step-1754310376788\" class=\"rank-math-step\">\n<h3 class=\"rank-math-step-title \">Ponte provvisorio<\/h3>\n<div class=\"rank-math-step-content \"><p>Viene posizionata una protesi provvisoria per proteggere i denti fino a quando il ponte definitivo non \u00e8 pronto.<\/p>\n<\/div>\n<\/div>\n<div id=\"howto-step-1754310382076\" class=\"rank-math-step\">\n<h3 class=\"rank-math-step-title \">Posizionamento del ponte<\/h3>\n<div class=\"rank-math-step-content \"><p>Il ponte preparato viene fissato ai denti di supporto utilizzando adesivi speciali.<\/p>\n<\/div>\n<\/div>\n<\/div>\n<\/div>\n<p class=\"rank-math-howto-estimatedCost\"><strong>Costo stimato:<\/strong> <span>130 Euro<\/span><\/p>\n\n\n\n\n\n<hr class=\"wp-block-separator has-alpha-channel-opacity\"\/>\n\n\n\n<h3 class=\"wp-block-heading\">Per chi \u00e8 adatto un ponte dentale?<\/h3>\n\n\n\n<ul class=\"wp-block-list\">\n<li>Soggetti con uno o pi\u00f9 denti mancanti.<\/li>\n\n\n\n<li>Soggetti senza un supporto osseo sufficiente per gli impianti dentali.<\/li>\n\n\n\n<li>Pazienti che cercano una soluzione economica e rapida.<\/li>\n\n\n\n<li>Soggetti che hanno subito una perdita funzionale dopo l&#8217;estrazione di un dente.<\/li>\n\n\n\n<li>Tuttavia, i denti di supporto devono essere sani. In caso di malattie gengivali o carie gravi, questi problemi devono essere trattati prima di posizionare il ponte.<\/li>\n<\/ul>\n\n\n\n<h3 class=\"wp-block-heading\">Tipi di ponti dentali e confronti<\/h3>\n\n\n\n<p><strong>Ponte dentale tradizionale:<br><\/strong>Questo \u00e8 il tipo pi\u00f9 comunemente utilizzato. I denti su entrambi i lati del dente mancante vengono ridotti e viene applicato un ponte fisso a tre elementi.<br><strong>Ponte dentale in <a href=\"https:\/\/www.turkaesthetic.com\/it\/zirconium-crown\/\" data-type=\"page\" data-id=\"50749\" target=\"_blank\" rel=\"noreferrer noopener\">zirconio<\/a>:<br><\/strong>Offre il risultato estetico pi\u00f9 naturale. Non contiene metallo, \u00e8 biocompatibile e ha un&#8217;elevata trasmissione luminosa.<br><strong>Ponte <a href=\"https:\/\/www.turkaesthetic.com\/it\/dental-crowns\/\" data-type=\"page\" data-id=\"64487\" target=\"_blank\" rel=\"noreferrer noopener\">E-Max<\/a>:<br><\/strong>Solitamente preferito nella regione anteriore. Realizzato in vetroceramica che si adatta perfettamente al dente naturale.<br><strong>Ponte Maryland (ad alette):<br><\/strong>Applicato con un intervento minimo sui denti di supporto. Spesso utilizzato per soluzioni temporanee o in pazienti pi\u00f9 giovani. Ponte supportato da impianti:<br>Un impianto viene inserito nell&#8217;area del dente mancante e il ponte viene fissato sugli impianti. I denti adiacenti rimangono intatti<\/p>\n\n\n\n<hr class=\"wp-block-separator has-alpha-channel-opacity\"\/>\n\n\n\n<h3 class=\"wp-block-heading\">Istruzioni prima e dopo il ponte dentale:<\/h3>\n\n\n\n<p><strong>Prima della procedura:<\/strong><\/p>\n\n\n\n<ul class=\"wp-block-list\">\n<li>\u00c8 necessario controllare la salute delle gengive.<\/li>\n\n\n\n<li>Qualsiasi carie o infezione nei denti di supporto deve essere trattata.<\/li>\n\n\n\n<li>\u00c8 necessario eseguire una radiografia dentale per analizzare l&#8217;osso e i tessuti circostanti<\/li>\n<\/ul>\n\n\n\n<p><strong>Dopo la procedura:<\/strong><\/p>\n\n\n\n<ul class=\"wp-block-list\">\n<li>Evitare cibi eccessivamente duri.<\/li>\n\n\n\n<li>Pulire regolarmente l&#8217;area intorno al ponte con spazzolino e filo interdentale.<\/li>\n\n\n\n<li>Non saltare i controlli regolari ogni 6 mesi.<\/li>\n<\/ul>\n\n\n\n<h3 class=\"wp-block-heading\">Ponti dentali prima e dopo<\/h3>\n\n\n\n<p>La differenza tra il prima e il dopo la procedura del ponte dentale \u00e8 piuttosto evidente. Una volta ripristinato il dente mancante, sia l&#8217;estetica del sorriso che la funzione masticatoria migliorano significativamente. Le foto prima e dopo aiutano i pazienti a comprendere meglio il processo di trattamento e mostrano chiaramente i risultati naturali e simmetrici.<\/p>\n\n\n\n<hr class=\"wp-block-separator has-alpha-channel-opacity\"\/>\n\n\n\n<h3 class=\"wp-block-heading\">Prezzi dei ponti dentali in Turchia<\/h3>\n\n\n\n<p>I prezzi dei <strong><a href=\"https:\/\/www.turkaesthetic.com\/it\/dentistry-it\/dental-bridge\/\" target=\"_blank\" data-type=\"post\" data-id=\"34615\" rel=\"noreferrer noopener\">ponti dentali in Turchia<\/a><\/strong> variano a seconda della lunghezza del ponte, dei materiali utilizzati, dell&#8217;esperienza del dentista e della posizione della clinica:<\/p>\n\n\n\n<p>Ponte in zirconio: 130 \u20ac a dente<br>Ponte E-Max: 190 \u20ac a dente<br>Per ponti composti da 3 o 4 elementi, potrebbero essere applicati prezzi speciali scontati per il calcolo del costo totale.<\/p>\n\n\n\n<h2 class=\"wp-block-heading\"><strong>Domande frequenti<\/strong><\/h2>\n\n\n<div id=\"rank-math-faq\" class=\"rank-math-block\">\n<div class=\"rank-math-list \">\n<div id=\"faq-question-1753964773469\" class=\"rank-math-list-item\">\n<h3 class=\"rank-math-question \">Un ponte dentale \u00e8 doloroso?<\/h3>\n<div class=\"rank-math-answer \">\n\n<p>No. Viene eseguito in anestesia locale ed \u00e8 indolore. Nei primi giorni pu\u00f2 verificarsi solo una leggera sensibilit\u00e0.<\/p>\n\n<\/div>\n<\/div>\n<div id=\"faq-question-1754310538673\" class=\"rank-math-list-item\">\n<h3 class=\"rank-math-question \">Quanto dura un ponte?<\/h3>\n<div class=\"rank-math-answer \">\n\n<p>Con la cura adeguata, pu\u00f2 durare in media circa 10-15 anni.<\/p>\n\n<\/div>\n<\/div>\n<div id=\"faq-question-1754310542793\" class=\"rank-math-list-item\">\n<h3 class=\"rank-math-question \">Si possono formare carie sotto il ponte?<\/h3>\n<div class=\"rank-math-answer \">\n\n<p>Se non si esegue una pulizia regolare, la carie pu\u00f2 svilupparsi intorno ai denti di supporto. Ecco perch\u00e9 una buona igiene orale \u00e8 essenziale.<\/p>\n\n<\/div>\n<\/div>\n<div id=\"faq-question-1754310547990\" class=\"rank-math-list-item\">\n<h3 class=\"rank-math-question \">Influir\u00e0 sulla capacit\u00e0 di parlare o masticare?<\/h3>\n<div class=\"rank-math-answer \">\n\n<p>No. Al contrario, la sostituzione del dente mancante migliora sia la funzione masticatoria che quella orale.<\/p>\n\n<\/div>\n<\/div>\n<div id=\"faq-question-1754310554150\" class=\"rank-math-list-item\">\n<h3 class=\"rank-math-question \">Il ponte ha un aspetto naturale?<\/h3>\n<div class=\"rank-math-answer \">\n\n<p>Utilizzando materiali come lo zirconio e l&#8217;E-Max, l&#8217;aspetto \u00e8 cos\u00ec naturale che \u00e8 quasi indistinguibile dai denti veri.<\/p>\n\n<\/div>\n<\/div>\n<\/div>\n<\/div>\n\n\n<hr class=\"wp-block-separator has-alpha-channel-opacity\"\/>\n\n\n\n<p><strong>Conclusione<\/strong><\/p>\n\n\n\n<p>Un ponte dentale \u00e8 una soluzione rapida ed efficace per le persone con denti mancanti, sia dal punto di vista estetico che funzionale. Grazie a materiali all&#8217;avanguardia e alla competenza di dentisti qualificati, ottenere un sorriso dall&#8217;aspetto naturale \u00e8 ora pi\u00f9 facile che mai. Come team specializzato a Istanbul, siamo qui per offrirti il piano di trattamento pi\u00f9 accurato e personalizzato in base alle tue esigenze.<\/p>\n\n\n\n<p> Infine, per maggiori informazioni o per richiedere un preventivo, potete&nbsp;<a href=\"https:\/\/www.turkaesthetic.com\/it\/contact-us\/\" target=\"_blank\" rel=\"noreferrer noopener\">contattare<\/a>&nbsp;<a href=\"https:\/\/www.youtube.com\/channel\/UC0zggzdm5CFwpRMmn_CPpFQ\" target=\"_blank\" rel=\"noreferrer noopener\">Turk Aesthetic<\/a>&nbsp;a Istanbul, in Turchia, tramite i loro canali ufficiali.<\/p>\n","protected":false},"excerpt":{"rendered":"<p>Un ponte dentale \u00e8 un metodo protesico fisso utilizzato per sostituire uno o pi\u00f9 denti mancanti, sfruttando il supporto dei denti adiacenti. Se applicato correttamente, ripristina sia la funzione masticatoria che l&#8217;aspetto estetico. Per le persone che hanno subito la perdita di denti, rappresenta una delle alternative pi\u00f9 comuni ed economiche agli impianti. Come si [&hellip;]<\/p>\n","protected":false},"author":4,"featured_media":64902,"parent":0,"menu_order":0,"comment_status":"closed","ping_status":"closed","template":"","meta":{"footnotes":""},"dep":[1356],"class_list":["post-65101","page","type-page","status-publish","has-post-thumbnail","hentry","dep-cosmetic-dentistry"],"_links":{"self":[{"href":"https:\/\/www.turkaesthetic.com\/it\/wp-json\/wp\/v2\/pages\/65101","targetHints":{"allow":["GET"]}}],"collection":[{"href":"https:\/\/www.turkaesthetic.com\/it\/wp-json\/wp\/v2\/pages"}],"about":[{"href":"https:\/\/www.turkaesthetic.com\/it\/wp-json\/wp\/v2\/types\/page"}],"author":[{"embeddable":true,"href":"https:\/\/www.turkaesthetic.com\/it\/wp-json\/wp\/v2\/users\/4"}],"replies":[{"embeddable":true,"href":"https:\/\/www.turkaesthetic.com\/it\/wp-json\/wp\/v2\/comments?post=65101"}],"version-history":[{"count":0,"href":"https:\/\/www.turkaesthetic.com\/it\/wp-json\/wp\/v2\/pages\/65101\/revisions"}],"wp:featuredmedia":[{"embeddable":true,"href":"https:\/\/www.turkaesthetic.com\/it\/wp-json\/wp\/v2\/media\/64902"}],"wp:attachment":[{"href":"https:\/\/www.turkaesthetic.com\/it\/wp-json\/wp\/v2\/media?parent=65101"}],"wp:term":[{"taxonomy":"dep","embeddable":true,"href":"https:\/\/www.turkaesthetic.com\/it\/wp-json\/wp\/v2\/dep?post=65101"}],"curies":[{"name":"wp","href":"https:\/\/api.w.org\/{rel}","templated":true}]}}