{"id":64976,"date":"2025-07-31T13:11:09","date_gmt":"2025-07-31T10:11:09","guid":{"rendered":"https:\/\/www.turkaesthetic.com\/?page_id=64976"},"modified":"2026-03-15T13:25:37","modified_gmt":"2026-03-15T10:25:37","slug":"all-on-8","status":"publish","type":"page","link":"https:\/\/www.turkaesthetic.com\/it\/all-on-8\/","title":{"rendered":"Impianti Dentali All on 8"},"content":{"rendered":"\n<p>Gli <strong>Impianti Dentali All on 8<\/strong> sono un metodo di trattamento avanzato sviluppato per pazienti con perdita totale dei denti, in cui otto impianti vengono inseriti in una mascella per supportare una protesi fissa. Offre la massima durata e longevit\u00e0. Questo sistema \u00e8 specificamente progettato per pazienti con elevato volume osseo, individui pi\u00f9 giovani o che cercano una soluzione a lungo termine.<\/p>\n\n\n\n<p>Grazie alla struttura protesica supportata da otto impianti in titanio distribuiti uniformemente sull&#8217;osso mascellare, All on 8 offre risultati superiori sia estetici che funzionali. L&#8217;obiettivo di questo trattamento \u00e8 raggiungere una forza masticatoria il pi\u00f9 possibile simile a quella dei denti naturali e consentire al paziente di continuare la vita quotidiana comodamente, senza rimanere edentulo durante il trattamento.<\/p>\n\n\n\n<h2 class=\"wp-block-heading\">Per chi \u00e8 adatta la tecnica degli impianti All on 8?<\/h2>\n\n\n\n<p>All on 8 potrebbe non essere adatto a tutti, ma \u00e8 un trattamento ideale per i seguenti gruppi:<\/p>\n\n\n\n<ul class=\"wp-block-list\">\n<li>Individui che hanno subito una perdita totale dei denti a lungo termine.<\/li>\n\n\n\n<li>Pazienti con volume osseo sufficiente.<\/li>\n\n\n\n<li>Coloro che non desiderano protesi rimovibili.<\/li>\n\n\n\n<li>Individui che desiderano una forza masticatoria elevata.<\/li>\n\n\n\n<li>Pazienti che danno priorit\u00e0 sia all&#8217;estetica che alla durata.<\/li>\n\n\n\n<li>Coloro che cercano un investimento a lungo termine e desiderano una soluzione che duri anni con una sola procedura.<\/li>\n<\/ul>\n\n\n\n<figure class=\"wp-block-embed is-type-video is-provider-youtube wp-block-embed-youtube wp-embed-aspect-16-9 wp-has-aspect-ratio\"><div class=\"wp-block-embed__wrapper\">\n<iframe loading=\"lazy\" title=\"Dental Implants in Turkey: 20 Years Guarantee\" width=\"800\" height=\"450\" src=\"https:\/\/www.youtube.com\/embed\/TBysQr_RQJA?feature=oembed\" frameborder=\"0\" allow=\"accelerometer; autoplay; clipboard-write; encrypted-media; gyroscope; picture-in-picture; web-share\" referrerpolicy=\"strict-origin-when-cross-origin\" allowfullscreen><\/iframe>\n<\/div><figcaption class=\"wp-element-caption\">Impianti Dentali All on 8<\/figcaption><\/figure>\n\n\n\n<hr class=\"wp-block-separator has-alpha-channel-opacity\"\/>\n\n\n\n<h3 class=\"wp-block-heading\"><strong>Come si applica la tecnica <strong>Impianti Dentali All on 8<\/strong><\/strong>?<\/h3>\n\n\n<div id=\"rank-math-howto\" class=\"rank-math-block\" >\n<div class=\"rank-math-howto-description\">\n\n<p>Fasi del processo:<\/p>\n\n<\/div>\n<p class=\"rank-math-howto-duration\"><strong>Tempo totale:<\/strong> <span>5 minuti<\/span><\/p>\n<div class=\"rank-math-steps \">\n<div id=\"howto-step-1753702713122\" class=\"rank-math-step\">\n<h3 class=\"rank-math-step-title \">Valutazione avanzata<\/h3>\n<div class=\"rank-math-step-content \"><p>Il dentista esegue una radiografia panoramica e una tomografia 3D per analizzare il volume osseo, la qualit\u00e0 e le aree di posizionamento degli impianti.<\/p>\n<\/div>\n<\/div>\n<div id=\"howto-step-1754054385614\" class=\"rank-math-step\">\n<h3 class=\"rank-math-step-title \">Pianificazione del trattamento<\/h3>\n<div class=\"rank-math-step-content \"><p>Le posizioni degli impianti vengono determinate in base alla distribuzione del carico. Le simulazioni digitali aiutano a eliminare i margini di errore.<\/p>\n<\/div>\n<\/div>\n<div id=\"howto-step-1754054390323\" class=\"rank-math-step\">\n<h3 class=\"rank-math-step-title \">Posizionamento degli impianti<\/h3>\n<div class=\"rank-math-step-content \"><p>In anestesia locale, otto impianti vengono inseriti nell&#8217;osso mascellare. Vengono distribuiti uniformemente su tutta la mascella, talvolta supportati da impianti angolati nelle regioni posteriori.<\/p>\n<\/div>\n<\/div>\n<div id=\"howto-step-1754054395442\" class=\"rank-math-step\">\n<h3 class=\"rank-math-step-title \">Applicazione di protesi provvisorie<\/h3>\n<div class=\"rank-math-step-content \"><p>Nei casi idonei, i denti fissi provvisori vengono inseriti il giorno stesso, consentendo al paziente di continuare la propria vita quotidiana senza problemi.<\/p>\n<\/div>\n<\/div>\n<div id=\"howto-step-1754054401517\" class=\"rank-math-step\">\n<h3 class=\"rank-math-step-title \">Processo di guarigione e denti permanenti<\/h3>\n<div class=\"rank-math-step-content \"><p>Dopo un periodo di guarigione di 3-4 mesi, gli impianti si fondono con l&#8217;osso. Successivamente, vengono applicate protesi fisse permanenti personalizzate con propriet\u00e0 sia estetiche che funzionali.<\/p>\n<\/div>\n<\/div>\n<\/div>\n<\/div>\n<p class=\"rank-math-howto-estimatedCost\"><strong>Costo stimato:<\/strong> <span>360 Euro<\/span><\/p>\n\n\n\n\n\n<h3 class=\"wp-block-heading\">Perch\u00e9 scegliere gli <strong>Impianti Dentali All on 8<\/strong>?<\/h3>\n\n\n\n<p>A differenza di altre opzioni implantari, la tecnica All on 8 Implants offre la distribuzione del carico pi\u00f9 equilibrata sull&#8217;osso mascellare, contribuendo a preservare la struttura ossea a lungo termine e prolungando la durata della protesi.<\/p>\n\n\n\n<p><strong>Vantaggi:<\/strong><\/p>\n\n\n\n<ul class=\"wp-block-list\">\n<li>Massima stabilit\u00e0 e durata.<\/li>\n\n\n\n<li>Ampio supporto masticatorio.<\/li>\n\n\n\n<li>Maggiore resistenza alla perdita ossea.<\/li>\n\n\n\n<li>Esperienza masticatoria confortevole, simile a quella dei denti naturali.<\/li>\n\n\n\n<li>Soluzione duratura, soprattutto per i pazienti pi\u00f9 anziani.<\/li>\n\n\n\n<li>Risultati estetici di alto livello con pi\u00f9 impianti per mascella.<\/li>\n\n\n\n<li>Spesso pu\u00f2 essere eseguita senza innesto osseo.<\/li>\n<\/ul>\n\n\n\n<hr class=\"wp-block-separator has-alpha-channel-opacity\"\/>\n\n\n\n<h3 class=\"wp-block-heading\">Cose da considerare dopo il trattamento <strong>Impianti Dentali All on 8<\/strong><\/h3>\n\n\n\n<ul class=\"wp-block-list\">\n<li>Nei primi giorni dopo la procedura, si consiglia di consumare solo cibi morbidi.<\/li>\n\n\n\n<li>L&#8217;igiene \u00e8 molto importante: si consiglia di utilizzare spazzolini specifici per la pulizia tra gli impianti e irrigatori orali.<\/li>\n\n\n\n<li>Fumo e alcol possono prolungare il processo di guarigione e ridurre il successo dell&#8217;impianto.<\/li>\n\n\n\n<li>Non si devono trascurare le visite di controllo.<\/li>\n\n\n\n<li>Prima dell&#8217;inserimento della protesi definitiva, si consiglia di evitare cibi molto duri e con guscio.<\/li>\n<\/ul>\n\n\n\n<h4 class=\"wp-block-heading\">\ud83e\uddb7 Prima e dopo il trattamento <strong>Impianti Dentali All on 8<\/strong><\/h4>\n\n\n\n<p>La tecnica <a href=\"https:\/\/www.turkaesthetic.com\/it\/dentistry-it\/all-on-8-implants\/\" target=\"_blank\" data-type=\"post\" data-id=\"52489\" rel=\"noreferrer noopener\">All on 8 <\/a>Implant \u00e8 una soluzione estetica e funzionale rivoluzionaria per le persone edentule o insoddisfatte delle vecchie protesi. Nell&#8217;immagine sottostante, \u00e8 possibile vedere chiaramente la differenza tra prima e dopo il trattamento:<br>Una struttura mascellare forte, una masticazione equilibrata e un sorriso sicuro vi aspettano.<\/p>\n\n\n<style>.kb-gallery-id-64976_a20ce7-62 .kadence-blocks-gallery-item .kb-gal-image-radius, .kb-gallery-id-64976_a20ce7-62 .kb-slide-item .kb-gal-image-radius img{border-radius:0px 0px 0px 0px;;}.kb-gallery-wrap-id-64976_a20ce7-62.wp-block-kadence-advancedgallery{overflow:visible;}.kb-gallery-wrap-id-64976_a20ce7-62.wp-block-kadence-advancedgallery .kt-blocks-carousel{overflow:visible;}<\/style><div class=\"kb-gallery-wrap-id-64976_a20ce7-62 alignnone wp-block-kadence-advancedgallery\"><div class=\"kb-gallery-ul kb-gallery-non-static kb-gallery-type-slider kb-gallery-id-64976_a20ce7-62 kb-gallery-caption-style-bottom-hover kb-gallery-filter-none\" data-image-filter=\"none\" data-lightbox-caption=\"true\"><div class=\"kt-blocks-carousel splide kt-carousel-container-dotstyle-dark kt-carousel-arrowstyle-whiteondark kt-carousel-dotstyle-dark kb-slider-group-arrow kb-slider-arrow-position-center\" data-slider-anim-speed=\"400\" data-slider-scroll=\"1\" data-slider-arrows=\"true\" data-slider-fade=\"true\" data-slider-dots=\"true\" data-slider-type=\"slider\" data-slider-hover-pause=\"false\" data-slider-auto=\"\" data-slider-speed=\"7000\" data-show-pause-button=\"false\"><div class=\"splide__track\"><ul class=\"kt-blocks-carousel-init kb-blocks-slider splide__list\"><li class=\"kb-slide-item kb-gallery-slide-item splide__slide\"><div class=\"kadence-blocks-gallery-item\"><div class=\"kadence-blocks-gallery-item-inner\"><figure class=\"kb-gallery-figure kadence-blocks-gallery-item-hide-caption\"><div class=\"kb-gal-image-radius\"><div class=\"kb-gallery-image-contain kadence-blocks-gallery-intrinsic kb-gallery-image-ratio-land32 kb-has-image-ratio-land32\" ><img loading=\"lazy\" decoding=\"async\" src=\"https:\/\/www.turkaesthetic.com\/wp-content\/uploads\/2023\/11\/before-after-dental-implant-4.jpg\" width=\"1200\" height=\"800\" alt=\"Di\u015f implant\u0131 \u00f6ncesi ve sonras\u0131\" data-full-image=\"https:\/\/www.turkaesthetic.com\/wp-content\/uploads\/2023\/11\/before-after-dental-implant-4.jpg\" data-light-image=\"https:\/\/www.turkaesthetic.com\/wp-content\/uploads\/2023\/11\/before-after-dental-implant-4.jpg\" data-id=\"45374\" class=\"wp-image-45374 skip-lazy\"\/><\/div><\/div><\/figure><\/div><\/div><\/li><li class=\"kb-slide-item kb-gallery-slide-item splide__slide\"><div class=\"kadence-blocks-gallery-item\"><div class=\"kadence-blocks-gallery-item-inner\"><figure class=\"kb-gallery-figure kadence-blocks-gallery-item-hide-caption\"><div class=\"kb-gal-image-radius\"><div class=\"kb-gallery-image-contain kadence-blocks-gallery-intrinsic kb-gallery-image-ratio-land32 kb-has-image-ratio-land32\" ><img loading=\"lazy\" decoding=\"async\" src=\"https:\/\/www.turkaesthetic.com\/wp-content\/uploads\/2023\/11\/before-after-dental-implant-3.jpg\" width=\"1200\" height=\"800\" alt=\"Di\u015f implant\u0131 \u00f6ncesi ve sonras\u0131\" data-full-image=\"https:\/\/www.turkaesthetic.com\/wp-content\/uploads\/2023\/11\/before-after-dental-implant-3.jpg\" data-light-image=\"https:\/\/www.turkaesthetic.com\/wp-content\/uploads\/2023\/11\/before-after-dental-implant-3.jpg\" data-id=\"45365\" class=\"wp-image-45365 skip-lazy\"\/><\/div><\/div><\/figure><\/div><\/div><\/li><li class=\"kb-slide-item kb-gallery-slide-item splide__slide\"><div class=\"kadence-blocks-gallery-item\"><div class=\"kadence-blocks-gallery-item-inner\"><figure class=\"kb-gallery-figure kadence-blocks-gallery-item-hide-caption\"><div class=\"kb-gal-image-radius\"><div class=\"kb-gallery-image-contain kadence-blocks-gallery-intrinsic kb-gallery-image-ratio-land32 kb-has-image-ratio-land32\" ><img loading=\"lazy\" decoding=\"async\" src=\"https:\/\/www.turkaesthetic.com\/wp-content\/uploads\/2023\/11\/before-after-dental-implant-2.jpg\" width=\"1200\" height=\"800\" alt=\"Di\u015f implant\u0131 \u00f6ncesi ve sonras\u0131\" data-full-image=\"https:\/\/www.turkaesthetic.com\/wp-content\/uploads\/2023\/11\/before-after-dental-implant-2.jpg\" data-light-image=\"https:\/\/www.turkaesthetic.com\/wp-content\/uploads\/2023\/11\/before-after-dental-implant-2.jpg\" data-id=\"45356\" class=\"wp-image-45356 skip-lazy\"\/><\/div><\/div><\/figure><\/div><\/div><\/li><li class=\"kb-slide-item kb-gallery-slide-item splide__slide\"><div class=\"kadence-blocks-gallery-item\"><div class=\"kadence-blocks-gallery-item-inner\"><figure class=\"kb-gallery-figure kadence-blocks-gallery-item-hide-caption\"><div class=\"kb-gal-image-radius\"><div class=\"kb-gallery-image-contain kadence-blocks-gallery-intrinsic kb-gallery-image-ratio-land32 kb-has-image-ratio-land32\" ><img loading=\"lazy\" decoding=\"async\" src=\"https:\/\/www.turkaesthetic.com\/wp-content\/uploads\/2023\/11\/before-after-dental-implant-1.jpg\" width=\"1200\" height=\"800\" alt=\"Di\u015f implant\u0131 \u00f6ncesi ve sonras\u0131\" data-full-image=\"https:\/\/www.turkaesthetic.com\/wp-content\/uploads\/2023\/11\/before-after-dental-implant-1.jpg\" data-light-image=\"https:\/\/www.turkaesthetic.com\/wp-content\/uploads\/2023\/11\/before-after-dental-implant-1.jpg\" data-id=\"45347\" class=\"wp-image-45347 skip-lazy\"\/><\/div><\/div><\/figure><\/div><\/div><\/li><\/ul><\/div><\/div><\/div><\/div>\n\n\n<hr class=\"wp-block-separator has-alpha-channel-opacity\"\/>\n\n\n\n<h2 class=\"wp-block-heading\">Domande frequenti &#8211; <strong>Impianti Dentali All on 8<\/strong> <\/h2>\n\n\n<div id=\"rank-math-faq\" class=\"rank-math-block\">\n<div class=\"rank-math-list \">\n<div id=\"faq-question-1753702820957\" class=\"rank-math-list-item\">\n<h3 class=\"rank-math-question \">Chi non \u00e8 un candidato ideale per il trattamento <strong>Impianti Dentali All on 8<\/strong>?<\/h3>\n<div class=\"rank-math-answer \">\n\n<p>Non \u00e8 raccomandato per soggetti con volume osseo gravemente insufficiente o malattie sistemiche non controllate.<\/p>\n\n<\/div>\n<\/div>\n<div id=\"faq-question-1754054133483\" class=\"rank-math-list-item\">\n<h3 class=\"rank-math-question \">Perch\u00e9 8 impianti?<\/h3>\n<div class=\"rank-math-answer \">\n\n<p>Otto impianti forniscono un solido supporto per la protesi fissa in ogni punto. Sono ideali per una durata a lungo termine e la massima stabilit\u00e0.<\/p>\n\n<\/div>\n<\/div>\n<div id=\"faq-question-1754054485682\" class=\"rank-math-list-item\">\n<h3 class=\"rank-math-question \">Qual \u00e8 la durata del trattamento?<\/h3>\n<div class=\"rank-math-answer \">\n\n<p>Un soggiorno di 3-4 giorni a Istanbul \u00e8 sufficiente per la fase iniziale. Sar\u00e0 necessario tornare 3-4 mesi dopo per l&#8217;inserimento dei denti permanenti.<\/p>\n\n<\/div>\n<\/div>\n<div id=\"faq-question-1754054490491\" class=\"rank-math-list-item\">\n<h3 class=\"rank-math-question \">Qual \u00e8 la differenza tra <strong>Impianti Dentali All on 8<\/strong> e All-on-4?<\/h3>\n<div class=\"rank-math-answer \">\n\n<p>All-on-4 utilizza meno impianti. All-on-8 Implant rafforza la struttura mascellare con pi\u00f9 impianti e fornisce una base pi\u00f9 stabile per la protesi.<\/p>\n\n<\/div>\n<\/div>\n<\/div>\n<\/div>\n\n\n<p>Infine, per maggiori informazioni o per richiedere un preventivo, potete\u00a0<a href=\"https:\/\/www.turkaesthetic.com\/it\/contact-us\/\" target=\"_blank\" rel=\"noreferrer noopener\">contattare<\/a>\u00a0<a href=\"https:\/\/www.youtube.com\/channel\/UC0zggzdm5CFwpRMmn_CPpFQ\" target=\"_blank\" rel=\"noreferrer noopener\">Turk Aesthetic<\/a>\u00a0a Istanbul, in Turchia, tramite i loro canali ufficiali.<\/p>\n","protected":false},"excerpt":{"rendered":"<p>Gli Impianti Dentali All on 8 sono un metodo di trattamento avanzato sviluppato per pazienti con perdita totale dei denti, in cui otto impianti vengono inseriti in una mascella per supportare una protesi fissa. Offre la massima durata e longevit\u00e0. Questo sistema \u00e8 specificamente progettato per pazienti con elevato volume osseo, individui pi\u00f9 giovani o [&hellip;]<\/p>\n","protected":false},"author":4,"featured_media":64840,"parent":0,"menu_order":0,"comment_status":"closed","ping_status":"closed","template":"","meta":{"footnotes":""},"dep":[1356],"class_list":["post-64976","page","type-page","status-publish","has-post-thumbnail","hentry","dep-cosmetic-dentistry"],"_links":{"self":[{"href":"https:\/\/www.turkaesthetic.com\/it\/wp-json\/wp\/v2\/pages\/64976","targetHints":{"allow":["GET"]}}],"collection":[{"href":"https:\/\/www.turkaesthetic.com\/it\/wp-json\/wp\/v2\/pages"}],"about":[{"href":"https:\/\/www.turkaesthetic.com\/it\/wp-json\/wp\/v2\/types\/page"}],"author":[{"embeddable":true,"href":"https:\/\/www.turkaesthetic.com\/it\/wp-json\/wp\/v2\/users\/4"}],"replies":[{"embeddable":true,"href":"https:\/\/www.turkaesthetic.com\/it\/wp-json\/wp\/v2\/comments?post=64976"}],"version-history":[{"count":1,"href":"https:\/\/www.turkaesthetic.com\/it\/wp-json\/wp\/v2\/pages\/64976\/revisions"}],"predecessor-version":[{"id":71344,"href":"https:\/\/www.turkaesthetic.com\/it\/wp-json\/wp\/v2\/pages\/64976\/revisions\/71344"}],"wp:featuredmedia":[{"embeddable":true,"href":"https:\/\/www.turkaesthetic.com\/it\/wp-json\/wp\/v2\/media\/64840"}],"wp:attachment":[{"href":"https:\/\/www.turkaesthetic.com\/it\/wp-json\/wp\/v2\/media?parent=64976"}],"wp:term":[{"taxonomy":"dep","embeddable":true,"href":"https:\/\/www.turkaesthetic.com\/it\/wp-json\/wp\/v2\/dep?post=64976"}],"curies":[{"name":"wp","href":"https:\/\/api.w.org\/{rel}","templated":true}]}}