{"id":64930,"date":"2025-07-28T14:59:17","date_gmt":"2025-07-28T11:59:17","guid":{"rendered":"https:\/\/www.turkaesthetic.com\/?page_id=64930"},"modified":"2026-03-15T13:17:40","modified_gmt":"2026-03-15T10:17:40","slug":"all-on-6","status":"publish","type":"page","link":"https:\/\/www.turkaesthetic.com\/it\/all-on-6\/","title":{"rendered":"All on 6 Impianti Dentali"},"content":{"rendered":"\n<p>La tecnica <strong>All on 6 impianti dentali<\/strong> \u00e8 un metodo di trattamento avanzato sviluppato per i pazienti con perdita completa dei denti. Consiste nell&#8217;inserimento di sei impianti in una sola mascella per supportare una protesi fissa. Rispetto alle soluzioni protesiche tradizionali, \u00e8 pi\u00f9 stabile, pi\u00f9 estetica e pi\u00f9 duratura. La tecnica All on 6 Implants \u00e8 particolarmente indicata per i pazienti senza perdita ossea avanzata, poich\u00e9 fornisce un maggiore supporto alla struttura mascellare e prolunga la durata della protesi fissa.<\/p>\n\n\n\n<p>Con questo metodo, sei impianti in titanio vengono inseriti chirurgicamente nella mascella superiore o inferiore. Questi impianti creano una solida base per sostenere la protesi. Nella maggior parte dei casi, i denti provvisori vengono inseriti il giorno stesso, consentendo al paziente di continuare la propria vita quotidiana senza essere edentulo.<\/p>\n\n\n\n<figure class=\"wp-block-embed is-type-video is-provider-youtube wp-block-embed-youtube wp-embed-aspect-16-9 wp-has-aspect-ratio\"><div class=\"wp-block-embed__wrapper\">\n<iframe loading=\"lazy\" title=\"Dental Implants in Turkey: 20 Years Guarantee\" width=\"800\" height=\"450\" src=\"https:\/\/www.youtube.com\/embed\/TBysQr_RQJA?feature=oembed\" frameborder=\"0\" allow=\"accelerometer; autoplay; clipboard-write; encrypted-media; gyroscope; picture-in-picture; web-share\" referrerpolicy=\"strict-origin-when-cross-origin\" allowfullscreen><\/iframe>\n<\/div><figcaption class=\"wp-element-caption\"><strong>All on 6 impianti dentali<\/strong><\/figcaption><\/figure>\n\n\n\n<hr class=\"wp-block-separator has-alpha-channel-opacity\"\/>\n\n\n\n<h4 class=\"wp-block-heading\">Chi \u00e8 idoneo alla tecnica All on 6 impianti dentali?<\/h4>\n\n\n\n<ul class=\"wp-block-list\">\n<li>Soggetti che hanno perso tutti i denti.<\/li>\n\n\n\n<li>Pazienti che desiderano denti fissi ma non sono idonei all&#8217;inserimento di impianti completi.<\/li>\n\n\n\n<li>Coloro che non sono soddisfatti delle protesi mobili.<\/li>\n\n\n\n<li>Pazienti con volume osseo sufficiente.<\/li>\n\n\n\n<li>Soggetti che desiderano un sorriso fisso e dall&#8217;aspetto naturale per motivi estetici.<\/li>\n\n\n\n<li>Persone che cercano una soluzione a lungo termine per migliorare la propria qualit\u00e0 di vita.<\/li>\n\n\n\n<li>La tecnica<a href=\"https:\/\/www.turkaesthetic.com\/it\/dentistry-it\/all-on-6-dental-implants\/\" target=\"_blank\" data-type=\"post\" data-id=\"52785\" rel=\"noreferrer noopener\"> All on 6 Implants<\/a> offre un&#8217;alternativa pi\u00f9 sicura e pratica agli impianti tradizionali per i pazienti con una struttura ossea mandibolare adeguata.<\/li>\n<\/ul>\n\n\n\n<h3 class=\"wp-block-heading\">Fasi della procedura All on 6 impianti dentali<\/h3>\n\n\n<div id=\"rank-math-howto\" class=\"rank-math-block\" >\n<div class=\"rank-math-howto-description\">\n\n<p>Le fasi della procedura All on 6 Implants sono le seguenti:<\/p>\n\n<\/div>\n<p class=\"rank-math-howto-duration\"><strong>Tempo totale:<\/strong> <span>5 minuti<\/span><\/p>\n<div class=\"rank-math-steps \">\n<div id=\"howto-step-1753701693683\" class=\"rank-math-step\">\n<h3 class=\"rank-math-step-title \">Esame e pianificazione digitale<\/h3>\n<div class=\"rank-math-step-content \"><p>L&#8217;osso mandibolare viene analizzato mediante tomografia digitale 3D. Vengono determinati i punti di posizionamento degli impianti.<\/p>\n<\/div>\n<\/div>\n<div id=\"howto-step-1754040715568\" class=\"rank-math-step\">\n<h3 class=\"rank-math-step-title \">Inserimento degli impianti<\/h3>\n<div class=\"rank-math-step-content \"><p>Eseguito in anestesia locale per il comfort del paziente. Sei impianti vengono inseriti con cura nella mandibola. Se necessario, alcuni impianti possono essere posizionati angolati.<\/p>\n<\/div>\n<\/div>\n<div id=\"howto-step-1754040720696\" class=\"rank-math-step\">\n<h3 class=\"rank-math-step-title \">Denti fissi provvisori<\/h3>\n<div class=\"rank-math-step-content \"><p>Il primo giorno, vengono posizionati i denti protesici provvisori in modo che il paziente possa riprendere la vita quotidiana con denti fissi.<\/p>\n<\/div>\n<\/div>\n<div id=\"howto-step-1754040726129\" class=\"rank-math-step\">\n<h3 class=\"rank-math-step-title \">Processo di guarigione e denti permanenti<\/h3>\n<div class=\"rank-math-step-content \"><p>Gli impianti si fondono con l&#8217;osso entro 3-4 mesi. Successivamente, vengono posizionati denti fissi permanenti in porcellana o zirconio appositamente progettati.<\/p>\n<\/div>\n<\/div>\n<\/div>\n<\/div>\n<p class=\"rank-math-howto-estimatedCost\"><strong>Costo stimato:<\/strong> <span>360 Euro<\/span><\/p>\n\n\n\n\n\n<p>Perch\u00e9 scegliere gli All on 6 impianti dentali?<\/p>\n\n\n\n<p>La tecnica degli impianti All on 6 offre diversi vantaggi rispetto ai metodi tradizionali:<\/p>\n\n\n\n<ul class=\"wp-block-list\">\n<li>Maggiore supporto: sei impianti distribuiscono le forze masticatorie in modo pi\u00f9 uniforme, fornendo una struttura pi\u00f9 stabile.<\/li>\n\n\n\n<li>Elevata durata: la protesi rimane forte e funzionale per molti anni.<\/li>\n\n\n\n<li>Aspetto naturale: il design estetico imita fedelmente il bordo gengivale naturale.<\/li>\n\n\n\n<li>Denti in giornata: i denti fissi provvisori vengono posizionati lo stesso giorno dell&#8217;intervento.<\/li>\n\n\n\n<li>Migliore comfort di masticazione e fonazione: la protesi non scivola n\u00e9 si muove. Addio alle protesi dentarie rimovibili: non sono necessari adesivi n\u00e9 rimozioni quotidiane.<\/li>\n\n\n\n<li>Risultati duraturi: con la cura adeguata, All on 6 pu\u00f2 durare una vita.<\/li>\n<\/ul>\n\n\n\n<hr class=\"wp-block-separator has-alpha-channel-opacity\"\/>\n\n\n\n<h5 class=\"wp-block-heading\">Cure post-trattamento per All on 6 impianti dentali<\/h5>\n\n\n\n<ul class=\"wp-block-list\">\n<li>Mangiare cibi morbidi e tiepidi durante la prima settimana.<\/li>\n\n\n\n<li>Mantenere un&#8217;eccellente igiene orale utilizzando scovolini interdentali e irrigatori orali.<\/li>\n\n\n\n<li>Evitare alcol e fumo, poich\u00e9 possono rallentare la guarigione.<\/li>\n\n\n\n<li>Seguire scrupolosamente le istruzioni di pulizia e cura del dentista.<\/li>\n\n\n\n<li>Non saltare gli appuntamenti di controllo.<\/li>\n\n\n\n<li>Evitare cibi duri fino al posizionamento delle protesi permanenti.<\/li>\n<\/ul>\n\n\n\n<h3 class=\"wp-block-heading\">\ud83e\uddb7 Prima e dopo &#8211; All on 6 impianti dentali<\/h3>\n\n\n\n<p>Grazie alla tecnica All-on-6, il passaggio da un sorriso sdentato a una dentatura fissa e splendida richiede solo pochi giorni.<br>\u00c8 possibile osservare la straordinaria trasformazione nell&#8217;immagine qui sotto:<br>Una mascella pi\u00f9 forte, un sorriso pi\u00f9 naturale e un notevole aumento di comfort e sicurezza.<\/p>\n\n\n<style>.kb-gallery-id-64930_fe1130-3d .kadence-blocks-gallery-item .kb-gal-image-radius, .kb-gallery-id-64930_fe1130-3d .kb-slide-item .kb-gal-image-radius img{border-radius:0px 0px 0px 0px;;}.kb-gallery-wrap-id-64930_fe1130-3d.wp-block-kadence-advancedgallery{overflow:visible;}.kb-gallery-wrap-id-64930_fe1130-3d.wp-block-kadence-advancedgallery .kt-blocks-carousel{overflow:visible;}<\/style><div class=\"kb-gallery-wrap-id-64930_fe1130-3d alignnone wp-block-kadence-advancedgallery\"><div class=\"kb-gallery-ul kb-gallery-non-static kb-gallery-type-slider kb-gallery-id-64930_fe1130-3d kb-gallery-caption-style-bottom-hover kb-gallery-filter-none\" data-image-filter=\"none\" data-lightbox-caption=\"true\"><div class=\"kt-blocks-carousel splide kt-carousel-container-dotstyle-dark kt-carousel-arrowstyle-whiteondark kt-carousel-dotstyle-dark kb-slider-group-arrow kb-slider-arrow-position-center\" data-slider-anim-speed=\"400\" data-slider-scroll=\"1\" data-slider-arrows=\"true\" data-slider-fade=\"true\" data-slider-dots=\"true\" data-slider-type=\"slider\" data-slider-hover-pause=\"false\" data-slider-auto=\"\" data-slider-speed=\"7000\" data-show-pause-button=\"false\"><div class=\"splide__track\"><ul class=\"kt-blocks-carousel-init kb-blocks-slider splide__list\"><li class=\"kb-slide-item kb-gallery-slide-item splide__slide\"><div class=\"kadence-blocks-gallery-item\"><div class=\"kadence-blocks-gallery-item-inner\"><figure class=\"kb-gallery-figure kadence-blocks-gallery-item-hide-caption\"><div class=\"kb-gal-image-radius\"><div class=\"kb-gallery-image-contain kadence-blocks-gallery-intrinsic kb-gallery-image-ratio-land32 kb-has-image-ratio-land32\" ><img loading=\"lazy\" decoding=\"async\" src=\"https:\/\/www.turkaesthetic.com\/wp-content\/uploads\/2023\/11\/before-after-dental-implant-4.jpg\" width=\"1200\" height=\"800\" alt=\"Di\u015f implant\u0131 \u00f6ncesi ve sonras\u0131\" data-full-image=\"https:\/\/www.turkaesthetic.com\/wp-content\/uploads\/2023\/11\/before-after-dental-implant-4.jpg\" data-light-image=\"https:\/\/www.turkaesthetic.com\/wp-content\/uploads\/2023\/11\/before-after-dental-implant-4.jpg\" data-id=\"45374\" class=\"wp-image-45374 skip-lazy\"\/><\/div><\/div><\/figure><\/div><\/div><\/li><li class=\"kb-slide-item kb-gallery-slide-item splide__slide\"><div class=\"kadence-blocks-gallery-item\"><div class=\"kadence-blocks-gallery-item-inner\"><figure class=\"kb-gallery-figure kadence-blocks-gallery-item-hide-caption\"><div class=\"kb-gal-image-radius\"><div class=\"kb-gallery-image-contain kadence-blocks-gallery-intrinsic kb-gallery-image-ratio-land32 kb-has-image-ratio-land32\" ><img loading=\"lazy\" decoding=\"async\" src=\"https:\/\/www.turkaesthetic.com\/wp-content\/uploads\/2023\/11\/before-after-dental-implant-3.jpg\" width=\"1200\" height=\"800\" alt=\"Di\u015f implant\u0131 \u00f6ncesi ve sonras\u0131\" data-full-image=\"https:\/\/www.turkaesthetic.com\/wp-content\/uploads\/2023\/11\/before-after-dental-implant-3.jpg\" data-light-image=\"https:\/\/www.turkaesthetic.com\/wp-content\/uploads\/2023\/11\/before-after-dental-implant-3.jpg\" data-id=\"45365\" class=\"wp-image-45365 skip-lazy\"\/><\/div><\/div><\/figure><\/div><\/div><\/li><li class=\"kb-slide-item kb-gallery-slide-item splide__slide\"><div class=\"kadence-blocks-gallery-item\"><div class=\"kadence-blocks-gallery-item-inner\"><figure class=\"kb-gallery-figure kadence-blocks-gallery-item-hide-caption\"><div class=\"kb-gal-image-radius\"><div class=\"kb-gallery-image-contain kadence-blocks-gallery-intrinsic kb-gallery-image-ratio-land32 kb-has-image-ratio-land32\" ><img loading=\"lazy\" decoding=\"async\" src=\"https:\/\/www.turkaesthetic.com\/wp-content\/uploads\/2023\/11\/before-after-dental-implant-2.jpg\" width=\"1200\" height=\"800\" alt=\"Di\u015f implant\u0131 \u00f6ncesi ve sonras\u0131\" data-full-image=\"https:\/\/www.turkaesthetic.com\/wp-content\/uploads\/2023\/11\/before-after-dental-implant-2.jpg\" data-light-image=\"https:\/\/www.turkaesthetic.com\/wp-content\/uploads\/2023\/11\/before-after-dental-implant-2.jpg\" data-id=\"45356\" class=\"wp-image-45356 skip-lazy\"\/><\/div><\/div><\/figure><\/div><\/div><\/li><li class=\"kb-slide-item kb-gallery-slide-item splide__slide\"><div class=\"kadence-blocks-gallery-item\"><div class=\"kadence-blocks-gallery-item-inner\"><figure class=\"kb-gallery-figure kadence-blocks-gallery-item-hide-caption\"><div class=\"kb-gal-image-radius\"><div class=\"kb-gallery-image-contain kadence-blocks-gallery-intrinsic kb-gallery-image-ratio-land32 kb-has-image-ratio-land32\" ><img loading=\"lazy\" decoding=\"async\" src=\"https:\/\/www.turkaesthetic.com\/wp-content\/uploads\/2023\/11\/before-after-dental-implant-1.jpg\" width=\"1200\" height=\"800\" alt=\"Di\u015f implant\u0131 \u00f6ncesi ve sonras\u0131\" data-full-image=\"https:\/\/www.turkaesthetic.com\/wp-content\/uploads\/2023\/11\/before-after-dental-implant-1.jpg\" data-light-image=\"https:\/\/www.turkaesthetic.com\/wp-content\/uploads\/2023\/11\/before-after-dental-implant-1.jpg\" data-id=\"45347\" class=\"wp-image-45347 skip-lazy\"\/><\/div><\/div><\/figure><\/div><\/div><\/li><\/ul><\/div><\/div><\/div><\/div>\n\n\n<hr class=\"wp-block-separator has-alpha-channel-opacity\"\/>\n\n\n\n<h2 class=\"wp-block-heading\">Domande frequenti &#8211; All on 6 impianti dentali<\/h2>\n\n\n<div id=\"rank-math-faq\" class=\"rank-math-block\">\n<div class=\"rank-math-list \">\n<div id=\"faq-question-1753701866213\" class=\"rank-math-list-item\">\n<h3 class=\"rank-math-question \">La tecnica All on 6 impianti dentali \u00e8 dolorosa?<\/h3>\n<div class=\"rank-math-answer \">\n\n<p>No. Viene eseguita in anestesia locale ed \u00e8 indolore. Potrebbe verificarsi una lieve sensibilit\u00e0.<\/p>\n\n<\/div>\n<\/div>\n<div id=\"faq-question-1754040809974\" class=\"rank-math-list-item\">\n<h3 class=\"rank-math-question \">Quanti impianti sono necessari?<\/h3>\n<div class=\"rank-math-answer \">\n\n<p>In genere, vengono inseriti sei impianti per arcata. Il numero pu\u00f2 variare in base alla valutazione del dentista.<\/p>\n\n<\/div>\n<\/div>\n<div id=\"faq-question-1754040814669\" class=\"rank-math-list-item\">\n<h3 class=\"rank-math-question \">Quanto dura il trattamento?<\/h3>\n<div class=\"rank-math-answer \">\n\n<p>La prima fase dura circa 2-3 giorni. I denti permanenti vengono inseriti dopo 3-4 mesi.<\/p>\n\n<\/div>\n<\/div>\n<div id=\"faq-question-1754040819503\" class=\"rank-math-list-item\">\n<h3 class=\"rank-math-question \">\u00c8 adatto a tutti?<\/h3>\n<div class=\"rank-math-answer \">\n\n<p>S\u00ec, per pazienti in buona salute generale con una struttura ossea mandibolare adeguata.<\/p>\n\n<\/div>\n<\/div>\n<div id=\"faq-question-1754040824746\" class=\"rank-math-list-item\">\n<h3 class=\"rank-math-question \">In che cosa si differenzia dall&#8217;All-on-4?<\/h3>\n<div class=\"rank-math-answer \">\n\n<p>L&#8217;All-on-6 utilizza pi\u00f9 impianti per un supporto maggiore, con conseguente protesi pi\u00f9 resistente e duratura.<\/p>\n\n<\/div>\n<\/div>\n<\/div>\n<\/div>\n\n\n<p>Infine, per maggiori informazioni o per richiedere un preventivo, potete&nbsp;<a href=\"https:\/\/www.turkaesthetic.com\/it\/contact-us\/\" target=\"_blank\" rel=\"noreferrer noopener\">contattare<\/a>&nbsp;<a href=\"https:\/\/www.youtube.com\/channel\/UC0zggzdm5CFwpRMmn_CPpFQ\" target=\"_blank\" rel=\"noreferrer noopener\">Turk Aesthetic<\/a>&nbsp;a Istanbul, in Turchia, tramite i loro canali ufficiali.<\/p>\n","protected":false},"excerpt":{"rendered":"<p>La tecnica All on 6 impianti dentali \u00e8 un metodo di trattamento avanzato sviluppato per i pazienti con perdita completa dei denti. Consiste nell&#8217;inserimento di sei impianti in una sola mascella per supportare una protesi fissa. Rispetto alle soluzioni protesiche tradizionali, \u00e8 pi\u00f9 stabile, pi\u00f9 estetica e pi\u00f9 duratura. La tecnica All on 6 Implants [&hellip;]<\/p>\n","protected":false},"author":4,"featured_media":64760,"parent":0,"menu_order":0,"comment_status":"closed","ping_status":"closed","template":"","meta":{"footnotes":""},"dep":[1356],"class_list":["post-64930","page","type-page","status-publish","has-post-thumbnail","hentry","dep-cosmetic-dentistry"],"_links":{"self":[{"href":"https:\/\/www.turkaesthetic.com\/it\/wp-json\/wp\/v2\/pages\/64930","targetHints":{"allow":["GET"]}}],"collection":[{"href":"https:\/\/www.turkaesthetic.com\/it\/wp-json\/wp\/v2\/pages"}],"about":[{"href":"https:\/\/www.turkaesthetic.com\/it\/wp-json\/wp\/v2\/types\/page"}],"author":[{"embeddable":true,"href":"https:\/\/www.turkaesthetic.com\/it\/wp-json\/wp\/v2\/users\/4"}],"replies":[{"embeddable":true,"href":"https:\/\/www.turkaesthetic.com\/it\/wp-json\/wp\/v2\/comments?post=64930"}],"version-history":[{"count":1,"href":"https:\/\/www.turkaesthetic.com\/it\/wp-json\/wp\/v2\/pages\/64930\/revisions"}],"predecessor-version":[{"id":71335,"href":"https:\/\/www.turkaesthetic.com\/it\/wp-json\/wp\/v2\/pages\/64930\/revisions\/71335"}],"wp:featuredmedia":[{"embeddable":true,"href":"https:\/\/www.turkaesthetic.com\/it\/wp-json\/wp\/v2\/media\/64760"}],"wp:attachment":[{"href":"https:\/\/www.turkaesthetic.com\/it\/wp-json\/wp\/v2\/media?parent=64930"}],"wp:term":[{"taxonomy":"dep","embeddable":true,"href":"https:\/\/www.turkaesthetic.com\/it\/wp-json\/wp\/v2\/dep?post=64930"}],"curies":[{"name":"wp","href":"https:\/\/api.w.org\/{rel}","templated":true}]}}