{"id":64864,"date":"2025-07-26T13:09:01","date_gmt":"2025-07-26T10:09:01","guid":{"rendered":"https:\/\/www.turkaesthetic.com\/?page_id=64864"},"modified":"2025-08-04T15:07:29","modified_gmt":"2025-08-04T12:07:29","slug":"all-on-4","status":"publish","type":"page","link":"https:\/\/www.turkaesthetic.com\/it\/all-on-4\/","title":{"rendered":"Impianti All on 4"},"content":{"rendered":"\n<p>La tecnica <strong>Impianti All on 4<\/strong> \u00e8 un metodo di trattamento innovativo, sviluppato appositamente per i pazienti con perdita completa dei denti. Con questo metodo, una protesi fissa viene applicata su una singola arcata posizionando solo quattro impianti. Rispetto ai trattamenti implantari tradizionali, questo sistema \u00e8 molto pi\u00f9 rapido, economico e confortevole. \u00c8 una soluzione eccellente, soprattutto per i pazienti che hanno subito una perdita ossea o non sono soddisfatti delle protesi rimovibili.<\/p>\n\n\n\n<p>In un&#8217;unica seduta chirurgica, quattro impianti in titanio vengono inseriti nell&#8217;arcata. Questi impianti costituiscono la base per una protesi dentale fissa ed estetica. I denti fissi provvisori vengono fissati lo stesso giorno, in modo che il paziente non rimanga edentulo.<\/p>\n\n\n\n<h2 class=\"wp-block-heading\">Per chi \u00e8 adatta la tecnica Impianti All on 4?<\/h2>\n\n\n\n<ul class=\"wp-block-list\">\n<li>Persone con perdita completa dei denti.<\/li>\n\n\n\n<li>Persone con volume osseo sufficiente nell&#8217;arcata superiore o inferiore.<\/li>\n\n\n\n<li>Persone che non sopportano le protesi rimovibili.<\/li>\n\n\n\n<li>Persone che hanno poco tempo e desiderano una soluzione rapida.<\/li>\n\n\n\n<li>Persone in cui \u00e8 raccomandato l&#8217;innesto osseo per gli impianti convenzionali.<\/li>\n\n\n\n<li>Questo trattamento \u00e8 ideale per chi desidera denti estetici e funzionali in un solo giorno, senza perdere tempo con procedure chirurgiche avanzate.<\/li>\n<\/ul>\n\n\n\n<h3 class=\"wp-block-heading\">&#8220;Come ottenere denti fissi in 1 giorno con la tecnica degli Impianti All on 4?&#8221;<\/h3>\n\n\n\n<p>Nel video qui sotto, puoi osservare in dettaglio tutte le fasi degli impianti All-on-4. La visita, il posizionamento dell&#8217;impianto, l&#8217;inserimento dei denti provvisori e la transizione ai denti fissi permanenti vengono spiegati visivamente. Inoltre, il video include anche le tecnologie utilizzate durante la procedura, le testimonianze dei pazienti e le spiegazioni del medico sul processo. Se stai cercando una soluzione permanente, estetica e confortevole alla perdita dei denti, questo video sar\u00e0 la fonte ideale per conoscere pi\u00f9 da vicino il trattamento. Guarda ora per vedere le esperienze reali dei pazienti e ogni dettaglio del processo di trattamento!<\/p>\n\n\n\n<figure class=\"wp-block-embed is-type-video is-provider-youtube wp-block-embed-youtube wp-embed-aspect-16-9 wp-has-aspect-ratio\"><div class=\"wp-block-embed__wrapper\">\n<iframe loading=\"lazy\" title=\"Dental Implants in Turkey: 20 Years Guarantee\" width=\"800\" height=\"450\" src=\"https:\/\/www.youtube.com\/embed\/TBysQr_RQJA?feature=oembed\" frameborder=\"0\" allow=\"accelerometer; autoplay; clipboard-write; encrypted-media; gyroscope; picture-in-picture; web-share\" referrerpolicy=\"strict-origin-when-cross-origin\" allowfullscreen><\/iframe>\n<\/div><figcaption class=\"wp-element-caption\"><strong>Impianti All on 4<\/strong><\/figcaption><\/figure>\n\n\n\n<hr class=\"wp-block-separator has-alpha-channel-opacity\"\/>\n\n\n\n<h3 class=\"wp-block-heading\"><strong>Come si applica?<\/strong><\/h3>\n\n\n<div id=\"rank-math-howto\" class=\"rank-math-block\" >\n<div class=\"rank-math-howto-description\">\n\n<p>Le fasi del processo sono le seguenti:<\/p>\n\n<\/div>\n<p class=\"rank-math-howto-duration\"><strong>Tempo totale:<\/strong> <span>10 minuti<\/span><\/p>\n<div class=\"rank-math-steps \">\n<div id=\"howto-step-1753522438757\" class=\"rank-math-step\">\n<h3 class=\"rank-math-step-title \">Prima del trattamento<\/h3>\n<div class=\"rank-math-step-content \"><p>Esame dettagliato e imaging 3D: il dentista esamina l&#8217;interno della bocca ed esegue una tomografia digitale (radiografia 3D) per valutare le condizioni dell&#8217;osso mascellare.<br \/>Pianificazione del trattamento: le aree e le angolazioni per il posizionamento degli impianti vengono pianificate utilizzando un software speciale.<\/p>\n<\/div>\n<\/div>\n<div id=\"howto-step-1753960160453\" class=\"rank-math-step\">\n<h3 class=\"rank-math-step-title \">Durante il trattamento<\/h3>\n<div class=\"rank-math-step-content \"><p>Procedura chirurgica: solitamente eseguita in anestesia locale, vengono inseriti 4 impianti (2 nella parte anteriore e 2 nella parte posteriore della mascella). Gli impianti posteriori vengono posizionati con un&#8217;angolazione tale da massimizzare il supporto osseo.<br \/>Denti fissi temporanei: il paziente riceve una protesi fissa temporanea il giorno stesso. Ci\u00f2 significa che il paziente pu\u00f2 continuare a vivere senza essere edentulo.<\/p>\n<\/div>\n<\/div>\n<div id=\"howto-step-1753960167797\" class=\"rank-math-step\">\n<h3 class=\"rank-math-step-title \">Dopo il trattamento<\/h3>\n<div class=\"rank-math-step-content \"><p>Applicazione della protesi permanente: dopo 3-4 mesi, una volta che gli impianti si sono completamente fusi con l&#8217;osso, vengono inseriti denti fissi permanenti, esteticamente e funzionalmente perfetti.<\/p>\n<\/div>\n<\/div>\n<\/div>\n<\/div>\n<p class=\"rank-math-howto-estimatedCost\"><strong>Costo stimato:<\/strong> <span>360 Euro<\/span><\/p>\n\n\n\n\n\n<h4 class=\"wp-block-heading\">Perch\u00e9 gli Impianti All on 4?<\/h4>\n\n\n\n<p>Il trattamento con impianti All-on-4 non solo garantisce un sorriso estetico, ma ripristina anche il comfort nella vita quotidiana:<\/p>\n\n\n\n<ul class=\"wp-block-list\">\n<li>Denti fissi in un solo giorno: sia gli impianti che i denti provvisori vengono inseriti lo stesso giorno.<\/li>\n\n\n\n<li>Meno impianti, trattamento pi\u00f9 economico: solo 4 impianti invece di 8-10.<\/li>\n\n\n\n<li>L&#8217;innesto osseo \u00e8 spesso superfluo: il posizionamento angolato dell&#8217;impianto riduce la necessit\u00e0 di ulteriori interventi chirurgici.<\/li>\n\n\n\n<li>Risparmio di tempo: risultati pi\u00f9 rapidi.<\/li>\n\n\n\n<li>Pulizia pi\u00f9 semplice: progettato per un uso igienico.<\/li>\n\n\n\n<li>Elevata soddisfazione del paziente: miglioramento della masticazione, della parola e dell&#8217;estetica del sorriso.<\/li>\n<\/ul>\n\n\n\n<h5 class=\"wp-block-heading\">Cura post-trattamento per gli impianti All-on-4<\/h5>\n\n\n\n<ul class=\"wp-block-list\">\n<li>Nei primi giorni, limitarsi a cibi morbidi. Mantenere l&#8217;igiene orale con spazzolini e scovolini speciali.<\/li>\n\n\n\n<li>Evitare fumo e alcol, poich\u00e9 potrebbero influire negativamente sulla guarigione.<\/li>\n\n\n\n<li>Non saltare i controlli regolari.<\/li>\n\n\n\n<li>Evitare cibi estremamente duri fino all&#8217;inserimento dei denti permanenti.<\/li>\n<\/ul>\n\n\n\n<h3 class=\"wp-block-heading\">Prima e dopo gli Impianti All on 4ll-on-4<\/h3>\n\n\n\n<p>I pazienti che hanno perso completamente i denti ottengono denti estetici, fissi e dall&#8217;aspetto naturale dopo gli impianti All-on-4. Potete vedere questa trasformazione nella foto qui sotto:<\/p>\n\n\n<style>.kb-gallery-id-64864_c88c4c-9d .kadence-blocks-gallery-item .kb-gal-image-radius, .kb-gallery-id-64864_c88c4c-9d .kb-slide-item .kb-gal-image-radius img{border-radius:0px 0px 0px 0px;;}.kb-gallery-wrap-id-64864_c88c4c-9d.wp-block-kadence-advancedgallery{overflow:visible;}.kb-gallery-wrap-id-64864_c88c4c-9d.wp-block-kadence-advancedgallery .kt-blocks-carousel{overflow:visible;}<\/style><div class=\"kb-gallery-wrap-id-64864_c88c4c-9d alignnone wp-block-kadence-advancedgallery\"><div class=\"kb-gallery-ul kb-gallery-non-static kb-gallery-type-slider kb-gallery-id-64864_c88c4c-9d kb-gallery-caption-style-bottom-hover kb-gallery-filter-none\" data-image-filter=\"none\" data-lightbox-caption=\"true\"><div class=\"kt-blocks-carousel splide kt-carousel-container-dotstyle-dark kt-carousel-arrowstyle-whiteondark kt-carousel-dotstyle-dark kb-slider-group-arrow kb-slider-arrow-position-center\" data-slider-anim-speed=\"400\" data-slider-scroll=\"1\" data-slider-arrows=\"true\" data-slider-fade=\"true\" data-slider-dots=\"true\" data-slider-type=\"slider\" data-slider-hover-pause=\"false\" data-slider-auto=\"\" data-slider-speed=\"7000\" data-show-pause-button=\"false\"><div class=\"splide__track\"><ul class=\"kt-blocks-carousel-init kb-blocks-slider splide__list\"><li class=\"kb-slide-item kb-gallery-slide-item splide__slide\"><div class=\"kadence-blocks-gallery-item\"><div class=\"kadence-blocks-gallery-item-inner\"><figure class=\"kb-gallery-figure kadence-blocks-gallery-item-hide-caption\"><div class=\"kb-gal-image-radius\"><div class=\"kb-gallery-image-contain kadence-blocks-gallery-intrinsic kb-gallery-image-ratio-land32 kb-has-image-ratio-land32\" ><img loading=\"lazy\" decoding=\"async\" src=\"https:\/\/www.turkaesthetic.com\/wp-content\/uploads\/2023\/11\/before-after-dental-implant-4.jpg\" width=\"1200\" height=\"800\" alt=\"Di\u015f implant\u0131 \u00f6ncesi ve sonras\u0131\" data-full-image=\"https:\/\/www.turkaesthetic.com\/wp-content\/uploads\/2023\/11\/before-after-dental-implant-4.jpg\" data-light-image=\"https:\/\/www.turkaesthetic.com\/wp-content\/uploads\/2023\/11\/before-after-dental-implant-4.jpg\" data-id=\"45374\" class=\"wp-image-45374 skip-lazy\"\/><\/div><\/div><\/figure><\/div><\/div><\/li><li class=\"kb-slide-item kb-gallery-slide-item splide__slide\"><div class=\"kadence-blocks-gallery-item\"><div class=\"kadence-blocks-gallery-item-inner\"><figure class=\"kb-gallery-figure kadence-blocks-gallery-item-hide-caption\"><div class=\"kb-gal-image-radius\"><div class=\"kb-gallery-image-contain kadence-blocks-gallery-intrinsic kb-gallery-image-ratio-land32 kb-has-image-ratio-land32\" ><img loading=\"lazy\" decoding=\"async\" src=\"https:\/\/www.turkaesthetic.com\/wp-content\/uploads\/2023\/11\/before-after-dental-implant-3.jpg\" width=\"1200\" height=\"800\" alt=\"Di\u015f implant\u0131 \u00f6ncesi ve sonras\u0131\" data-full-image=\"https:\/\/www.turkaesthetic.com\/wp-content\/uploads\/2023\/11\/before-after-dental-implant-3.jpg\" data-light-image=\"https:\/\/www.turkaesthetic.com\/wp-content\/uploads\/2023\/11\/before-after-dental-implant-3.jpg\" data-id=\"45365\" class=\"wp-image-45365 skip-lazy\"\/><\/div><\/div><\/figure><\/div><\/div><\/li><li class=\"kb-slide-item kb-gallery-slide-item splide__slide\"><div class=\"kadence-blocks-gallery-item\"><div class=\"kadence-blocks-gallery-item-inner\"><figure class=\"kb-gallery-figure kadence-blocks-gallery-item-hide-caption\"><div class=\"kb-gal-image-radius\"><div class=\"kb-gallery-image-contain kadence-blocks-gallery-intrinsic kb-gallery-image-ratio-land32 kb-has-image-ratio-land32\" ><img loading=\"lazy\" decoding=\"async\" src=\"https:\/\/www.turkaesthetic.com\/wp-content\/uploads\/2023\/11\/before-after-dental-implant-2.jpg\" width=\"1200\" height=\"800\" alt=\"Di\u015f implant\u0131 \u00f6ncesi ve sonras\u0131\" data-full-image=\"https:\/\/www.turkaesthetic.com\/wp-content\/uploads\/2023\/11\/before-after-dental-implant-2.jpg\" data-light-image=\"https:\/\/www.turkaesthetic.com\/wp-content\/uploads\/2023\/11\/before-after-dental-implant-2.jpg\" data-id=\"45356\" class=\"wp-image-45356 skip-lazy\"\/><\/div><\/div><\/figure><\/div><\/div><\/li><li class=\"kb-slide-item kb-gallery-slide-item splide__slide\"><div class=\"kadence-blocks-gallery-item\"><div class=\"kadence-blocks-gallery-item-inner\"><figure class=\"kb-gallery-figure kadence-blocks-gallery-item-hide-caption\"><div class=\"kb-gal-image-radius\"><div class=\"kb-gallery-image-contain kadence-blocks-gallery-intrinsic kb-gallery-image-ratio-land32 kb-has-image-ratio-land32\" ><img loading=\"lazy\" decoding=\"async\" src=\"https:\/\/www.turkaesthetic.com\/wp-content\/uploads\/2023\/11\/before-after-dental-implant-1.jpg\" width=\"1200\" height=\"800\" alt=\"Di\u015f implant\u0131 \u00f6ncesi ve sonras\u0131\" data-full-image=\"https:\/\/www.turkaesthetic.com\/wp-content\/uploads\/2023\/11\/before-after-dental-implant-1.jpg\" data-light-image=\"https:\/\/www.turkaesthetic.com\/wp-content\/uploads\/2023\/11\/before-after-dental-implant-1.jpg\" data-id=\"45347\" class=\"wp-image-45347 skip-lazy\"\/><\/div><\/div><\/figure><\/div><\/div><\/li><\/ul><\/div><\/div><\/div><\/div>\n\n\n<hr class=\"wp-block-separator has-alpha-channel-opacity\"\/>\n\n\n\n<h2 class=\"wp-block-heading\">Domande frequenti \u2013 Impianti All on 4<\/h2>\n\n\n<div id=\"rank-math-faq\" class=\"rank-math-block\">\n<div class=\"rank-math-list \">\n<div id=\"faq-question-1753522615956\" class=\"rank-math-list-item\">\n<h3 class=\"rank-math-question \">La procedura di Impianti All on 4 \u00e8 dolorosa?<\/h3>\n<div class=\"rank-math-answer \">\n\n<p>No. Viene eseguita in anestesia locale ed \u00e8 indolore. Potrebbe verificarsi una leggera sensibilit\u00e0 successiva.<\/p>\n\n<\/div>\n<\/div>\n<div id=\"faq-question-1753960267475\" class=\"rank-math-list-item\">\n<h3 class=\"rank-math-question \">I denti vengono davvero inseriti lo stesso giorno?<\/h3>\n<div class=\"rank-math-answer \">\n\n<p>S\u00ec. In alcuni casi, i denti fissi temporanei vengono inseriti lo stesso giorno, in modo che il paziente non rimanga senza denti.<\/p>\n\n<\/div>\n<\/div>\n<div id=\"faq-question-1753960273379\" class=\"rank-math-list-item\">\n<h3 class=\"rank-math-question \">Quanto durano gli impianti All on 4?<\/h3>\n<div class=\"rank-math-answer \">\n\n<p>Con cure adeguate e controlli regolari, possono durare tutta la vita.<\/p>\n\n<\/div>\n<\/div>\n<div id=\"faq-question-1753960277903\" class=\"rank-math-list-item\">\n<h3 class=\"rank-math-question \">Quanti giorni devo rimanere a Istanbul?<\/h3>\n<div class=\"rank-math-answer \">\n\n<p>Per la prima fase, di solito sono sufficienti 2-3 giorni. Per la seconda visita, per l&#8217;inserimento dei denti permanenti, sono sufficienti 5-7 giorni.<\/p>\n\n<\/div>\n<\/div>\n<div id=\"faq-question-1753960283405\" class=\"rank-math-list-item\">\n<h3 class=\"rank-math-question \">La procedura All on 4 pu\u00f2 essere eseguita su una sola arcata?<\/h3>\n<div class=\"rank-math-answer \">\n\n<p>S\u00ec. Pu\u00f2 essere applicata solo all&#8217;arcata superiore o solo a quella inferiore.<\/p>\n\n<\/div>\n<\/div>\n<\/div>\n<\/div>\n\n\n<p>Infine, per maggiori informazioni o per richiedere un preventivo, potete\u00a0<a href=\"https:\/\/www.turkaesthetic.com\/it\/contact-us\/\" target=\"_blank\" rel=\"noreferrer noopener\">contattare<\/a>\u00a0<a href=\"https:\/\/www.youtube.com\/channel\/UC0zggzdm5CFwpRMmn_CPpFQ\" target=\"_blank\" rel=\"noreferrer noopener\">Turk Aesthetic<\/a>\u00a0a Istanbul, in Turchia, tramite i loro canali ufficiali.<br><\/p>\n","protected":false},"excerpt":{"rendered":"<p>La tecnica Impianti All on 4 \u00e8 un metodo di trattamento innovativo, sviluppato appositamente per i pazienti con perdita completa dei denti. Con questo metodo, una protesi fissa viene applicata su una singola arcata posizionando solo quattro impianti. Rispetto ai trattamenti implantari tradizionali, questo sistema \u00e8 molto pi\u00f9 rapido, economico e confortevole. \u00c8 una soluzione [&hellip;]<\/p>\n","protected":false},"author":4,"featured_media":64743,"parent":0,"menu_order":0,"comment_status":"closed","ping_status":"closed","template":"","meta":{"footnotes":""},"dep":[1356],"class_list":["post-64864","page","type-page","status-publish","has-post-thumbnail","hentry","dep-cosmetic-dentistry"],"_links":{"self":[{"href":"https:\/\/www.turkaesthetic.com\/it\/wp-json\/wp\/v2\/pages\/64864","targetHints":{"allow":["GET"]}}],"collection":[{"href":"https:\/\/www.turkaesthetic.com\/it\/wp-json\/wp\/v2\/pages"}],"about":[{"href":"https:\/\/www.turkaesthetic.com\/it\/wp-json\/wp\/v2\/types\/page"}],"author":[{"embeddable":true,"href":"https:\/\/www.turkaesthetic.com\/it\/wp-json\/wp\/v2\/users\/4"}],"replies":[{"embeddable":true,"href":"https:\/\/www.turkaesthetic.com\/it\/wp-json\/wp\/v2\/comments?post=64864"}],"version-history":[{"count":0,"href":"https:\/\/www.turkaesthetic.com\/it\/wp-json\/wp\/v2\/pages\/64864\/revisions"}],"wp:featuredmedia":[{"embeddable":true,"href":"https:\/\/www.turkaesthetic.com\/it\/wp-json\/wp\/v2\/media\/64743"}],"wp:attachment":[{"href":"https:\/\/www.turkaesthetic.com\/it\/wp-json\/wp\/v2\/media?parent=64864"}],"wp:term":[{"taxonomy":"dep","embeddable":true,"href":"https:\/\/www.turkaesthetic.com\/it\/wp-json\/wp\/v2\/dep?post=64864"}],"curies":[{"name":"wp","href":"https:\/\/api.w.org\/{rel}","templated":true}]}}