{"id":64798,"date":"2025-07-25T17:03:12","date_gmt":"2025-07-25T14:03:12","guid":{"rendered":"https:\/\/www.turkaesthetic.com\/?page_id=64798"},"modified":"2025-08-07T12:54:00","modified_gmt":"2025-08-07T09:54:00","slug":"root-canal-treatment","status":"publish","type":"page","link":"https:\/\/www.turkaesthetic.com\/it\/root-canal-treatment\/","title":{"rendered":"Trattamento Canalare"},"content":{"rendered":"\n<p>Il <strong>trattamento canalare<\/strong> \u00e8 una procedura odontoiatrica eseguita quando il tessuto vivo (polpa) all&#8217;interno del dente si infiamma o si danneggia. Viene eseguito per impedire l&#8217;estrazione del dente infetto e per garantire che rimanga sano in bocca.<\/p>\n\n\n\n<p>Questa condizione si presenta in genere con sintomi come dolore, sensibilit\u00e0, sensibilit\u00e0 al caldo o al freddo o la presenza di un ascesso. Tuttavia, con un trattamento canalare tempestivo, il dente pu\u00f2 essere salvato e continuare a funzionare per molti anni.<\/p>\n\n\n\n<h2 class=\"wp-block-heading\">Perch\u00e9 \u00e8 necessario il trattamento canalare?<\/h2>\n\n\n\n<p>Il nervo e il tessuto sanguigno all&#8217;interno del dente possono infiammarsi o danneggiarsi per vari motivi, tra cui:<\/p>\n\n\n\n<ul class=\"wp-block-list\">\n<li>Carie profonde.<\/li>\n\n\n\n<li>Fratture dentali causate da traumi.<\/li>\n\n\n\n<li>Otturazioni precedenti fallite.<\/li>\n\n\n\n<li>Forte impatto sul dente.<\/li>\n\n\n\n<li>Infezione o ascesso nel dente.<\/li>\n\n\n\n<li>Se non trattate, queste condizioni possono portare alla diffusione dell&#8217;infezione ai tessuti circostanti e alla fine causare la perdita del dente. Pertanto, il <a href=\"https:\/\/www.turkaesthetic.com\/it\/treatment\/\" target=\"_blank\" data-type=\"page\" data-id=\"28102\" rel=\"noreferrer noopener\">trattamento<\/a> canalare \u00e8 la soluzione ideale per salvare il dente anzich\u00e9 estrarlo.<\/li>\n<\/ul>\n\n\n\n<figure class=\"wp-block-embed is-type-video is-provider-youtube wp-block-embed-youtube wp-embed-aspect-16-9 wp-has-aspect-ratio\"><div class=\"wp-block-embed__wrapper\">\n<iframe loading=\"lazy\" title=\"Root Canal Treatment in Turkey - Turk Aesthetic\" width=\"800\" height=\"450\" src=\"https:\/\/www.youtube.com\/embed\/zgCdD_UW0tg?feature=oembed\" frameborder=\"0\" allow=\"accelerometer; autoplay; clipboard-write; encrypted-media; gyroscope; picture-in-picture; web-share\" referrerpolicy=\"strict-origin-when-cross-origin\" allowfullscreen><\/iframe>\n<\/div><figcaption class=\"wp-element-caption\">Trattamento Canalare<\/figcaption><\/figure>\n\n\n\n<hr class=\"wp-block-separator has-alpha-channel-opacity\"\/>\n\n\n\n<h3 class=\"wp-block-heading\">Come si svolge?<\/h3>\n\n\n<div id=\"rank-math-howto\" class=\"rank-math-block\" >\n<div class=\"rank-math-howto-description\">\n\n<p>La devitalizzazione \u00e8 una procedura indolore eseguita in anestesia locale e si completa in genere in 1 o 2 sedute.<\/p>\n\n<\/div>\n<p class=\"rank-math-howto-duration\"><strong>Tempo totale:<\/strong> <span>20 minuti<\/span><\/p>\n<div class=\"rank-math-steps \">\n<div id=\"howto-step-1753451839847\" class=\"rank-math-step\">\n<h3 class=\"rank-math-step-title \">Prima della procedura:<\/h3>\n<div class=\"rank-math-step-content \"><p>Visita e radiografia: vengono valutate le condizioni del dente e viene determinata l&#8217;estensione del tessuto infetto.<\/p>\n<\/div>\n<\/div>\n<div id=\"howto-step-1753789587394\" class=\"rank-math-step\">\n<h3 class=\"rank-math-step-title \">Durante la procedura:<\/h3>\n<div class=\"rank-math-step-content \"><p>Accesso al dente: la carie viene rimossa e si crea l&#8217;accesso alla parte interna del dente.<br \/>Anestesia locale: garantisce l&#8217;assenza di dolore durante la procedura.<br \/>Pulizia del canale: il tessuto nervoso infetto viene rimosso utilizzando strumenti speciali e i canali vengono disinfettati.<br \/>Sagomatura del canale: i canali vengono sagomati e asciugati adeguatamente.<br \/>Otturazione del canale: i canali puliti vengono sigillati con uno speciale materiale da otturazione.<\/p>\n<\/div>\n<\/div>\n<div id=\"howto-step-1753789599989\" class=\"rank-math-step\">\n<h3 class=\"rank-math-step-title \">Dopo la procedura:<\/h3>\n<div class=\"rank-math-step-content \"><p>Otturazione superiore o corona: se necessario, la parte superiore del dente viene restaurata con un&#8217;otturazione o una corona in porcellana.<\/p>\n<\/div>\n<\/div>\n<\/div>\n<\/div>\n<p class=\"rank-math-howto-estimatedCost\"><strong>Costo stimato:<\/strong> <span>75 Euro<\/span><\/p>\n\n\n\n\n\n<h4 class=\"wp-block-heading\">Vantaggi Trattamento Canalare<\/h4>\n\n\n\n<ul class=\"wp-block-list\">\n<li>Previene l&#8217;estrazione del dente.<\/li>\n\n\n\n<li>Preserva la struttura naturale del dente.<\/li>\n\n\n\n<li>Mantiene la funzione masticatoria.<\/li>\n\n\n\n<li>Mantiene intatto l&#8217;aspetto estetico.<\/li>\n\n\n\n<li>Garantisce risultati duraturi.<\/li>\n\n\n\n<li>Con controlli regolari e una buona igiene orale, un dente sottoposto a<a href=\"https:\/\/www.turkaesthetic.com\/it\/dentistry-it\/root-canal-treatment\/\" data-type=\"post\" data-id=\"51738\" target=\"_blank\" rel=\"noreferrer noopener\"> trattamento canalare<\/a> pu\u00f2 rimanere sano e funzionale per molti anni.<\/li>\n<\/ul>\n\n\n\n<hr class=\"wp-block-separator has-alpha-channel-opacity\"\/>\n\n\n\n<h3 class=\"wp-block-heading\">Cure post-trattamento dopo la devitalizzazione<\/h3>\n\n\n\n<p>Il recupero dopo una devitalizzazione \u00e8 generalmente agevole, ma per garantire risultati ottimali, \u00e8 necessario seguire le seguenti linee guida:<\/p>\n\n\n\n<p><strong>Evitare cibi duri per le prime 24 ore<\/strong><\/p>\n\n\n\n<p>Il dente trattato potrebbe essere ancora fragile e a rischio di fratture. Mangiare cibi morbidi durante questo periodo.<\/p>\n\n\n\n<p><strong>Una sensibilit\u00e0 temporanea \u00e8 normale<\/strong><\/p>\n\n\n\n<p>Potrebbe verificarsi un lieve fastidio o sensibilit\u00e0 al caldo o al freddo. In genere, questo sintomo scompare entro pochi giorni.<\/p>\n\n\n\n<p><strong>Mantenere una buona igiene orale<\/strong><\/p>\n\n\n\n<p>Lavarsi i denti due volte al giorno e non dimenticare di usare regolarmente il filo interdentale.<\/p>\n\n\n\n<p><strong>Presentarsi alle visite di controllo dal dentista<\/strong><\/p>\n\n\n\n<p>Non saltare i controlli programmati. Se necessario, il dentista potrebbe consigliare una corona per una maggiore protezione.<\/p>\n\n\n\n<p><strong>Segnalare dolore o gonfiore persistenti<\/strong><\/p>\n\n\n\n<p>Se si avverte dolore, gonfiore o pressione prolungati, consultare immediatamente il dentista.<\/p>\n\n\n\n<h2 class=\"wp-block-heading\">Domande frequenti &#8211; Trattamento Canalare<\/h2>\n\n\n<div id=\"rank-math-faq\" class=\"rank-math-block\">\n<div class=\"rank-math-list \">\n<div id=\"faq-question-1753452010678\" class=\"rank-math-list-item\">\n<h3 class=\"rank-math-question \">La devitalizzazione \u00e8 dolorosa?<\/h3>\n<div class=\"rank-math-answer \">\n\n<p>No. La procedura viene eseguita in anestesia locale, il che la rende indolore. Un leggero fastidio dopo la procedura \u00e8 normale e temporaneo.<\/p>\n\n<\/div>\n<\/div>\n<div id=\"faq-question-1753789728926\" class=\"rank-math-list-item\">\n<h3 class=\"rank-math-question \">Quante sedute sono necessarie?<\/h3>\n<div class=\"rank-math-answer \">\n\n<p>Nella maggior parte dei casi, la procedura si completa in un&#8217;unica seduta. Potrebbe essere necessaria una seconda visita in caso di infezione.<\/p>\n\n<\/div>\n<\/div>\n<div id=\"faq-question-1753789733428\" class=\"rank-math-list-item\">\n<h3 class=\"rank-math-question \">Quanto durer\u00e0 il dente dopo il trattamento?<\/h3>\n<div class=\"rank-math-answer \">\n\n<p>Con cure adeguate, un dente trattato con una devitalizzazione pu\u00f2 durare 10 anni o pi\u00f9.<\/p>\n\n<\/div>\n<\/div>\n<div id=\"faq-question-1753789737914\" class=\"rank-math-list-item\">\n<h3 class=\"rank-math-question \">\u00c8 necessaria una corona in seguito?<\/h3>\n<div class=\"rank-math-answer \">\n\n<p>Di solito \u00e8 necessaria per i denti posteriori. Un&#8217;otturazione pu\u00f2 essere sufficiente per i denti anteriori.<\/p>\n\n<\/div>\n<\/div>\n<div id=\"faq-question-1753789743512\" class=\"rank-math-list-item\">\n<h3 class=\"rank-math-question \">Un dente trattato con una devitalizzazione pu\u00f2 infettarsi di nuovo?<\/h3>\n<div class=\"rank-math-answer \">\n\n<p>S\u00ec, soprattutto se l&#8217;igiene orale \u00e8 scarsa o se l&#8217;otturazione perde. I controlli dentistici regolari sono essenziali.<\/p>\n\n<\/div>\n<\/div>\n<\/div>\n<\/div>\n\n\n<p>Infine, per maggiori informazioni o per richiedere un preventivo, potete&nbsp;<a href=\"https:\/\/www.turkaesthetic.com\/it\/contact-us\/\" target=\"_blank\" rel=\"noreferrer noopener\">contattare<\/a>&nbsp;<a href=\"https:\/\/www.youtube.com\/channel\/UC0zggzdm5CFwpRMmn_CPpFQ\" target=\"_blank\" rel=\"noreferrer noopener\">Turk Aesthetic<\/a>&nbsp;a Istanbul, in Turchia, tramite i loro canali ufficiali.<\/p>\n","protected":false},"excerpt":{"rendered":"<p>Il trattamento canalare \u00e8 una procedura odontoiatrica eseguita quando il tessuto vivo (polpa) all&#8217;interno del dente si infiamma o si danneggia. Viene eseguito per impedire l&#8217;estrazione del dente infetto e per garantire che rimanga sano in bocca. Questa condizione si presenta in genere con sintomi come dolore, sensibilit\u00e0, sensibilit\u00e0 al caldo o al freddo o [&hellip;]<\/p>\n","protected":false},"author":4,"featured_media":64713,"parent":0,"menu_order":0,"comment_status":"closed","ping_status":"closed","template":"","meta":{"footnotes":""},"dep":[1356],"class_list":["post-64798","page","type-page","status-publish","has-post-thumbnail","hentry","dep-cosmetic-dentistry"],"_links":{"self":[{"href":"https:\/\/www.turkaesthetic.com\/it\/wp-json\/wp\/v2\/pages\/64798","targetHints":{"allow":["GET"]}}],"collection":[{"href":"https:\/\/www.turkaesthetic.com\/it\/wp-json\/wp\/v2\/pages"}],"about":[{"href":"https:\/\/www.turkaesthetic.com\/it\/wp-json\/wp\/v2\/types\/page"}],"author":[{"embeddable":true,"href":"https:\/\/www.turkaesthetic.com\/it\/wp-json\/wp\/v2\/users\/4"}],"replies":[{"embeddable":true,"href":"https:\/\/www.turkaesthetic.com\/it\/wp-json\/wp\/v2\/comments?post=64798"}],"version-history":[{"count":0,"href":"https:\/\/www.turkaesthetic.com\/it\/wp-json\/wp\/v2\/pages\/64798\/revisions"}],"wp:featuredmedia":[{"embeddable":true,"href":"https:\/\/www.turkaesthetic.com\/it\/wp-json\/wp\/v2\/media\/64713"}],"wp:attachment":[{"href":"https:\/\/www.turkaesthetic.com\/it\/wp-json\/wp\/v2\/media?parent=64798"}],"wp:term":[{"taxonomy":"dep","embeddable":true,"href":"https:\/\/www.turkaesthetic.com\/it\/wp-json\/wp\/v2\/dep?post=64798"}],"curies":[{"name":"wp","href":"https:\/\/api.w.org\/{rel}","templated":true}]}}