{"id":64571,"date":"2025-07-07T15:29:11","date_gmt":"2025-07-07T12:29:11","guid":{"rendered":"https:\/\/www.turkaesthetic.com\/?page_id=64571"},"modified":"2025-08-06T16:34:26","modified_gmt":"2025-08-06T13:34:26","slug":"laser-teeth-whitening","status":"publish","type":"page","link":"https:\/\/www.turkaesthetic.com\/it\/laser-teeth-whitening\/","title":{"rendered":"Sbiancamento Dentale Laser"},"content":{"rendered":"\n<p>Lo <strong>sbiancamento dentale laser (<\/strong>bleaching) \u00e8 un trattamento odontoiatrico estetico rapido ed efficace, utilizzato per eliminare ingiallimento, macchie e un aspetto opaco dei denti. Uno speciale gel sbiancante applicato sulla superficie del dente viene attivato dalla luce laser. In questo modo, \u00e8 possibile ottenere un colore dei denti di diverse tonalit\u00e0 pi\u00f9 bianco senza danneggiare lo smalto.<\/p>\n\n\n\n<p>Oggi, con il crescente interesse per l&#8217;estetica del sorriso, le procedure di sbiancamento laser sono spesso preferite sia dalle donne che dagli uomini. Offre una soluzione rapida, soprattutto per le discromie causate dal consumo di t\u00e8, caff\u00e8 e fumo.<\/p>\n\n\n\n<figure class=\"wp-block-embed is-type-video is-provider-youtube wp-block-embed-youtube wp-embed-aspect-16-9 wp-has-aspect-ratio\"><div class=\"wp-block-embed__wrapper\">\n<iframe loading=\"lazy\" title=\"Teeth Whitening - Turk Aesthetic\" width=\"800\" height=\"450\" src=\"https:\/\/www.youtube.com\/embed\/p0FJ2ExiKfM?feature=oembed\" frameborder=\"0\" allow=\"accelerometer; autoplay; clipboard-write; encrypted-media; gyroscope; picture-in-picture; web-share\" referrerpolicy=\"strict-origin-when-cross-origin\" allowfullscreen><\/iframe>\n<\/div><figcaption class=\"wp-element-caption\"><strong>Sbiancamento Dentale Laser<\/strong><\/figcaption><\/figure>\n\n\n\n<hr class=\"wp-block-separator has-alpha-channel-opacity\"\/>\n\n\n\n<h3 class=\"wp-block-heading\">etodi di Sbiancamento Dentale<\/h3>\n\n\n\n<p>Lo sbiancamento <a href=\"https:\/\/www.turkaesthetic.com\/it\/dentistry-it\/dental-restoration-turkey\/\" target=\"_blank\" data-type=\"post\" data-id=\"54684\" rel=\"noreferrer noopener\">dentale<\/a> viene generalmente eseguito utilizzando tre metodi principali:<\/p>\n\n\n\n<ol class=\"wp-block-list\">\n<li>Sbiancamento dentale laser in studio<\/li>\n<\/ol>\n\n\n\n<p>Questo metodo viene eseguito da un dentista specializzato in un ambiente clinico. Uno speciale gel sbiancante viene applicato sui denti, che viene poi attivato dalla luce laser. La procedura dura circa 30-45 minuti e i risultati sono immediatamente visibili. \u00c8 il metodo pi\u00f9 efficace e veloce.<\/p>\n\n\n\n<ol start=\"2\" class=\"wp-block-list\">\n<li>Sbiancamento domiciliare<\/li>\n<\/ol>\n\n\n\n<p>I kit per lo sbiancamento dei denti per uso domestico sono disponibili in farmacia o nei negozi che vendono prodotti medicali.<\/p>\n\n\n\n<h2 class=\"wp-block-heading\">Come si esegue lo sbiancamento dentale laser?<\/h2>\n\n\n<div id=\"rank-math-howto\" class=\"rank-math-block\" >\n<div class=\"rank-math-howto-description\">\n\n<p>Lo sbiancamento dentale laser si svolge nelle seguenti fasi:<\/p>\n\n<\/div>\n<p class=\"rank-math-howto-duration\"><strong>Tempo totale:<\/strong> <span>45 minuti<\/span><\/p>\n<div class=\"rank-math-steps \">\n<div id=\"howto-step-1751889456487\" class=\"rank-math-step\">\n<h3 class=\"rank-math-step-title \"><strong>Visita e valutazione dell&#8217;idoneit\u00e0:<\/strong><\/h3>\n<div class=\"rank-math-step-content \"><p>Il dentista valuta le gengive, la presenza di carie e la salute orale generale.<\/p>\n<\/div>\n<\/div>\n<div id=\"howto-step-1752744380405\" class=\"rank-math-step\">\n<h3 class=\"rank-math-step-title \">Pulzia dei denti:<\/h3>\n<div class=\"rank-math-step-content \"><p>L&#8217;eventuale tartaro viene rimosso prima della procedura e viene garantita l&#8217;igiene orale.<\/p>\n<\/div>\n<\/div>\n<div id=\"howto-step-1752744384523\" class=\"rank-math-step\">\n<h3 class=\"rank-math-step-title \">Applicazione del gel:<\/h3>\n<div class=\"rank-math-step-content \"><p>Le gengive vengono isolate con uno speciale materiale protettivo e un gel sbiancante viene applicato sulla superficie dei denti.<\/p>\n<\/div>\n<\/div>\n<div id=\"howto-step-1752744389379\" class=\"rank-math-step\">\n<h3 class=\"rank-math-step-title \">Attivazione con luce laser:<\/h3>\n<div class=\"rank-math-step-content \"><p>La luce laser attiva i principi attivi del gel, schiarendo il colore dei denti. Questa fase dura in genere 15-20 minuti e pu\u00f2 essere ripetuta 1-2 volte.<\/p>\n<\/div>\n<\/div>\n<\/div>\n<\/div>\n<p class=\"rank-math-howto-estimatedCost\"><strong>Costo stimato:<\/strong> <span>150 Euro<\/span><\/p>\n\n\n\n\n\n<hr class=\"wp-block-separator has-alpha-channel-opacity\"\/>\n\n\n\n<h3 class=\"wp-block-heading\">Sbiancamento Dentale Laser dentale laser<\/h3>\n\n\n\n<p><strong>Lo Sbiancamento Dentale Laser offre numerosi vantaggi:<\/strong><\/p>\n\n\n\n<ul class=\"wp-block-list\">\n<li>Risultati rapidi: Denti visibilmente pi\u00f9 bianchi in una sola seduta. Indolore e confortevole: non richiede anestesia locale e generalmente non si avverte dolore o fastidio.<\/li>\n\n\n\n<li>Procedura sicura: se eseguita da esperti, non danneggia lo smalto dei denti.<\/li>\n\n\n\n<li>Miglioramento estetico: si traduce in un sorriso pi\u00f9 luminoso e vibrante.<\/li>\n\n\n\n<li>Effetto duraturo: con la giusta cura, i risultati possono durare 1-2 anni.<\/li>\n<\/ul>\n\n\n\n<p><strong>Aspetti da considerare dopo lo Sbiancamento Dentale Laser<\/strong><\/p>\n\n\n\n<p>Dopo una seduta di sbiancamento, l&#8217;effetto del gel sbiancante continua per un po&#8217;. Durante questo periodo, i denti diventano pi\u00f9 sensibili ai fattori esterni. Per ottenere risultati duraturi e sani, si consiglia di prestare attenzione ai seguenti punti:<\/p>\n\n\n\n<p><strong>Evitare di mangiare e bere per le prime 2 ore<br><\/strong>Dopo la procedura, potrebbe verificarsi una breve sensibilit\u00e0 dei denti. Durante questo periodo, astenersi dal mangiare e dal bere aiuta l&#8217;effetto del gel a stabilizzarsi completamente.<\/p>\n\n\n\n<p><strong>Evitare cibi e bevande caldi e freddi<\/strong><\/p>\n\n\n\n<p>Per le prime 24 ore, evitare cibi e bevande estremamente caldi o freddi. In particolare, cibi come zuppe, caff\u00e8 e gelati possono aumentare la sensibilit\u00e0 dentale.<\/p>\n\n\n\n<p><strong>Evita t\u00e8, caff\u00e8 e cibi colorati<\/strong><\/p>\n\n\n\n<p>Per almeno una settimana, evita cibi e bevande colorati come t\u00e8, caff\u00e8, vino rosso, succo di ciliegia e salsa di pomodoro. Queste sostanze possono causare scolorimento dei denti.<\/p>\n\n\n\n<p><strong>Non fumare n\u00e9 usare prodotti a base di tabacco<\/strong><\/p>\n\n\n\n<p>Il fumo non solo riduce il bianco dei denti, ma danneggia anche le gengive e la salute orale in generale. Soprattutto nei primi giorni dopo lo sbiancamento, \u00e8 fondamentale evitare completamente il fumo.<\/p>\n\n\n\n<p><strong>Mantieni una routine di spazzolamento regolare<\/strong><\/p>\n\n\n\n<p>Lava i denti almeno due volte al giorno con uno spazzolino a setole morbide. Dopo lo sbiancamento, \u00e8 importante prestare particolare attenzione all&#8217;igiene orale.<\/p>\n\n\n\n<p><strong>Puoi usare un dentifricio sbiancante<\/strong><\/p>\n\n\n\n<p>L&#8217;uso di un dentifricio sbiancante consigliato dal tuo dentista pu\u00f2 aiutare a mantenere i risultati pi\u00f9 a lungo.<\/p>\n\n\n\n<h3 class=\"wp-block-heading\">Prima e dopo<\/h3>\n\n\n\n<p>Prima del trattamento, i denti possono apparire ingialliti, macchiati dal fumo o dal caff\u00e8 e generalmente opachi. Dopo lo sbiancamento laser, si ottiene una notevole luminosit\u00e0, una tonalit\u00e0 pi\u00f9 chiara e un aspetto pi\u00f9 pulito. Questo fa una differenza visibile nell&#8217;estetica del sorriso e aumenta l&#8217;autostima.<\/p>\n\n\n<style>.kb-gallery-id-64571_23ac49-1e .kadence-blocks-gallery-item .kb-gal-image-radius, .kb-gallery-id-64571_23ac49-1e .kb-slide-item .kb-gal-image-radius img{border-radius:0px 0px 0px 0px;;}.kb-gallery-wrap-id-64571_23ac49-1e.wp-block-kadence-advancedgallery{overflow:visible;}.kb-gallery-wrap-id-64571_23ac49-1e.wp-block-kadence-advancedgallery .kt-blocks-carousel{overflow:visible;}<\/style><div class=\"kb-gallery-wrap-id-64571_23ac49-1e alignnone wp-block-kadence-advancedgallery\"><div class=\"kb-gallery-ul kb-gallery-non-static kb-gallery-type-slider kb-gallery-id-64571_23ac49-1e kb-gallery-caption-style-bottom-hover kb-gallery-filter-none\" data-image-filter=\"none\" data-lightbox-caption=\"true\"><div class=\"kt-blocks-carousel splide kt-carousel-container-dotstyle-dark kt-carousel-arrowstyle-whiteondark kt-carousel-dotstyle-dark kb-slider-group-arrow kb-slider-arrow-position-center\" data-slider-anim-speed=\"400\" data-slider-scroll=\"1\" data-slider-arrows=\"true\" data-slider-fade=\"true\" data-slider-dots=\"true\" data-slider-type=\"slider\" data-slider-hover-pause=\"false\" data-slider-auto=\"\" data-slider-speed=\"7000\" data-show-pause-button=\"false\"><div class=\"splide__track\"><ul class=\"kt-blocks-carousel-init kb-blocks-slider splide__list\"><li class=\"kb-slide-item kb-gallery-slide-item splide__slide\"><div class=\"kadence-blocks-gallery-item\"><div class=\"kadence-blocks-gallery-item-inner\"><figure class=\"kb-gallery-figure kadence-blocks-gallery-item-hide-caption\"><div class=\"kb-gal-image-radius\"><div class=\"kb-gallery-image-contain kadence-blocks-gallery-intrinsic kb-gallery-image-ratio-land32 kb-has-image-ratio-land32\" ><img loading=\"lazy\" decoding=\"async\" src=\"https:\/\/www.turkaesthetic.com\/wp-content\/uploads\/2023\/08\/before-after-laser-teeth-whitening-in-turkey-1.webp\" width=\"1200\" height=\"800\" alt=\"Prima e dopo lo sbiancamento dei denti\" data-full-image=\"https:\/\/www.turkaesthetic.com\/wp-content\/uploads\/2023\/08\/before-after-laser-teeth-whitening-in-turkey-1.webp\" data-light-image=\"https:\/\/www.turkaesthetic.com\/wp-content\/uploads\/2023\/08\/before-after-laser-teeth-whitening-in-turkey-1.webp\" data-id=\"65125\" class=\"wp-image-65125 skip-lazy\"\/><\/div><\/div><\/figure><\/div><\/div><\/li><li class=\"kb-slide-item kb-gallery-slide-item splide__slide\"><div class=\"kadence-blocks-gallery-item\"><div class=\"kadence-blocks-gallery-item-inner\"><figure class=\"kb-gallery-figure kadence-blocks-gallery-item-hide-caption\"><div class=\"kb-gal-image-radius\"><div class=\"kb-gallery-image-contain kadence-blocks-gallery-intrinsic kb-gallery-image-ratio-land32 kb-has-image-ratio-land32\" ><img loading=\"lazy\" decoding=\"async\" src=\"https:\/\/www.turkaesthetic.com\/wp-content\/uploads\/2023\/11\/before-after-teeth-whitening-1.jpg\" width=\"1200\" height=\"800\" alt=\"Prima e dopo lo sbiancamento dei denti\" data-full-image=\"https:\/\/www.turkaesthetic.com\/wp-content\/uploads\/2023\/11\/before-after-teeth-whitening-1.jpg\" data-light-image=\"https:\/\/www.turkaesthetic.com\/wp-content\/uploads\/2023\/11\/before-after-teeth-whitening-1.jpg\" data-id=\"46676\" class=\"wp-image-46676 skip-lazy\"\/><\/div><\/div><\/figure><\/div><\/div><\/li><li class=\"kb-slide-item kb-gallery-slide-item splide__slide\"><div class=\"kadence-blocks-gallery-item\"><div class=\"kadence-blocks-gallery-item-inner\"><figure class=\"kb-gallery-figure kadence-blocks-gallery-item-hide-caption\"><div class=\"kb-gal-image-radius\"><div class=\"kb-gallery-image-contain kadence-blocks-gallery-intrinsic kb-gallery-image-ratio-land32 kb-has-image-ratio-land32\" ><img loading=\"lazy\" decoding=\"async\" src=\"https:\/\/www.turkaesthetic.com\/wp-content\/uploads\/2023\/11\/before-after-teeth-whitening-2.jpg\" width=\"1200\" height=\"800\" alt=\"Prima e dopo lo sbiancamento dei denti\" data-full-image=\"https:\/\/www.turkaesthetic.com\/wp-content\/uploads\/2023\/11\/before-after-teeth-whitening-2.jpg\" data-light-image=\"https:\/\/www.turkaesthetic.com\/wp-content\/uploads\/2023\/11\/before-after-teeth-whitening-2.jpg\" data-id=\"46685\" class=\"wp-image-46685 skip-lazy\"\/><\/div><\/div><\/figure><\/div><\/div><\/li><li class=\"kb-slide-item kb-gallery-slide-item splide__slide\"><div class=\"kadence-blocks-gallery-item\"><div class=\"kadence-blocks-gallery-item-inner\"><figure class=\"kb-gallery-figure kadence-blocks-gallery-item-hide-caption\"><div class=\"kb-gal-image-radius\"><div class=\"kb-gallery-image-contain kadence-blocks-gallery-intrinsic kb-gallery-image-ratio-land32 kb-has-image-ratio-land32\" ><img loading=\"lazy\" decoding=\"async\" src=\"https:\/\/www.turkaesthetic.com\/wp-content\/uploads\/2023\/11\/before-after-teeth-whitening-3.jpg\" width=\"1200\" height=\"800\" alt=\"Prima e dopo lo sbiancamento dei denti\" data-full-image=\"https:\/\/www.turkaesthetic.com\/wp-content\/uploads\/2023\/11\/before-after-teeth-whitening-3.jpg\" data-light-image=\"https:\/\/www.turkaesthetic.com\/wp-content\/uploads\/2023\/11\/before-after-teeth-whitening-3.jpg\" data-id=\"46694\" class=\"wp-image-46694 skip-lazy\"\/><\/div><\/div><\/figure><\/div><\/div><\/li><li class=\"kb-slide-item kb-gallery-slide-item splide__slide\"><div class=\"kadence-blocks-gallery-item\"><div class=\"kadence-blocks-gallery-item-inner\"><figure class=\"kb-gallery-figure kadence-blocks-gallery-item-hide-caption\"><div class=\"kb-gal-image-radius\"><div class=\"kb-gallery-image-contain kadence-blocks-gallery-intrinsic kb-gallery-image-ratio-land32 kb-has-image-ratio-land32\" ><img loading=\"lazy\" decoding=\"async\" src=\"https:\/\/www.turkaesthetic.com\/wp-content\/uploads\/2023\/12\/Teeth-whitening-before-after-4.webp\" width=\"1200\" height=\"800\" alt=\"Prima e dopo lo sbiancamento dei denti\" data-full-image=\"https:\/\/www.turkaesthetic.com\/wp-content\/uploads\/2023\/12\/Teeth-whitening-before-after-4.webp\" data-light-image=\"https:\/\/www.turkaesthetic.com\/wp-content\/uploads\/2023\/12\/Teeth-whitening-before-after-4.webp\" data-id=\"49627\" class=\"wp-image-49627 skip-lazy\"\/><\/div><\/div><\/figure><\/div><\/div><\/li><li class=\"kb-slide-item kb-gallery-slide-item splide__slide\"><div class=\"kadence-blocks-gallery-item\"><div class=\"kadence-blocks-gallery-item-inner\"><figure class=\"kb-gallery-figure kadence-blocks-gallery-item-hide-caption\"><div class=\"kb-gal-image-radius\"><div class=\"kb-gallery-image-contain kadence-blocks-gallery-intrinsic kb-gallery-image-ratio-land32 kb-has-image-ratio-land32\" ><img loading=\"lazy\" decoding=\"async\" src=\"https:\/\/www.turkaesthetic.com\/wp-content\/uploads\/2023\/12\/Teeth-whitening-before-after-5.webp\" width=\"1200\" height=\"800\" alt=\"Prima e dopo lo sbiancamento dei denti\" data-full-image=\"https:\/\/www.turkaesthetic.com\/wp-content\/uploads\/2023\/12\/Teeth-whitening-before-after-5.webp\" data-light-image=\"https:\/\/www.turkaesthetic.com\/wp-content\/uploads\/2023\/12\/Teeth-whitening-before-after-5.webp\" data-id=\"49636\" class=\"wp-image-49636 skip-lazy\"\/><\/div><\/div><\/figure><\/div><\/div><\/li><\/ul><\/div><\/div><\/div><\/div>\n\n\n<h2 class=\"wp-block-heading\">Domande frequenti &#8211; Sbiancamento Dentale Laser<\/h2>\n\n\n<div id=\"rank-math-faq\" class=\"rank-math-block\">\n<div class=\"rank-math-list \">\n<div id=\"faq-question-1751889553627\" class=\"rank-math-list-item\">\n<h3 class=\"rank-math-question \">Lo Sbiancamento Dentale Laser pu\u00f2 essere eseguito su tutti?<\/h3>\n<div class=\"rank-math-answer \">\n\n<p>In generale, \u00e8 adatto a persone sane. Tuttavia, non \u00e8 raccomandato per donne in gravidanza, madri che allattano o persone con gravi problemi gengivali.<\/p>\n\n<\/div>\n<\/div>\n<div id=\"faq-question-1752744482736\" class=\"rank-math-list-item\">\n<h3 class=\"rank-math-question \">Si verifica sensibilit\u00e0 dopo lo Sbiancamento Dentale Laser?<\/h3>\n<div class=\"rank-math-answer \">\n\n<p>Pu\u00f2 verificarsi una sensibilit\u00e0 temporanea, che in genere si risolve spontaneamente entro 24-48 ore.<\/p>\n\n<\/div>\n<\/div>\n<div id=\"faq-question-1752744487831\" class=\"rank-math-list-item\">\n<h3 class=\"rank-math-question \">Quanto dura l&#8217;effetto sbiancante?<\/h3>\n<div class=\"rank-math-answer \">\n\n<p>Se il consumo di sostanze macchianti come caff\u00e8, t\u00e8 e sigarette \u00e8 limitato, l&#8217;effetto pu\u00f2 durare da 1 a 2 anni.<\/p>\n\n<\/div>\n<\/div>\n<div id=\"faq-question-1752744494525\" class=\"rank-math-list-item\">\n<h3 class=\"rank-math-question \">Il laser \u00e8 dannoso?<\/h3>\n<div class=\"rank-math-answer \">\n\n<p>No, i laser dentali sono controllati e sicuri. Non danneggiano lo smalto dei denti.<\/p>\n\n<\/div>\n<\/div>\n<div id=\"faq-question-1752744499139\" class=\"rank-math-list-item\">\n<h3 class=\"rank-math-question \">Lo sbiancamento laser funziona anche su denti con faccette o otturazioni?<\/h3>\n<div class=\"rank-math-answer \">\n\n<p>No, questo processo \u00e8 efficace solo sui tessuti dentali naturali. Non altera il colore di faccette o otturazioni.kes a visible difference in smile aesthetics and boosts a person\u2019s self-confidence.<\/p>\n\n<\/div>\n<\/div>\n<\/div>\n<\/div>\n\n\n<p>Infine, per maggiori informazioni o per richiedere un preventivo, potete&nbsp;<a href=\"https:\/\/www.turkaesthetic.com\/it\/contact-us\/\" target=\"_blank\" rel=\"noreferrer noopener\"><strong>contattare<\/strong><\/a>&nbsp;<strong><a href=\"https:\/\/www.youtube.com\/channel\/UC0zggzdm5CFwpRMmn_CPpFQ\" target=\"_blank\" rel=\"noreferrer noopener\">Turk Aesthetic<\/a>&nbsp;<\/strong>a Istanbul, in Turchia, tramite i loro canali ufficiali.<br><\/p>\n","protected":false},"excerpt":{"rendered":"<p>Lo sbiancamento dentale laser (bleaching) \u00e8 un trattamento odontoiatrico estetico rapido ed efficace, utilizzato per eliminare ingiallimento, macchie e un aspetto opaco dei denti. Uno speciale gel sbiancante applicato sulla superficie del dente viene attivato dalla luce laser. In questo modo, \u00e8 possibile ottenere un colore dei denti di diverse tonalit\u00e0 pi\u00f9 bianco senza danneggiare [&hellip;]<\/p>\n","protected":false},"author":4,"featured_media":64504,"parent":0,"menu_order":0,"comment_status":"closed","ping_status":"closed","template":"","meta":{"footnotes":""},"dep":[1356],"class_list":["post-64571","page","type-page","status-publish","has-post-thumbnail","hentry","dep-cosmetic-dentistry"],"_links":{"self":[{"href":"https:\/\/www.turkaesthetic.com\/it\/wp-json\/wp\/v2\/pages\/64571","targetHints":{"allow":["GET"]}}],"collection":[{"href":"https:\/\/www.turkaesthetic.com\/it\/wp-json\/wp\/v2\/pages"}],"about":[{"href":"https:\/\/www.turkaesthetic.com\/it\/wp-json\/wp\/v2\/types\/page"}],"author":[{"embeddable":true,"href":"https:\/\/www.turkaesthetic.com\/it\/wp-json\/wp\/v2\/users\/4"}],"replies":[{"embeddable":true,"href":"https:\/\/www.turkaesthetic.com\/it\/wp-json\/wp\/v2\/comments?post=64571"}],"version-history":[{"count":0,"href":"https:\/\/www.turkaesthetic.com\/it\/wp-json\/wp\/v2\/pages\/64571\/revisions"}],"wp:featuredmedia":[{"embeddable":true,"href":"https:\/\/www.turkaesthetic.com\/it\/wp-json\/wp\/v2\/media\/64504"}],"wp:attachment":[{"href":"https:\/\/www.turkaesthetic.com\/it\/wp-json\/wp\/v2\/media?parent=64571"}],"wp:term":[{"taxonomy":"dep","embeddable":true,"href":"https:\/\/www.turkaesthetic.com\/it\/wp-json\/wp\/v2\/dep?post=64571"}],"curies":[{"name":"wp","href":"https:\/\/api.w.org\/{rel}","templated":true}]}}