{"id":64487,"date":"2025-07-05T12:42:16","date_gmt":"2025-07-05T09:42:16","guid":{"rendered":"https:\/\/www.turkaesthetic.com\/?page_id=64487"},"modified":"2025-07-21T16:35:36","modified_gmt":"2025-07-21T13:35:36","slug":"dental-crowns","status":"publish","type":"page","link":"https:\/\/www.turkaesthetic.com\/it\/dental-crowns\/","title":{"rendered":"Corone Dentali"},"content":{"rendered":"\n<p>Le <strong>corone dentali<\/strong> sono un trattamento dentale specializzato applicato alla superficie anteriore dei denti per scopi estetici e funzionali. Coprono completamente il dente o solo l&#8217;area visibile. Oggi, nel campo dell&#8217;odontoiatria estetica, zirconio, E-max, faccette e Lumineer si distinguono come soluzioni che trasformano l&#8217;estetica del sorriso dei pazienti.<\/p>\n\n\n\n<figure class=\"wp-block-embed is-type-video is-provider-youtube wp-block-embed-youtube wp-embed-aspect-16-9 wp-has-aspect-ratio\"><div class=\"wp-block-embed__wrapper\">\n<iframe loading=\"lazy\" title=\"Dental Crowns - Turk Aesthetic\" width=\"800\" height=\"450\" src=\"https:\/\/www.youtube.com\/embed\/ZXMWDcQCJs0?feature=oembed\" frameborder=\"0\" allow=\"accelerometer; autoplay; clipboard-write; encrypted-media; gyroscope; picture-in-picture; web-share\" referrerpolicy=\"strict-origin-when-cross-origin\" allowfullscreen><\/iframe>\n<\/div><\/figure>\n\n\n\n<h2 class=\"wp-block-heading\">Come si svolge la procedura di corona dentale?<\/h2>\n\n\n<div id=\"rank-math-howto\" class=\"rank-math-block\" >\n<div class=\"rank-math-howto-description\">\n\n<p>La procedura di corona dentale viene pianificata in base alla struttura orale del paziente e alle sue aspettative estetiche. I passaggi generali sono i seguenti:<\/p>\n\n<\/div>\n<p class=\"rank-math-howto-duration\"><strong>Tempo totale:<\/strong> <span>5 giorni<\/span><\/p>\n<div class=\"rank-math-steps \">\n<div id=\"howto-step-1751706281662\" class=\"rank-math-step\">\n<h3 class=\"rank-math-step-title \">Visita e pianificazione<\/h3>\n<div class=\"rank-math-step-content \"><p>Le scansioni intraorali digitali vengono utilizzate per rilevare le misure dei denti.<\/p>\n<\/div>\n<\/div>\n<div id=\"howto-step-1751882713859\" class=\"rank-math-step\">\n<h3 class=\"rank-math-step-title \">Preparazione del dente:<\/h3>\n<div class=\"rank-math-step-content \"><p>Se necessario, viene eseguita una minima levigatura dei denti.<\/p>\n<\/div>\n<\/div>\n<div id=\"howto-step-1751882723925\" class=\"rank-math-step\">\n<h3 class=\"rank-math-step-title \">Corone provvisorie:<\/h3>\n<div class=\"rank-math-step-content \"><p>Durante la preparazione delle faccette permanenti, vengono applicate quelle provvisorie per proteggere i denti.<\/p>\n<\/div>\n<\/div>\n<div id=\"howto-step-1751882730767\" class=\"rank-math-step\">\n<h3 class=\"rank-math-step-title \">Applicazione delle corone:<\/h3>\n<div class=\"rank-math-step-content \"><p>Le corone preparate vengono incollate ai denti utilizzando adesivi speciali. Questa procedura pu\u00f2 essere applicata sia ai denti anteriori che a quelli posteriori. La durata media del trattamento \u00e8 di 4-7 giorni.<\/p>\n<\/div>\n<\/div>\n<\/div>\n<\/div>\n<p class=\"rank-math-howto-estimatedCost\"><strong>Costo stimato:<\/strong> <span>130 Euro<\/span><\/p>\n\n\n\n\n\n<h3 class=\"wp-block-heading\">Per chi \u00e8 adatto?<\/h3>\n\n\n\n<ul class=\"wp-block-list\">\n<li>Persone con denti scoloriti o macchiati.<\/li>\n\n\n\n<li>Persone con denti rotti, incrinati o usurati.<\/li>\n\n\n\n<li>Persone che desiderano migliorare l&#8217;estetica del proprio sorriso (Hollywood Smile).<\/li>\n\n\n\n<li>Persone con spazi tra i denti.<\/li>\n\n\n\n<li>Persone con denti anteriori deformi.<\/li>\n\n\n\n<li>Tuttavia, ai pazienti con gravi malattie gengivali, carie avanzata o bruxismo (digrignamento dei denti) si consiglia di trattare questi problemi prima di sottoporsi a procedure di faccette.<\/li>\n<\/ul>\n\n\n\n<h4 class=\"wp-block-heading\">Tipi di faccette dentali e loro confronto<\/h4>\n\n\n\n<p><strong>Corone in <a href=\"https:\/\/www.turkaesthetic.com\/it\/zirconium-crown\/\" target=\"_blank\" data-type=\"page\" data-id=\"50749\" rel=\"noreferrer noopener\">zirconio<\/a><\/strong><\/p>\n\n\n\n<p>Vantaggi: Elevata durata, senza metallo, offre un bianco naturale.<br>Area di utilizzo: Ideale sia per i denti posteriori che per i denti anteriori estetici.<\/p>\n\n\n\n<p><strong>Corone <a href=\"https:\/\/www.turkaesthetic.com\/it\/dentistry-it\/emax-veneer\/\" target=\"_blank\" data-type=\"post\" data-id=\"51640\" rel=\"noreferrer noopener\">E-Max<\/a>:<\/strong><\/p>\n\n\n\n<p>Vantaggi: Realizzate in vetroceramica con la massima trasmissione luminosa.<br>Area di utilizzo: Offre risultati eccellenti, soprattutto per l&#8217;estetica dei denti anteriori.<\/p>\n\n\n\n<p><strong><a href=\"https:\/\/www.turkaesthetic.com\/it\/dentistry-it\/emax-veneer\/\" target=\"_blank\" data-type=\"post\" data-id=\"51640\" rel=\"noreferrer noopener\">Faccette<\/a> (laminato in porcellana)<\/strong><\/p>\n\n\n\n<p>Vantaggi: richiedono una riduzione minima dei denti, offrono un aspetto estetico ottimale.<br>Ambito di utilizzo: offrono una soluzione estetica con un intervento minimo sui denti anteriori.<\/p>\n\n\n\n<p><strong><a href=\"https:\/\/www.turkaesthetic.com\/it\/dental-lumineers\/\" target=\"_blank\" data-type=\"page\" data-id=\"21779\" rel=\"noreferrer noopener\">Lumineers<\/a><\/strong><\/p>\n\n\n\n<p>Vantaggi: possono essere applicate senza radere i denti, struttura ultrasottile.<br>Ambito di utilizzo: ideali per persone con denti sensibili, offrono un design del sorriso indolore.<\/p>\n\n\n\n<h3 class=\"wp-block-heading\">Cosa fare prima e dopo le corone dentali<\/h3>\n\n\n\n<p><strong>Prima della procedura:<\/strong><\/p>\n\n\n\n<ul class=\"wp-block-list\">\n<li>\u00c8 necessario controllare la salute delle gengive.<\/li>\n\n\n\n<li>Potrebbe essere necessaria una pulizia dentale professionale.<\/li>\n\n\n\n<li>Evitare sostanze che causano scolorimento come caff\u00e8 e sigarette<\/li>\n<\/ul>\n\n\n\n<p><strong>Dopo la procedura:<\/strong><\/p>\n\n\n\n<ul class=\"wp-block-list\">\n<li>Evitare cibi duri.<\/li>\n\n\n\n<li>Mantenere l&#8217;abitudine di lavarsi i denti due volte al giorno.<\/li>\n\n\n\n<li>Si consiglia l&#8217;uso di filo interdentale e idropulsori.<\/li>\n\n\n\n<li>Si consiglia di effettuare controlli dentistici ogni 6 mesi.<\/li>\n<\/ul>\n\n\n\n<h3 class=\"wp-block-heading\">Prima e dopo le corone dentali<\/h3>\n\n\n<style>.kb-gallery-id-64487_e68a9f-47 .kadence-blocks-gallery-item .kb-gal-image-radius, .kb-gallery-id-64487_e68a9f-47 .kb-slide-item .kb-gal-image-radius img{border-radius:0px 0px 0px 0px;;}.kb-gallery-wrap-id-64487_e68a9f-47.wp-block-kadence-advancedgallery{overflow:visible;}.kb-gallery-wrap-id-64487_e68a9f-47.wp-block-kadence-advancedgallery .kt-blocks-carousel{overflow:visible;}<\/style><div class=\"kb-gallery-wrap-id-64487_e68a9f-47 alignnone wp-block-kadence-advancedgallery\"><div class=\"kb-gallery-ul kb-gallery-non-static kb-gallery-type-slider kb-gallery-id-64487_e68a9f-47 kb-gallery-caption-style-bottom-hover kb-gallery-filter-none\" data-image-filter=\"none\" data-lightbox-caption=\"true\"><div class=\"kt-blocks-carousel splide kt-carousel-container-dotstyle-dark kt-carousel-arrowstyle-whiteondark kt-carousel-dotstyle-dark kb-slider-group-arrow kb-slider-arrow-position-center\" data-slider-anim-speed=\"400\" data-slider-scroll=\"1\" data-slider-arrows=\"true\" data-slider-fade=\"true\" data-slider-dots=\"true\" data-slider-type=\"slider\" data-slider-hover-pause=\"false\" data-slider-auto=\"\" data-slider-speed=\"7000\" data-show-pause-button=\"false\"><div class=\"splide__track\"><ul class=\"kt-blocks-carousel-init kb-blocks-slider splide__list\"><li class=\"kb-slide-item kb-gallery-slide-item splide__slide\"><div class=\"kadence-blocks-gallery-item\"><div class=\"kadence-blocks-gallery-item-inner\"><figure class=\"kb-gallery-figure kadence-blocks-gallery-item-hide-caption\"><div class=\"kb-gal-image-radius\"><div class=\"kb-gallery-image-contain kadence-blocks-gallery-intrinsic kb-gallery-image-ratio-land32 kb-has-image-ratio-land32\" ><img loading=\"lazy\" decoding=\"async\" src=\"https:\/\/www.turkaesthetic.com\/wp-content\/uploads\/2023\/12\/Dental-Crown-before-after-1.webp\" width=\"1200\" height=\"800\" alt=\"Di\u015f kaplamas\u0131 \u00f6ncesi ve sonras\u0131\" data-full-image=\"https:\/\/www.turkaesthetic.com\/wp-content\/uploads\/2023\/12\/Dental-Crown-before-after-1.webp\" data-light-image=\"https:\/\/www.turkaesthetic.com\/wp-content\/uploads\/2023\/12\/Dental-Crown-before-after-1.webp\" data-id=\"48886\" class=\"wp-image-48886 skip-lazy\"\/><\/div><\/div><\/figure><\/div><\/div><\/li><li class=\"kb-slide-item kb-gallery-slide-item splide__slide\"><div class=\"kadence-blocks-gallery-item\"><div class=\"kadence-blocks-gallery-item-inner\"><figure class=\"kb-gallery-figure kadence-blocks-gallery-item-hide-caption\"><div class=\"kb-gal-image-radius\"><div class=\"kb-gallery-image-contain kadence-blocks-gallery-intrinsic kb-gallery-image-ratio-land32 kb-has-image-ratio-land32\" ><img loading=\"lazy\" decoding=\"async\" src=\"https:\/\/www.turkaesthetic.com\/wp-content\/uploads\/2023\/12\/Dental-Crown-before-after-2.webp\" width=\"1200\" height=\"800\" alt=\"Di\u015f kaplamas\u0131 \u00f6ncesi ve sonras\u0131\" data-full-image=\"https:\/\/www.turkaesthetic.com\/wp-content\/uploads\/2023\/12\/Dental-Crown-before-after-2.webp\" data-light-image=\"https:\/\/www.turkaesthetic.com\/wp-content\/uploads\/2023\/12\/Dental-Crown-before-after-2.webp\" data-id=\"48895\" class=\"wp-image-48895 skip-lazy\"\/><\/div><\/div><\/figure><\/div><\/div><\/li><li class=\"kb-slide-item kb-gallery-slide-item splide__slide\"><div class=\"kadence-blocks-gallery-item\"><div class=\"kadence-blocks-gallery-item-inner\"><figure class=\"kb-gallery-figure kadence-blocks-gallery-item-hide-caption\"><div class=\"kb-gal-image-radius\"><div class=\"kb-gallery-image-contain kadence-blocks-gallery-intrinsic kb-gallery-image-ratio-land32 kb-has-image-ratio-land32\" ><img loading=\"lazy\" decoding=\"async\" src=\"https:\/\/www.turkaesthetic.com\/wp-content\/uploads\/2023\/12\/Dental-Crown-before-after-3.webp\" width=\"1200\" height=\"800\" alt=\"Di\u015f kaplamas\u0131 \u00f6ncesi ve sonras\u0131\" data-full-image=\"https:\/\/www.turkaesthetic.com\/wp-content\/uploads\/2023\/12\/Dental-Crown-before-after-3.webp\" data-light-image=\"https:\/\/www.turkaesthetic.com\/wp-content\/uploads\/2023\/12\/Dental-Crown-before-after-3.webp\" data-id=\"48904\" class=\"wp-image-48904 skip-lazy\"\/><\/div><\/div><\/figure><\/div><\/div><\/li><li class=\"kb-slide-item kb-gallery-slide-item splide__slide\"><div class=\"kadence-blocks-gallery-item\"><div class=\"kadence-blocks-gallery-item-inner\"><figure class=\"kb-gallery-figure kadence-blocks-gallery-item-hide-caption\"><div class=\"kb-gal-image-radius\"><div class=\"kb-gallery-image-contain kadence-blocks-gallery-intrinsic kb-gallery-image-ratio-land32 kb-has-image-ratio-land32\" ><img loading=\"lazy\" decoding=\"async\" src=\"https:\/\/www.turkaesthetic.com\/wp-content\/uploads\/2023\/12\/Dental-Crown-before-after-4.webp\" width=\"1200\" height=\"800\" alt=\"Di\u015f kaplamas\u0131 \u00f6ncesi ve sonras\u0131\" data-full-image=\"https:\/\/www.turkaesthetic.com\/wp-content\/uploads\/2023\/12\/Dental-Crown-before-after-4.webp\" data-light-image=\"https:\/\/www.turkaesthetic.com\/wp-content\/uploads\/2023\/12\/Dental-Crown-before-after-4.webp\" data-id=\"48913\" class=\"wp-image-48913 skip-lazy\"\/><\/div><\/div><\/figure><\/div><\/div><\/li><li class=\"kb-slide-item kb-gallery-slide-item splide__slide\"><div class=\"kadence-blocks-gallery-item\"><div class=\"kadence-blocks-gallery-item-inner\"><figure class=\"kb-gallery-figure kadence-blocks-gallery-item-hide-caption\"><div class=\"kb-gal-image-radius\"><div class=\"kb-gallery-image-contain kadence-blocks-gallery-intrinsic kb-gallery-image-ratio-land32 kb-has-image-ratio-land32\" ><img loading=\"lazy\" decoding=\"async\" src=\"https:\/\/www.turkaesthetic.com\/wp-content\/uploads\/2023\/12\/Dental-Crown-before-after-5.webp\" width=\"1200\" height=\"800\" alt=\"Di\u015f kaplamas\u0131 \u00f6ncesi ve sonras\u0131\" data-full-image=\"https:\/\/www.turkaesthetic.com\/wp-content\/uploads\/2023\/12\/Dental-Crown-before-after-5.webp\" data-light-image=\"https:\/\/www.turkaesthetic.com\/wp-content\/uploads\/2023\/12\/Dental-Crown-before-after-5.webp\" data-id=\"48922\" class=\"wp-image-48922 skip-lazy\"\/><\/div><\/div><\/figure><\/div><\/div><\/li><\/ul><\/div><\/div><\/div><\/div>\n\n\n<hr class=\"wp-block-separator has-alpha-channel-opacity\"\/>\n\n\n\n<h3 class=\"wp-block-heading\">Costo delle corone dentali (Istanbul 2025)<\/h3>\n\n\n\n<p>Il costo delle corone dentali a Istanbul varia a seconda del materiale utilizzato, dell&#8217;esperienza del dentista, della posizione della clinica e del numero di faccette applicate:<\/p>\n\n\n\n<p>Corona in zirconio: 130 \u20ac<br>Corona E-Max: 190 \u20ac<br>Faccette e Lumineer: 130 \u20ac &#8211; 190 \u20ac (per dente)<br>Per corone multiple (ad esempio, Hollywood Smile), potrebbero essere offerti pacchetti personalizzati.<\/p>\n\n\n\n<h2 class=\"wp-block-heading\">FAQ \u2013 Corone dentali<\/h2>\n\n\n<div id=\"rank-math-faq\" class=\"rank-math-block\">\n<div class=\"rank-math-list \">\n<div id=\"faq-question-1751706553327\" class=\"rank-math-list-item\">\n<h3 class=\"rank-math-question \">L&#8217;applicazione delle corone dentali \u00e8 dolorosa?<\/h3>\n<div class=\"rank-math-answer \">\n\n<p>No. Viene eseguita in anestesia locale ed \u00e8 generalmente indolore.<\/p>\n\n<\/div>\n<\/div>\n<div id=\"faq-question-1751883014448\" class=\"rank-math-list-item\">\n<h3 class=\"rank-math-question \">Quanto durano le corone dentali?<\/h3>\n<div class=\"rank-math-answer \">\n\n<p>Con la cura adeguata, possono durare 10-15 anni o anche di pi\u00f9 senza problemi.<\/p>\n\n<\/div>\n<\/div>\n<div id=\"faq-question-1751883019193\" class=\"rank-math-list-item\">\n<h3 class=\"rank-math-question \">Le corone dentali cambiano colore?<\/h3>\n<div class=\"rank-math-answer \">\n\n<p>Le corone dentali come lo zirconio e l&#8217;E-Max hanno un colore stabile, ma un consumo eccessivo di t\u00e8, caff\u00e8 e sigarette pu\u00f2 alterarne il colore.<\/p>\n\n<\/div>\n<\/div>\n<\/div>\n<\/div>\n\n\n<hr class=\"wp-block-separator has-alpha-channel-opacity\"\/>\n\n\n\n<h2 class=\"wp-block-heading\">Conclusione<\/h2>\n\n\n\n<p>Le corone dentali non sono solo una soluzione estetica, ma anche un trattamento che aiuta a ritrovare la fiducia in se stessi. Con opzioni come lo zirconio, l&#8217;E-Max, le faccette e il Lumineer, \u00e8 possibile trovare una soluzione su misura per le esigenze di ogni persona. Come clinica esperta a Istanbul, siamo qui per aiutarti a ottenere il sorriso pi\u00f9 naturale.<\/p>\n\n\n\n<p>Infine, puoi\u00a0<a href=\"https:\/\/www.turkaesthetic.com\/it\/contact-us\/\" target=\"_blank\" data-type=\"link\" data-id=\"https:\/\/www.turkaesthetic.com\/it\/contact-us\/\" rel=\"noreferrer noopener\"><strong>contattarci<\/strong><\/a>\u00a0direttamente tramite il link per richiedere informazioni e prezzi a\u00a0<strong><a href=\"https:\/\/www.youtube.com\/channel\/UC0zggzdm5CFwpRMmn_CPpFQ\" target=\"_blank\" rel=\"noreferrer noopener\">Turk Aesthetic<\/a>\u00a0<\/strong>Istanbul Turkey.<br><\/p>\n","protected":false},"excerpt":{"rendered":"<p>Le corone dentali sono un trattamento dentale specializzato applicato alla superficie anteriore dei denti per scopi estetici e funzionali. Coprono completamente il dente o solo l&#8217;area visibile. Oggi, nel campo dell&#8217;odontoiatria estetica, zirconio, E-max, faccette e Lumineer si distinguono come soluzioni che trasformano l&#8217;estetica del sorriso dei pazienti. Come si svolge la procedura di corona [&hellip;]<\/p>\n","protected":false},"author":4,"featured_media":64430,"parent":0,"menu_order":0,"comment_status":"closed","ping_status":"closed","template":"","meta":{"footnotes":""},"dep":[1356],"class_list":["post-64487","page","type-page","status-publish","has-post-thumbnail","hentry","dep-cosmetic-dentistry"],"_links":{"self":[{"href":"https:\/\/www.turkaesthetic.com\/it\/wp-json\/wp\/v2\/pages\/64487","targetHints":{"allow":["GET"]}}],"collection":[{"href":"https:\/\/www.turkaesthetic.com\/it\/wp-json\/wp\/v2\/pages"}],"about":[{"href":"https:\/\/www.turkaesthetic.com\/it\/wp-json\/wp\/v2\/types\/page"}],"author":[{"embeddable":true,"href":"https:\/\/www.turkaesthetic.com\/it\/wp-json\/wp\/v2\/users\/4"}],"replies":[{"embeddable":true,"href":"https:\/\/www.turkaesthetic.com\/it\/wp-json\/wp\/v2\/comments?post=64487"}],"version-history":[{"count":0,"href":"https:\/\/www.turkaesthetic.com\/it\/wp-json\/wp\/v2\/pages\/64487\/revisions"}],"wp:featuredmedia":[{"embeddable":true,"href":"https:\/\/www.turkaesthetic.com\/it\/wp-json\/wp\/v2\/media\/64430"}],"wp:attachment":[{"href":"https:\/\/www.turkaesthetic.com\/it\/wp-json\/wp\/v2\/media?parent=64487"}],"wp:term":[{"taxonomy":"dep","embeddable":true,"href":"https:\/\/www.turkaesthetic.com\/it\/wp-json\/wp\/v2\/dep?post=64487"}],"curies":[{"name":"wp","href":"https:\/\/api.w.org\/{rel}","templated":true}]}}