{"id":62856,"date":"2025-02-19T14:06:07","date_gmt":"2025-02-19T11:06:07","guid":{"rendered":"https:\/\/www.turkaesthetic.com\/?page_id=62856"},"modified":"2026-04-02T13:06:58","modified_gmt":"2026-04-02T10:06:58","slug":"percutaneous-hair-transplant","status":"publish","type":"page","link":"https:\/\/www.turkaesthetic.com\/it\/percutaneous-hair-transplant\/","title":{"rendered":"Trapianto di Capelli Percutaneo"},"content":{"rendered":"\n<p><strong>Trapianto di capelli percutaneo<\/strong> \u00e8 un metodo specializzato di <a href=\"https:\/\/www.turkaesthetic.com\/it\/hair-transplant\/\" data-type=\"page\" data-id=\"21723\" target=\"_blank\" rel=\"noreferrer noopener\">trapianto di capelli <\/a>in cui vengono praticate minuscole microincisioni rotonde nella zona ricevente per impiantare i follicoli piliferi. Rispetto alle tecniche tradizionali, questo metodo consente di impiantare i follicoli piliferi con angolazioni pi\u00f9 naturali e con una maggiore densit\u00e0, ottenendo risultati pi\u00f9 estetici e naturali<\/p>\n\n\n\n<h3 class=\"wp-block-heading\">Come si esegue il trapianto di capelli con la tecnica percutanea<\/h3>\n\n\n<div id=\"rank-math-howto\" class=\"rank-math-block\" >\n<div class=\"rank-math-howto-description\">\n\n<p>Fasi della procedura<\/p>\n\n<\/div>\n<p class=\"rank-math-howto-duration\"><strong>Tempo totale:<\/strong> <span>7 ore<\/span><\/p>\n<div class=\"rank-math-steps \">\n<div id=\"howto-step-1739958341965\" class=\"rank-math-step\">\n<h3 class=\"rank-math-step-title \">Prima fase<\/h3>\n<div class=\"rank-math-step-content \"><p>Visita e pianificazione: viene analizzato il tipo di calvizie del paziente e viene identificata la zona donatrice.<br \/>Estrazione dei follicoli piliferi: i follicoli piliferi sani vengono estratti dalla zona donatrice (zona della nuca) utilizzando un micromotore o un punch manuale.<\/p>\n<\/div>\n<\/div>\n<div id=\"howto-step-1739958344711\" class=\"rank-math-step\">\n<h3 class=\"rank-math-step-title \"><strong>Fase successiva<\/strong><\/h3>\n<div class=\"rank-math-step-content \"><p>Creazione di microfori: vengono creati microfori rotonde nella zona ricevente utilizzando lame a punta fine progettate appositamente per la tecnica percutanea.<br \/>Impianto degli innesti: i follicoli prelevati vengono quindi impiantati nelle aperture circolari con angolazioni appropriate, garantendo un allineamento e una direzione di crescita naturali.<\/p>\n<\/div>\n<\/div>\n<div id=\"howto-step-1739958354565\" class=\"rank-math-step\">\n<h3 class=\"rank-math-step-title \"><strong>Fase finale<\/strong><\/h3>\n<div class=\"rank-math-step-content \"><p>Bendaggio: Dopo la procedura, l&#8217;area donatrice viene trattata con una crema antibiotica e fasciata.<br \/>Processo di guarigione: Gli innesti iniziano ad assestarsi una volta completato il trapianto e il processo di guarigione viene attentamente monitorato.<\/p>\n<\/div>\n<\/div>\n<\/div>\n<\/div>\n<p class=\"rank-math-howto-estimatedCost\"><strong>Costo stimato:<\/strong> <span>1200 Euro<\/span><\/p>\n\n\n\n\n\n<h3 class=\"wp-block-heading\">Video<\/h3>\n\n\n\n<p>\u00c8 possibile guardare un video per vedere i passaggi dettagliati e i risultati della tecnica percutanea.<\/p>\n\n\n\n<figure class=\"wp-block-embed is-type-video is-provider-youtube wp-block-embed-youtube wp-embed-aspect-16-9 wp-has-aspect-ratio\"><div class=\"wp-block-embed__wrapper\">\n<iframe loading=\"lazy\" title=\"Hair Transplant Techniques - Turk Aesthetic\" width=\"800\" height=\"450\" src=\"https:\/\/www.youtube.com\/embed\/rqiNLzLCCPg?feature=oembed\" frameborder=\"0\" allow=\"accelerometer; autoplay; clipboard-write; encrypted-media; gyroscope; picture-in-picture; web-share\" referrerpolicy=\"strict-origin-when-cross-origin\" allowfullscreen><\/iframe>\n<\/div><figcaption class=\"wp-element-caption\">trapianto di capelli percutaneo<\/figcaption><\/figure>\n\n\n\n<h3 class=\"wp-block-heading\">Chi \u00e8 adatto alla trapianto di capelli percutaneo?<\/h3>\n\n\n\n<p>Questo metodo \u00e8 adatto a chi:<\/p>\n\n\n\n<ul class=\"wp-block-list\">\n<li>Desidera un trapianto di capelli dall&#8217;aspetto naturale<\/li>\n\n\n\n<li>Desidera un impianto denso e voluminoso, soprattutto nell&#8217;attaccatura dei capelli e nella zona frontale.<\/li>\n\n\n\n<li>Non ha ottenuto risultati soddisfacenti con i metodi tradizionali.<\/li>\n\n\n\n<li>Preferisce un processo di recupero pi\u00f9 rapido.<\/li>\n\n\n\n<li>Tuttavia, il trapianto di capelli con tecnica percutanea potrebbe non essere adatto a tutti i pazienti. La struttura dei capelli, le caratteristiche della pelle e le condizioni dell&#8217;area donatrice devono essere valutate da uno specialista qualificato.<\/li>\n<\/ul>\n\n\n\n<h4 class=\"wp-block-heading\">Vantaggi e svantaggi della tecnica percutanea<\/h4>\n\n\n\n<p><strong>Vantaggi:<\/strong><\/p>\n\n\n\n<ul class=\"wp-block-list\">\n<li>Consente un impianto pi\u00f9 denso e compatto.<\/li>\n\n\n\n<li>Grazie ai micropori rotondi, i follicoli si ancorano pi\u00f9 saldamente.<\/li>\n\n\n\n<li>I risultati appaiono pi\u00f9 estetici perch\u00e9 i capelli vengono impiantati con angolazioni naturali.<\/li>\n\n\n\n<li>I tempi di guarigione sono generalmente pi\u00f9 rapidi rispetto alla tecnica FUE.<\/li>\n\n\n\n<li>Si verificano croste e arrossamenti minimi dopo la procedura.<\/li>\n<\/ul>\n\n\n\n<p><strong>Svantaggi:<\/strong><\/p>\n\n\n\n<ul class=\"wp-block-list\">\n<li>Richiede una tecnica specializzata, quindi potrebbe non essere disponibile in tutte le cliniche.<\/li>\n\n\n\n<li>Potrebbe essere pi\u00f9 costoso rispetto ad altre tecniche di trapianto di capelli.<\/li>\n\n\n\n<li>Se non eseguito da professionisti esperti, il risultato desiderato potrebbe non essere raggiunto.<\/li>\n<\/ul>\n\n\n\n<h4 class=\"wp-block-heading\">Istruzioni prima e dopo la trapianto di capelli percutaneo<\/h4>\n\n\n\n<hr class=\"wp-block-separator has-alpha-channel-opacity\"\/>\n\n\n\n<p><strong>Prima della procedura:<\/strong><\/p>\n\n\n\n<ul class=\"wp-block-list\">\n<li>L&#8217;assunzione di farmaci anticoagulanti deve essere interrotta su consiglio del medico.<\/li>\n\n\n\n<li>Si consiglia di ridurre alcol e fumo.<\/li>\n\n\n\n<li>Una corretta alimentazione \u00e8 essenziale per la salute di capelli e cuoio capelluto.<\/li>\n\n\n\n<li>\u00c8 possibile assumere vitamine e minerali che rafforzano i follicoli piliferi.<\/li>\n<\/ul>\n\n\n\n<p><strong>Dopo la procedura:<\/strong><\/p>\n\n\n\n<ul class=\"wp-block-list\">\n<li>Il bendaggio viene rimosso il giorno successivo alla procedura, seguito dal primo lavaggio dei capelli.<\/li>\n\n\n\n<li>Evitare indumenti che potrebbero irritare il cuoio capelluto.<\/li>\n\n\n\n<li>Utilizzare regolarmente i prodotti e le lozioni per la cura del corpo consigliati dal medico.<\/li>\n\n\n\n<li>Evitare attivit\u00e0 fisica intensa, sauna ed esposizione diretta al sole.<\/li>\n<\/ul>\n\n\n\n<figure class=\"wp-block-image size-full\"><img loading=\"lazy\" decoding=\"async\" width=\"800\" height=\"600\" src=\"https:\/\/www.turkaesthetic.com\/wp-content\/uploads\/2025\/02\/perkutan-1.webp\" alt=\"perk\u00fctan tekni\u011fi\" class=\"wp-image-60597\" srcset=\"https:\/\/www.turkaesthetic.com\/wp-content\/uploads\/2025\/02\/perkutan-1.webp 800w, https:\/\/www.turkaesthetic.com\/wp-content\/uploads\/2025\/02\/perkutan-1-768x576.webp 768w\" sizes=\"auto, (max-width: 800px) 100vw, 800px\" \/><figcaption class=\"wp-element-caption\">trapianto di capelli percutaneo<\/figcaption><\/figure>\n\n\n\n<h4 class=\"wp-block-heading\">Quando sono visibili i risultati della trapianto di capelli percutaneo?<\/h4>\n\n\n\n<p>Nei primi tre mesi, i follicoli piliferi trapiantati potrebbero attraversare una fase di shock loss, il che \u00e8 del tutto normale. Dal sesto mese, i nuovi capelli iniziano a crescere. I risultati completi sono solitamente visibili entro 12 mesi, con i capelli trapiantati che si fondono naturalmente con quelli esistenti.<\/p>\n\n\n\n<h5 class=\"wp-block-heading\">Foto prima e dopo la trapianto di capelli percutaneo<\/h5>\n\n\n\n<p>Le foto prima e dopo del trapianto di capelli con tecnica percutanea sono preziose per valutare il successo della procedura. Questo metodo si distingue per l&#8217;attaccatura dei capelli dall&#8217;aspetto naturale e l&#8217;aspetto denso. Le foto basate sull&#8217;esperienza dei pazienti possono aiutare a comprendere meglio il processo e i risultati attesi.<\/p>\n\n\n<style>.kb-gallery-id-62856_cd980c-3f .kadence-blocks-gallery-item .kb-gal-image-radius, .kb-gallery-id-62856_cd980c-3f .kb-slide-item .kb-gal-image-radius img{border-radius:0px 0px 0px 0px;;}.kb-gallery-wrap-id-62856_cd980c-3f.wp-block-kadence-advancedgallery{overflow:visible;}.kb-gallery-wrap-id-62856_cd980c-3f.wp-block-kadence-advancedgallery .kt-blocks-carousel{overflow:visible;}<\/style><div class=\"kb-gallery-wrap-id-62856_cd980c-3f alignnone wp-block-kadence-advancedgallery\"><div class=\"kb-gallery-ul kb-gallery-non-static kb-gallery-type-slider kb-gallery-id-62856_cd980c-3f kb-gallery-caption-style-bottom-hover kb-gallery-filter-none\" data-image-filter=\"none\" data-lightbox-caption=\"true\"><div class=\"kt-blocks-carousel splide kt-carousel-container-dotstyle-dark kt-carousel-arrowstyle-whiteondark kt-carousel-dotstyle-dark kb-slider-group-arrow kb-slider-arrow-position-center\" data-slider-anim-speed=\"400\" data-slider-scroll=\"1\" data-slider-arrows=\"true\" data-slider-fade=\"true\" data-slider-dots=\"true\" data-slider-type=\"slider\" data-slider-hover-pause=\"false\" data-slider-auto=\"\" data-slider-speed=\"7000\" data-show-pause-button=\"false\"><div class=\"splide__track\"><ul class=\"kt-blocks-carousel-init kb-blocks-slider splide__list\"><li class=\"kb-slide-item kb-gallery-slide-item splide__slide\"><div class=\"kadence-blocks-gallery-item\"><div class=\"kadence-blocks-gallery-item-inner\"><figure class=\"kb-gallery-figure kadence-blocks-gallery-item-hide-caption\"><div class=\"kb-gal-image-radius\"><div class=\"kb-gallery-image-contain kadence-blocks-gallery-intrinsic kb-gallery-image-ratio-land32 kb-has-image-ratio-land32\" ><img loading=\"lazy\" decoding=\"async\" src=\"https:\/\/www.turkaesthetic.com\/wp-content\/uploads\/2023\/12\/Hair-transplant-before-after-5.webp\" width=\"1200\" height=\"800\" alt=\"Prima e dopo il trapianto di capelli bht\" data-full-image=\"https:\/\/www.turkaesthetic.com\/wp-content\/uploads\/2023\/12\/Hair-transplant-before-after-5.webp\" data-light-image=\"https:\/\/www.turkaesthetic.com\/wp-content\/uploads\/2023\/12\/Hair-transplant-before-after-5.webp\" data-id=\"49113\" class=\"wp-image-49113 skip-lazy\"\/><\/div><\/div><\/figure><\/div><\/div><\/li><li class=\"kb-slide-item kb-gallery-slide-item splide__slide\"><div class=\"kadence-blocks-gallery-item\"><div class=\"kadence-blocks-gallery-item-inner\"><figure class=\"kb-gallery-figure kadence-blocks-gallery-item-hide-caption\"><div class=\"kb-gal-image-radius\"><div class=\"kb-gallery-image-contain kadence-blocks-gallery-intrinsic kb-gallery-image-ratio-land32 kb-has-image-ratio-land32\" ><img loading=\"lazy\" decoding=\"async\" src=\"https:\/\/www.turkaesthetic.com\/wp-content\/uploads\/2023\/12\/Hair-transplant-before-after-6.webp\" width=\"1200\" height=\"800\" alt=\"Prima e dopo il trapianto di capelli bht\" data-full-image=\"https:\/\/www.turkaesthetic.com\/wp-content\/uploads\/2023\/12\/Hair-transplant-before-after-6.webp\" data-light-image=\"https:\/\/www.turkaesthetic.com\/wp-content\/uploads\/2023\/12\/Hair-transplant-before-after-6.webp\" data-id=\"49122\" class=\"wp-image-49122 skip-lazy\"\/><\/div><\/div><\/figure><\/div><\/div><\/li><li class=\"kb-slide-item kb-gallery-slide-item splide__slide\"><div class=\"kadence-blocks-gallery-item\"><div class=\"kadence-blocks-gallery-item-inner\"><figure class=\"kb-gallery-figure kadence-blocks-gallery-item-hide-caption\"><div class=\"kb-gal-image-radius\"><div class=\"kb-gallery-image-contain kadence-blocks-gallery-intrinsic kb-gallery-image-ratio-land32 kb-has-image-ratio-land32\" ><img loading=\"lazy\" decoding=\"async\" src=\"https:\/\/www.turkaesthetic.com\/wp-content\/uploads\/2023\/12\/Hair-transplant-before-after-7.webp\" width=\"1200\" height=\"800\" alt=\"Prima e dopo il trapianto di capelli bht\" data-full-image=\"https:\/\/www.turkaesthetic.com\/wp-content\/uploads\/2023\/12\/Hair-transplant-before-after-7.webp\" data-light-image=\"https:\/\/www.turkaesthetic.com\/wp-content\/uploads\/2023\/12\/Hair-transplant-before-after-7.webp\" data-id=\"49131\" class=\"wp-image-49131 skip-lazy\"\/><\/div><\/div><\/figure><\/div><\/div><\/li><li class=\"kb-slide-item kb-gallery-slide-item splide__slide\"><div class=\"kadence-blocks-gallery-item\"><div class=\"kadence-blocks-gallery-item-inner\"><figure class=\"kb-gallery-figure kadence-blocks-gallery-item-hide-caption\"><div class=\"kb-gal-image-radius\"><div class=\"kb-gallery-image-contain kadence-blocks-gallery-intrinsic kb-gallery-image-ratio-land32 kb-has-image-ratio-land32\" ><img loading=\"lazy\" decoding=\"async\" src=\"https:\/\/www.turkaesthetic.com\/wp-content\/uploads\/2023\/12\/Hair-transplant-before-after-8.webp\" width=\"1200\" height=\"800\" alt=\"Prima e dopo il trapianto di capelli bht\" data-full-image=\"https:\/\/www.turkaesthetic.com\/wp-content\/uploads\/2023\/12\/Hair-transplant-before-after-8.webp\" data-light-image=\"https:\/\/www.turkaesthetic.com\/wp-content\/uploads\/2023\/12\/Hair-transplant-before-after-8.webp\" data-id=\"49140\" class=\"wp-image-49140 skip-lazy\"\/><\/div><\/div><\/figure><\/div><\/div><\/li><\/ul><\/div><\/div><\/div><\/div>\n\n\n<figure class=\"wp-block-gallery has-nested-images columns-default is-cropped wp-block-gallery-1 is-layout-flex wp-block-gallery-is-layout-flex\">\n<figure class=\"wp-block-image size-large\"><img decoding=\"async\" data-id=\"49350\" src=\"https:\/\/www.turkaesthetic.com\/wp-content\/uploads\/2023\/12\/Hair-transplant-before-after-31.webp\" alt=\"T\u00fcrkiye de sa\u00e7 ekimi \u00f6ncesi ve sonras\u0131\" class=\"wp-image-49350\"\/><figcaption class=\"wp-element-caption\">Tecnica Percutanea<\/figcaption><\/figure>\n\n\n\n<figure class=\"wp-block-image size-large\"><img decoding=\"async\" data-id=\"49341\" src=\"https:\/\/www.turkaesthetic.com\/wp-content\/uploads\/2023\/12\/Hair-transplant-before-after-30.webp\" alt=\"T\u00fcrkiye de sa\u00e7 ekimi \u00f6ncesi ve sonras\u0131\" class=\"wp-image-49341\"\/><figcaption class=\"wp-element-caption\">Tecnica Percutanea<\/figcaption><\/figure>\n\n\n\n<figure class=\"wp-block-image size-large\"><img loading=\"lazy\" decoding=\"async\" width=\"1200\" height=\"800\" data-id=\"49323\" src=\"https:\/\/www.turkaesthetic.com\/wp-content\/uploads\/2023\/12\/Hair-transplant-before-after-28.webp\" alt=\"T\u00fcrkiye de sa\u00e7 ekimi \u00f6ncesi ve sonras\u0131\" class=\"wp-image-49323\"\/><figcaption class=\"wp-element-caption\">Tecnica Percutanea<\/figcaption><\/figure>\n<\/figure>\n\n\n\n<h4 class=\"wp-block-heading\">Confronto tra tecnica percutanea, FUE e DHI<\/h4>\n\n\n\n<hr class=\"wp-block-separator has-alpha-channel-opacity\"\/>\n\n\n\n<p>Il trapianto di capelli percutaneo differisce in diversi aspetti chiave dai metodi <a href=\"https:\/\/www.turkaesthetic.com\/it\/fue-hair-transplant\/\" target=\"_blank\" data-type=\"page\" data-id=\"61561\" rel=\"noreferrer noopener\">F<\/a><a href=\"https:\/\/www.turkaesthetic.com\/it\/fue-hair-transplant\/\" data-type=\"page\" data-id=\"61561\">UE<\/a> (Follicular Unit Extraction) e <a href=\"https:\/\/www.turkaesthetic.com\/it\/dhi-hair-transplant\/\" target=\"_blank\" data-type=\"page\" data-id=\"59840\" rel=\"noreferrer noopener\">DHI<\/a> (Direct Hair Implantation).<br>Nella tecnica percutanea, le aree in cui verranno impiantati i follicoli piliferi vengono preparate creando micropori rotondi con apposite lame. Ci\u00f2 consente un impianto pi\u00f9 denso e dall&#8217;aspetto pi\u00f9 naturale. Al contrario, il metodo FUE prevede l&#8217;estrazione degli innesti con un micromotore o un punch manuale e il loro posizionamento in micropori lineari. Sebbene la FUE sia efficace per coprire aree pi\u00f9 ampie, l&#8217;angolo di impianto potrebbe non essere naturale come con la tecnica percutanea.<\/p>\n\n\n\n<p>Nella tecnica DHI, i pori non vengono aperti in anticipo; i follicoli piliferi vengono impiantati direttamente utilizzando speciali penne implanter. Questo metodo consente il trapianto di capelli senza rasatura, rendendolo particolarmente adatto alle donne o a coloro che non desiderano rasarsi i capelli. Tuttavia, la DHI potrebbe non consentire una densit\u00e0 di impianto elevata come la tecnica percutanea.<\/p>\n\n\n\n<p>Confrontando i tempi di guarigione, la tecnica percutanea offre in genere un recupero pi\u00f9 rapido e una formazione minima di croste, mentre la FUE pu\u00f2 comportare un processo di guarigione leggermente pi\u00f9 lungo. Anche la DHI offre una guarigione rapida, ma pu\u00f2 richiedere pi\u00f9 tempo per il trattamento di aree estese.<\/p>\n\n\n\n<p>In conclusione, il trapianto di capelli percutaneo \u00e8 ideale per coloro che desiderano un&#8217;angolazione naturale e un impianto ad alta densit\u00e0, in particolare nell&#8217;attaccatura frontale e nelle aree che richiedono un lavoro di precisione. La tecnica FUE \u00e8 spesso preferita per coprire aree pi\u00f9 ampie, mentre la DHI \u00e8 l&#8217;opzione migliore per chi desidera un trapianto di capelli senza rasatura. Il metodo pi\u00f9 adatto deve essere determinato in base alla struttura dei capelli e alle aspettative personali del paziente.<\/p>\n\n\n\n<h3 class=\"wp-block-heading\">Costo della tecnica percutanea in Turchia, Istanbul<\/h3>\n\n\n\n<p>Il costo del trapianto di capelli percutaneo a Istanbul pu\u00f2 variare a seconda di diversi fattori. Tra i fattori chiave che determinano il prezzo figurano l&#8217;esperienza della clinica, la competenza nella pianificazione, il numero di innesti da impiantare e servizi aggiuntivi come il trattamento PRP o i pacchetti di assistenza postoperatoria.<br>A partire dal 2025, il prezzo medio per la tecnica percutanea a Istanbul \u00e8 compreso tra \u20ac 1200 e \u20ac 1800.<\/p>\n\n\n\n<h2 class=\"wp-block-heading\">FAQ &#8211; Trapianto di capelli percutaneo<\/h2>\n\n\n\n<hr class=\"wp-block-separator has-alpha-channel-opacity\"\/>\n\n\n<div id=\"rank-math-faq\" class=\"rank-math-block\">\n<div class=\"rank-math-list \">\n<div id=\"faq-question-1739960184772\" class=\"rank-math-list-item\">\n<h3 class=\"rank-math-question \">Il trapianto di capelli percutaneo \u00e8 doloroso?<\/h3>\n<div class=\"rank-math-answer \">\n\n<p>No, la procedura viene eseguita in anestesia locale, quindi non si avverte dolore. Tuttavia, \u00e8 possibile avvertire un leggero fastidio.<\/p>\n\n<\/div>\n<\/div>\n<div id=\"faq-question-1746007383850\" class=\"rank-math-list-item\">\n<h3 class=\"rank-math-question \">Questa tecnica \u00e8 permanente?<\/h3>\n<div class=\"rank-math-answer \">\n\n<p>S\u00ec, i capelli trapiantati sono permanenti e non cadono. Tuttavia, una corretta cura dei capelli \u00e8 essenziale per mantenere i risultati.<\/p>\n\n<\/div>\n<\/div>\n<div id=\"faq-question-1746007388631\" class=\"rank-math-list-item\">\n<h3 class=\"rank-math-question \">Quanto dura la procedura?<\/h3>\n<div class=\"rank-math-answer \">\n\n<p>La durata dipende dalle esigenze individuali, ma in media dura dalle 6 alle 8 ore.<\/p>\n\n<\/div>\n<\/div>\n<div id=\"faq-question-1746007394605\" class=\"rank-math-list-item\">\n<h3 class=\"rank-math-question \">\u00c8 normale una caduta di capelli improvvisa dopo la procedura?<\/h3>\n<div class=\"rank-math-answer \">\n\n<p>S\u00ec, pu\u00f2 verificarsi una caduta temporanea improvvisa dopo la procedura. Tuttavia, i capelli in genere ricominciano a crescere entro 6-12 mesi.<\/p>\n\n<\/div>\n<\/div>\n<div id=\"faq-question-1746007399685\" class=\"rank-math-list-item\">\n<h3 class=\"rank-math-question \">Quando inizieranno a crescere i capelli trapiantati?<\/h3>\n<div class=\"rank-math-answer \">\n\n<p>I capelli iniziano a crescere debolmente entro i primi 3 mesi, diventano pi\u00f9 evidenti entro il 6\u00b0 mese e i risultati completi sono solitamente visibili entro 12 mesi.<\/p>\n\n<\/div>\n<\/div>\n<\/div>\n<\/div>\n\n\n<hr class=\"wp-block-separator has-alpha-channel-opacity\"\/>\n\n\n\n<h3 class=\"wp-block-heading\">Conclusione<\/h3>\n\n\n\n<p>Il trapianto di capelli percutaneo \u00e8 ideale per chi desidera un risultato denso e dall&#8217;aspetto naturale. L&#8217;utilizzo di micropori rotondi garantisce che i follicoli vengano impiantati con l&#8217;angolazione ottimale, con risultati esteticamente superiori. Tuttavia, la procedura deve essere eseguita da un team medico qualificato ed esperto.<br>Se state prendendo in considerazione un trapianto di capelli, consultate uno specialista per valutare se la tecnica percutanea sia l&#8217;opzione giusta per voi.<\/p>\n\n\n\n<p>Infine, per maggiori informazioni e per richiedere un preventivo, potete contattare <strong><a href=\"https:\/\/www.youtube.com\/channel\/UC0zggzdm5CFwpRMmn_CPpFQ?themeRefresh=1\" target=\"_blank\" data-type=\"link\" data-id=\"https:\/\/www.youtube.com\/channel\/UC0zggzdm5CFwpRMmn_CPpFQ?themeRefresh=1\" rel=\"noreferrer noopener\">Turk Aesthetic<\/a> <\/strong>a Istanbul, in Turchia, direttamente tramite il <a href=\"https:\/\/www.turkaesthetic.com\/it\/contact-us\/\" target=\"_blank\" data-type=\"link\" data-id=\"https:\/\/www.turkaesthetic.com\/it\/contact-us\/\" rel=\"noreferrer noopener\"><strong>link<\/strong><\/a> fornito.<\/p>\n","protected":false},"excerpt":{"rendered":"<p>Trapianto di capelli percutaneo \u00e8 un metodo specializzato di trapianto di capelli in cui vengono praticate minuscole microincisioni rotonde nella zona ricevente per impiantare i follicoli piliferi. Rispetto alle tecniche tradizionali, questo metodo consente di impiantare i follicoli piliferi con angolazioni pi\u00f9 naturali e con una maggiore densit\u00e0, ottenendo risultati pi\u00f9 estetici e naturali Come [&hellip;]<\/p>\n","protected":false},"author":4,"featured_media":60593,"parent":0,"menu_order":0,"comment_status":"closed","ping_status":"closed","template":"","meta":{"footnotes":""},"dep":[1352],"class_list":["post-62856","page","type-page","status-publish","has-post-thumbnail","hentry","dep-hair-transplant"],"_links":{"self":[{"href":"https:\/\/www.turkaesthetic.com\/it\/wp-json\/wp\/v2\/pages\/62856","targetHints":{"allow":["GET"]}}],"collection":[{"href":"https:\/\/www.turkaesthetic.com\/it\/wp-json\/wp\/v2\/pages"}],"about":[{"href":"https:\/\/www.turkaesthetic.com\/it\/wp-json\/wp\/v2\/types\/page"}],"author":[{"embeddable":true,"href":"https:\/\/www.turkaesthetic.com\/it\/wp-json\/wp\/v2\/users\/4"}],"replies":[{"embeddable":true,"href":"https:\/\/www.turkaesthetic.com\/it\/wp-json\/wp\/v2\/comments?post=62856"}],"version-history":[{"count":1,"href":"https:\/\/www.turkaesthetic.com\/it\/wp-json\/wp\/v2\/pages\/62856\/revisions"}],"predecessor-version":[{"id":72687,"href":"https:\/\/www.turkaesthetic.com\/it\/wp-json\/wp\/v2\/pages\/62856\/revisions\/72687"}],"wp:featuredmedia":[{"embeddable":true,"href":"https:\/\/www.turkaesthetic.com\/it\/wp-json\/wp\/v2\/media\/60593"}],"wp:attachment":[{"href":"https:\/\/www.turkaesthetic.com\/it\/wp-json\/wp\/v2\/media?parent=62856"}],"wp:term":[{"taxonomy":"dep","embeddable":true,"href":"https:\/\/www.turkaesthetic.com\/it\/wp-json\/wp\/v2\/dep?post=62856"}],"curies":[{"name":"wp","href":"https:\/\/api.w.org\/{rel}","templated":true}]}}