{"id":62838,"date":"2025-04-29T13:51:10","date_gmt":"2025-04-29T10:51:10","guid":{"rendered":"https:\/\/www.turkaesthetic.com\/?page_id=62838"},"modified":"2026-04-02T13:16:04","modified_gmt":"2026-04-02T10:16:04","slug":"sapphire-fue","status":"publish","type":"page","link":"https:\/\/www.turkaesthetic.com\/it\/sapphire-fue\/","title":{"rendered":"Trapianto di Capelli Zaffiro"},"content":{"rendered":"\n<p><strong>Trapianto di capelli zaffiro<\/strong>: Al giorno d&#8217;oggi, le tecniche di trapianto di capelli sono in continua evoluzione e, negli ultimi anni, la tecnica zaffiro ha guadagnato popolarit\u00e0. In questo articolo, discuteremo i vantaggi della tecnica di trapianto di capelli con zaffiro, come funziona il processo e in cosa si differenzia dalle altre tecniche.<\/p>\n\n\n\n<p>Cos&#8217;\u00e8 il trapianto di capelli con zaffiro? Il trapianto di capelli con zaffiro \u00e8 una versione specializzata della tecnica <a href=\"https:\/\/www.turkaesthetic.com\/it\/fue-hair-transplant\/\" target=\"_blank\" data-type=\"page\" data-id=\"61561\" rel=\"noreferrer noopener\">FUE<\/a> (Follicular Unit Extraction). Nella tecnica FUE tradizionale, vengono utilizzate delle fessure metalliche per estrarre i follicoli piliferi e creare i pori per l&#8217;impianto. Tuttavia, nel trapianto di capelli con zaffiro vengono utilizzate lame in zaffiro appositamente sviluppate. Questa tecnica consente un processo di apertura dei pori pi\u00f9 preciso, migliorando la ritenzione degli innesti e producendo un risultato pi\u00f9 naturale.<\/p>\n\n\n\n<h2 class=\"wp-block-heading\">Vantaggi della trapianto di capelli zaffiro<\/h2>\n\n\n\n<ul class=\"wp-block-list\">\n<li>Aspetto naturale: Grazie alle lame in zaffiro, i pori possono essere dilatati in modo pi\u00f9 piccolo e netto, consentendo ai capelli trapiantati di crescere in una direzione pi\u00f9 naturale. Minore danno ai tessuti: rispetto alle incisioni metalliche, le punte in zaffiro causano meno danni ai tessuti, accelerando il processo di guarigione.<\/li>\n\n\n\n<li>Trapianto pi\u00f9 denso: grazie alla creazione di pori pi\u00f9 stretti e precisi, \u00e8 possibile ottenere un&#8217;attaccatura dei capelli pi\u00f9 densa e dall&#8217;aspetto pi\u00f9 naturale.<\/li>\n\n\n\n<li>Processo di guarigione pi\u00f9 rapido: i micropori aperti dalle lame in zaffiro guariscono pi\u00f9 velocemente, riducendo al minimo il rischio di infezioni.<\/li>\n\n\n\n<li>Riduzione della formazione di croste: le procedure eseguite con punte in zaffiro comportano una minore formazione di croste e ferite dopo il trapianto.<\/li>\n<\/ul>\n\n\n\n<h3 class=\"wp-block-heading\">Processo di Trapianto di capelli zaffiro<\/h3>\n\n\n\n<hr class=\"wp-block-separator has-alpha-channel-opacity\"\/>\n\n\n<div id=\"rank-math-howto\" class=\"rank-math-block\" >\n<div class=\"rank-math-howto-description\">\n\n<p>Fasi:Trapianto di capelli zaffiro<\/p>\n\n<\/div>\n<p class=\"rank-math-howto-duration\"><strong>Tempo totale:<\/strong> <span>7 ore<\/span><\/p>\n<div class=\"rank-math-steps \">\n<div id=\"howto-step-1740142238348\" class=\"rank-math-step\">\n<h3 class=\"rank-math-step-title \">Fase iniziale<\/h3>\n<div class=\"rank-math-step-content \"><img loading=\"lazy\" decoding=\"async\" width=\"800\" height=\"600\" src=\"https:\/\/www.turkaesthetic.com\/wp-content\/uploads\/2025\/02\/safir-2-1.webp\" class=\"attachment-full size-full\" alt=\"Greffe de Cheveux Saphir\" srcset=\"https:\/\/www.turkaesthetic.com\/wp-content\/uploads\/2025\/02\/safir-2-1.webp 800w, https:\/\/www.turkaesthetic.com\/wp-content\/uploads\/2025\/02\/safir-2-1-768x576.webp 768w\" sizes=\"auto, (max-width: 800px) 100vw, 800px\" \/><p>Pre-consulenza e pianificazione: prima della procedura di trapianto di capelli, un medico specialista valuta la struttura dei capelli del paziente, il grado di caduta e l&#8217;area donatrice.<br \/>Estrazione dei follicoli piliferi: utilizzando il metodo FUE con tecnica Zaffiro, i follicoli piliferi vengono prelevati singolarmente con l&#8217;ausilio di un micromotore.<\/p>\n<\/div>\n<\/div>\n<div id=\"howto-step-1740142244223\" class=\"rank-math-step\">\n<h3 class=\"rank-math-step-title \">Fase intermedia<\/h3>\n<div class=\"rank-math-step-content \"><p>Apertura dei pori con lame in Zaffiro: durante la fase di apertura dei pori, vengono utilizzate lame in Zaffiro per garantire la direzione e l&#8217;angolazione corrette per una crescita naturale.<br \/>Impianto dei follicoli piliferi: i follicoli piliferi prelevati vengono inseriti nei pori aperti, completando il processo di trapianto.<\/p>\n<\/div>\n<\/div>\n<div id=\"howto-step-1740142257044\" class=\"rank-math-step\">\n<h3 class=\"rank-math-step-title \">Fase finale<\/h3>\n<div class=\"rank-math-step-content \"><p>Bendaggio: l&#8217;area donatrice viene trattata con una crema antibiotica e bendata dopo la procedura.<br \/>Guarigione e risultati: seguendo le istruzioni post-operatorie del medico, i pazienti possono accelerare il recupero. I primi risultati sono visibili entro 3-6 mesi, mentre i risultati completi sono in genere visibili dopo circa 12 mesi.<\/p>\n<\/div>\n<\/div>\n<\/div>\n<\/div>\n<p class=\"rank-math-howto-estimatedCost\"><strong>Costo stimato:<\/strong> <span>1200 Euro<\/span><\/p>\n\n\n\n\n\n<h3 class=\"wp-block-heading\">Prima e dopo trapianto di capelli zaffiro<\/h3>\n\n\n\n<hr class=\"wp-block-separator has-alpha-channel-opacity\"\/>\n\n\n\n<p>Nei pazienti che si sottopongono alla tecnica zaffiro, l&#8217;aspetto rado e diradato dei capelli prima della procedura si trasforma gradualmente in un aspetto pi\u00f9 sano e naturale. Durante i primi mesi, i nuovi capelli in crescita possono apparire delicati e sottili, ma col tempo si infoltiscono e sviluppano una struttura pi\u00f9 folta.<\/p>\n\n\n<style>.kb-gallery-id-62838_92edab-0c .kadence-blocks-gallery-item .kb-gal-image-radius, .kb-gallery-id-62838_92edab-0c .kb-slide-item .kb-gal-image-radius img{border-radius:0px 0px 0px 0px;;}.kb-gallery-wrap-id-62838_92edab-0c.wp-block-kadence-advancedgallery{overflow:visible;}.kb-gallery-wrap-id-62838_92edab-0c.wp-block-kadence-advancedgallery .kt-blocks-carousel{overflow:visible;}<\/style><div class=\"kb-gallery-wrap-id-62838_92edab-0c alignnone wp-block-kadence-advancedgallery\"><div class=\"kb-gallery-ul kb-gallery-non-static kb-gallery-type-slider kb-gallery-id-62838_92edab-0c kb-gallery-caption-style-bottom-hover kb-gallery-filter-none\" data-image-filter=\"none\" data-lightbox-caption=\"true\"><div class=\"kt-blocks-carousel splide kt-carousel-container-dotstyle-dark kt-carousel-arrowstyle-whiteondark kt-carousel-dotstyle-dark kb-slider-group-arrow kb-slider-arrow-position-center\" data-slider-anim-speed=\"400\" data-slider-scroll=\"1\" data-slider-arrows=\"true\" data-slider-fade=\"true\" data-slider-dots=\"true\" data-slider-type=\"slider\" data-slider-hover-pause=\"false\" data-slider-auto=\"\" data-slider-speed=\"7000\" data-show-pause-button=\"false\"><div class=\"splide__track\"><ul class=\"kt-blocks-carousel-init kb-blocks-slider splide__list\"><li class=\"kb-slide-item kb-gallery-slide-item splide__slide\"><div class=\"kadence-blocks-gallery-item\"><div class=\"kadence-blocks-gallery-item-inner\"><figure class=\"kb-gallery-figure kadence-blocks-gallery-item-hide-caption\"><div class=\"kb-gal-image-radius\"><div class=\"kb-gallery-image-contain kadence-blocks-gallery-intrinsic kb-gallery-image-ratio-land32 kb-has-image-ratio-land32\" ><img loading=\"lazy\" decoding=\"async\" src=\"https:\/\/www.turkaesthetic.com\/wp-content\/uploads\/2023\/12\/Hair-transplant-before-after-13.webp\" width=\"1200\" height=\"800\" alt=\"Prima e dopo il trapianto di capelli sapphire\" data-full-image=\"https:\/\/www.turkaesthetic.com\/wp-content\/uploads\/2023\/12\/Hair-transplant-before-after-13.webp\" data-light-image=\"https:\/\/www.turkaesthetic.com\/wp-content\/uploads\/2023\/12\/Hair-transplant-before-after-13.webp\" data-id=\"49185\" class=\"wp-image-49185 skip-lazy\"\/><\/div><\/div><\/figure><\/div><\/div><\/li><li class=\"kb-slide-item kb-gallery-slide-item splide__slide\"><div class=\"kadence-blocks-gallery-item\"><div class=\"kadence-blocks-gallery-item-inner\"><figure class=\"kb-gallery-figure kadence-blocks-gallery-item-hide-caption\"><div class=\"kb-gal-image-radius\"><div class=\"kb-gallery-image-contain kadence-blocks-gallery-intrinsic kb-gallery-image-ratio-land32 kb-has-image-ratio-land32\" ><img loading=\"lazy\" decoding=\"async\" src=\"https:\/\/www.turkaesthetic.com\/wp-content\/uploads\/2023\/12\/Hair-transplant-before-after-14.webp\" width=\"1200\" height=\"800\" alt=\"Prima e dopo il trapianto di capelli sapphire\" data-full-image=\"https:\/\/www.turkaesthetic.com\/wp-content\/uploads\/2023\/12\/Hair-transplant-before-after-14.webp\" data-light-image=\"https:\/\/www.turkaesthetic.com\/wp-content\/uploads\/2023\/12\/Hair-transplant-before-after-14.webp\" data-id=\"49194\" class=\"wp-image-49194 skip-lazy\"\/><\/div><\/div><\/figure><\/div><\/div><\/li><li class=\"kb-slide-item kb-gallery-slide-item splide__slide\"><div class=\"kadence-blocks-gallery-item\"><div class=\"kadence-blocks-gallery-item-inner\"><figure class=\"kb-gallery-figure kadence-blocks-gallery-item-hide-caption\"><div class=\"kb-gal-image-radius\"><div class=\"kb-gallery-image-contain kadence-blocks-gallery-intrinsic kb-gallery-image-ratio-land32 kb-has-image-ratio-land32\" ><img loading=\"lazy\" decoding=\"async\" src=\"https:\/\/www.turkaesthetic.com\/wp-content\/uploads\/2023\/12\/Hair-transplant-before-after-15.webp\" width=\"1200\" height=\"800\" alt=\"Prima e dopo il trapianto di capelli sapphire\" data-full-image=\"https:\/\/www.turkaesthetic.com\/wp-content\/uploads\/2023\/12\/Hair-transplant-before-after-15.webp\" data-light-image=\"https:\/\/www.turkaesthetic.com\/wp-content\/uploads\/2023\/12\/Hair-transplant-before-after-15.webp\" data-id=\"49203\" class=\"wp-image-49203 skip-lazy\"\/><\/div><\/div><\/figure><\/div><\/div><\/li><li class=\"kb-slide-item kb-gallery-slide-item splide__slide\"><div class=\"kadence-blocks-gallery-item\"><div class=\"kadence-blocks-gallery-item-inner\"><figure class=\"kb-gallery-figure kadence-blocks-gallery-item-hide-caption\"><div class=\"kb-gal-image-radius\"><div class=\"kb-gallery-image-contain kadence-blocks-gallery-intrinsic kb-gallery-image-ratio-land32 kb-has-image-ratio-land32\" ><img loading=\"lazy\" decoding=\"async\" src=\"https:\/\/www.turkaesthetic.com\/wp-content\/uploads\/2023\/12\/Hair-transplant-before-after-16.webp\" width=\"1200\" height=\"800\" alt=\"Prima e dopo il trapianto di capelli sapphire\" data-full-image=\"https:\/\/www.turkaesthetic.com\/wp-content\/uploads\/2023\/12\/Hair-transplant-before-after-16.webp\" data-light-image=\"https:\/\/www.turkaesthetic.com\/wp-content\/uploads\/2023\/12\/Hair-transplant-before-after-16.webp\" data-id=\"49212\" class=\"wp-image-49212 skip-lazy\"\/><\/div><\/div><\/figure><\/div><\/div><\/li><\/ul><\/div><\/div><\/div><\/div>\n\n\n<h4 class=\"wp-block-heading\">Video sulla trapianto di capelli zaffiro<\/h4>\n\n\n\n<hr class=\"wp-block-separator has-alpha-channel-opacity\"\/>\n\n\n\n<p>Per approfondire la procedura di trapianto di capelli con zaffiro e i suoi risultati, puoi guardare i video preparati professionalmente da esperti, dove puoi vedere ogni fase della procedura in dettaglio.<\/p>\n\n\n\n<figure class=\"wp-block-embed is-type-video is-provider-youtube wp-block-embed-youtube wp-embed-aspect-16-9 wp-has-aspect-ratio\"><div class=\"wp-block-embed__wrapper\">\n<iframe loading=\"lazy\" title=\"Hair Transplant Techniques - Turk Aesthetic\" width=\"800\" height=\"450\" src=\"https:\/\/www.youtube.com\/embed\/rqiNLzLCCPg?feature=oembed\" frameborder=\"0\" allow=\"accelerometer; autoplay; clipboard-write; encrypted-media; gyroscope; picture-in-picture; web-share\" referrerpolicy=\"strict-origin-when-cross-origin\" allowfullscreen><\/iframe>\n<\/div><figcaption class=\"wp-element-caption\">Trapianto di capelli zaffiro<\/figcaption><\/figure>\n\n\n\n<h4 class=\"wp-block-heading\">Trapianto di capelli zaffiro: Confronto tra FUE e DHI<\/h4>\n\n\n\n<p>Il trapianto di capelli con zaffiro differisce dai tradizionali metodi FUE e DHI per diversi aspetti. Mentre nella tecnica FUE standard vengono utilizzate delle incisioni metalliche, il trapianto con zaffiro utilizza lame in zaffiro appositamente progettate, che causano meno danni ai tessuti. Nel metodo DHI, i follicoli piliferi vengono impiantati direttamente utilizzando uno strumento a forma di penna dopo l&#8217;estrazione, ed \u00e8 generalmente preferito nei casi che richiedono un impianto a bassa densit\u00e0. La tecnica Zaffiro \u00e8 l&#8217;opzione ideale per chi desidera un risultato denso e dall&#8217;aspetto naturale.<\/p>\n\n\n\n<h4 class=\"wp-block-heading\">Costo della trapianto di capelli zaffiro in Turchia, Istanbul<\/h4>\n\n\n\n<p>Il trapianto di capelli con zaffiro \u00e8 una tecnica innovativa che ha recentemente acquisito sempre pi\u00f9 popolarit\u00e0 a Istanbul, soprattutto per i suoi risultati dall&#8217;aspetto naturale e i rapidi tempi di recupero. A differenza del tradizionale metodo FUE, questa tecnica utilizza speciali lame con punta in zaffiro per creare pori di impianto, consentendo il trapianto di follicoli piliferi pi\u00f9 densi e sani.<\/p>\n\n\n\n<p>Molte cliniche di trapianto di capelli a Istanbul offrono questo metodo e i prezzi variano a seconda dell&#8217;esperienza della clinica, della competenza del medico e del numero di innesti da trapiantare. Nel 2025, i costi del trapianto di capelli con punta in zaffiro variavano generalmente tra i 1200 e i 1500 euro. Tuttavia, nella scelta di una clinica, \u00e8 essenziale considerare non solo il costo, ma anche il tasso di successo, gli standard di sterilizzazione e la soddisfazione del paziente.<\/p>\n\n\n\n<h2 class=\"wp-block-heading\">FAQ \u2013 Trapianto di capelli zaffiro<\/h2>\n\n\n\n<hr class=\"wp-block-separator has-alpha-channel-opacity\"\/>\n\n\n<div id=\"rank-math-faq\" class=\"rank-math-block\">\n<div class=\"rank-math-list \">\n<div id=\"faq-question-1740142346730\" class=\"rank-math-list-item\">\n<h3 class=\"rank-math-question \">Il trapianto di capelli con trapianto di capelli zaffiro \u00e8 doloroso?<\/h3>\n<div class=\"rank-math-answer \">\n\n<p>No, la procedura viene eseguita in anestesia locale, quindi in genere non si avverte dolore, sebbene possa verificarsi una lieve sensibilit\u00e0.<\/p>\n\n<\/div>\n<\/div>\n<div id=\"faq-question-1745933123180\" class=\"rank-math-list-item\">\n<h3 class=\"rank-math-question \">Quanto dura il periodo di recupero?<\/h3>\n<div class=\"rank-math-answer \">\n\n<p>Le crosticine solitamente si risolvono entro 7-10 giorni.<\/p>\n\n<\/div>\n<\/div>\n<div id=\"faq-question-1745933125669\" class=\"rank-math-list-item\">\n<h3 class=\"rank-math-question \">La Tecnica Zaffiro \u00e8 adatta a tutti?<\/h3>\n<div class=\"rank-math-answer \">\n\n<p>La candidatura dipende da fattori come la predisposizione genetica, l&#8217;entit\u00e0 della caduta dei capelli e l&#8217;idoneit\u00e0 dell&#8217;area donatrice.<\/p>\n\n<\/div>\n<\/div>\n<div id=\"faq-question-1745933130233\" class=\"rank-math-list-item\">\n<h3 class=\"rank-math-question \">Quando iniziano a crescere i capelli trapiantati?<\/h3>\n<div class=\"rank-math-answer \">\n\n<p>I nuovi capelli in genere spuntano entro i primi 3 mesi; i risultati completi sono visibili circa 12 mesi dopo l&#8217;intervento.<\/p>\n\n<\/div>\n<\/div>\n<div id=\"faq-question-1745933138883\" class=\"rank-math-list-item\">\n<h3 class=\"rank-math-question \">Cosa bisogna considerare dopo un trapianto di capelli con tecnica Zaffiro?<\/h3>\n<div class=\"rank-math-answer \">\n\n<p>Evitare impatti fisici durante le prime settimane e seguire scrupolosamente le istruzioni postoperatorie fornite dal medico.<\/p>\n\n<\/div>\n<\/div>\n<\/div>\n<\/div>\n\n\n<h3 class=\"wp-block-heading\">Conclusione<\/h3>\n\n\n\n<p>Il trapianto di capelli con tecnica Zaffiro \u00e8 una tecnica avanzata che offre risultati naturali ed estetici. Rispetto ai metodi tradizionali, causa meno danni ai tessuti e garantisce un processo di guarigione pi\u00f9 rapido. \u00c8 un&#8217;opzione eccellente per chi desidera un&#8217;attaccatura dei capelli folta e naturale. Per i candidati idonei, il trapianto di capelli Sapphire offre risultati duraturi e soddisfacenti.<\/p>\n\n\n\n<p>Infine, per maggiori informazioni o per richiedere un preventivo, potete <a href=\"https:\/\/www.turkaesthetic.com\/it\/contact-us\/\" data-type=\"page\" data-id=\"21028\" target=\"_blank\" rel=\"noreferrer noopener\">contattare<\/a> <a href=\"https:\/\/www.youtube.com\/channel\/UC0zggzdm5CFwpRMmn_CPpFQ\" data-type=\"link\" data-id=\"https:\/\/www.youtube.com\/channel\/UC0zggzdm5CFwpRMmn_CPpFQ\" target=\"_blank\" rel=\"noreferrer noopener\">Turk Aesthetic<\/a> a Istanbul, in Turchia, tramite i loro canali ufficiali.<\/p>\n","protected":false},"excerpt":{"rendered":"<p>Trapianto di capelli zaffiro: Al giorno d&#8217;oggi, le tecniche di trapianto di capelli sono in continua evoluzione e, negli ultimi anni, la tecnica zaffiro ha guadagnato popolarit\u00e0. In questo articolo, discuteremo i vantaggi della tecnica di trapianto di capelli con zaffiro, come funziona il processo e in cosa si differenzia dalle altre tecniche. Cos&#8217;\u00e8 il [&hellip;]<\/p>\n","protected":false},"author":1,"featured_media":60825,"parent":0,"menu_order":0,"comment_status":"closed","ping_status":"closed","template":"","meta":{"footnotes":""},"dep":[1352],"class_list":["post-62838","page","type-page","status-publish","has-post-thumbnail","hentry","dep-hair-transplant"],"_links":{"self":[{"href":"https:\/\/www.turkaesthetic.com\/it\/wp-json\/wp\/v2\/pages\/62838","targetHints":{"allow":["GET"]}}],"collection":[{"href":"https:\/\/www.turkaesthetic.com\/it\/wp-json\/wp\/v2\/pages"}],"about":[{"href":"https:\/\/www.turkaesthetic.com\/it\/wp-json\/wp\/v2\/types\/page"}],"author":[{"embeddable":true,"href":"https:\/\/www.turkaesthetic.com\/it\/wp-json\/wp\/v2\/users\/1"}],"replies":[{"embeddable":true,"href":"https:\/\/www.turkaesthetic.com\/it\/wp-json\/wp\/v2\/comments?post=62838"}],"version-history":[{"count":1,"href":"https:\/\/www.turkaesthetic.com\/it\/wp-json\/wp\/v2\/pages\/62838\/revisions"}],"predecessor-version":[{"id":72699,"href":"https:\/\/www.turkaesthetic.com\/it\/wp-json\/wp\/v2\/pages\/62838\/revisions\/72699"}],"wp:featuredmedia":[{"embeddable":true,"href":"https:\/\/www.turkaesthetic.com\/it\/wp-json\/wp\/v2\/media\/60825"}],"wp:attachment":[{"href":"https:\/\/www.turkaesthetic.com\/it\/wp-json\/wp\/v2\/media?parent=62838"}],"wp:term":[{"taxonomy":"dep","embeddable":true,"href":"https:\/\/www.turkaesthetic.com\/it\/wp-json\/wp\/v2\/dep?post=62838"}],"curies":[{"name":"wp","href":"https:\/\/api.w.org\/{rel}","templated":true}]}}