{"id":60770,"date":"2025-02-17T18:06:31","date_gmt":"2025-02-17T15:06:31","guid":{"rendered":"https:\/\/www.turkaesthetic.com\/?page_id=60770"},"modified":"2025-06-08T21:19:56","modified_gmt":"2025-06-08T18:19:56","slug":"women-hair-transplant","status":"publish","type":"page","link":"https:\/\/www.turkaesthetic.com\/it\/women-hair-transplant\/","title":{"rendered":"Trapianto di Capelli per le Donne"},"content":{"rendered":"\n<p>Il <strong>trapianto di capelli per le donne<\/strong> \u00e8 il processo di trapianto di follicoli piliferi sani in aree che soffrono di perdita di capelli. In genere, vengono utilizzate due tecniche diverse: FUE (estrazione di unit\u00e0 follicolari) e DHI (impianto diretto di capelli).<\/p>\n\n\n<div id=\"rank-math-howto\" class=\"rank-math-block\" >\n<div class=\"rank-math-howto-description\">\n\n<p>Il processo solitamente si svolge nei seguenti passaggi: <\/p>\n\n<\/div>\n<p class=\"rank-math-howto-duration\"><strong>Tempo totale:<\/strong> <span>7 ore<\/span><\/p>\n<div class=\"rank-math-steps \">\n<div id=\"howto-step-1739805291705\" class=\"rank-math-step\">\n<h3 class=\"rank-math-step-title \">Primo passaggio<\/h3>\n<div class=\"rank-math-step-content \"><p><strong>Esame e pianificazione: <\/strong>vengono valutate le condizioni di perdita di capelli dell&#8217;individuo e viene determinato il metodo di trapianto di capelli pi\u00f9 adatto.<br \/><strong>Selezione <a href=\"https:\/\/www.turkaesthetic.com\/it\/hair-transplant-it\/donor-area\/\" target=\"_blank\" data-type=\"post\" data-id=\"21401\" rel=\"noreferrer noopener\">dell&#8217;area donatrice:<\/a> <\/strong>i follicoli piliferi sani vengono solitamente raccolti dall&#8217;area donatrice o dai lati della testa.<\/p>\n<\/div>\n<\/div>\n<div id=\"howto-step-1739805303045\" class=\"rank-math-step\">\n<h3 class=\"rank-math-step-title \">Fase successiva<\/h3>\n<div class=\"rank-math-step-content \"><p><strong>Estrazione dell&#8217;innesto:<\/strong> a seconda del metodo scelto, i follicoli vengono estratti utilizzando un micromotore o penne speciali.<br \/><strong>Trapianto di follicoli piliferi:<\/strong> i follicoli vengono inseriti nei pori aperti o impiantati direttamente utilizzando una penna speciale.<\/p>\n<\/div>\n<\/div>\n<div id=\"howto-step-1739805334897\" class=\"rank-math-step\">\n<h3 class=\"rank-math-step-title \">Ultimo passaggio<\/h3>\n<div class=\"rank-math-step-content \"><p><strong>Processo di recupero:<\/strong> i follicoli piliferi trapiantati hanno bisogno di tempo per adattarsi alla loro nuova area.<br \/>Il trapianto di capelli \u00e8 una procedura che in genere dura circa 6-8 ore. Dopo la procedura, il paziente viene solitamente dimesso lo stesso giorno, ma il processo di recupero pu\u00f2 richiedere fino a una settimana.<\/p>\n<\/div>\n<\/div>\n<\/div>\n<\/div>\n<p class=\"rank-math-howto-estimatedCost\"><strong>Costo stimato:<\/strong> <span>1200 Euro<\/span><\/p>\n\n\n\n\n\n<h2 class=\"wp-block-heading\">Video<\/h2>\n\n\n\n<hr class=\"wp-block-separator has-alpha-channel-opacity\"\/>\n\n\n\n<p>In questo video, vedrai la procedura di trapianto di capelli per le donne in dettaglio. Scopri come viene eseguita la procedura, le tecniche utilizzate e i risultati con foto prima e dopo. Non dimenticare di guardare il video per imparare tutto ci\u00f2 che devi sapere sul trapianto di capelli!<\/p>\n\n\n\n<figure class=\"wp-block-embed is-type-video is-provider-youtube wp-block-embed-youtube wp-embed-aspect-16-9 wp-has-aspect-ratio\"><div class=\"wp-block-embed__wrapper\">\n<iframe loading=\"lazy\" title=\"Hair Transplant in Turkey (Details and Results - Before and After)\" width=\"800\" height=\"450\" src=\"https:\/\/www.youtube.com\/embed\/sDaOfQ-2E2w?list=PLcqCyZU2kPzVa-xkNjXOTWRLyaYi9KkAT\" frameborder=\"0\" allow=\"accelerometer; autoplay; clipboard-write; encrypted-media; gyroscope; picture-in-picture; web-share\" referrerpolicy=\"strict-origin-when-cross-origin\" allowfullscreen><\/iframe>\n<\/div><figcaption class=\"wp-element-caption\">Trapianto di Capelli per le Donne<\/figcaption><\/figure>\n\n\n\n<h3 class=\"wp-block-heading\">Chi esegue il trapianto di capelli?<\/h3>\n\n\n\n<hr class=\"wp-block-separator has-alpha-channel-opacity\"\/>\n\n\n\n<p>Il <a href=\"https:\/\/www.turkaesthetic.com\/it\/hair-transplant\/\" target=\"_blank\" data-type=\"page\" data-id=\"21723\" rel=\"noreferrer noopener\">trapianto di capelli <\/a>deve essere eseguito da dermatologi, chirurghi plastici o team specializzati in trapianto di capelli. La procedura deve essere eseguita in una clinica o in un ospedale approvato dal Ministero della Salute. Poich\u00e9 si tratta di una procedura specializzata, se non eseguita da un team esperto, potrebbe portare a risultati indesiderati.<\/p>\n\n\n\n<h4 class=\"wp-block-heading\">Chi pu\u00f2 sottoporsi al trapianto di capelli per le donne?<\/h4>\n\n\n\n<p>Il trapianto di capelli per le donne pu\u00f2 essere eseguito nei seguenti casi:<\/p>\n\n\n\n<ul class=\"wp-block-list\">\n<li>Coloro che soffrono di perdita di capelli genetica o ormonale.<\/li>\n\n\n\n<li>Coloro che soffrono di perdita di capelli dovuta a ustioni o traumi.<\/li>\n\n\n\n<li>Coloro che soffrono di diradamento dei capelli e perdita di capelli a chiazze.<\/li>\n\n\n\n<li>Coloro che desiderano un aspetto dei capelli pi\u00f9 pieno e folto.<\/li>\n\n\n\n<li>Tuttavia, se la causa della perdita di capelli \u00e8 dovuta a determinate malattie (ad esempio malattie della tiroide, anemia o alopecia areata), la condizione sottostante deve essere trattata prima<\/li>\n<\/ul>\n\n\n\n<figure class=\"wp-block-image size-full\"><img loading=\"lazy\" decoding=\"async\" width=\"800\" height=\"600\" src=\"https:\/\/www.turkaesthetic.com\/wp-content\/uploads\/2025\/02\/Women-hair-transplnat-2.webp\" alt=\"Kad\u0131nlara Sa\u00e7 Ekimi\" class=\"wp-image-60540\" srcset=\"https:\/\/www.turkaesthetic.com\/wp-content\/uploads\/2025\/02\/Women-hair-transplnat-2.webp 800w, https:\/\/www.turkaesthetic.com\/wp-content\/uploads\/2025\/02\/Women-hair-transplnat-2-768x576.webp 768w\" sizes=\"auto, (max-width: 800px) 100vw, 800px\" \/><figcaption class=\"wp-element-caption\">Trapianto di Capelli per le Donne<\/figcaption><\/figure>\n\n\n\n<h3 class=\"wp-block-heading\">Trapianto di capelli per le donne: prima e dopo<\/h3>\n\n\n\n<p>Le foto prima e dopo sono fondamentali per le persone che stanno prendendo in considerazione un trapianto di capelli, poich\u00e9 aiutano a visualizzare l&#8217;efficacia della procedura. Queste immagini mostrano la trasformazione nell&#8217;area trattata, dimostrando sia il successo del trapianto che la progressione del processo di guarigione. I risultati di un trapianto di capelli per le donne in genere iniziano a essere visibili entro 6-12 mesi.<\/p>\n\n\n\n<h4 class=\"wp-block-heading\">Cose da considerare prima e dopo la procedura<\/h4>\n\n\n\n<p><strong>Prima della procedura:<\/strong><\/p>\n\n\n\n<ul class=\"wp-block-list\">\n<li>Si devono interrompere gli anticoagulanti (su consiglio del medico).<\/li>\n\n\n\n<li>Si devono ridurre il fumo e il consumo di alcol.<\/li>\n\n\n\n<li>Non si devono applicare prodotti cosmetici sulla zona del trapianto di capelli.<\/li>\n\n\n\n<li>Si devono osservare una dieta sana e ritmi del sonno.<\/li>\n\n\n\n<li>Evitare il consumo di caffeina prima dell&#8217;operazione.<\/li>\n\n\n\n<li>Bere molta acqua.<\/li>\n<\/ul>\n\n\n\n<p><strong>Dopo la procedura:<\/strong><\/p>\n\n\n\n<ul class=\"wp-block-list\">\n<li>Dopo un giorno dalla procedura, viene eseguito uno speciale lavaggio dei capelli che viene continuato ogni giorno per 12 giorni.<\/li>\n\n\n\n<li>Fare attenzione a proteggere la testa da eventuali urti.<\/li>\n\n\n\n<li>Evitare di grattare o irritare la zona trapiantata.<\/li>\n\n\n\n<li>Utilizzare costantemente i farmaci e i prodotti per la cura prescritti.<\/li>\n\n\n\n<li>Astenersi da attivit\u00e0 fisiche intense, saune o bagni di vapore per il primo mese. Proteggetevi dalla luce solare diretta ed evitate di indossare cappelli per i primi 7-10 giorni.<\/li>\n<\/ul>\n\n\n\n<h3 class=\"wp-block-heading\"><strong>Quali tecniche vengono utilizzate nel trapianto di capelli per le donne?<\/strong><\/h3>\n\n\n\n<hr class=\"wp-block-separator has-alpha-channel-opacity\"\/>\n\n\n\n<h4 class=\"wp-block-heading\">Tecnica FUE (Follicular Unit Extraction)<\/h4>\n\n\n\n<p>In questo metodo, i follicoli piliferi vengono prelevati uno alla volta e trapiantati nell&#8217;area con perdita di capelli. Il metodo <a href=\"https:\/\/www.turkaesthetic.com\/it\/hair\/fue-technique\/\" target=\"_blank\" data-type=\"post\" data-id=\"53802\" rel=\"noreferrer noopener\">FUE<\/a> senza rasatura \u00e8 pi\u00f9 preferito dalle donne, consentendo un trapianto di capelli dall&#8217;aspetto pi\u00f9 naturale.<\/p>\n\n\n\n<figure class=\"wp-block-image size-full\"><img loading=\"lazy\" decoding=\"async\" width=\"800\" height=\"600\" src=\"https:\/\/www.turkaesthetic.com\/wp-content\/uploads\/2024\/12\/fue-hair-transplant-turkey.webp\" alt=\"trapianto di capelli fue turchia\" class=\"wp-image-58834\" srcset=\"https:\/\/www.turkaesthetic.com\/wp-content\/uploads\/2024\/12\/fue-hair-transplant-turkey.webp 800w, https:\/\/www.turkaesthetic.com\/wp-content\/uploads\/2024\/12\/fue-hair-transplant-turkey-768x576.webp 768w\" sizes=\"auto, (max-width: 800px) 100vw, 800px\" \/><figcaption class=\"wp-element-caption\">trapianto di capelli fue turchia<\/figcaption><\/figure>\n\n\n\n<p><strong>Vantaggi:<\/strong><\/p>\n\n\n\n<p>\u00c8 un metodo meno invasivo.<br>Il processo di guarigione \u00e8 pi\u00f9 rapido.<br>\u00c8 una tecnica senza punti di sutura.<\/p>\n\n\n\n<p><strong>Svantaggi:<\/strong><\/p>\n\n\n\n<p>Richiede pi\u00f9 tempo rispetto alla tecnica DHI.<br>Richiede una fase aggiuntiva di apertura del canale.<\/p>\n\n\n\n<h4 class=\"wp-block-heading\">Metodo DHI (Direct Hair Implantation)<\/h4>\n\n\n\n<p>In questo metodo, i follicoli piliferi vengono impiantati direttamente nell&#8217;area ricevente utilizzando una penna speciale (Choi Implanter). La tecnica <a href=\"https:\/\/www.turkaesthetic.com\/it\/dhi-hair-transplant\/\" target=\"_blank\" data-type=\"page\" data-id=\"59840\" rel=\"noreferrer noopener\">DHI<\/a> \u00e8 ampiamente preferita, soprattutto tra le donne, poich\u00e9 fornisce un aspetto pi\u00f9 denso e naturale.<\/p>\n\n\n\n<figure class=\"wp-block-image size-full\"><img decoding=\"async\" src=\"https:\/\/www.turkaesthetic.com\/wp-content\/uploads\/2024\/12\/dhi-_1_.webp\" alt=\"Trapianto di capelli DHI in Turchia\" class=\"wp-image-58843\"\/><figcaption class=\"wp-element-caption\">Trapianto di capelli DHI in Turchia<\/figcaption><\/figure>\n\n\n\n<p><strong>Vantaggi:<\/strong><\/p>\n\n\n\n<ul class=\"wp-block-list\">\n<li>Consente risultati pi\u00f9 densi e dall&#8217;aspetto pi\u00f9 naturale.<\/li>\n\n\n\n<li>Pu\u00f2 essere eseguito senza rasare i capelli.<\/li>\n\n\n\n<li>Garantisce un processo di recupero pi\u00f9 rapido.<\/li>\n\n\n\n<li>Quanto costa il trapianto di capelli per le donne?<\/li>\n\n\n\n<li>Il costo di un trapianto di capelli varia a seconda di fattori quali la posizione della clinica, l&#8217;esperienza del medico e la tecnica utilizzata. In Turchia, il costo del trapianto di capelli per le donne varia in genere tra \u20ac 1200 e \u20ac 1500.<\/li>\n<\/ul>\n\n\n\n<h2 class=\"wp-block-heading\">5 domande frequenti sul trapianto di capelli per le donne<\/h2>\n\n\n\n<hr class=\"wp-block-separator has-alpha-channel-opacity\"\/>\n\n\n<div id=\"rank-math-faq\" class=\"rank-math-block\">\n<div class=\"rank-math-list \">\n<div id=\"faq-question-1739802198614\" class=\"rank-math-list-item\">\n<h3 class=\"rank-math-question \">Il trapianto di capelli per le donne \u00e8 doloroso?<\/h3>\n<div class=\"rank-math-answer \">\n\n<p>Poich\u00e9 la procedura viene eseguita in anestesia locale, non si avverte alcun dolore. Tuttavia, potrebbe esserci una leggera sensazione di fastidio.<\/p>\n\n<\/div>\n<\/div>\n<div id=\"faq-question-1740137507714\" class=\"rank-math-list-item\">\n<h3 class=\"rank-math-question \">Quando crescono i capelli trapiantati?<\/h3>\n<div class=\"rank-math-answer \">\n\n<p>Di solito iniziano ad apparire dopo 3-4 mesi e i risultati completi si vedono entro 12 mesi.<\/p>\n\n<\/div>\n<\/div>\n<div id=\"faq-question-1740137513109\" class=\"rank-math-list-item\">\n<h3 class=\"rank-math-question \">Le donne possono sottoporsi al trapianto di capelli senza rasarsi?<\/h3>\n<div class=\"rank-math-answer \">\n\n<p>S\u00ec, il trapianto di capelli pu\u00f2 essere eseguito senza rasarsi per le donne, soprattutto con metodi DHI o FUE.<\/p>\n\n<\/div>\n<\/div>\n<div id=\"faq-question-1740137518508\" class=\"rank-math-list-item\">\n<h3 class=\"rank-math-question \">I capelli cadono dopo il trapianto di capelli per le donne?<\/h3>\n<div class=\"rank-math-answer \">\n\n<p>Nelle prime settimane potrebbe verificarsi una &#8220;caduta shock&#8221;. Tuttavia, i follicoli piliferi trapiantati rimangono intatti e ricominceranno a crescere in seguito.<\/p>\n\n<\/div>\n<\/div>\n<div id=\"faq-question-1740137523585\" class=\"rank-math-list-item\">\n<h3 class=\"rank-math-question \">Il trapianto di capelli \u00e8 permanente per le donne?<\/h3>\n<div class=\"rank-math-answer \">\n\n<p>S\u00ec, il trapianto di capelli per le donne \u00e8 permanente, a patto che non ci siano problemi genetici o ormonali che influenzino la crescita dei capelli.<\/p>\n\n<\/div>\n<\/div>\n<\/div>\n<\/div>\n\n\n<h3 class=\"wp-block-heading\">Conclusione<\/h3>\n\n\n\n<hr class=\"wp-block-separator has-alpha-channel-opacity\"\/>\n\n\n\n<p>Il trapianto di capelli per le donne produce risultati di successo con la tecnica giusta e un medico esperto. Le procedure eseguite con i metodi FUE e DHI forniscono un aspetto naturale ed estetico. Se stai riscontrando una perdita di capelli e stai considerando un trapianto, \u00e8 essenziale consultare uno specialista per determinare il metodo migliore per te.<\/p>\n\n\n\n<p>Infine, puoi&nbsp;<a href=\"http:\/\/turkaesthetic.com\/it\/contact-us\/\" target=\"_blank\" rel=\"noreferrer noopener\">contattare<\/a>&nbsp;direttamente per richiedere informazioni e prezzi a T\u00fcrkiye Istanbul T<a href=\"https:\/\/www.youtube.com\/channel\/UC0zggzdm5CFwpRMmn_CPpFQ\" target=\"_blank\" rel=\"noreferrer noopener\">urk Aesthetic<\/a>.<a href=\"https:\/\/www.turkaesthetic.com\/wp-content\/uploads\/2022\/01\/drawing-beard-before-transplant.webp\"><\/a><\/p>\n\n\n\n<p><a href=\"https:\/\/www.turkaesthetic.com\/wp-content\/uploads\/2023\/12\/Beard-transplant-before-after-7.webp\"><\/a><\/p>\n\n\n\n<p><a href=\"https:\/\/www.turkaesthetic.com\/wp-content\/uploads\/2023\/11\/before-after-beard-transplant-4.jpg\"><\/a><\/p>\n","protected":false},"excerpt":{"rendered":"<p>Il trapianto di capelli per le donne \u00e8 il processo di trapianto di follicoli piliferi sani in aree che soffrono di perdita di capelli. In genere, vengono utilizzate due tecniche diverse: FUE (estrazione di unit\u00e0 follicolari) e DHI (impianto diretto di capelli). Video In questo video, vedrai la procedura di trapianto di capelli per le [&hellip;]<\/p>\n","protected":false},"author":4,"featured_media":60536,"parent":0,"menu_order":0,"comment_status":"closed","ping_status":"closed","template":"","meta":{"footnotes":""},"dep":[1352],"class_list":["post-60770","page","type-page","status-publish","has-post-thumbnail","hentry","dep-hair-transplant"],"_links":{"self":[{"href":"https:\/\/www.turkaesthetic.com\/it\/wp-json\/wp\/v2\/pages\/60770","targetHints":{"allow":["GET"]}}],"collection":[{"href":"https:\/\/www.turkaesthetic.com\/it\/wp-json\/wp\/v2\/pages"}],"about":[{"href":"https:\/\/www.turkaesthetic.com\/it\/wp-json\/wp\/v2\/types\/page"}],"author":[{"embeddable":true,"href":"https:\/\/www.turkaesthetic.com\/it\/wp-json\/wp\/v2\/users\/4"}],"replies":[{"embeddable":true,"href":"https:\/\/www.turkaesthetic.com\/it\/wp-json\/wp\/v2\/comments?post=60770"}],"version-history":[{"count":0,"href":"https:\/\/www.turkaesthetic.com\/it\/wp-json\/wp\/v2\/pages\/60770\/revisions"}],"wp:featuredmedia":[{"embeddable":true,"href":"https:\/\/www.turkaesthetic.com\/it\/wp-json\/wp\/v2\/media\/60536"}],"wp:attachment":[{"href":"https:\/\/www.turkaesthetic.com\/it\/wp-json\/wp\/v2\/media?parent=60770"}],"wp:term":[{"taxonomy":"dep","embeddable":true,"href":"https:\/\/www.turkaesthetic.com\/it\/wp-json\/wp\/v2\/dep?post=60770"}],"curies":[{"name":"wp","href":"https:\/\/api.w.org\/{rel}","templated":true}]}}