{"id":42384,"date":"2023-09-01T19:37:44","date_gmt":"2023-09-01T19:37:44","guid":{"rendered":"http:\/\/turkaesthetic.com\/premature-ejaculation-treatment\/"},"modified":"2023-09-05T10:21:50","modified_gmt":"2023-09-05T10:21:50","slug":"premature-ejaculation-treatment","status":"publish","type":"page","link":"https:\/\/www.turkaesthetic.com\/it\/premature-ejaculation-treatment\/","title":{"rendered":"Trattamento dell&#8217;Eiaculazione Precoce in Turchia"},"content":{"rendered":"\n<p>Trattamento dell&#8217;eiaculazione precoce in Turchia: l&#8217;eiaculazione precoce \u00e8 definita come l&#8217;eiaculazione precoce durante il rapporto sessuale. Il trattamento pu\u00f2 includere molti metodi diversi e variare a seconda delle condizioni di ciascun individuo. Di seguito sono riportati molti metodi per trattare l\u2019eiaculazione precoce.<\/p>\n\n\n\n<h2 class=\"wp-block-heading\">Metodi di trattamento dell&#8217;eiaculazione precoce<\/h2>\n\n\n\n<p>Il trattamento per l\u2019eiaculazione precoce pu\u00f2 spesso includere metodi come la terapia cognitivo comportamentale, i farmaci e la terapia sessuale. L&#8217;approccio terapeutico pu\u00f2 variare a seconda dello stile di vita, dell&#8217;anamnesi e delle preferenze dell&#8217;individuo. Un sessuologo o un urologo specializzato pu\u00f2 aiutare a determinare il metodo di trattamento pi\u00f9 appropriato valutando le condizioni della persona.<\/p>\n\n\n\n<figure class=\"wp-block-embed is-type-video is-provider-youtube wp-block-embed-youtube wp-embed-aspect-16-9 wp-has-aspect-ratio\"><div class=\"wp-block-embed__wrapper\">\n<iframe loading=\"lazy\" title=\"Premature Ejaculation Treatment (15) Minutes - Turk Aesthetic\" width=\"800\" height=\"450\" src=\"https:\/\/www.youtube.com\/embed\/qe1hSH5CXLg?feature=oembed\" frameborder=\"0\" allow=\"accelerometer; autoplay; clipboard-write; encrypted-media; gyroscope; picture-in-picture; web-share\" allowfullscreen><\/iframe>\n<\/div><figcaption class=\"wp-element-caption\"><em><strong>Trattamento dell&#8217;Eiaculazione Precoce in Turchia<\/strong><\/em><\/figcaption><\/figure>\n\n\n\n<p><strong>Terapia Cognitivo Comportamentale (CBT):<\/strong><\/p>\n\n\n\n<p>la CBT \u00e8 uno degli approcci psicologici per risolvere il problema dell&#8217;eiaculazione precoce. Questo tipo di terapia mira a cambiare i pensieri negativi e fornire un maggiore controllo analizzando i pensieri e i comportamenti sessuali dell&#8217;individuo.<\/p>\n\n\n\n<p><strong>Farmaci:<\/strong><\/p>\n\n\n\n<p>farmaci come antidepressivi e creme o spray contenenti anestetici locali possono essere usati per trattare l\u2019eiaculazione precoce. Gli antidepressivi possono aumentare il controllo dell\u2019eiaculazione influenzando i livelli di serotonina. Prodotti contenenti anestetici locali possono essere applicati al <a href=\"http:\/\/turkaesthetic.com\/it\/penis-enlargement\/\" data-type=\"page\" data-id=\"21985\">pene<\/a> per ridurre l&#8217;intensit\u00e0 dell&#8217;emozione.<\/p>\n\n\n\n<p><strong>Terapia sessuale:<\/strong><\/p>\n\n\n\n<p>la terapia sessuale valuta le esperienze e le relazioni sessuali di un individuo. I terapisti sessuali possono concentrarsi sul miglioramento delle capacit\u00e0 comunicative, sul rafforzamento della connessione emotiva tra i partner e sulla riduzione dell\u2019ansia legata alla prestazione sessuale.<\/p>\n\n\n\n<p><strong>Esercizi per i muscoli del pavimento pelvico:<\/strong><\/p>\n\n\n\n<p>rafforzare i muscoli del pavimento pelvico pu\u00f2 aiutare a controllare l\u2019eiaculazione. Gli esercizi di Kegel che rafforzano questi muscoli possono essere efficaci in alcuni casi di eiaculazione precoce.<\/p>\n\n\n\n<p><strong>Uso del preservativo:<\/strong><\/p>\n\n\n\n<p>l&#8217;uso del preservativo per ridurre l&#8217;intensit\u00e0 sensoriale pu\u00f2 essere utile in alcuni casi di eiaculazione precoce.<\/p>\n\n\n\n<p><strong>Filler del glande del pene:<\/strong><\/p>\n\n\n\n<p>a causa della stimolazione precoce, le persone causano un&#8217;eiaculazione precoce, questo <a href=\"http:\/\/turkaesthetic.com\/it\/filler\/\" data-type=\"page\" data-id=\"21861\">riempitivo<\/a> viene iniettato sotto la pelle sulla testa del pene, aiutando a ritardare l&#8217;eccitazione.<\/p>\n\n\n\n<h3 class=\"wp-block-heading\">Cos\u2019\u00e8 il riempimento della testa del pene e come viene eseguito?<\/h3>\n\n\n\n<p>Fisiologicamente o psicologicamente, nelle persone pu\u00f2 verificarsi eccitazione a causa dell&#8217;eccessiva sensibilit\u00e0 del pene, che provoca nell&#8217;uomo l&#8217;eiaculazione precoce. Sia gli uomini che le donne soffrono di questo problema. Negli uomini questa situazione provoca depressione, mancanza di fiducia in se stessi e senso di inadeguatezza, mentre nelle donne diminuisce la soddisfazione.<\/p>\n\n\n\n<p>Lo scopo del riempimento del glande \u00e8 quello di creare una barriera sottocutanea, riducendo cos\u00ec la sensibilit\u00e0, aumentando cos\u00ec il tempo di eiaculazione di 3-4 volte. Queste otturazioni sono realizzate appositamente per l&#8217;organo riproduttivo maschile e per l&#8217;organo riproduttivo femminile. \u00c8 una procedura non chirurgica e viene eseguita semplicemente in ambito clinico. La sua efficacia dura in media dai 6 ai 12 mesi. Vengono iniettati 3 cc di riempitivo per pene. Se necessario, \u00e8 possibile fare di pi\u00f9 o ripetere il processo dopo un po&#8217; di tempo.<\/p>\n\n\n\n<h3 class=\"wp-block-heading\">Fasi del trattamento dell&#8217;eiaculazione precoce in Turchia<\/h3>\n\n\n<div id=\"rank-math-howto\" class=\"rank-math-block\" >\n<div class=\"rank-math-howto-description\">\n\n<p>Trattamento dell&#8217;eiaculazione precoce in Turchia<\/p>\n\n<\/div>\n<p class=\"rank-math-howto-duration\"><strong>Tempo totale:<\/strong> <span>15 minuti<\/span><\/p>\n<div class=\"rank-math-steps \">\n<div id=\"howto-step-1693655825903\" class=\"rank-math-step\">\n<div class=\"rank-math-step-content \"><p>Prima di tutto, il medico effettua gli esami e gli esami necessari e decide il metodo di trattamento pi\u00f9 adatto alla persona.<\/p>\n<\/div>\n<\/div>\n<div id=\"howto-step-1693655834850\" class=\"rank-math-step\">\n<div class=\"rank-math-step-content \"><p>Successivamente, viene applicata l\u2019anestesia locale sulla parte inferiore del pene oppure viene applicata una crema anestetizzante sulla testa del pene.<\/p>\n<\/div>\n<\/div>\n<div id=\"howto-step-1693655839993\" class=\"rank-math-step\">\n<div class=\"rank-math-step-content \"><p>Il medico inietta una quantit\u00e0 uguale di filler sottocutaneo alla stessa profondit\u00e0 nella testa del pene, creando una barriera sui nervi.<\/p>\n<\/div>\n<\/div>\n<div id=\"howto-step-1693655848004\" class=\"rank-math-step\">\n<div class=\"rank-math-step-content \"><p>Il tempo totale di elaborazione \u00e8 di 15-20 minuti.<\/p>\n<\/div>\n<\/div>\n<div id=\"howto-step-1693655852335\" class=\"rank-math-step\">\n<div class=\"rank-math-step-content \"><p>Infine, \u00e8 possibile attaccare piccoli nastri ai siti di iniezione.<\/p>\n<\/div>\n<\/div>\n<\/div>\n<\/div>\n\n\n\n\n\n\n<h4 class=\"wp-block-heading\">Benefici &#8211; Trattamento dell&#8217;eiaculazione precoce in Turchia<\/h4>\n\n\n\n<ul class=\"wp-block-list\">\n<li>Il trattamento dell\u2019eiaculazione precoce \u00e8 un metodo non chirurgico.<\/li>\n\n\n\n<li>Dopo l&#8217;anestesia locale, la persona non avverte dolore o dolore.<\/li>\n\n\n\n<li>La procedura dura in media dai 15 ai 20 minuti.<\/li>\n\n\n\n<li>L&#8217;eccitazione e l&#8217;eiaculazione della persona aumentano di 3-4 volte.<\/li>\n<\/ul>\n\n\n\n<h4 class=\"wp-block-heading\">Svantaggio &#8211; Trattamento dell&#8217;eiaculazione precoce in Turchia<\/h4>\n\n\n\n<p>Il filler \u00e8 efficace in media da 6 a 12 mesi e non \u00e8 una soluzione permanente e permanente.<\/p>\n\n\n\n<p>Non ci sono svantaggi quando il trattamento giusto viene applicato alla persona dallo specialista giusto.<\/p>\n\n\n\n<h4 class=\"wp-block-heading\">Effetti collaterali &#8211; Trattamento dell&#8217;eiaculazione precoce in Turchia<\/h4>\n\n\n\n<p>Dopo l&#8217;intervento possono comparire lievi gonfiori, arrossamenti ed ecchimosi nei siti di iniezione del glande. Tutti gli effetti collaterali scompaiono entro pochi giorni.<\/p>\n\n\n\n<h3 class=\"wp-block-heading\">Cosa fare dopo il riempimento del glande del pene<\/h3>\n\n\n\n<ul class=\"wp-block-list\">\n<li>Dopo la procedura, la persona pu\u00f2 riprendere la vita normale.<\/li>\n\n\n\n<li>Non dovresti fare la doccia il primo giorno.<\/li>\n\n\n\n<li>Le attivit\u00e0 fisiche intense dovrebbero essere evitate per 1-2 giorni.<\/li>\n\n\n\n<li>Dopo due settimane in media, dovrebbero aver luogo i rapporti sessuali.<\/li>\n\n\n\n<li>Dovrebbero essere consumati molti liquidi.<\/li>\n\n\n\n<li>Dopo due settimane si consiglia di utilizzare lo spray ritardante per 15 giorni 15 minuti prima del rapporto sessuale.<\/li>\n<\/ul>\n\n\n\n<h3 class=\"wp-block-heading\">Chi viene curato per l&#8217;eiaculazione precoce in T\u00fcrkiye<\/h3>\n\n\n\n<p>Tutti i trattamento dell&#8217;eiaculazione precoce in Turchia e il riempimento del glande del pene vengono solitamente eseguiti da urologi. Gli urologi sono medici che si occupano di problemi di salute urologica e anche la salute sessuale rientra in questo campo. Poich\u00e9 l\u2019otturazione della testa del pene \u00e8 una procedura solitamente eseguita per scopi cosmetici, \u00e8 importante consultare un urologo esperto in questo settore.<\/p>\n\n\n\n<p>Tuttavia, prima di qualsiasi intervento medico, \u00e8 importante informarsi attentamente, consultare uno specialista esperto e appropriato e, se necessario, chiedere diversi pareri. Quando si decide un intervento medico, \u00e8 importante chiedere consiglio ad esperti di fiducia per non mettere a rischio la propria salute.<\/p>\n\n\n\n<h3 class=\"wp-block-heading\">Prezzo del trattamento dell&#8217;eiaculazione precoce in Turchia<\/h3>\n\n\n\n<p>Il riempimento della testa del pene, che \u00e8 uno dei metodi di trattamento dell\u2019eiaculazione precoce in Turchia, richiede medici esperti nel settore.<\/p>\n\n\n\n<p>Si consiglia sempre di scegliere un centro medico affidabile per garantire competenza e sterilizzazione.<\/p>\n\n\n\n<p>In Turchia la testa del pene viene riempita in 3 cc e costa 750 euro.<\/p>\n\n\n\n<h2 class=\"wp-block-heading\">FAQ &#8211; Trattamento dell&#8217;eiaculazione precoce in Turchia<\/h2>\n\n\n<div id=\"rank-math-faq\" class=\"rank-math-block\">\n<div class=\"rank-math-list \">\n<div id=\"faq-question-1693655741581\" class=\"rank-math-list-item\">\n<h3 class=\"rank-math-question \">Chi pu\u00f2 ottenere l\u2019otturazione della testa del pene, il trattamento dell\u2019eiaculazione precoce in Turchia?<\/h3>\n<div class=\"rank-math-answer \">\n\n<p>Si applica alle persone di et\u00e0 superiore ai 18 anni che hanno problemi di eiaculazione precoce.<\/p>\n\n<\/div>\n<\/div>\n<div id=\"faq-question-1693655747255\" class=\"rank-math-list-item\">\n<h3 class=\"rank-math-question \">Qual \u00e8 il prezzo del filler per la testa del pene in Turchia?<\/h3>\n<div class=\"rank-math-answer \">\n\n<p>In Turchia si applicano in media 3 cc di filler per pene e il prezzo \u00e8 di 750 euro.<\/p>\n\n<\/div>\n<\/div>\n<div id=\"faq-question-1693655758132\" class=\"rank-math-list-item\">\n<h3 class=\"rank-math-question \">Per quanto tempo il riempimento della testa del pene ritarda l\u2019eiaculazione precoce?<\/h3>\n<div class=\"rank-math-answer \">\n\n<p>Se eseguito in modo sicuro da medici specialisti, consente un&#8217;eiaculazione da 3 a 4 volte pi\u00f9 lunga.<\/p>\n\n<\/div>\n<\/div>\n<div id=\"faq-question-1693655765888\" class=\"rank-math-list-item\">\n<h3 class=\"rank-math-question \">Il filler applicato sul pene \u00e8 dannoso?<\/h3>\n<div class=\"rank-math-answer \">\n\n<p>Il contenuto del filler \u00e8 acido ialuronico, poich\u00e9 questo acido \u00e8 presente anche nel nostro corpo, \u00e8 compatibile e non danneggia. Poich\u00e9 si applica sulla testa del pene e solo sotto la pelle, non ha nulla a che fare con le vie urinarie o con i dotti spermatici e non crea alcuna situazione negativa.<\/p>\n\n<\/div>\n<\/div>\n<\/div>\n<\/div>\n\n\n<p>Infine, puoi <a href=\"http:\/\/turkaesthetic.com\/it\/contact-us\/\" data-type=\"page\" data-id=\"21028\">contattare<\/a> il team di supporto tecnico tramite un collegamento diretto per richiedere informazioni e prezzi a T\u00fcrkiye \u0130stanbul <a href=\"https:\/\/www.youtube.com\/channel\/UC0zggzdm5CFwpRMmn_CPpFQ\" data-type=\"link\" data-id=\"https:\/\/www.youtube.com\/channel\/UC0zggzdm5CFwpRMmn_CPpFQ\" target=\"_blank\" rel=\"noopener\">Turk Aesthetic<\/a>.<\/p>\n","protected":false},"excerpt":{"rendered":"<p>Trattamento dell&#8217;eiaculazione precoce in Turchia: l&#8217;eiaculazione precoce \u00e8 definita come l&#8217;eiaculazione precoce durante il rapporto sessuale. Il trattamento pu\u00f2 includere molti metodi diversi e variare a seconda delle condizioni di ciascun individuo. Di seguito sono riportati molti metodi per trattare l\u2019eiaculazione precoce. Metodi di trattamento dell&#8217;eiaculazione precoce Il trattamento per l\u2019eiaculazione precoce pu\u00f2 spesso includere [&hellip;]<\/p>\n","protected":false},"author":1,"featured_media":42343,"parent":0,"menu_order":0,"comment_status":"closed","ping_status":"closed","template":"","meta":{"footnotes":""},"dep":[1357],"class_list":["post-42384","page","type-page","status-publish","has-post-thumbnail","hentry","dep-treatment"],"_links":{"self":[{"href":"https:\/\/www.turkaesthetic.com\/it\/wp-json\/wp\/v2\/pages\/42384","targetHints":{"allow":["GET"]}}],"collection":[{"href":"https:\/\/www.turkaesthetic.com\/it\/wp-json\/wp\/v2\/pages"}],"about":[{"href":"https:\/\/www.turkaesthetic.com\/it\/wp-json\/wp\/v2\/types\/page"}],"author":[{"embeddable":true,"href":"https:\/\/www.turkaesthetic.com\/it\/wp-json\/wp\/v2\/users\/1"}],"replies":[{"embeddable":true,"href":"https:\/\/www.turkaesthetic.com\/it\/wp-json\/wp\/v2\/comments?post=42384"}],"version-history":[{"count":0,"href":"https:\/\/www.turkaesthetic.com\/it\/wp-json\/wp\/v2\/pages\/42384\/revisions"}],"wp:featuredmedia":[{"embeddable":true,"href":"https:\/\/www.turkaesthetic.com\/it\/wp-json\/wp\/v2\/media\/42343"}],"wp:attachment":[{"href":"https:\/\/www.turkaesthetic.com\/it\/wp-json\/wp\/v2\/media?parent=42384"}],"wp:term":[{"taxonomy":"dep","embeddable":true,"href":"https:\/\/www.turkaesthetic.com\/it\/wp-json\/wp\/v2\/dep?post=42384"}],"curies":[{"name":"wp","href":"https:\/\/api.w.org\/{rel}","templated":true}]}}