{"id":25738,"date":"2022-01-27T13:25:46","date_gmt":"2022-01-27T10:25:46","guid":{"rendered":"http:\/\/turkaesthetic.com\/gastric-sleeve\/"},"modified":"2026-04-20T15:33:26","modified_gmt":"2026-04-20T12:33:26","slug":"gastric-sleeve","status":"publish","type":"page","link":"https:\/\/www.turkaesthetic.com\/it\/gastric-sleeve\/","title":{"rendered":"Gastrectomia in Turchia"},"content":{"rendered":"\n<p>La gastrectomia in Turchia Istanbul \u00e8 una procedura in cui parte dello stomaco viene tagliata per ridurne le dimensioni. Di conseguenza, non \u00e8 consentito mangiare la stessa quantit\u00e0 di cibo che il paziente mangiava primadell&#8217;eerazione perch\u00e9 la dimensione dello stomaco \u00e8 diventata piccola e non si adatta alla grande quantit\u00e0 di cibo che aveva prima, dove si sente pieno mangiando solo una piccola quantit\u00e0 di cibo,&nbsp; in modo che il paziente perda gradualmentegran parte del suo peso dopo la procedura.<\/p>\n\n\n\n<p>Va notato che la procedura di gastrectomia a manica \u00e8 una soluzione radicale e permanente all&#8217;obesit\u00e0 e ci\u00f2 che \u00e8 stato tagliato fuori dallo stomaco non pu\u00f2 essere restituito. Ecco alcuneinformazioni rapide sulla manica gastrica:<\/p>\n\n\n\n<figure class=\"wp-block-table\"><table><tbody><tr><td>Anestesia&nbsp;<\/td><td>Generale<\/td><\/tr><tr><td>Durata del processo<\/td><td>3 ore<\/td><\/tr><tr><td>Scopo del processo<\/td><td>Dimagrire&nbsp;<\/td><\/tr><tr><td>Risultati<\/td><td>Veloce e progressivo &#8211; Dura una vita<\/td><\/tr><tr><td>Convalescenza<\/td><td>2 settimane<\/td><\/tr><tr><td>Costo in turk aesthetic&nbsp;<\/td><td>3500 &#8211; 4500 EUR<\/td><\/tr><\/tbody><\/table><figcaption class=\"wp-element-caption\">Gastrectomia in Turchia<\/figcaption><\/figure>\n\n\n\n<h2 class=\"wp-block-heading\">Come viene eseguita l&#8217;operazione di gastrectomia a manica in Turchia?<\/h2>\n\n\n\n<p>La gastrectomia a manica per la perdita di peso \u00e8 una procedura che riduce la funzione dello stomaco e richiede circa due o tre ore in anestesia completa del corpo.&nbsp; Questo pu\u00f2 essere fatto con la chirurgia tradizionale o l&#8217;endoscopia, che \u00e8 l&#8217;opzione migliore. Dopo la perdita di parte dello stomaco, la capacit\u00e0 dello stomaco \u00e8 stata ridotta alla met\u00e0 o un quarto, il che significa che il paziente non pu\u00f2 mangiare la stessa quantit\u00e0 di cibo dopo la procedura di manica gastrica.<\/p>\n\n\n\n<p>Inoltre, una parte tagliata dello stomaco porta ad una diminuzione della quantit\u00e0 dell&#8217;ormone del senso della fame secreto dallo stomaco, il che significa che la persona non si sente piena mangiando solo una piccola quantit\u00e0 di cibo, ma inoltre non sente una fame frequente a causa della diminuzione della secrezione di questo ormone.<\/p>\n\n\n\n<h3 class=\"wp-block-heading\">Video della gastrectomia della in T\u00fcrkiye<\/h3>\n\n\n\n<p>Un video che mostra il metodo di chirurgia della gastrectomia a manica a Istanbul, in Turchia.<\/p>\n\n\n\n<h3 class=\"wp-block-heading\">Chi pu\u00f2 avere una gastrectomia in Turchia?<\/h3>\n\n\n\n<ul class=\"wp-block-list\">\n<li>Persone che vogliono perdere peso da 20 a 60 chili.<\/li>\n\n\n\n<li>Coloro che non sono in grado di perdere peso con i metodi tradizionali.<\/li>\n\n\n\n<li>Per tutti coloro che soffrono di dolore alla colonna vertebrale e alle ossa a causa dell&#8217;eccesso di peso<\/li>\n\n\n\n<li>Le persone che soffrono di alcuni problemi associati all&#8217;obesit\u00e0, come la mancanza di respiro e il diabete di tipo 2, option di una gastrectomia a manica si adattano molto bene a loro.<\/li>\n\n\n\n<li>Coloro che soffrono di ulcera allo stomaco, la loro condizione pu\u00f2 essere adatta per la manica dello stomaco e sbarazzarsi della parte dello stomaco che causa l&#8217;ulcera.<\/li>\n<\/ul>\n\n\n\n<h3 class=\"wp-block-heading\">Chi non pu\u00f2 avere una gastrectomia a manica?<\/h3>\n\n\n\n<ul class=\"wp-block-list\">\n<li>Under18 (si pu\u00f2 fare, ma non si preferisce)<\/li>\n\n\n\n<li>Pazienti con malessere cronico avanzato o contagioso.<\/li>\n\n\n\n<li>Le persone che soffrono di obesit\u00e0 semplice non hanno bisogno di una soluzione radicale come la manica gastrica.<\/li>\n\n\n\n<li>La gastrectomia della manica non pu\u00f2 essere considerata una soluzione per coloro che soffrono di grasso in eccesso nel corpo, la manica non rimuove il grasso, ma aiuta solo a perdere peso.<\/li>\n<\/ul>\n\n\n\n<h3 class=\"wp-block-heading\">Il medico che esegue la gastrectomia della manica<\/h3>\n\n\n\n<p>La gastrectomia a manica \u00e8 una procedura chirurgica eseguita da medici esperti in obesit\u00e0 e un reparto di chirurgia generale. Unmedico di un&#8217;altra specialit\u00e0 non pu\u00f2 eseguire questo tipo di intervento chirurgico. Il centro deve essere affidabile con un ambiente clinico altamente sterile e un medico altamente qualificato sono tutte cose da considerare quando si sceglie un ospedale o un centro medico.<\/p>\n\n\n\n<h3 class=\"wp-block-heading\">Differenze tra una gastrectomia a manica e bypass gastrico<\/h3>\n\n\n\n<p>La <strong>manica<\/strong> e il bypass&nbsp; vengono eseguiti sotto laparoscopia (una tecnica che consente l&#8217;accesso all&#8217;interno dell&#8217;addome attraverso piccole incisioni della parete addominale) Per il bypass, il chirurgo ridurr\u00e0 il volume dello stomaco per entrambi i casi mentre il <strong>bypass<\/strong> \u00e8 reversibile, questo non \u00e8 il caso della <strong>manica<\/strong> che \u00e8 irreversibile.<\/p>\n\n\n\n<h3 class=\"wp-block-heading\">Tipi di anestesia utilizzati per la gastrectomia a manica<\/h3>\n\n\n\n<p>La gastrectomia a manica pu\u00f2essere eseguita in anestesia generale del corpo. Il paziente deve smettere di mangiare e bere 6 ore prima dell&#8217;operazione per sentirsi a disagio nello stomaco dopo essersi svegliato dall&#8217;operazione. Il paziente rimane in ospedale per uno o due anniin caso di anestesia generale.<\/p>\n\n\n\n<h2 class=\"wp-block-heading\">Fasi della procedura di gastrectomia a manica in Turchia<\/h2>\n\n\n<div id=\"rank-math-howto\" class=\"rank-math-block\" >\n<div class=\"rank-math-howto-description\">\n\n<p>La procedura di gastrectomia a manica passa attraverso tre fasi, come in altri interventi chirurgici:<\/p>\n\n<\/div>\n<p class=\"rank-math-howto-duration\"><strong>Tempo totale:<\/strong> <span>2 giorni e 3 ore<\/span><\/p>\n<div class=\"rank-math-steps \">\n<div id=\"howto-step-1676397839949\" class=\"rank-math-step\">\n<h3 class=\"rank-math-step-title \"><strong>Prima dell\u2019operazione<\/strong><\/h3>\n<div class=\"rank-math-step-content \"><img loading=\"lazy\" decoding=\"async\" width=\"1024\" height=\"682\" src=\"https:\/\/www.turkaesthetic.com\/wp-content\/uploads\/2022\/01\/befor-Gastric-Balloon.webp\" class=\"attachment-full size-full\" alt=\"palloncino gastrico in Turchia\" srcset=\"https:\/\/www.turkaesthetic.com\/wp-content\/uploads\/2022\/01\/befor-Gastric-Balloon.webp 1024w, https:\/\/www.turkaesthetic.com\/wp-content\/uploads\/2022\/01\/befor-Gastric-Balloon-300x200.webp 300w, https:\/\/www.turkaesthetic.com\/wp-content\/uploads\/2022\/01\/befor-Gastric-Balloon-768x512.webp 768w\" sizes=\"auto, (max-width: 1024px) 100vw, 1024px\" \/><p>Dopo aver deciso la procedura, il paziente deveaderire a nuove abitudini prima della procedura. Le pi\u00f9 importanti di queste abitudini sono:<\/p>\n<p>Ridurre gradualmente il cibo in modo che il corpo sostituisca la sua quota rilasciando grasso.<br \/>Movimento ed esercizio.<br \/>Il medico deve essere informato deifarmaci che usa o di eventuali sintomi di salute, se presenti.<br \/>Dovresti informare il medico se sei allergico a un particolare farmaco o sostanza.<br \/>Se soffri di problemi di stomaco o malattie legate all\u2019esofago, dovresti assolutamente informare il medico.<br \/>Al fine di evitarecomplicazioni indesiderate, \u00e8 necessario interrompere l\u2019assunzione di anticoagulanti una settimana prima della procedura.<br \/>Smettere di fumare e bere alcolici una settimana prima della procedura.<br \/>Il medico ha eseguito una sigmoidoscopia per verificare la salute dello stomaco prima della procedura.<\/p>\n<\/div>\n<\/div>\n<div id=\"howto-step-1676397949250\" class=\"rank-math-step\">\n<h3 class=\"rank-math-step-title \"><strong>Durante l\u2019operazione\u00a0<\/strong><\/h3>\n<div class=\"rank-math-step-content \"><p>Va notato che l\u2019operazione di gastrectomia a manica pu\u00f2 essere eseguita mediante chirurgia o endoscopia, e in entrambi i casi il corpo riceve l\u2019anestesia generale.<br \/>Il processo chirurgico \u00e8 il pi\u00f9 comune, manon \u00e8 preferito perch\u00e9 lascia cicatrici chirurgiche che richiedono ulteriori interventi di chirurgia plastica. Per quanto riguarda la procedura laparoscopica, viene eseguita attraverso piccole incisioni per inserire l\u2019endoscopio attraverso di essa e completare laprocedura senza la necessit\u00e0 di interventi chirurgici e altre complicazioni. Solo il medico alla fine decide come verr\u00e0 eseguita la procedura in base al caso di ciascun paziente. Il taglio viene solitamente effettuato longitudinalmente dalla regione pilorica e termina nella parte inferiore.<\/p>\n<\/div>\n<\/div>\n<div id=\"howto-step-1676397967490\" class=\"rank-math-step\">\n<h3 class=\"rank-math-step-title \"><strong>Dopo l\u2019operazione<\/strong><\/h3>\n<div class=\"rank-math-step-content \"><img loading=\"lazy\" decoding=\"async\" width=\"1024\" height=\"682\" src=\"https:\/\/www.turkaesthetic.com\/wp-content\/uploads\/2022\/01\/after-Gastric-Balloon.webp\" class=\"attachment-full size-full\" alt=\"palloncino gastrico in Turchia\" srcset=\"https:\/\/www.turkaesthetic.com\/wp-content\/uploads\/2022\/01\/after-Gastric-Balloon.webp 1024w, https:\/\/www.turkaesthetic.com\/wp-content\/uploads\/2022\/01\/after-Gastric-Balloon-300x200.webp 300w, https:\/\/www.turkaesthetic.com\/wp-content\/uploads\/2022\/01\/after-Gastric-Balloon-768x512.webp 768w\" sizes=\"auto, (max-width: 1024px) 100vw, 1024px\" \/><p>Dopo l\u2019operazione, il paziente rimane in ospedale per due giorni, durante i quali inizia una fase della vita con una nuova routine e abitudini che iniziano con il dolore che pu\u00f2 durare una settimana e pu\u00f2 essere eliminato daglianalgesici. Il movimento e lo sforzo dovrebbero essere evitati in quanto ci\u00f2 prolunga il periodo di recupero, specialmente se la procedura \u00e8 chirurgica e non endoscopica; Il paziente pu\u00f2 sentire un po \u2018di dolore dopo aver mangiato, ma deve essere pazienteper qualche tempo per abituarsi alla nuova dieta. La quantit\u00e0 di cibo dovrebbe essere ridotta, specialmente durante il primo mese. Durante la prima settimana, dovresti attenerti solo a cibo leggero, zuppa e verdure.<\/p>\n<\/div>\n<\/div>\n<\/div>\n<\/div>\n\n\n\n\n\n\n<h3 class=\"wp-block-heading\">Gastrectomia a manica follow-up in tructions<\/h3>\n\n\n\n<ul class=\"wp-block-list\">\n<li>Inizia a mangiare e bere 4-6 ore dopo l&#8217;operazione.<\/li>\n\n\n\n<li>Evitare cibi solidi nel primo mese.<\/li>\n\n\n\n<li>\u00c8 necessario seguire il programma di dieta fornito dal medico dopo il bypass gastrico.<\/li>\n\n\n\n<li>Evitare di mangiare cibi grassi, carboidrati e bevande acide.<\/li>\n\n\n\n<li>Stai lontano da sigarette, narghil\u00e8 e alcol.<\/li>\n\n\n\n<li>Pieno rispetto di tutte le istruzioni fornite dal medico.<\/li>\n<\/ul>\n\n\n\n<h3 class=\"wp-block-heading\">Vantaggi e svantaggi della gastrectomia a manica<\/h3>\n\n\n\n<h4 class=\"wp-block-heading\">Benefici<\/h4>\n\n\n\n<ul class=\"wp-block-list\">\n<li>La procedura di gastrectomia a manica \u00e8 una soluzione radicale per sbarazzarsi del peso in eccesso, da cui tutte le soluzioni tradizionali e i tentativi di liberarsene sono falliti.<\/li>\n\n\n\n<li>Con la manica gastrica, il paziente si liberer\u00e0 deiproblemi associati all&#8217;eccesso di peso, i pi\u00f9 importanti dei quali sono il dolore osseo e la colonna vertebrale, la mancanza di respiro e l&#8217;affaticamento da qualsiasi semplice movimento.<\/li>\n\n\n\n<li>Il paziente otterr\u00e0 una forma rapida progressiva per un corpo snello e sano.<\/li>\n\n\n\n<li>Sbarazzati della pigrizia e della mancanza di movimento.<\/li>\n\n\n\n<li>Abbi fiducia in te stesso e indossa i vestiti che sognava prima&nbsp; di perderli di vista.<\/li>\n<\/ul>\n\n\n\n<h4 class=\"wp-block-heading\">Difetti<\/h4>\n\n\n\n<p>Dopo la procedura, pu\u00f2 essere accompagnato da una sensazione di depressione per adottare un nuovo stile di vita eroutine, ma si abitua rapidamente. Non \u00e8 possibile invertire la procedura di bypass gastrico con il passare del tempo in caso di garzetta r.<\/p>\n\n\n\n<p>Effetti collaterali dopo intervento chirurgico di bypass gastrico<\/p>\n\n\n\n<p>Disagio allo stomaco, nausea e vomito dopo avermangiato, specialmente durante il primo periodo.<\/p>\n\n\n\n<p>La depressione postoperatoria \u00e8 un fenomeno comune con questo tipo di operazione.<\/p>\n\n\n\n<h2 class=\"wp-block-heading\">Gastrectomia a manica a T\u00fcrkiye &#8211; Istanbul<\/h2>\n\n\n\n<p>La Turchia in generale, e Istanbul in particolare, \u00e8 la destinazione di molti turistiche visitano la Turchia per cure e turismo allo stesso tempo a causa dei suoi numerosi vantaggi come le numerose opzioni, l&#8217;esperienza dei medici e la qualit\u00e0 dell&#8217;assistenza sanitaria. La gastrectomia a manica \u00e8 una delleopzioni pi\u00f9 importanti disponibili per la perdita di peso in Turchia e il suo prezzo varia tra 4000 e 5000 euro, a seconda di ciascun centro e dei dettagli dell&#8217;operazione.<\/p>\n\n\n\n<h3 class=\"wp-block-heading\">Costo della chirurgia di gastrectomia della manica in Turchia Istanbul<\/h3>\n\n\n\n<p>Il costodell&#8217;ectomia gastr sleeve in Turchia varia da luogo a luogo a seconda di diverse cose:<\/p>\n\n\n\n<ul class=\"wp-block-list\">\n<li>Centro medico o ospedale.<\/li>\n\n\n\n<li>Esperienza del medico.<\/li>\n\n\n\n<li>Il tipo di gastrectomia a manica \u00e8 chirurgico o laparoscopico<\/li>\n\n\n\n<li>Servizi aggiuntivi, in quanto alcuni centri offrono pacchetti che includono trattamento, alloggio e trasporto.<\/li>\n<\/ul>\n\n\n\n<p>In Turk Aesthetic Istanbul, il costo dellaprocedura di trectomia con gas sleeve varia da 4000 a 5000 euro.<\/p>\n\n\n\n<p>Puoi contattare il team di Turk Aesthetic nella pagina dei contatti per richiedere il costo del pacchetto di trattamento con alloggio e trasporto.<\/p>\n\n\n\n<h2 class=\"wp-block-heading\">FAQ \u2013 Gastrectomia a manica in Turchia Istanbul<\/h2>\n\n\n<div id=\"rank-math-faq\" class=\"rank-math-block\">\n<div class=\"rank-math-list \">\n<div id=\"faq-question-1676398175317\" class=\"rank-math-list-item\">\n<h3 class=\"rank-math-question \"><strong>Qual \u00e8 lo scopo di una gastrectomia a manica?<\/strong><\/h3>\n<div class=\"rank-math-answer \">\n\n<p>L&#8217;obiettivo della procedura di gastrectomia a manica \u00e8 quello di perdere peso in eccesso e ottenere un corpo pi\u00f9 in forma.<\/p>\n\n<\/div>\n<\/div>\n<div id=\"faq-question-1676398185626\" class=\"rank-math-list-item\">\n<h3 class=\"rank-math-question \"><strong>Chi pu\u00f2 eseguire la procedura di gastrectomia della manica?<\/strong><\/h3>\n<div class=\"rank-math-answer \">\n\n<p>Tutti coloro che sono in sovrappeso e non sono in alcun modo riusciti a liberarsene, oltre a tutti coloro che soffrono di problemi associati all&#8217;eccesso di peso.<\/p>\n\n<\/div>\n<\/div>\n<div id=\"faq-question-1676398194182\" class=\"rank-math-list-item\">\n<h3 class=\"rank-math-question \"><strong>Quanto dura la chirurgia di gastrectomia a manica?<\/strong><\/h3>\n<div class=\"rank-math-answer \">\n\n<p>La procedura di gastrectomia a manica richiede circa due o tre ore.<\/p>\n\n<\/div>\n<\/div>\n<div id=\"faq-question-1676398335526\" class=\"rank-math-list-item\">\n<h3 class=\"rank-math-question \"><strong>La gastrectomia a manica \u00e8 una procedura difficile o pericolosa?<\/strong><\/h3>\n<div class=\"rank-math-answer \">\n\n<p>La procedura di gastrectomia a manica \u00e8 considerata una soluzione radicale e irreversibile con risultati rapidi e progressivi. D&#8217;altra parte, \u00e8 considerata una proceduraduplicata in relazione al palloncino.<\/p>\n\n<\/div>\n<\/div>\n<div id=\"faq-question-1676398344729\" class=\"rank-math-list-item\">\n<h3 class=\"rank-math-question \"><strong>Quanto peso posso perdere se ho una gastrectomia a manica?<\/strong><\/h3>\n<div class=\"rank-math-answer \">\n\n<p>Circa 30 &#8211; 70 chili.<\/p>\n\n<\/div>\n<\/div>\n<div id=\"faq-question-1676398392321\" class=\"rank-math-list-item\">\n<h3 class=\"rank-math-question \"><strong>Quando inizia la procedura di gastrectomia a manica?<\/strong><\/h3>\n<div class=\"rank-math-answer \">\n\n<p>I risultati iniziano gradualmente e rapidamente in un mese, la differenza pu\u00f2 essere vista.<\/p>\n\n<\/div>\n<\/div>\n<div id=\"faq-question-1676398406197\" class=\"rank-math-list-item\">\n<h3 class=\"rank-math-question \"><strong>La procedura di gastrectomia a manica \u00e8 dolorosa?<\/strong><\/h3>\n<div class=\"rank-math-answer \">\n\n<p>Il paziente non sente dolore durante l&#8217;operazione alle unghie grazie all&#8217;anestesia completa del corpo, ma dopo la procedura pu\u00f2 sentire dolore che pu\u00f2 essere superato con antidolorifici.<\/p>\n\n<\/div>\n<\/div>\n<div id=\"faq-question-1676398428479\" class=\"rank-math-list-item\">\n<h3 class=\"rank-math-question \"><strong>\u00c8 possibile bere bevande analcolichedopo una procedura di\u00a0 gastrectomia a manica?<\/strong><\/h3>\n<div class=\"rank-math-answer \">\n\n<p>I medici non raccomandano che le bevande analcoliche siano una fonte di liquido nel corpo, ma piuttosto dipendano solo dall&#8217;acqua e dai succhi naturali.<\/p>\n\n<\/div>\n<\/div>\n<\/div>\n<\/div>\n\n\n<p><strong>Infine, \u00e8 possibile <a href=\"http:\/\/turkaesthetic.com\/it\/contact-us\/\" target=\"_blank\" data-type=\"page\" data-id=\"21028\" rel=\"noreferrer noopener\">contattare<\/a> tramite un linkn per ulteriori informazioni da <a href=\"https:\/\/www.youtube.com\/channel\/UC0zggzdm5CFwpRMmn_CPpFQ\" target=\"_blank\" data-type=\"URL\" data-id=\"https:\/\/www.youtube.com\/channel\/UC0zggzdm5CFwpRMmn_CPpFQ\" rel=\"noreferrer noopener\">Turk Aesthetic<\/a> Istanbul.<\/strong><\/p>\n","protected":false},"excerpt":{"rendered":"<p>La gastrectomia in Turchia Istanbul \u00e8 una procedura in cui parte dello stomaco viene tagliata per ridurne le dimensioni. Di conseguenza, non \u00e8 consentito mangiare la stessa quantit\u00e0 di cibo che il paziente mangiava primadell&#8217;eerazione perch\u00e9 la dimensione dello stomaco \u00e8 diventata piccola e non si adatta alla grande quantit\u00e0 di cibo che aveva prima, [&hellip;]<\/p>\n","protected":false},"author":1,"featured_media":20908,"parent":0,"menu_order":0,"comment_status":"closed","ping_status":"closed","template":"","meta":{"footnotes":""},"dep":[1607],"class_list":["post-25738","page","type-page","status-publish","has-post-thumbnail","hentry","dep-weight-loss"],"_links":{"self":[{"href":"https:\/\/www.turkaesthetic.com\/it\/wp-json\/wp\/v2\/pages\/25738","targetHints":{"allow":["GET"]}}],"collection":[{"href":"https:\/\/www.turkaesthetic.com\/it\/wp-json\/wp\/v2\/pages"}],"about":[{"href":"https:\/\/www.turkaesthetic.com\/it\/wp-json\/wp\/v2\/types\/page"}],"author":[{"embeddable":true,"href":"https:\/\/www.turkaesthetic.com\/it\/wp-json\/wp\/v2\/users\/1"}],"replies":[{"embeddable":true,"href":"https:\/\/www.turkaesthetic.com\/it\/wp-json\/wp\/v2\/comments?post=25738"}],"version-history":[{"count":1,"href":"https:\/\/www.turkaesthetic.com\/it\/wp-json\/wp\/v2\/pages\/25738\/revisions"}],"predecessor-version":[{"id":74209,"href":"https:\/\/www.turkaesthetic.com\/it\/wp-json\/wp\/v2\/pages\/25738\/revisions\/74209"}],"wp:featuredmedia":[{"embeddable":true,"href":"https:\/\/www.turkaesthetic.com\/it\/wp-json\/wp\/v2\/media\/20908"}],"wp:attachment":[{"href":"https:\/\/www.turkaesthetic.com\/it\/wp-json\/wp\/v2\/media?parent=25738"}],"wp:term":[{"taxonomy":"dep","embeddable":true,"href":"https:\/\/www.turkaesthetic.com\/it\/wp-json\/wp\/v2\/dep?post=25738"}],"curies":[{"name":"wp","href":"https:\/\/api.w.org\/{rel}","templated":true}]}}