{"id":25640,"date":"2021-12-04T12:19:08","date_gmt":"2021-12-04T09:19:08","guid":{"rendered":"http:\/\/turkaesthetic.com\/hymenoplasty\/"},"modified":"2026-03-13T06:01:13","modified_gmt":"2026-03-13T03:01:13","slug":"hymenoplasty","status":"publish","type":"page","link":"https:\/\/www.turkaesthetic.com\/it\/hymenoplasty\/","title":{"rendered":"Imenoplastica"},"content":{"rendered":"\n<p><strong>L\u2019intervento di ricostruzione dell\u2019imene<\/strong> \u00e8 considerato una procedura relativamente semplice nel campo della ginecologia. In ambito medico \u00e8 noto come <strong>imenoplastica<\/strong> e ha l\u2019obiettivo di ricostruire la sottile membrana situata all\u2019ingresso della vagina. Questo intervento pu\u00f2 essere eseguito per motivi personali o sociali in alcune donne. Negli ultimi anni questa operazione \u00e8 diventata sempre pi\u00f9 comune nei centri medici specializzati, soprattutto grazie allo sviluppo di tecniche chirurgiche moderne che consentono di eseguire la procedura con precisione e con un periodo di recupero relativamente breve.<\/p>\n\n\n\n<p><strong>L\u2019intervento di ricostruzione dell\u2019imene<\/strong> \u00e8 considerato una procedura chirurgica relativamente semplice nel campo della ginecologia. Durante l\u2019operazione, lo specialista ricostruisce il tessuto imenale residuo oppure lo rimodella utilizzando tessuti delicati della zona circostante. L\u2019intervento richiede generalmente poco tempo ed \u00e8 spesso eseguito in anestesia locale, permettendo alla paziente di lasciare il centro medico nello stesso giorno dopo la procedura.<\/p>\n\n\n\n<p>Molte donne cercano informazioni affidabili sulla <strong>imenoplastica<\/strong>, inclusi i dettagli su come viene eseguita la procedura, sulla sua sicurezza medica e sul periodo di recupero previsto. Per questo motivo \u00e8 importante affidarsi a informazioni mediche attendibili e comprendere bene i dettagli dell\u2019<strong>imenoplastica<\/strong> prima di prendere una decisione. Questo aiuta a conoscere tutti gli aspetti legati all\u2019intervento, compresi i passaggi chirurgici, i possibili risultati e le indicazioni mediche da seguire dopo l\u2019operazione.<\/p>\n\n\n\n<figure class=\"wp-block-table is-style-stripes\"><table class=\"has-fixed-layout\"><tbody><tr><td>Tipo di anestesia<\/td><td>Locale<\/td><\/tr><tr><td>Durata della procedura<\/td><td>Circa 45 minuti<\/td><\/tr><tr><td>Risultati<\/td><td>Immediati<\/td><\/tr><tr><td>Ritorno alle attivit\u00e0 quotidiane<\/td><td>Entro 1-2 giorni<\/td><\/tr><tr><td>Sport e attivit\u00e0 intense<\/td><td>30-45 giorni<\/td><\/tr><tr><td>Rapporti sessuali dopo l\u2019intervento<\/td><td>Dopo 4-6 settimane<\/td><\/tr><\/tbody><\/table><figcaption class=\"wp-element-caption\">Informazioni sull\u2019intervento di ricostruzione dell\u2019imene<\/figcaption><\/figure>\n\n\n\n<h2 class=\"wp-block-heading\">Che cos\u2019\u00e8 la ricostruzione dell\u2019imene?<\/h2>\n\n\n\n<p><strong>La ricostruzione dell\u2019imene<\/strong> \u00e8 una procedura chirurgica semplice che ha l\u2019obiettivo di ricostruire la sottile membrana situata all\u2019ingresso della vagina. Questa procedura \u00e8 conosciuta in medicina come <strong>imenoplastica<\/strong>. Consiste nel suturare i residui dell\u2019imene oppure nel ricostruirlo utilizzando tessuti delicati della zona circostante.<\/p>\n\n\n\n<p><strong>La ricostruzione dell\u2019imene<\/strong> viene generalmente eseguita in centri medici specializzati sotto la supervisione di uno specialista in ginecologia. L\u2019intervento dura normalmente tra i 30 e i 60 minuti ed \u00e8 spesso eseguito in anestesia locale, consentendo alla paziente di lasciare la clinica nello stesso giorno.<\/p>\n\n\n\n<p>La tecnica utilizzata nell\u2019<strong>imenoplastica<\/strong> pu\u00f2 variare a seconda della condizione dei tessuti imenali residui. Il medico sceglie il metodo pi\u00f9 adatto per ogni caso al fine di ottenere il miglior risultato possibile garantendo allo stesso tempo la sicurezza dei tessuti e un rapido recupero.<\/p>\n\n\n\n<figure class=\"wp-block-image size-full\"><img loading=\"lazy\" decoding=\"async\" width=\"800\" height=\"533\" src=\"https:\/\/www.turkaesthetic.com\/wp-content\/uploads\/2026\/03\/vulva-hymen-anatomy-diagram.webp\" alt=\"Diagramma anatomico medico degli organi genitali femminili esterni e dell\u2019imene\" class=\"wp-image-70839\" srcset=\"https:\/\/www.turkaesthetic.com\/wp-content\/uploads\/2026\/03\/vulva-hymen-anatomy-diagram.webp 800w, https:\/\/www.turkaesthetic.com\/wp-content\/uploads\/2026\/03\/vulva-hymen-anatomy-diagram-400x267.webp 400w, https:\/\/www.turkaesthetic.com\/wp-content\/uploads\/2026\/03\/vulva-hymen-anatomy-diagram-150x100.webp 150w, https:\/\/www.turkaesthetic.com\/wp-content\/uploads\/2026\/03\/vulva-hymen-anatomy-diagram-768x512.webp 768w\" sizes=\"auto, (max-width: 800px) 100vw, 800px\" \/><figcaption class=\"wp-element-caption\">Diagramma anatomico medico che mostra la struttura vaginale e l\u2019imene<\/figcaption><\/figure>\n\n\n\n<h2 class=\"wp-block-heading\">Spiegazione dell\u2019intervento di ricostruzione dell\u2019imene<\/h2>\n\n\n\n<p>Questo video fornisce una spiegazione semplice dell\u2019<strong>intervento di ricostruzione dell\u2019imene<\/strong>, conosciuto in medicina come <strong>imenoplastica<\/strong>. Illustra il concetto generale della procedura, i passaggi medici eseguiti dallo specialista e alcune informazioni importanti sulla durata dell\u2019intervento e sul periodo di recupero successivo.<\/p>\n\n\n\n<figure class=\"wp-block-embed is-type-video is-provider-youtube wp-block-embed-youtube wp-embed-aspect-16-9 wp-has-aspect-ratio\"><div class=\"wp-block-embed__wrapper\">\n<iframe loading=\"lazy\" title=\"Hymenoplasty Surgery in Turkey | Hymen Repair Procedure Explained\" width=\"800\" height=\"450\" src=\"https:\/\/www.youtube.com\/embed\/6hhh35CUNdc?feature=oembed\" frameborder=\"0\" allow=\"accelerometer; autoplay; clipboard-write; encrypted-media; gyroscope; picture-in-picture; web-share\" referrerpolicy=\"strict-origin-when-cross-origin\" allowfullscreen><\/iframe>\n<\/div><figcaption class=\"wp-element-caption\">Ricostruzione dell\u2019imene<\/figcaption><\/figure>\n\n\n\n<h2 class=\"wp-block-heading\">Fasi dell\u2019intervento di ricostruzione dell\u2019imene<\/h2>\n\n\n<div id=\"rank-math-howto\" class=\"rank-math-block\" >\n<div class=\"rank-math-howto-description\">\n\n<\/div>\n<p class=\"rank-math-howto-duration\"><strong>Tempo totale:<\/strong> <span>30 minuti<\/span><\/p>\n<div class=\"rank-math-steps \">\n<div id=\"\" class=\"rank-math-step\">\n<h3 class=\"rank-math-step-title \">Prima dell\u2019intervento: consulenza e preparazione<\/h3>\n<div class=\"rank-math-step-content \"><img loading=\"lazy\" decoding=\"async\" width=\"800\" height=\"533\" src=\"https:\/\/www.turkaesthetic.com\/wp-content\/uploads\/2026\/03\/hymenoplasty-consultation.webp\" class=\"attachment-full size-full\" alt=\"Visita medica prima dell\u2019intervento di imenoplastica\" srcset=\"https:\/\/www.turkaesthetic.com\/wp-content\/uploads\/2026\/03\/hymenoplasty-consultation.webp 800w, https:\/\/www.turkaesthetic.com\/wp-content\/uploads\/2026\/03\/hymenoplasty-consultation-400x267.webp 400w, https:\/\/www.turkaesthetic.com\/wp-content\/uploads\/2026\/03\/hymenoplasty-consultation-150x100.webp 150w, https:\/\/www.turkaesthetic.com\/wp-content\/uploads\/2026\/03\/hymenoplasty-consultation-768x512.webp 768w\" sizes=\"auto, (max-width: 800px) 100vw, 800px\" \/><p>In questa fase viene effettuata una consulenza medica con lo specialista per valutare le condizioni della paziente e assicurarsi che l\u2019intervento di ricostruzione dell\u2019imene possa essere eseguito in modo sicuro. Il medico discute le aspettative della paziente, spiega i dettagli della procedura e illustra le fasi mediche dell\u2019operazione. Vengono inoltre effettuati gli esami necessari per verificare lo stato generale di salute e vengono fornite le indicazioni mediche da seguire prima dell\u2019intervento.<\/p>\n<\/div>\n<\/div>\n<div id=\"\" class=\"rank-math-step\">\n<h3 class=\"rank-math-step-title \">Durante l\u2019intervento: fasi della procedura<\/h3>\n<div class=\"rank-math-step-content \"><img loading=\"lazy\" decoding=\"async\" width=\"800\" height=\"533\" src=\"https:\/\/www.turkaesthetic.com\/wp-content\/uploads\/2026\/03\/hymenoplasty-procedure-room.webp\" class=\"attachment-full size-full\" alt=\"Sala ginecologica dove viene eseguita la chirurgia di ricostruzione dell\u2019imene\" srcset=\"https:\/\/www.turkaesthetic.com\/wp-content\/uploads\/2026\/03\/hymenoplasty-procedure-room.webp 800w, https:\/\/www.turkaesthetic.com\/wp-content\/uploads\/2026\/03\/hymenoplasty-procedure-room-400x267.webp 400w, https:\/\/www.turkaesthetic.com\/wp-content\/uploads\/2026\/03\/hymenoplasty-procedure-room-150x100.webp 150w, https:\/\/www.turkaesthetic.com\/wp-content\/uploads\/2026\/03\/hymenoplasty-procedure-room-768x512.webp 768w\" sizes=\"auto, (max-width: 800px) 100vw, 800px\" \/><p>Durante l\u2019operazione la ricostruzione viene generalmente eseguita in anestesia locale nella maggior parte dei casi. Questo aiuta a ridurre il dolore e a garantire maggiore comfort alla paziente durante l\u2019intervento. Lo specialista ricostruisce l\u2019imene con precisione suturando i tessuti rimanenti utilizzando sottili punti chirurgici riassorbibili. L\u2019intervento di ricostruzione dell\u2019imene dura generalmente poco tempo ed \u00e8 eseguito in un ambiente medico sterile per garantire la massima sicurezza e i migliori risultati possibili.<\/p>\n<\/div>\n<\/div>\n<div id=\"\" class=\"rank-math-step\">\n<h3 class=\"rank-math-step-title \">Dopo l\u2019intervento: recupero e controlli<\/h3>\n<div class=\"rank-math-step-content \"><img loading=\"lazy\" decoding=\"async\" width=\"800\" height=\"533\" src=\"https:\/\/www.turkaesthetic.com\/wp-content\/uploads\/2026\/03\/hymenoplasty-recovery.webp\" class=\"attachment-full size-full\" alt=\"Periodo di recupero dopo l\u2019intervento di imenoplastica\" srcset=\"https:\/\/www.turkaesthetic.com\/wp-content\/uploads\/2026\/03\/hymenoplasty-recovery.webp 800w, https:\/\/www.turkaesthetic.com\/wp-content\/uploads\/2026\/03\/hymenoplasty-recovery-400x267.webp 400w, https:\/\/www.turkaesthetic.com\/wp-content\/uploads\/2026\/03\/hymenoplasty-recovery-150x100.webp 150w, https:\/\/www.turkaesthetic.com\/wp-content\/uploads\/2026\/03\/hymenoplasty-recovery-768x512.webp 768w\" sizes=\"auto, (max-width: 800px) 100vw, 800px\" \/><p>Dopo l\u2019intervento la paziente pu\u00f2 generalmente lasciare il centro medico nello stesso giorno. I medici consigliano riposo ed evitare attivit\u00e0 fisiche intense per circa 4-6 settimane per consentire una corretta guarigione dei tessuti. \u00c8 inoltre importante seguire attentamente le indicazioni del medico riguardo alla cura della zona trattata e alle raccomandazioni dopo l\u2019intervento. In caso di sintomi insoliti \u00e8 consigliabile contattare immediatamente il medico per garantire una corretta guarigione.<\/p>\n<\/div>\n<\/div>\n<\/div>\n<\/div>\n<p class=\"rank-math-howto-estimatedCost\"><strong>Costo stimato:<\/strong> <span>1450 EUR<\/span><\/p>\n\n\n\n\n\n<h2 class=\"wp-block-heading\">Chi pu\u00f2 sottoporsi alla ricostruzione dell\u2019imene?<\/h2>\n\n\n\n<p>Alcune donne possono prendere in considerazione l\u2019<strong>intervento di ricostruzione dell\u2019imene<\/strong> per motivi personali o sociali. Questa procedura \u00e8 generalmente adatta alle donne che desiderano ricostruire l\u2019imene per ragioni private. Prima di prendere una decisione \u00e8 importante consultare uno specialista in ginecologia per assicurarsi che lo stato di salute consenta l\u2019intervento e per scegliere la tecnica pi\u00f9 adatta a ogni singolo caso.<\/p>\n\n\n\n<h2 class=\"wp-block-heading\">Possibili effetti collaterali dopo l\u2019intervento<\/h2>\n\n\n\n<p>L\u2019<strong>intervento di ricostruzione dell\u2019imene<\/strong> \u00e8 considerato una procedura relativamente semplice quando viene eseguita da uno specialista qualificato in un ambiente medico sterile. Tuttavia, come per qualsiasi intervento chirurgico, possono comparire alcuni effetti collaterali temporanei come lieve dolore, gonfiore o sensibilit\u00e0 nei primi giorni dopo l\u2019operazione. Nella maggior parte dei casi questi sintomi scompaiono gradualmente seguendo le indicazioni del medico e il periodo di riposo raccomandato. In caso di sintomi insoliti \u00e8 importante contattare il medico.<\/p>\n\n\n\n<h2 class=\"wp-block-heading\">Prima e dopo l\u2019intervento: risultati attesi<\/h2>\n\n\n\n<p>Questa immagine illustrativa mostra un esempio generale della differenza prima e dopo l\u2019intervento. \u00c8 importante comprendere che i risultati possono variare da persona a persona, ma l\u2019obiettivo principale \u00e8 recuperare fiducia e comfort personale. Queste immagini hanno solo scopo illustrativo e non rappresentano un caso specifico.<\/p>\n\n\n\n<figure class=\"wp-block-image size-full\"><img loading=\"lazy\" decoding=\"async\" width=\"800\" height=\"533\" src=\"https:\/\/www.turkaesthetic.com\/wp-content\/uploads\/2026\/03\/hymenoplasty-before-after-diagram.webp\" alt=\"Illustrazione medica che mostra l\u2019imene prima e dopo la ricostruzione\" class=\"wp-image-70848\" srcset=\"https:\/\/www.turkaesthetic.com\/wp-content\/uploads\/2026\/03\/hymenoplasty-before-after-diagram.webp 800w, https:\/\/www.turkaesthetic.com\/wp-content\/uploads\/2026\/03\/hymenoplasty-before-after-diagram-400x267.webp 400w, https:\/\/www.turkaesthetic.com\/wp-content\/uploads\/2026\/03\/hymenoplasty-before-after-diagram-150x100.webp 150w, https:\/\/www.turkaesthetic.com\/wp-content\/uploads\/2026\/03\/hymenoplasty-before-after-diagram-768x512.webp 768w\" sizes=\"auto, (max-width: 800px) 100vw, 800px\" \/><figcaption class=\"wp-element-caption\">Diagramma medico che illustra la ricostruzione dell\u2019imene prima e dopo l\u2019intervento<\/figcaption><\/figure>\n\n\n\n<p>Per molte donne che stanno considerando l\u2019<strong>intervento di ricostruzione dell\u2019imene<\/strong>, \u00e8 naturale avere ulteriori domande su dove eseguire la procedura e sui costi previsti. Per questo motivo abbiamo preparato articoli dettagliati per aiutarti a comprendere meglio tutti gli aspetti legati a questo intervento.<\/p>\n\n\n\n<p>Puoi leggere la nostra guida completa sulla <strong><a href=\"https:\/\/www.turkaesthetic.com\/it\/plastic\/hymenoplasty-turkey\/\" data-type=\"link\" data-id=\"https:\/\/www.turkaesthetic.com\/it\/plastic\/hymenoplasty-turkey\/\">ricostruzione dell\u2019imene in Turchia<\/a><\/strong> per scoprire perch\u00e9 la Turchia, in particolare Istanbul, \u00e8 diventata una delle destinazioni preferite per questo tipo di intervento. Puoi anche consultare il nostro articolo sui <strong><a href=\"https:\/\/www.turkaesthetic.com\/it\/plastic\/hymenoplasty-cost-turkey\/\" data-type=\"link\" data-id=\"https:\/\/www.turkaesthetic.com\/it\/plastic\/hymenoplasty-cost-turkey\/\">costi della ricostruzione dell\u2019imene<\/a><\/strong> per conoscere i fattori che influenzano il prezzo e i dettagli relativi ai costi.<\/p>\n\n\n\n<h2 class=\"wp-block-heading\">Domande frequenti<\/h2>\n\n\n<div id=\"rank-math-faq\" class=\"rank-math-block\">\n<div class=\"rank-math-list \">\n<div id=\"faq-question-1667250646219\" class=\"rank-math-list-item\">\n<h3 class=\"rank-math-question \">Quando si dissolvono i punti dopo una ricostruzione permanente dell\u2019imene?<\/h3>\n<div class=\"rank-math-answer \">\n\n<p>I punti utilizzati durante l\u2019intervento si dissolvono generalmente in modo naturale entro 3-4 settimane dopo l\u2019operazione.<\/p>\n\n<\/div>\n<\/div>\n<div id=\"faq-question-1667249894352\" class=\"rank-math-list-item\">\n<h3 class=\"rank-math-question \">Quale medico \u00e8 qualificato per eseguire questo intervento?<\/h3>\n<div class=\"rank-math-answer \">\n\n<p>Sia i chirurghi plastici sia i ginecologi sono qualificati per eseguire la ricostruzione dell\u2019imene.<\/p>\n\n<\/div>\n<\/div>\n<div id=\"faq-question-1667249865643\" class=\"rank-math-list-item\">\n<h3 class=\"rank-math-question \">Il partner pu\u00f2 accorgersi che una donna ha eseguito la ricostruzione dell\u2019imene?<\/h3>\n<div class=\"rank-math-answer \">\n\n<p>Quando l\u2019intervento viene eseguito da un medico esperto, di solito non \u00e8 possibile per il partner o per un altro medico accorgersi che l\u2019imene \u00e8 stato ricostruito.<\/p>\n\n<\/div>\n<\/div>\n<div id=\"faq-question-1667249912708\" class=\"rank-math-list-item\">\n<h3 class=\"rank-math-question \">Quanto dura l\u2019intervento di ricostruzione dell\u2019imene?<\/h3>\n<div class=\"rank-math-answer \">\n\n<p>Dopo l\u2019applicazione dell\u2019anestesia locale, l\u2019intervento dura generalmente circa 30-40 minuti.<\/p>\n\n<\/div>\n<\/div>\n<div id=\"faq-question-1667249972797\" class=\"rank-math-list-item\">\n<h3 class=\"rank-math-question \">La ricostruzione dell\u2019imene pu\u00f2 essere eseguita pi\u00f9 di una volta?<\/h3>\n<div class=\"rank-math-answer \">\n\n<p>S\u00ec, la ricostruzione dell\u2019imene pu\u00f2 essere eseguita pi\u00f9 di una volta, ma interventi ripetuti possono influire sul tasso di successo.<\/p>\n\n<\/div>\n<\/div>\n<div id=\"faq-question-1667250000661\" class=\"rank-math-list-item\">\n<h3 class=\"rank-math-question \">Quando \u00e8 possibile praticare sport dopo l\u2019intervento?<\/h3>\n<div class=\"rank-math-answer \">\n\n<p>Le attivit\u00e0 fisiche leggere possono essere riprese generalmente dopo una settimana, mentre gli sport intensi dovrebbero essere evitati per circa un mese.<\/p>\n\n<\/div>\n<\/div>\n<div id=\"faq-question-1667250041938\" class=\"rank-math-list-item\">\n<h3 class=\"rank-math-question \">Quanto tempo prima del matrimonio dovrebbe essere eseguito l\u2019intervento?<\/h3>\n<div class=\"rank-math-answer \">\n\n<p>I medici consigliano generalmente di attendere da 4 a 6 settimane prima del primo rapporto sessuale dopo l\u2019intervento. Nel caso di intervento permanente non esiste un limite massimo di tempo.<\/p>\n\n<\/div>\n<\/div>\n<div id=\"faq-question-1667250109878\" class=\"rank-math-list-item\">\n<h3 class=\"rank-math-question \">La ricostruzione dell\u2019imene \u00e8 legale?<\/h3>\n<div class=\"rank-math-answer \">\n\n<p>S\u00ec, questo intervento \u00e8 legale. Qualsiasi donna di et\u00e0 superiore ai 18 anni pu\u00f2 sottoporsi all\u2019operazione se lo desidera.<\/p>\n\n<\/div>\n<\/div>\n<div id=\"faq-question-1667250509595\" class=\"rank-math-list-item\">\n<h3 class=\"rank-math-question \">La ricostruzione dell\u2019imene pu\u00f2 essere eseguita dopo un aborto?<\/h3>\n<div class=\"rank-math-answer \">\n\n<p>S\u00ec, l\u2019intervento pu\u00f2 essere eseguito dopo un aborto, ma i medici raccomandano generalmente di attendere almeno 10 giorni.<\/p>\n\n<\/div>\n<\/div>\n<\/div>\n<\/div>\n\n\n<p><strong>L\u2019intervento di ricostruzione dell\u2019imene<\/strong> \u00e8 una procedura medica che richiede una buona comprensione di tutti i suoi dettagli prima di prendere una decisione. Per questo motivo \u00e8 sempre consigliato ottenere informazioni affidabili e consultare un medico qualificato. Conoscere meglio l\u2019intervento, il periodo di recupero e i costi previsti pu\u00f2 aiutare a prendere una decisione consapevole.<\/p>\n","protected":false},"excerpt":{"rendered":"<p>L\u2019intervento di ricostruzione dell\u2019imene \u00e8 considerato una procedura relativamente semplice nel campo della ginecologia. In ambito medico \u00e8 noto come imenoplastica e ha l\u2019obiettivo di ricostruire la sottile membrana situata all\u2019ingresso della vagina. Questo intervento pu\u00f2 essere eseguito per motivi personali o sociali in alcune donne. Negli ultimi anni questa operazione \u00e8 diventata sempre pi\u00f9 [&hellip;]<\/p>\n","protected":false},"author":1,"featured_media":70824,"parent":0,"menu_order":0,"comment_status":"closed","ping_status":"closed","template":"","meta":{"footnotes":""},"dep":[],"class_list":["post-25640","page","type-page","status-publish","has-post-thumbnail","hentry"],"_links":{"self":[{"href":"https:\/\/www.turkaesthetic.com\/it\/wp-json\/wp\/v2\/pages\/25640","targetHints":{"allow":["GET"]}}],"collection":[{"href":"https:\/\/www.turkaesthetic.com\/it\/wp-json\/wp\/v2\/pages"}],"about":[{"href":"https:\/\/www.turkaesthetic.com\/it\/wp-json\/wp\/v2\/types\/page"}],"author":[{"embeddable":true,"href":"https:\/\/www.turkaesthetic.com\/it\/wp-json\/wp\/v2\/users\/1"}],"replies":[{"embeddable":true,"href":"https:\/\/www.turkaesthetic.com\/it\/wp-json\/wp\/v2\/comments?post=25640"}],"version-history":[{"count":3,"href":"https:\/\/www.turkaesthetic.com\/it\/wp-json\/wp\/v2\/pages\/25640\/revisions"}],"predecessor-version":[{"id":71178,"href":"https:\/\/www.turkaesthetic.com\/it\/wp-json\/wp\/v2\/pages\/25640\/revisions\/71178"}],"wp:featuredmedia":[{"embeddable":true,"href":"https:\/\/www.turkaesthetic.com\/it\/wp-json\/wp\/v2\/media\/70824"}],"wp:attachment":[{"href":"https:\/\/www.turkaesthetic.com\/it\/wp-json\/wp\/v2\/media?parent=25640"}],"wp:term":[{"taxonomy":"dep","embeddable":true,"href":"https:\/\/www.turkaesthetic.com\/it\/wp-json\/wp\/v2\/dep?post=25640"}],"curies":[{"name":"wp","href":"https:\/\/api.w.org\/{rel}","templated":true}]}}