{"id":25635,"date":"2022-01-28T13:00:25","date_gmt":"2022-01-28T10:00:25","guid":{"rendered":"http:\/\/turkaesthetic.com\/clitoris-aesthetics\/"},"modified":"2025-03-27T15:48:13","modified_gmt":"2025-03-27T12:48:13","slug":"clitoris-aesthetics","status":"publish","type":"page","link":"https:\/\/www.turkaesthetic.com\/it\/clitoris-aesthetics\/","title":{"rendered":"Estetica del Clitoride"},"content":{"rendered":"\n<p>La chirurgia <strong>estetica del clitoride <\/strong>\u00e8 uno degli interventi di chirurgia plastica pi\u00f9 riconosciuti in relazione all&#8217;apparato riproduttivo femminile. Il clitoride \u00e8 un piccolo organo erettile situato nella parte anteriore dei genitali femminili.<\/p>\n\n\n\n<p>Sebbene possa sembrare di poco conto, il clitoride svolge un ruolo significativo nell&#8217;eccitazione e nel piacere femminile. Qualsiasi problema in quest&#8217;area pu\u00f2 influire sulla capacit\u00e0 di una donna di provare piacere, portando alla necessit\u00e0 di procedure correttive per ripristinare il pieno godimento durante il rapporto sessuale. Inoltre, una procedura chirurgica impropria in quest&#8217;area pu\u00f2 causare disagio psicologico.<\/p>\n\n\n\n<figure class=\"wp-block-table\"><table><tbody><tr><td>Anestesia&nbsp;<\/td><td>Sedazione o generale&nbsp;<\/td><\/tr><tr><td>Durata del processo<\/td><td>1 ora circa 2 ore a seconda dei casi&nbsp;<\/td><\/tr><tr><td>Scopo del processo<\/td><td>Sensazione e aspetto sessuale\u00a0durata della vita<\/td><\/tr><tr><td>Risultati<\/td><td>Immediato&nbsp;<\/td><\/tr><tr><td>Convalescenza<\/td><td>Non c&#8217;\u00e8 bisogno che accoppiarsi solo dopo un mese&nbsp;<\/td><\/tr><\/tbody><\/table><figcaption class=\"wp-element-caption\">Clitoridoplastica in Turchia<\/figcaption><\/figure>\n\n\n\n<h2 class=\"wp-block-heading\">Anatomia del clitoride<\/h2>\n\n\n\n<p>Il clitoride nelle donne \u00e8 paragonabile al pene negli uomini. In genere, la sua parte visibile misura tra 3 e 6 mm, ma pu\u00f2 espandersi tra 6 e 10 mm durante l&#8217;eccitazione. Il cappuccio clitorideo \u00e8 uno strato di pelle che ricopre e protegge il clitoride, a differenza del pene, che di solito \u00e8 scoperto. Il clitoride si estende anche nelle piccole aree della <a href=\"https:\/\/www.turkaesthetic.com\/it\/surgeries-it\/barbie-vagina\/\" target=\"_blank\" data-type=\"post\" data-id=\"31155\" rel=\"noreferrer noopener\">vagina<\/a>.<\/p>\n\n\n\n<p>In sintesi, la parte visibile del clitoride \u00e8 relativamente piccola rispetto al pene maschile e le sue dimensioni aumentano durante l&#8217;eccitazione, in modo simile a un&#8217;erezione negli uomini. La struttura interna del clitoride \u00e8 costituita da un tronco e due radici pi\u00f9 grandi situate all&#8217;interno della vagina e sotto le piccole labbra. Questa intera struttura clitoridea svolge un ruolo significativo nel piacere femminile; la stimolazione della parte esterna pu\u00f2 portare all&#8217;eccitazione, completando le sensazioni interiori sperimentate durante la penetrazione.<\/p>\n\n\n\n<figure class=\"wp-block-embed is-type-video is-provider-youtube wp-block-embed-youtube wp-embed-aspect-16-9 wp-has-aspect-ratio\"><div class=\"wp-block-embed__wrapper\">\n<iframe loading=\"lazy\" title=\"Labiaplasty - Turk Aesthetic\" width=\"800\" height=\"450\" src=\"https:\/\/www.youtube.com\/embed\/WkJY_9-bobo?feature=oembed\" frameborder=\"0\" allow=\"accelerometer; autoplay; clipboard-write; encrypted-media; gyroscope; picture-in-picture; web-share\" referrerpolicy=\"strict-origin-when-cross-origin\" allowfullscreen><\/iframe>\n<\/div><figcaption class=\"wp-element-caption\">Estetica del Clitoride<\/figcaption><\/figure>\n\n\n\n<h3 class=\"wp-block-heading\">Come viene eseguita una procedura di estetica del clitoride?<\/h3>\n\n\n\n<p>Le procedure di estetica del clitoride sono generalmente considerate semplici rispetto ad altri interventi chirurgici che possono richiedere lunghi periodi di recupero. Seguire le raccomandazioni del <a href=\"https:\/\/www.turkaesthetic.com\/it\/genital-aesthetic\/\" target=\"_blank\" data-type=\"page\" data-id=\"53418\" rel=\"noreferrer noopener\">chirurgo plastico<\/a> pu\u00f2 aumentare la sicurezza durante l&#8217;operazione.<\/p>\n\n\n\n<p>Durante la procedura, il chirurgo intorpidisce la zona utilizzando l&#8217;anestesia appropriata prima di regolare le dimensioni del clitoride. Rifilano qualsiasi tessuto in eccesso garantendo al contempo una forma pi\u00f9 attraente e coerente, allineandola alle dimensioni o alla lunghezza naturali. Una volta fatto questo, la piccola ferita viene suturata usando fili biodegradabili e la zona viene fasciata dopo un breve periodo.<\/p>\n\n\n\n<h4 class=\"wp-block-heading\">Chi pu\u00f2 sottoporsi all&#8217;estetica del clitoride?<\/h4>\n\n\n\n<ul class=\"wp-block-list\">\n<li>Le donne che hanno una forma anomala del clitoride a causa di fattori congeniti possono cercare procedure di estetica del clitoride dopo aver ricevuto una consulenza completa da medici specializzati e dal team medico di Turk Aesthetic.<\/li>\n\n\n\n<li>Questo trattamento \u00e8 rilevante anche per le donne che hanno sperimentato deformit\u00e0 derivanti dalla circoncisione femminile, una pratica osservata in alcune culture per ragioni ideologiche. La circoncisione pu\u00f2 comportare rischi significativi, come sanguinamento, infezione e complicazioni durante l&#8217;attivit\u00e0 sessuale e il parto, che possono causare ulteriori anomalie.<\/li>\n\n\n\n<li>Inoltre, le donne che soffrono di irritazione, dolore cronico o secrezioni continue in questa zona possono anche prendere in considerazione questa procedura, ma solo dopo aver consultato un medico qualificato.<\/li>\n<\/ul>\n\n\n\n<h3 class=\"wp-block-heading\">Chi non pu\u00f2 sottoporsi all&#8217;estetica del clitoride?<\/h3>\n\n\n\n<ul class=\"wp-block-list\">\n<li>Ragazze di et\u00e0 inferiore ai 18 anni.<\/li>\n\n\n\n<li>Individui con malattie croniche o infettive.<\/li>\n\n\n\n<li>Donne con diabete non controllato.<\/li>\n\n\n\n<li>Coloro che soffrono di obesit\u00e0, che richiede di modificare i contorni prima di concentrarsi sugli aspetti estetici del clitoride.<\/li>\n<\/ul>\n\n\n\n<figure class=\"wp-block-image size-full\"><img loading=\"lazy\" decoding=\"async\" width=\"1024\" height=\"576\" src=\"http:\/\/turkaesthetic.com\/wp-content\/uploads\/2022\/01\/ClitorisAesthetic.webp\" alt=\"Estetica del clitoride in Turchia\" class=\"wp-image-21264\" srcset=\"https:\/\/www.turkaesthetic.com\/wp-content\/uploads\/2022\/01\/ClitorisAesthetic.webp 1024w, https:\/\/www.turkaesthetic.com\/wp-content\/uploads\/2022\/01\/ClitorisAesthetic-300x169.webp 300w, https:\/\/www.turkaesthetic.com\/wp-content\/uploads\/2022\/01\/ClitorisAesthetic-768x432.webp 768w\" sizes=\"auto, (max-width: 1024px) 100vw, 1024px\" \/><figcaption class=\"wp-element-caption\">Estetica del clitoride in Turchia<\/figcaption><\/figure>\n\n\n\n<h3 class=\"wp-block-heading\">Il chirurgo che esegue la clitorideplastica?<\/h3>\n\n\n\n<p>La procedura estetica del clitoride viene eseguita contemporaneamente da ginecologi e chirurghi plastici. \u00c8 essenziale che solo specialisti in questi campi eseguano questo tipo di intervento. Quando si seleziona un ospedale o una clinica medica, \u00e8 importante assicurarsi che la struttura sia affidabile e fornisca un ambiente clinico altamente sterile. Inoltre, il livello di esperienza del medico o del chirurgo dovrebbe essere una considerazione fondamentale.<\/p>\n\n\n\n<h5 class=\"wp-block-heading\">Tipi di anestesia utilizzati nell&#8217;estetica del clitoride<\/h5>\n\n\n\n<p>Questa procedura pu\u00f2 essere eseguita in anestesia locale o generale, a seconda delle preferenze del paziente e delle raccomandazioni del chirurgo. Se si sceglie l&#8217;anestesia generale, \u00e8 necessario astenersi dal mangiare e dal bere per 6 ore prima dell&#8217;operazione. Se si opta per l&#8217;anestesia locale, non \u00e8 necessario un ricovero ospedaliero notturno. Tuttavia, l&#8217;anestesia generale richiede in genere un ricovero di una notte in ospedale. L&#8217;intero processo dura solitamente da 1 a 2 ore.<\/p>\n\n\n\n<h2 class=\"wp-block-heading\">Fasi della procedura di clitoridoplastica<\/h2>\n\n\n<div id=\"rank-math-howto\" class=\"rank-math-block\" >\n<div class=\"rank-math-howto-description\">\n\n<p>La chirurgia del clitor\u00e8 passata attraverso tre fasi come altri interventi chirurgici:<\/p>\n\n<\/div>\n<p class=\"rank-math-howto-duration\"><strong>Tempo totale:<\/strong> <span>50 minuti<\/span><\/p>\n<div class=\"rank-math-steps \">\n<div id=\"howto-step-1677875615995\" class=\"rank-math-step\">\n<h3 class=\"rank-math-step-title \">Prima della sessione<\/h3>\n<div class=\"rank-math-step-content \"><p>Ci sono alcuni passaggi importanti da seguire prima dell\u2019intePrima di sottoporsi all&#8217;intervento, \u00e8 importante seguire questi passaggi chiave:<br \/>\u2013 Informare il medico se si \u00e8 allergici a farmaci o sostanze.<br \/>\u2013 Informare il medico se si soffre di pressione alta o malattie sessualmente trasmissibili.<br \/>\u2013 Fornire informazioni su eventuali farmaci che si assumono regolarmente.<br \/>\u2013 Per prevenire sanguinamenti eccessivi durante l&#8217;intervento chirurgico al clitoride e per evitare complicazioni, consultare il medico circa l&#8217;interruzione degli anticoagulanti almeno una settimana prima della procedura.<br \/>\u2013 Astenersi dal fumare e dal bere alcolici per una settimana prima dell&#8217;intervento.<\/p>\n<\/div>\n<\/div>\n<div id=\"howto-step-1677875680086\" class=\"rank-math-step\">\n<h3 class=\"rank-math-step-title \">Durante la procedura\u00a0<\/h3>\n<div class=\"rank-math-step-content \"><p>Dopo essersi assDopo essersi assicurati che il paziente non abbia ostacoli all&#8217;operazione, viene somministrata l&#8217;anestesia. Il chirurgo regola quindi le dimensioni del clitoride, rimuovendo il tessuto in eccesso e creando una forma pi\u00f9 drammatica e simmetrica che si allinea con le dimensioni e la lunghezza naturali. Una volta completata la procedura, la ferita viene suturata con suture biodegradabili e l&#8217;area viene fasciata. Viene inserito un catetere urinario e lasciato per 24 ore.<\/p>\n<\/div>\n<\/div>\n<div id=\"howto-step-1677875694867\" class=\"rank-math-step\">\n<h3 class=\"rank-math-step-title \">Dopo la procedura<\/h3>\n<div class=\"rank-math-step-content \"><img loading=\"lazy\" decoding=\"async\" width=\"999\" height=\"768\" src=\"https:\/\/www.turkaesthetic.com\/wp-content\/uploads\/2022\/01\/after-Clitoris-Aesthetic.webp\" class=\"attachment-full size-full\" alt=\"Estetica del clitoride in Turchia\" srcset=\"https:\/\/www.turkaesthetic.com\/wp-content\/uploads\/2022\/01\/after-Clitoris-Aesthetic.webp 999w, https:\/\/www.turkaesthetic.com\/wp-content\/uploads\/2022\/01\/after-Clitoris-Aesthetic-300x231.webp 300w, https:\/\/www.turkaesthetic.com\/wp-content\/uploads\/2022\/01\/after-Clitoris-Aesthetic-768x590.webp 768w\" sizes=\"auto, (max-width: 999px) 100vw, 999px\" \/><p>Dopo aver ricevuto le istruzioni post-operatorie, il paziente pu\u00f2 lasciare l&#8217;ospedale lo stesso giorno, una volta che gli effetti dell&#8217;anestesia sono completamente svaniti. Si consiglia di farsi accompagnare da un parente o un amico quando si esce a causa degli effetti persistenti dell&#8217;anestesia. Non \u00e8 necessario rimanere in ospedale, ma si raccomanda di evitare di guidare dopo la procedura. Inoltre, durante il periodo di recupero iniziale, si dovrebbe seguire una dieta che includa fibre e proteine.<\/p>\n<\/div>\n<\/div>\n<\/div>\n<\/div>\n<p class=\"rank-math-howto-estimatedCost\"><strong>Costo stimato:<\/strong> <span>1450 EUR<\/span><\/p>\n\n\n\n\n\n<h3 class=\"wp-block-heading\">Istruzioni per la cura postoperatoria estetica del clitoride<\/h3>\n\n\n\n<p>Per prevenire qualsiasi rischio di infezione, seguire attentamente le restrizioni del chirurgo:<\/p>\n\n\n\n<p>Astenersi da qualsiasi attivit\u00e0 sessuale per 30 giorni.<br>Evitare di bere alcolici e fumare.<br>Rispettare rigorosamente tutte le istruzioni fornite dal medico in merito all&#8217;uso di farmaci.<\/p>\n\n\n\n<figure class=\"wp-block-gallery has-nested-images columns-default is-cropped wp-block-gallery-1 is-layout-flex wp-block-gallery-is-layout-flex\">\n<figure class=\"wp-block-image size-large\"><img loading=\"lazy\" decoding=\"async\" width=\"1024\" height=\"1024\" data-id=\"45289\" src=\"https:\/\/www.turkaesthetic.com\/wp-content\/uploads\/2023\/11\/before-after-clitoris-aesthetic-4-1024x1024.jpg\" alt=\"prima dopo l'estetica del clitoride a Istanbul\" class=\"wp-image-45289\" srcset=\"https:\/\/www.turkaesthetic.com\/wp-content\/uploads\/2023\/11\/before-after-clitoris-aesthetic-4-1024x1024.jpg 1024w, https:\/\/www.turkaesthetic.com\/wp-content\/uploads\/2023\/11\/before-after-clitoris-aesthetic-4-300x300.jpg 300w, https:\/\/www.turkaesthetic.com\/wp-content\/uploads\/2023\/11\/before-after-clitoris-aesthetic-4-150x150.jpg 150w, https:\/\/www.turkaesthetic.com\/wp-content\/uploads\/2023\/11\/before-after-clitoris-aesthetic-4-768x768.jpg 768w, https:\/\/www.turkaesthetic.com\/wp-content\/uploads\/2023\/11\/before-after-clitoris-aesthetic-4-1536x1536.jpg 1536w, https:\/\/www.turkaesthetic.com\/wp-content\/uploads\/2023\/11\/before-after-clitoris-aesthetic-4.jpg 2000w\" sizes=\"auto, (max-width: 1024px) 100vw, 1024px\" \/><figcaption class=\"wp-element-caption\">prima dopo l&#8217;estetica del clitoride a Istanbul<\/figcaption><\/figure>\n\n\n\n<figure class=\"wp-block-image size-large\"><img loading=\"lazy\" decoding=\"async\" width=\"1024\" height=\"1024\" data-id=\"45280\" src=\"https:\/\/www.turkaesthetic.com\/wp-content\/uploads\/2023\/11\/before-after-clitoris-aesthetic-3-1024x1024.jpg\" alt=\"prima dopo l'estetica del clitoride a Istanbul\" class=\"wp-image-45280\" srcset=\"https:\/\/www.turkaesthetic.com\/wp-content\/uploads\/2023\/11\/before-after-clitoris-aesthetic-3-1024x1024.jpg 1024w, https:\/\/www.turkaesthetic.com\/wp-content\/uploads\/2023\/11\/before-after-clitoris-aesthetic-3-300x300.jpg 300w, https:\/\/www.turkaesthetic.com\/wp-content\/uploads\/2023\/11\/before-after-clitoris-aesthetic-3-150x150.jpg 150w, https:\/\/www.turkaesthetic.com\/wp-content\/uploads\/2023\/11\/before-after-clitoris-aesthetic-3-768x768.jpg 768w, https:\/\/www.turkaesthetic.com\/wp-content\/uploads\/2023\/11\/before-after-clitoris-aesthetic-3-1536x1536.jpg 1536w, https:\/\/www.turkaesthetic.com\/wp-content\/uploads\/2023\/11\/before-after-clitoris-aesthetic-3.jpg 2000w\" sizes=\"auto, (max-width: 1024px) 100vw, 1024px\" \/><figcaption class=\"wp-element-caption\">prima dopo l&#8217;estetica del clitoride a Istanbul<\/figcaption><\/figure>\n\n\n\n<figure class=\"wp-block-image size-large\"><img loading=\"lazy\" decoding=\"async\" width=\"1024\" height=\"1024\" data-id=\"45271\" src=\"https:\/\/www.turkaesthetic.com\/wp-content\/uploads\/2023\/11\/before-after-clitoris-aesthetic-2-1024x1024.jpg\" alt=\"prima dopo l'estetica del clitoride a Istanbul\" class=\"wp-image-45271\" srcset=\"https:\/\/www.turkaesthetic.com\/wp-content\/uploads\/2023\/11\/before-after-clitoris-aesthetic-2-1024x1024.jpg 1024w, https:\/\/www.turkaesthetic.com\/wp-content\/uploads\/2023\/11\/before-after-clitoris-aesthetic-2-300x300.jpg 300w, https:\/\/www.turkaesthetic.com\/wp-content\/uploads\/2023\/11\/before-after-clitoris-aesthetic-2-150x150.jpg 150w, https:\/\/www.turkaesthetic.com\/wp-content\/uploads\/2023\/11\/before-after-clitoris-aesthetic-2-768x768.jpg 768w, https:\/\/www.turkaesthetic.com\/wp-content\/uploads\/2023\/11\/before-after-clitoris-aesthetic-2-1536x1536.jpg 1536w, https:\/\/www.turkaesthetic.com\/wp-content\/uploads\/2023\/11\/before-after-clitoris-aesthetic-2.jpg 2000w\" sizes=\"auto, (max-width: 1024px) 100vw, 1024px\" \/><figcaption class=\"wp-element-caption\">prima dopo l&#8217;estetica del clitoride a Istanbul<\/figcaption><\/figure>\n<\/figure>\n\n\n\n<h3 class=\"wp-block-heading\">Pro e contro della chirurgia estetica del clitoride<\/h3>\n\n\n\n<p><strong>Aspetti positivi<\/strong><\/p>\n\n\n\n<ul class=\"wp-block-list\">\n<li>Dopo la procedura, l&#8217;anatomia femminile torna alla sua forma ottimale e naturale.<\/li>\n\n\n\n<li>I pazienti possono provare un piacere maggiore e un senso di intimit\u00e0 migliorato.<\/li>\n\n\n\n<li>Aiuta anche a eliminare fastidiosi pruriti e perdite sgradevoli.<\/li>\n\n\n\n<li>Dopo un minimo di 30 giorni, il paziente pu\u00f2 riprendere una vita sessuale completa.<\/li>\n\n\n\n<li>Difetti<\/li>\n\n\n\n<li>Le procedure estetiche del clitoride possono comportare un po&#8217; di dolore, ma questo in genere si attenua rapidamente dopo l&#8217;uso dei farmaci prescritti.<\/li>\n<\/ul>\n\n\n\n<p><strong>Possibili effetti collaterali<\/strong><\/p>\n\n\n\n<p>Le procedure estetiche del clitoride possono essere associate ad alcuni effetti collaterali. I pi\u00f9 notevoli includono:<\/p>\n\n\n\n<ul class=\"wp-block-list\">\n<li>Infezioni rare, che possono verificarsi se non viene mantenuta un&#8217;igiene adeguata o se non vengono utilizzati farmaci necessari, come gli antibiotici.<\/li>\n\n\n\n<li>Lieve rossore nella zona vaginale durante i primi giorni successivi alla procedura.<\/li>\n\n\n\n<li>Semplice prurito.<\/li>\n\n\n\n<li>Lieve difficolt\u00e0 a camminare.<\/li>\n<\/ul>\n\n\n\n<h3 class=\"wp-block-heading\">Clitoride estetica in Turchia Istanbul<\/h3>\n\n\n\n<p>La Turchia, in particolare Istanbul, \u00e8 diventata una destinazione popolare per i turisti che cercano sia trattamenti medici che attivit\u00e0 ricreative. Questa popolarit\u00e0 pu\u00f2 essere attribuita a diversi vantaggi, tra cui un&#8217;ampia variet\u00e0 di opzioni, la competenza dei medici e l&#8217;elevata qualit\u00e0 dei servizi sanitari. Una procedura significativa disponibile in Turchia \u00e8 la clitorideplastica, con prezzi che in genere vanno da 1.000 a 2.000 euro, a seconda della clinica medica e dei dettagli dell&#8217;operazione.<\/p>\n\n\n\n<h3 class=\"wp-block-heading\">Costo della chirurgia estetica del clitoride in Turchia Istanbul<\/h3>\n\n\n\n<p>Il costo dell&#8217;estetica del clitoride in Turchia varia a seconda di diversi fattori, tra cui:<\/p>\n\n\n\n<p>Il nome della clinica medica o dell&#8217;ospedale.<br>L&#8217;esperienza del medico.<br>Le specifiche della procedura. Servizi aggiuntivi, poich\u00e9 alcune cliniche offrono pacchetti che includono trattamento, alloggio e trasporto.<br>Presso Turk Aesthetic a Istanbul, Turchia, il costo della procedura di estetica del clitoride varia da \u20ac 1450 a \u20ac 2250.<\/p>\n\n\n\n<p>Per informazioni sui costi di alloggio, trasporto e altri servizi, puoi contattare il team di Turk Aesthetic tramite la loro pagina dei contatti.<strong>etic<\/strong> nella pagina dei contatti per richiedere il costo del pacchetto di trattamento con alloggio e trasporto.<\/p>\n\n\n\n<h2 class=\"wp-block-heading\">FAQ &#8211; Clitoridoplastica<\/h2>\n\n\n<div id=\"rank-math-faq\" class=\"rank-math-block\">\n<div class=\"rank-math-list \">\n<div id=\"faq-question-1677875783138\" class=\"rank-math-list-item\">\n<h3 class=\"rank-math-question \">Cos&#8217;\u00e8 una procedura estetica del clitoride?<\/h3>\n<div class=\"rank-math-answer \">\n\n<p>Una chirurgia estetica del clitoride \u00e8 un intervento di chirurgia plastica mirato a creare la forma ideale dell&#8217;apparato riproduttivo femminile.<\/p>\n\n<\/div>\n<\/div>\n<div id=\"faq-question-1743079479042\" class=\"rank-math-list-item\">\n<h3 class=\"rank-math-question \">Chi pu\u00f2 sottoporsi alla chirurgia estetica del clitoride?<\/h3>\n<div class=\"rank-math-answer \">\n\n<p>Questa procedura \u00e8 adatta alle donne che hanno una deformit\u00e0 del clitoride.<\/p>\n\n<\/div>\n<\/div>\n<div id=\"faq-question-1743079484727\" class=\"rank-math-list-item\">\n<h3 class=\"rank-math-question \">Quanto dura la procedura estetica del clitoride?<\/h3>\n<div class=\"rank-math-answer \">\n\n<p>L&#8217;intervento dura in genere da una a due ore, a seconda del caso specifico.<\/p>\n\n<\/div>\n<\/div>\n<div id=\"faq-question-1743079489319\" class=\"rank-math-list-item\">\n<h3 class=\"rank-math-question \">La chirurgia estetica del clitoride \u00e8 difficile o rischiosa?<\/h3>\n<div class=\"rank-math-answer \">\n\n<p>Sebbene la chirurgia estetica del clitoride sia generalmente un&#8217;operazione semplice, \u00e8 fondamentale garantire la pulizia, la corretta sterilizzazione della zona e l&#8217;uso di antibiotici al momento prescritto.<\/p>\n\n<\/div>\n<\/div>\n<div id=\"faq-question-1743079494688\" class=\"rank-math-list-item\">\n<h3 class=\"rank-math-question \">Per quanto tempo dopo l&#8217;intervento si dovrebbero evitare i rapporti sessuali?<\/h3>\n<div class=\"rank-math-answer \">\n\n<p>Si raccomanda di evitare i rapporti sessuali per 30 giorni dopo l&#8217;operazione.<\/p>\n\n<\/div>\n<\/div>\n<div id=\"faq-question-1743079508179\" class=\"rank-math-list-item\">\n<h3 class=\"rank-math-question \">Ci sar\u00e0 dolore associato a questa procedura?<\/h3>\n<div class=\"rank-math-answer \">\n\n<p>Tutti gli interventi chirurgici possono causare un leggero dolore; Tuttavia, questo disagio \u00e8 solitamente gestibile con antidolorifici, che aiutano ad attenuarlo.<\/p>\n\n<\/div>\n<\/div>\n<\/div>\n<\/div>\n\n\n<p>Infine, puoi <a href=\"http:\/\/turkaesthetic.com\/it\/contact-us\/\" data-type=\"page\" data-id=\"21028\" target=\"_blank\" rel=\"noreferrer noopener\"><strong>contattarci<\/strong><\/a> tramite il link per richiedere informazioni e prezzi al <strong><a href=\"https:\/\/www.youtube.com\/channel\/UC0zggzdm5CFwpRMmn_CPpFQ\" data-type=\"URL\" data-id=\"https:\/\/www.youtube.com\/channel\/UC0zggzdm5CFwpRMmn_CPpFQ\" target=\"_blank\" rel=\"noreferrer noopener\">Turk Aesthetic<\/a>.<\/strong><\/p>\n\n\n\n<p><\/p>\n","protected":false},"excerpt":{"rendered":"<p>La chirurgia estetica del clitoride \u00e8 uno degli interventi di chirurgia plastica pi\u00f9 riconosciuti in relazione all&#8217;apparato riproduttivo femminile. Il clitoride \u00e8 un piccolo organo erettile situato nella parte anteriore dei genitali femminili. Sebbene possa sembrare di poco conto, il clitoride svolge un ruolo significativo nell&#8217;eccitazione e nel piacere femminile. Qualsiasi problema in quest&#8217;area pu\u00f2 [&hellip;]<\/p>\n","protected":false},"author":1,"featured_media":21266,"parent":0,"menu_order":0,"comment_status":"closed","ping_status":"closed","template":"","meta":{"footnotes":""},"dep":[],"class_list":["post-25635","page","type-page","status-publish","has-post-thumbnail","hentry"],"_links":{"self":[{"href":"https:\/\/www.turkaesthetic.com\/it\/wp-json\/wp\/v2\/pages\/25635","targetHints":{"allow":["GET"]}}],"collection":[{"href":"https:\/\/www.turkaesthetic.com\/it\/wp-json\/wp\/v2\/pages"}],"about":[{"href":"https:\/\/www.turkaesthetic.com\/it\/wp-json\/wp\/v2\/types\/page"}],"author":[{"embeddable":true,"href":"https:\/\/www.turkaesthetic.com\/it\/wp-json\/wp\/v2\/users\/1"}],"replies":[{"embeddable":true,"href":"https:\/\/www.turkaesthetic.com\/it\/wp-json\/wp\/v2\/comments?post=25635"}],"version-history":[{"count":0,"href":"https:\/\/www.turkaesthetic.com\/it\/wp-json\/wp\/v2\/pages\/25635\/revisions"}],"wp:featuredmedia":[{"embeddable":true,"href":"https:\/\/www.turkaesthetic.com\/it\/wp-json\/wp\/v2\/media\/21266"}],"wp:attachment":[{"href":"https:\/\/www.turkaesthetic.com\/it\/wp-json\/wp\/v2\/media?parent=25635"}],"wp:term":[{"taxonomy":"dep","embeddable":true,"href":"https:\/\/www.turkaesthetic.com\/it\/wp-json\/wp\/v2\/dep?post=25635"}],"curies":[{"name":"wp","href":"https:\/\/api.w.org\/{rel}","templated":true}]}}