{"id":25408,"date":"2022-01-28T14:01:01","date_gmt":"2022-01-28T11:01:01","guid":{"rendered":"http:\/\/turkaesthetic.com\/?page_id=25408"},"modified":"2023-09-05T00:23:56","modified_gmt":"2023-09-05T00:23:56","slug":"test-tube-baby","status":"publish","type":"page","link":"https:\/\/www.turkaesthetic.com\/it\/test-tube-baby\/","title":{"rendered":"Fecondazione In Vitro in Turchia"},"content":{"rendered":"\n<p>La Fecondazione in vitro in Turchia Istanbul o fecondazione in vitro, \u00e8 il processo di prelievo di ovociti dall&#8217;ovaio della madre e fecondazione con spermatozoi in provette in un ambiente di laboratorio. L&#8217;uovo e lo sperma fecondato formano il feto e l&#8217;embrione risultante viene posto nell&#8217;utero. Le persone che non possono avere figli ricorrono naturalmente a questo metodo.<\/p>\n\n\n\n<p>Questo processo richiede da due a cinque giorni e questo metodo funziona meglio nella selezione degli embrioni. Esistono due tipi di trattamento di Fecondazione In Vitro in Turchia . Uno \u00e8 la fecondazione naturale degli ovociti con lo sperma, l&#8217;altro \u00e8 l&#8217;iniezione di spermatozoi in un uovo attraverso gli aghi. <\/p>\n\n\n\n<figure class=\"wp-block-table\"><table><tbody><tr><td>Anestesia&nbsp;<\/td><td>Completo (quandosi raccolgono ovociti)<\/td><\/tr><tr><td>Periodo di trattamento<\/td><td>15 &#8211; 20 giorni<\/td><\/tr><tr><td>Tempo di fecondazione in vitro&nbsp;<\/td><td>3 &#8211; 5 giorni<\/td><\/tr><tr><td>Impianto nell&#8217;utero&nbsp;&nbsp;<\/td><td>In cinque giorni.<\/td><\/tr><tr><td>Risultati<\/td><td>Il test di gravidanza viene eseguito 12 giorni dopo l&#8217;impianto.<\/td><\/tr><tr><td>Costo a Turk Aesthetic&nbsp;<\/td><td>4000 -5000 euro<\/td><\/tr><\/tbody><\/table><figcaption class=\"wp-element-caption\">Fecondazione in vitro in Turchia<\/figcaption><\/figure>\n\n\n\n<h2 class=\"wp-block-heading\">Come viene fatta la fecondazione in vitro in Turchia?<\/h2>\n\n\n\n<p>Prima dell&#8217;operazione, vengono effettuati esami del sangue per entrambi i coniugi, l&#8217;utero viene adeguatamente esaminato nella donna, cos\u00ec come la quantit\u00e0, la forza e la velocit\u00e0 dello sperma dell&#8217;uomo. L&#8217;ovaio viene stimolato a produrre gli ovuli con monitoraggio ecografico anche in base ai risultati dei test che il chirurgo d\u00e0 il via libera all&#8217;operazione o meno.&nbsp;<\/p>\n\n\n\n<p>Quindi, all&#8217;inizio dell&#8217;operazione, il paziente \u00e8 completamente in anestesia generale. L&#8217;uovo appropriato viene quindi prelevato dall&#8217;ovaio in un processo semplice,&nbsp;<\/p>\n\n\n\n<p>Per i casi la fecondazione pu\u00f2 essere ritardata di un mese al fine di stimolare le ovaie e ottenere un uovo adatto da altri part una quantit\u00e0 di spermatozoi \u00e8 ottenuta dal maschio circa 100.000 spermatozoi dovrebbero essere disponibili per uovo.<\/p>\n\n\n\n<p>Alla fine il processo di fecondazione viene effettuato in una&nbsp; speciale provetta tra l&#8217;uovo e lo sperma.<\/p>\n\n\n\n<h3 class=\"wp-block-heading\">Video della fecondazione in vitro in Turchia&nbsp;<\/h3>\n\n\n\n<p>Puoi vedere come eseguire fecondazione in vitro in Turchia di seguito.<\/p>\n\n\n\n<figure class=\"wp-block-embed is-type-video is-provider-youtube wp-block-embed-youtube wp-embed-aspect-16-9 wp-has-aspect-ratio\"><div class=\"wp-block-embed__wrapper\">\n<iframe loading=\"lazy\" title=\"Tube Baby (IVF) in Turkey (20) Days - Turk Aesthetic\" width=\"800\" height=\"450\" src=\"https:\/\/www.youtube.com\/embed\/JnHIkrtnLuw?feature=oembed\" frameborder=\"0\" allow=\"accelerometer; autoplay; clipboard-write; encrypted-media; gyroscope; picture-in-picture; web-share\" allowfullscreen><\/iframe>\n<\/div><\/figure>\n\n\n\n<h3 class=\"wp-block-heading\">Il medico che esegue la fecondazione in vitro in Turchia<\/h3>\n\n\n\n<p>Il trattamento di fecondazione in vitro \u00e8 una procedura eseguita da un ginecologo esperto. Un centro affidabile, un ambiente clinico altamente sterilee un medico altamente qualificato sono tutti presi in considerazione quando si sceglie un ospedale o un centro medico da studiare.&nbsp;<\/p>\n\n\n\n<h3 class=\"wp-block-heading\">Chi pu\u00f2 avere la Fecondazione In Vitro in Turchia?&nbsp;&nbsp;<\/h3>\n\n\n\n<ul class=\"wp-block-list\">\n<li>Se il numero di spermatozoi \u00e8 inferiore a cinque milioni o se il movimento \u00e8 basso.<\/li>\n\n\n\n<li>Se l&#8217;uovo femminile non \u00e8 sano.<\/li>\n\n\n\n<li>Se la tuba di Falloppio \u00e8 bloccata in modo che lo sperma non possa incontrare l&#8217;uovo.<\/li>\n\n\n\n<li>La fecondazione diventa impossibile se le tube di Falloppio vengono rimosse dal cancro<\/li>\n\n\n\n<li>Calcificazione ovarica nelle donne (fonte di produzione di ovociti).<\/li>\n\n\n\n<li>L&#8217;et\u00e0 di una donna e l&#8217;incapacit\u00e0 di concepire naturalmente.<\/li>\n\n\n\n<li>Disagio durante l&#8217;ovulazione<\/li>\n\n\n\n<li>Infertilit\u00e0 per ragioni sconosciute<\/li>\n\n\n\n<li>Presenza di anticorpi spermatici nella cervice<\/li>\n\n\n\n<li>Debolezza ovarica dovuta a menopausa precoce o cancro. Quando si verifica uno di questi problemi, le persone possono cercare un trattamento di Fecondazione In Vitro in Turchia.<\/li>\n<\/ul>\n\n\n\n<h3 class=\"wp-block-heading\">Chi non pu\u00f2 avere la fecondazione in vitro?<\/h3>\n\n\n\n<ul class=\"wp-block-list\">\n<li>Le donne in postmenopausa hanno pi\u00f9 di 43 anni, cio\u00e8 non sono in grado di produrre uova.<\/li>\n\n\n\n<li>Uomini con basso numero di spermatozoi, scarsa motilit\u00e0 degli spermatozoi o malformazione degli spermatozoi.<\/li>\n\n\n\n<li>Donne che hanno avuto un&#8217;isterectomia.<\/li>\n\n\n\n<li>Disturbi congeniti dell&#8217;utero e del sistema riproduttivo.<\/li>\n\n\n\n<li>Persone con alte malattie croniche.<\/li>\n\n\n\n<li>Se c&#8217;\u00e8 un varicocele negli uomini, dovrebbe essere trattato prima.<\/li>\n<\/ul>\n\n\n\n<h2 class=\"wp-block-heading\">Fasi del processo di fecondazione in vitro in Turchia<\/h2>\n\n\n\n<h3 class=\"wp-block-heading\">Prima dell&#8217;operazione.<\/h3>\n\n\n\n<p>Viene eseguito un esame del sangue completo per verificare l&#8217;assenza di squilibri ormonali. In caso di problemi o droghe utilizzate, il medico deve essere informato. Il protocollo appropriato viene scelto dopo un esame clinico tramite dispositivo ad ultrasuoni per garantire che le ovaie e l&#8217;utero siano pronti. Le malformazioni congenite possono svolgere un ruolo negativo nello sviluppo del feto. \u00c8 meglio per una donna cercare di perdere peso prima di questa procedura, perch\u00e9 l&#8217;aumento di peso influisce negativamente sul processo. A questo punto, vengono esaminati sia gli uomini che le donne.<\/p>\n\n\n\n<p>I campioni di sperma vengono prelevati dagli uomini ed esaminati, e le medicine vengono date all&#8217;uomo se necessario. Quando viene prelevato un campione di sperma, un homme deve smettere di avere rapporti sessuali con tre giorni di anticipo. Il numero di spermatozoi, il movimento e il colore vengono quindi esaminati. Il numero normale di spermatozoi varia da 20 a 300 milioni per mm.&nbsp; Infine, il supporto psicologico gioca un ruolo importante nel successo del processo, poich\u00e9 lo stress provoca cambiamenti biologici nel corpo a causa delle secrezioni.&nbsp; Diversi ormonali che impediscono la gravidanza.<\/p>\n\n\n\n<h3 class=\"wp-block-heading\">Durante l&#8217;operazione.<\/h3>\n\n\n<div id=\"rank-math-howto\" class=\"rank-math-block\" >\n<div class=\"rank-math-howto-description\">\n\n<p>La fecondazione in vitro in Turchia passa attraverso cinque fasi:<\/p>\n\n<\/div>\n<p class=\"rank-math-howto-duration\"><strong>Tempo totale:<\/strong> <span>20 giorni<\/span><\/p>\n<div class=\"rank-math-steps \">\n<div id=\"howto-step-1676369079292\" class=\"rank-math-step\">\n<h3 class=\"rank-math-step-title \"><strong>Attivazionedelle ovaie<\/strong><\/h3>\n<div class=\"rank-math-step-content \"><img loading=\"lazy\" decoding=\"async\" width=\"1024\" height=\"682\" src=\"https:\/\/www.turkaesthetic.com\/wp-content\/uploads\/2022\/01\/medicine.webp\" class=\"attachment-full size-full\" alt=\"FIVET in Turchia\" srcset=\"https:\/\/www.turkaesthetic.com\/wp-content\/uploads\/2022\/01\/medicine.webp 1024w, https:\/\/www.turkaesthetic.com\/wp-content\/uploads\/2022\/01\/medicine-300x200.webp 300w, https:\/\/www.turkaesthetic.com\/wp-content\/uploads\/2022\/01\/medicine-768x512.webp 768w\" sizes=\"auto, (max-width: 1024px) 100vw, 1024px\" \/><p>A questo punto, le ovaie vengono stimolate a produrre uova dando alle donne farmaci speciali chiamati farmaci per la fertilit\u00e0. Normalmente, una donna produce un uovo al mese. I farmaci stimolano le ovaie a produrrepi\u00f9 uova contemporaneamente. In questa fase, le uova dell\u2019ovaio di una donna vengono monitorate mediante\u00a0 ecografia transvaginale. Gli esami del sangue vengono eseguiti per controllare i livelli ormonali.<\/p>\n<\/div>\n<\/div>\n<div id=\"howto-step-1676369170625\" class=\"rank-math-step\">\n<h3 class=\"rank-math-step-title \"><strong>Raccolta delle uova<\/strong><\/h3>\n<div class=\"rank-math-step-content \"><img loading=\"lazy\" decoding=\"async\" width=\"1024\" height=\"576\" src=\"https:\/\/www.turkaesthetic.com\/wp-content\/uploads\/2022\/01\/ovum.webp\" class=\"attachment-full size-full\" alt=\"FIVET in Turchia\" srcset=\"https:\/\/www.turkaesthetic.com\/wp-content\/uploads\/2022\/01\/ovum.webp 1024w, https:\/\/www.turkaesthetic.com\/wp-content\/uploads\/2022\/01\/ovum-300x169.webp 300w, https:\/\/www.turkaesthetic.com\/wp-content\/uploads\/2022\/01\/ovum-768x432.webp 768w\" sizes=\"auto, (max-width: 1024px) 100vw, 1024px\" \/><p>Prima un semplice intervento chirurgico per raccogliere gli ovuli da cui le donne si sottopongono all\u2019anestesia generale in modo da non sentire dolore durante il processo.<br \/>Quindi e usando un\u2019ecografia, il medico inserisce un ago sottile e lungo attraverso la vagina nell\u2019ovaio che \u00e8 collegato a un dispositivo di aspirazione che estrae le uova e il fluido da ciascuno alla volta. Questa procedura viene quindi eseguita nella seconda ovaia.\u00a0<br \/>Infine lo sperma ottenuto dall\u2019uomoa condizione che smetta di accoppiarsi con la moglie per almeno 3 giorni per garantire la forza dello sperma e la quantit\u00e0 necessaria.<\/p>\n<\/div>\n<\/div>\n<div id=\"howto-step-1676369196568\" class=\"rank-math-step\">\n<h3 class=\"rank-math-step-title \"><strong>Fecondazione<\/strong><\/h3>\n<div class=\"rank-math-step-content \"><p>Metodo di Fecondazione In Vitro in Turchia:<br \/>Lo sperma raccolto dall\u2019uomo e le uova della pi\u00f9 altaquantit\u00e0 prelevata dal paziente vengono collocati in un ambiente controllato, chiamato raccolta dello sperma con l\u2019uovo.<br \/>Vaccinazione: lo sperma di solito entra nell\u2019uovo poche ore dopo la fecondazione.<br \/>Se il medicoritiene che la fecondazione sia improbabile, lo sperma pu\u00f2 essere inserito artificialmente direttamente nell\u2019uovo, un processo chiamato\u00a0 iniezione di spermatozoi.<br \/>La maggior parte dei programmi di fecondazione in vitro (FIV) esegueiniezioni di spermatozoi ozoidi come parte delle procedure di fecondazione degli ovuli di routine\u00a0 , anche se non ci sono problemi previsti.<\/p>\n<p>Metodo di iniezione di McCrory:<br \/>Un altro metodo utilizzato nel trattamento della Fecondazione In Vitro in Turchia. Lo sperma viene iniettato nell\u2019uovo attraverso una pipetta. Questo viene fatto al microscopio. In questo modo, l\u2019uovo viene raccolto con lo sperma uno per uno e la fecondazione viene effettuata ad un ritmo elevato.<\/p>\n<\/div>\n<\/div>\n<div id=\"howto-step-1676369215039\" class=\"rank-math-step\">\n<h3 class=\"rank-math-step-title \"><strong>Sviluppo fetale<\/strong><\/h3>\n<div class=\"rank-math-step-content \"><p>Quando un uovo fecondato inizia a dividersi, diventa un feto. Illaboratorio eque esamina regolarmente il feto per assicurarsi che si divida come previsto. Dopo circa cinque giorni, \u00e8 il feto sano che ha un numero di cellule che continuano a dividersi efficacemente. Nei casi in cui viene diagnosticata la possibilit\u00e0che alcune sindromi siano \u201cgeneticamente\u201d trasmesse al feto, \u00e8 possibile fare una diagnosi. \u00a0 Yeni prima dell\u2019impianto e prima di posizionare il feto nell\u2019utero della donna. Questa procedura viene eseguita circa 3-4 giorni dopo la fecondazione. Il team di laboratorio prende una cellula da ogni embrione e conduce un esame approfondito per diagnosticare alcune malattie genetiche.<\/p>\n<\/div>\n<\/div>\n<div id=\"howto-step-1676369240598\" class=\"rank-math-step\">\n<h3 class=\"rank-math-step-title \"><strong>Trasferimento del feto<\/strong><\/h3>\n<div class=\"rank-math-step-content \"><p>Gli embrioni vengono trasferiti nell\u2019utero di una donna circa 3-5 giorni dopo la rimozione e la fecondazione degli ovuli. Le uova vengono trasferite allo studio del medico e non c\u2019\u00e8 bisogno di anestesia. Se l\u2019utero si stabilizza e continua a crescere, i feti multipli vengono restituiti all\u2019utero della donna, il chepu\u00f2 portare a diverse moltiplicazioni per la forma embryant: gemelli, triplette e altro ancora. Sono incoraggiati a dividersi e tornare nell\u2019utero cinque giorni dopo l\u2019operazione.<br \/>I medici di solito prendono pi\u00f9 di un uovo (ad esempio, sei uova possono essere stimolate contemporaneamente) e scelgono quello pi\u00f9 appropriato.<\/p>\n<\/div>\n<\/div>\n<\/div>\n<\/div>\n\n\n\n\n\n\n<h3 class=\"wp-block-heading\">Dopo l&#8217;operazione.<\/h3>\n\n\n\n<p>Dopo l&#8217;operazione, vengono somministrati farmaci e ormoni che stabilizzano la gravidanza, come il progesterone. Al fine di garantire la continuazione e il successo della gravidanza, \u00e8 necessario effettuare visite regolari al medico per garantire il successo della procedura.<\/p>\n\n\n\n<h3 class=\"wp-block-heading\">Istruzioni dopo la Fecondazione In Vitro in Turchia<\/h3>\n\n\n\n<ul class=\"wp-block-list\">\n<li>Gli alimenti ricchi di mononimi insaturi come avocado, noci, semi, olio di nostro salmone e olio d&#8217;oliva sono utili per stabilizzare la fecondazione in vitro.<\/li>\n\n\n\n<li>La meditazione e il sollievo dallo stress sono molto efficaci nell&#8217;impostare la fecondazione in vitro. Lo stress influisce negativamente sul sistema riproduttivo e riduce le possibilit\u00e0 di successo dell&#8217;operazione, quindilo stress dovrebbe essere evitato.<\/li>\n\n\n\n<li>Evitare cibi con un alto indice glicemico, alcol e caffeina.<\/li>\n\n\n\n<li>Il basso livello di zucchero nel sangue aiuta a rallentare la digestione, fornendo un apporto costante e graduale di energia.&nbsp;<\/li>\n\n\n\n<li>Legumi, cereali, latticini a basso contenuto di grassi, broccoli, patate dolci e funghi sono alimenti utili.<\/li>\n\n\n\n<li>Evita l&#8217;esercizio fisico intenso prima e durante la fecondazione in vitro e scegli esercizi leggeri come camminare, yoga e nuoto, poich\u00e9l&#8217;esercizio intenso pu\u00f2 portare all&#8217;interruzione della gravidanza.<\/li>\n\n\n\n<li>Dormire a sufficienza almeno due settimane prima dell&#8217;intervento chirurgico (almeno 8 ore al giorno).<\/li>\n\n\n\n<li>Il peso \u00e8 sano.<\/li>\n\n\n\n<li>L&#8217;indice di massa corporea (BMI) deve essere monitorato, poich\u00e9 l&#8217;eccesso di peso rende difficile la gravidanza, riducendo cos\u00ec le possibilit\u00e0 di successo della procedura.<\/li>\n\n\n\n<li>Stare lontano dalla sauna e dalla vasca idromassaggio (il calore corporeo in eccesso influisce negativamente sulcorpo).<\/li>\n\n\n\n<li>Assumere integratori e vitamine raccomandati dal medico.<\/li>\n<\/ul>\n\n\n\n<h3 class=\"wp-block-heading\">Segni del successo della fecondazione in vitro in Turchia<\/h3>\n\n\n\n<ul class=\"wp-block-list\">\n<li>Il tasso di successo di una procedura di fecondazione in vitro varia dal 40% al 60%.&nbsp;&nbsp;&nbsp;<\/li>\n\n\n\n<li>A volte il numero di uova fecondate da trasferire nell&#8217;utero gioca un ruolo nel risultato e non \u00e8 consigliabile trasferire pi\u00f9 di tre embrioni per evitare il fallimento della procedura.<\/li>\n\n\n\n<li>Lo spessore della parete uterina gioca un ruolo nel successo dell&#8217;adesione dell&#8217;uovo ,&nbsp; quindi il successo della procedura.<\/li>\n\n\n\n<li>Se si nota sanguinamento dalla vagina dopo la prima settimana della procedura, indica che l&#8217;intervento chirurgico non ha funzionato.<\/li>\n\n\n\n<li>Se non si osserva sanguinamento, \u00e8 un segno positivodi successo.<\/li>\n\n\n\n<li>Il risultato di un esame del sangue (BHC) l&#8217;11 \u00b0 giorno dopo la consegna dell&#8217;uovo fecondato all&#8217;utero determina il successo della procedura del 50%.<\/li>\n\n\n\n<li>Ci sono sintomi come dolore addominale, nausea, mal di testa, insonnia e sintomi di affaticamento generale da una procedura di successo.<\/li>\n<\/ul>\n\n\n\n<h3 class=\"wp-block-heading\">Vantaggi e svantaggi del trattamento di fecondazione in vitro in Turchia<\/h3>\n\n\n\n<h4 class=\"wp-block-heading\">Benefici<\/h4>\n\n\n\n<ul class=\"wp-block-list\">\n<li>Il trattamento di fecondazione in vitro raggiunge un tasso di successo pi\u00f9 elevato rispetto ad altri metodi di vaccinazione.<\/li>\n\n\n\n<li>Questo metodo pu\u00f2 esserereplicato nei casi in cui non vi \u00e8 una gravidanza normale.<\/li>\n\n\n\n<li>Le uova fecondate possono essere congelate.<\/li>\n<\/ul>\n\n\n\n<h4 class=\"wp-block-heading\">Difetti<\/h4>\n\n\n\n<ul class=\"wp-block-list\">\n<li>In rari casi, ci pu\u00f2 essere un intervento chirurgico laparoscopico per tirare le uova.<\/li>\n\n\n\n<li>La gravidanza non si verifica dopo la menopausa.<\/li>\n\n\n\n<li>La procedurapotrebbe non dare risultati positivi la prima volta e potrebbe richiedere la ripetizione della procedura.<\/li>\n<\/ul>\n\n\n\n<h4 class=\"wp-block-heading\">IvF Effetti collaterali<\/h4>\n\n\n\n<p>La femmina pu\u00f2 soffrire di contrazioni dopo il trasferimento delle uova, ma queste contrazioni di solito scompaionocirca un giorno o due.<\/p>\n\n\n\n<h3 class=\"wp-block-heading\">Qual \u00e8 il tasso di successo della Fecondazione In Vitro in Turchia (IVF)<\/h3>\n\n\n\n<p>I tassi di successo della fecondazione in vitro dipendono da una serie di fattori. Come la fertilit\u00e0, il luogo di procedura e lo stile di vita. I tassi di successo variano generalmente a secondadell&#8217;et\u00e0 della donna, poich\u00e9 i tassi di successo diminuiscono con l&#8217;et\u00e0 e l&#8217;avvicinarsi alla menopausa.<\/p>\n\n\n\n<ul class=\"wp-block-list\">\n<li>Sotto i 35 anni, il tasso di successo \u00e8 del 55%.<\/li>\n\n\n\n<li>Tra i 35 ei 37 anni, il tasso di successo \u00e8 del 42%.<\/li>\n\n\n\n<li>Tra i 41 ei 42 anni, il tasso di successo \u00e8 del 13%.<\/li>\n\n\n\n<li>Tra le donne di et\u00e0 pari o superiore a 43 anni, il tasso di successo non supera il 4%.<\/li>\n<\/ul>\n\n\n\n<h3 class=\"wp-block-heading\">Fecondazione in vitro in Turchia Istanbul<\/h3>\n\n\n\n<p>La Turchia in generale, e Istanbul in particolare, \u00e8 la destinazione di molti turisti che visitano la Turchia per cure e turismo allo stesso tempo, grazie ai suoi numerosi vantaggi come l&#8217;abbondanza di opzioni, l&#8217;esperienza dei medici e la qualit\u00e0 dell&#8217;assistenza sanitaria.<\/p>\n\n\n\n<h3 class=\"wp-block-heading\">Costo della fecondazione in vitroe in Turchia Istanbul<\/h3>\n\n\n\n<p>Il costo medio della fecondazione in vitro in tutto il mondo \u00e8 di circa $ 12.000 , &nbsp; un prezzo relativamente alto.<\/p>\n\n\n\n<p>In paesi come la Turchia, il costo della fecondazione in vitro \u00e8 molto pi\u00f9 basso e va da 4000 a 5000 euro.<\/p>\n\n\n\n<p>A Turk Aesthetic Istanbul, il costo del processo di fecondazione in vitro varia in media da 4000 a 5000 euro, a seconda dei dettagli. Potrebbero esserci costi aggiuntivi per i test bilaterali.<\/p>\n\n\n\n<p>\u00c8 possibile contattare il team turk aesthetic nella pagina dei contatti della richiesta di costo, compresa lagestione e il trasporto dell&#8217;hebe.<\/p>\n\n\n\n<h2 class=\"wp-block-heading\">FAQ &#8211; Fecondazione in vitro in Turchia Istanbul<\/h2>\n\n\n<div id=\"rank-math-faq\" class=\"rank-math-block\">\n<div class=\"rank-math-list \">\n<div id=\"faq-question-1676369425011\" class=\"rank-math-list-item\">\n<h3 class=\"rank-math-question \"><strong>Quanto tempo ci vuole per trattare la fecondazione in vitro?<\/strong><\/h3>\n<div class=\"rank-math-answer \">\n\n<p>Il trattamento consiste in diverse fasi.\u00a0 Di conseguenza, ci vogliono 20 giorni.\u00a0<\/p>\n\n<\/div>\n<\/div>\n<div id=\"faq-question-1676369432330\" class=\"rank-math-list-item\">\n<h3 class=\"rank-math-question \"><strong>Ci sar\u00e0 dolore durante la sessione di trattamento IVF ?<\/strong><\/h3>\n<div class=\"rank-math-answer \">\n\n<p>Non c&#8217;\u00e8 dolore durante il processo di Fecondazione In Vitro in Turchia.<\/p>\n\n<\/div>\n<\/div>\n<div id=\"faq-question-1676369448913\" class=\"rank-math-list-item\">\n<h3 class=\"rank-math-question \"><strong>Quali sono i vantaggi della Fecondazione In Vitro in Turchia?<\/strong><\/h3>\n<div class=\"rank-math-answer \">\n\n<p>\u00c8 una buona alternativa per le persone che non possono avere figli in modo naturale.<\/p>\n\n<\/div>\n<\/div>\n<div id=\"faq-question-1676369469300\" class=\"rank-math-list-item\">\n<h3 class=\"rank-math-question \"><strong>Qual \u00e8 il costo della Fecondazione In Vitro in Turchia?<\/strong><\/h3>\n<div class=\"rank-math-answer \">\n\n<p>Il prezzo dell&#8217;operazione di Fecondazione In Vitro in Turchia presso Turk Aesthetic varia da 4000 a 5000 euro.<\/p>\n\n<\/div>\n<\/div>\n<div id=\"faq-question-1676369499511\" class=\"rank-math-list-item\">\n<h3 class=\"rank-math-question \"><strong>Quali tecniche possono essere utilizzate durante il trattamento di fecondazione in vitro?<\/strong><\/h3>\n<div class=\"rank-math-answer \">\n\n<p>Il metodo di Fecondazione In Vitro in Turchia, lo sperma e gli ovuli sono prelevati da individui e arricchiti inun ambiente di laboratorio.<br \/>Il metodo ICSI, la fecondazione viene effettuata iniettando spermatozoi nell&#8217;uovo attraverso un assorbente.<\/p>\n\n<\/div>\n<\/div>\n<div id=\"faq-question-1676369525089\" class=\"rank-math-list-item\">\n<h3 class=\"rank-math-question \"><strong>I bambini sani nascono nel processo di fecondazione in vitro?<\/strong><\/h3>\n<div class=\"rank-math-answer \">\n\n<p>La medicina e la ricerca scientifica in questo settore non sono state in grado di stabilire un legame tra malformazione congenita e Fecondazione In Vitro in Turchia. \u00c8 una procedura sicura e fornisce i risultati di una gravidanza normale, tenendo conto di tutte le istruzioniche tutte le donne incinte devono seguire, indipendentemente dal metodo di gravidanza.<\/p>\n\n<\/div>\n<\/div>\n<div id=\"faq-question-1676369593225\" class=\"rank-math-list-item\">\n<h3 class=\"rank-math-question \"><strong>Quanti tentativi possono essere fatti se l&#8217;operazione fallisce?<\/strong><\/h3>\n<div class=\"rank-math-answer \">\n\n<p>Non esiste un numero limitato di iterazioni. Il fallimento della procedura dipende dallo stato psicologicodella coppia.<\/p>\n\n<\/div>\n<\/div>\n<div id=\"faq-question-1676369606717\" class=\"rank-math-list-item\">\n<h3 class=\"rank-math-question \"><strong>Quando \u00e8 consigliata la Fecondazione In Vitro in Turchia?<\/strong><\/h3>\n<div class=\"rank-math-answer \">\n\n<p>La Fecondazione In Vitro in Turchia pu\u00f2 essere utilizzata per trattare l&#8217;infertilit\u00e0 causata da una serie di motivi:<br \/>\u00c8 raccomandato per gli uomini che non possono avere figli per motivi come carenza di sperma o debolezza. Nelle donne, mancanza di uova, malattie dell&#8217;utero.<\/p>\n\n<\/div>\n<\/div>\n<\/div>\n<\/div>\n\n\n<p><strong>Infine, puoi <a href=\"http:\/\/turkaesthetic.com\/it\/contact-us\/\" target=\"_blank\" data-type=\"page\" data-id=\"21028\" rel=\"noreferrer noopener\">contattare<\/a> il link per richiedere maggiori informazioni e prezzi a <a href=\"https:\/\/www.youtube.com\/channel\/UC0zggzdm5CFwpRMmn_CPpFQ\" target=\"_blank\" rel=\"noreferrer noopener\">Turk Aesthetic<\/a> Istanbul.<\/strong><\/p>\n","protected":false},"excerpt":{"rendered":"<p>La Fecondazione in vitro in Turchia Istanbul o fecondazione in vitro, \u00e8 il processo di prelievo di ovociti dall&#8217;ovaio della madre e fecondazione con spermatozoi in provette in un ambiente di laboratorio. L&#8217;uovo e lo sperma fecondato formano il feto e l&#8217;embrione risultante viene posto nell&#8217;utero. Le persone che non possono avere figli ricorrono naturalmente [&hellip;]<\/p>\n","protected":false},"author":1,"featured_media":21267,"parent":0,"menu_order":0,"comment_status":"closed","ping_status":"closed","template":"","meta":{"footnotes":""},"dep":[1357],"class_list":["post-25408","page","type-page","status-publish","has-post-thumbnail","hentry","dep-treatment"],"_links":{"self":[{"href":"https:\/\/www.turkaesthetic.com\/it\/wp-json\/wp\/v2\/pages\/25408","targetHints":{"allow":["GET"]}}],"collection":[{"href":"https:\/\/www.turkaesthetic.com\/it\/wp-json\/wp\/v2\/pages"}],"about":[{"href":"https:\/\/www.turkaesthetic.com\/it\/wp-json\/wp\/v2\/types\/page"}],"author":[{"embeddable":true,"href":"https:\/\/www.turkaesthetic.com\/it\/wp-json\/wp\/v2\/users\/1"}],"replies":[{"embeddable":true,"href":"https:\/\/www.turkaesthetic.com\/it\/wp-json\/wp\/v2\/comments?post=25408"}],"version-history":[{"count":0,"href":"https:\/\/www.turkaesthetic.com\/it\/wp-json\/wp\/v2\/pages\/25408\/revisions"}],"wp:featuredmedia":[{"embeddable":true,"href":"https:\/\/www.turkaesthetic.com\/it\/wp-json\/wp\/v2\/media\/21267"}],"wp:attachment":[{"href":"https:\/\/www.turkaesthetic.com\/it\/wp-json\/wp\/v2\/media?parent=25408"}],"wp:term":[{"taxonomy":"dep","embeddable":true,"href":"https:\/\/www.turkaesthetic.com\/it\/wp-json\/wp\/v2\/dep?post=25408"}],"curies":[{"name":"wp","href":"https:\/\/api.w.org\/{rel}","templated":true}]}}