{"id":22065,"date":"2021-12-18T09:45:00","date_gmt":"2021-12-18T06:45:00","guid":{"rendered":"http:\/\/turkaesthetic.com\/?page_id=22065"},"modified":"2025-04-07T17:28:26","modified_gmt":"2025-04-07T14:28:26","slug":"breast-enlargement","status":"publish","type":"page","link":"https:\/\/www.turkaesthetic.com\/it\/breast-enlargement\/","title":{"rendered":"Aumento del Seno"},"content":{"rendered":"\n<p><strong>L&#8217;aumento del seno<\/strong> \u00e8 una procedura di chirurgia estetica eseguita da un chirurgo plastico specializzato. Molte donne optano per questa procedura per aumentare le dimensioni del seno, soprattutto nei casi in cui hanno seni naturalmente piccoli, hanno subito una perdita di volume del seno a causa di incidenti o cancro al seno o hanno bisogno di sostituire vecchi impianti in silicone da un precedente intervento chirurgico.<\/p>\n\n\n\n<figure class=\"wp-block-table\"><table><tbody><tr><td>Anestesia&nbsp;<\/td><td>Generale&nbsp;<\/td><\/tr><tr><td>Durata dell&#8217;operazione<\/td><td>3 &#8211; 4 ore<\/td><\/tr><tr><td>Rimanere in ospedale.<\/td><td>Una notte dopo l&#8217;operazione.<\/td><\/tr><tr><td>Risultati<\/td><td>Immediato \/ dura 15 anni (i medici raccomandano di cambiare le otturazioni dopo la durata)<\/td><\/tr><tr><td>Convalescenza<\/td><td>10 giorni<\/td><\/tr><\/tbody><\/table><figcaption class=\"wp-element-caption\">Aumento del Seno<\/figcaption><\/figure>\n\n\n\n<h2 class=\"wp-block-heading\">Come viene eseguito ?<\/h2>\n\n\n\n<p>L&#8217;aumento del seno viene eseguito utilizzando varie tecniche, la pi\u00f9 comune \u00e8 l&#8217;inserimento di impianti in silicone solido. Il chirurgo posiziona attentamente gli impianti in modo da aumentare le dimensioni del <a href=\"https:\/\/www.turkaesthetic.com\/it\/breast\/\" target=\"_blank\" data-type=\"page\" data-id=\"21404\" rel=\"noreferrer noopener\">seno<\/a> mantenendo un aspetto naturale. Le dimensioni e la forma dell&#8217;impianto vengono discusse con la paziente prima della procedura per garantire il risultato desiderato.<\/p>\n\n\n\n<p>L&#8217;intervento dura in genere dalle 2 alle 3 ore e la paziente rimane in ospedale per una notte prima di essere dimessa il giorno successivo.<\/p>\n\n\n\n<h3 class=\"wp-block-heading\">Video<\/h3>\n\n\n\n<p>Di seguito \u00e8 riportato un video dimostrativo di come viene eseguita la procedura di aumento del seno.<\/p>\n\n\n\n<figure class=\"wp-block-embed is-type-video is-provider-youtube wp-block-embed-youtube wp-embed-aspect-16-9 wp-has-aspect-ratio\"><div class=\"wp-block-embed__wrapper\">\n<iframe loading=\"lazy\" title=\"Breast Augmentation - Turk Aesthetic\" width=\"800\" height=\"450\" src=\"https:\/\/www.youtube.com\/embed\/VzFDUDkzs9E?feature=oembed\" frameborder=\"0\" allow=\"accelerometer; autoplay; clipboard-write; encrypted-media; gyroscope; picture-in-picture; web-share\" referrerpolicy=\"strict-origin-when-cross-origin\" allowfullscreen><\/iframe>\n<\/div><figcaption class=\"wp-element-caption\">Aumento del Seno<\/figcaption><\/figure>\n\n\n\n<h3 class=\"wp-block-heading\">Donne idonee all&#8217;aumento del seno<\/h3>\n\n\n\n<p>Le donne di et\u00e0 superiore ai 18 anni possono sottoporsi all&#8217;aumento del seno per vari motivi. Questa procedura \u00e8 spesso richiesta da coloro che hanno seni naturalmente piccoli dopo la pubert\u00e0, sperimentano asimmetria mammaria o hanno deformit\u00e0 dovute a condizioni mediche o incidenti. Viene eseguita anche per scopi ricostruttivi, non solo per un miglioramento estetico.<\/p>\n\n\n\n<p>Prima dell&#8217;intervento, \u00e8 essenziale informare il chirurgo di eventuali malattie croniche e di eventuali farmaci che si stanno assumendo. Inoltre, discutere di eventuali interventi chirurgici precedenti a cui ci si \u00e8 sottoposti. Avere aspettative realistiche sulla procedura e sui suoi potenziali risultati \u00e8 fondamentale. Una comunicazione chiara su questi punti aiuter\u00e0 a garantire un&#8217;esperienza chirurgica sicura ed efficace.<\/p>\n\n\n\n<h3 class=\"wp-block-heading\">Chi NON \u00e8 idoneo all&#8217;aumento del seno?<\/h3>\n\n\n\n<p>L&#8217;aumento del seno, come qualsiasi altro intervento di <a href=\"https:\/\/www.turkaesthetic.com\/it\/plastic-surgeries\/\" target=\"_blank\" data-type=\"page\" data-id=\"28047\" rel=\"noreferrer noopener\">chirurgia estetica<\/a>, non \u00e8 adatto a tutti. Molte donne sono buone candidate per questa procedura, mentre altre potrebbero non esserlo. \u00c8 essenziale consultare un medico o il team medico di Turk Aesthetic per ricevere consigli personalizzati in base a ciascun caso. Ci\u00f2 pu\u00f2 essere fatto fornendo foto o condividendo informazioni rilevanti sulle proprie condizioni di salute.<\/p>\n\n\n\n<p>Alcune donne, come quelle con cardiopatia avanzata, diabete grave o problemi respiratori cronici, potrebbero preferire evitare questa procedura.<\/p>\n\n\n\n<h3 class=\"wp-block-heading\">Chi esegue l&#8217;intervento di aumento del seno?<\/h3>\n\n\n\n<p>L&#8217;aumento del seno \u00e8 una procedura estetica e deve essere eseguito da un chirurgo plastico certificato con esperienza in chirurgia estetica. Altri specialisti medici di diversi campi non possono eseguire questa operazione, poich\u00e9 \u00e8 strettamente classificata come chirurgia plastica.<\/p>\n\n\n\n<h4 class=\"wp-block-heading\">Motivi comuni<\/h4>\n\n\n\n<p>Le donne optano per l&#8217;aumento del seno per vari motivi, tra cui:<\/p>\n\n\n\n<ul class=\"wp-block-list\">\n<li>Piccole dimensioni del seno.<\/li>\n\n\n\n<li>Mancanza di sicurezza.<\/li>\n\n\n\n<li>Sensazione di inadeguatezza.<\/li>\n\n\n\n<li>Asimmetria del seno.<\/li>\n\n\n\n<li>Ricostruzione del seno dopo un incidente o una condizione medica.<\/li>\n\n\n\n<li>Sostituzione di vecchi impianti in silicone.<\/li>\n<\/ul>\n\n\n\n<h3 class=\"wp-block-heading\">Tipo di anestesia utilizzata nell&#8217;intervento <\/h3>\n\n\n\n<p>L&#8217;aumento del seno non pu\u00f2 essere eseguito in anestesia locale; viene eseguito esclusivamente in anestesia generale. Il paziente \u00e8 completamente sedato prima dell&#8217;inizio della procedura e rimane tale fino al suo completamento.<\/p>\n\n\n\n<p>I pazienti devono digiunare per almeno sei ore prima dell&#8217;intervento per garantire la loro sicurezza durante la procedura. Dopo l&#8217;intervento, \u00e8 importante che i pazienti evitino di mangiare o bere per circa quattro ore. Una volta trascorso questo periodo, possono iniziare con pasti leggeri e tornare gradualmente a una dieta regolare man mano che si sentono a loro agio.di che il paziente pu\u00f2 iniziare il suo servizio semplicemente e quindi tornare a una vita normale in termini di cibo e bevande.<\/p>\n\n\n\n<h2 class=\"wp-block-heading\">Passi <\/h2>\n\n\n<div id=\"rank-math-howto\" class=\"rank-math-block\" >\n<div class=\"rank-math-howto-description\">\n\n<p>Passi verso l&#8217;aumento del seno:<\/p>\n\n<\/div>\n<p class=\"rank-math-howto-duration\"><strong>Tempo totale:<\/strong> <span>3 ore<\/span><\/p>\n<div class=\"rank-math-steps \">\n<div id=\"howto-step-1678629715288\" class=\"rank-math-step\">\n<h3 class=\"rank-math-step-title \"><strong>Prima dell\u2019inizio dell\u2019operazione<\/strong><\/h3>\n<div class=\"rank-math-step-content \"><img loading=\"lazy\" decoding=\"async\" width=\"1024\" height=\"681\" src=\"https:\/\/www.turkaesthetic.com\/wp-content\/uploads\/2021\/12\/Breast-Augmentation-1.webp\" class=\"attachment-full size-full\" alt=\"l&#039;aumento del seno in Turchia\" srcset=\"https:\/\/www.turkaesthetic.com\/wp-content\/uploads\/2021\/12\/Breast-Augmentation-1.webp 1024w, https:\/\/www.turkaesthetic.com\/wp-content\/uploads\/2021\/12\/Breast-Augmentation-1-300x200.webp 300w, https:\/\/www.turkaesthetic.com\/wp-content\/uploads\/2021\/12\/Breast-Augmentation-1-768x511.webp 768w\" sizes=\"auto, (max-width: 1024px) 100vw, 1024px\" \/><p>Prima di sottoporsi a un aumento del seno, \u00e8 essenziale che i pazienti informino il chirurgo di eventuali malattie croniche, dei farmaci che stanno assumendo e di eventuali interventi chirurgici precedenti. Inoltre, discutere delle condizioni di salute rilevanti \u00e8 fondamentale per garantire la sicurezza e l&#8217;efficacia della procedura. Fornendo queste informazioni, i pazienti possono aiutare i loro chirurghi a prendere decisioni informate e adattare l&#8217;approccio chirurgico alle loro esigenze individuali.<br \/>Istruzioni pre-operatorie:<br \/>\u2013 Discutere i risultati attesi con l&#8217;\u00e9quipe medica.<br \/>\u2013 Digiunare per almeno sei ore prima dell&#8217;intervento.<br \/>\u2013 Informare l&#8217;\u00e9quipe medica di eventuali farmaci in uso.<br \/>\u2013 Evitare alcol e fumo per almeno una settimana prima dell&#8217;intervento.<br \/>\u2013 Interrompere l&#8217;assunzione di farmaci anticoagulanti come l&#8217;aspirina (solo dopo aver consultato un medico).<br \/>\u2013 Indossare abiti comodi il giorno dell&#8217;intervento.<\/p>\n<\/div>\n<\/div>\n<div id=\"howto-step-1678629755216\" class=\"rank-math-step\">\n<h3 class=\"rank-math-step-title \"><strong>Durante l\u2019operazione<\/strong><\/h3>\n<div class=\"rank-math-step-content \"><img loading=\"lazy\" decoding=\"async\" width=\"1024\" height=\"683\" src=\"https:\/\/www.turkaesthetic.com\/wp-content\/uploads\/2021\/12\/Breast-Augmentation-3.webp\" class=\"attachment-full size-full\" alt=\"l&#039;aumento del seno in Turchia\" srcset=\"https:\/\/www.turkaesthetic.com\/wp-content\/uploads\/2021\/12\/Breast-Augmentation-3.webp 1024w, https:\/\/www.turkaesthetic.com\/wp-content\/uploads\/2021\/12\/Breast-Augmentation-3-300x200.webp 300w, https:\/\/www.turkaesthetic.com\/wp-content\/uploads\/2021\/12\/Breast-Augmentation-3-768x512.webp 768w\" sizes=\"auto, (max-width: 1024px) 100vw, 1024px\" \/><p>Durante la procedura vengono selezionate le dimensioni e il tipo appropriati di impianto in silicone. Quindi iniziano le fasi chirurgiche, tra cui la somministrazione dell&#8217;anestesia, la sterilizzazione dell&#8217;area interessata e la determinazione della posizione ottimale per l&#8217;inserimento dell&#8217;impianto in silicone. L&#8217;incisione viene solitamente eseguita in un&#8217;area nascosta sotto il seno o, in alcuni casi, direttamente sotto il capezzolo.<\/p>\n<\/div>\n<\/div>\n<div id=\"howto-step-1678629772502\" class=\"rank-math-step\">\n<h3 class=\"rank-math-step-title \"><strong>Dopo l\u2019operazione.<\/strong><\/h3>\n<div class=\"rank-math-step-content \"><p>Una volta completata la procedura, la paziente viene trasferita dalla sala operatoria dopo aver chiuso i siti di incisione utilizzati per l&#8217;inserimento dell&#8217;impianto. La paziente viene quindi trasferita nella sala di risveglio e di solito pu\u00f2 essere dimessa dall&#8217;ospedale il giorno successivo. Una visita di controllo con il medico \u00e8 generalmente consigliata dopo circa sei giorni.<br \/>Le pazienti devono seguire rigorosamente le istruzioni fornite dal medico e dal team medico per ottenere i risultati positivi previsti e ridurre al minimo gli effetti collaterali indesiderati. Si raccomanda inoltre di indossare un reggiseno compressivo medico per uno o due mesi dopo l&#8217;intervento. Inoltre, i farmaci prescritti devono essere assunti come indicato senza trascurarli. Le pazienti sono incoraggiate a rimanere in contatto con il medico o il team medico durante il periodo di recupero in caso di ulteriori domande o dubbi sugli effetti collaterali.<\/p>\n<\/div>\n<\/div>\n<\/div>\n<\/div>\n<p class=\"rank-math-howto-estimatedCost\"><strong>Costo stimato:<\/strong> <span>3450 Euro<\/span><\/p>\n\n\n\n\n\n<h3 class=\"wp-block-heading\">Prima e dopo l&#8217;aumento del seno <\/h3>\n\n\n\n<p>Di seguito sonoriportate le foto prima e dopo l&#8217;operazione di mastoplastica additiva eseguita presso il <a href=\"https:\/\/www.youtube.com\/channel\/UC0zggzdm5CFwpRMmn_CPpFQ\" target=\"_blank\" rel=\"noreferrer noopener\">Turk Aesthetic<\/a>.<\/p>\n\n\n\n<figure class=\"wp-block-gallery has-nested-images columns-default is-cropped wp-block-gallery-1 is-layout-flex wp-block-gallery-is-layout-flex\">\n<figure class=\"wp-block-image size-large\"><img loading=\"lazy\" decoding=\"async\" width=\"1200\" height=\"800\" data-id=\"45109\" src=\"https:\/\/www.turkaesthetic.com\/wp-content\/uploads\/2023\/11\/before-after-breast-augmentation-4.jpg\" alt=\"Prima e dopo l'aumento del seno in Turchia\" class=\"wp-image-45109\"\/><figcaption class=\"wp-element-caption\">Prima e dopo l&#8217;aumento del seno<\/figcaption><\/figure>\n\n\n\n<figure class=\"wp-block-image size-large\"><img loading=\"lazy\" decoding=\"async\" width=\"1200\" height=\"800\" data-id=\"45091\" src=\"https:\/\/www.turkaesthetic.com\/wp-content\/uploads\/2023\/11\/before-after-breast-augmentation-2.jpg\" alt=\"Prima e dopo l'aumento del seno in Turchia\" class=\"wp-image-45091\"\/><figcaption class=\"wp-element-caption\">Prima e dopo l&#8217;aumento del seno<\/figcaption><\/figure>\n\n\n\n<figure class=\"wp-block-image size-large\"><img loading=\"lazy\" decoding=\"async\" width=\"1200\" height=\"800\" data-id=\"45082\" src=\"https:\/\/www.turkaesthetic.com\/wp-content\/uploads\/2023\/11\/before-after-breast-augmentation-1.jpg\" alt=\"Prima e dopo l'aumento del seno in Turchia\" class=\"wp-image-45082\"\/><figcaption class=\"wp-element-caption\">Prima e dopo l&#8217;aumento del seno<\/figcaption><\/figure>\n<\/figure>\n\n\n\n<h3 class=\"wp-block-heading\">Tecniche utilizzate nell&#8217;aumento del seno<\/h3>\n\n\n\n<p>Esistono diverse tecniche utilizzate per l&#8217;aumento del seno, le pi\u00f9 comuni sono:<\/p>\n\n\n\n<p>Iniezioni di filler permanenti.<br>Innesti di grasso (trasferimento di grasso autologo).<br>Impianti in silicone.<br>I medici generalmente preferiscono gli impianti in silicone per diverse ragioni chiave:<\/p>\n\n\n\n<p>Elevati standard di sicurezza degli impianti in silicone.<br>Simmetria precisa tra entrambi i seni.<br>Riduzione al minimo del rischio di effetti collaterali associati al trasferimento di grasso o ai filler.<\/p>\n\n\n\n<h4 class=\"wp-block-heading\">Tipi di impianti in silicone utilizzati nella procedura<\/h4>\n\n\n\n<p>Esistono vari tipi di impianti in silicone disponibili per l&#8217;aumento del seno. Presso Turk Aesthetic, diamo priorit\u00e0 agli impianti di alta qualit\u00e0, utilizzando impianti Mentor (di fabbricazione americana) e Motiva (di fabbricazione americana). Sono disponibili sul mercato anche altri impianti provenienti da diversi paesi, come Cina e Russia.ine Motiva.&nbsp; Ci sono anche molte altre qualit\u00e0 utilizzate in diversi paesi come la Cina o la Russia.<\/p>\n\n\n\n<figure class=\"wp-block-image size-full\"><img loading=\"lazy\" decoding=\"async\" width=\"1000\" height=\"667\" src=\"http:\/\/turkaesthetic.com\/wp-content\/uploads\/2021\/12\/Breast-Augmentation-4.webp\" alt=\"l'aumento del seno in Turchia\" class=\"wp-image-21122\" srcset=\"https:\/\/www.turkaesthetic.com\/wp-content\/uploads\/2021\/12\/Breast-Augmentation-4.webp 1000w, https:\/\/www.turkaesthetic.com\/wp-content\/uploads\/2021\/12\/Breast-Augmentation-4-300x200.webp 300w, https:\/\/www.turkaesthetic.com\/wp-content\/uploads\/2021\/12\/Breast-Augmentation-4-768x512.webp 768w\" sizes=\"auto, (max-width: 1000px) 100vw, 1000px\" \/><figcaption class=\"wp-element-caption\">l&#8217;aumento del seno<\/figcaption><\/figure>\n\n\n\n<h3 class=\"wp-block-heading\">Linee guida post-operatorie per l&#8217;aumento del seno<\/h3>\n\n\n\n<p>Ci sono diverse istruzioni essenziali da seguire dopo aver subito un aumento del seno. Di seguito sono riportate le raccomandazioni chiave:<\/p>\n\n\n\n<ul class=\"wp-block-list\">\n<li>Seguire attentamente le istruzioni del medico.<\/li>\n\n\n\n<li>Assumere i farmaci prescritti in tempo.<\/li>\n\n\n\n<li>Evitare attivit\u00e0 faticose durante il periodo di recupero iniziale.<\/li>\n\n\n\n<li>Indossare un reggiseno compressivo medico come indicato.<\/li>\n<\/ul>\n\n\n\n<h4 class=\"wp-block-heading\">Pro e contro dell&#8217;aumento del seno<\/h4>\n\n\n\n<p><strong>Svantaggi<\/strong><\/p>\n\n\n\n<p>Non ci sono svantaggi significativi nell&#8217;aumento del seno per le donne, tranne nei casi in cui la procedura viene eseguita da un chirurgo inesperto, il che pu\u00f2 portare ad asimmetria nelle dimensioni del seno.<\/p>\n\n\n\n<p><strong>Vantaggi<\/strong><\/p>\n\n\n\n<p>Un aumento del seno di successo aumenta l&#8217;autostima di una donna, poich\u00e9 i seni pi\u00f9 grandi sono spesso associati a standard di bellezza.<br>Aumento della femminilit\u00e0 e dell&#8217;attrattiva, poich\u00e9 i seni pi\u00f9 pieni contribuiscono a una forma del corpo pi\u00f9 proporzionata.<br>Una procedura sicura, poich\u00e9 gli impianti in silicone sono adatti al corpo e privi di gravi complicazioni.<\/p>\n\n\n\n<p><strong>Effetti collaterali dell&#8217;aumento del seno<\/strong><\/p>\n\n\n\n<ul class=\"wp-block-list\">\n<li>Gonfiore e rossore.<\/li>\n\n\n\n<li>Lieve dolore.<\/li>\n\n\n\n<li>Disagio nei primi giorni dopo l&#8217;intervento.<\/li>\n\n\n\n<li>Lieve prurito durante la guarigione dei punti chirurgici.<\/li>\n<\/ul>\n\n\n\n<h3 class=\"wp-block-heading\">Intervento di aumento del seno a Istanbul, Turchia<\/h3>\n\n\n\n<p>La Turchia, e in particolare Istanbul, \u00e8 diventata una delle principali destinazioni per il turismo medico, attraendo visitatori che cercano sia procedure cosmetiche che esperienze di viaggio. Il paese offre numerosi vantaggi, tra cui varie opzioni, chirurghi esperti, servizi di alta qualit\u00e0 e prezzi ragionevoli. L&#8217;aumento del seno \u00e8 una delle procedure cosmetiche pi\u00f9 popolari, con costi che variano tra \u20ac 3.450 e \u20ac 4.500, a seconda della clinica medica o dell&#8217;ospedale.<\/p>\n\n\n\n<h4 class=\"wp-block-heading\">Costo dell&#8217;aumento del seno<\/h4>\n\n\n\n<p>Il costo dell&#8217;aumento del seno varia a seconda delle diverse cliniche in base a diversi fattori, tra cui:<\/p>\n\n\n\n<p>Tipo di impianti utilizzati.<br>Reputazione della clinica o dell&#8217;ospedale.<br>Esperienza del chirurgo.<br>Credibilit\u00e0 della clinica medica e servizi aggiuntivi forniti. Presso Turk Aesthetic <a href=\"https:\/\/www.turkaesthetic.com\/it\/surgeries-it\/breast-enlargement-cost\/\" data-type=\"post\" data-id=\"44825\" target=\"_blank\" rel=\"noreferrer noopener\"><strong>l&#8217;aumento<\/strong> <strong>del seno costa<\/strong><\/a> dai 3.450 ai 4.500 euro.<\/p>\n\n\n\n<h2 class=\"wp-block-heading\">Domande frequenti (FAQ)<\/h2>\n\n\n<div id=\"rank-math-faq\" class=\"rank-math-block\">\n<div class=\"rank-math-list \">\n<div id=\"faq-question-1678629903497\" class=\"rank-math-list-item\">\n<h3 class=\"rank-math-question \">Quanto dura l&#8217;aumento del seno?<\/h3>\n<div class=\"rank-math-answer \">\n\n<p>Circa 3-4 ore.<\/p>\n\n<\/div>\n<\/div>\n<div id=\"faq-question-1741863319900\" class=\"rank-math-list-item\">\n<h3 class=\"rank-math-question \">Quando vedr\u00f2 i risultati dell&#8217;aumento del seno?<\/h3>\n<div class=\"rank-math-answer \">\n\n<p>I risultati sono immediati e diventano pi\u00f9 evidenti una volta che il gonfiore post-operatorio si \u00e8 attenuato.<\/p>\n\n<\/div>\n<\/div>\n<div id=\"faq-question-1741863328655\" class=\"rank-math-list-item\">\n<h3 class=\"rank-math-question \">Quali sono le possibili complicazioni della procedura?<\/h3>\n<div class=\"rank-math-answer \">\n\n<p>La procedura \u00e8 generalmente sicura, con poche complicazioni. Il rischio principale \u00e8 il rigetto del materiale impiantato da parte dell&#8217;organismo, che \u00e8 pi\u00f9 probabile quando vengono utilizzati impianti di bassa qualit\u00e0.<\/p>\n\n<\/div>\n<\/div>\n<div id=\"faq-question-1741863334521\" class=\"rank-math-list-item\">\n<h3 class=\"rank-math-question \">Qual \u00e8 il tasso di successo dell&#8217;aumento del seno?<\/h3>\n<div class=\"rank-math-answer \">\n\n<p>Il tasso di successo dipende direttamente dall&#8217;esperienza del chirurgo, dalla reputazione dell&#8217;ospedale e dalla qualit\u00e0 dei materiali utilizzati.<\/p>\n\n<\/div>\n<\/div>\n<div id=\"faq-question-1741863340482\" class=\"rank-math-list-item\">\n<h3 class=\"rank-math-question \">L&#8217;aumento del seno causa il cancro?<\/h3>\n<div class=\"rank-math-answer \">\n\n<p>Gli impianti mammari sono rispettosi dell&#8217;organismo e non causano il cancro. In rari casi, l&#8217;organismo pu\u00f2 rigettare l&#8217;impianto, provocando sintomi come prurito o intorpidimento.<\/p>\n\n<\/div>\n<\/div>\n<div id=\"faq-question-1741863346541\" class=\"rank-math-list-item\">\n<h3 class=\"rank-math-question \">L&#8217;aumento del seno pu\u00f2 essere eseguito con il trasferimento di grasso?<\/h3>\n<div class=\"rank-math-answer \">\n\n<p>Sebbene il trasferimento di grasso sia un&#8217;alternativa non chirurgica, non \u00e8 una soluzione permanente. Il corpo assorbe il grasso trasferito nel tempo, riducendo le dimensioni e l&#8217;asimmetria tra i seni. Pertanto, i dottori in genere non lo raccomandano.<\/p>\n\n<\/div>\n<\/div>\n<\/div>\n<\/div>\n\n\n<p>Per maggiori informazioni, puoi contattare il team\u00a0<a href=\"https:\/\/www.instagram.com\/turk__aesthetic\/#\" target=\"_blank\" rel=\"noreferrer noopener\"><strong>Turk Aesthetic<\/strong>\u00a0<\/a>per ricevere il supporto necessario e le risposte a tutte le tue domande tramite il seguente\u00a0<a href=\"https:\/\/www.turkaesthetic.com\/it\/contact-us\/\"><strong>link<\/strong><\/a>.<\/p>\n","protected":false},"excerpt":{"rendered":"<p>L&#8217;aumento del seno \u00e8 una procedura di chirurgia estetica eseguita da un chirurgo plastico specializzato. Molte donne optano per questa procedura per aumentare le dimensioni del seno, soprattutto nei casi in cui hanno seni naturalmente piccoli, hanno subito una perdita di volume del seno a causa di incidenti o cancro al seno o hanno bisogno [&hellip;]<\/p>\n","protected":false},"author":1,"featured_media":21119,"parent":0,"menu_order":0,"comment_status":"closed","ping_status":"closed","template":"","meta":{"footnotes":""},"dep":[],"class_list":["post-22065","page","type-page","status-publish","has-post-thumbnail","hentry"],"_links":{"self":[{"href":"https:\/\/www.turkaesthetic.com\/it\/wp-json\/wp\/v2\/pages\/22065","targetHints":{"allow":["GET"]}}],"collection":[{"href":"https:\/\/www.turkaesthetic.com\/it\/wp-json\/wp\/v2\/pages"}],"about":[{"href":"https:\/\/www.turkaesthetic.com\/it\/wp-json\/wp\/v2\/types\/page"}],"author":[{"embeddable":true,"href":"https:\/\/www.turkaesthetic.com\/it\/wp-json\/wp\/v2\/users\/1"}],"replies":[{"embeddable":true,"href":"https:\/\/www.turkaesthetic.com\/it\/wp-json\/wp\/v2\/comments?post=22065"}],"version-history":[{"count":0,"href":"https:\/\/www.turkaesthetic.com\/it\/wp-json\/wp\/v2\/pages\/22065\/revisions"}],"wp:featuredmedia":[{"embeddable":true,"href":"https:\/\/www.turkaesthetic.com\/it\/wp-json\/wp\/v2\/media\/21119"}],"wp:attachment":[{"href":"https:\/\/www.turkaesthetic.com\/it\/wp-json\/wp\/v2\/media?parent=22065"}],"wp:term":[{"taxonomy":"dep","embeddable":true,"href":"https:\/\/www.turkaesthetic.com\/it\/wp-json\/wp\/v2\/dep?post=22065"}],"curies":[{"name":"wp","href":"https:\/\/api.w.org\/{rel}","templated":true}]}}