{"id":22063,"date":"2021-12-24T13:46:29","date_gmt":"2021-12-24T10:46:29","guid":{"rendered":"http:\/\/turkaesthetic.com\/?page_id=22063"},"modified":"2025-04-07T17:29:00","modified_gmt":"2025-04-07T14:29:00","slug":"breast-reduction","status":"publish","type":"page","link":"https:\/\/www.turkaesthetic.com\/it\/breast-reduction\/","title":{"rendered":"Riduzione del Seno"},"content":{"rendered":"\n<p>La chirurgia di <strong>riduzione del seno<\/strong> \u00e8 una procedura estetica eseguita da un chirurgo plastico per rimodellare il seno delle donne che hanno dimensioni eccessive del seno dovute a fattori genetici o aumento di peso. I risultati della procedura possono essere osservati immediatamente dopo il completamento, con l&#8217;operazione che dura in genere circa 3 ore in anestesia generale. Di seguito, forniamo tutti i dettagli essenziali per le donne che stanno prendendo in considerazione questa procedura.<\/p>\n\n\n\n<figure class=\"wp-block-table\"><table><tbody><tr><td>Anestesia<\/td><td>Generale&nbsp;<\/td><\/tr><tr><td>Durata del processo<\/td><td>3 ore<\/td><\/tr><tr><td>Degenza ospedaliera&nbsp;<\/td><td>1 notte \u00e8 necessaria dopo il processo<\/td><\/tr><tr><td>Risultati<\/td><td>Immediato \/ Durata della vita<\/td><\/tr><tr><td>Convalescenza<\/td><td>10-15 giorni<\/td><\/tr><\/tbody><\/table><figcaption class=\"wp-element-caption\">Riduzione del Seno in Turchia<\/figcaption><\/figure>\n\n\n\n<h2 class=\"wp-block-heading\">Come viene eseguita la chirurgia di riduzione del seno?<\/h2>\n\n\n\n<p>La procedura mira a ridurre le dimensioni di seni eccessivamente grandi, che possono causare vari problemi di salute, come dolori alla schiena, alla colonna vertebrale e al collo, difficolt\u00e0 respiratorie e una postura curva dovuta al peso eccessivo.<\/p>\n\n\n\n<p>L&#8217;operazione rimuove tessuto ghiandolare, grasso e pelle in eccesso dal <a href=\"https:\/\/www.turkaesthetic.com\/it\/breast\/\" target=\"_blank\" data-type=\"page\" data-id=\"21404\" rel=\"noreferrer noopener\">seno<\/a>, con conseguente forma del seno pi\u00f9 soda, sollevata e proporzionata. Questa procedura migliora l&#8217;estetica e il comfort fisico e la funzionalit\u00e0 generale del corpo.<\/p>\n\n\n\n<h3 class=\"wp-block-heading\">Video sulla chirurgia di riduzione del seno<\/h3>\n\n\n\n<p>Una dimostrazione video ti mostrer\u00e0 come viene eseguita la chirurgia.<\/p>\n\n\n\n<figure class=\"wp-block-embed is-type-video is-provider-youtube wp-block-embed-youtube wp-embed-aspect-16-9 wp-has-aspect-ratio\"><div class=\"wp-block-embed__wrapper\">\n<iframe loading=\"lazy\" title=\"Breast Reduction - Turk Aesthetic\" width=\"800\" height=\"450\" src=\"https:\/\/www.youtube.com\/embed\/Yta8qRQ-4-A?feature=oembed\" frameborder=\"0\" allow=\"accelerometer; autoplay; clipboard-write; encrypted-media; gyroscope; picture-in-picture; web-share\" referrerpolicy=\"strict-origin-when-cross-origin\" allowfullscreen><\/iframe>\n<\/div><figcaption class=\"wp-element-caption\">riduzione del seno<\/figcaption><\/figure>\n\n\n\n<h3 class=\"wp-block-heading\">Chi \u00e8 idoneo per la procedura?<\/h3>\n\n\n\n<p>L&#8217;intervento \u00e8 adatto alle donne che hanno seni cadenti o sproporzionatamente grandi che non sono in armonia con la forma del loro corpo. Le candidate devono essere:<\/p>\n\n\n\n<ul class=\"wp-block-list\">\n<li>Avere pi\u00f9 di 18 anni<\/li>\n\n\n\n<li>Avere una buona salute generale<\/li>\n\n\n\n<li>Avere una forma del seno pi\u00f9 soda e proporzionata per aumentare la sicurezza<\/li>\n<\/ul>\n\n\n\n<h4 class=\"wp-block-heading\">Chi NON \u00e8 idoneo per la procedura?<\/h4>\n\n\n\n<p>Alcune donne possono avere problemi con seni grandi e pesanti ma potrebbero non essere idonee all&#8217;intervento a causa di:<\/p>\n\n\n\n<ul class=\"wp-block-list\">\n<li>Malattie croniche come malattie cardiache o diabete non controllato<\/li>\n\n\n\n<li>Tumori in stadio avanzato (\u00e8 richiesta la consultazione con un medico)<\/li>\n\n\n\n<li>Problemi di scarsa guarigione delle ferite<\/li>\n\n\n\n<li>Ragazze di et\u00e0 inferiore ai 18 anni, poich\u00e9 il loro corpo \u00e8 ancora in via di sviluppo<\/li>\n<\/ul>\n\n\n\n<h3 class=\"wp-block-heading\">Quale specialista esegue l&#8217;intervento di riduzione del seno?<\/h3>\n\n\n\n<p>La riduzione del seno \u00e8 una procedura di chirurgia estetica, il che significa che deve essere eseguita da un chirurgo plastico certificato con esperienza in procedure estetiche. I medici di altre specialit\u00e0 mediche non possono eseguire questo tipo di intervento.<\/p>\n\n\n\n<h4 class=\"wp-block-heading\">Tipo di anestesia utilizzato nell&#8217;intervento<\/h4>\n\n\n\n<p>L&#8217;intervento non pu\u00f2 essere eseguito solo in anestesia locale; richiede l&#8217;anestesia generale. I pazienti devono digiunare per almeno sei ore prima della procedura. Dopo l&#8217;intervento, si raccomanda un periodo di digiuno di circa quattro ore prima di reintrodurre gradualmente pasti leggeri, seguiti da un ritorno a una dieta normale.<\/p>\n\n\n\n<h3 class=\"wp-block-heading\">Fasi di riduzione del seno<\/h3>\n\n\n<div id=\"rank-math-howto\" class=\"rank-math-block\" >\n<div class=\"rank-math-howto-description\">\n\n<p>La chirurgia di riduzione del seno passa attraverso tre fasi, come altre operazioni:<\/p>\n\n<\/div>\n<p class=\"rank-math-howto-duration\"><strong>Tempo totale:<\/strong> <span>3 ore<\/span><\/p>\n<div class=\"rank-math-steps \">\n<div id=\"howto-step-1678632592987\" class=\"rank-math-step\">\n<h3 class=\"rank-math-step-title \"><strong>Prima del processo<\/strong><\/h3>\n<div class=\"rank-math-step-content \"><img loading=\"lazy\" decoding=\"async\" width=\"1012\" height=\"768\" src=\"https:\/\/www.turkaesthetic.com\/wp-content\/uploads\/2021\/12\/before.webp\" class=\"attachment-full size-full\" alt=\"Riduzione del seno in Turchia\" srcset=\"https:\/\/www.turkaesthetic.com\/wp-content\/uploads\/2021\/12\/before.webp 1012w, https:\/\/www.turkaesthetic.com\/wp-content\/uploads\/2021\/12\/before-300x228.webp 300w, https:\/\/www.turkaesthetic.com\/wp-content\/uploads\/2021\/12\/before-768x583.webp 768w\" sizes=\"auto, (max-width: 1012px) 100vw, 1012px\" \/><p>Prima di sottoporsi a un intervento di riduzione del seno, \u00e8 consigliabile informare il team medico o il medico di eventuali malattie croniche di cui potrebbe soffrire la paziente, nonch\u00e9 di eventuali farmaci assunti, se applicabile. \u00c8 inoltre importante informare il medico di eventuali interventi chirurgici precedenti e non omettere alcun dettaglio relativo alle condizioni di salute della paziente. Inoltre, \u00e8 necessario seguire diverse istruzioni, tra cui:<br \/>\u2013 Discutere i risultati attesi della procedura con il team medico.<br \/>\u2013 Evitare di mangiare e bere per almeno sei ore prima dell&#8217;intervento.<br \/>\u2013 Informare il team medico di eventuali farmaci assunti.<br \/>\u2013 Astenersi dall&#8217;alcol e dal fumo per almeno una settimana prima della procedura.<br \/>\u2013 Interrompere l&#8217;assunzione di farmaci anticoagulanti, come l&#8217;aspirina, dopo aver consultato il medico.<br \/>\u2013 Indossare abiti comodi il giorno dell&#8217;intervento.<\/p>\n<\/div>\n<\/div>\n<div id=\"howto-step-1678632644605\" class=\"rank-math-step\">\n<h3 class=\"rank-math-step-title \"><strong>Durante il processo<\/strong><\/h3>\n<div class=\"rank-math-step-content \"><img loading=\"lazy\" decoding=\"async\" width=\"1024\" height=\"531\" src=\"https:\/\/www.turkaesthetic.com\/wp-content\/uploads\/2021\/12\/breast-reduction-Process.webp\" class=\"attachment-full size-full\" alt=\"Riduzione del seno in Turchia\" srcset=\"https:\/\/www.turkaesthetic.com\/wp-content\/uploads\/2021\/12\/breast-reduction-Process.webp 1024w, https:\/\/www.turkaesthetic.com\/wp-content\/uploads\/2021\/12\/breast-reduction-Process-300x156.webp 300w, https:\/\/www.turkaesthetic.com\/wp-content\/uploads\/2021\/12\/breast-reduction-Process-768x398.webp 768w\" sizes=\"auto, (max-width: 1024px) 100vw, 1024px\" \/><p>Il metodo dell&#8217;intervento viene determinato in base alle preferenze della paziente in merito alla forma del seno dopo la procedura. Una volta somministrata l&#8217;anestesia generale, il chirurgo crea delle incisioni attorno al capezzolo e all&#8217;areola circostante. Una seconda incisione viene fatta verticalmente dall&#8217;areola fino all&#8217;area cadente del seno. Il chirurgo rimuove quindi grasso, tessuto e pelle in eccesso mentre solleva il capezzolo e l&#8217;areola in una posizione pi\u00f9 alta. Inoltre, l&#8217;areola, che spesso si ingrandisce dopo la gravidanza, il parto e l&#8217;allattamento, pu\u00f2 essere ridotta di dimensioni. La procedura in genere dura circa 3 ore.<\/p>\n<\/div>\n<\/div>\n<div id=\"howto-step-1678632657794\" class=\"rank-math-step\">\n<h3 class=\"rank-math-step-title \"><strong>Dopo il processo<\/strong><\/h3>\n<div class=\"rank-math-step-content \"><p>Il medico fornisce una benda compressiva per i seni dopo l&#8217;intervento, che deve essere indossata per due o tre giorni. I lividi inizieranno gradualmente a sbiadire e potrebbero volerci circa una o tre settimane per scomparire completamente. Le suture mediche si dissolveranno gradualmente da sole. Si consiglia di evitare di indossare reggiseni con ferretti o imbottiti e di indossare invece un reggiseno sportivo per tutto il giorno. Si dovrebbero evitare attivit\u00e0 fisiche faticose e la guida per 30 giorni. Dopo un mese, i pazienti possono tornare alle loro normali attivit\u00e0 quotidiane, ma \u00e8 meglio evitare di sollevare oggetti pesanti o di impegnarsi in allenamenti intensi per almeno due mesi.<\/p>\n<\/div>\n<\/div>\n<\/div>\n<\/div>\n<p class=\"rank-math-howto-estimatedCost\"><strong>Costo stimato:<\/strong> <span>3450 e<\/span><\/p>\n\n\n\n\n\n<h3 class=\"wp-block-heading\">Prima e dopo l&#8217;intervento chirurgico di riduzione del seno<\/h3>\n\n\n\n<p>Di seguito sono riportate alcune immagini dell&#8217;intervento chirurgico di riduzione del seno <a href=\"https:\/\/www.turkaesthetic.com\/it\/before-after\/\" data-type=\"page\" data-id=\"46945\" target=\"_blank\" rel=\"noreferrer noopener\">prima e dopo<\/a> che \u00e8 stato eseguito presso il Turk Aesthetic.<\/p>\n\n\n\n<figure class=\"wp-block-gallery has-nested-images columns-default is-cropped wp-block-gallery-1 is-layout-flex wp-block-gallery-is-layout-flex\">\n<figure class=\"wp-block-image size-large\"><img loading=\"lazy\" decoding=\"async\" width=\"1200\" height=\"800\" data-id=\"45172\" src=\"https:\/\/www.turkaesthetic.com\/wp-content\/uploads\/2023\/11\/before-after-breast-reduction-3.jpg\" alt=\"Prima e dopo la riduzione del seno in Turchia\" class=\"wp-image-45172\"\/><figcaption class=\"wp-element-caption\">Prima e dopo la riduzione del seno<\/figcaption><\/figure>\n\n\n\n<figure class=\"wp-block-image size-large\"><img loading=\"lazy\" decoding=\"async\" width=\"1200\" height=\"800\" data-id=\"45163\" src=\"https:\/\/www.turkaesthetic.com\/wp-content\/uploads\/2023\/11\/before-after-breast-reduction-2.jpg\" alt=\"Prima e dopo la riduzione del seno in Turchia\" class=\"wp-image-45163\"\/><figcaption class=\"wp-element-caption\">Prima e dopo la riduzione del seno<\/figcaption><\/figure>\n\n\n\n<figure class=\"wp-block-image size-large\"><img loading=\"lazy\" decoding=\"async\" width=\"1200\" height=\"800\" data-id=\"45154\" src=\"https:\/\/www.turkaesthetic.com\/wp-content\/uploads\/2023\/11\/before-after-breast-reduction-1.jpg\" alt=\"Prima e dopo la riduzione del seno in Turchia\" class=\"wp-image-45154\"\/><figcaption class=\"wp-element-caption\">Prima e dopo la riduzione del seno<\/figcaption><\/figure>\n<\/figure>\n\n\n\n<h3 class=\"wp-block-heading\">Suggerimenti per la riduzione del seno post-operatoria<\/h3>\n\n\n\n<p>Dopo un intervento di riduzione del seno, \u00e8 essenziale attenersi alle istruzioni per la cura post-operatoria per garantire una guarigione e dei risultati ottimali:<\/p>\n\n\n\n<ul class=\"wp-block-list\">\n<li>Seguire rigorosamente le istruzioni fornite dal chirurgo.<\/li>\n\n\n\n<li>Assumere i farmaci prescritti nei tempi indicati.<\/li>\n\n\n\n<li>Evitare attivit\u00e0 faticose nel periodo di recupero iniziale.<\/li>\n\n\n\n<li>Indossare un indumento compressivo medico come consigliato.<\/li>\n<\/ul>\n\n\n\n<h4 class=\"wp-block-heading\">Pro e contro<\/h4>\n\n\n\n<p><strong>Svantaggi<\/strong><\/p>\n\n\n\n<p>Non esistono svantaggi significativi per l&#8217;intervento di riduzione del seno, tranne quando eseguito da un chirurgo inesperto. In tali casi, potrebbero verificarsi asimmetrie o scarsi risultati estetici.<\/p>\n\n\n\n<p><strong>Vantaggi<\/strong><\/p>\n\n\n\n<p>Aumenta l&#8217;autostima, la femminilit\u00e0 e l&#8217;attrattiva migliorando le proporzioni del seno.<br>Elimina il dolore alla schiena, al collo e alle spalle causato da dimensioni eccessive del seno.<br>Riduce l&#8217;irritazione cutanea e le eruzioni cutanee sotto il seno causate da sudorazione eccessiva e cedimento.<\/p>\n\n\n\n<p><strong>Possibili effetti collaterali<\/strong><\/p>\n\n\n\n<p>Dopo l&#8217;intervento, potrebbe verificarsi un po&#8217; di intorpidimento o formicolio ai capezzoli. Una leggera differenza nelle dimensioni del seno pu\u00f2 verificarsi se il chirurgo non \u00e8 esperto.<br>Durante il processo di guarigione della ferita si pu\u00f2 avvertire un leggero prurito.<\/p>\n\n\n\n<h3 class=\"wp-block-heading\">Chirurgia di riduzione del seno in Turchia Istanbul<\/h3>\n\n\n\n<p>La Turchia, in particolare Istanbul, \u00e8 una delle principali destinazioni per il turismo medico, che attrae molti pazienti internazionali che combinano trattamento e turismo. Ci\u00f2 \u00e8 dovuto a diversi vantaggi, come:<\/p>\n\n\n\n<ul class=\"wp-block-list\">\n<li>Ampia gamma di opzioni per le procedure.<\/li>\n\n\n\n<li>Chirurghi plastici altamente qualificati.<\/li>\n\n\n\n<li>Servizi di alta qualit\u00e0 a prezzi accessibili.<\/li>\n\n\n\n<li>La riduzione del seno \u00e8 una delle procedure di body contouring pi\u00f9 popolari in Turchia. Il costo della riduzione del seno varia a seconda della clinica, in genere tra \u20ac 3.500 e \u20ac 4.500.<\/li>\n<\/ul>\n\n\n\n<h5 class=\"wp-block-heading\">Costo della chirurgia di riduzione del seno<\/h5>\n\n\n\n<p>Il prezzo della chirurgia di riduzione del seno varia in base a:<\/p>\n\n\n\n<ul class=\"wp-block-list\">\n<li>Reputazione della clinica o dell&#8217;ospedale.<\/li>\n\n\n\n<li>Esperienza e competenza del chirurgo.<\/li>\n\n\n\n<li>Servizi aggiuntivi inclusi nel pacchetto, come alloggio e trasporto. Presso Turk Aesthetic Istanbul, il costo stimato dell&#8217;intervento di riduzione del seno varia tra \u20ac 3450 e \u20ac 4500.<\/li>\n\n\n\n<li>Contatta Turk Aesthetic tramite la pagina dei contatti per pacchetti, inclusi alloggio e trasporto.omprensivo di alloggio e trasporto, \u00e8 possibile contattare il team di Turk Aesthetic tramite la pagina dei contatti.<\/li>\n<\/ul>\n\n\n\n<h2 class=\"wp-block-heading\">FAQ<\/h2>\n\n\n<div id=\"rank-math-faq\" class=\"rank-math-block\">\n<div class=\"rank-math-list \">\n<div id=\"faq-question-1678632756139\" class=\"rank-math-list-item\">\n<h3 class=\"rank-math-question \"><strong><strong>Quanto dura un intervento di riduzione del seno?<\/strong><\/strong><\/h3>\n<div class=\"rank-math-answer \">\n\n<p>La procedura dura in genere 3-4 ore.<\/p>\n\n<\/div>\n<\/div>\n<div id=\"faq-question-1742029998413\" class=\"rank-math-list-item\">\n<h3 class=\"rank-math-question \">Quando vedr\u00f2 i risultati?<\/h3>\n<div class=\"rank-math-answer \">\n\n<p>I risultati sono immediati e possono essere notati quando il gonfiore post-operatorio si attenua.<\/p>\n\n<\/div>\n<\/div>\n<div id=\"faq-question-1742030005590\" class=\"rank-math-list-item\">\n<h3 class=\"rank-math-question \">Qual \u00e8 il tasso di successo di un intervento di riduzione del seno?<\/h3>\n<div class=\"rank-math-answer \">\n\n<p>Il tasso di successo \u00e8 direttamente proporzionale all&#8217;esperienza e all&#8217;abilit\u00e0 del chirurgo che esegue la procedura.<\/p>\n\n<\/div>\n<\/div>\n<div id=\"faq-question-1742030012344\" class=\"rank-math-list-item\">\n<h3 class=\"rank-math-question \">\u00c8 possibile eseguire una riduzione del seno in anestesia locale?<\/h3>\n<div class=\"rank-math-answer \">\n\n<p>No, l&#8217;intervento di riduzione del seno richiede l&#8217;anestesia generale.<\/p>\n\n<\/div>\n<\/div>\n<div id=\"faq-question-1742030027691\" class=\"rank-math-list-item\">\n<h3 class=\"rank-math-question \">Qual \u00e8 il costo di un intervento di riduzione del seno?<\/h3>\n<div class=\"rank-math-answer \">\n\n<p>Presso Turk Aesthetic Istanbul, il costo varia tra \u20ac 3.450 e \u20ac 4.500, il prezzo generalmente rientra nello stesso intervallo.<\/p>\n\n<\/div>\n<\/div>\n<div id=\"faq-question-1742030034685\" class=\"rank-math-list-item\">\n<h3 class=\"rank-math-question \">Qual \u00e8 il periodo di recupero dopo un intervento di riduzione del seno?<\/h3>\n<div class=\"rank-math-answer \">\n\n<p>Il recupero dura circa 10-15 giorni.<\/p>\n\n<\/div>\n<\/div>\n<div id=\"faq-question-1742030041742\" class=\"rank-math-list-item\">\n<h3 class=\"rank-math-question \">Il seno pu\u00f2 aumentare di volume e cedere dopo un intervento di riduzione del seno?<\/h3>\n<div class=\"rank-math-answer \">\n\n<p>I risultati di un intervento di riduzione del seno sono permanenti.<\/p>\n\n<\/div>\n<\/div>\n<div id=\"faq-question-1742030048850\" class=\"rank-math-list-item\">\n<h3 class=\"rank-math-question \">Per quanto tempo dovrei indossare un indumento compressivo dopo l&#8217;intervento?<\/h3>\n<div class=\"rank-math-answer \">\n\n<p>Si consiglia di indossare la guaina compressiva per 30 \u2013 45 giorni.<\/p>\n\n<\/div>\n<\/div>\n<\/div>\n<\/div>\n\n\n<p>E infine, puoi <a href=\"http:\/\/turkaesthetic.com\/it\/contact-us\/\" data-type=\"page\" data-id=\"21028\" target=\"_blank\" rel=\"noreferrer noopener\"><strong>contattare<\/strong><\/a> direttamente il team di per richiedere informazioni e prezzi presso il <a href=\"https:\/\/www.youtube.com\/channel\/UC0zggzdm5CFwpRMmn_CPpFQ\" data-type=\"URL\" data-id=\"https:\/\/www.youtube.com\/channel\/UC0zggzdm5CFwpRMmn_CPpFQ\" target=\"_blank\" rel=\"noreferrer noopener\"><strong>Turk Aesthetic<\/strong><\/a>.<\/p>\n","protected":false},"excerpt":{"rendered":"<p>La chirurgia di riduzione del seno \u00e8 una procedura estetica eseguita da un chirurgo plastico per rimodellare il seno delle donne che hanno dimensioni eccessive del seno dovute a fattori genetici o aumento di peso. I risultati della procedura possono essere osservati immediatamente dopo il completamento, con l&#8217;operazione che dura in genere circa 3 ore [&hellip;]<\/p>\n","protected":false},"author":1,"featured_media":32401,"parent":0,"menu_order":0,"comment_status":"closed","ping_status":"closed","template":"","meta":{"footnotes":""},"dep":[],"class_list":["post-22063","page","type-page","status-publish","has-post-thumbnail","hentry"],"_links":{"self":[{"href":"https:\/\/www.turkaesthetic.com\/it\/wp-json\/wp\/v2\/pages\/22063","targetHints":{"allow":["GET"]}}],"collection":[{"href":"https:\/\/www.turkaesthetic.com\/it\/wp-json\/wp\/v2\/pages"}],"about":[{"href":"https:\/\/www.turkaesthetic.com\/it\/wp-json\/wp\/v2\/types\/page"}],"author":[{"embeddable":true,"href":"https:\/\/www.turkaesthetic.com\/it\/wp-json\/wp\/v2\/users\/1"}],"replies":[{"embeddable":true,"href":"https:\/\/www.turkaesthetic.com\/it\/wp-json\/wp\/v2\/comments?post=22063"}],"version-history":[{"count":0,"href":"https:\/\/www.turkaesthetic.com\/it\/wp-json\/wp\/v2\/pages\/22063\/revisions"}],"wp:featuredmedia":[{"embeddable":true,"href":"https:\/\/www.turkaesthetic.com\/it\/wp-json\/wp\/v2\/media\/32401"}],"wp:attachment":[{"href":"https:\/\/www.turkaesthetic.com\/it\/wp-json\/wp\/v2\/media?parent=22063"}],"wp:term":[{"taxonomy":"dep","embeddable":true,"href":"https:\/\/www.turkaesthetic.com\/it\/wp-json\/wp\/v2\/dep?post=22063"}],"curies":[{"name":"wp","href":"https:\/\/api.w.org\/{rel}","templated":true}]}}