{"id":22043,"date":"2021-12-27T08:48:55","date_gmt":"2021-12-27T05:48:55","guid":{"rendered":"http:\/\/turkaesthetic.com\/?page_id=22043"},"modified":"2025-04-07T17:28:48","modified_gmt":"2025-04-07T14:28:48","slug":"breast-lift","status":"publish","type":"page","link":"https:\/\/www.turkaesthetic.com\/it\/breast-lift\/","title":{"rendered":"Lifting del Seno"},"content":{"rendered":"\n<p>La chirurgia di <strong>lifting del seno <\/strong>\u00e8 una procedura estetica eseguita da un chirurgo plastico per rimodellare il seno delle donne che soffrono di cedimento dovuto a vari motivi, come genetica, aumento di peso o gravit\u00e0. I \u200b\u200brisultati della procedura possono essere notati subito dopo il completamento, con l&#8217;operazione che dura in genere circa 3 ore in anestesia generale.<\/p>\n\n\n\n<p>I risultati di una chirurgia di lifting del seno diventano visibili subito dopo la procedura, che in genere dura circa 3 ore in anestesia generale. Di seguito, delineeremo i dettagli essenziali che ogni donna che sta considerando questa procedura dovrebbe conoscere.<\/p>\n\n\n\n<figure class=\"wp-block-table\"><table><tbody><tr><td>Anestesia&nbsp;<\/td><td>Generale&nbsp;<\/td><\/tr><tr><td>Durata del processo<\/td><td>3 ore<\/td><\/tr><tr><td>Degenza ospedaliera<\/td><td>1 notte \u00e8 necessaria dopo il processo<\/td><\/tr><tr><td>Risultati<\/td><td>Immediato \/ Durata della vita<\/td><\/tr><tr><td>Convalescenza<\/td><td>10 &#8211; 15 giorni<\/td><\/tr><\/tbody><\/table><figcaption class=\"wp-element-caption\">Lifting del Seno in Turchia<\/figcaption><\/figure>\n\n\n\n<h2 class=\"wp-block-heading\">Come viene eseguita la chirurgia di lifting del seno?<\/h2>\n\n\n\n<p>Un&#8217;operazione di lifting del seno riduce il cedimento del <a href=\"https:\/\/www.turkaesthetic.com\/it\/breast\/\" target=\"_blank\" data-type=\"page\" data-id=\"21404\" rel=\"noreferrer noopener\">seno<\/a> e ripristina un aspetto pi\u00f9 sodo e giovanile. La procedura prevede la rimozione del tessuto ghiandolare in eccesso, del grasso e della pelle flaccida per ottenere una forma del seno pi\u00f9 tesa ed esteticamente pi\u00f9 gradevole, proporzionata al corpo.<\/p>\n\n\n\n<p>I benefici di questa procedura vanno oltre i miglioramenti estetici, poich\u00e9 la procedura pu\u00f2 anche contribuire a una migliore postura e al comfort fisico generale.<\/p>\n\n\n\n<h3 class=\"wp-block-heading\">Video sul lifting del seno<\/h3>\n\n\n\n<p>Di seguito \u00e8 riportata una dimostrazione video di come viene eseguita la procedura di lifting del seno.<\/p>\n\n\n\n<figure class=\"wp-block-embed is-type-video is-provider-youtube wp-block-embed-youtube wp-embed-aspect-16-9 wp-has-aspect-ratio\"><div class=\"wp-block-embed__wrapper\">\n<iframe loading=\"lazy\" title=\"Breast Lift - Turk Aesthetic\" width=\"800\" height=\"450\" src=\"https:\/\/www.youtube.com\/embed\/6tfVtjfXu6E?feature=oembed\" frameborder=\"0\" allow=\"accelerometer; autoplay; clipboard-write; encrypted-media; gyroscope; picture-in-picture; web-share\" referrerpolicy=\"strict-origin-when-cross-origin\" allowfullscreen><\/iframe>\n<\/div><\/figure>\n\n\n\n<h3 class=\"wp-block-heading\">Candidati idonei per la procedura<\/h3>\n\n\n\n<p>L&#8217;intervento di lifting del seno \u00e8 adatto alle donne che presentano cedimento o asimmetria del seno che non si allinea con la forma del corpo. \u00c8 ideale anche per le donne di et\u00e0 superiore ai 18 anni in buona salute e per coloro che desiderano un seno pi\u00f9 sodo e proporzionato per aumentare la propria sicurezza.<\/p>\n\n\n\n<h4 class=\"wp-block-heading\">Candidati non idonei per la procedura<\/h4>\n\n\n\n<p>Alcune donne possono presentare cedimento del seno ma non sono idonee all&#8217;intervento a causa di malattie croniche come malattie cardiache o diabete incontrollato. Inoltre, i casi di tumore avanzato richiedono una consulenza medica preventiva. Anche le donne con una scarsa guarigione delle ferite dovrebbero evitare la procedura. Infine, le ragazze di et\u00e0 inferiore ai 18 anni non sono idonee all&#8217;intervento.<\/p>\n\n\n\n<h3 class=\"wp-block-heading\">Quale medico esegue la procedura?<\/h3>\n\n\n\n<p>L&#8217;intervento di lifting del seno \u00e8 una procedura estetica che deve essere eseguita da un chirurgo plastico certificato con una vasta esperienza nel settore. I medici di altre specialit\u00e0 non possono eseguire questo tipo di intervento.<\/p>\n\n\n\n<h4 class=\"wp-block-heading\">Tipo di anestesia utilizzata nell&#8217;intervento di lifting del seno<\/h4>\n\n\n\n<p>L&#8217;intervento non pu\u00f2 essere eseguito solo in anestesia locale; deve essere eseguito in anestesia generale. Il paziente deve digiunare per almeno sei ore prima della procedura e continuare a digiunare per circa quattro ore dopo l&#8217;intervento. In seguito, il paziente pu\u00f2 iniziare con pasti leggeri e tornare gradualmente alla sua dieta regolare.<\/p>\n\n\n\n<h3 class=\"wp-block-heading\">Fasi della chirurgia di lifting del seno<\/h3>\n\n\n<div id=\"rank-math-howto\" class=\"rank-math-block\" >\n<div class=\"rank-math-howto-description\">\n\n<p>La chirurgia di lifting del seno passa attraverso tre fasi, come altre operazioni:<\/p>\n\n<\/div>\n<p class=\"rank-math-howto-duration\"><strong>Tempo totale:<\/strong> <span>3 ore<\/span><\/p>\n<div class=\"rank-math-steps \">\n<div id=\"howto-step-1678702121716\" class=\"rank-math-step\">\n<h3 class=\"rank-math-step-title \"><strong>Prima del processo<\/strong><\/h3>\n<div class=\"rank-math-step-content \"><img loading=\"lazy\" decoding=\"async\" width=\"1024\" height=\"576\" src=\"https:\/\/www.turkaesthetic.com\/wp-content\/uploads\/2021\/12\/before-breast-lift.webp\" class=\"attachment-full size-full\" alt=\"Lifting del seno in Turchia\" srcset=\"https:\/\/www.turkaesthetic.com\/wp-content\/uploads\/2021\/12\/before-breast-lift.webp 1024w, https:\/\/www.turkaesthetic.com\/wp-content\/uploads\/2021\/12\/before-breast-lift-300x169.webp 300w, https:\/\/www.turkaesthetic.com\/wp-content\/uploads\/2021\/12\/before-breast-lift-768x432.webp 768w\" sizes=\"auto, (max-width: 1024px) 100vw, 1024px\" \/><p>Prima di sottoporsi alla procedura, il team medico e il chirurgo devono essere informati di eventuali malattie croniche, farmaci in uso (se presenti) e interventi chirurgici precedenti a cui il paziente \u00e8 stato sottoposto. \u00c8 fondamentale non omettere alcuna informazione relativa alla salute. Inoltre, \u00e8 necessario seguire le seguenti istruzioni:<br \/>\u2013 Discutere i risultati attesi con il team medico.<br \/>\u2013 Astenersi dal mangiare e dal bere per almeno sei ore prima dell&#8217;intervento.<br \/>\u2013 Informare il team medico di eventuali farmaci assunti.<br \/>\u2013 Evitare alcol e fumo per almeno una settimana prima della procedura.<br \/>\u2013 Dopo aver consultato il medico, interrompere l&#8217;assunzione di anticoagulanti (come l&#8217;aspirina).<br \/>\u2013 Indossare abiti comodi il giorno dell&#8217;intervento.<\/p>\n<\/div>\n<\/div>\n<div id=\"howto-step-1678702184123\" class=\"rank-math-step\">\n<h3 class=\"rank-math-step-title \"><strong>Durante il processo\u00a0<\/strong><\/h3>\n<div class=\"rank-math-step-content \"><img loading=\"lazy\" decoding=\"async\" width=\"1024\" height=\"575\" src=\"https:\/\/www.turkaesthetic.com\/wp-content\/uploads\/2021\/12\/during-breast-lift.webp\" class=\"attachment-full size-full\" alt=\"Lifting del seno in Turchia\" srcset=\"https:\/\/www.turkaesthetic.com\/wp-content\/uploads\/2021\/12\/during-breast-lift.webp 1024w, https:\/\/www.turkaesthetic.com\/wp-content\/uploads\/2021\/12\/during-breast-lift-300x168.webp 300w, https:\/\/www.turkaesthetic.com\/wp-content\/uploads\/2021\/12\/during-breast-lift-768x431.webp 768w\" sizes=\"auto, (max-width: 1024px) 100vw, 1024px\" \/><p>La tecnica utilizzata per la procedura e la forma del seno desiderata vengono determinate in base alle preferenze del paziente. Una volta somministrata l&#8217;anestesia generale, il chirurgo esegue delle incisioni attorno al capezzolo e all&#8217;areola (la pelle pi\u00f9 scura che circonda il capezzolo). Un&#8217;altra incisione verticale si estende dall&#8217;areola fino all&#8217;area cadente del seno. Successivamente, il chirurgo rimuove grasso, tessuto e pelle in eccesso dal seno. In alcuni casi, durante la procedura possono essere utilizzati dispositivi laser assistiti. In seguito, il capezzolo e l&#8217;areola vengono riposizionati a un livello pi\u00f9 alto e le parti interne ed esterne del seno vengono fissate utilizzando suture cosmetiche (una tecnica nota come lifting del seno con fili). Inoltre, le dimensioni dell&#8217;areola possono essere ridotte, poich\u00e9 spesso si ingrandisce dopo la gravidanza, il parto e l&#8217;allattamento. L&#8217;intervento dura in genere circa tre ore.<\/p>\n<\/div>\n<\/div>\n<div id=\"howto-step-1678702220396\" class=\"rank-math-step\">\n<h3 class=\"rank-math-step-title \"><strong>Dopo il processo<\/strong><\/h3>\n<div class=\"rank-math-step-content \"><img loading=\"lazy\" decoding=\"async\" width=\"1024\" height=\"575\" src=\"https:\/\/www.turkaesthetic.com\/wp-content\/uploads\/2021\/12\/after-breast-lift.webp\" class=\"attachment-full size-full\" alt=\"Lifting del seno in Turchia\" srcset=\"https:\/\/www.turkaesthetic.com\/wp-content\/uploads\/2021\/12\/after-breast-lift.webp 1024w, https:\/\/www.turkaesthetic.com\/wp-content\/uploads\/2021\/12\/after-breast-lift-300x168.webp 300w, https:\/\/www.turkaesthetic.com\/wp-content\/uploads\/2021\/12\/after-breast-lift-768x431.webp 768w\" sizes=\"auto, (max-width: 1024px) 100vw, 1024px\" \/><p>Dopo la procedura, il chirurgo applica una benda compressiva, che deve essere indossata per due o tre giorni. Nel corso delle successive una o tre settimane, i lividi svaniscono gradualmente. Le suture chirurgiche si dissolvono da sole nel tempo.<br \/>Le cure postoperatorie includono:<br \/>\u2013 Evitare reggiseni con ferretto o imbottitura.<br \/>\u2013 Indossare un reggiseno sportivo durante tutto il giorno per un supporto adeguato.<br \/>\u2013 Evitare attivit\u00e0 fisiche, sport o guida per almeno 30 giorni. \u2013 Ritornare alle normali attivit\u00e0 quotidiane dopo un mese, evitando per\u00f2 di sollevare pesi o di fare allenamenti intensi per due mesi.<\/p>\n<\/div>\n<\/div>\n<\/div>\n<\/div>\n<p class=\"rank-math-howto-estimatedCost\"><strong>Costo stimato:<\/strong> <span>3450 Euro<\/span><\/p>\n\n\n\n\n\n<h3 class=\"wp-block-heading\">Prima e dopo il lifting del seno<\/h3>\n\n\n\n<p>Di seguito sono riportate alcune immagini dell&#8217;intervento chirurgico di aumento del seno <a href=\"https:\/\/www.turkaesthetic.com\/it\/before-after\/\" target=\"_blank\" data-type=\"page\" data-id=\"46945\" rel=\"noreferrer noopener\">prima e dopo<\/a> che \u00e8 stato eseguito presso il Turk Aesthetic di Istanbul, in Turchia.<\/p>\n\n\n\n<figure class=\"wp-block-gallery has-nested-images columns-default is-cropped wp-block-gallery-1 is-layout-flex wp-block-gallery-is-layout-flex\">\n<figure class=\"wp-block-image size-large\"><img loading=\"lazy\" decoding=\"async\" width=\"1200\" height=\"800\" data-id=\"45136\" src=\"https:\/\/www.turkaesthetic.com\/wp-content\/uploads\/2023\/11\/before-after-breast-lift-3.jpg\" alt=\"prima dopo il sollevamento del seno in Turchia\" class=\"wp-image-45136\"\/><figcaption class=\"wp-element-caption\">prima dopo il sollevamento del seno in Turchia<\/figcaption><\/figure>\n\n\n\n<figure class=\"wp-block-image size-large\"><img loading=\"lazy\" decoding=\"async\" width=\"1200\" height=\"800\" data-id=\"45127\" src=\"https:\/\/www.turkaesthetic.com\/wp-content\/uploads\/2023\/11\/before-after-breast-lift-2.jpg\" alt=\"prima dopo il sollevamento del seno in Turchia\" class=\"wp-image-45127\"\/><figcaption class=\"wp-element-caption\">prima dopo il sollevamento del seno in Turchia<\/figcaption><\/figure>\n\n\n\n<figure class=\"wp-block-image size-large\"><img loading=\"lazy\" decoding=\"async\" width=\"1200\" height=\"800\" data-id=\"45118\" src=\"https:\/\/www.turkaesthetic.com\/wp-content\/uploads\/2023\/11\/before-after-breast-lift-1.jpg\" alt=\"prima dopo il sollevamento del seno in Turchia\" class=\"wp-image-45118\"\/><figcaption class=\"wp-element-caption\">prima dopo il sollevamento del seno in Turchia<\/figcaption><\/figure>\n<\/figure>\n\n\n\n<h3 class=\"wp-block-heading\">Istruzioni post-operatorie per la chirurgia di lifting del seno<\/h3>\n\n\n\n<p>Dopo essersi sottoposti a un intervento di lifting del seno, i pazienti devono seguire diverse istruzioni essenziali:<\/p>\n\n\n\n<ul class=\"wp-block-list\">\n<li>Seguire rigorosamente le linee guida post-operatorie del medico.<\/li>\n\n\n\n<li>Assumere puntualmente i farmaci prescritti.<\/li>\n\n\n\n<li>Evitare attivit\u00e0 faticose per due mesi dopo l&#8217;intervento.<\/li>\n\n\n\n<li>Indossare la guaina compressiva medica per due mesi per risultati ottimali.<\/li>\n<\/ul>\n\n\n\n<h4 class=\"wp-block-heading\">Pro e contro<\/h4>\n\n\n\n<p><strong>Svantaggi<\/strong><\/p>\n\n\n\n<p>Non sono stati segnalati inconvenienti importanti, tranne quando la procedura viene eseguita da un chirurgo inesperto, il che pu\u00f2 portare ad asimmetria nelle dimensioni del seno.<\/p>\n\n\n\n<p><strong>Vantaggi<\/strong><\/p>\n\n\n\n<p>Un intervento di lifting del seno riuscito aumenta l&#8217;autostima, l&#8217;attrattiva e la femminilit\u00e0 delle donne migliorando simmetria e proporzione.<br>Elimina il dolore alla schiena e alle spalle causato da seni pesanti o cadenti.<br>Riduce l&#8217;irritazione e le eruzioni cutanee che si verificano sotto i seni cadenti a causa della sudorazione.<\/p>\n\n\n\n<h3 class=\"wp-block-heading\">Effetti collaterali<\/h3>\n\n\n\n<p>Un leggero disagio durante i primi giorni pu\u00f2 essere gestito con farmaci antinfiammatori prescritti dal medico. Intorpidimento o formicolio temporanei nella zona del capezzolo.<br>Piccole differenze nelle dimensioni del seno dovute all&#8217;inesperienza del chirurgo.<br>Lieve prurito durante la guarigione delle incisioni.<\/p>\n\n\n\n<h4 class=\"wp-block-heading\">Intervento di lifting del seno in Turchia Istanbul<\/h4>\n\n\n\n<p>La Turchia, in particolare Istanbul, \u00e8 una destinazione popolare per il turismo medico, in quanto offre cure mediche di alta qualit\u00e0, dottori esperti e prezzi accessibili. L&#8217;intervento di lifting del seno \u00e8 una delle procedure di body contouring pi\u00f9 ricercate in Turchia, con costi che vanno da \u20ac 3.450 a \u20ac 4.500, a seconda della clinica.<\/p>\n\n\n\n<h3 class=\"wp-block-heading\">Costo dell&#8217;intervento di lifting del seno in Turchia<\/h3>\n\n\n\n<p>Il costo dell&#8217;intervento di lifting del seno in Turchia varia in base a diversi fattori:<\/p>\n\n\n\n<p>Reputazione della clinica medica o dell&#8217;ospedale.<br>Esperienza e competenza del chirurgo.<br>La clinica offre servizi aggiuntivi, come pacchetti di trattamento, alloggio e trasporto.<br>Presso Turk Aesthetic Istanbul &#8211; Turchia, il costo dell&#8217;intervento di lifting del seno varia da \u20ac 3.450 a \u20ac 4.500. Puoi contattare il team di Turk Aesthetic per un preventivo personalizzato che includa servizi di alloggio e trasporto.<\/p>\n\n\n\n<h2 class=\"wp-block-heading\">FAQ &#8211; Chirurgia Di Lifting del seno<\/h2>\n\n\n<div id=\"rank-math-faq\" class=\"rank-math-block\">\n<div class=\"rank-math-list \">\n<div id=\"faq-question-1678702486790\" class=\"rank-math-list-item\">\n<h3 class=\"rank-math-question \"><strong>Quanto dura un intervento di lifting del seno?<\/strong><\/h3>\n<div class=\"rank-math-answer \">\n\n<p>Circa 3-4 ore.<\/p>\n\n<\/div>\n<\/div>\n<div id=\"faq-question-1742034202995\" class=\"rank-math-list-item\">\n<h3 class=\"rank-math-question \">Quando saranno visibili i risultati dell&#8217;intervento?<\/h3>\n<div class=\"rank-math-answer \">\n\n<p>I risultati sono immediati e diventano pi\u00f9 evidenti una volta che il gonfiore post-operatorio si \u00e8 attenuato.<\/p>\n\n<\/div>\n<\/div>\n<div id=\"faq-question-1742034223105\" class=\"rank-math-list-item\">\n<h3 class=\"rank-math-question \">Qual \u00e8 il tasso di successo dell&#8217;intervento di lifting del seno?<\/h3>\n<div class=\"rank-math-answer \">\n\n<p>Il tasso di successo dipende dall&#8217;abilit\u00e0 e dall&#8217;esperienza del chirurgo.<\/p>\n\n<\/div>\n<\/div>\n<div id=\"faq-question-1742034229707\" class=\"rank-math-list-item\">\n<h3 class=\"rank-math-question \">Un lifting del seno pu\u00f2 essere eseguito in anestesia locale?<\/h3>\n<div class=\"rank-math-answer \">\n\n<p>No, l&#8217;intervento richiede l&#8217;anestesia generale.<\/p>\n\n<\/div>\n<\/div>\n<div id=\"faq-question-1742034235531\" class=\"rank-math-list-item\">\n<h3 class=\"rank-math-question \">Qual \u00e8 il costo dell&#8217;intervento di lifting del seno in Turchia?<\/h3>\n<div class=\"rank-math-answer \">\n\n<p>Presso Turk Aesthetic Istanbul, il costo varia da \u20ac 3.500 a \u20ac 4.500 e in Turchia, in generale, varia da \u20ac 3.450 a \u20ac 4.500.<\/p>\n\n<\/div>\n<\/div>\n<div id=\"faq-question-1742034250767\" class=\"rank-math-list-item\">\n<h3 class=\"rank-math-question \">Quanto dura il periodo di recupero dopo l&#8217;intervento?<\/h3>\n<div class=\"rank-math-answer \">\n\n<p>Il periodo di recupero \u00e8 di circa 10-15 giorni.<\/p>\n\n<\/div>\n<\/div>\n<div id=\"faq-question-1742034268978\" class=\"rank-math-list-item\">\n<h3 class=\"rank-math-question \">Il seno pu\u00f2 cedere di nuovo dopo un lifting del seno?<br><\/h3>\n<div class=\"rank-math-answer \">\n\n<p>I risultati della procedura non sono considerati permanenti per tutta la vita, poich\u00e9 l&#8217;invecchiamento e le fluttuazioni di peso possono influire sulla tonicit\u00e0 del seno.<\/p>\n\n<\/div>\n<\/div>\n<div id=\"faq-question-1742034271706\" class=\"rank-math-list-item\">\n<h3 class=\"rank-math-question \">Per quanto tempo dovrei indossare un indumento compressivo dopo l&#8217;intervento?<br><\/h3>\n<div class=\"rank-math-answer \">\n\n<p>Dovresti indossare il reggiseno compressivo per 45-60 giorni.<\/p>\n\n<\/div>\n<\/div>\n<div id=\"faq-question-1742034277581\" class=\"rank-math-list-item\">\n<h3 class=\"rank-math-question \">\u00c8 possibile eseguire un lifting del seno con laser o fili?<\/h3>\n<div class=\"rank-math-answer \">\n\n<p>S\u00ec, le tecniche laser o fili possono essere incorporate come parte della procedura.<\/p>\n\n<\/div>\n<\/div>\n<\/div>\n<\/div>\n\n\n<p>Infine, \u00e8 possibile <a href=\"http:\/\/turkaesthetic.com\/it\/contact-us\/\" data-type=\"page\" data-id=\"21028\" target=\"_blank\" rel=\"noreferrer noopener\"><strong>contattare<\/strong><\/a> direttamente il team per richiedere informazioni e prezzi al<a href=\"https:\/\/www.youtube.com\/channel\/UC0zggzdm5CFwpRMmn_CPpFQ\" data-type=\"URL\" data-id=\"https:\/\/www.youtube.com\/channel\/UC0zggzdm5CFwpRMmn_CPpFQ\" target=\"_blank\" rel=\"noreferrer noopener\"> <strong>Turk Aesthetic<\/strong><\/a> Istanbul.<\/p>\n\n\n\n<p><\/p>\n","protected":false},"excerpt":{"rendered":"<p>La chirurgia di lifting del seno \u00e8 una procedura estetica eseguita da un chirurgo plastico per rimodellare il seno delle donne che soffrono di cedimento dovuto a vari motivi, come genetica, aumento di peso o gravit\u00e0. I \u200b\u200brisultati della procedura possono essere notati subito dopo il completamento, con l&#8217;operazione che dura in genere circa 3 [&hellip;]<\/p>\n","protected":false},"author":1,"featured_media":21120,"parent":0,"menu_order":0,"comment_status":"closed","ping_status":"closed","template":"","meta":{"footnotes":""},"dep":[],"class_list":["post-22043","page","type-page","status-publish","has-post-thumbnail","hentry"],"_links":{"self":[{"href":"https:\/\/www.turkaesthetic.com\/it\/wp-json\/wp\/v2\/pages\/22043","targetHints":{"allow":["GET"]}}],"collection":[{"href":"https:\/\/www.turkaesthetic.com\/it\/wp-json\/wp\/v2\/pages"}],"about":[{"href":"https:\/\/www.turkaesthetic.com\/it\/wp-json\/wp\/v2\/types\/page"}],"author":[{"embeddable":true,"href":"https:\/\/www.turkaesthetic.com\/it\/wp-json\/wp\/v2\/users\/1"}],"replies":[{"embeddable":true,"href":"https:\/\/www.turkaesthetic.com\/it\/wp-json\/wp\/v2\/comments?post=22043"}],"version-history":[{"count":0,"href":"https:\/\/www.turkaesthetic.com\/it\/wp-json\/wp\/v2\/pages\/22043\/revisions"}],"wp:featuredmedia":[{"embeddable":true,"href":"https:\/\/www.turkaesthetic.com\/it\/wp-json\/wp\/v2\/media\/21120"}],"wp:attachment":[{"href":"https:\/\/www.turkaesthetic.com\/it\/wp-json\/wp\/v2\/media?parent=22043"}],"wp:term":[{"taxonomy":"dep","embeddable":true,"href":"https:\/\/www.turkaesthetic.com\/it\/wp-json\/wp\/v2\/dep?post=22043"}],"curies":[{"name":"wp","href":"https:\/\/api.w.org\/{rel}","templated":true}]}}