{"id":21979,"date":"2022-01-07T11:46:28","date_gmt":"2022-01-07T08:46:28","guid":{"rendered":"http:\/\/turkaesthetic.com\/?page_id=21979"},"modified":"2025-03-08T12:05:33","modified_gmt":"2025-03-08T09:05:33","slug":"thigh-lift","status":"publish","type":"page","link":"https:\/\/www.turkaesthetic.com\/it\/thigh-lift\/","title":{"rendered":"Lifting Delle Cosce"},"content":{"rendered":"\n<p><strong>Lifting delle cosce<\/strong> prevede la liposuzione e il rassodamento della pelle per rimuovere il grasso in eccesso e la pelle cadente. Questa condizione spesso deriva da fattori quali invecchiamento, obesit\u00e0, perdita di peso improvvisa, genetica, aumento della secrezione di estrogeni, dieta non sana, carenze di vitamine e minerali, mancanza di esercizio fisico e assunzione inadeguata di acqua.<\/p>\n\n\n\n<p>L&#8217;intervento di lifting delle cosce dura circa 3-4 ore e viene eseguito in anestesia generale. I pazienti devono rimanere in ospedale per una notte dopo l&#8217;intervento. I risultati immediati diventano pi\u00f9 visibili man mano che gli effetti chirurgici si attenuano, in genere durano 10-20 anni.<\/p>\n\n\n\n<p>Di seguito, puoi trovare alcune informazioni rapide sull&#8217;intervento di lifting delle cosce:<\/p>\n\n\n\n<figure class=\"wp-block-table\"><table><tbody><tr><td>Anestesia&nbsp;<\/td><td>Generale&nbsp;<\/td><\/tr><tr><td>Durata della procedura<\/td><td>3 &#8211; 4 ore<\/td><\/tr><tr><td>Risultati<\/td><td>Immediato \/ 10 -20 anni circa&nbsp;<\/td><\/tr><tr><td>Convalescenza<\/td><td>7-10 giorni&nbsp;<\/td><\/tr><tr><td>Degenza ospedaliera<\/td><td>1 Notte<\/td><\/tr><\/tbody><\/table><figcaption class=\"wp-element-caption\">Lifting Coscia in Turchia<\/figcaption><\/figure>\n\n\n\n<h2 class=\"wp-block-heading\">Come viene eseguito il lifting delle cosce?<\/h2>\n\n\n\n<p>Prima dell&#8217;intervento, il medico esegue una valutazione medica, esaminando la storia clinica del paziente e gli eventuali farmaci che sta assumendo. Segue una consulenza, in cui il paziente discute con il medico la forma desiderata della coscia per ottenere un aspetto naturale e proporzionato.<\/p>\n\n\n\n<p>Il paziente viene quindi informato sul tipo di anestesia da utilizzare e sottoposto a visite mediche generali per confermare la sua idoneit\u00e0 alla procedura. Una volta approvata, il medico segna le aree target sulle cosce per il trattamento.<\/p>\n\n\n\n<p>Durante l&#8217;intervento, il medico esegue un&#8217;incisione chirurgica in un&#8217;area nascosta delle cosce. La pelle in eccesso viene rimossa e, se necessario, viene eseguita una liposuzione. I tessuti rimanenti vengono rassodati e le incisioni vengono suturate con punti estetici per promuovere un contorno liscio e raffinato.<\/p>\n\n\n\n<h3 class=\"wp-block-heading\">Video<\/h3>\n\n\n\n<p>Di seguito puoi vedere come viene eseguito l&#8217;intervento di lifting delle cosce a Istanbul, in Turchia.<\/p>\n\n\n\n<figure class=\"wp-block-embed is-type-video is-provider-youtube wp-block-embed-youtube wp-embed-aspect-16-9 wp-has-aspect-ratio\"><div class=\"wp-block-embed__wrapper\">\n<iframe loading=\"lazy\" title=\"Thigh Lift - Turk Aesthetic\" width=\"800\" height=\"450\" src=\"https:\/\/www.youtube.com\/embed\/BwPbH1FM6jQ?feature=oembed\" frameborder=\"0\" allow=\"accelerometer; autoplay; clipboard-write; encrypted-media; gyroscope; picture-in-picture; web-share\" referrerpolicy=\"strict-origin-when-cross-origin\" allowfullscreen><\/iframe>\n<\/div><figcaption class=\"wp-element-caption\">Lifting Delle Cosce<\/figcaption><\/figure>\n\n\n\n<h3 class=\"wp-block-heading\">Tipi di intervento di lifting delle cosce<\/h3>\n\n\n\n<p>Esistono tre tipi principali di procedure di lifting delle cosce, che variano a seconda del grado di cedimento e della quantit\u00e0 di grasso presente:<\/p>\n\n\n\n<h4 class=\"wp-block-heading\">Mini lifting delle cosce<\/h4>\n\n\n\n<p>Questa tecnica \u00e8 ideale per le persone con un cedimento cutaneo minimo. Comporta una piccola incisione chirurgica, garantendo cicatrici minime. Se \u00e8 presente grasso in eccesso, \u00e8 possibile eseguire contemporaneamente una liposuzione.<\/p>\n\n\n\n<h4 class=\"wp-block-heading\">Lifting delle cosce esteso<\/h4>\n\n\n\n<figure class=\"wp-block-image size-full\"><img loading=\"lazy\" decoding=\"async\" width=\"1024\" height=\"576\" src=\"http:\/\/turkaesthetic.com\/wp-content\/uploads\/2022\/01\/extensive-thigh-lift.webp\" alt=\"Lifting cosce in Turchia\" class=\"wp-image-21166\" srcset=\"https:\/\/www.turkaesthetic.com\/wp-content\/uploads\/2022\/01\/extensive-thigh-lift.webp 1024w, https:\/\/www.turkaesthetic.com\/wp-content\/uploads\/2022\/01\/extensive-thigh-lift-300x169.webp 300w, https:\/\/www.turkaesthetic.com\/wp-content\/uploads\/2022\/01\/extensive-thigh-lift-768x432.webp 768w\" sizes=\"auto, (max-width: 1024px) 100vw, 1024px\" \/><figcaption class=\"wp-element-caption\">Lifting cosce in Turchia<\/figcaption><\/figure>\n\n\n\n<p>Questo metodo viene utilizzato quando il cedimento cutaneo \u00e8 moderato. L&#8217;incisione \u00e8 leggermente pi\u00f9 lunga rispetto al mini lifting delle cosce. Se necessario, \u00e8 possibile eseguire una liposuzione durante la procedura per migliorare i risultati.<\/p>\n\n\n\n<h3 class=\"wp-block-heading\">Lifting delle cosce standard<\/h3>\n\n\n\n<p>Per le persone con un cedimento cutaneo grave, \u00e8 consigliato un lifting completo delle cosce. Questa tecnica richiede un&#8217;incisione a forma di T, che consente la massima rimozione e rassodamento della pelle. Se necessario, viene eseguita anche una liposuzione.<\/p>\n\n\n\n<h4 class=\"wp-block-heading\">\u00a0Opzioni di lifting delle cosce non chirurgiche<\/h4>\n\n\n\n<p>Il rassodamento delle cosce pu\u00f2 essere ottenuto senza intervento chirurgico, offrendo un&#8217;alternativa rapida e semplice. Tuttavia, i risultati sono temporanei e meno efficaci per i casi avanzati di cedimento. Le tecniche non chirurgiche pi\u00f9 comuni includono:<\/p>\n\n\n\n<p>Lifting delle cosce laser: l&#8217;energia laser stimola la produzione di collagene e rassoda la pelle.<br>Lifting delle cosce con <a href=\"https:\/\/www.turkaesthetic.com\/it\/non-surgical-it\/hifu-in-turkey\/\" target=\"_blank\" data-type=\"post\" data-id=\"28493\" rel=\"noreferrer noopener\">HIFU<\/a>: gli ultrasuoni focalizzati ad alta intensit\u00e0 (HIFU) aiutano a rassodare la pelle prendendo di mira gli strati profondi dei tessuti.<\/p>\n\n\n\n<h3 class=\"wp-block-heading\">Chi pu\u00f2 sottoporsi a un intervento di lifting delle cosce?<\/h3>\n\n\n\n<p>I candidati ideali per la procedura sono i soggetti che soddisfano i seguenti criteri:<\/p>\n\n\n\n<ul class=\"wp-block-list\">\n<li>Oltre i 20 anni e in buona salute.<\/li>\n\n\n\n<li>Soffrono di cosce flaccide a causa della perdita di peso o di fattori genetici.<\/li>\n\n\n\n<li>Si sentono in imbarazzo per l&#8217;aspetto delle loro cosce e cercano un aspetto pi\u00f9 tonico e giovanile.<\/li>\n<\/ul>\n\n\n\n<h4 class=\"wp-block-heading\">Chi dovrebbe evitare un intervento di lifting delle cosce?<\/h4>\n\n\n\n<ul class=\"wp-block-list\">\n<li>Soggetti di et\u00e0 inferiore ai 20 anni.<\/li>\n\n\n\n<li>Soggetti con malattie croniche o contagiose.<\/li>\n\n\n\n<li>Soggetti con lievi cedimenti che possono essere migliorati utilizzando metodi non chirurgici (laser o HIFU) combinati con la cura personale e modifiche dello stile di vita.<\/li>\n<\/ul>\n\n\n\n<h3 class=\"wp-block-heading\">Il chirurgo che esegue l&#8217;intervento di lifting delle cosce<\/h3>\n\n\n\n<p>La cosceplastica \u00e8 una procedura estetica eseguita da un chirurgo plastico qualificato con una vasta esperienza in interventi di body contouring. Nessun medico di un&#8217;altra specialit\u00e0 \u00e8 qualificato per eseguire questa procedura.<br>Quando si seleziona un ospedale o una clinica medica, \u00e8 essenziale scegliere una struttura affidabile con un ambiente sterile e chirurghi altamente qualificati. In molti casi, un costo pi\u00f9 elevato riflette l&#8217;esperienza della clinica, la qualit\u00e0 delle cure e la credibilit\u00e0. Pertanto, \u00e8 consigliabile non negoziare il prezzo a scapito della sicurezza e dei risultati.<\/p>\n\n\n\n<h4 class=\"wp-block-heading\">Anestesia utilizzata nell&#8217;intervento di lifting delle cosce<\/h4>\n\n\n\n<p>La cosceplastica viene eseguita solo in anestesia generale. I pazienti devono smettere di mangiare e bere almeno 6 ore prima dell&#8217;intervento per evitare fastidi al risveglio. Il paziente rimarr\u00e0 in ospedale durante la notte per il monitoraggio e le cure post-operatorie.ore prima dell&#8217;operazione per evitare di sentirsi a disagio nello stomaco. Dopo essersi svegliato dall&#8217;operazione, il paziente rimane in ospedale per una notte in anestesia generale.<\/p>\n\n\n\n<h3 class=\"wp-block-heading\">Fasi della procedura di Lifting Delle Cosce<\/h3>\n\n\n<div id=\"rank-math-howto\" class=\"rank-math-block\" >\n<div class=\"rank-math-howto-description\">\n\n<p>La chirurgia di sollevamento della coscia passa attraversoi passaggi principali, come altre operazioni:<\/p>\n\n<\/div>\n<p class=\"rank-math-howto-duration\"><strong>Tempo totale:<\/strong> <span>3 ore<\/span><\/p>\n<div class=\"rank-math-steps \">\n<div id=\"howto-step-1678361959045\" class=\"rank-math-step\">\n<h3 class=\"rank-math-step-title \"><strong>Prima della procedura\u00a0<\/strong><\/h3>\n<div class=\"rank-math-step-content \"><p>Per garantire un intervento sicuro e di successo, i pazienti devono fornire una storia medica dettagliata, tra cui:<br \/>\u2013 Eventuali malattie croniche di cui soffrono.<br \/>\u2013 Un elenco dei farmaci che stanno assumendo.<br \/>\u2013 Informazioni su interventi chirurgici precedenti, se presenti.<br \/>Istruzioni pre-operatorie:<br \/>\u2013 Consultazione: discutere i risultati attesi con il medico.<br \/>\u2013 Digiuno: astenersi da cibo e bevande per almeno 6 ore prima dell&#8217;intervento.<br \/>\u2013 Divulgazione dei farmaci: informare il medico di eventuali farmaci assunti regolarmente.<br \/>\u2013 Evitare sostanze nocive: smettere di bere e bere almeno una settimana prima dell&#8217;intervento.<br \/>\u2013 Anticoagulanti: interrompere l&#8217;assunzione di aspirina o farmaci anticoagulanti dopo aver consultato il medico.<br \/>\u2013 Abbigliamento comodo: indossare abiti larghi e comodi il giorno dell&#8217;intervento.<\/p>\n<\/div>\n<\/div>\n<div id=\"howto-step-1678361991248\" class=\"rank-math-step\">\n<h3 class=\"rank-math-step-title \"><strong>Durante la procedura\u00a0<\/strong><\/h3>\n<div class=\"rank-math-step-content \"><p>L&#8217;approccio chirurgico per una Thighplastica varia a seconda che si tratti di una procedura mini, media o completa, nonch\u00e9 in base alle condizioni individuali del paziente. L&#8217;incisione viene eseguita con cura in una posizione discreta per ridurre al minimo le cicatrici visibili. Se \u00e8 presente grasso in eccesso, viene eseguita una liposuzione prima della rimozione della pelle flaccida. Successivamente, la pelle rimanente viene tesa e suturata utilizzando fili cosmetici riassorbibili che si dissolvono naturalmente entro circa due settimane.<\/p>\n<\/div>\n<\/div>\n<div id=\"howto-step-1678362009832\" class=\"rank-math-step\">\n<h3 class=\"rank-math-step-title \"><strong>Dopo la procedura\u00a0<\/strong><\/h3>\n<div class=\"rank-math-step-content \"><p>Dopo l&#8217;intervento, il paziente deve rimanere in ospedale per una o due notti per il monitoraggio. Il chirurgo plastico fornisce istruzioni post-operatorie che devono essere seguite rigorosamente per risultati ottimali.<br \/>Linee guida per la cura post-operatoria:<br \/>\u2013 Riposare completamente e seguire la routine farmacologica prescritta, inclusi antidolorifici e antinfiammatori, per ridurre al minimo le complicazioni.<br \/>\u2013 Evitare di fumare e di assumere farmaci anticoagulanti per favorire una corretta guarigione.<br \/>\u2013 Mantenere l&#8217;idratazione bevendo molti liquidi per una ripresa pi\u00f9 rapida e una guarigione delle ferite. \u2013 Dormire correttamente: sdraiati solo sulla schiena, seguendo la durata consigliata dal medico.<br \/>La cura delle ferite deve essere eseguita con cautela per prevenire infezioni e complicazioni.<\/p>\n<\/div>\n<\/div>\n<\/div>\n<\/div>\n<p class=\"rank-math-howto-estimatedCost\"><strong>Costo stimato:<\/strong> <span>3450 Euro<\/span><\/p>\n\n\n\n\n\n<h3 class=\"wp-block-heading\">Prima e dopo l&#8217;intervento di lifting delle cosce<\/h3>\n\n\n\n<p>Di seguito sono riportate le foto prima e dopo delle procedure di Thighplastica eseguite presso Turk Aesthetic a Istanbul.<\/p>\n\n\n\n<figure class=\"wp-block-gallery has-nested-images columns-default is-cropped wp-block-gallery-1 is-layout-flex wp-block-gallery-is-layout-flex\">\n<figure class=\"wp-block-image size-large\"><img loading=\"lazy\" decoding=\"async\" width=\"1200\" height=\"800\" data-id=\"46766\" src=\"https:\/\/www.turkaesthetic.com\/wp-content\/uploads\/2023\/11\/before-after-thigh-lift-4.jpg\" alt=\"Prima e dopo il lifting delle cosce a T\u00fcrkiye\" class=\"wp-image-46766\"\/><figcaption class=\"wp-element-caption\">Prima e dopo il lifting delle cosce a T\u00fcrkiye<\/figcaption><\/figure>\n\n\n\n<figure class=\"wp-block-image size-large\"><img loading=\"lazy\" decoding=\"async\" width=\"1200\" height=\"800\" data-id=\"46757\" src=\"https:\/\/www.turkaesthetic.com\/wp-content\/uploads\/2023\/11\/before-after-thigh-lift-3.jpg\" alt=\"Prima e dopo il lifting delle cosce a T\u00fcrkiye\" class=\"wp-image-46757\"\/><figcaption class=\"wp-element-caption\">Prima e dopo il lifting delle cosce a T\u00fcrkiye<\/figcaption><\/figure>\n\n\n\n<figure class=\"wp-block-image size-large\"><img loading=\"lazy\" decoding=\"async\" width=\"1200\" height=\"800\" data-id=\"46739\" src=\"https:\/\/www.turkaesthetic.com\/wp-content\/uploads\/2023\/11\/before-after-thigh-lift-1.jpg\" alt=\"Prima e dopo il lifting delle cosce a T\u00fcrkiye\" class=\"wp-image-46739\"\/><figcaption class=\"wp-element-caption\">Prima e dopo il lifting delle cosce a T\u00fcrkiye<\/figcaption><\/figure>\n<\/figure>\n\n\n\n<h3 class=\"wp-block-heading\">Tecniche di lifting delle cosce<\/h3>\n\n\n\n<p><strong>Laser<\/strong><\/p>\n\n\n\n<p>La tecnologia laser ha guadagnato popolarit\u00e0 come alternativa efficace alla chirurgia. Il lifting delle cosce laser stimola la produzione di collagene, aiutando la pelle ad apparire pi\u00f9 soda e giovane.<\/p>\n\n\n\n<p>Durata: ~45 minuti a sessione<br>Risultati: sono necessarie pi\u00f9 sessioni per effetti duraturi<br><strong>HIFU<br><\/strong>HIFU (ultrasuoni focalizzati ad alta intensit\u00e0) \u00e8 una tecnica non chirurgica che rassoda la pelle flaccida e le rughe penetrando negli strati profondi della pelle.<\/p>\n\n\n\n<p>Meccanismo: innesca il naturale rassodamento della pelle e la produzione di collagene<br>Durata: ~30\u201345 minuti a sessione<br>Risultati: dura fino a 1 anno<\/p>\n\n\n\n<p><strong>Plastica delle cosce (l&#8217;opzione chirurgica)<\/strong><\/p>\n\n\n\n<p>Questo metodo tradizionale \u00e8 la soluzione pi\u00f9 efficace per la grave lassit\u00e0 cutanea che le tecniche non chirurgiche non possono correggere. L&#8217;approccio chirurgico varia in base al grado di cedimento e pu\u00f2 comportare un rassodamento mini, medio o completo delle cosce.<\/p>\n\n\n\n<h3 class=\"wp-block-heading\">Istruzioni per la cura postoperatoria dopo un intervento di lifting delle cosce<\/h3>\n\n\n\n<p>Segui tutte le istruzioni postoperatorie fornite dal tuo medico e prendi i farmaci prescritti in tempo.<br>Evita la luce solare diretta e l&#8217;esposizione al calore per prevenire irritazioni e complicazioni.<br>Assicurati di dormire in modo corretto come consigliato dal tuo medico.<br>Mantieniti idratato bevendo molta acqua e liquidi per favorire la convalescenza.<br>Indossa l&#8217;indumento compressivo prescritto (corsetto) per la durata consigliata per favorire la guarigione e migliorare i risultati.<\/p>\n\n\n\n<h4 class=\"wp-block-heading\">Pro e contro dell&#8217;intervento di lifting delle cosce<\/h4>\n\n\n\n<p><strong>Aspetti negativi<\/strong><\/p>\n\n\n\n<p>Gli aspetti negativi della cosceplastica dipendono in gran parte dall&#8217;esperienza del chirurgo e dall&#8217;aderenza del paziente alle cure postoperatorie. Le preoccupazioni pi\u00f9 importanti includono:<br>-Non ottenere i risultati attesi in alcuni casi.<br>-Asimmetria tra le cosce (anche se rara).<\/p>\n\n\n\n<p><strong>Aspetti positivi<\/strong><\/p>\n\n\n\n<p>Quando la procedura ha successo, il paziente sperimenta:<\/p>\n\n\n\n<ul class=\"wp-block-list\">\n<li>Un aspetto pi\u00f9 giovane ed esteticamente gradevole.<\/li>\n\n\n\n<li>Un significativo aumento dell&#8217;autostima grazie a cosce pi\u00f9 sode e pi\u00f9 sagomate.<\/li>\n<\/ul>\n\n\n\n<p><strong>Effetti collaterali<\/strong><\/p>\n\n\n\n<p>Dopo un intervento di lifting delle cosce, potrebbero verificarsi alcuni effetti collaterali temporanei, tra cui:<\/p>\n\n\n\n<ul class=\"wp-block-list\">\n<li>Gonfiore e rossore nella zona trattata.<\/li>\n\n\n\n<li>Leggero prurito nel sito dell&#8217;incisione.<\/li>\n\n\n\n<li>Disagio durante la prima settimana, in particolare durante lo spostamento.<\/li>\n\n\n\n<li>Intorpidimento temporaneo, che in genere si attenua nel tempo.<\/li>\n\n\n\n<li>Leggero dolore, che pu\u00f2 essere gestito con antidolorifici prescritti dal medico.<\/li>\n<\/ul>\n\n\n\n<h3 class=\"wp-block-heading\">Intervento di lifting delle cosce a Istanbul, Turchia<\/h3>\n\n\n\n<p>La Turchia, in particolare Istanbul, \u00e8 diventata una delle principali destinazioni per il turismo medico, attraendo pazienti da tutto il mondo grazie a:<\/p>\n\n\n\n<p>Chirurghi plastici esperti con competenze internazionali.<br>Servizi sanitari di alta qualit\u00e0 a prezzi accessibili.<br>Pacchetti turistici medici completi, inclusi trattamento, alloggio e trasporto.<\/p>\n\n\n\n<h4 class=\"wp-block-heading\">Costo dell&#8217;intervento di lifting delle cosce in Turchia, Istanbul<\/h4>\n\n\n\n<p>Il costo in Turchia varia da un luogo all&#8217;altro in base a diversi fattori:<\/p>\n\n\n\n<ul class=\"wp-block-list\">\n<li>La reputazione della clinica medica o dell&#8217;ospedale.<\/li>\n\n\n\n<li>L&#8217;esperienza del chirurgo plastico.<\/li>\n\n\n\n<li>La complessit\u00e0 e le specifiche della procedura. Sono forniti servizi aggiuntivi (alcune cliniche offrono pacchetti completi, inclusi alloggio e trasporto).<\/li>\n\n\n\n<li>Presso Turk Aesthetic Istanbul, il costo varia tra \u20ac 3.500 e \u20ac 4.500, a seconda dei dettagli della procedura.<\/li>\n<\/ul>\n\n\n\n<p>Per richiedere un preventivo personalizzato o informazioni sui pacchetti di trattamento, puoi contattare il team di Turk Aesthetic tramite la loro pagina di contatto ufficiale.mprensivo di alloggio e trasporto, \u00e8 possibile contattare il team di Turk Aesthetic tramite la pagina dei contatti.<\/p>\n\n\n\n<h2 class=\"wp-block-heading\">FAQ &#8211; <strong>Lifting delle cosce<\/strong><\/h2>\n\n\n<div id=\"rank-math-faq\" class=\"rank-math-block\">\n<div class=\"rank-math-list \">\n<div id=\"faq-question-1678362122535\" class=\"rank-math-list-item\">\n<h3 class=\"rank-math-question \"><strong>Quanto dura un intervento di lifting delle cosce?<\/strong><\/h3>\n<div class=\"rank-math-answer \">\n\n<p>L&#8217;intervento dura in genere 3-4 ore, a seconda delle specifiche della procedura. .<\/p>\n\n<\/div>\n<\/div>\n<div id=\"faq-question-1741424568331\" class=\"rank-math-list-item\">\n<h3 class=\"rank-math-question \">Quando saranno visibili i risultati di una Thighplasty?<\/h3>\n<div class=\"rank-math-answer \">\n\n<p>I risultati sono immediati e diventano pi\u00f9 evidenti una volta che il gonfiore post-operatorio si \u00e8 attenuato.<\/p>\n\n<\/div>\n<\/div>\n<div id=\"faq-question-1741424575074\" class=\"rank-math-list-item\">\n<h3 class=\"rank-math-question \">Qual \u00e8 il tasso di successo dell&#8217;intervento di lifting delle cosce?<\/h3>\n<div class=\"rank-math-answer \">\n\n<p>Il tasso di successo \u00e8 alto, a condizione che:<br \/>-Un chirurgo esperto e qualificato esegua la procedura.<br \/>-Il paziente segua rigorosamente le istruzioni per la cura post-operatoria.<\/p>\n\n<\/div>\n<\/div>\n<div id=\"faq-question-1741424587755\" class=\"rank-math-list-item\">\n<h3 class=\"rank-math-question \">Che tipo di anestesia viene utilizzata per una Thighplasty?<\/h3>\n<div class=\"rank-math-answer \">\n\n<p>L&#8217;intervento di lifting delle cosce viene eseguito in anestesia generale.<\/p>\n\n<\/div>\n<\/div>\n<div id=\"faq-question-1741424590635\" class=\"rank-math-list-item\">\n<h3 class=\"rank-math-question \">Qual \u00e8 i costo di un lifting delle cosce in Turchia?<\/h3>\n<div class=\"rank-math-answer \">\n\n<p>Presso Turk Aesthetic Istanbul, il costo varia da \u20ac 3.500 a \u20ac 4.500, a seconda dei dettagli della procedura.<\/p>\n\n<\/div>\n<\/div>\n<div id=\"faq-question-1741424598008\" class=\"rank-math-list-item\">\n<h3 class=\"rank-math-question \">Quanto dura il periodo di recupero dopo un lifting delle cosce?<\/h3>\n<div class=\"rank-math-answer \">\n\n<p>Il recupero in genere dura da 7 a 10 giorni, con una guarigione completa nelle settimane successive.<\/p>\n\n<\/div>\n<\/div>\n<div id=\"faq-question-1741424617913\" class=\"rank-math-list-item\">\n<h3 class=\"rank-math-question \">I risultati di un intervento di lifting delle cosce sono permanenti?<\/h3>\n<div class=\"rank-math-answer \">\n\n<p> I risultati sono duraturi (in genere 10-20 anni), ma mantenere un peso stabile e uno stile di vita sano pu\u00f2 prolungarne gli effetti.<\/p>\n\n<\/div>\n<\/div>\n<div id=\"faq-question-1741424629495\" class=\"rank-math-list-item\">\n<h3 class=\"rank-math-question \">Quanto costa un lifting delle cosce non chirurgico?<\/h3>\n<div class=\"rank-math-answer \">\n\n<p>Il costo varia a seconda della tecnica utilizzata (ad esempio, laser, HIFU).<\/p>\n\n<\/div>\n<\/div>\n<div id=\"faq-question-1741424635778\" class=\"rank-math-list-item\">\n<h3 class=\"rank-math-question \">Camminare pu\u00f2 aiutare a rassodare le cosce?<\/h3>\n<div class=\"rank-math-answer \">\n\n<p>Mentre l&#8217;esercizio fisico e le camminate giovano alla salute generale, non possono rassodare significativamente le cosce nei casi di cedimento da moderato a grave.<\/p>\n\n<\/div>\n<\/div>\n<div id=\"faq-question-1741424642732\" class=\"rank-math-list-item\">\n<h3 class=\"rank-math-question \">Un intervento di lifting delle cosce \u00e8 doloroso?<\/h3>\n<div class=\"rank-math-answer \">\n\n<p>Durante la procedura: no, perch\u00e9 viene eseguita in anestesia generale.<br \/>Dopo la procedura: potrebbe verificarsi un leggero dolore o fastidio, ma pu\u00f2 essere gestito con antidolorifici prescritti.<\/p>\n\n<\/div>\n<\/div>\n<div id=\"faq-question-1741424649807\" class=\"rank-math-list-item\">\n<h3 class=\"rank-math-question \">Le cosce possono essere rassodate senza intervento chirurgico?<\/h3>\n<div class=\"rank-math-answer \">\n\n<p>S\u00ec, metodi non chirurgici come laser e HIFU possono aiutare con un cedimento lieve, ma sono inefficaci nei casi da moderati a gravi.<\/p>\n\n<\/div>\n<\/div>\n<\/div>\n<\/div>\n\n\n<p>Infine, \u00e8 possibile <a href=\"http:\/\/turkaesthetic.com\/it\/contact-us\/\" data-type=\"page\" data-id=\"21028\" target=\"_blank\" rel=\"noreferrer noopener\">contattare<\/a> direttamente tramite il link informazioni e prezzi presso il <a href=\"https:\/\/www.youtube.com\/channel\/UC0zggzdm5CFwpRMmn_CPpFQ\" data-type=\"URL\" data-id=\"https:\/\/www.youtube.com\/channel\/UC0zggzdm5CFwpRMmn_CPpFQ\" target=\"_blank\" rel=\"noreferrer noopener\">Turk Aesthetic<\/a> Istanbul.<\/p>\n\n\n\n<p><\/p>\n","protected":false},"excerpt":{"rendered":"<p>Lifting delle cosce prevede la liposuzione e il rassodamento della pelle per rimuovere il grasso in eccesso e la pelle cadente. Questa condizione spesso deriva da fattori quali invecchiamento, obesit\u00e0, perdita di peso improvvisa, genetica, aumento della secrezione di estrogeni, dieta non sana, carenze di vitamine e minerali, mancanza di esercizio fisico e assunzione inadeguata [&hellip;]<\/p>\n","protected":false},"author":1,"featured_media":21165,"parent":0,"menu_order":0,"comment_status":"closed","ping_status":"closed","template":"","meta":{"footnotes":""},"dep":[1354],"class_list":["post-21979","page","type-page","status-publish","has-post-thumbnail","hentry","dep-plastic-surgeries"],"_links":{"self":[{"href":"https:\/\/www.turkaesthetic.com\/it\/wp-json\/wp\/v2\/pages\/21979","targetHints":{"allow":["GET"]}}],"collection":[{"href":"https:\/\/www.turkaesthetic.com\/it\/wp-json\/wp\/v2\/pages"}],"about":[{"href":"https:\/\/www.turkaesthetic.com\/it\/wp-json\/wp\/v2\/types\/page"}],"author":[{"embeddable":true,"href":"https:\/\/www.turkaesthetic.com\/it\/wp-json\/wp\/v2\/users\/1"}],"replies":[{"embeddable":true,"href":"https:\/\/www.turkaesthetic.com\/it\/wp-json\/wp\/v2\/comments?post=21979"}],"version-history":[{"count":0,"href":"https:\/\/www.turkaesthetic.com\/it\/wp-json\/wp\/v2\/pages\/21979\/revisions"}],"wp:featuredmedia":[{"embeddable":true,"href":"https:\/\/www.turkaesthetic.com\/it\/wp-json\/wp\/v2\/media\/21165"}],"wp:attachment":[{"href":"https:\/\/www.turkaesthetic.com\/it\/wp-json\/wp\/v2\/media?parent=21979"}],"wp:term":[{"taxonomy":"dep","embeddable":true,"href":"https:\/\/www.turkaesthetic.com\/it\/wp-json\/wp\/v2\/dep?post=21979"}],"curies":[{"name":"wp","href":"https:\/\/api.w.org\/{rel}","templated":true}]}}