{"id":21973,"date":"2022-01-03T13:56:25","date_gmt":"2022-01-03T10:56:25","guid":{"rendered":"http:\/\/turkaesthetic.com\/?page_id=21973"},"modified":"2025-03-07T14:09:59","modified_gmt":"2025-03-07T11:09:59","slug":"tummy-tuck","status":"publish","type":"page","link":"https:\/\/www.turkaesthetic.com\/it\/tummy-tuck\/","title":{"rendered":"Addominoplastica"},"content":{"rendered":"\n<p><strong>L&#8217;addominoplastica<\/strong> \u00e8 un intervento di chirurgia plastica che rimuove il grasso e la pelle in eccesso, rassodando i muscoli flaccidi per creare un addome pi\u00f9 piatto e tonico. Inoltre, la procedura aiuta a eliminare le rughe e i cedimenti causati dall&#8217;aumento di peso, con conseguente aspetto pi\u00f9 giovanile.<\/p>\n\n\n\n<p>L&#8217;intervento dura in genere dalle 2 alle 3 ore, a seconda del caso specifico, e viene eseguito in anestesia generale, richiedendo una degenza ospedaliera di una notte. I risultati diventano visibili immediatamente una volta che gli effetti post-operatori si sono attenuati.<\/p>\n\n\n\n<figure class=\"wp-block-table\"><table><tbody><tr><td>Anestesia<\/td><td>Generale&nbsp;<\/td><\/tr><tr><td>Durata del processo<\/td><td>2-3 ore<\/td><\/tr><tr><td>Risultati<\/td><td>Immediato<\/td><\/tr><tr><td>Convalescenza<\/td><td>7-10 giorni<\/td><\/tr><tr><td>Ospedalizzazione<\/td><td>1 Notte<\/td><\/tr><\/tbody><\/table><\/figure>\n\n\n\n<h2 class=\"wp-block-heading\">Come viene eseguita l&#8217;addominoplastica?<\/h2>\n\n\n\n<p>Molte persone aspirano a un ventre piatto con muscoli addominali ben definiti attraverso esercizio fisico, dieta e controllo del peso. Tuttavia, questi metodi non sono sempre sufficienti. In questi casi, l&#8217;addominoplastica pu\u00f2 essere la soluzione ideale.<\/p>\n\n\n\n<p>Lo scopo della procedura non \u00e8 la perdita di peso, ma piuttosto la rimozione del grasso in eccesso e della pelle flaccida causati dall&#8217;invecchiamento, dai cambiamenti post-gravidanza, da una significativa perdita di peso o da precedenti interventi chirurgici. Di conseguenza, questa procedura \u00e8 spesso considerata un trattamento complementare per migliorare il contorno del corpo.<\/p>\n\n\n\n<h3 class=\"wp-block-heading\">Video<\/h3>\n\n\n\n<p>Di seguito \u00e8 riportato un video della procedura di addominoplastica in Turchia, Istanbul.<\/p>\n\n\n\n<figure class=\"wp-block-embed is-type-video is-provider-youtube wp-block-embed-youtube wp-embed-aspect-16-9 wp-has-aspect-ratio\"><div class=\"wp-block-embed__wrapper\">\n<iframe loading=\"lazy\" title=\"Tummy Tuck - Turk Aesthetic\" width=\"800\" height=\"450\" src=\"https:\/\/www.youtube.com\/embed\/yTb9Q0EpUOw?feature=oembed\" frameborder=\"0\" allow=\"accelerometer; autoplay; clipboard-write; encrypted-media; gyroscope; picture-in-picture; web-share\" referrerpolicy=\"strict-origin-when-cross-origin\" allowfullscreen><\/iframe>\n<\/div><figcaption class=\"wp-element-caption\">Addominoplastica<\/figcaption><\/figure>\n\n\n\n<h3 class=\"wp-block-heading\">Chi pu\u00f2 sottoporsi a un&#8217;addominoplastica?<\/h3>\n\n\n\n<p>Possono sottoporsi alla procedura le persone che soddisfano i seguenti criteri:<\/p>\n\n\n\n<p>In buona salute generale e di et\u00e0 superiore ai 20 anni.<br>Soffrono di pelle flaccida e grasso in eccesso nella zona addominale a causa di perdita di peso, parto o improvvisi cambiamenti del corpo.<br>Soffrono di un impatto negativo sull&#8217;autostima a causa del cedimento addominale.<\/p>\n\n\n\n<h4 class=\"wp-block-heading\">Chi non dovrebbe sottoporsi a un&#8217;addominoplastica?<\/h4>\n\n\n\n<p>Persone di et\u00e0 inferiore ai 20 anni.<br>Coloro che soffrono di malattie croniche o contagiose che potrebbero comportare rischi chirurgici.<br>Le persone con un sovrappeso significativo devono prima perdere il peso in eccesso prima di sottoporsi alla procedura per affrontare il cedimento causato dalla perdita di peso.<\/p>\n\n\n\n<h3 class=\"wp-block-heading\">Il chirurgo che esegue<\/h3>\n\n\n\n<p>Un&#8217;addominoplastica viene eseguita da un chirurgo plastico qualificato con vasta esperienza in questo tipo di procedura. Nessun medico di un&#8217;altra specialit\u00e0 \u00e8 autorizzato a eseguire questo intervento.<br>Quando si sceglie un ospedale o una clinica medica, \u00e8 essenziale selezionare una struttura affidabile con elevati standard di sterilizzazione e un chirurgo altamente qualificato. A volte, un costo di procedura pi\u00f9 elevato riflette la credibilit\u00e0 e la competenza della clinica, quindi \u00e8 consigliabile non scendere a compromessi sulla qualit\u00e0 negoziando o contrattando sul prezzo.<\/p>\n\n\n\n<h4 class=\"wp-block-heading\">Tipi di anestesia utilizzati durante l&#8217;intervento<\/h4>\n\n\n\n<p>Un&#8217;addominoplastica viene eseguita solo in anestesia generale. I pazienti devono smettere di mangiare e bere almeno 6 ore prima della procedura per prevenire disagi o complicazioni al risveglio.<br>Dopo l&#8217;intervento, i pazienti in genere rimangono in ospedale per una o due notti per il monitoraggio e il recupero.<\/p>\n\n\n\n<h3 class=\"wp-block-heading\">Fasi della chirurgia addominale in Turchia<\/h3>\n\n\n<div id=\"rank-math-howto\" class=\"rank-math-block\" >\n<div class=\"rank-math-howto-description\">\n\n<p>L\u2019operazione di addominoplastica passa attraverso tre fasi, come altre operazioni<\/p>\n\n<\/div>\n<p class=\"rank-math-howto-duration\"><strong>Tempo totale:<\/strong> <span>3 ore<\/span><\/p>\n<div class=\"rank-math-steps \">\n<div id=\"howto-step-1678364585968\" class=\"rank-math-step\">\n<h3 class=\"rank-math-step-title \"><strong>Prima del processo<\/strong><\/h3>\n<div class=\"rank-math-step-content \"><p>Prima di sottoporsi all&#8217;addominoplastica, \u00e8 essenziale fornire al medico informazioni mediche dettagliate, tra cui:<br \/>\u2013 Eventuali malattie croniche o farmaci assunti.<br \/>\u2013 Eventuali interventi chirurgici precedenti eseguiti.<br \/>Inoltre, i pazienti devono seguire queste istruzioni preoperatorie:<br \/>\u2013 Discutere le aspettative e i potenziali risultati con il medico.<br \/>\u2013 Astenersi dal mangiare o bere per almeno 6 ore prima della procedura a causa dell&#8217;anestesia generale.<br \/>\u2013 Informare il medico di eventuali farmaci usati regolarmente.<br \/>\u2013 Evitare alcol e fumo per almeno una settimana prima dell&#8217;intervento.<br \/>\u2013 Interrompere l&#8217;assunzione di farmaci anticoagulanti (ad esempio, aspirina) dopo aver consultato il medico.<br \/>\u2013 Indossare abiti larghi e comodi il giorno della procedura.<\/p>\n<\/div>\n<\/div>\n<div id=\"howto-step-1678364624046\" class=\"rank-math-step\">\n<h3 class=\"rank-math-step-title \"><strong>Durante il processo<\/strong><\/h3>\n<div class=\"rank-math-step-content \"><p>Dopo aver somministrato l&#8217;anestesia generale, il chirurgo esegue un&#8217;incisione orizzontale tra la zona pubica e l&#8217;ombelico, con forma e lunghezza dell&#8217;incisione che dipendono dalla quantit\u00e0 di pelle in eccesso da rimuovere. Se necessario, pu\u00f2 essere eseguita una seconda incisione attorno all&#8217;ombelico per eliminare la pelle in eccesso dalla parte superiore dell&#8217;addome. Il chirurgo quindi tira verso il basso la pelle addominale superiore, rimuove la pelle in eccesso e stringe e rimodella i muscoli addominali. Questo riposizionamento crea una nuova apertura circolare per l&#8217;ombelico nella sua posizione regolata. Infine, l&#8217;incisione viene chiusa utilizzando suture cosmetiche o adesivo di grado medico progettato specificamente per la chirurgia plastica.<\/p>\n<\/div>\n<\/div>\n<div id=\"howto-step-1678364648603\" class=\"rank-math-step\">\n<h3 class=\"rank-math-step-title \"><strong>Dopo il processo<\/strong><\/h3>\n<div class=\"rank-math-step-content \"><p>Dopo l&#8217;intervento, vengono applicate delle bende all&#8217;area chirurgica e i pazienti devono indossare un indumento compressivo, come un corsetto, per aiutare a ridurre lividi e gonfiore favorendo al contempo la guarigione. Un tubo di drenaggio temporaneo pu\u00f2 essere posizionato sotto la pelle per eliminare sangue o liquidi in eccesso. Il medico fornir\u00e0 istruzioni post-operatorie dettagliate e attenersi rigorosamente a queste linee guida \u00e8 essenziale per ottenere i migliori risultati. \u00c8 inoltre necessaria una degenza ospedaliera di una o due notti per il monitoraggio e il recupero.<\/p>\n<\/div>\n<\/div>\n<\/div>\n<\/div>\n<p class=\"rank-math-howto-estimatedCost\"><strong>Costo stimato:<\/strong> <span>3450 Euro<\/span><\/p>\n\n\n\n\n\n<h3 class=\"wp-block-heading\">Prima e dopo l&#8217;addominoplastica<\/h3>\n\n\n\n<p>Di seguito sono riportate alcune foto del prima e del dopo l&#8217;addominoplastica eseguita presso Turk Aesthetic a Istanbul.<\/p>\n\n\n\n<figure class=\"wp-block-gallery has-nested-images columns-default is-cropped wp-block-gallery-1 is-layout-flex wp-block-gallery-is-layout-flex\">\n<figure class=\"wp-block-image size-large\"><img loading=\"lazy\" decoding=\"async\" width=\"1200\" height=\"800\" data-id=\"50585\" src=\"https:\/\/www.turkaesthetic.com\/wp-content\/uploads\/2024\/01\/Tummy-tuck-before-after-8.webp\" alt=\"Prima e dopo l'addominoplastica in Turchia\" class=\"wp-image-50585\"\/><figcaption class=\"wp-element-caption\">Prima e dopo l&#8217;addominoplastica in Turchia<\/figcaption><\/figure>\n\n\n\n<figure class=\"wp-block-image size-large\"><img loading=\"lazy\" decoding=\"async\" width=\"1200\" height=\"800\" data-id=\"50576\" src=\"https:\/\/www.turkaesthetic.com\/wp-content\/uploads\/2024\/01\/Tummy-tuck-before-after-7.webp\" alt=\"Prima e dopo l'addominoplastica in Turchia\" class=\"wp-image-50576\"\/><figcaption class=\"wp-element-caption\">Prima e dopo l&#8217;addominoplastica in Turchia<\/figcaption><\/figure>\n\n\n\n<figure class=\"wp-block-image size-large\"><img loading=\"lazy\" decoding=\"async\" width=\"1200\" height=\"800\" data-id=\"50567\" src=\"https:\/\/www.turkaesthetic.com\/wp-content\/uploads\/2024\/01\/Tummy-tuck-before-after-5.webp\" alt=\"Prima e dopo l'addominoplastica in Turchia\" class=\"wp-image-50567\"\/><figcaption class=\"wp-element-caption\">Prima e dopo l&#8217;addominoplastica in Turchia<\/figcaption><\/figure>\n<\/figure>\n\n\n\n<h3 class=\"wp-block-heading\">Istruzioni post-operatorie per <\/h3>\n\n\n\n<p>Per garantire una convalescenza senza problemi e risultati ottimali, segui queste linee guida per la cura post-operatoria:<\/p>\n\n\n\n<p>Riposati completamente e prendi tutti i farmaci prescritti, antidolorifici e antinfiammatori per ridurre al minimo il disagio e le complicazioni.<br>Riduci o evita completamente di fumare e interrompi i farmaci anticoagulanti come consigliato dal medico.<br>Bevi molti liquidi per favorire una guarigione e una guarigione pi\u00f9 rapide delle ferite.<br>Dormi a sufficienza e sdraiati sulla schiena solo per la durata consigliata dal medico.<br>Cura adeguatamente la ferita chirurgica per prevenire le infezioni.<br>Usa il corsetto compressivo per favorire la guarigione e ridurre al minimo il gonfiore.<br>Sdraiati sulla schiena con la parte superiore del corpo leggermente sollevata per ridurre la tensione sulla zona addominale.<\/p>\n\n\n\n<h4 class=\"wp-block-heading\">Pro e contro<\/h4>\n\n\n\n<p><strong>Contro<\/strong><\/p>\n\n\n\n<p>I rischi e le complicazioni della procedura dipendono dall&#8217;esperienza del chirurgo e dall&#8217;aderenza del paziente alle istruzioni per la cura post-operatoria.<\/p>\n\n\n\n<p><strong>Pro<\/strong><\/p>\n\n\n\n<p>Un&#8217;addominoplastica riuscita aumenta l&#8217;autostima eliminando la pelle cadente in eccesso. Il paziente ottiene un aspetto pi\u00f9 sodo, pi\u00f9 giovane e scolpito.<\/p>\n\n\n\n<h3 class=\"wp-block-heading\">Mini addominoplastica<\/h3>\n\n\n\n<p>La mini addominoplastica sta rapidamente guadagnando popolarit\u00e0 in Turchia. \u00c8 un&#8217;opzione efficace per le persone che cercano di migliorare il loro aspetto addominale senza l&#8217;esteso recupero associato a un&#8217;addominoplastica tradizionale. Ecco le caratteristiche principali che rendono questa procedura unica:<\/p>\n\n\n\n<ul class=\"wp-block-list\">\n<li>Incisione pi\u00f9 piccola: uno dei principali vantaggi di una mini addominoplastica \u00e8 la dimensione dell&#8217;incisione chirurgica. Il taglio \u00e8 significativamente pi\u00f9 piccolo di un&#8217;addominoplastica completa, in genere misura 5-6 pollici. Ci\u00f2 riduce al minimo le cicatrici visibili e riduce il trauma complessivo al tessuto circostante.<\/li>\n\n\n\n<li>Nessuna liposuzione richiesta: a differenza delle tradizionali addominoplastiche, che spesso abbinano il contorno addominale alla <a href=\"https:\/\/www.turkaesthetic.com\/it\/liposuction\/\" target=\"_blank\" data-type=\"page\" data-id=\"21932\" rel=\"noreferrer noopener\">liposuzione<\/a>, la mini addominoplastica pu\u00f2 essere eseguita senza questa procedura aggiuntiva se il problema principale \u00e8 la pelle cadente nella zona addominale inferiore. Ci\u00f2 la rende un&#8217;eccellente scelta per i pazienti che hanno mantenuto un peso sano ma hanno problemi di pelle flaccida a causa della genetica o dei cambiamenti post-gravidanza. Eseguito in anestesia generale: l&#8217;intervento viene eseguito in anestesia generale, assicurando ai pazienti comfort e assenza di dolore durante tutta la procedura. Ci\u00f2 consente un&#8217;esperienza chirurgica pi\u00f9 serena e aiuta a facilitare un processo di recupero pi\u00f9 fluido.<\/li>\n\n\n\n<li>Incisione addominale inferiore: il processo chirurgico prevede una piccola incisione appena sopra l&#8217;area pubica nella parte inferiore dell&#8217;addome. Dopo aver rimosso la pelle in eccesso, l&#8217;incisione viene meticolosamente chiusa con tecniche di sutura cosmetica progettate per creare una cicatrice discreta che sbiadisce nel tempo. Il posizionamento inferiore dell&#8217;incisione garantisce inoltre che possa essere facilmente nascosta da costumi da bagno o biancheria intima.<\/li>\n\n\n\n<li>Recupero rapido: i pazienti in genere sperimentano un tempo di recupero pi\u00f9 breve rispetto a un&#8217;addominoplastica completa. Molti individui possono tornare ad attivit\u00e0 leggere entro una settimana, il che lo rende un&#8217;opzione allettante per coloro che hanno uno stile di vita frenetico.e dall&#8217;addominoplastica che nel caso di una mini, viene praticata una piccola incisione nell&#8217;addome inferiore vicino all&#8217;area pubica, dopo di che viene eseguita una sutura cosmetica.<\/li>\n<\/ul>\n\n\n\n<figure class=\"wp-block-image size-full\"><img loading=\"lazy\" decoding=\"async\" width=\"1024\" height=\"336\" src=\"http:\/\/turkaesthetic.com\/wp-content\/uploads\/2022\/01\/mini-tummy-tuck.webp\" alt=\"Un addominoplastica in Turchia\" class=\"wp-image-21153\" srcset=\"https:\/\/www.turkaesthetic.com\/wp-content\/uploads\/2022\/01\/mini-tummy-tuck.webp 1024w, https:\/\/www.turkaesthetic.com\/wp-content\/uploads\/2022\/01\/mini-tummy-tuck-300x98.webp 300w, https:\/\/www.turkaesthetic.com\/wp-content\/uploads\/2022\/01\/mini-tummy-tuck-768x252.webp 768w\" sizes=\"auto, (max-width: 1024px) 100vw, 1024px\" \/><figcaption class=\"wp-element-caption\">Un addominoplastica in Turchia<\/figcaption><\/figure>\n\n\n\n<h3 class=\"wp-block-heading\">Opzioni di addominoplastica non chirurgica<\/h3>\n\n\n\n<p>Per le persone che preferiscono un approccio non chirurgico, ci sono diverse tecniche minimamente invasive:<\/p>\n\n\n\n<p>Dispositivi a ultrasuoni o laser: questi metodi aiutano a rassodare la pelle e a ridurre il grasso senza intervento chirurgico.<br>Recupero pi\u00f9 rapido: i pazienti possono tornare alla vita di tutti i giorni immediatamente senza un lungo periodo di recupero.<br>Queste tecniche sono efficaci a meno che non ci siano gravi cedimenti o accumuli di grasso in eccesso, nel qual caso potrebbe essere necessario un intervento chirurgico.<\/p>\n\n\n\n<h3 class=\"wp-block-heading\">Recupero ed effetti collaterali dell&#8217;addominoplastica<\/h3>\n\n\n\n<p>Il periodo di recupero dell&#8217;addominoplastica dura circa 10-15 giorni, potresti notare alcuni effetti collaterali come:<\/p>\n\n\n\n<p>Lieve gonfiore e lividi.<br>Prurito intorno al sito di sutura chirurgica.<br>Disagio nella prima settimana, in particolare difficolt\u00e0 a stare in piedi per un massimo di due settimane.<br>Intorpidimento temporaneo nella zona trattata.<\/p>\n\n\n\n<h4 class=\"wp-block-heading\">Addominoplastica in Turchia, Istanbul<\/h4>\n\n\n\n<p>La Turchia (in particolare Istanbul) \u00e8 diventata una delle principali destinazioni per il turismo medico, attraendo visitatori che cercano sia cure che turismo. La citt\u00e0 offre diversi vantaggi, tra cui:<\/p>\n\n\n\n<ul class=\"wp-block-list\">\n<li>Un&#8217;ampia gamma di opzioni mediche.<\/li>\n\n\n\n<li>Medici altamente qualificati ed esperti.<\/li>\n\n\n\n<li>Servizi di alta qualit\u00e0 a prezzi competitivi.<\/li>\n\n\n\n<li>Tra le varie opzioni di chirurgia estetica, l&#8217;addominoplastica \u00e8 una delle procedure pi\u00f9 richieste. Il costo di un&#8217;addominoplastica in Turchia varia a seconda della clinica medica e del caso del paziente, in genere tra \u20ac 3.500 e \u20ac 4.500.<\/li>\n<\/ul>\n\n\n\n<h3 class=\"wp-block-heading\">Costo dell&#8217;addominoplastica in Turchia Istanbul<\/h3>\n\n\n\n<p>Il costo di un&#8217;addominoplastica dipende da diversi fattori, tra cui:<\/p>\n\n\n\n<p>La reputazione della clinica medica o dell&#8217;ospedale.<br>L&#8217;esperienza e le qualifiche del chirurgo.<br>La complessit\u00e0 del caso del paziente.<br>Servizi aggiuntivi: alcune cliniche offrono pacchetti completi che includono trattamento, alloggio e trasporto.<br>Presso Turk Aesthetic Istanbul, il costo varia tra \u20ac 3.500 e \u20ac 4.500.<\/p>\n\n\n\n<p>Contatta il team di <strong>Turk Aesthetic<\/strong> tramite la pagina dei contatti per informazioni sui pacchetti, inclusi alloggio e trasporto.<\/p>\n\n\n\n<h2 class=\"wp-block-heading\">FAQ &#8211; Addominoplastie<\/h2>\n\n\n<div id=\"rank-math-faq\" class=\"rank-math-block\">\n<div class=\"rank-math-list \">\n<div id=\"faq-question-1678364757613\" class=\"rank-math-list-item\">\n<h3 class=\"rank-math-question \"><strong>Quanto dura un&#8217;addominoplastica?<\/strong><\/h3>\n<div class=\"rank-math-answer \">\n\n<p>2-3 ore, a seconda del caso specifico.<\/p>\n\n<\/div>\n<\/div>\n<div id=\"faq-question-1741345443129\" class=\"rank-math-list-item\">\n<h3 class=\"rank-math-question \">Quando vedr\u00f2 i risultati della mia addominoplastica?<\/h3>\n<div class=\"rank-math-answer \">\n\n<p>I risultati sono immediati e diventano pi\u00f9 evidenti man mano che gli effetti post-operatori si attenuano.<\/p>\n\n<\/div>\n<\/div>\n<div id=\"faq-question-1741345449733\" class=\"rank-math-list-item\">\n<h3 class=\"rank-math-question \">Qual \u00e8 il tasso di successo di un&#8217;addominoplastica?<\/h3>\n<div class=\"rank-math-answer \">\n\n<p>La procedura ha un tasso di successo elevato rispetto ad altri interventi di chirurgia estetica.<\/p>\n\n<\/div>\n<\/div>\n<div id=\"faq-question-1741345456096\" class=\"rank-math-list-item\">\n<h3 class=\"rank-math-question \">Che tipo di anestesia viene utilizzata per un&#8217;addominoplastica?<\/h3>\n<div class=\"rank-math-answer \">\n\n<p>L&#8217;addominoplastica viene eseguita solo in anestesia generale.<\/p>\n\n<\/div>\n<\/div>\n<div id=\"faq-question-1741345463724\" class=\"rank-math-list-item\">\n<h3 class=\"rank-math-question \">Quanto costa un&#8217;addominoplastica in Turchia?<\/h3>\n<div class=\"rank-math-answer \">\n\n<p>Presso Turk Aesthetic Istanbul, il costo \u00e8 di \u20ac 3.500 &#8211; \u20ac 4.500.<\/p>\n\n<\/div>\n<\/div>\n<div id=\"faq-question-1741345469906\" class=\"rank-math-list-item\">\n<h3 class=\"rank-math-question \">Qual \u00e8 il periodo di recupero dopo un&#8217;addominoplastica?<\/h3>\n<div class=\"rank-math-answer \">\n\n<p>Il recupero in genere dura dai 7 ai 10 giorni.<\/p>\n\n<\/div>\n<\/div>\n<div id=\"faq-question-1741345507156\" class=\"rank-math-list-item\">\n<h3 class=\"rank-math-question \">I risultati di un&#8217;addominoplastica sono permanenti?<\/h3>\n<div class=\"rank-math-answer \">\n\n<p>La procedura rimuove in modo permanente la pelle in eccesso, con risultati che durano dai 5 ai 15 anni, a condizione che il paziente mantenga un peso stabile.<\/p>\n\n<\/div>\n<\/div>\n<div id=\"faq-question-1741345510136\" class=\"rank-math-list-item\">\n<h3 class=\"rank-math-question \">L&#8217;addominoplastica aiuta a perdere peso?<\/h3>\n<div class=\"rank-math-answer \">\n\n<p>No, un&#8217;addominoplastica rimuove la pelle in eccesso dovuta alla perdita di peso o al parto. Non \u00e8 una procedura per perdere peso.<\/p>\n\n<\/div>\n<\/div>\n<\/div>\n<\/div>\n\n\n<p>Infine, \u00e8 possibile <a href=\"http:\/\/turkaesthetic.com\/it\/contact-us\/\" target=\"_blank\" data-type=\"page\" data-id=\"21028\" rel=\"noreferrer noopener\">contattare<\/a> direttamente il team di supporto tecnico per richiedere informazioni e prezzi presso <a href=\"https:\/\/www.youtube.com\/channel\/UC0zggzdm5CFwpRMmn_CPpFQ\" target=\"_blank\" data-type=\"URL\" data-id=\"https:\/\/www.youtube.com\/channel\/UC0zggzdm5CFwpRMmn_CPpFQ\" rel=\"noreferrer noopener\">Turk Aesthetic<\/a>.<\/p>\n\n\n\n<p><\/p>\n","protected":false},"excerpt":{"rendered":"<p>L&#8217;addominoplastica \u00e8 un intervento di chirurgia plastica che rimuove il grasso e la pelle in eccesso, rassodando i muscoli flaccidi per creare un addome pi\u00f9 piatto e tonico. Inoltre, la procedura aiuta a eliminare le rughe e i cedimenti causati dall&#8217;aumento di peso, con conseguente aspetto pi\u00f9 giovanile. L&#8217;intervento dura in genere dalle 2 alle [&hellip;]<\/p>\n","protected":false},"author":1,"featured_media":21152,"parent":0,"menu_order":0,"comment_status":"closed","ping_status":"closed","template":"","meta":{"footnotes":""},"dep":[1354],"class_list":["post-21973","page","type-page","status-publish","has-post-thumbnail","hentry","dep-plastic-surgeries"],"_links":{"self":[{"href":"https:\/\/www.turkaesthetic.com\/it\/wp-json\/wp\/v2\/pages\/21973","targetHints":{"allow":["GET"]}}],"collection":[{"href":"https:\/\/www.turkaesthetic.com\/it\/wp-json\/wp\/v2\/pages"}],"about":[{"href":"https:\/\/www.turkaesthetic.com\/it\/wp-json\/wp\/v2\/types\/page"}],"author":[{"embeddable":true,"href":"https:\/\/www.turkaesthetic.com\/it\/wp-json\/wp\/v2\/users\/1"}],"replies":[{"embeddable":true,"href":"https:\/\/www.turkaesthetic.com\/it\/wp-json\/wp\/v2\/comments?post=21973"}],"version-history":[{"count":0,"href":"https:\/\/www.turkaesthetic.com\/it\/wp-json\/wp\/v2\/pages\/21973\/revisions"}],"wp:featuredmedia":[{"embeddable":true,"href":"https:\/\/www.turkaesthetic.com\/it\/wp-json\/wp\/v2\/media\/21152"}],"wp:attachment":[{"href":"https:\/\/www.turkaesthetic.com\/it\/wp-json\/wp\/v2\/media?parent=21973"}],"wp:term":[{"taxonomy":"dep","embeddable":true,"href":"https:\/\/www.turkaesthetic.com\/it\/wp-json\/wp\/v2\/dep?post=21973"}],"curies":[{"name":"wp","href":"https:\/\/api.w.org\/{rel}","templated":true}]}}