{"id":21968,"date":"2022-01-07T09:17:12","date_gmt":"2022-01-07T06:17:12","guid":{"rendered":"http:\/\/turkaesthetic.com\/?page_id=21968"},"modified":"2025-03-06T16:37:47","modified_gmt":"2025-03-06T13:37:47","slug":"arm-lift","status":"publish","type":"page","link":"https:\/\/www.turkaesthetic.com\/it\/arm-lift\/","title":{"rendered":"Lifting Delle Braccia"},"content":{"rendered":"\n<p> Un l<strong>ifting delle braccia <\/strong>(brachioplastica) \u00e8 una procedura estetica che prevede la liposuzione e il rassodamento della pelle flaccida causata da perdita di peso, invecchiamento o altri fattori. Le cause comuni di braccia cadenti includono invecchiamento, obesit\u00e0, perdita di peso improvvisa, genetica, cambiamenti ormonali come aumento della secrezione di estrogeni, dieta povera priva di vitamine e minerali essenziali, mancanza di esercizio fisico e disidratazione.<\/p>\n\n\n\n<p>La procedura in genere dura dalle 2 alle 3 ore e viene eseguita in anestesia generale. I pazienti devono rimanere in ospedale per una notte dopo l&#8217;intervento. I risultati sono immediati e diventano pi\u00f9 evidenti man mano che il gonfiore post-operatorio si attenua. Con la cura adeguata, i risultati di un lifting delle braccia possono durare dai 10 ai 20 anni.<\/p>\n\n\n\n<p>Di seguito, puoi trovare alcune informazioni rapide sull&#8217;intervento:<\/p>\n\n\n\n<figure class=\"wp-block-table\"><table><tbody><tr><td>Anestesia&nbsp;<\/td><td>Generale<\/td><\/tr><tr><td>Durata della procedura<\/td><td>2 &#8211; 3 ore<\/td><\/tr><tr><td>Risultati<\/td><td>Immediato \/ 10 -20 anni circa&nbsp;<\/td><\/tr><tr><td>Convalescenza<\/td><td>7-10 giorni&nbsp;<\/td><\/tr><tr><td>Degenza ospedaliera<\/td><td>1 Notte<\/td><\/tr><\/tbody><\/table><figcaption class=\"wp-element-caption\">Lifting Delle Braccia in Turchia<\/figcaption><\/figure>\n\n\n\n<h2 class=\"wp-block-heading\">Come viene eseguito il lifting delle braccia (brachioplastica)?<\/h2>\n\n\n\n<p>Prima della procedura, il medico raccoglie informazioni dettagliate sulla storia clinica del paziente, inclusi eventuali farmaci assunti regolarmente e condizioni di salute esistenti. Segue una discussione sulla forma prevista delle braccia dopo l&#8217;intervento, per garantire che i risultati siano in linea con le proporzioni del corpo. Il paziente viene anche informato sul tipo di anestesia da utilizzare e sulle precauzioni necessarie prima di sottoporsi all&#8217;anestesia.<\/p>\n\n\n\n<p>Vengono condotti una serie di esami medici generali per confermare che il paziente sia in buona salute e idoneo alla procedura. Le aree da trattare vengono contrassegnate di conseguenza. Durante l&#8217;intervento, il medico esegue un&#8217;incisione chirurgica in un&#8217;area nascosta delle braccia, rimuove la pelle in eccesso ed esegue una liposuzione se necessario. Infine, i tessuti vengono rassodati e le incisioni vengono chiuse utilizzando suture estetiche riassorbibili per promuovere un processo di guarigione regolare.<\/p>\n\n\n\n<h3 class=\"wp-block-heading\">Video<\/h3>\n\n\n\n<p>Di seguito \u00e8 riportato un video che spiega in dettaglio l&#8217;intervento di lifting delle braccia:<\/p>\n\n\n\n<p>Tipi di procedure di lifting delle braccia (brachioplastica)<\/p>\n\n\n\n<p>Esistono tre tipi principali di questa procedura, ciascuno personalizzato in base alle condizioni del paziente e all&#8217;entit\u00e0 del cedimento e dell&#8217;accumulo di grasso:<\/p>\n\n\n\n<figure class=\"wp-block-embed is-type-video is-provider-youtube wp-block-embed-youtube wp-embed-aspect-16-9 wp-has-aspect-ratio\"><div class=\"wp-block-embed__wrapper\">\n<iframe loading=\"lazy\" title=\"Arm lift - Turk Aesthetic\" width=\"800\" height=\"450\" src=\"https:\/\/www.youtube.com\/embed\/aleyddeC4lI?feature=oembed\" frameborder=\"0\" allow=\"accelerometer; autoplay; clipboard-write; encrypted-media; gyroscope; picture-in-picture; web-share\" referrerpolicy=\"strict-origin-when-cross-origin\" allowfullscreen><\/iframe>\n<\/div><\/figure>\n\n\n\n<h2 class=\"wp-block-heading\">Mini lifting delle braccia<\/h2>\n\n\n\n<p>Un mini lifting delle braccia \u00e8 ideale per le persone con un eccesso minimo di pelle. In questa tecnica, viene praticata una piccola incisione chirurgica sotto l&#8217;ascella per rimuovere la pelle cadente. Se c&#8217;\u00e8 grasso in eccesso, si pu\u00f2 eseguire contemporaneamente una liposuzione per migliorare i risultati.<\/p>\n\n\n\n<figure class=\"wp-block-image size-full\"><img loading=\"lazy\" decoding=\"async\" width=\"1024\" height=\"576\" src=\"http:\/\/turkaesthetic.com\/wp-content\/uploads\/2022\/01\/minmal-arm-lift.webp\" alt=\"\" class=\"wp-image-21162\" srcset=\"https:\/\/www.turkaesthetic.com\/wp-content\/uploads\/2022\/01\/minmal-arm-lift.webp 1024w, https:\/\/www.turkaesthetic.com\/wp-content\/uploads\/2022\/01\/minmal-arm-lift-300x169.webp 300w, https:\/\/www.turkaesthetic.com\/wp-content\/uploads\/2022\/01\/minmal-arm-lift-768x432.webp 768w\" sizes=\"auto, (max-width: 1024px) 100vw, 1024px\" \/><figcaption class=\"wp-element-caption\">La chirurgia di brachioplasticain Turchia<\/figcaption><\/figure>\n\n\n\n<h3 class=\"wp-block-heading\">Lifting esteso delle braccia<\/h3>\n\n\n\n<p>Questa tecnica viene utilizzata per il rilassamento cutaneo moderato. L&#8217;incisione si estende dall&#8217;ascella al gomito, consentendo un rassodamento cutaneo pi\u00f9 significativo. Se necessario, durante la procedura pu\u00f2 essere eseguita anche una liposuzione.<\/p>\n\n\n\n<h4 class=\"wp-block-heading\">Lifting standard delle braccia<\/h4>\n\n\n\n<p>Per il rilassamento cutaneo grave, si consiglia il lifting completo delle braccia. In questa tecnica, viene praticata un&#8217;incisione a forma di T lungo il braccio, che si estende dall&#8217;ascella al gomito. Questo metodo \u00e8 il pi\u00f9 completo, rimuovendo efficacemente la pelle e il grasso in eccesso per ottenere un aspetto pi\u00f9 giovane e tonico.<\/p>\n\n\n\n<h4 class=\"wp-block-heading\">Lifting non chirurgico delle braccia<\/h4>\n\n\n\n<p>Per le persone che preferiscono un approccio non chirurgico, il rassodamento delle braccia pu\u00f2 essere ottenuto tramite procedure minimamente invasive. Questi metodi sono rapidi e facili da eseguire, ma i risultati sono temporanei e potrebbero non essere adatti per il rilassamento cutaneo grave. Le due principali tecniche non chirurgiche includono:<\/p>\n\n\n\n<ul class=\"wp-block-list\">\n<li><a href=\"https:\/\/www.turkaesthetic.com\/it\/non-surgical-it\/endolift-in-turkey\/\" target=\"_blank\" data-type=\"post\" data-id=\"44219\" rel=\"noreferrer noopener\">EndoLaser<\/a> Arm Lifting: utilizza l&#8217;energia laser per stimolare la produzione di collagene e migliorare la tonicit\u00e0 della pelle.<\/li>\n\n\n\n<li><a href=\"https:\/\/www.turkaesthetic.com\/it\/non-surgical-it\/hifu-in-turkey\/\" target=\"_blank\" data-type=\"post\" data-id=\"28493\" rel=\"noreferrer noopener\">HIFU<\/a> (ultrasuoni focalizzati ad alta intensit\u00e0): penetra in profondit\u00e0 negli strati della pelle per rassodare e ringiovanire le braccia cadenti.<\/li>\n<\/ul>\n\n\n\n<h3 class=\"wp-block-heading\">Chi pu\u00f2 sottoporsi a un intervento di lifting delle braccia?<\/h3>\n\n\n\n<p>I candidati idonei per l&#8217;intervento sono i soggetti che soddisfano i seguenti criteri:<\/p>\n\n\n\n<p>Et\u00e0 superiore ai 20 anni e buona salute generale<br>Soffrono di braccia cadenti a causa della perdita di peso o di fattori genetici<br>Cercano una soluzione a lungo termine per migliorare l&#8217;aspetto delle braccia e riacquistare fiducia in se stessi<\/p>\n\n\n\n<h3 class=\"wp-block-heading\">Chi dovrebbe evitare l&#8217;intervento di lifting delle braccia?<\/h3>\n\n\n\n<p>Soggetti di et\u00e0 inferiore ai 20 anni<br>Soffrono di malattie croniche o contagiose<br>Pazienti con piccole rughe della pelle, che possono trarre beneficio da trattamenti non chirurgici come laser o HIFU anzich\u00e9 dalla chirurgia<\/p>\n\n\n\n<h4 class=\"wp-block-heading\">Il medico che esegue l&#8217;intervento<\/h4>\n\n\n\n<p>Un lifting delle braccia \u00e8 una procedura estetica specializzata che deve essere eseguita da un chirurgo plastico esperto. I medici di altri campi medici non possono eseguire questo tipo di operazione. Quando si sceglie un ospedale o una clinica medica, \u00e8 essenziale assicurarsi:<\/p>\n\n\n\n<ul class=\"wp-block-list\">\n<li>Una clinica medica affidabile e certificata<\/li>\n\n\n\n<li>Un ambiente clinico sterile con elevati standard igienici<\/li>\n\n\n\n<li>Un chirurgo plastico altamente qualificato ed esperto<\/li>\n\n\n\n<li>Il costo della procedura pu\u00f2 riflettere la qualit\u00e0 e la credibilit\u00e0 della clinica. Si raccomanda di non contrattare sul prezzo, poich\u00e9 un costo pi\u00f9 elevato spesso garantisce risultati migliori, sicurezza e competenza.<\/li>\n<\/ul>\n\n\n\n<h3 class=\"wp-block-heading\">Anestesia utilizzata nell&#8217;intervento di lifting delle braccia<\/h3>\n\n\n\n<p>La procedura viene eseguita in anestesia generale. Per garantire la sicurezza, il paziente deve smettere di mangiare e bere almeno 6 ore prima dell&#8217;intervento per prevenire disturbi allo stomaco e rimanere in ospedale per una notte dopo la procedura per il monitoraggio e il recupero.evitare di sentirsi a disagio nello stomaco. Dopo essersi svegliato dall&#8217;operazione, il paziente rimane in ospedale per una notte in anestesia generale.<\/p>\n\n\n\n<h3 class=\"wp-block-heading\">Fasi della procedura di Lifting Delle Braccia<\/h3>\n\n\n<div id=\"rank-math-howto\" class=\"rank-math-block\" >\n<div class=\"rank-math-howto-description\">\n\n<p>La chirurgia di brachioplasticapassa attraverso tre fasi, come altre operazioni:<\/p>\n\n<\/div>\n<p class=\"rank-math-howto-duration\"><strong>Tempo totale:<\/strong> <span>3 ore<\/span><\/p>\n<div class=\"rank-math-steps \">\n<div id=\"howto-step-1678448227900\" class=\"rank-math-step\">\n<h3 class=\"rank-math-step-title \"><strong>Prima della procedura\u00a0<\/strong><\/h3>\n<div class=\"rank-math-step-content \"><p>Prima della procedura<br \/>Prima dell&#8217;intervento, il paziente deve:<br \/>-Informare il medico di eventuali malattie croniche o farmaci in uso.<br \/>-Discutere i risultati attesi con il medico.<br \/>-Evitare cibo e bevande per almeno 6 ore prima dell&#8217;intervento a causa dei requisiti di anestesia.<br \/>-Astenersi da alcol e fumo per almeno una settimana prima della procedura.<br \/>-Smettere di assumere farmaci anticoagulanti come l&#8217;aspirina (solo dopo aver consultato il medico).<br \/>-Indossare abiti comodi il giorno dell&#8217;operazione.<\/p>\n<\/div>\n<\/div>\n<div id=\"howto-step-1678448271810\" class=\"rank-math-step\">\n<h3 class=\"rank-math-step-title \"><strong>Durante la procedura\u00a0<\/strong><\/h3>\n<div class=\"rank-math-step-content \"><p>Un intervento di lifting delle braccia varia a seconda che sia mini, standard o esteso, in base alle condizioni del paziente e al livello di cedimento. Durante la procedura:<br \/>-Viene eseguita un&#8217;incisione chirurgica in un&#8217;area nascosta delle braccia.<br \/>-Se necessario, viene eseguita la rimozione del grasso (liposuzione).<br \/>-La pelle flaccida in eccesso viene rimossa con cura. &#8211; La pelle viene suturata con fili cosmetici riassorbibili, che scompaiono naturalmente entro due settimane.<\/p>\n<\/div>\n<\/div>\n<div id=\"howto-step-1678448281426\" class=\"rank-math-step\">\n<h3 class=\"rank-math-step-title \"><strong>Dopo la procedura\u00a0<\/strong><\/h3>\n<div class=\"rank-math-step-content \"><p>Dopo l&#8217;intervento, il paziente deve rimanere in ospedale per una o due notti. Il chirurgo plastico fornir\u00e0 istruzioni specifiche per garantire una corretta guarigione. Per ottenere i migliori risultati, il paziente deve:<br \/>Riposare completamente e assumere antidolorifici e farmaci antinfiammatori prescritti.<br \/>Evitare di fumare e interrompere l&#8217;uso di farmaci anticoagulanti.<br \/>Bere molti liquidi per favorire una pi\u00f9 rapida guarigione e guarigione delle ferite.<br \/>Dormire adeguatamente, sdraiandosi solo sulla schiena per un periodo specificato dal medico.<br \/>Seguire le istruzioni per la cura delle ferite per una guarigione ottimale.<\/p>\n<\/div>\n<\/div>\n<\/div>\n<\/div>\n<p class=\"rank-math-howto-estimatedCost\"><strong>Costo stimato:<\/strong> <span>2500 Euro<\/span><\/p>\n\n\n\n\n\n<h3 class=\"wp-block-heading\">Prima e dopo l&#8217;intervento di lifting delle braccia<\/h3>\n\n\n\n<p>I pazienti possono vedere miglioramenti significativi dopo la procedura. Molte foto prima e dopo di interventi chirurgici riusciti presso Turk Aesthetic a Istanbul mostrano la trasformazione.<\/p>\n\n\n\n<figure class=\"wp-block-gallery has-nested-images columns-default is-cropped wp-block-gallery-1 is-layout-flex wp-block-gallery-is-layout-flex\">\n<figure class=\"wp-block-image size-large\"><img loading=\"lazy\" decoding=\"async\" width=\"1200\" height=\"800\" data-id=\"50378\" src=\"https:\/\/www.turkaesthetic.com\/wp-content\/uploads\/2024\/01\/Arm-lift-before-after-5.webp\" alt=\"Prima e dopo il lifting delle braccia in Turchia\" class=\"wp-image-50378\"\/><figcaption class=\"wp-element-caption\">Prima e dopo il lifting delle braccia in Turchia<\/figcaption><\/figure>\n\n\n\n<figure class=\"wp-block-image size-large\"><img loading=\"lazy\" decoding=\"async\" width=\"1200\" height=\"800\" data-id=\"44929\" src=\"https:\/\/www.turkaesthetic.com\/wp-content\/uploads\/2023\/11\/before-after-arm-lift-4.jpg\" alt=\"Prima e dopo il lifting delle braccia in Turchia\" class=\"wp-image-44929\"\/><figcaption class=\"wp-element-caption\">Prima e dopo il lifting delle braccia in Turchia<\/figcaption><\/figure>\n\n\n\n<figure class=\"wp-block-image size-large\"><img loading=\"lazy\" decoding=\"async\" width=\"1200\" height=\"800\" data-id=\"44920\" src=\"https:\/\/www.turkaesthetic.com\/wp-content\/uploads\/2023\/11\/before-after-arm-lift-3.jpg\" alt=\"Prima e dopo il lifting delle braccia in Turchia\" class=\"wp-image-44920\"\/><figcaption class=\"wp-element-caption\">Prima e dopo il lifting delle braccia in Turchia<\/figcaption><\/figure>\n<\/figure>\n\n\n\n<h3 class=\"wp-block-heading\">Lifting laser delle braccia<\/h3>\n\n\n\n<p>La tecnologia laser ha guadagnato popolarit\u00e0 come opzione non chirurgica per il rassodamento delle braccia. Funziona emettendo raggi che stimolano la produzione di collagene, rendendo la pelle pi\u00f9 radiosa e giovane.<\/p>\n\n\n\n<p>Durata della sessione: 30-45 minuti<br>Sessioni richieste: pi\u00f9 sessioni per risultati duraturi<br>HIFU (ultrasuoni focalizzati ad alta intensit\u00e0)<br>La tecnica HIFU utilizza onde ultrasoniche per penetrare in profondit\u00e0 nella pelle, rassodandola in modo naturale e stimolando la produzione di collagene.<\/p>\n\n\n\n<p>Durata della sessione: 30-45 minuti<br>I risultati durano: circa un anno<\/p>\n\n\n\n<h3 class=\"wp-block-heading\">L&#8217;opzione chirurgica<\/h3>\n\n\n\n<p>Questa \u00e8 la soluzione pi\u00f9 efficace e permanente per il cedimento grave. \u00c8 classificata in mini, standard o lifting delle braccia estesi, a seconda del grado di cedimento.<\/p>\n\n\n\n<p>Mini lifting delle braccia: piccola incisione sotto l&#8217;ascella per un cedimento lieve.<br>Lifting standard delle braccia: si estende dall&#8217;ascella al gomito per un cedimento moderato.<br>Lifting esteso delle braccia: viene eseguita un&#8217;incisione a forma di T per un cedimento grave. L&#8217;opzione chirurgica \u00e8 consigliata per miglioramenti duraturi e notevoli, mentre laser e HIFU sono migliori per i casi lievi.<\/p>\n\n\n\n<h3 class=\"wp-block-heading\">Istruzioni post-operatorie<\/h3>\n\n\n\n<p>Dopo l&#8217;intervento, i pazienti devono attenersi a diverse linee guida importanti per garantire una corretta guarigione e i migliori risultati possibili:<\/p>\n\n\n\n<p>Seguire rigorosamente le istruzioni del medico e assumere i farmaci prescritti in tempo.<br>Evitare l&#8217;esposizione alla luce solare diretta o al calore per prevenire complicazioni.<br>Dormire solo sulla schiena e assicurarsi di muoversi frequentemente per evitare rigidit\u00e0.<br>Bere molta acqua e liquidi per favorire la guarigione.<br>Indossare il corsetto compressivo fornito dal medico per il periodo consigliato per ridurre il gonfiore e favorire la guarigione.<\/p>\n\n\n\n<h3 class=\"wp-block-heading\">Pro e contro dell&#8217;intervento<\/h3>\n\n\n\n<p><strong>Contro<\/strong><\/p>\n\n\n\n<p>Le sfide di un intervento di lifting delle braccia dipendono in gran parte dall&#8217;esperienza del chirurgo e dall&#8217;aderenza del paziente alle istruzioni post-operatorie. I possibili svantaggi includono:<\/p>\n\n\n\n<p>Non ottenere i risultati attesi se la procedura non viene eseguita correttamente.<br>Lieve asimmetria tra entrambe le braccia in rari casi.<br>Temporanea limitazione del movimento del braccio nel periodo di recupero iniziale. <\/p>\n\n\n\n<p><strong>Positivi<br><\/strong>Se eseguito con successo, offre diversi benefici estetici e psicologici, tra cui:<\/p>\n\n\n\n<p>Maggiore autostima grazie al miglioramento dell&#8217;aspetto del braccio.<br>Un aspetto pi\u00f9 giovane, sodo e tonico dopo aver eliminato il cedimento.<br>Ripristino della forma naturale del braccio per una figura pi\u00f9 proporzionata e attraente.<\/p>\n\n\n\n<p><strong>Effetti collaterali dell&#8217;intervento<\/strong><\/p>\n\n\n\n<ul class=\"wp-block-list\">\n<li>Gonfiore e rossore alle braccia (temporanei).<\/li>\n\n\n\n<li>Leggero prurito nel sito di sutura chirurgica.<\/li>\n\n\n\n<li>Disagio nel periodo di recupero iniziale.<\/li>\n\n\n\n<li>Intorpidimento temporaneo nella zona trattata.<\/li>\n\n\n\n<li>Leggero dolore, che pu\u00f2 essere gestito con antidolorifici prescritti dal medico.<\/li>\n<\/ul>\n\n\n\n<h3 class=\"wp-block-heading\">Intervento di lifting delle braccia in Turchia (Istanbul)<\/h3>\n\n\n\n<p>La Turchia, in generale, e Istanbul, in particolare, sono destinazioni popolari per molti turisti che visitano sia per il trattamento che per il turismo. Ci\u00f2 \u00e8 dovuto ai numerosi vantaggi offerti, come un&#8217;ampia gamma di opzioni, la competenza dei medici, la qualit\u00e0 del servizio e prezzi ragionevoli. L&#8217;operazione di lifting delle braccia in Turchia \u00e8 una delle procedure cosmetiche pi\u00f9 richieste, con costi che vanno da 2.500 euro a 3.500 euro, a seconda della clinica e delle specifiche dell&#8217;operazione.<\/p>\n\n\n\n<h4 class=\"wp-block-heading\">Costo dell&#8217;operazione di lifting delle braccia in Turchia Istanbul<\/h4>\n\n\n\n<p>Il costo della brachioplastica in Turchia varia a seconda di diversi fattori:<\/p>\n\n\n\n<ul class=\"wp-block-list\">\n<li>La reputazione della clinica medica o dell&#8217;ospedale<\/li>\n\n\n\n<li>L&#8217;esperienza del medico<\/li>\n\n\n\n<li>Dettagli della procedura<\/li>\n\n\n\n<li>I servizi aggiuntivi forniti dalla clinica, poich\u00e9 alcune cliniche offrono pacchetti che includono trattamento, alloggio e trasporto<\/li>\n\n\n\n<li>Presso Turk Aesthetic a Istanbul, Turchia, il costo dell&#8217;operazione \u00e8 determinato dai dettagli della procedura e varia da 2.500 a 3.500 euro.<\/li>\n<\/ul>\n\n\n\n<p>Per informazioni sul costo di un pacchetto che include alloggio e trasporto, puoi contattare il team di <strong>Turk Aesthetic<\/strong> tramite la pagina dei contatti.<\/p>\n\n\n\n<h2 class=\"wp-block-heading\">FAQ &#8211; Chirurgia del Lifting Delle Braccia<\/h2>\n\n\n<div id=\"rank-math-faq\" class=\"rank-math-block\">\n<div class=\"rank-math-list \">\n<div id=\"faq-question-1678447879431\" class=\"rank-math-list-item\">\n<h3 class=\"rank-math-question \"><strong>Quanto dura una procedura di lifting delle braccia?<\/strong><\/h3>\n<div class=\"rank-math-answer \">\n\n<p>Circa 2-3 ore in base ai dettagli dell&#8217;operazione.<\/p>\n\n<\/div>\n<\/div>\n<div id=\"faq-question-1741268074110\" class=\"rank-math-list-item\">\n<h3 class=\"rank-math-question \">Quando appariranno i risultati della procedura di lifting delle braccia?<\/h3>\n<div class=\"rank-math-answer \">\n\n<p>I risultati della procedura sono immediati e possono essere chiaramente visti una volta che gli effetti dell&#8217;operazione sono svaniti.<\/p>\n\n<\/div>\n<\/div>\n<div id=\"faq-question-1741268081966\" class=\"rank-math-list-item\">\n<h3 class=\"rank-math-question \">Qual \u00e8 il tasso di successo della brachioplastica?<\/h3>\n<div class=\"rank-math-answer \">\n\n<p>Il grado di risultati \u00e8 proporzionale all&#8217;abilit\u00e0 del medico che esegue la procedura e all&#8217;impegno del paziente nel seguire le istruzioni mediche raccomandate dopo l&#8217;operazione. In generale, il tasso di successo dell&#8217;operazione \u00e8 elevato rispetto ad altre operazioni.<\/p>\n\n<\/div>\n<\/div>\n<div id=\"faq-question-1741268088868\" class=\"rank-math-list-item\">\n<h3 class=\"rank-math-question \">Che tipo di anestesia viene utilizzata per un lifting delle braccia?<\/h3>\n<div class=\"rank-math-answer \">\n\n<p>Un&#8217;operazione di lifting delle braccia pu\u00f2 essere eseguita in anestesia generale.<\/p>\n\n<\/div>\n<\/div>\n<div id=\"faq-question-1741268096145\" class=\"rank-math-list-item\">\n<h3 class=\"rank-math-question \">Qual \u00e8 il costo dell&#8217;operazione di lifting delle braccia in Turchia?<\/h3>\n<div class=\"rank-math-answer \">\n\n<p>A Turk Aesthetic Istanbul, il costo dell&#8217;operazione di lifting delle braccia varia tra 2500 e 3500 euro.<\/p>\n\n<\/div>\n<\/div>\n<div id=\"faq-question-1741268103503\" class=\"rank-math-list-item\">\n<h3 class=\"rank-math-question \">Qual \u00e8 il periodo di recupero dopo la brachioplastica?<\/h3>\n<div class=\"rank-math-answer \">\n\n<p>Circa una settimana o dieci giorni.<\/p>\n\n<\/div>\n<\/div>\n<div id=\"faq-question-1741268110263\" class=\"rank-math-list-item\">\n<h3 class=\"rank-math-question \">I risultati dell&#8217;operazione di lifting delle braccia sono permanenti?<\/h3>\n<div class=\"rank-math-answer \">\n\n<p>L&#8217;intervento di lifting delle braccia \u00e8 una soluzione radicale per sbarazzarsi di rughe e cedimenti, e i suoi risultati possono variare tra 10 e 20 anni.<\/p>\n\n<\/div>\n<\/div>\n<div id=\"faq-question-1741268123241\" class=\"rank-math-list-item\">\n<h3 class=\"rank-math-question \">Qual \u00e8 il costo del lifting non chirurgico delle braccia?<\/h3>\n<div class=\"rank-math-answer \">\n\n<p>Il costo varia in base al tipo di tecnica utilizzata e al numero di sedute eseguite.<\/p>\n\n<\/div>\n<\/div>\n<\/div>\n<\/div>\n\n\n<p>Infine, puoi <a href=\"http:\/\/turkaesthetic.com\/it\/contact-us\/\" target=\"_blank\" data-type=\"page\" data-id=\"21028\" rel=\"noreferrer noopener\">contattare<\/a> direttamente tramite il link per richiedere informazioni e prezzi al <a href=\"https:\/\/www.youtube.com\/channel\/UC0zggzdm5CFwpRMmn_CPpFQ\" target=\"_blank\" data-type=\"URL\" data-id=\"https:\/\/www.youtube.com\/channel\/UC0zggzdm5CFwpRMmn_CPpFQ\" rel=\"noreferrer noopener\">Turk Aesthetic<\/a> Istanbul Center.<\/p>\n","protected":false},"excerpt":{"rendered":"<p>Un lifting delle braccia (brachioplastica) \u00e8 una procedura estetica che prevede la liposuzione e il rassodamento della pelle flaccida causata da perdita di peso, invecchiamento o altri fattori. Le cause comuni di braccia cadenti includono invecchiamento, obesit\u00e0, perdita di peso improvvisa, genetica, cambiamenti ormonali come aumento della secrezione di estrogeni, dieta povera priva di vitamine [&hellip;]<\/p>\n","protected":false},"author":1,"featured_media":21161,"parent":0,"menu_order":0,"comment_status":"closed","ping_status":"closed","template":"","meta":{"footnotes":""},"dep":[1354],"class_list":["post-21968","page","type-page","status-publish","has-post-thumbnail","hentry","dep-plastic-surgeries"],"_links":{"self":[{"href":"https:\/\/www.turkaesthetic.com\/it\/wp-json\/wp\/v2\/pages\/21968","targetHints":{"allow":["GET"]}}],"collection":[{"href":"https:\/\/www.turkaesthetic.com\/it\/wp-json\/wp\/v2\/pages"}],"about":[{"href":"https:\/\/www.turkaesthetic.com\/it\/wp-json\/wp\/v2\/types\/page"}],"author":[{"embeddable":true,"href":"https:\/\/www.turkaesthetic.com\/it\/wp-json\/wp\/v2\/users\/1"}],"replies":[{"embeddable":true,"href":"https:\/\/www.turkaesthetic.com\/it\/wp-json\/wp\/v2\/comments?post=21968"}],"version-history":[{"count":0,"href":"https:\/\/www.turkaesthetic.com\/it\/wp-json\/wp\/v2\/pages\/21968\/revisions"}],"wp:featuredmedia":[{"embeddable":true,"href":"https:\/\/www.turkaesthetic.com\/it\/wp-json\/wp\/v2\/media\/21161"}],"wp:attachment":[{"href":"https:\/\/www.turkaesthetic.com\/it\/wp-json\/wp\/v2\/media?parent=21968"}],"wp:term":[{"taxonomy":"dep","embeddable":true,"href":"https:\/\/www.turkaesthetic.com\/it\/wp-json\/wp\/v2\/dep?post=21968"}],"curies":[{"name":"wp","href":"https:\/\/api.w.org\/{rel}","templated":true}]}}