{"id":21963,"date":"2021-12-30T13:20:04","date_gmt":"2021-12-30T10:20:04","guid":{"rendered":"http:\/\/turkaesthetic.com\/?page_id=21963"},"modified":"2025-03-27T14:01:27","modified_gmt":"2025-03-27T11:01:27","slug":"facelift","status":"publish","type":"page","link":"https:\/\/www.turkaesthetic.com\/it\/facelift\/","title":{"rendered":"Lifting Del Viso"},"content":{"rendered":"\n<p>Lifting del viso<strong> <\/strong>(ritidectomia) \u00e8 una procedura estetica progettata per eliminare le rughe e il rilassamento cutaneo del viso causato dall&#8217;invecchiamento, con conseguente aspetto pi\u00f9 giovanile. Questo intervento rimodella anche il collo e il mento. La procedura dura in genere dalle 2 alle 4 ore e viene eseguita in anestesia generale. I pazienti devono solitamente rimanere in ospedale per una notte dopo l&#8217;intervento. I risultati diventano visibili quando gli effetti immediati dell&#8217;intervento si attenuano e possono durare dai 7 ai 15 anni.<\/p>\n\n\n\n<figure class=\"wp-block-table\"><table><tbody><tr><td>Anestesia&nbsp;<\/td><td>Generale<\/td><\/tr><tr><td>Durata della procedura<\/td><td>2 &#8211; 4 ore<\/td><\/tr><tr><td>Risultati<\/td><td>Immediato \/ 10 anni circa&nbsp;<\/td><\/tr><tr><td>Convalescenza<\/td><td>7-10 giorni&nbsp;<\/td><\/tr><tr><td>Ospedalizzazione&nbsp;<\/td><td>1 Notte<\/td><\/tr><\/tbody><\/table><figcaption class=\"wp-element-caption\">Lifting Del Viso<\/figcaption><\/figure>\n\n\n\n<h2 class=\"wp-block-heading\">Come viene eseguito l&#8217;intervento di Lifting Del Viso?<\/h2>\n\n\n\n<p>I chirurghi esperti spesso combinano un lifting con un lifting delle palpebre per ottenere risultati migliori. L&#8217;intervento inizia con un&#8217;incisione all&#8217;attaccatura dei capelli sopra e davanti all&#8217;orecchio (regione temporale). L&#8217;incisione si estende verso il basso, quindi curva dietro l&#8217;orecchio, terminando infine all&#8217;attaccatura dei capelli dietro l&#8217;orecchio.<\/p>\n\n\n\n<p>Durante la procedura, il chirurgo solleva la pelle e il tessuto adiposo dal muscolo sottostante e dal tessuto connettivo per affrontare il rilassamento cutaneo. La pelle viene quindi tirata indietro e verso l&#8217;alto, rimuovendo qualsiasi tessuto in eccesso. Una volta apportate le modifiche, l&#8217;incisione viene chiusa con punti e suture cosmetiche che si dissolvono nel tempo. In alcuni casi, i chirurghi possono posizionare uno speciale tubo di drenaggio nelle ferite per aiutare a gestire l&#8217;accumulo di liquidi, a seconda della situazione.<\/p>\n\n\n\n<h3 class=\"wp-block-heading\">Video<\/h3>\n\n\n\n<p>Di seguito \u00e8 riportato un video di una procedura di lifting del viso.<\/p>\n\n\n\n<figure class=\"wp-block-embed is-type-video is-provider-youtube wp-block-embed-youtube wp-embed-aspect-16-9 wp-has-aspect-ratio\"><div class=\"wp-block-embed__wrapper\">\n<iframe loading=\"lazy\" title=\"Facelift - Turk Aesthetic\" width=\"800\" height=\"450\" src=\"https:\/\/www.youtube.com\/embed\/He0foU7OQBs?feature=oembed\" frameborder=\"0\" allow=\"accelerometer; autoplay; clipboard-write; encrypted-media; gyroscope; picture-in-picture; web-share\" referrerpolicy=\"strict-origin-when-cross-origin\" allowfullscreen><\/iframe>\n<\/div><figcaption class=\"wp-element-caption\">lifting del viso<\/figcaption><\/figure>\n\n\n\n<h3 class=\"wp-block-heading\">Opzioni di lifting non chirurgico<\/h3>\n\n\n\n<p>Un lifting pu\u00f2 essere eseguito senza intervento chirurgico. Questi metodi non chirurgici sono noti per la loro semplicit\u00e0 e i risultati rapidi; tuttavia, \u00e8 importante notare che in genere non forniscono effetti duraturi e potrebbero non essere adatti ai casi avanzati. I metodi di lifting non chirurgico includono:<\/p>\n\n\n\n<ul class=\"wp-block-list\">\n<li><a href=\"https:\/\/www.turkaesthetic.com\/it\/botox\/\" data-type=\"page\" data-id=\"21856\" target=\"_blank\" rel=\"noreferrer noopener\">Botox<\/a>.<\/li>\n\n\n\n<li>Laser.<\/li>\n\n\n\n<li><a href=\"https:\/\/www.turkaesthetic.com\/it\/non-surgical-it\/hifu-in-turkey\/\" data-type=\"post\" data-id=\"28493\" target=\"_blank\" rel=\"noreferrer noopener\">HIFU<\/a>.<\/li>\n\n\n\n<li><a href=\"https:\/\/www.turkaesthetic.com\/it\/non-surgical-it\/endolift-in-turkey\/\" data-type=\"post\" data-id=\"44219\" target=\"_blank\" rel=\"noreferrer noopener\">Endolift.<\/a><\/li>\n<\/ul>\n\n\n\n<p><strong>Chi pu\u00f2 sottoporsi alla procedura?<\/strong><\/p>\n\n\n\n<p>Gli individui in buona salute, di et\u00e0 superiore ai 20 anni, e che hanno sviluppato rughe facciali dovute a fattori genetici o ambientali che contribuiscono a un aspetto invecchiato o poco attraente possono prendere in considerazione questa procedura per ripristinare la propria autostima. Queste rughe possono portare a sentimenti di imbarazzo e a un ridotto senso di autostima.<\/p>\n\n\n\n<p><strong>Chi non pu\u00f2 sottoporsi?<\/strong><\/p>\n\n\n\n<p>Individui di et\u00e0 inferiore ai 20 anni. Individui affetti da una malattia cronica o contagiosa<br>Per gli individui con rughe lievi che non necessitano di interventi chirurgici, sono disponibili opzioni pi\u00f9 semplici per aiutarli a nasconderle. Trattamenti come iniezioni di Botox e una buona routine di cura personale possono essere efficaci. Molti scelgono di aspettare di essere pi\u00f9 grandi per prendere in considerazione procedure pi\u00f9 avanzate.<\/p>\n\n\n\n<h3 class=\"wp-block-heading\">Il medico che esegue la chirurgia del lifting<\/h3>\n\n\n\n<p>Un lifting \u00e8 una procedura estetica che dovrebbe essere eseguita solo da un chirurgo plastico qualificato con esperienza pertinente. I chirurghi di altre specialit\u00e0 non sono formati per eseguire questa operazione. Quando si seleziona un ospedale o una clinica medica per la procedura, \u00e8 essenziale scegliere una struttura affidabile che mantenga un elevato standard di pulizia e sterilizzazione, oltre ad avere un chirurgo altamente qualificato.<\/p>\n\n\n\n<p>L&#8217;elevato costo dei lifting pu\u00f2 riflettere la qualit\u00e0 e la credibilit\u00e0 della clinica. Pertanto, \u00e8 consigliabile non negoziare o contrattare sul prezzo della procedura.bilit\u00e0 del centro, quindi \u00e8 meglio non discutere o negoziare sulla questione del prezzo elevato.<\/p>\n\n\n\n<figure class=\"wp-block-image size-full\"><img loading=\"lazy\" decoding=\"async\" width=\"1024\" height=\"683\" src=\"http:\/\/turkaesthetic.com\/wp-content\/uploads\/2021\/12\/face-lift.webp\" alt=\"lifting facciale in Turchia\" class=\"wp-image-21146\" srcset=\"https:\/\/www.turkaesthetic.com\/wp-content\/uploads\/2021\/12\/face-lift.webp 1024w, https:\/\/www.turkaesthetic.com\/wp-content\/uploads\/2021\/12\/face-lift-300x200.webp 300w, https:\/\/www.turkaesthetic.com\/wp-content\/uploads\/2021\/12\/face-lift-768x512.webp 768w\" sizes=\"auto, (max-width: 1024px) 100vw, 1024px\" \/><figcaption class=\"wp-element-caption\">Lifting Del Viso<\/figcaption><\/figure>\n\n\n\n<h3 class=\"wp-block-heading\">Tipi di anestesia Lifting Del Viso<\/h3>\n\n\n\n<p>L&#8217;intervento di lifting pu\u00f2 essere eseguito solo in anestesia generale. I pazienti devono astenersi dal mangiare o dal bere per sei ore prima dell&#8217;operazione per evitare fastidi allo stomaco al risveglio. Dopo la procedura, il paziente rimane in ospedale per una notte in anestesia generale.<\/p>\n\n\n\n<h3 class=\"wp-block-heading\">Fasi della procedura di Lifting Del Viso<\/h3>\n\n\n<div id=\"rank-math-howto\" class=\"rank-math-block\" >\n<div class=\"rank-math-howto-description\">\n\n<p>L&#8217;intervento attraversa tre fasi, come altre operazioni:<\/p>\n\n<\/div>\n<p class=\"rank-math-howto-duration\"><strong>Tempo totale:<\/strong> <span>3 ore<\/span><\/p>\n<div class=\"rank-math-steps \">\n<div id=\"howto-step-1678527849114\" class=\"rank-math-step\">\n<h3 class=\"rank-math-step-title \"><strong>Prima di iniziare il processo<\/strong><\/h3>\n<div class=\"rank-math-step-content \"><p>Prima di sottoporsi all&#8217;intervento, \u00e8 essenziale informare il medico di eventuali malattie croniche, farmaci che si stanno assumendo e di eventuali interventi chirurgici precedenti. Fornire informazioni complete e accurate sulla propria salute \u00e8 fondamentale. Ecco alcune istruzioni essenziali da seguire:<br \/>1- Discutere i risultati attesi con il medico prima della procedura.<br \/>2- Evitare di mangiare e bere per almeno sei ore prima dell&#8217;operazione se si riceve un&#8217;anestesia generale.<br \/>3- Informare il medico di eventuali farmaci che si assumono regolarmente.<br \/>4- Astenersi dal consumare alcol e dal fumare per almeno una settimana prima dell&#8217;intervento.<br \/>5- Consulta il tuo medico per interrompere l&#8217;assunzione di farmaci anticoagulanti, come l&#8217;aspirina.<br \/>6- Indossa abiti comodi il giorno dell&#8217;operazione.<\/p>\n<\/div>\n<\/div>\n<div id=\"howto-step-1678527892031\" class=\"rank-math-step\">\n<h3 class=\"rank-math-step-title \"><strong>Operazione in corso<\/strong><\/h3>\n<div class=\"rank-math-step-content \"><p>Dopo aver somministrato l&#8217;anestesia generale, il chirurgo esegue un&#8217;incisione che inizia dall&#8217;attaccatura dei capelli sopra e davanti all&#8217;orecchio (la regione temporale). Questa incisione si estende verso il basso fino a sotto l&#8217;orecchio, quindi si curva dietro l&#8217;orecchio, terminando all&#8217;attaccatura dei capelli dietro di esso.<br \/>Il chirurgo solleva quindi la pelle e il tessuto adiposo dal muscolo sottostante e dal tessuto connettivo, se necessario, per risolvere il problema della pelle cadente. La pelle viene tirata indietro e verso l&#8217;alto e qualsiasi tessuto in eccesso viene rimosso. Infine, la ferita viene chiusa con punti e suture cosmetiche che si dissolvono nel tempo. A volte, il chirurgo pu\u00f2 posizionare un tubo speciale nella ferita per aiutare a drenare i liquidi.<\/p>\n<\/div>\n<\/div>\n<div id=\"howto-step-1678527914074\" class=\"rank-math-step\">\n<h3 class=\"rank-math-step-title \"><strong>Dopo l\u2019operazione<\/strong><\/h3>\n<div class=\"rank-math-step-content \"><p>Dopo l&#8217;operazione, il paziente deve rimanere in ospedale per una o due notti. Il chirurgo plastico fornisce istruzioni specifiche e pi\u00f9 il paziente segue queste linee guida, pi\u00f9 successo avranno i risultati. Ecco alcune considerazioni importanti:<br \/>1- Riposo: assicurati di riposare completamente. Prendi tutti i farmaci prescritti dal tuo medico, inclusi antidolorifici e antinfiammatori, per ridurre al minimo le complicazioni.<br \/>2- Fumo e farmaci: riduci o smetti di fumare e interrompi i farmaci anticoagulanti come consigliato dal tuo medico.<br \/>3- Idratazione: bevi molti liquidi per favorire la guarigione e favorire una pi\u00f9 rapida guarigione delle ferite.<br \/>4- Posizione per dormire: dormi a sufficienza dopo l&#8217;operazione e sdraiati sulla schiena solo per la durata specificata dal tuo medico.<br \/>5- Cura delle ferite: pratica un&#8217;attenta cura delle ferite per garantire una corretta guarigione.<\/p>\n<\/div>\n<\/div>\n<\/div>\n<\/div>\n<p class=\"rank-math-howto-estimatedCost\"><strong>Costo stimato:<\/strong> <span>3250 Euro<\/span><\/p>\n\n\n\n\n\n<h3 class=\"wp-block-heading\">Lifting Del Viso prima e dopo il viso<\/h3>\n\n\n\n<p>Ecco alcune foto prima e dopo la procedura di lifting del viso eseguita presso Turk Aesthetic.<\/p>\n\n\n\n<figure class=\"wp-block-gallery has-nested-images columns-default is-cropped wp-block-gallery-1 is-layout-flex wp-block-gallery-is-layout-flex\">\n<figure class=\"wp-block-image size-large\"><img loading=\"lazy\" decoding=\"async\" width=\"1200\" height=\"800\" data-id=\"50369\" src=\"https:\/\/www.turkaesthetic.com\/wp-content\/uploads\/2024\/01\/Face-lift-before-after-6.webp\" alt=\"Prima e dopo il lifting in Turchia\" class=\"wp-image-50369\"\/><figcaption class=\"wp-element-caption\">lifting del viso<\/figcaption><\/figure>\n\n\n\n<figure class=\"wp-block-image size-large\"><img loading=\"lazy\" decoding=\"async\" width=\"1200\" height=\"800\" data-id=\"45523\" src=\"https:\/\/www.turkaesthetic.com\/wp-content\/uploads\/2023\/11\/before-after-face-lift-3.jpg\" alt=\"Prima e dopo il lifting in Turchia\" class=\"wp-image-45523\"\/><figcaption class=\"wp-element-caption\">lifting del viso<\/figcaption><\/figure>\n<\/figure>\n\n\n\n<h3 class=\"wp-block-heading\">Tecniche di lifting del viso<\/h3>\n\n\n\n<p><strong>Botox<\/strong><\/p>\n\n\n\n<p>Il Botox \u00e8 utilizzato in diversi campi, tra cui l&#8217;uso cosmetico e terapeutico, ed \u00e8 miscelato contemporaneamente. Il Botox \u00e8 utilizzato per eliminare rughe superficiali e leggere in aree del viso, come la fronte e i bordi degli occhi. A volte \u00e8 utilizzato anche nel collo o nella zona del collo per eliminare rughe e palato stretto. Questa tecnica \u00e8 chiamata tecnica Nefertiti. I risultati di una sessione di Botox durano circa 4-6 mesi.<\/p>\n\n\n\n<p><strong>Laser<\/strong><\/p>\n\n\n\n<p>Il lifting viso laser \u00e8 emerso come un&#8217;alternativa popolare nelle procedure cosmetiche, ben lontano dalla sua precedente impopolarit\u00e0 dovuta ai costi elevati. Questo trattamento utilizza la tecnologia laser per emettere raggi che stimolano le cellule della pelle, incoraggiando la produzione di collagene. Di conseguenza, la pelle appare pi\u00f9 radiosa e giovane. Ogni sessione di lifting viso laser dura circa 30-45 minuti e sono necessarie pi\u00f9 sessioni per mantenere i risultati nel tempo.<\/p>\n\n\n\n<figure class=\"wp-block-image size-full\"><img loading=\"lazy\" decoding=\"async\" width=\"1024\" height=\"682\" src=\"http:\/\/turkaesthetic.com\/wp-content\/uploads\/2021\/12\/facelift-doctor.webp\" alt=\"lifting facciale in Turchia\" class=\"wp-image-21151\" srcset=\"https:\/\/www.turkaesthetic.com\/wp-content\/uploads\/2021\/12\/facelift-doctor.webp 1024w, https:\/\/www.turkaesthetic.com\/wp-content\/uploads\/2021\/12\/facelift-doctor-300x200.webp 300w, https:\/\/www.turkaesthetic.com\/wp-content\/uploads\/2021\/12\/facelift-doctor-768x512.webp 768w\" sizes=\"auto, (max-width: 1024px) 100vw, 1024px\" \/><figcaption class=\"wp-element-caption\">Lifting Del Viso<\/figcaption><\/figure>\n\n\n\n<p><strong>Filo<\/strong><\/p>\n\n\n\n<p>Il lifting del viso con fili \u00e8 pi\u00f9 adatto alle rughe di grado da lieve a medio e non risolve efficacemente il rilassamento cutaneo complesso. L&#8217;idea alla base del lifting del viso con fili \u00e8 quella di rassodare la pelle flaccida visibile con fili medicali, che forniscono risultati a medio termine. La durata di questi risultati varia in base alla qualit\u00e0 dei fili. I risultati possono durare fino a due anni con fili di qualit\u00e0 standard, mentre i fili di alta qualit\u00e0 possono durare circa cinque anni. I pazienti possono scegliere di ripetere la procedura una volta che il rilassamento cutaneo diventa di nuovo evidente. Durante la procedura viene utilizzata l&#8217;anestesia locale.<\/p>\n\n\n\n<p><strong>HIFU<\/strong><\/p>\n\n\n\n<p>(High-Intensity Focused Ultrasound) utilizza onde ultrasoniche focalizzate per trattare il rilassamento cutaneo e le rughe. Queste onde penetrano in profondit\u00e0 nella pelle, stimolandone il rassodamento, il che aiuta a ripristinare l&#8217;elasticit\u00e0 e a stimolare la produzione di collagene per un aspetto cutaneo migliore. I risultati della tecnica di lifting del viso HIFU durano generalmente circa un anno e ogni sessione dura circa 30-45 minuti.<\/p>\n\n\n\n<p><strong>Lifting non chirurgico con Endolift<\/strong><\/p>\n\n\n\n<p>Endolift \u00e8 una procedura di lifting non chirurgico che utilizza l&#8217;energia laser per rassodare la pelle, stimolare la produzione di collagene e ridurre il grasso. Comporta l&#8217;inserimento di una sottile fibra laser sotto la pelle per ottenere effetti di lifting e contouring. \u00c8 minimamente invasivo, non richiede tempi di recupero e migliora l&#8217;elasticit\u00e0 della pelle nel tempo.<\/p>\n\n\n\n<p><strong>Mini lifting<\/strong><\/p>\n\n\n\n<p>Potrebbe non essere necessario un lifting completo; \u00e8 possibile eseguire un lifting medio o mini. Questa procedura comporta una piccola incisione nella zona della palpebra inferiore e, in rari casi, pu\u00f2 essere eseguita anche dall&#8217;interno della bocca. L&#8217;obiettivo \u00e8 quello di sollevare i muscoli delle guance che potrebbero essersi ceduti a causa dell&#8217;invecchiamento, della perdita di peso o di altri fattori, restituendo un aspetto pi\u00f9 giovanile alle guance. Il mini lifting viene in genere eseguito in anestesia generale e di solito dura circa due ore in media.<\/p>\n\n\n\n<p><strong>L&#8217;intervento<\/strong><\/p>\n\n\n\n<p>L&#8217;intervento di lifting \u00e8 un&#8217;opzione di chirurgia plastica popolare utilizzata nei casi avanzati in cui le tecniche non chirurgiche non possono affrontare efficacemente le rughe del viso. \u00c8 considerata una soluzione pi\u00f9 radicale per il trattamento della pelle del viso cadente.<\/p>\n\n\n\n<h3 class=\"wp-block-heading\">Istruzioni post-operatorie per il lifting<\/h3>\n\n\n\n<p>Ci sono molte istruzioni da seguire dopo un lifting del viso, le pi\u00f9 importanti delle quali sono:<\/p>\n\n\n\n<ul class=\"wp-block-list\">\n<li>Seguire rigorosamente le istruzioni fornite dal medico e attenersi all&#8217;uso di farmaci in tempo.<\/li>\n\n\n\n<li>Evitare l&#8217;esposizione alla luce solare diretta o al calore.<\/li>\n\n\n\n<li>Evitare di usare il trucco e lavare il viso solo con acqua fredda senza sapone.<\/li>\n\n\n\n<li>Dormire solo sdraiati sulla schiena e assicurarsi di dormire in modo volubile.<\/li>\n\n\n\n<li>Bere molta acqua e liquidi.<\/li>\n\n\n\n<li>Impegnarsi a indossare il corsetto fornito dal medico durante il periodo specificato.<\/li>\n<\/ul>\n\n\n\n<h3 class=\"wp-block-heading\">Pro e contro di un lifting del viso<\/h3>\n\n\n\n<p><strong>Contro<\/strong><\/p>\n\n\n\n<p>Gli aspetti negativi associati alla chirurgia del lifting stanno diventando sempre pi\u00f9 diffusi. Questi problemi spesso derivano dal livello di esperienza del chirurgo e dall&#8217;incapacit\u00e0 del paziente di seguire le istruzioni post-operatorie. Una delle preoccupazioni pi\u00f9 significative \u00e8 la possibilit\u00e0 di non ottenere i risultati desiderati. In rari casi, potrebbe anche esserci uno squilibrio nella simmetria tra i due lati del viso.<\/p>\n\n\n\n<p><strong>Pro<\/strong><\/p>\n\n\n\n<p>Dal lato positivo, quando l&#8217;intervento ha successo, i pazienti spesso sperimentano un aumento dell&#8217;autostima dovuto alla riduzione delle rughe del viso, con conseguente aspetto pi\u00f9 giovanile e attraente.<\/p>\n\n\n\n<p><strong>Effetti collaterali<\/strong><\/p>\n\n\n\n<p>Tuttavia, ci sono alcuni effetti collaterali di cui essere consapevoli, tra cui:<\/p>\n\n\n\n<ul class=\"wp-block-list\">\n<li>Gonfiore e rossore al viso.<\/li>\n\n\n\n<li>Lieve prurito nel sito di sutura chirurgica.<\/li>\n\n\n\n<li>Disagio durante la prima settimana.<\/li>\n\n\n\n<li>Intorpidimento temporaneo.<\/li>\n<\/ul>\n\n\n\n<h3 class=\"wp-block-heading\">Chirurgia del lifting del viso in Turchia Istanbul<\/h3>\n\n\n\n<p>La Turchia, in particolare Istanbul, \u00e8 una destinazione popolare per i turisti in cerca di cure mediche e svago. Questo duplice fascino \u00e8 dovuto a diversi vantaggi, tra cui un&#8217;ampia gamma di opzioni, la competenza dei professionisti medici, un servizio di alta qualit\u00e0 e prezzi ragionevoli.<\/p>\n\n\n\n<p>L&#8217;operazione di lifting in Turchia \u00e8 una delle procedure cosmetiche pi\u00f9 richieste, con costi che variano a seconda della clinica e dei dettagli specifici dell&#8217;operazione, in genere compresi tra 3.500 e 4.500 euro.<\/p>\n\n\n\n<h4 class=\"wp-block-heading\">Costo del lifting del viso <\/h4>\n\n\n\n<p>Il costo di un Lifting Del Viso varia da luogo a luogo in base a diversi fattori:<\/p>\n\n\n\n<p>La reputazione della clinica medica o dell&#8217;ospedale.<br>L&#8217;esperienza del medico.<br>Dettagli della procedura.<br>I servizi allegati forniti dalla clinica perch\u00e9 alcune cliniche offrono pacchetti che includono trattamento, alloggio e trasporto.<br>Presso Turk Aesthetic, il costo dell&#8217;operazione di lifting \u00e8 determinato in base ai dettagli della procedura, a partire da 3.500 &#8211; 4.500 euro.<\/p>\n\n\n\n<p>Puoi contattare il team di Turk Aesthetic tramite la pagina dei contatti per richiedere il costo del pacchetto, inclusi alloggio e trasporto.<\/p>\n\n\n\n<h2 class=\"wp-block-heading\">FAQ<\/h2>\n\n\n<div id=\"rank-math-faq\" class=\"rank-math-block\">\n<div class=\"rank-math-list \">\n<div id=\"faq-question-1678528107572\" class=\"rank-math-list-item\">\n<h3 class=\"rank-math-question \">Quanto dura una procedura di lifting del viso?<\/h3>\n<div class=\"rank-math-answer \">\n\n<p>Ci vogliono circa 2-4 ore, in base ai dettagli dell&#8217;operazione.<\/p>\n\n<\/div>\n<\/div>\n<div id=\"faq-question-1738925496358\" class=\"rank-math-list-item\">\n<h3 class=\"rank-math-question \">Quando apparir\u00e0 il risultato dell&#8217;operazione di lifting del viso?<\/h3>\n<div class=\"rank-math-answer \">\n\n<p>I risultati della procedura sono visibili subito dopo l&#8217;operazione.<\/p>\n\n<\/div>\n<\/div>\n<div id=\"faq-question-1738925497016\" class=\"rank-math-list-item\">\n<h3 class=\"rank-math-question \">Qual \u00e8 il tasso di successo di un lifting del viso?<\/h3>\n<div class=\"rank-math-answer \">\n\n<p>Il successo della procedura dipende in larga misura dall&#8217;abilit\u00e0 operatoria del chirurgo e dall&#8217;aderenza del paziente alle istruzioni mediche post-operatorie. Nel complesso, il tasso di successo di questa operazione \u00e8 pi\u00f9 alto rispetto ad altri interventi chirurgici.<\/p>\n\n<\/div>\n<\/div>\n<div id=\"faq-question-1738925527353\" class=\"rank-math-list-item\">\n<h3 class=\"rank-math-question \">Quale tipo di anestesia viene utilizzata per un lifting del viso?<\/h3>\n<div class=\"rank-math-answer \">\n\n<p>Un lifting pu\u00f2 essere eseguito in anestesia generale.<\/p>\n\n<\/div>\n<\/div>\n<div id=\"faq-question-1738925530534\" class=\"rank-math-list-item\">\n<h3 class=\"rank-math-question \">Quanto costa un lifting del viso?<\/h3>\n<div class=\"rank-math-answer \">\n\n<p>Presso Turk Aesthetic Istanbul, un Lifting Facciale costa tra 3500 e 4500 euro.<\/p>\n\n<\/div>\n<\/div>\n<div id=\"faq-question-1738925536443\" class=\"rank-math-list-item\">\n<h3 class=\"rank-math-question \">Qual \u00e8 il periodo di recupero dopo un&#8217;operazione di lifting?<\/h3>\n<div class=\"rank-math-answer \">\n\n<p>Ci vogliono circa una settimana o dieci giorni.<\/p>\n\n<\/div>\n<\/div>\n<div id=\"faq-question-1738925542476\" class=\"rank-math-list-item\">\n<h3 class=\"rank-math-question \">I risultati di una procedura di lifting sono permanenti?<\/h3>\n<div class=\"rank-math-answer \">\n\n<p>Un lifting \u00e8 una soluzione radicale per sbarazzarsi di rughe e pelle cadente; i suoi risultati possono durare tra 8 e 15 anni.<\/p>\n\n<\/div>\n<\/div>\n<div id=\"faq-question-1738925543305\" class=\"rank-math-list-item\">\n<h3 class=\"rank-math-question \">Quanto costa un lifting senza chirurgia?<\/h3>\n<div class=\"rank-math-answer \">\n\n<p>Il costo varia a seconda del tipo di tecnica utilizzata.<\/p>\n\n<\/div>\n<\/div>\n<div id=\"faq-question-1738925561962\" class=\"rank-math-list-item\">\n<h3 class=\"rank-math-question \">Quanto costa un lifting con Botox?<\/h3>\n<div class=\"rank-math-answer \">\n\n<p>Il costo di un&#8217;iniezione di Botox \u00e8 di 200 euro. Un lifting con Botox pu\u00f2 richiedere circa 2-3 iniezioni.a dei contatti.<\/p>\n\n<\/div>\n<\/div>\n<\/div>\n<\/div>\n\n\n<p>Infine, \u00e8 possibile <a href=\"http:\/\/turkaesthetic.com\/it\/contact-us\/\" data-type=\"page\" data-id=\"21028\" target=\"_blank\" rel=\"noreferrer noopener\">contattare<\/a> direttamente il team di supporto per richiedere informazioni e prezzi presso il <a href=\"https:\/\/www.youtube.com\/channel\/UC0zggzdm5CFwpRMmn_CPpFQ\" data-type=\"URL\" data-id=\"https:\/\/www.youtube.com\/channel\/UC0zggzdm5CFwpRMmn_CPpFQ\" target=\"_blank\" rel=\"noreferrer noopener\">Turk Aesthetic<\/a>.<\/p>\n","protected":false},"excerpt":{"rendered":"<p>Lifting del viso (ritidectomia) \u00e8 una procedura estetica progettata per eliminare le rughe e il rilassamento cutaneo del viso causato dall&#8217;invecchiamento, con conseguente aspetto pi\u00f9 giovanile. Questo intervento rimodella anche il collo e il mento. La procedura dura in genere dalle 2 alle 4 ore e viene eseguita in anestesia generale. I pazienti devono solitamente [&hellip;]<\/p>\n","protected":false},"author":2,"featured_media":21145,"parent":0,"menu_order":0,"comment_status":"closed","ping_status":"closed","template":"","meta":{"footnotes":""},"dep":[1354],"class_list":["post-21963","page","type-page","status-publish","has-post-thumbnail","hentry","dep-plastic-surgeries"],"_links":{"self":[{"href":"https:\/\/www.turkaesthetic.com\/it\/wp-json\/wp\/v2\/pages\/21963","targetHints":{"allow":["GET"]}}],"collection":[{"href":"https:\/\/www.turkaesthetic.com\/it\/wp-json\/wp\/v2\/pages"}],"about":[{"href":"https:\/\/www.turkaesthetic.com\/it\/wp-json\/wp\/v2\/types\/page"}],"author":[{"embeddable":true,"href":"https:\/\/www.turkaesthetic.com\/it\/wp-json\/wp\/v2\/users\/2"}],"replies":[{"embeddable":true,"href":"https:\/\/www.turkaesthetic.com\/it\/wp-json\/wp\/v2\/comments?post=21963"}],"version-history":[{"count":0,"href":"https:\/\/www.turkaesthetic.com\/it\/wp-json\/wp\/v2\/pages\/21963\/revisions"}],"wp:featuredmedia":[{"embeddable":true,"href":"https:\/\/www.turkaesthetic.com\/it\/wp-json\/wp\/v2\/media\/21145"}],"wp:attachment":[{"href":"https:\/\/www.turkaesthetic.com\/it\/wp-json\/wp\/v2\/media?parent=21963"}],"wp:term":[{"taxonomy":"dep","embeddable":true,"href":"https:\/\/www.turkaesthetic.com\/it\/wp-json\/wp\/v2\/dep?post=21963"}],"curies":[{"name":"wp","href":"https:\/\/api.w.org\/{rel}","templated":true}]}}