{"id":21952,"date":"2022-01-15T10:10:33","date_gmt":"2022-01-15T07:10:33","guid":{"rendered":"http:\/\/turkaesthetic.com\/?page_id=21952"},"modified":"2025-03-27T14:07:48","modified_gmt":"2025-03-27T11:07:48","slug":"brow-lift","status":"publish","type":"page","link":"https:\/\/www.turkaesthetic.com\/it\/brow-lift\/","title":{"rendered":"Lifting delle Sopracciglia"},"content":{"rendered":"\n<p>Un <strong>lifting delle sopracciglia<\/strong> \u00e8 una procedura estetica progettata per migliorare la forma delle sopracciglia e aumentare la distanza tra il sopracciglio e l&#8217;occhio, migliorando cos\u00ec la bellezza e l&#8217;attrattiva. Un sopracciglio esterno pi\u00f9 sollevato rispetto a quello interno contribuisce a un aspetto del viso pi\u00f9 attraente.<\/p>\n\n\n\n<p>Le sopracciglia basse possono creare un aspetto stanco o infelice sul viso. Questa procedura viene spesso eseguita con un lifting del viso e sono disponibili diverse tecniche per questo processo, tra cui l&#8217;opzione chirurgica e le iniezioni non chirurgiche. Ecco alcune informazioni essenziali sulla procedura:<\/p>\n\n\n\n<figure class=\"wp-block-table\"><table><tbody><tr><td>Anestesia&nbsp;<\/td><td>Generale \/ Locale<\/td><\/tr><tr><td>Durata del processo<\/td><td>1-2 ore<\/td><\/tr><tr><td>Degenza ospedaliera<\/td><td>1 notte in caso diestetica generale<\/td><\/tr><tr><td>Risultati<\/td><td>Immediato \/ Con una durata di circa 5-10 anni.<\/td><\/tr><tr><td>Convalescenza<\/td><td>3-4 Giorni<\/td><\/tr><\/tbody><\/table><figcaption class=\"wp-element-caption\">Sollevamento delle Sopracciglia in Turchia<\/figcaption><\/figure>\n\n\n\n<h2 class=\"wp-block-heading\">Come viene eseguito l&#8217;intervento di lifting delle sopracciglia?<\/h2>\n\n\n\n<p>Solitamente eseguito in anestesia generale, il lifting chirurgico delle sopracciglia fornisce risultati radicali e precisi rispetto alle tecniche non chirurgiche, che possono richiedere trattamenti ripetuti, come le sedute di Botox. Sebbene la procedura chirurgica sia pi\u00f9 costosa, i suoi risultati sono pi\u00f9 duraturi.<\/p>\n\n\n\n<p>Durante l&#8217;intervento, vengono eseguite delle incisioni lungo l&#8217;attaccatura dei capelli per rassodare la pelle e le sopracciglia vengono sollevate utilizzando fili permanenti. Poich\u00e9 i punti sono posizionati alle radici dei capelli, rimangono discreti. Dopo la procedura, i pazienti solitamente rimangono in ospedale per una notte se viene utilizzata l&#8217;anestesia generale.<\/p>\n\n\n\n<h3 class=\"wp-block-heading\">Video dell&#8217;intervento di lifting delle sopracciglia<\/h3>\n\n\n\n<p>Si prega di vedere il video sulla chirurgia del sollevamento delle sopracciglia qui sotto.<\/p>\n\n\n\n<figure class=\"wp-block-embed is-type-video is-provider-youtube wp-block-embed-youtube wp-embed-aspect-16-9 wp-has-aspect-ratio\"><div class=\"wp-block-embed__wrapper\">\n<iframe loading=\"lazy\" title=\"Brow Lift - Turk Aesthetic\" width=\"800\" height=\"450\" src=\"https:\/\/www.youtube.com\/embed\/PPNSWTsoIWk?feature=oembed\" frameborder=\"0\" allow=\"accelerometer; autoplay; clipboard-write; encrypted-media; gyroscope; picture-in-picture; web-share\" referrerpolicy=\"strict-origin-when-cross-origin\" allowfullscreen><\/iframe>\n<\/div><\/figure>\n\n\n\n<h3 class=\"wp-block-heading\">Tecniche di chirurgia per il lifting delle sopracciglia<\/h3>\n\n\n\n<p>Le tecniche di lifting delle sopracciglia possono essere classificate in metodi chirurgici e non chirurgici, ognuno dei quali varia nei risultati, nei tempi di recupero e nei costi:<\/p>\n\n\n\n<h4 class=\"wp-block-heading\">Botox<\/h4>\n\n\n\n<p>Il <a href=\"https:\/\/www.turkaesthetic.com\/it\/botox\/\" target=\"_blank\" data-type=\"page\" data-id=\"21856\" rel=\"noreferrer noopener\">Botox<\/a> pu\u00f2 essere utilizzato per il lifting delle sopracciglia. Dopo aver applicato l&#8217;anestesia locale, il medico seleziona i siti di iniezione intorno agli occhi, somministra il Botox e pu\u00f2 ripetere la procedura se necessario. Questa tecnica rilassa i nervi e ottiene un lifting naturale delle sopracciglia.<\/p>\n\n\n\n<p>I vantaggi includono un costo inferiore e risultati rapidi, anche se gli effetti durano in genere tra 6 mesi e un anno. La cura post-procedura prevede di evitare la luce solare, di astenersi dallo strofinare le aree iniettate, di applicare impacchi di ghiaccio per il gonfiore e di evitare il trucco.<\/p>\n\n\n\n<figure class=\"wp-block-image size-full\"><img loading=\"lazy\" decoding=\"async\" width=\"1024\" height=\"576\" src=\"http:\/\/turkaesthetic.com\/wp-content\/uploads\/2022\/01\/botox-Brow-lift.webp\" alt=\"Il sollevamento delle sopracciglia in Turchia\" class=\"wp-image-21218\" srcset=\"https:\/\/www.turkaesthetic.com\/wp-content\/uploads\/2022\/01\/botox-Brow-lift.webp 1024w, https:\/\/www.turkaesthetic.com\/wp-content\/uploads\/2022\/01\/botox-Brow-lift-300x169.webp 300w, https:\/\/www.turkaesthetic.com\/wp-content\/uploads\/2022\/01\/botox-Brow-lift-768x432.webp 768w\" sizes=\"auto, (max-width: 1024px) 100vw, 1024px\" \/><figcaption class=\"wp-element-caption\">Il sollevamento delle sopracciglia in Turchia<\/figcaption><\/figure>\n\n\n\n<h4 class=\"wp-block-heading\">Laser<\/h4>\n\n\n\n<p>Il lifting delle sopracciglia laser utilizza la tecnologia a <a href=\"https:\/\/www.turkaesthetic.com\/it\/non-surgical-it\/hifu-in-turkey\/\" target=\"_blank\" data-type=\"post\" data-id=\"28493\" rel=\"noreferrer noopener\">radiofrequenza<\/a> per rassodare la pelle fino a ottenere l&#8217;effetto desiderato. L&#8217;anestesia locale pu\u00f2 anche essere utilizzata per il comfort.<\/p>\n\n\n\n<p>Tuttavia, le opzioni chirurgiche sono solitamente raccomandate per i casi pi\u00f9 avanzati di sopracciglia cadenti. Il trattamento laser tende a essere meno costoso della chirurgia ma pi\u00f9 costoso delle iniezioni.<\/p>\n\n\n\n<figure class=\"wp-block-image size-full\"><img loading=\"lazy\" decoding=\"async\" width=\"1024\" height=\"576\" src=\"http:\/\/turkaesthetic.com\/wp-content\/uploads\/2022\/01\/laser-Brow-lift-in-Turkey.webp\" alt=\"Il sollevamento delle sopracciglia in Turchia\" class=\"wp-image-21217\" srcset=\"https:\/\/www.turkaesthetic.com\/wp-content\/uploads\/2022\/01\/laser-Brow-lift-in-Turkey.webp 1024w, https:\/\/www.turkaesthetic.com\/wp-content\/uploads\/2022\/01\/laser-Brow-lift-in-Turkey-300x169.webp 300w, https:\/\/www.turkaesthetic.com\/wp-content\/uploads\/2022\/01\/laser-Brow-lift-in-Turkey-768x432.webp 768w\" sizes=\"auto, (max-width: 1024px) 100vw, 1024px\" \/><figcaption class=\"wp-element-caption\">Il sollevamento delle sopracciglia in Turchia<\/figcaption><\/figure>\n\n\n\n<h4 class=\"wp-block-heading\">Lifting delle sopracciglia con fili<\/h4>\n\n\n\n<p>Il lifting delle sopracciglia con fili \u00e8 una tecnica non chirurgica che prevede l&#8217;uso di fili e richiede in genere circa mezz&#8217;ora per essere completata. I risultati sono immediatamente visibili e possono durare fino a tre anni. Il costo \u00e8 paragonabile a quello del trattamento laser.<\/p>\n\n\n\n<p>Questo metodo presenta rischi o complicazioni minimi poich\u00e9 i fili medici si dissolvono naturalmente nella pelle.<\/p>\n\n\n\n<figure class=\"wp-block-image size-full\"><img loading=\"lazy\" decoding=\"async\" width=\"1024\" height=\"576\" src=\"http:\/\/turkaesthetic.com\/wp-content\/uploads\/2022\/01\/Brow-lift-with-threads.webp\" alt=\"Il sollevamento delle sopracciglia in Turchia\" class=\"wp-image-21222\" srcset=\"https:\/\/www.turkaesthetic.com\/wp-content\/uploads\/2022\/01\/Brow-lift-with-threads.webp 1024w, https:\/\/www.turkaesthetic.com\/wp-content\/uploads\/2022\/01\/Brow-lift-with-threads-300x169.webp 300w, https:\/\/www.turkaesthetic.com\/wp-content\/uploads\/2022\/01\/Brow-lift-with-threads-768x432.webp 768w\" sizes=\"auto, (max-width: 1024px) 100vw, 1024px\" \/><figcaption class=\"wp-element-caption\">Il sollevamento delle sopracciglia in Turchia<\/figcaption><\/figure>\n\n\n\n<h4 class=\"wp-block-heading\">Intervento chirurgico di lifting delle sopracciglia<\/h4>\n\n\n\n<p>Un metodo chirurgico fornisce una soluzione per le sopracciglia cadenti che i metodi non chirurgici non possono correggere. Gli approcci chirurgici per sollevare le sopracciglia basse sono personalizzati in base alle condizioni di ogni paziente.<\/p>\n\n\n\n<h4 class=\"wp-block-heading\">Chi pu\u00f2 sottoporsi all&#8217;intervento?<\/h4>\n\n\n\n<ul class=\"wp-block-list\">\n<li>Individui di et\u00e0 pari o superiore a 18 anni.<\/li>\n\n\n\n<li>Coloro che desiderano migliorare l&#8217;aspetto delle sopracciglia basse.<\/li>\n\n\n\n<li>Adulti pi\u00f9 anziani che desiderano un aspetto pi\u00f9 giovanile.<\/li>\n<\/ul>\n\n\n\n<h5 class=\"wp-block-heading\">Chi non pu\u00f2 sottoporsi all&#8217;intervento<\/h5>\n\n\n\n<ul class=\"wp-block-list\">\n<li>Individui di et\u00e0 inferiore a 20 anni.<\/li>\n\n\n\n<li>Coloro con malattie croniche o contagiose.<\/li>\n\n\n\n<li>Pazienti cardiaci in fase avanzata o individui con diabete irregolare.<\/li>\n<\/ul>\n\n\n\n<h3 class=\"wp-block-heading\">Il medico che esegue l&#8217;intervento chirurgico di lifting delle sopracciglia<\/h3>\n\n\n\n<p>Il lifting delle sopracciglia \u00e8 una procedura estetica condotta da un chirurgo plastico qualificato con una significativa esperienza in questo tipo di intervento chirurgico. \u00c8 fondamentale selezionare un ospedale o una clinica medica di buona reputazione con un elevato livello di sterilizzazione e medici qualificati. Sebbene i costi elevati possano riflettere l&#8217;efficienza e la credibilit\u00e0 della clinica, \u00e8 consigliabile non negoziare il prezzo.<\/p>\n\n\n\n<h4 class=\"wp-block-heading\">Tipo di anestesia utilizzato nell&#8217;intervento<\/h4>\n\n\n\n<p>L&#8217;intervento di lifting della fronte viene solitamente eseguito in anestesia generale. I pazienti devono astenersi dal mangiare o bere per 6 ore prima della procedura per evitare fastidi dopo l&#8217;anestesia.<\/p>\n\n\n\n<p>Per i metodi non chirurgici, come Botox, trattamenti laser e fili, viene utilizzata l&#8217;anestesia locale e i pazienti non devono rimanere in ospedale in seguito. viene utilizzata per sollevare le sopracciglia con metodi non chirurgici di Botox, laser e fili. Non \u00e8 necessario rimanere in ospedale dopo un sollevamento delle sopracciglia non operatorio.<\/p>\n\n\n\n<h3 class=\"wp-block-heading\">Fasi della chirurgia di sollevamento del sopracciglio<\/h3>\n\n\n<div id=\"rank-math-howto\" class=\"rank-math-block\" >\n<div class=\"rank-math-howto-description\">\n\n<p>Le fasi della chirurgia di sollevamento delle sopracciglia a Istanbul, in Turchia, sono le seguenti:<\/p>\n\n<\/div>\n<p class=\"rank-math-howto-duration\"><strong>Tempo totale:<\/strong> <span>2 ore<\/span><\/p>\n<div class=\"rank-math-steps \">\n<div id=\"howto-step-1678620303123\" class=\"rank-math-step\">\n<h3 class=\"rank-math-step-title \"><strong>Prima della procedura\u00a0<\/strong><\/h3>\n<div class=\"rank-math-step-content \"><p>Prima dell&#8217;intervento, il paziente deve informare il medico di eventuali malattie croniche, farmaci assunti e interventi chirurgici precedenti. \u00c8 inoltre necessario seguire le seguenti istruzioni:<br \/>\u2013 Discutere con il medico i risultati attesi dell&#8217;intervento.<br \/>\u2013 Se si \u00e8 sottoposti ad anestesia generale, astenersi dal mangiare o dal bere almeno sei ore prima dell&#8217;operazione.<br \/>\u2013 Informare il medico di eventuali farmaci assunti regolarmente.<br \/>\u2013 Evitare di assumere alcol e fumo per almeno una settimana prima dell&#8217;intervento.<br \/>\u2013 Consultare il medico per interrompere l&#8217;assunzione di anticoagulanti, come l&#8217;aspirina.<br \/>\u2013 Indossare abiti comodi il giorno della procedura.<\/p>\n<\/div>\n<\/div>\n<div id=\"howto-step-1678620343295\" class=\"rank-math-step\">\n<h3 class=\"rank-math-step-title \"><strong>Durante la procedura\u00a0<\/strong><\/h3>\n<div class=\"rank-math-step-content \"><p>Dopo la somministrazione dell&#8217;anestesia, il chirurgo eseguir\u00e0 delle incisioni di 2 cm lungo l&#8217;attaccatura dei capelli sulla fronte. Il grasso in eccesso verr\u00e0 rimosso per rassodare la pelle. Le sopracciglia verranno quindi riposizionate utilizzando punti permanenti, con un aspetto pi\u00f9 teso e sollevato. Dopo la procedura, il chirurgo rimuover\u00e0 eventuali punti in eccesso, che potrebbero essere visibili inizialmente ma diventeranno meno evidenti man mano che i capelli cresceranno.<\/p>\n<\/div>\n<\/div>\n<div id=\"howto-step-1678620366819\" class=\"rank-math-step\">\n<h3 class=\"rank-math-step-title \"><strong>Dopo la procedura\u00a0<\/strong><\/h3>\n<div class=\"rank-math-step-content \"><p>Potrebbe essere necessario un ricovero ospedaliero di una notte per monitorare le condizioni del paziente, seguito da un periodo di recupero di una settimana. Il medico potrebbe fornire una benda o un corsetto per aiutare a ridurre il gonfiore. I risultati saranno in genere visibili entro le prime settimane, man mano che gli effetti dell&#8217;intervento si assestano.<\/p>\n<\/div>\n<\/div>\n<\/div>\n<\/div>\n<p class=\"rank-math-howto-estimatedCost\"><strong>Costo stimato:<\/strong> <span>2500 Euro<\/span><\/p>\n\n\n\n\n\n<h3 class=\"wp-block-heading\">Prima e dopo il lifting delle sopracciglia<\/h3>\n\n\n\n<p>Ecco alcune immagini prima e dopo l&#8217;intervento chirurgico di sollevamento delle sopracciglia in Turchia che \u00e8 stato eseguito presso Turk Aesthetic Turkey &#8211; Istanbul.<\/p>\n\n\n\n<figure class=\"wp-block-gallery has-nested-images columns-default is-cropped wp-block-gallery-1 is-layout-flex wp-block-gallery-is-layout-flex\">\n<figure class=\"wp-block-image size-large\"><img loading=\"lazy\" decoding=\"async\" width=\"1200\" height=\"800\" data-id=\"45217\" src=\"https:\/\/www.turkaesthetic.com\/wp-content\/uploads\/2023\/11\/before-after-brow-lift-4.jpg\" alt=\"prima dopo il lifting delle sopracciglia a Istanbul\" class=\"wp-image-45217\"\/><figcaption class=\"wp-element-caption\">prima dopo il lifting delle sopracciglia a Istanbul<\/figcaption><\/figure>\n\n\n\n<figure class=\"wp-block-image size-large\"><img loading=\"lazy\" decoding=\"async\" width=\"1200\" height=\"800\" data-id=\"45208\" src=\"https:\/\/www.turkaesthetic.com\/wp-content\/uploads\/2023\/11\/before-after-brow-lift-3.jpg\" alt=\"prima dopo il lifting delle sopracciglia a Istanbul\" class=\"wp-image-45208\"\/><figcaption class=\"wp-element-caption\">prima dopo il lifting delle sopracciglia a Istanbul<\/figcaption><\/figure>\n\n\n\n<figure class=\"wp-block-image size-large\"><img loading=\"lazy\" decoding=\"async\" width=\"1200\" height=\"800\" data-id=\"45199\" src=\"https:\/\/www.turkaesthetic.com\/wp-content\/uploads\/2023\/11\/before-after-brow-lift-2.jpg\" alt=\"prima dopo il lifting delle sopracciglia a Istanbul\" class=\"wp-image-45199\"\/><figcaption class=\"wp-element-caption\">prima dopo il lifting delle sopracciglia a Istanbul<\/figcaption><\/figure>\n<\/figure>\n\n\n\n<h3 class=\"wp-block-heading\">Istruzioni per la cura post-lifting delle sopracciglia<\/h3>\n\n\n\n<ul class=\"wp-block-list\">\n<li>Assicurati di riposare completamente e prendi tutti i farmaci<\/li>\n\n\n\n<li>, inclusi antidolorifici e antinfiammatori prescritti, per ridurre al minimo le complicazioni.<\/li>\n\n\n\n<li>Limita o evita di fumare.<\/li>\n\n\n\n<li>Mantieniti idratato, poich\u00e9 ci\u00f2 aiuta la guarigione e la guarigione delle ferite.<\/li>\n\n\n\n<li>Fai attenzione ai tuoi ritmi del sonno e cerca di dormire sulla schiena.<\/li>\n\n\n\n<li>Cura meticolosamente le tue ferite.<\/li>\n\n\n\n<li>Riposa per almeno 15 giorni per evitare complicazioni.<\/li>\n\n\n\n<li>Usa la benda per i primi 10 giorni per risultati ottimali.<\/li>\n\n\n\n<li>Evita la luce solare diretta per 10 giorni e indossa cappelli per un po&#8217;.<\/li>\n\n\n\n<li>Fai attenzione quando indossi indumenti, come giacche o camicie.<\/li>\n<\/ul>\n\n\n\n<h4 class=\"wp-block-heading\">Pro e contro<\/h4>\n\n\n\n<p><strong>Vantaggi<\/strong><\/p>\n\n\n\n<p>Dopo risultati positivi, il paziente riacquista fiducia in se stesso grazie all&#8217;eliminazione delle sopracciglia basse e un aspetto pi\u00f9 giovane e bello.<\/p>\n\n\n\n<p><strong>Svantaggi<\/strong><\/p>\n\n\n\n<p>Potenziali svantaggi possono derivare dall&#8217;inesperienza del chirurgo nel valutare le tecniche appropriate. Inoltre, la mancata osservanza delle istruzioni postoperatorie pu\u00f2 portare a esiti negativi, tra cui risultati inaspettati e, in rari casi, asimmetria tra i due lati.<\/p>\n\n\n\n<p><strong>Effetti collaterali<\/strong><\/p>\n\n\n\n<p>Gli effetti collaterali comuni possono includere:<\/p>\n\n\n\n<ul class=\"wp-block-list\">\n<li>Gonfiore e rossore del viso.<\/li>\n\n\n\n<li>Lieve prurito nei siti di incisione.<\/li>\n\n\n\n<li>Disagio durante la prima settimana.<\/li>\n\n\n\n<li>Intorpidimento temporaneo.<\/li>\n\n\n\n<li>Lieve dolore.<\/li>\n\n\n\n<li>Movimenti facciali inizialmente limitati.<\/li>\n\n\n\n<li>La corretta osservanza delle istruzioni per la cura pu\u00f2 ridurre al minimo questi effetti e contribuire a una ripresa di successo.<\/li>\n<\/ul>\n\n\n\n<h3 class=\"wp-block-heading\">Lifting delle sopracciglia in Turchia Istanbul<\/h3>\n\n\n\n<p>La Turchia, in particolare Istanbul, \u00e8 una destinazione popolare per molti turisti che cercano cure mediche combinate con il turismo. Ci\u00f2 \u00e8 dovuto ai suoi numerosi vantaggi, tra cui un&#8217;ampia gamma di opzioni, la competenza dei medici e la qualit\u00e0 dell&#8217;assistenza sanitaria. Un intervento di lifting della fronte in Turchia \u00e8 una delle procedure cosmetiche disponibili, con prezzi che variano tra \u20ac 2.500 e \u20ac 3.500 a seconda della procedura chirurgica o non chirurgica e della clinica medica specifica.<\/p>\n\n\n\n<h4 class=\"wp-block-heading\">Costo del lifting delle sopracciglia in Turchia, Istanbul<\/h4>\n\n\n\n<p>Il costo dell&#8217;intervento di lifting delle sopracciglia in Turchia pu\u00f2 variare notevolmente in base a diversi fattori:<\/p>\n\n\n\n<p>Reputazione della clinica medica o dell&#8217;ospedale.<br>Esperienza del medico.<br>Dettagli specifici della procedura.<br>Disponibilit\u00e0 di servizi aggiuntivi, poich\u00e9 alcune cliniche offrono pacchetti che includono trattamento, alloggio e trasporto.<br>Presso Turk Aesthetic a Istanbul, il costo varia da \u20ac 2.500 a \u20ac 3.500 per il lifting chirurgico delle sopracciglia. Per le opzioni non chirurgiche, i costi sono i seguenti:<\/p>\n\n\n\n<p>\u20ac 190 per un&#8217;iniezione di Botox.<br>\u20ac 1.500 &#8211; 2.500 per il lifting della fronte con fili.<br>Per richieste relative a pacchetti di trattamento che includono alloggio e trasporto, non esitate a contattarci. costo del pacchetto di trattamento (alloggio e trasporto).<\/p>\n\n\n\n<h2 class=\"wp-block-heading\">FAQ &#8211; Lifting Sopracciglia<\/h2>\n\n\n<div id=\"rank-math-faq\" class=\"rank-math-block\">\n<div class=\"rank-math-list \">\n<div id=\"faq-question-1678621278900\" class=\"rank-math-list-item\">\n<h3 class=\"rank-math-question \"><strong>Quanto dura un intervento di lifting delle sopracciglia?<\/strong><\/h3>\n<div class=\"rank-math-answer \">\n\n<p>La procedura dura in genere circa 1 o 2 ore, a seconda delle specifiche dell&#8217;operazione.<\/p>\n\n<\/div>\n<\/div>\n<div id=\"faq-question-1743073565012\" class=\"rank-math-list-item\">\n<h3 class=\"rank-math-question \">Quando appariranno i risultati dell&#8217;intervento di lifting della fronte?<\/h3>\n<div class=\"rank-math-answer \">\n\n<p>I risultati sono immediati e diventano visibili dopo che gli effetti iniziali dell&#8217;operazione si sono attenuati.<\/p>\n\n<\/div>\n<\/div>\n<div id=\"faq-question-1743073571704\" class=\"rank-math-list-item\">\n<h3 class=\"rank-math-question \">Qual \u00e8 il tasso di successo dell&#8217;intervento di lifting delle sopracciglia?<\/h3>\n<div class=\"rank-math-answer \">\n\n<p>Il successo della procedura dipende in larga misura dall&#8217;abilit\u00e0 del chirurgo e dall&#8217;aderenza del paziente alle istruzioni per la cura post-operatoria. In genere, il tasso di successo del lifting delle sopracciglia \u00e8 pi\u00f9 alto rispetto a molte altre procedure chirurgiche.<\/p>\n\n<\/div>\n<\/div>\n<div id=\"faq-question-1743073577818\" class=\"rank-math-list-item\">\n<h3 class=\"rank-math-question \">Che tipo di anestesia viene utilizzata nell&#8217;intervento di lifting delle sopracciglia?<\/h3>\n<div class=\"rank-math-answer \">\n\n<p>L&#8217;anestesia locale viene utilizzata per le opzioni non chirurgiche, mentre l&#8217;anestesia generale viene utilizzata per le procedure chirurgiche.<\/p>\n\n<\/div>\n<\/div>\n<div id=\"faq-question-1743073596572\" class=\"rank-math-list-item\">\n<h3 class=\"rank-math-question \">Qual \u00e8 il costo dell&#8217;operazione di lifting delle sopracciglia in Turchia?<\/h3>\n<div class=\"rank-math-answer \">\n\n<p>Il costo dell&#8217;operazione di lifting delle sopracciglia in Turchia varia da \u20ac 2.500 a \u20ac 3.500.<\/p>\n\n<\/div>\n<\/div>\n<div id=\"faq-question-1743073599830\" class=\"rank-math-list-item\">\n<h3 class=\"rank-math-question \">Qual \u00e8 il periodo di recupero dopo l&#8217;operazione di lifting delle sopracciglia?<\/h3>\n<div class=\"rank-math-answer \">\n\n<p>Il periodo di recupero tipico \u00e8 di circa 3 o 4 giorni.<\/p>\n\n<\/div>\n<\/div>\n<div id=\"faq-question-1743073607685\" class=\"rank-math-list-item\">\n<h3 class=\"rank-math-question \">La longevit\u00e0 dei risultatI risultati dell&#8217;intervento di lifting della fronte sono permanenti?<\/h3>\n<div class=\"rank-math-answer \">\n\n<p>La longevit\u00e0 dei risultati dipende dal tipo di procedura eseguita. I risultati chirurgici possono durare circa 5 anni, mentre le opzioni non chirurgiche in genere vanno dai 6 ai 24 mesi.<\/p>\n\n<\/div>\n<\/div>\n<\/div>\n<\/div>\n\n\n<p>Infine, puoi <a href=\"http:\/\/turkaesthetic.com\/it\/contact-us\/\" data-type=\"page\" data-id=\"21028\" target=\"_blank\" rel=\"noreferrer noopener\"><strong>contattare<\/strong><\/a> direttamente il nostro per richiedere informazioni e prezzi a <a href=\"https:\/\/www.youtube.com\/channel\/UC0zggzdm5CFwpRMmn_CPpFQ\" data-type=\"URL\" data-id=\"https:\/\/www.youtube.com\/channel\/UC0zggzdm5CFwpRMmn_CPpFQ\" target=\"_blank\" rel=\"noreferrer noopener\"><strong>Turk Aesthetic<\/strong><\/a> Istanbul Turkey.<\/p>\n","protected":false},"excerpt":{"rendered":"<p>Un lifting delle sopracciglia \u00e8 una procedura estetica progettata per migliorare la forma delle sopracciglia e aumentare la distanza tra il sopracciglio e l&#8217;occhio, migliorando cos\u00ec la bellezza e l&#8217;attrattiva. Un sopracciglio esterno pi\u00f9 sollevato rispetto a quello interno contribuisce a un aspetto del viso pi\u00f9 attraente. Le sopracciglia basse possono creare un aspetto stanco [&hellip;]<\/p>\n","protected":false},"author":1,"featured_media":21221,"parent":0,"menu_order":0,"comment_status":"closed","ping_status":"closed","template":"","meta":{"footnotes":""},"dep":[1354],"class_list":["post-21952","page","type-page","status-publish","has-post-thumbnail","hentry","dep-plastic-surgeries"],"_links":{"self":[{"href":"https:\/\/www.turkaesthetic.com\/it\/wp-json\/wp\/v2\/pages\/21952","targetHints":{"allow":["GET"]}}],"collection":[{"href":"https:\/\/www.turkaesthetic.com\/it\/wp-json\/wp\/v2\/pages"}],"about":[{"href":"https:\/\/www.turkaesthetic.com\/it\/wp-json\/wp\/v2\/types\/page"}],"author":[{"embeddable":true,"href":"https:\/\/www.turkaesthetic.com\/it\/wp-json\/wp\/v2\/users\/1"}],"replies":[{"embeddable":true,"href":"https:\/\/www.turkaesthetic.com\/it\/wp-json\/wp\/v2\/comments?post=21952"}],"version-history":[{"count":0,"href":"https:\/\/www.turkaesthetic.com\/it\/wp-json\/wp\/v2\/pages\/21952\/revisions"}],"wp:featuredmedia":[{"embeddable":true,"href":"https:\/\/www.turkaesthetic.com\/it\/wp-json\/wp\/v2\/media\/21221"}],"wp:attachment":[{"href":"https:\/\/www.turkaesthetic.com\/it\/wp-json\/wp\/v2\/media?parent=21952"}],"wp:term":[{"taxonomy":"dep","embeddable":true,"href":"https:\/\/www.turkaesthetic.com\/it\/wp-json\/wp\/v2\/dep?post=21952"}],"curies":[{"name":"wp","href":"https:\/\/api.w.org\/{rel}","templated":true}]}}