{"id":21942,"date":"2022-01-06T13:24:01","date_gmt":"2022-01-06T10:24:01","guid":{"rendered":"http:\/\/turkaesthetic.com\/?page_id=21942"},"modified":"2025-03-17T19:52:02","modified_gmt":"2025-03-17T16:52:02","slug":"bbl","status":"publish","type":"page","link":"https:\/\/www.turkaesthetic.com\/it\/bbl\/","title":{"rendered":"Chirurgia BBL"},"content":{"rendered":"\n<p>La <strong>chirurgia BBL <\/strong>in o lipofilling dei glutei (Brasilia Butt Lift) \u00e8 una procedura volta a rendere i glutei pi\u00f9 grandi in proporzione al corpo;&nbsp; questo processo \u00e8 passato da una procedura relativamente oscura a uno dei pi\u00f9 comuniinterventi di chirurgia plastica.<\/p>\n\n\n\n<p>La procedura pu\u00f2 essere completata in un periodo di 2 &#8211; 3 ore ed eseguita in anestesia completa e deve pernottare in ospedale. Per quanto riguarda i risultati, appaiono immediatamente (non appena gli effetti chirurgici scompaiono).<\/p>\n\n\n\n<figure class=\"wp-block-table\"><table><tbody><tr><td>Anestesia<\/td><td>Generale<\/td><\/tr><tr><td>Durata della procedura<\/td><td>2 &#8211; 3 ore<\/td><\/tr><tr><td>Risultati<\/td><td>Immediato &#8211; Durata 15 anni<\/td><\/tr><tr><td>Convalescenza<\/td><td>7 &#8211; 10 giorni<\/td><\/tr><tr><td>Degenza ospedaliera&nbsp;&nbsp;<\/td><td>1-2 Notti<\/td><\/tr><\/tbody><\/table><figcaption class=\"wp-element-caption\">BBL<\/figcaption><\/figure>\n\n\n\n<h2 class=\"wp-block-heading\">Come viene eseguito l&#8217;intervento chirurgico BBL ?<\/h2>\n\n\n\n<p>La chirurgia BBL \u00e8 un&#8217;opzione adatta per coloro che desiderano un cambiamento pi\u00f9 visibile&nbsp; nell&#8217;aspetto dei glutei e del corpo, in particolare le donne con glutei piatti, per ottenereun aspetto pi\u00f9 femminile e attraente. La chirurgia BBL pu\u00f2 essere eseguita trasferendo il grasso, e questo \u00e8 il metodo pi\u00f9 comune, in cui il grasso viene aspirato da un&#8217;area del corpo e quindi iniettato nei glutei.<\/p>\n\n\n\n<p>Per quanto riguarda il secondo metodo, viene eseguito tramite protesi al silicone in assenza di grasso nel corpo, ma questo metodo non \u00e8 considerato comune e i medici non preferiscono sceglierlo.<\/p>\n\n\n\n<h3 class=\"wp-block-heading\">Video della chirurgia BBL <\/h3>\n\n\n\n<p>Di seguito \u00e8riportato un v ideo di chirurgia BBL.<\/p>\n\n\n\n<figure class=\"wp-block-embed is-type-video is-provider-youtube wp-block-embed-youtube wp-embed-aspect-16-9 wp-has-aspect-ratio\"><div class=\"wp-block-embed__wrapper\">\n<iframe loading=\"lazy\" title=\"BBL - Turk Aesthetic\" width=\"800\" height=\"450\" src=\"https:\/\/www.youtube.com\/embed\/7TEn8-oqWOw?feature=oembed\" frameborder=\"0\" allow=\"accelerometer; autoplay; clipboard-write; encrypted-media; gyroscope; picture-in-picture; web-share\" referrerpolicy=\"strict-origin-when-cross-origin\" allowfullscreen><\/iframe>\n<\/div><figcaption class=\"wp-element-caption\">chirurgia BBL <\/figcaption><\/figure>\n\n\n\n<h3 class=\"wp-block-heading\">Chi pu\u00f2 eseguire un intervento chirurgico BBL <\/h3>\n\n\n\n<p>Tutte le donne che sono sane dall&#8217;et\u00e0 di 20 anni e che soffrono di un piatto che \u00e8 asimmetrico con il corpo e pu\u00f2 influenzare negativamentela psiche della donna, possono sottoporsi a un intervento chirurgico di aumento dei glutei per ripristinare la fiducia in se stessi.<\/p>\n\n\n\n<h3 class=\"wp-block-heading\">Chi non pu\u00f2 eseguire la chirurgia BBL <\/h3>\n\n\n\n<ul class=\"wp-block-list\">\n<li>Chi non ha ancora raggiunto l&#8217;et\u00e0 di 20 anni.<\/li>\n\n\n\n<li>Soffri di unamalattia cronica o attiva.<\/li>\n\n\n\n<li>Coloro che soffrono di sovrappeso, la procedura non pu\u00f2 essere eseguita da soli, ma \u00e8 necessario eseguire la <a href=\"https:\/\/www.turkaesthetic.com\/it\/liposuction\/\" target=\"_blank\" data-type=\"page\" data-id=\"21932\" rel=\"noreferrer noopener\">liposuzione<\/a> dell&#8217;addome e dei glutei in modo che il corpo sia coerente con la nuova forma dei glutei, in modo che altreoperazioni siano considerate complementari e non secondarie al processo di aumento dei glutei.<\/li>\n<\/ul>\n\n\n\n<h3 class=\"wp-block-heading\">Il medico che esegue la chirurgia BBL <\/h3>\n\n\n\n<p>L&#8217;aumento dei glutei \u00e8 una procedura cosmetica eseguita da un chirurgo plastico che ha abbastanza esperienza per eseguire questo tipo di operazione. Nessun medico di un&#8217;altra specialit\u00e0 pu\u00f2 eseguire questo tipo di operazione.<\/p>\n\n\n\n<p>Viene preso in considerazione quando si sceglie un ospedale o un centro medico per studiare un centro affidabile, un ambiente clinicocon un alto grado di sterilizzazione e un medico altamente qualificato. L&#8217;alto costo della procedura a volte pu\u00f2 riflettere l&#8217;alta efficienza e credibilit\u00e0 del centro, quindi \u00e8 meglio non discutere o negoziare sulla questione del prezzo elevato.<\/p>\n\n\n\n<h3 class=\"wp-block-heading\">Tipi di anestesia utilizzati nella chirurgia BBL<\/h3>\n\n\n\n<p>La chirurgia BBL pu\u00f2 essere eseguita solo in anestesia generale. Il paziente deve smettere di mangiare e bere 6 ore prima dell&#8217;operazione per evitare di sentirsi a disagio nello stomaco dopo essersi svegliato dall&#8217;operazione. Il paziente rimane in ospedaleper una o due notti in caso di anestesia generale.<\/p>\n\n\n\n<h2 class=\"wp-block-heading\">Fasi della chirurgia BBL <\/h2>\n\n\n<div id=\"rank-math-howto\" class=\"rank-math-block\" >\n<div class=\"rank-math-howto-description\">\n\n<p>Il Brazilian Buttock Lift passa attraverso tre fasi, come altre operazioni:<\/p>\n\n<\/div>\n<p class=\"rank-math-howto-duration\"><strong>Tempo totale:<\/strong> <span>3 ore<\/span><\/p>\n<div class=\"rank-math-steps \">\n<div id=\"howto-step-1678626136311\" class=\"rank-math-step\">\n<h3 class=\"rank-math-step-title \"><strong>Prima del processo<\/strong><\/h3>\n<div class=\"rank-math-step-content \"><img loading=\"lazy\" decoding=\"async\" width=\"1024\" height=\"682\" src=\"https:\/\/www.turkaesthetic.com\/wp-content\/uploads\/2022\/01\/doctor.webp\" class=\"attachment-full size-full\" alt=\"turk aesthetic\" srcset=\"https:\/\/www.turkaesthetic.com\/wp-content\/uploads\/2022\/01\/doctor.webp 1024w, https:\/\/www.turkaesthetic.com\/wp-content\/uploads\/2022\/01\/doctor-300x200.webp 300w, https:\/\/www.turkaesthetic.com\/wp-content\/uploads\/2022\/01\/doctor-768x512.webp 768w\" sizes=\"auto, (max-width: 1024px) 100vw, 1024px\" \/><p>Prima di iniziare il processo di aumento dellefes ses, \u00e8 meglio informare il medico di qualsiasi malattia cronica di cui la persona soffre o di qualsiasi farmaco usato, se presente, e informare il medico di qualsiasi operazione precedente che \u00e8 stata eseguita, senza trascurare alcuna informazione relativa allo stato di salute. Dovrebbero essere seguite diverse istruzioni, le pi\u00f9 importanti delle quali sono:<\/p>\n<p>Discutere con il medico i risultati dell\u2019operazione.<br \/>Evitare di mangiare e bere per almeno sei ore prima dell\u2019operazione, poich\u00e9 il corpo \u00e8 sottonestesia generale.<br \/>Informi il medico di qualsiasi farmaco usato periodicamente.<br \/>Evitare di consumare alcol e fumare per almeno una settimana prima dell\u2019operazione.<br \/>Interrompere tutti i farmaci anticoagulanti come l\u2019aspirina dopoaver scelto un medico.<br \/>Scegli abiti comodi il giorno dell\u2019operazione.<\/p>\n<\/div>\n<\/div>\n<div id=\"howto-step-1678626182432\" class=\"rank-math-step\">\n<h3 class=\"rank-math-step-title \"><strong>Durante il processo<\/strong><\/h3>\n<div class=\"rank-math-step-content \"><p>Dopo aver applicato l\u2019anestesia generale al corpo, il chirurgo inizia la procedura succhiando il <a href=\"https:\/\/www.turkaesthetic.com\/it\/surgeries-it\/facial-fat-grafting\/\" target=\"_blank\" data-type=\"post\" data-id=\"52334\" rel=\"noreferrer noopener\">grasso<\/a> dai luoghi in cui si accumula nel corpo, e quindi il grasso viene trasferito alla schiena iniettandolo nei luoghi da modificare, e questo metodo \u00e8 completamente sicuro perch\u00e9 utilizza il grasso speciale dello stesso corpo in cui viene eseguito l\u2019intervento chirurgico.<br \/>Durante la procedura di iniezione di grasso, viene iniettata una grande quantit\u00e0 di grasso, a causa della possibilit\u00e0 che una percentuale di esso si sciolga, e quindi la percentuale rimanente \u00e8 sufficiente per dare l\u2019aspetto e la consistenza corretti ai glutei. Il processo richiede circa 3 ore.<\/p>\n<\/div>\n<\/div>\n<div id=\"howto-step-1678626203048\" class=\"rank-math-step\">\n<h3 class=\"rank-math-step-title \"><strong>Dopo il processo<\/strong><\/h3>\n<div class=\"rank-math-step-content \"><img loading=\"lazy\" decoding=\"async\" width=\"1024\" height=\"576\" src=\"https:\/\/www.turkaesthetic.com\/wp-content\/uploads\/2022\/01\/after-bbl.webp\" class=\"attachment-full size-full\" alt=\"La chirurgia BBL in Turchia\" srcset=\"https:\/\/www.turkaesthetic.com\/wp-content\/uploads\/2022\/01\/after-bbl.webp 1024w, https:\/\/www.turkaesthetic.com\/wp-content\/uploads\/2022\/01\/after-bbl-300x169.webp 300w, https:\/\/www.turkaesthetic.com\/wp-content\/uploads\/2022\/01\/after-bbl-768x432.webp 768w\" sizes=\"auto, (max-width: 1024px) 100vw, 1024px\" \/><p>Dopo l\u2019operazione, le bende vengono applicate all\u2019area di operazione e si consiglia ai medici di indossare un corsetto stretto per esercitare pressione sui lividi e ridurre il gonfiore e aiutarlo a guarire pi\u00f9rapidamente.<br \/>Un piccolo tubo assorbente pu\u00f2 essere temporaneamente posizionato sotto la pelle per drenare il sangue in eccesso o il liquido che pu\u00f2 accumularsi e le istruzioni e le istruzioni saranno date dal chirurgo Pi\u00f9 letteralmente il paziente ottienerisultati migliori, il paziente deve rimanere in ospedale per una o due notti.<\/p>\n<\/div>\n<\/div>\n<\/div>\n<\/div>\n<p class=\"rank-math-howto-estimatedCost\"><strong>Costo stimato:<\/strong> <span>3450 Euro<\/span><\/p>\n\n\n\n\n\n<h3 class=\"wp-block-heading\">Prima e dopo l&#8217;intervento chirurgico BBL <\/h3>\n\n\n\n<p>Ecco alcune foto prima e dopo l&#8217;intervento chirurgico brasiliano di sollevamento dei glutei che \u00e8 stato eseguito presso il Turk Aesthetic.<\/p>\n\n\n\n<figure class=\"wp-block-gallery has-nested-images columns-default is-cropped wp-block-gallery-1 is-layout-flex wp-block-gallery-is-layout-flex\">\n<figure class=\"wp-block-image size-large\"><img loading=\"lazy\" decoding=\"async\" width=\"1200\" height=\"800\" data-id=\"44965\" src=\"https:\/\/www.turkaesthetic.com\/wp-content\/uploads\/2023\/11\/before-after-bbl-4.jpg\" alt=\"prima dopo il bbl in Turchia\" class=\"wp-image-44965\"\/><figcaption class=\"wp-element-caption\">prima dopo il bbl<\/figcaption><\/figure>\n\n\n\n<figure class=\"wp-block-image size-large\"><img loading=\"lazy\" decoding=\"async\" width=\"1200\" height=\"800\" data-id=\"44956\" src=\"https:\/\/www.turkaesthetic.com\/wp-content\/uploads\/2023\/11\/before-after-bbl-3.jpg\" alt=\"prima dopo il bbl in Turchia\" class=\"wp-image-44956\"\/><figcaption class=\"wp-element-caption\">prima dopo il bbl<\/figcaption><\/figure>\n\n\n\n<figure class=\"wp-block-image size-large\"><img loading=\"lazy\" decoding=\"async\" width=\"1200\" height=\"800\" data-id=\"44947\" src=\"https:\/\/www.turkaesthetic.com\/wp-content\/uploads\/2023\/11\/before-after-bbl-2.jpg\" alt=\"prima dopo il bbl in Turchia\" class=\"wp-image-44947\"\/><figcaption class=\"wp-element-caption\">prima dopo il bbl<\/figcaption><\/figure>\n<\/figure>\n\n\n\n<h3 class=\"wp-block-heading\">Istruzioni dopo l&#8217;intervento chirurgico BBL<\/h3>\n\n\n\n<p>Ecco alcune cose da considerare nellachirurgia brasiliana di sollevamento dei glutei :<\/p>\n\n\n\n<ul class=\"wp-block-list\">\n<li>Riposa completamente e assicurati di prendere i farmaci, gli antidolorifici e gli antinfiammatori prescritti dal medico per ridurre le complicazioni o il dolore.<\/li>\n\n\n\n<li>Ridurre o astenersidal fumo e interrompere i farmaci anticoagulanti.<\/li>\n\n\n\n<li>Bere molti liquidi, che aiuta a migliorare il recupero e la guarigione delle ferite in meno tempo.<\/li>\n\n\n\n<li>Dormi abbastanza dopo l&#8217;operazione e sdraiati nel modo prescritto dal medico con le istruzioni.<\/li>\n\n\n\n<li>Cura accurata delle ferite .<\/li>\n\n\n\n<li>Impegnarsi a indossare il corsetto dato dal medico per il periodo specificato.<\/li>\n\n\n\n<li>Il paziente non deve muovere il corpo pi\u00f9 del necessario mentre il movimento inizia gradualmente dopo 3 giorni.<\/li>\n\n\n\n<li>Entro due settimane dalla procedura, il paziente deve sedersi su un sedile morbido.<\/li>\n\n\n\n<li>I glutei saranno completamente piatti dopo circa 4 mesi di procedura.<\/li>\n\n\n\n<li>Il paziente deve rispettare gli appuntamenti fissati dal medico per l&#8217;esame.<\/li>\n<\/ul>\n\n\n\n<h3 class=\"wp-block-heading\">Vantaggi e svantaggi della chirurgia BBL<\/h3>\n\n\n\n<h4 class=\"wp-block-heading\">Negatifs<\/h4>\n\n\n\n<p>I punti negativi abbondano regolarmente dopo l&#8217;intervento chirurgico di aumento dei glutei, con il grado di esperienza del chirurgo, oltre alla non conformit\u00e0 del paziente con le istruzioni raccomandate dopo l&#8217;operazione.<\/p>\n\n\n\n<h4 class=\"wp-block-heading\">Positivo<\/h4>\n\n\n\n<p>Quando si ottengonorisultati estetici di successo, il paziente riacquista la fiducia in se stesso attraverso il raggiungimento di un aspetto pi\u00f9 attraente, femminile e armonioso con il corpo.<\/p>\n\n\n\n<h4 class=\"wp-block-heading\">Effetti collaterali della chirurgia BBL<\/h4>\n\n\n\n<ul class=\"wp-block-list\">\n<li>Alcuni lividi della pelle.<\/li>\n\n\n\n<li>Prurito minorenel sito di sutura chirurgica.<\/li>\n\n\n\n<li>Disagio nel primo periodo, specialmente quando si \u00e8 seduti o addormentati.<\/li>\n\n\n\n<li>Intorpidimento semplice e temporaneo.<\/li>\n<\/ul>\n\n\n\n<h3 class=\"wp-block-heading\">&nbsp;Chirurgia BBL in Turchia Istanbul<\/h3>\n\n\n\n<p>La Turchia in generale, e Istanbul in particolare, \u00e8 la destinazionedi molti turisti che visitano la Turchia per scopi terapeutici e turistici allo stesso tempo a causa dei numerosi vantaggi, come la molteplicit\u00e0 di opzioni, l&#8217;esperienza dei medici, la qualit\u00e0 del servizio e prezzi ragionevoli.\u00a0 La chirurgia brasiliana Butt Lift \u00e8 considerata una delle opzioni pi\u00f9 importanti disponibili per la chirurgia estetica e il suo costo varia a seconda di ogni centro o caso da 3450 &#8211; 4450 euro.<\/p>\n\n\n\n<h4 class=\"wp-block-heading\">Costo dell&#8217;intervento chirurgico BBL<\/h4>\n\n\n\n<p>Il costo di Brazilian Butt Lift varia da luogo a luogo a seconda di diverse cose:<\/p>\n\n\n\n<ul class=\"wp-block-list\">\n<li>La reputazione del centro medico o dell&#8217;ospedale.<\/li>\n\n\n\n<li>Esperienza del medico.<\/li>\n\n\n\n<li>Le condizioni del paziente<\/li>\n\n\n\n<li>I servizi annessi forniti dal centro perch\u00e9 alcuni centri offrono pacchetti che includono trattamento, alloggio e trasporto.<\/li>\n<\/ul>\n\n\n\n<p>A Turk Aesthetic il costo della chirurgia bbl \u00e8 di 3450 &#8211; 4450 euro. Per richiedere il costo del pacchetto comprensivo di alloggio e trasporto, \u00e8 possibile contattare il team di Turk Aesthetic tramite la pagina dei contatti.<\/p>\n\n\n\n<h2 class=\"wp-block-heading\">FAQ &#8211; Chirurgia BBL<\/h2>\n\n\n<div id=\"rank-math-faq\" class=\"rank-math-block\">\n<div class=\"rank-math-list \">\n<div id=\"faq-question-1678626306261\" class=\"rank-math-list-item\">\n<h3 class=\"rank-math-question \">Quanto dura il processo di sollevamento dei glutei brasiliani?<\/h3>\n<div class=\"rank-math-answer \">\n\n<p>Circa 3 orea seconda dei casi.<\/p>\n\n<\/div>\n<\/div>\n<div id=\"faq-question-1678626313557\" class=\"rank-math-list-item\">\n<h3 class=\"rank-math-question \">Quando comparir\u00e0 il risultato dell&#8217;aumento&#8217; dei glutei?<\/h3>\n<div class=\"rank-math-answer \">\n\n<p>I risultati della procedura sono immediati e possono essere chiaramente visti una volta che gli effetti dell&#8217;intervento chirurgico svaniscono.<\/p>\n\n<\/div>\n<\/div>\n<div id=\"faq-question-1678626324321\" class=\"rank-math-list-item\">\n<h3 class=\"rank-math-question \">Qual \u00e8 il tasso di successodell&#8217;industria siderurgica BBL?<\/h3>\n<div class=\"rank-math-answer \">\n\n<p>Il tasso di successo dell&#8217;operazione \u00e8 elevato rispetto ad altre operazioni ed \u00e8 proporzionale alla grande esperienza del medico e all&#8217;impegno del paziente nelle istruzioni post-intervento.<\/p>\n\n<\/div>\n<\/div>\n<div id=\"faq-question-1678626334698\" class=\"rank-math-list-item\">\n<h3 class=\"rank-math-question \">Che tipo di anestesia viene utilizzata nella chirurgia BBL?<\/h3>\n<div class=\"rank-math-answer \">\n\n<p>L&#8217;aumento dei glutei pu\u00f2 essere eseguito solo in anestesia generale.<\/p>\n\n<\/div>\n<\/div>\n<div id=\"faq-question-1678626350678\" class=\"rank-math-list-item\">\n<h3 class=\"rank-math-question \">Qual \u00e8 il costo di Brazilian Buttock Lift?<\/h3>\n<div class=\"rank-math-answer \">\n\n<p>A Turk Aesthetic Istanbul, il costo dell&#8217;aumento dei glutei \u00e8 di 3450 &#8211; 4450 euros.<\/p>\n\n<\/div>\n<\/div>\n<div id=\"faq-question-1678626372023\" class=\"rank-math-list-item\">\n<h3 class=\"rank-math-question \">Qual\u00e8 il periodo di recupero dopo l&#8217;intervento chirurgico di aumento dei glutei?<\/h3>\n<div class=\"rank-math-answer \">\n\n<p>Circa una settimana a dieci giorni.<\/p>\n\n<\/div>\n<\/div>\n<div id=\"faq-question-1678626385146\" class=\"rank-math-list-item\">\n<h3 class=\"rank-math-question \">I risultati della chirurgia BBL sono permanenti?<\/h3>\n<div class=\"rank-math-answer \">\n\n<p>I risultati dell&#8217;aumento dei glutei variano tra 10 e 15 anni.<\/p>\n\n<\/div>\n<\/div>\n<\/div>\n<\/div>\n\n\n<p>Infine, puoi <a href=\"http:\/\/turkaesthetic.com\/it\/contact-us\/\" data-type=\"page\" data-id=\"21028\" target=\"_blank\" rel=\"noreferrer noopener\">contattare<\/a> direttamente il per richiedere informazionie prezzi presso il <a href=\"https:\/\/www.youtube.com\/channel\/UC0zggzdm5CFwpRMmn_CPpFQ\" data-type=\"URL\" data-id=\"https:\/\/www.youtube.com\/channel\/UC0zggzdm5CFwpRMmn_CPpFQ\" target=\"_blank\" rel=\"noreferrer noopener\">Turk Aesthetic<\/a> Istanbul.<\/p>\n","protected":false},"excerpt":{"rendered":"<p>La chirurgia BBL in o lipofilling dei glutei (Brasilia Butt Lift) \u00e8 una procedura volta a rendere i glutei pi\u00f9 grandi in proporzione al corpo;&nbsp; questo processo \u00e8 passato da una procedura relativamente oscura a uno dei pi\u00f9 comuniinterventi di chirurgia plastica. La procedura pu\u00f2 essere completata in un periodo di 2 &#8211; 3 ore [&hellip;]<\/p>\n","protected":false},"author":1,"featured_media":21159,"parent":0,"menu_order":0,"comment_status":"closed","ping_status":"closed","template":"","meta":{"footnotes":""},"dep":[1354],"class_list":["post-21942","page","type-page","status-publish","has-post-thumbnail","hentry","dep-plastic-surgeries"],"_links":{"self":[{"href":"https:\/\/www.turkaesthetic.com\/it\/wp-json\/wp\/v2\/pages\/21942","targetHints":{"allow":["GET"]}}],"collection":[{"href":"https:\/\/www.turkaesthetic.com\/it\/wp-json\/wp\/v2\/pages"}],"about":[{"href":"https:\/\/www.turkaesthetic.com\/it\/wp-json\/wp\/v2\/types\/page"}],"author":[{"embeddable":true,"href":"https:\/\/www.turkaesthetic.com\/it\/wp-json\/wp\/v2\/users\/1"}],"replies":[{"embeddable":true,"href":"https:\/\/www.turkaesthetic.com\/it\/wp-json\/wp\/v2\/comments?post=21942"}],"version-history":[{"count":0,"href":"https:\/\/www.turkaesthetic.com\/it\/wp-json\/wp\/v2\/pages\/21942\/revisions"}],"wp:featuredmedia":[{"embeddable":true,"href":"https:\/\/www.turkaesthetic.com\/it\/wp-json\/wp\/v2\/media\/21159"}],"wp:attachment":[{"href":"https:\/\/www.turkaesthetic.com\/it\/wp-json\/wp\/v2\/media?parent=21942"}],"wp:term":[{"taxonomy":"dep","embeddable":true,"href":"https:\/\/www.turkaesthetic.com\/it\/wp-json\/wp\/v2\/dep?post=21942"}],"curies":[{"name":"wp","href":"https:\/\/api.w.org\/{rel}","templated":true}]}}