{"id":21937,"date":"2022-01-18T10:02:46","date_gmt":"2022-01-18T07:02:46","guid":{"rendered":"http:\/\/turkaesthetic.com\/?page_id=21937"},"modified":"2025-03-25T16:28:59","modified_gmt":"2025-03-25T13:28:59","slug":"fat-transfer","status":"publish","type":"page","link":"https:\/\/www.turkaesthetic.com\/it\/fat-transfer\/","title":{"rendered":"Trasferimento di Grasso"},"content":{"rendered":"\n<p>Il <strong>trasferimento di grasso <\/strong>\u00e8 un tipo di chirurgia plastica che prevede il trasferimento di grasso da aree del corpo in cui non \u00e8 desiderato e la sua reiniezione in altre aree per vari scopi, come rassodare la pelle e ridurre rughe e cicatrici profonde.<\/p>\n\n\n\n<p>Il grasso pu\u00f2 anche essere trasferito sui glutei per creare un aspetto pi\u00f9 proporzionato con il resto del corpo. In alcuni casi, gli uomini possono optare per il trasferimento di grasso per aumentare le dimensioni del pene. La procedura dura in genere tra 2 e 3 ore, a seconda del singolo caso, e viene eseguita in anestesia generale, richiedendo un ricovero notturno in ospedale.<\/p>\n\n\n\n<p>I risultati della procedura sono solitamente visibili non appena gli effetti dell&#8217;intervento si attenuano. Ecco alcune informazioni rapide sulla procedura:<\/p>\n\n\n\n<figure class=\"wp-block-table\"><table><tbody><tr><td>Anestesia&nbsp;<\/td><td>Generale<\/td><\/tr><tr><td>Durata della procedura<\/td><td>2-3 ore<\/td><\/tr><tr><td>Risultati<\/td><td>Immediato &#8211; Dura circa 5-10 anni.<\/td><\/tr><tr><td>Convalescenza<\/td><td>5-7 giorni&nbsp;<\/td><\/tr><tr><td>Degenza ospedaliera<\/td><td>1 Notte<\/td><\/tr><\/tbody><\/table><figcaption class=\"wp-element-caption\">Lipofilling in Turchia<\/figcaption><\/figure>\n\n\n\n<h2 class=\"wp-block-heading\">Come viene eseguito il trasferimento di grasso (lipofilling)?<\/h2>\n\n\n\n<p>Il lipofilling \u00e8 in genere associato alla liposuzione, il che significa che non \u00e8 possibile utilizzare grasso non autologo. Una volta determinato lo scopo dell&#8217;iniezione di grasso, che si tratti del viso o di altre aree del corpo, vengono identificati siti specifici per la liposuzione utilizzando semplici linee guida che assistono il chirurgo. Il paziente viene completamente anestetizzato e poi il grasso viene estratto attraverso piccoli tubi inseriti tramite incisioni non pi\u00f9 grandi di 0,5 cm. Questo grasso viene raccolto utilizzando un dispositivo di aspirazione. Dopo l&#8217;estrazione, il grasso viene purificato per rimuovere le impurit\u00e0 prima di essere iniettato nell&#8217;area mirata per il trattamento.<\/p>\n\n\n\n<h3 class=\"wp-block-heading\">Video sul trasferimento di grasso (lipofilling)<\/h3>\n\n\n\n<figure class=\"wp-block-embed is-type-video is-provider-youtube wp-block-embed-youtube wp-embed-aspect-16-9 wp-has-aspect-ratio\"><div class=\"wp-block-embed__wrapper\">\n<iframe loading=\"lazy\" title=\"Fat Transfer - Turk Aesthetic\" width=\"800\" height=\"450\" src=\"https:\/\/www.youtube.com\/embed\/_yc4DO-5CU0?feature=oembed\" frameborder=\"0\" allow=\"accelerometer; autoplay; clipboard-write; encrypted-media; gyroscope; picture-in-picture; web-share\" referrerpolicy=\"strict-origin-when-cross-origin\" allowfullscreen><\/iframe>\n<\/div><figcaption class=\"wp-element-caption\">Trasferimento di Grasso<\/figcaption><\/figure>\n\n\n\n<h3 class=\"wp-block-heading\">Idoneit\u00e0 per il trasferimento di grasso<\/h3>\n\n\n\n<ul class=\"wp-block-list\">\n<li>Gli individui devono avere un corpo sano.<\/li>\n\n\n\n<li>I candidati devono avere almeno 20 anni.<\/li>\n\n\n\n<li>Le persone insoddisfatte dei problemi della pelle sul viso, come rughe profonde o cicatrici che i filler non possono trattare, sono idonee.<\/li>\n\n\n\n<li>Le donne che cercano glutei pi\u00f9 pieni e pi\u00f9 sagomati che completino la forma del loro corpo possono qualificarsi.<\/li>\n\n\n\n<li>Anche gli uomini interessati all&#8217;ingrandimento del pene possono essere presi in considerazione per il trasferimento di grasso.<\/li>\n<\/ul>\n\n\n\n<h4 class=\"wp-block-heading\">Chi non pu\u00f2 sottoporsi al trasferimento di grasso?<\/h4>\n\n\n\n<p>Gli individui che non possono sottoporsi al trasferimento di grasso includono:<\/p>\n\n\n\n<ul class=\"wp-block-list\">\n<li>coloro che hanno meno di 20 anni.<\/li>\n\n\n\n<li>coloro che soffrono di malattie croniche o contagiose. individui con problemi alla pelle che possono essere trattati efficacemente con opzioni non chirurgiche come filler e laser.<\/li>\n<\/ul>\n\n\n\n<h3 class=\"wp-block-heading\">Il medico che esegue il trasferimento di grasso<\/h3>\n\n\n\n<p>La procedura \u00e8 eseguita da un chirurgo plastico con sufficiente esperienza in questo tipo di operazione. I medici di altre specialit\u00e0 non sono qualificati per eseguire il lipofilling. Quando si seleziona un ospedale o una clinica medica, \u00e8 essenziale ricercare strutture affidabili che mantengano un elevato standard di sterilizzazione e abbiano medici altamente qualificati. Mentre l&#8217;elevato costo della procedura pu\u00f2 talvolta riflettere l&#8217;efficienza e la credibilit\u00e0 della clinica, \u00e8 consigliabile non negoziare o mettere in discussione il prezzo.<\/p>\n\n\n\n<h4 class=\"wp-block-heading\">Tipi di anestesia utilizzati nella procedura<\/h4>\n\n\n\n<p>Il lipofilling pu\u00f2 essere eseguito solo in anestesia generale. I pazienti devono astenersi dal mangiare e dal bere per almeno sei ore prima della procedura per evitare fastidi allo stomaco al risveglio. In genere, i pazienti rimangono in ospedale per una o due notti quando viene utilizzata l&#8217;anestesia generale.<\/p>\n\n\n\n<h3 class=\"wp-block-heading\">Usi e benefici del trasferimento di grasso<\/h3>\n\n\n\n<h4 class=\"wp-block-heading\">Trasferimento di grasso al viso<\/h4>\n\n\n\n<p>Il trapianto di grasso al viso o l&#8217;iniezione di grasso facciale, in particolare sulle guance, viene eseguito per creare un aspetto pi\u00f9 pieno e sodo. Questa procedura pu\u00f2 aumentare le dimensioni della mascella inferiore, conferendole una forma pi\u00f9 ampia, e pu\u00f2 anche essere utilizzata per conferire alle labbra un aspetto pi\u00f9 pieno e attraente.<\/p>\n\n\n\n<h4 class=\"wp-block-heading\">Trasferimento di grasso ai glutei<\/h4>\n\n\n\n<p>L&#8217;intervento di lifting dei glutei \u00e8 un&#8217;opzione ideale per le persone che cercano un cambiamento pi\u00f9 pronunciato nell&#8217;aspetto dei loro glutei, in particolare le donne con glutei piatti che desiderano una silhouette pi\u00f9 femminile e attraente. Uno dei metodi pi\u00f9 comuni per ottenere questo risultato \u00e8 attraverso il trasferimento di grasso, in cui il grasso viene liposuzionato da un&#8217;area del corpo e quindi iniettato nei glutei.<\/p>\n\n\n\n<h4 class=\"wp-block-heading\">Trasferimento di grasso per l&#8217;ingrandimento del pene<\/h4>\n\n\n\n<p><a href=\"https:\/\/www.turkaesthetic.com\/it\/penis-enlargement\/\" target=\"_blank\" data-type=\"page\" data-id=\"21985\" rel=\"noreferrer noopener\">L&#8217;ingrandimento del pene<\/a> pu\u00f2 essere ottenuto tramite il trasferimento di grasso, che comporta la rimozione del grasso in eccesso dalla parte superiore dell&#8217;area pubica (grasso che pu\u00f2 influenzare la lunghezza percepita del pene). Se non c&#8217;\u00e8 grasso sufficiente sopra l&#8217;area pubica, il grasso pu\u00f2 anche essere estratto da altre parti del corpo. Il grasso prelevato viene poi iniettato nel pene per aumentarne lo spessore e la larghezza.<\/p>\n\n\n\n<figure class=\"wp-block-image size-full\"><img loading=\"lazy\" decoding=\"async\" width=\"800\" height=\"600\" src=\"http:\/\/turkaesthetic.com\/wp-content\/uploads\/2021\/12\/penis-enlargement-5.webp\" alt=\"Penoplastica in Turchia\" class=\"wp-image-21088\"\/><figcaption class=\"wp-element-caption\">Penoplastica in Turchia<\/figcaption><\/figure>\n\n\n\n<h3 class=\"wp-block-heading\">Fasi del processo di lipofilling in Turchia<\/h3>\n\n\n<div id=\"rank-math-howto\" class=\"rank-math-block\" >\n<div class=\"rank-math-howto-description\">\n\n<p>Il processo di trasferimento del grasso passa attraverso trefasi, come altre operazioni:<\/p>\n\n<\/div>\n<p class=\"rank-math-howto-duration\"><strong>Tempo totale:<\/strong> <span>2 ore<\/span><\/p>\n<div class=\"rank-math-steps \">\n<div id=\"howto-step-1677053222081\" class=\"rank-math-step\">\n<h3 class=\"rank-math-step-title \"><strong>Prima dell\u2019operazione<\/strong><\/h3>\n<div class=\"rank-math-step-content \"><img loading=\"lazy\" decoding=\"async\" width=\"1024\" height=\"576\" src=\"https:\/\/www.turkaesthetic.com\/wp-content\/uploads\/2022\/01\/fat-transfer-1.webp\" class=\"attachment-full size-full\" alt=\"Il lipofilling in Turchia\" srcset=\"https:\/\/www.turkaesthetic.com\/wp-content\/uploads\/2022\/01\/fat-transfer-1.webp 1024w, https:\/\/www.turkaesthetic.com\/wp-content\/uploads\/2022\/01\/fat-transfer-1-300x169.webp 300w, https:\/\/www.turkaesthetic.com\/wp-content\/uploads\/2022\/01\/fat-transfer-1-768x432.webp 768w\" sizes=\"auto, (max-width: 1024px) 100vw, 1024px\" \/><p>Prima del trasferimento di grasso, \u00e8 essenziale informare il medico di eventuali malattie croniche, farmaci assunti e interventi chirurgici precedenti. Fornire informazioni sanitarie complete \u00e8 fondamentale. Ecco alcuni passaggi essenziali da seguire:<br \/>\u2013 Discutere lo scopo della procedura e i risultati attesi con il medico.<br \/>\u2013 Evitare di mangiare e bere per almeno sei ore prima dell&#8217;operazione a causa dell&#8217;anestesia generale.<br \/>\u2013 Informare il medico di eventuali farmaci assunti regolarmente.<br \/>\u2013 Astenersi dal consumare alcol e dal fumare per almeno una settimana prima dell&#8217;operazione.<br \/>\u2013 Consultare il medico per interrompere l&#8217;assunzione di farmaci anticoagulanti, come l&#8217;aspirina.<br \/>\u2013 Indossare abiti comodi il giorno della procedura.<\/p>\n<\/div>\n<\/div>\n<div id=\"howto-step-1677053268766\" class=\"rank-math-step\">\n<h3 class=\"rank-math-step-title \"><strong>Durante il funzionamento<\/strong><\/h3>\n<div class=\"rank-math-step-content \"><p>Dopo l&#8217;anestesia generale, la procedura di trasferimento di grasso prevede tre fasi principali:<br \/>Liposuzione.<br \/>Purificazione del grasso.<br \/>Ritrasferimento del grasso nell&#8217;area da trattare.<br \/>Il medico identifica innanzitutto l&#8217;area da cui verr\u00e0 prelevato il grasso, come addome, glutei, cosce, torace o mani, e determina la quantit\u00e0 di grasso necessaria in base allo scopo della procedura. Durante la fase di liposuzione, il chirurgo utilizza attrezzature specializzate per aspirare le cellule adipose dal corpo, assicurandosi che rimangano vive.<br \/>In seguito, queste cellule adipose vengono purificate per rimuovere le impurit\u00e0. Infine, il chirurgo reinietta il grasso purificato nell&#8217;area destinata al miglioramento. Queste procedure vengono eseguite con la massima precisione per preservare la bont\u00e0 delle cellule adipose e ridurre al minimo i danni.<\/p>\n<\/div>\n<\/div>\n<div id=\"howto-step-1677053300937\" class=\"rank-math-step\">\n<h3 class=\"rank-math-step-title \"><strong>Dopo l\u2019operazione<\/strong><\/h3>\n<div class=\"rank-math-step-content \"><p>Dopo l&#8217;operazione, vengono applicate delle bende sulla zona interessata e i medici raccomandano di indossare un corsetto stretto per esercitare pressione su eventuali lividi, ridurre il gonfiore e favorire una guarigione pi\u00f9 rapida. Un piccolo tubo assorbente pu\u00f2 essere temporaneamente posizionato sotto la pelle per drenare eventuali liquidi accumulati. Il chirurgo fornir\u00e0 istruzioni specifiche e l&#8217;aderenza del paziente a queste linee guida \u00e8 essenziale per un recupero ottimale. Il paziente \u00e8 tenuto a rimanere in ospedale per una notte.<\/p>\n<\/div>\n<\/div>\n<\/div>\n<\/div>\n<p class=\"rank-math-howto-estimatedCost\"><strong>Costo stimato:<\/strong> <span>2200 Euro<\/span><\/p>\n\n\n\n\n\n<h4 class=\"wp-block-heading\">Trasferimento di grasso in altre aree del corpo<\/h4>\n\n\n\n<p>In alcuni casi, il grasso pu\u00f2 essere iniettato anche in altre aree del corpo. Ad esempio, pu\u00f2 essere utilizzato per migliorare l&#8217;aspetto delle cicatrici su mani, piedi o altre parti del corpo causate da incidenti. Inoltre, il trasferimento di grasso pu\u00f2 aiutare a ridurre al minimo le rughe profonde in aree come collo, mani o torace, anche se questo dovrebbe essere fatto con cautela e moderazione.<\/p>\n\n\n\n<h4 class=\"wp-block-heading\">Prima e dopo il trasferimento di grasso<\/h4>\n\n\n\n<p>Ecco alcune foto prima e dopo la procedura di innesto di grasso eseguita presso Turk Aesthetic a Istanbul.<\/p>\n\n\n\n<figure class=\"wp-block-gallery has-nested-images columns-default is-cropped wp-block-gallery-1 is-layout-flex wp-block-gallery-is-layout-flex\">\n<figure class=\"wp-block-image size-large\"><img loading=\"lazy\" decoding=\"async\" width=\"1200\" height=\"800\" data-id=\"50270\" src=\"https:\/\/www.turkaesthetic.com\/wp-content\/uploads\/2023\/12\/Fat-transfer-before-after-5.webp\" alt=\"Prima e dopo lipofilling in Turchia\" class=\"wp-image-50270\"\/><figcaption class=\"wp-element-caption\">Prima e dopo lipofilling in Turchia<\/figcaption><\/figure>\n\n\n\n<figure class=\"wp-block-image size-large\"><img loading=\"lazy\" decoding=\"async\" width=\"1200\" height=\"800\" data-id=\"45541\" src=\"https:\/\/www.turkaesthetic.com\/wp-content\/uploads\/2023\/11\/before-after-fat-transfer-1.jpg\" alt=\"Prima e dopo lipofilling in Turchia\" class=\"wp-image-45541\"\/><figcaption class=\"wp-element-caption\">Prima e dopo lipofilling in Turchia<\/figcaption><\/figure>\n\n\n\n<figure class=\"wp-block-image size-large\"><img loading=\"lazy\" decoding=\"async\" width=\"1200\" height=\"800\" data-id=\"45550\" src=\"https:\/\/www.turkaesthetic.com\/wp-content\/uploads\/2023\/11\/before-after-fat-transfer-2.jpg\" alt=\"Prima e dopo lipofilling in Turchia\" class=\"wp-image-45550\"\/><figcaption class=\"wp-element-caption\">Prima e dopo lipofilling in Turchia<\/figcaption><\/figure>\n<\/figure>\n\n\n\n<h3 class=\"wp-block-heading\">Istruzioni post-operatorie per il trasferimento di grasso<\/h3>\n\n\n\n<p>Ecco alcune considerazioni importanti da tenere a mente dopo la procedura:<\/p>\n\n\n\n<ul class=\"wp-block-list\">\n<li>Assicurati di riposare completamente e di assumere tutti i farmaci, inclusi analgesici e antinfiammatori, come prescritto dal medico per ridurre al minimo le complicazioni e gestire il dolore.<\/li>\n\n\n\n<li>Cerca di ridurre o evitare di fumare e di interrompere qualsiasi farmaco anticoagulante. Bevi molti liquidi, che aiutano la convalescenza e favoriscono una migliore guarigione delle ferite.<\/li>\n\n\n\n<li>Assicurati di dormire a sufficienza dopo l&#8217;intervento. Sdraiati nella posizione indicata dal tuo medico, in base all&#8217;area della procedura.<\/li>\n\n\n\n<li>Segui attentamente le istruzioni per la cura delle ferite per favorire la guarigione.<\/li>\n\n\n\n<li>Impegnati a indossare il corsetto fornito dal tuo medico per la durata specificata.<\/li>\n<\/ul>\n\n\n\n<h4 class=\"wp-block-heading\">Pro e contro<\/h4>\n\n\n\n<p><strong>Aspetti negativi<\/strong><\/p>\n\n\n\n<p>Dopo la procedura, possono insorgere complicazioni, in particolare con il livello di esperienza del chirurgo e l&#8217;aderenza del paziente alle istruzioni post-operatorie. In rari casi, pu\u00f2 verificarsi un&#8217;asimmetria nelle aree trattate.<\/p>\n\n\n\n<p><strong>Aspetti positivi<\/strong><\/p>\n\n\n\n<p>Se la procedura ha successo, i pazienti spesso riacquistano fiducia in se stessi grazie a un aspetto pi\u00f9 giovanile e attraente. Inoltre, pu\u00f2 aiutare a eliminare il grasso in eccesso indesiderato in aree specifiche del corpo.<\/p>\n\n\n\n<p><strong>Possibili effetti collaterali<\/strong><\/p>\n\n\n\n<p>Potresti riscontrare i seguenti effetti collaterali:<\/p>\n\n\n\n<ul class=\"wp-block-list\">\n<li>Gonfiore e lividi della pelle.<\/li>\n\n\n\n<li>Lieve prurito nel sito di sutura chirurgica.<\/li>\n\n\n\n<li>Disagio durante la prima settimana. Leggero e temporaneo intorpidimento in alcune aree.<\/li>\n\n\n\n<li>Arrossamento temporaneo o scolorimento bluastro nelle aree di trasferimento.<\/li>\n\n\n\n<li>Per qualsiasi dubbio o domanda riguardante la convalescenza, contattare il proprio medico.<\/li>\n<\/ul>\n\n\n\n<h3 class=\"wp-block-heading\">Intervento di trasferimento di grasso in Turchia Istanbul<\/h3>\n\n\n\n<p>La Turchia, in particolare Istanbul, \u00e8 una destinazione popolare per i turisti che cercano sia cure mediche che turismo, grazie ai suoi numerosi vantaggi. Questi includono un&#8217;ampia gamma di opzioni, la competenza dei medici, servizi di alta qualit\u00e0 e prezzi ragionevoli. La chirurgia estetica in Turchia \u00e8 tra le opzioni pi\u00f9 ricercate, con costi che generalmente vanno da \u20ac 2.000 a \u20ac 2.500 a seconda della clinica e del caso specifico.<\/p>\n\n\n\n<h4 class=\"wp-block-heading\">Costo del trasferimento di grasso in Turchia Istanbul<\/h4>\n\n\n\n<p>Il costo della procedura di trasferimento di grasso in Turchia varia a seconda della posizione e dipende da diversi fattori:<\/p>\n\n\n\n<p>La reputazione della clinica medica o dell&#8217;ospedale.<br>L&#8217;esperienza del medico.<br>L&#8217;area del corpo da trattare.<br>Servizi aggiuntivi offerti dalla clinica, poich\u00e9 alcune istituzioni forniscono pacchetti che includono trattamento, alloggio e trasporto. Presso Turk Aesthetic a Istanbul, il costo della procedura di trasferimento del grasso \u00e8 di \u20ac 2.200.<\/p>\n\n\n\n<p>Puoi contattare il team di Turk Aesthetic tramite la loro pagina dei contatti per informazioni sui pacchetti che includono alloggio e trasporto.comprensivo di alloggio e trasporto, \u00e8 possibile contattare il team di Turk Aesthetic tramite la pagina dei contatti.<\/p>\n\n\n\n<h2 class=\"wp-block-heading\">FAQ &#8211; lipofilling in Turchia Istanbul<\/h2>\n\n\n<div id=\"rank-math-faq\" class=\"rank-math-block\">\n<div class=\"rank-math-list \">\n<div id=\"faq-question-1677053493920\" class=\"rank-math-list-item\">\n<h3 class=\"rank-math-question \"><strong>Quanto dura la procedura di trasferimento del grasso?<\/strong><\/h3>\n<div class=\"rank-math-answer \">\n\n<p>La procedura dura in genere dalle 2 alle 3 ore, a seconda del caso specifico.<\/p>\n\n<\/div>\n<\/div>\n<div id=\"faq-question-1742907638577\" class=\"rank-math-list-item\">\n<h3 class=\"rank-math-question \">Quando vedr\u00f2 i risultati del trasferimento del grasso?<\/h3>\n<div class=\"rank-math-answer \">\n\n<p>I risultati sono visibili subito dopo la procedura, anche se diventeranno pi\u00f9 evidenti man mano che gli effetti chirurgici svaniscono.<\/p>\n\n<\/div>\n<\/div>\n<div id=\"faq-question-1742907645265\" class=\"rank-math-list-item\">\n<h3 class=\"rank-math-question \">Qual \u00e8 il tasso di successo del trasferimento del grasso?<\/h3>\n<div class=\"rank-math-answer \">\n\n<p>Il tasso di successo di questa procedura \u00e8 elevato rispetto ad altre operazioni.<\/p>\n\n<\/div>\n<\/div>\n<div id=\"faq-question-1742907655064\" class=\"rank-math-list-item\">\n<h3 class=\"rank-math-question \">Che tipo di anestesia viene utilizzata durante il trasferimento del grasso?<\/h3>\n<div class=\"rank-math-answer \">\n\n<p>Il trasferimento del grasso viene eseguito in anestesia generale.<\/p>\n\n<\/div>\n<\/div>\n<div id=\"faq-question-1742907661054\" class=\"rank-math-list-item\">\n<h3 class=\"rank-math-question \">Qual \u00e8 il costo del trasferimento del grasso in Turchia?<\/h3>\n<div class=\"rank-math-answer \">\n\n<p>Il costo presso Turk Aesthetic Istanbul varia in base alle specifiche della procedura, a partire da \u20ac 2.500.<\/p>\n\n<\/div>\n<\/div>\n<div id=\"faq-question-1742907669717\" class=\"rank-math-list-item\">\n<h3 class=\"rank-math-question \">Qual \u00e8 il periodo di recupero dopo l&#8217;iniezione di grasso?<\/h3>\n<div class=\"rank-math-answer \">\n\n<p>In genere, un periodo di recupero di circa una settimana \u00e8 sufficiente dopo la procedura di trasferimento del grasso.<\/p>\n\n<\/div>\n<\/div>\n<div id=\"faq-question-1742907676500\" class=\"rank-math-list-item\">\n<h3 class=\"rank-math-question \">I risultati del trasferimento del grasso sono permanenti?<\/h3>\n<div class=\"rank-math-answer \">\n\n<p>S\u00ec, i risultati del trasferimento del grasso sono considerati una soluzione a lungo termine. Gli effetti durano solitamente dai 5 ai 10 anni.<\/p>\n\n<\/div>\n<\/div>\n<div id=\"faq-question-1742907682776\" class=\"rank-math-list-item\">\n<h3 class=\"rank-math-question \">La dieta influisce sui risultati del trasferimento del grasso?<\/h3>\n<div class=\"rank-math-answer \">\n\n<p>S\u00ec, si consiglia di seguire una dieta ricca di carboidrati dopo la procedura per garantire che i risultati non siano influenzati negativamente da un&#8217;alimentazione inadeguata.<\/p>\n\n<\/div>\n<\/div>\n<\/div>\n<\/div>\n\n\n<p>Infine, puoi <a href=\"http:\/\/turkaesthetic.com\/it\/contact-us\/\" data-type=\"page\" data-id=\"21028\" target=\"_blank\" rel=\"noreferrer noopener\"><strong>contattarci<\/strong><\/a> direttamente tramite il link per richiedere informazioni e prezzi a <strong><a href=\"https:\/\/www.youtube.com\/channel\/UC0zggzdm5CFwpRMmn_CPpFQ\" data-type=\"URL\" data-id=\"https:\/\/www.youtube.com\/channel\/UC0zggzdm5CFwpRMmn_CPpFQ\" target=\"_blank\" rel=\"noreferrer noopener\">Turk Aesthetic<\/a> <\/strong>Istanbul Turkey.<\/p>\n","protected":false},"excerpt":{"rendered":"<p>Il trasferimento di grasso \u00e8 un tipo di chirurgia plastica che prevede il trasferimento di grasso da aree del corpo in cui non \u00e8 desiderato e la sua reiniezione in altre aree per vari scopi, come rassodare la pelle e ridurre rughe e cicatrici profonde. Il grasso pu\u00f2 anche essere trasferito sui glutei per creare [&hellip;]<\/p>\n","protected":false},"author":1,"featured_media":21224,"parent":0,"menu_order":0,"comment_status":"closed","ping_status":"closed","template":"","meta":{"footnotes":""},"dep":[1354],"class_list":["post-21937","page","type-page","status-publish","has-post-thumbnail","hentry","dep-plastic-surgeries"],"_links":{"self":[{"href":"https:\/\/www.turkaesthetic.com\/it\/wp-json\/wp\/v2\/pages\/21937","targetHints":{"allow":["GET"]}}],"collection":[{"href":"https:\/\/www.turkaesthetic.com\/it\/wp-json\/wp\/v2\/pages"}],"about":[{"href":"https:\/\/www.turkaesthetic.com\/it\/wp-json\/wp\/v2\/types\/page"}],"author":[{"embeddable":true,"href":"https:\/\/www.turkaesthetic.com\/it\/wp-json\/wp\/v2\/users\/1"}],"replies":[{"embeddable":true,"href":"https:\/\/www.turkaesthetic.com\/it\/wp-json\/wp\/v2\/comments?post=21937"}],"version-history":[{"count":0,"href":"https:\/\/www.turkaesthetic.com\/it\/wp-json\/wp\/v2\/pages\/21937\/revisions"}],"wp:featuredmedia":[{"embeddable":true,"href":"https:\/\/www.turkaesthetic.com\/it\/wp-json\/wp\/v2\/media\/21224"}],"wp:attachment":[{"href":"https:\/\/www.turkaesthetic.com\/it\/wp-json\/wp\/v2\/media?parent=21937"}],"wp:term":[{"taxonomy":"dep","embeddable":true,"href":"https:\/\/www.turkaesthetic.com\/it\/wp-json\/wp\/v2\/dep?post=21937"}],"curies":[{"name":"wp","href":"https:\/\/api.w.org\/{rel}","templated":true}]}}