{"id":21887,"date":"2022-01-21T13:21:57","date_gmt":"2022-01-21T10:21:57","guid":{"rendered":"http:\/\/turkaesthetic.com\/?page_id=21887"},"modified":"2024-04-24T00:43:10","modified_gmt":"2024-04-23T21:43:10","slug":"skincare","status":"publish","type":"page","link":"https:\/\/www.turkaesthetic.com\/it\/skincare\/","title":{"rendered":"Pulizia del Viso"},"content":{"rendered":"\n<p><strong>Pulizia del viso in Turchia Istanbul<\/strong> sono una procedura semplice che migliora e ringiovanisce il viso. Ognuno ha diversi tipi di pelle, con alcuni tipi di pelle asciutti e altri grassi. Durante la vita e come risultato di molti fattori comel&#8217;aspetto ovvio e rapido della nostra pelle, il viso perde la sua freschezza e compaiono fattori irritanti come l&#8217;acne e i punti neri.<\/p>\n\n\n\n<p>Altri fattori come il fumo, i danni alla pelle, l&#8217;esposizione al sole ole condizioni meteorologiche avverse influenzano anche la salute del viso. Il fattore pi\u00f9 importante da considerare nel viso \u00e8 il tipo di pelle. I problemi della pelle possono essere eliminati e la vitalit\u00e0 aggiunta al viso con una sessione di trattamento del viso. Ecco alcune informazioni rapide sulla sessione di trattamento del viso:<\/p>\n\n\n\n<figure class=\"wp-block-table\"><table><tbody><tr><td>Anestesia&nbsp;<\/td><td>Non c&#8217;\u00e8 bisogno&nbsp;<\/td><\/tr><tr><td>Durata del processo<\/td><td>1 ora<\/td><\/tr><tr><td>Obiettivo della sessione&nbsp;<\/td><td>Purifica il viso da punti neri, acne e cellule morte e dona al viso un aspetto luminoso e vibrante.<\/td><\/tr><tr><td>Risultati<\/td><td>Immediato &#8211; Durata da 30 a 45 giorni<\/td><\/tr><tr><td>Numero di sessione<\/td><td>A seconda dei casi<\/td><\/tr><tr><td>Costo in Turk Aesthetic&nbsp;<\/td><td>90 EUR<\/td><\/tr><\/tbody><\/table><figcaption class=\"wp-element-caption\"><strong>Pulizia del Viso in Turchia<\/strong><\/figcaption><\/figure>\n\n\n\n<h2 class=\"wp-block-heading\">Come funziona la sessione di pulizia del viso in Turchia?<\/h2>\n\n\n\n<p>I trattamenti facciali vengono eseguiti da un chirurgo plastico o da un cosmetologo. La sessione inizia con la scelta dei materiali giusti per il tipo di pelle e la forma. Quindi questicomposti vengono applicati con un bagno di vapore morbido e maschere per il viso.<\/p>\n\n\n\n<p>Tecniche come <a href=\"http:\/\/turkaesthetic.com\/it\/non-surgical-it\/dermapen-in-turkey\/\" data-type=\"post\" data-id=\"28699\" target=\"_blank\" rel=\"noreferrer noopener\">Dermapen<\/a>, <a href=\"http:\/\/turkaesthetic.com\/it\/non-surgical-it\/dermabrasion-in-turkey\/\" data-type=\"post\" data-id=\"28746\" target=\"_blank\" rel=\"noreferrer noopener\">Dermoabrasione<\/a>, PRP (<a href=\"http:\/\/turkaesthetic.com\/it\/prp\/\" data-type=\"page\" data-id=\"21759\" target=\"_blank\" rel=\"noreferrer noopener\">Plasma<\/a>), Facial Hydra e Peeling possono essere utilizzate in combinazione con la cura del viso personale. Infine, un massaggio faccialeviene applicato utilizzando alcuni oli speciali che aiutano il viso a rilassarsi.<\/p>\n\n\n\n<h3 class=\"wp-block-heading\">Video della sessione di pulizia del viso in Turchia<\/h3>\n\n\n\n<p>Puoi guardare il video che mostra come fare una sessione facciale a Istanbul, in Turchia.<\/p>\n\n\n\n<figure class=\"wp-block-embed is-type-video is-provider-youtube wp-block-embed-youtube wp-embed-aspect-16-9 wp-has-aspect-ratio\"><div class=\"wp-block-embed__wrapper\">\n<iframe loading=\"lazy\" title=\"Skin Care in Turkey (45) Minutes - Turk Aesthetic\" width=\"800\" height=\"450\" src=\"https:\/\/www.youtube.com\/embed\/BkRAs41IWgw?feature=oembed\" frameborder=\"0\" allow=\"accelerometer; autoplay; clipboard-write; encrypted-media; gyroscope; picture-in-picture; web-share\" allowfullscreen><\/iframe>\n<\/div><figcaption class=\"wp-element-caption\"><strong>Pulizia del viso in Turchia Istanbul<\/strong><\/figcaption><\/figure>\n\n\n\n<h3 class=\"wp-block-heading\">Il medico che fa una sessione facciale in Turchia<\/h3>\n\n\n\n<p>I trattamenti per il viso sono un processo cosmetico eseguito da unmedico estetico esperto o da un&#8217;estetista qualificata in un centro di fiducia, un ambiente clinico altamente sterile e un medico altamente qualificato sono tutti presi in considerazione quando si sceglie un centro medico. Un costo elevato a volte pu\u00f2 riflettere l&#8217;efficienzae l&#8217;affidabilit\u00e0 del centro, quindi \u00e8 meglio non discutere o negoziare il costo.<\/p>\n\n\n\n<h3 class=\"wp-block-heading\">Tecniche di pulizia del viso in Turchia<\/h3>\n\n\n\n<p>Oltre ai materiali utilizzati nei trattamenti per il viso, \u00e8 possibile utilizzare molte tecniche diverse . Di seguito parleremo delle tecniche utilizzate nei trattamenti per il viso:<\/p>\n\n\n\n<h4 class=\"wp-block-heading\">Dermapen<\/h4>\n\n\n\n<p>\u00c8 una procedura per stimolare la superficie del viso con una penna speciale attraverso aghi sottili. Aiuta ad eliminare formazioni comemacchie chiare, rughe e cicatrici da acne. La procedura aggiunge vitalit\u00e0 e freschezza al viso e aiuta a stringerlo. La durata della procedura richiede in media 20-30 minuti. Una crema anestetica locale pu\u00f2 essere applicata prima delprocesso di edificazione per ridurre la sensazione di una puntura d&#8217;ago.<\/p>\n\n\n\n<figure class=\"wp-block-image size-full\"><img loading=\"lazy\" decoding=\"async\" width=\"1024\" height=\"724\" src=\"http:\/\/turkaesthetic.com\/wp-content\/uploads\/2022\/01\/skincare-Dermapen.webp\" alt=\"I trattamenti per il viso in Turchia\" class=\"wp-image-21241\" srcset=\"https:\/\/www.turkaesthetic.com\/wp-content\/uploads\/2022\/01\/skincare-Dermapen.webp 1024w, https:\/\/www.turkaesthetic.com\/wp-content\/uploads\/2022\/01\/skincare-Dermapen-300x212.webp 300w, https:\/\/www.turkaesthetic.com\/wp-content\/uploads\/2022\/01\/skincare-Dermapen-768x543.webp 768w\" sizes=\"auto, (max-width: 1024px) 100vw, 1024px\" \/><figcaption class=\"wp-element-caption\">Pulizia del viso in Turchia<\/figcaption><\/figure>\n\n\n\n<h4 class=\"wp-block-heading\">Dermoabrasione&nbsp;<\/h4>\n\n\n\n<p>\u00c8 una procedura per sbucciare la superficie del viso. Pu\u00f2 essere applicato con una sessione di trattamento facciale per rimuovere cicatrici, acne, rughe leggere e buche su visage. Nuovi tessuti e cellule sostituiscono il viso esfoliato, con conseguente nuova pelle lucida e senza macchie. Poich\u00e9 la superficie del viso si sta desquamando, \u00e8 possibile utilizzare una crema anestetica locale prima della procedura in modo che la personanon senta alcun disagio. Potrebbero essere necessari 7-10 giorni affinch\u00e9 il viso dopo una sessione di gravidanza dermica guarisca completamente. La durata della procedura \u00e8 di 30-40 minuti e il numero di sessioni pu\u00f2 variare a seconda del tipo di pelle e delle condizioni.<\/p>\n\n\n\n<h4 class=\"wp-block-heading\">Plasma (PRP)<\/h4>\n\n\n\n<p>Quando il plasma viene applicato sul viso durante una sessione di trattamento facciale, la sessione d\u00e0 risultati eccellenti perch\u00e9 il plasma rigenera le cellule e stimola il collagene. \u00c8 preferibile ripetere questa procedura per ottenere risultati permanentiperch\u00e9 una sessione non \u00e8 sufficiente per ottenere un risultato ideale.<\/p>\n\n\n\n<h4 class=\"wp-block-heading\">Idra facciale<\/h4>\n\n\n\n<p>Una tecnica che combina i numerosi vantaggi dei cristalli e dei peeling chimici allo stesso tempo. \u00c8 un&#8217;alternativa non chirurgica a un trattamento efficace che non supera la mezz&#8217;ora, senza l&#8217;uso di antiossidanti, con risultati sorprendenti per ringiovanire e idratare il viso, senza complicazioni o rischi. Grazie alle teste dell&#8217;aspirapolvere, pulisce i punti neri e l&#8217;acne. Include diversi metodi come la somministrazione di siero sotto il viso, il rassodamento del viso attraverso la luce rossa a LED, l&#8217;esfoliazione della pelle morta e della carnagione del viso.<\/p>\n\n\n\n<figure class=\"wp-block-image size-full\"><img loading=\"lazy\" decoding=\"async\" width=\"1024\" height=\"768\" src=\"http:\/\/turkaesthetic.com\/wp-content\/uploads\/2022\/01\/during-skincare.webp\" alt=\"I trattamenti per il viso in Turchia\" class=\"wp-image-21236\" srcset=\"https:\/\/www.turkaesthetic.com\/wp-content\/uploads\/2022\/01\/during-skincare.webp 1024w, https:\/\/www.turkaesthetic.com\/wp-content\/uploads\/2022\/01\/during-skincare-300x225.webp 300w, https:\/\/www.turkaesthetic.com\/wp-content\/uploads\/2022\/01\/during-skincare-768x576.webp 768w\" sizes=\"auto, (max-width: 1024px) 100vw, 1024px\" \/><figcaption class=\"wp-element-caption\">Pulizia del viso in Turchia<\/figcaption><\/figure>\n\n\n\n<h4 class=\"wp-block-heading\">Peeling ad ultrasuoni&nbsp;<\/h4>\n\n\n\n<p>L&#8217;esfoliazione \u00e8 un modo per purificare il viso delle cellule chehanno perso la loro vitalit\u00e0. In questo modo, il viso riacquista la sua antica vitalit\u00e0 e freschezza. Esistono diversi tipi di peeling, come prodotti chimici e carbonio. I peeling chimici rimuovono le cellule morte che hanno perso la loro vitalit\u00e0in faccia a causa di alcune sostanze chimiche. Per quanto riguarda la buccia di carbone, agisce per purificare il viso con l&#8217;aiuto di carbone attivo. Uno dei metodi di peeling pu\u00f2 essere utilizzato a seconda del tipo di pelle e della raccomandazione del medico.<\/p>\n\n\n\n<figure class=\"wp-block-image size-full\"><img loading=\"lazy\" decoding=\"async\" width=\"1024\" height=\"683\" src=\"http:\/\/turkaesthetic.com\/wp-content\/uploads\/2022\/01\/carbon-facial-peeling.webp\" alt=\"I trattamenti per il viso in Turchia\" class=\"wp-image-21235\" srcset=\"https:\/\/www.turkaesthetic.com\/wp-content\/uploads\/2022\/01\/carbon-facial-peeling.webp 1024w, https:\/\/www.turkaesthetic.com\/wp-content\/uploads\/2022\/01\/carbon-facial-peeling-300x200.webp 300w, https:\/\/www.turkaesthetic.com\/wp-content\/uploads\/2022\/01\/carbon-facial-peeling-768x512.webp 768w\" sizes=\"auto, (max-width: 1024px) 100vw, 1024px\" \/><figcaption class=\"wp-element-caption\">Pulizia del viso in Turchia<\/figcaption><\/figure>\n\n\n\n<h4 class=\"wp-block-heading\">Masques di cura del viso<\/h4>\n\n\n\n<p>Dopo aver selezionato i prodotti per la cura del viso appropriati per il tuo tipo di pelle, se necessario, viene applicata una delle tecniche di cui sopra. Dopo aver completato tutte le procedure, le maschere vengono utilizzate permantenere l&#8217;equilibrio e l&#8217;umidit\u00e0 del viso e dare lucentezza al viso.<\/p>\n\n\n\n<figure class=\"wp-block-image size-full\"><img loading=\"lazy\" decoding=\"async\" width=\"1024\" height=\"681\" src=\"http:\/\/turkaesthetic.com\/wp-content\/uploads\/2022\/01\/skincare-mask-.webp\" alt=\"I trattamenti per il viso in Turchia\" class=\"wp-image-21243\" srcset=\"https:\/\/www.turkaesthetic.com\/wp-content\/uploads\/2022\/01\/skincare-mask-.webp 1024w, https:\/\/www.turkaesthetic.com\/wp-content\/uploads\/2022\/01\/skincare-mask--300x200.webp 300w, https:\/\/www.turkaesthetic.com\/wp-content\/uploads\/2022\/01\/skincare-mask--768x511.webp 768w\" sizes=\"auto, (max-width: 1024px) 100vw, 1024px\" \/><figcaption class=\"wp-element-caption\">Pulizia del Viso in Turchia<\/figcaption><\/figure>\n\n\n\n<h2 class=\"wp-block-heading\">Fasi della sessione di pulizia del viso in Turchia<\/h2>\n\n\n<div id=\"rank-math-howto\" class=\"rank-math-block\" >\n<div class=\"rank-math-howto-description\">\n\n<p>Una sessione di trattamento a Istanbul, in Turchia, passa attraverso tre fasi:<\/p>\n\n<\/div>\n<p class=\"rank-math-howto-duration\"><strong>Tempo totale:<\/strong> <span>45 minuti<\/span><\/p>\n<div class=\"rank-math-steps \">\n<div id=\"howto-step-1676671428264\" class=\"rank-math-step\">\n<h3 class=\"rank-math-step-title \">Prima della sessione<\/h3>\n<div class=\"rank-math-step-content \"><p>Prima della sessione facciale, lo scopo della procedura viene discusso a seconda del tipo di pelle, dei problemi della pelle, del numero di sessioni da eseguire e dell\u2019intervallo di tempo tra ogni sessione. \u00c8 meglio condurre una sessione di trattamento del viso con plasma, dermapen o peeling a seconda dei casi. Una crema anestetica locale pu\u00f2 essere utilizzata prima della procedura se viene effettuata Adottare una delle tecniche che accompagnano la sessione di trattamento del viso.<\/p>\n<\/div>\n<\/div>\n<div id=\"howto-step-1676671459313\" class=\"rank-math-step\">\n<h3 class=\"rank-math-step-title \">Durante la sessione<\/h3>\n<div class=\"rank-math-step-content \"><p>La sessione inizia con la rimozione del trucco e della crema per il viso, e macchie nere, acne, cicatrici e fosse, se presenti, vengono rimosse utilizzando le tecniche che abbiamo menzionato con i trattamenti per il viso. Infine, vengono utilizzate le maschere appropriate per il tipo di pelle. Infine, il viso viene massaggiato con oli speciali.<\/p>\n<\/div>\n<\/div>\n<div id=\"howto-step-1676671474111\" class=\"rank-math-step\">\n<h3 class=\"rank-math-step-title \">Dopo la sessione<\/h3>\n<div class=\"rank-math-step-content \"><p>Una persona pu\u00f2 tornare immediatamente alla sua vita normale con l\u2019uso di creme raccomandate dallo specialista e seguendo le istruzioni di cura per risultati pi\u00f9 efficaci e duraturi. Se vengono utilizzate tecniche come Dermapen o skin plasma, \u00e8 necessario utilizzare la protezione solare.<\/p>\n<\/div>\n<\/div>\n<\/div>\n<\/div>\n<p class=\"rank-math-howto-estimatedCost\"><strong>Costo stimato:<\/strong> <span>90 EUR<\/span><\/p>\n\n\n\n\n\n<h3 class=\"wp-block-heading\">Prima e dopo la seduta di pulizia del viso in Turchia<\/h3>\n\n\n\n<p>Di seguito puoi vedere le foto prima e dopo dei nostri pazienti che hanno subito trattamenti per il viso.<\/p>\n\n\n\n<figure class=\"wp-block-gallery has-nested-images columns-default is-cropped wp-block-gallery-1 is-layout-flex wp-block-gallery-is-layout-flex\">\n<figure class=\"wp-block-image size-large\"><img loading=\"lazy\" decoding=\"async\" width=\"1200\" height=\"800\" data-id=\"46532\" src=\"http:\/\/turkaesthetic.com\/wp-content\/uploads\/2023\/11\/before-after-skin-care-1.jpg\" alt=\"Prima e dopo Pulizia del viso in Istanbul\" class=\"wp-image-46532\"\/><figcaption class=\"wp-element-caption\">Prima e dopo Pulizia del viso in Istanbul<\/figcaption><\/figure>\n\n\n\n<figure class=\"wp-block-image size-large\"><img loading=\"lazy\" decoding=\"async\" width=\"1200\" height=\"800\" data-id=\"46541\" src=\"http:\/\/turkaesthetic.com\/wp-content\/uploads\/2023\/11\/before-after-skin-care-2.jpg\" alt=\"Prima e dopo Pulizia del viso in Istanbul\" class=\"wp-image-46541\"\/><figcaption class=\"wp-element-caption\">Prima e dopo Pulizia del viso in Istanbul<\/figcaption><\/figure>\n\n\n\n<figure class=\"wp-block-image size-large\"><img loading=\"lazy\" decoding=\"async\" width=\"1200\" height=\"800\" data-id=\"46550\" src=\"http:\/\/turkaesthetic.com\/wp-content\/uploads\/2023\/11\/before-after-skin-care-3.jpg\" alt=\"Prima e dopo Pulizia del viso in Istanbul\" class=\"wp-image-46550\"\/><figcaption class=\"wp-element-caption\">Prima e dopo Pulizia del viso in Istanbul<\/figcaption><\/figure>\n\n\n\n<figure class=\"wp-block-image size-large\"><img loading=\"lazy\" decoding=\"async\" width=\"1200\" height=\"800\" data-id=\"46559\" src=\"http:\/\/turkaesthetic.com\/wp-content\/uploads\/2023\/11\/before-after-skin-care-4.jpg\" alt=\"Prima e dopo Pulizia del viso in Istanbul\" class=\"wp-image-46559\"\/><figcaption class=\"wp-element-caption\">Prima e dopo Pulizia del viso in Istanbul<\/figcaption><\/figure>\n<\/figure>\n\n\n\n<h3 class=\"wp-block-heading\">Istruzioni dopo i pulizia del viso in Turchia<\/h3>\n\n\n\n<ul class=\"wp-block-list\">\n<li>Seguirele istruzioni del medico<\/li>\n\n\n\n<li>Se viene applicato plasma, dermapen o dermoabrasione, l&#8217;area non deve essere lavata fino al giorno successivo.<\/li>\n\n\n\n<li>Non usare sostanze chimiche nei primi giorni.<\/li>\n\n\n\n<li>Consultare il proprio medico se si desidera eseguire una procedura aggiuntiva come filler o botox.<\/li>\n\n\n\n<li>Se viene applicato plasma, dermapen o dermoabrasione, non deve essere utilizzata alcuna protezione solare.<\/li>\n<\/ul>\n\n\n\n<h3 class=\"wp-block-heading\">Pro e contro, pro e contro una sessione facciale<\/h3>\n\n\n\n<h4 class=\"wp-block-heading\">Benefici<\/h4>\n\n\n\n<p>Una volta terminata la sessione di cura e pulizia, una persona noter\u00e0 un miglioramento significativo della carnagione, della consistenza e della luminosit\u00e0 del viso. Ti permette di avere un viso affilato e pulito senza macchie nere, acne e cellule morte.<\/p>\n\n\n\n<h4 class=\"wp-block-heading\">Difetti<\/h4>\n\n\n\n<p>Pu\u00f2 richiedere una nuova sessione nel tempo a causa di fattori personali e ambientali. I trattamenti per il viso eseguiti da non esperti in condizioni non sterili e non utilizzano buone attrezzature possono avereeffetti negativi sui risultati.<\/p>\n\n\n\n<h4 class=\"wp-block-heading\">Effetti collaterali della sessione di Pulizia del viso<\/h4>\n\n\n\n<p>In casi molto rari, ci pu\u00f2 essere un&#8217;allergia alle sostanze utilizzate nelle maschere a base di erbe e in altri oli biologici. Se ci sono tecnicheutilizzate con la sessione di trattamento del viso, come il plasma cutaneo o il peeling, potrebbe esserci un leggero arrossamento dopo la sessione.<\/p>\n\n\n\n<h3 class=\"wp-block-heading\">Pulizia del viso in Turchia Istanbul<\/h3>\n\n\n\n<p>La Turchia in generale, e Istanbul in particolare, \u00e8 la destinazione di moltituristi che visitano la Turchia per cure e turismo allo stesso tempo, grazie ai suoi numerosi vantaggi come l&#8217;abbondanza di opzioni, l&#8217;esperienza dei medici e la qualit\u00e0 dell&#8217;assistenza sanitaria.<\/p>\n\n\n\n<p>I trattamenti per il viso in Turchia sono una delle opzioni cosmetiche pi\u00f9 importanti disponibili e il suo costo varia tra 90 e 120 euro, a seconda di ciascun centro e dei dettagli della sessione.<\/p>\n\n\n\n<h3 class=\"wp-block-heading\">Costo della sessione di pulizia del viso in Turchia Istanbul<\/h3>\n\n\n\n<p>Il costo dei trattamenti per il viso in Turchiavaria da luogo a luogo a seconda di alcune cose:<\/p>\n\n\n\n<ul class=\"wp-block-list\">\n<li>La reputazione del centro medico o dell&#8217;ospedale.<\/li>\n\n\n\n<li>Esperienza del medico.<\/li>\n\n\n\n<li>Dettagli della procedura.<\/li>\n\n\n\n<li>Il centro offre servizi aggiuntivi, in quanto alcuni centri offrono pacchetti cheincludono trattamento, alloggio e trasporto.<\/li>\n<\/ul>\n\n\n\n<p>Turk Aesthetic Istanbul &#8211; Il costo di una sessione di trattamento viso \u00e8 di 90 euro<\/p>\n\n\n\n<p>Puoi contattare il team di estetica turca nella pagina dei contatti per richiedere un supplemento per il pacchetto che include alloggio e trasporto.<\/p>\n\n\n\n<h2 class=\"wp-block-heading\">FAQ &#8211; Pulizia del viso in Turchia<\/h2>\n\n\n<div id=\"rank-math-faq\" class=\"rank-math-block\">\n<div class=\"rank-math-list \">\n<div id=\"faq-question-1676671650300\" class=\"rank-math-list-item\">\n<h3 class=\"rank-math-question \">Qual \u00e8 l&#8217;et\u00e0 appropriata per pulizia del viso in Turchia?<\/h3>\n<div class=\"rank-math-answer \">\n\n<p>Chiunque abbia pi\u00f9 di 20 anni.<\/p>\n\n<\/div>\n<\/div>\n<div id=\"faq-question-1676671658119\" class=\"rank-math-list-item\">\n<h3 class=\"rank-math-question \">Quanto dura una sessione facciale?<\/h3>\n<div class=\"rank-math-answer \">\n\n<p>Ci vogliono circa 45-60 minuti, a seconda dellatecnologia da utilizzare.<\/p>\n\n<\/div>\n<\/div>\n<div id=\"faq-question-1676671669014\" class=\"rank-math-list-item\">\n<h3 class=\"rank-math-question \">Ci sar\u00e0 dolore durante la sessione facciale?<\/h3>\n<div class=\"rank-math-answer \">\n\n<p>Non c&#8217;\u00e8 dolore durante i trattamenti per il viso.<\/p>\n\n<\/div>\n<\/div>\n<div id=\"faq-question-1676671680886\" class=\"rank-math-list-item\">\n<h3 class=\"rank-math-question \">Quali sono i benefici dei pulizia del viso in Turchia?<\/h3>\n<div class=\"rank-math-answer \">\n\n<p>Lo scopo principale dei trattamenti per il viso \u00e8 quello di purificare il viso da punti neri, acne e cellule morte e dare al viso un aspetto luminoso e vibrante.<\/p>\n\n<\/div>\n<\/div>\n<div id=\"faq-question-1676671709301\" class=\"rank-math-list-item\">\n<h3 class=\"rank-math-question \">Qual \u00e8 il costo di una sessione di pulizia del viso in Turchia?<\/h3>\n<div class=\"rank-math-answer \">\n\n<p>Il prezzo di una sessione di trattamento con Turk Aesthetic \u00e8 di 90 \u20ac.<\/p>\n\n<\/div>\n<\/div>\n<div id=\"faq-question-1676671753933\" class=\"rank-math-list-item\">\n<h3 class=\"rank-math-question \">Quali tecniche possono essere utilizzate per i pulizia del viso in Turchia?<\/h3>\n<div class=\"rank-math-answer \">\n\n<p>Tecniche come plasma, dermapen, dermoabrasione, idra facciale o peeling possono essere utilizzate con la sessione di trattamento del viso.<\/p>\n\n<\/div>\n<\/div>\n<\/div>\n<\/div>\n\n\n<p><strong><strong>Infine, puoi <a href=\"http:\/\/turkaesthetic.com\/it\/contact-us\/\" target=\"_blank\" data-type=\"page\" data-id=\"21028\" rel=\"noreferrer noopener\">contattare<\/a> direttamente il nostro team tramite il link per richiedere informazioni e prezzi al <a href=\"https:\/\/www.youtube.com\/channel\/UC0zggzdm5CFwpRMmn_CPpFQ\" target=\"_blank\" data-type=\"URL\" data-id=\"https:\/\/www.youtube.com\/channel\/UC0zggzdm5CFwpRMmn_CPpFQ\" rel=\"noreferrer noopener\">Turk Aesthetic<\/a> .<\/strong><\/strong><\/p>\n","protected":false},"excerpt":{"rendered":"<p>Pulizia del viso in Turchia Istanbul sono una procedura semplice che migliora e ringiovanisce il viso. Ognuno ha diversi tipi di pelle, con alcuni tipi di pelle asciutti e altri grassi. Durante la vita e come risultato di molti fattori comel&#8217;aspetto ovvio e rapido della nostra pelle, il viso perde la sua freschezza e compaiono [&hellip;]<\/p>\n","protected":false},"author":2,"featured_media":21242,"parent":0,"menu_order":0,"comment_status":"closed","ping_status":"closed","template":"","meta":{"footnotes":""},"dep":[1355],"class_list":["post-21887","page","type-page","status-publish","has-post-thumbnail","hentry","dep-medical-aesthetic"],"_links":{"self":[{"href":"https:\/\/www.turkaesthetic.com\/it\/wp-json\/wp\/v2\/pages\/21887","targetHints":{"allow":["GET"]}}],"collection":[{"href":"https:\/\/www.turkaesthetic.com\/it\/wp-json\/wp\/v2\/pages"}],"about":[{"href":"https:\/\/www.turkaesthetic.com\/it\/wp-json\/wp\/v2\/types\/page"}],"author":[{"embeddable":true,"href":"https:\/\/www.turkaesthetic.com\/it\/wp-json\/wp\/v2\/users\/2"}],"replies":[{"embeddable":true,"href":"https:\/\/www.turkaesthetic.com\/it\/wp-json\/wp\/v2\/comments?post=21887"}],"version-history":[{"count":0,"href":"https:\/\/www.turkaesthetic.com\/it\/wp-json\/wp\/v2\/pages\/21887\/revisions"}],"wp:featuredmedia":[{"embeddable":true,"href":"https:\/\/www.turkaesthetic.com\/it\/wp-json\/wp\/v2\/media\/21242"}],"wp:attachment":[{"href":"https:\/\/www.turkaesthetic.com\/it\/wp-json\/wp\/v2\/media?parent=21887"}],"wp:term":[{"taxonomy":"dep","embeddable":true,"href":"https:\/\/www.turkaesthetic.com\/it\/wp-json\/wp\/v2\/dep?post=21887"}],"curies":[{"name":"wp","href":"https:\/\/api.w.org\/{rel}","templated":true}]}}