{"id":21861,"date":"2022-01-26T09:28:46","date_gmt":"2022-01-26T06:28:46","guid":{"rendered":"http:\/\/turkaesthetic.com\/?page_id=21861"},"modified":"2025-07-18T16:05:39","modified_gmt":"2025-07-18T13:05:39","slug":"filler","status":"publish","type":"page","link":"https:\/\/www.turkaesthetic.com\/it\/filler\/","title":{"rendered":"Filler"},"content":{"rendered":"\n<p>I <strong>filler<\/strong> sono tra le soluzioni estetiche pi\u00f9 importanti applicate oggi. A causa di fattori come l&#8217;invecchiamento naturale, l&#8217;esposizione al sole e gli effetti ambientali, rughe e linee d&#8217;espressione possono svilupparsi nel tempo. I filler vengono utilizzati per affrontare questi problemi. Si tratta di materiali iniettati sotto la pelle per aiutare a rassodare il viso, ridurre le rughe e rinfrescare la pelle.<\/p>\n\n\n\n<p>Tutti i tipi di filler sono temporanei perch\u00e9 sono a base di acido ialuronico, una sostanza che il corpo scompone e assorbe naturalmente. Questo permette di ottenere un aspetto pi\u00f9 giovane senza ricorrere alla chirurgia. Una singola seduta in genere non dura pi\u00f9 di 5-10 minuti.<\/p>\n\n\n\n<figure class=\"wp-block-table\"><table><tbody><tr><td>Anestesia<\/td><td>Pas besoin ( Crema anestetica)<\/td><\/tr><tr><td>Durata del processo<\/td><td>5 &#8211; 10 minuti<\/td><\/tr><tr><td>Scopo del riempimento<\/td><td>Ridurre al minimo la comparsa di linee e rughe del viso per ripristinare un aspetto giovanile<\/td><\/tr><tr><td>Risultati<\/td><td>8 &#8211; 12 mesi &#8211; immediato<\/td><\/tr><tr><td>Convalescenza<\/td><td>Non c&#8217;\u00e8 bisogno<\/td><\/tr><\/tbody><\/table><figcaption class=\"wp-element-caption\"><strong>Filler in Turchia<\/strong><\/figcaption><\/figure>\n\n\n\n<h2 class=\"wp-block-heading\">Come si esegue?<\/h2>\n\n\n\n<p>Dopo aver informato il medico sui problemi che si desidera trattare, si esegue la procedura. Il medico fornisce soluzioni terapeutiche iniettando filler dermici per trattare una variet\u00e0 di problemi, come:<\/p>\n\n\n\n<ul class=\"wp-block-list\">\n<li>Riempimento di solchi profondi tra naso e labbra, noti come linee del sorriso.<\/li>\n\n\n\n<li>Esaltazione di labbra sottili e levigazione delle linee agli angoli della bocca.<\/li>\n\n\n\n<li>Aumento di volume alle guance per ripristinare un aspetto pi\u00f9 giovane e pieno. Nascondere le occhiaie o il rilassamento cutaneo.<\/li>\n\n\n\n<li>Sollevare e riempire la zona sotto le guance, che pu\u00f2 apparire incavata o flaccida a causa della perdita di peso.<\/li>\n\n\n\n<li>Ringiovanire il dorso delle mani reintegrando il volume o il grasso perso, donando un aspetto pi\u00f9 fresco e giovanile.<\/li>\n\n\n\n<li>La &#8220;tecnica Texas&#8221;, che prevede iniezioni nella zona della mandibola per definire la mandibola e migliorare la struttura del mento.<\/li>\n<\/ul>\n\n\n\n<figure class=\"wp-block-embed is-type-video is-provider-youtube wp-block-embed-youtube wp-embed-aspect-16-9 wp-has-aspect-ratio\"><div class=\"wp-block-embed__wrapper\">\n<iframe loading=\"lazy\" title=\"Filler - Turk Aesthetic\" width=\"800\" height=\"450\" src=\"https:\/\/www.youtube.com\/embed\/to-3yaMgXyE?feature=oembed\" frameborder=\"0\" allow=\"accelerometer; autoplay; clipboard-write; encrypted-media; gyroscope; picture-in-picture; web-share\" referrerpolicy=\"strict-origin-when-cross-origin\" allowfullscreen><\/iframe>\n<\/div><\/figure>\n\n\n\n<h3 class=\"wp-block-heading\">Aree di utilizzo<\/h3>\n\n\n\n<p>Queste sostanze possono essere applicate o utilizzate in molti campi medici. Di seguito sono riportate alcune delle applicazioni pi\u00f9 comuni:<\/p>\n\n\n\n<h4 class=\"wp-block-heading\">Rughe del sorriso (pieghe naso-labiali)<\/h4>\n\n\n\n<p>Le rughe del sorriso non sempre simboleggiano gioia e felicit\u00e0; in molti casi, riflettono l&#8217;invecchiamento e le profonde rughe che vanno dai lati del naso agli angoli della bocca. Queste rughe compaiono spesso a causa di fattori ambientali come l&#8217;esposizione al sole. Gli iniettabili vengono utilizzati per ridurre la comparsa di queste fastidiose rughe di espressione, particolarmente efficaci sulle rughe pi\u00f9 lievi.<\/p>\n\n\n\n<figure class=\"wp-block-image size-full\"><img loading=\"lazy\" decoding=\"async\" width=\"1024\" height=\"576\" src=\"http:\/\/turkaesthetic.com\/wp-content\/uploads\/2022\/01\/Smile-lines-filler.webp\" alt=\"Trattamento filler a Turchia\" class=\"wp-image-21248\" srcset=\"https:\/\/www.turkaesthetic.com\/wp-content\/uploads\/2022\/01\/Smile-lines-filler.webp 1024w, https:\/\/www.turkaesthetic.com\/wp-content\/uploads\/2022\/01\/Smile-lines-filler-300x169.webp 300w, https:\/\/www.turkaesthetic.com\/wp-content\/uploads\/2022\/01\/Smile-lines-filler-768x432.webp 768w\" sizes=\"auto, (max-width: 1024px) 100vw, 1024px\" \/><figcaption class=\"wp-element-caption\">Trattamento filler a Turchia<\/figcaption><\/figure>\n\n\n\n<h4 class=\"wp-block-heading\">Filler per labbra<\/h4>\n\n\n\n<p>Questo tipo di iniezione \u00e8 tra i pi\u00f9 richiesti, soprattutto dalle donne, per migliorare e rimpolpare le labbra. Si tratta di una procedura non chirurgica, semplice, con risultati immediati e rischi minimi. I filler per labbra sono preferiti per rendere le labbra pi\u00f9 attraenti senza la necessit\u00e0 di interventi chirurgici invasivi.<\/p>\n\n\n\n<figure class=\"wp-block-image size-full\"><img loading=\"lazy\" decoding=\"async\" width=\"900\" height=\"900\" src=\"http:\/\/turkaesthetic.com\/wp-content\/uploads\/2021\/12\/filler.webp\" alt=\"filler a Turchia\" class=\"wp-image-21095\" srcset=\"https:\/\/www.turkaesthetic.com\/wp-content\/uploads\/2021\/12\/filler.webp 900w, https:\/\/www.turkaesthetic.com\/wp-content\/uploads\/2021\/12\/filler-300x300.webp 300w, https:\/\/www.turkaesthetic.com\/wp-content\/uploads\/2021\/12\/filler-150x150.webp 150w, https:\/\/www.turkaesthetic.com\/wp-content\/uploads\/2021\/12\/filler-768x768.webp 768w\" sizes=\"auto, (max-width: 900px) 100vw, 900px\" \/><figcaption class=\"wp-element-caption\">filler a Turchia<\/figcaption><\/figure>\n\n\n\n<h4 class=\"wp-block-heading\">Naso<\/h4>\n\n\n\n<p>Per piccole deformit\u00e0 della forma del <a href=\"https:\/\/www.turkaesthetic.com\/it\/rhinoplasty\/\" target=\"_blank\" data-type=\"page\" data-id=\"21918\" rel=\"noreferrer noopener\">naso<\/a>, potrebbe non essere necessario sottoporsi a complessi interventi chirurgici. I filler per il naso offrono invece una soluzione medica efficace ed economica con il minimo sforzo. Aiutano a migliorare l&#8217;aspetto del naso senza chirurgia.<\/p>\n\n\n\n<h4 class=\"wp-block-heading\">Guance<\/h4>\n\n\n\n<p>Il corpo perde gradualmente grasso da alcune zone come il viso e le <a href=\"https:\/\/www.turkaesthetic.com\/it\/non-surgical-it\/cheek-filler\/\" target=\"_blank\" data-type=\"post\" data-id=\"31889\" rel=\"noreferrer noopener\">guance<\/a>. Questa perdita pu\u00f2 portare alla formazione di rughe, alterazioni dell&#8217;aspetto del naso e perdita di volume del viso, creando spesso la falsa impressione che sia necessario un intervento chirurgico. In realt\u00e0, una soluzione molto pi\u00f9 semplice come il filler per le guance pu\u00f2 ripristinare la freschezza e la vitalit\u00e0 del viso, rendendolo una scelta pratica ed efficace.<\/p>\n\n\n\n<figure class=\"wp-block-image size-full\"><img loading=\"lazy\" decoding=\"async\" width=\"1024\" height=\"576\" src=\"http:\/\/turkaesthetic.com\/wp-content\/uploads\/2022\/01\/Cheek-filler.webp\" alt=\"Trattamento filler a Turchia\" class=\"wp-image-21244\" srcset=\"https:\/\/www.turkaesthetic.com\/wp-content\/uploads\/2022\/01\/Cheek-filler.webp 1024w, https:\/\/www.turkaesthetic.com\/wp-content\/uploads\/2022\/01\/Cheek-filler-300x169.webp 300w, https:\/\/www.turkaesthetic.com\/wp-content\/uploads\/2022\/01\/Cheek-filler-768x432.webp 768w\" sizes=\"auto, (max-width: 1024px) 100vw, 1024px\" \/><figcaption class=\"wp-element-caption\">Trattamento filler a Turchia<\/figcaption><\/figure>\n\n\n\n<h4 class=\"wp-block-heading\">Filler leggero per iniezione&nbsp;<\/h4>\n\n\n\n<p>Noto anche come filler ottico, \u00e8 una delle soluzioni mediche moderne utilizzate in chirurgia plastica per trattare imperfezioni come occhiaie, gonfiori e borse sotto gli occhi. Questo tipo di iniezioni aiuta a riparare le imperfezioni della pelle e a trattare le occhiaie.<\/p>\n\n\n\n<figure class=\"wp-block-image size-full\"><img decoding=\"async\" src=\"http:\/\/turkaesthetic.com\/wp-content\/uploads\/2021\/11\/light-filler-2.webp\" alt=\"L'iniezione di light filler in Turchia\" class=\"wp-image-21044\"\/><figcaption class=\"wp-element-caption\">L&#8217;iniezione di light filler in Turchia<\/figcaption><\/figure>\n\n\n\n<h4 class=\"wp-block-heading\">Tecnica Texas<\/h4>\n\n\n\n<p>Questa procedura mira a definire la mandibola inferiore e a creare un mento pi\u00f9 strutturato, soprattutto nei casi in cui la parte inferiore del viso manca di armonia. Il nome &#8220;Texas&#8221; si ispira ai tratti del viso associati ai texani, caratterizzati da una mandibola ampia e proporzionata. La tecnica aiuta a conferire al viso un profilo del mento equilibrato e deciso.<\/p>\n\n\n\n<h4 class=\"wp-block-heading\">Chi \u00e8 idoneo alla seduta?<\/h4>\n\n\n\n<p>Chiunque abbia pi\u00f9 di 18 anni pu\u00f2 sottoporsi a filler, indipendentemente dallo scopo. \u00c8 comunemente usato per imperfezioni del viso da lievi a moderate. Non ci sono requisiti rigorosi, ma le persone con malattie croniche, determinate condizioni di salute o problemi dermatologici dovrebbero informare in anticipo il proprio medico.<\/p>\n\n\n\n<h5 class=\"wp-block-heading\">Chi dovrebbe evitare questa iniezione?<\/h5>\n\n\n\n<p>Sebbene l&#8217;iniezione sia generalmente sicura e gli effetti collaterali siano rari, ci sono alcuni casi in cui \u00e8 sconsigliata:<\/p>\n\n\n\n<ul class=\"wp-block-list\">\n<li>Soggetti allergici alle sostanze dei filler<\/li>\n\n\n\n<li>Soggetti con rughe profonde che richiedono una correzione chirurgica<\/li>\n\n\n\n<li>Soggetti di et\u00e0 inferiore ai 18 anni<\/li>\n\n\n\n<li>Soggetti che hanno gi\u00e0 effettuato una seduta nella stessa area due volte in un anno<\/li>\n\n\n\n<li>Donne in gravidanza<\/li>\n<\/ul>\n\n\n\n<h3 class=\"wp-block-heading\">Il medico che esegue i filler dermici<\/h3>\n\n\n\n<p>La procedura deve essere eseguita solo in un ambiente clinico o ospedaliero sterile da un dermatologo o chirurgo plastico certificato. La procedura non deve essere eseguita da estetisti, barbieri o personale non medico.<\/p>\n\n\n\n<h3 class=\"wp-block-heading\">Fasi della sessione<\/h3>\n\n\n<div id=\"rank-math-howto\" class=\"rank-math-block\" >\n<div class=\"rank-math-howto-description\">\n\n<p>Come molti altri trattamenti, anche questo si compone di tre fasi dettagliate: prima, durante e dopo l&#8217;iniezione.<\/p>\n\n<\/div>\n<p class=\"rank-math-howto-duration\"><strong>Tempo totale:<\/strong> <span>10 minuti<\/span><\/p>\n<div class=\"rank-math-steps \">\n<div id=\"howto-step-1676485153221\" class=\"rank-math-step\">\n<h3 class=\"rank-math-step-title \"><strong>Prima della sessione<\/strong><\/h3>\n<div class=\"rank-math-step-content \"><p>Prima della procedura di iniezione del filler in TuPrima della sessione, il medico valuta il problema del paziente e se i filler possono risolverlo. In alcuni casi, potrebbe essere necessario un intervento chirurgico. Il medico chieder\u00e0 anche informazioni su eventuali malattie croniche, allergie a farmaci o terapie farmacologiche in corso. \u00c8 necessario fornire informazioni sanitarie accurate e complete e inoltre:<br \/>\u2013 Interrompere l&#8217;uso di farmaci anticoagulanti e alcol.<br \/>\u2013 Ridurre il pi\u00f9 possibile il fumo.<br \/>Il medico esamina il viso, identifica i punti di iniezione e determina la quantit\u00e0 necessaria. Quindi, viene applicata una crema anestetica sulla zona di iniezione, completando la preparazione iniziale.<\/p>\n<\/div>\n<\/div>\n<div id=\"howto-step-1752843584417\" class=\"rank-math-step\">\n<h3 class=\"rank-math-step-title \">Durante la sessione<\/h3>\n<div class=\"rank-math-step-content \"><p>Dopo l&#8217;applicazione della crema anestetica, il filler viene iniettato nei punti predeterminati. Questa \u00e8 considerata una procedura relativamente semplice ed efficiente in termini di tempo, che in genere non richiede pi\u00f9 di 5-15 minuti.<\/p>\n<\/div>\n<\/div>\n<div id=\"howto-step-1752843641811\" class=\"rank-math-step\">\n<h3 class=\"rank-math-step-title \">Dopo la seduta<\/h3>\n<div class=\"rank-math-step-content \"><p>Una volta completata l&#8217;iniezione, il medico vi fornir\u00e0 le istruzioni per la cura postoperatoria, tra cui:<br \/>\u2013 Massaggiare delicatamente la zona dell&#8217;iniezione durante i primi giorni.<br \/>\u2013 Evitare il calore eccessivo nei primi giorni.<br \/>\u2013 Evitare la luce solare diretta e applicare una protezione solare durante il periodo di guarigione iniziale.<br \/>I risultati iniziano a essere visibili subito dopo la seduta, ma il tempo necessario per renderli completamente visibili varia da persona a persona a seconda della fisiologia individuale.<\/p>\n<\/div>\n<\/div>\n<\/div>\n<\/div>\n<p class=\"rank-math-howto-estimatedCost\"><strong>Costo stimato:<\/strong> <span>290 EUR<\/span><\/p>\n\n\n\n\n\n<h3 class=\"wp-block-heading\">Prima e dopo il filler<\/h3>\n\n\n\n<p>L&#8217;effetto inizia subito dopo l&#8217;iniezione e i risultati finali compaiono intorno al terzo giorno, con una durata media fino a 12 mesi, a seconda dei casi. Di seguito alcuni risultati prima e dopo presso Turk Aesthetic:<\/p>\n\n\n\n<figure class=\"wp-block-gallery has-nested-images columns-default is-cropped wp-block-gallery-1 is-layout-flex wp-block-gallery-is-layout-flex\">\n<figure class=\"wp-block-image size-large\"><img decoding=\"async\" data-id=\"50054\" src=\"https:\/\/www.turkaesthetic.com\/wp-content\/uploads\/2023\/12\/Light-filler-before-after-in-Turkey-13.webp\" alt=\"Prima e dopo light filler in Turchia\" class=\"wp-image-50054\"\/><figcaption class=\"wp-element-caption\">Prima e dopo light filler in Turchia<\/figcaption><\/figure>\n\n\n\n<figure class=\"wp-block-image size-large\"><img loading=\"lazy\" decoding=\"async\" width=\"1200\" height=\"800\" data-id=\"49973\" src=\"https:\/\/www.turkaesthetic.com\/wp-content\/uploads\/2023\/12\/before-after-nose-filler-in-Turkey.webp\" alt=\"Prima e dopo l'otturazione nasale in T\u00fcrkiye\" class=\"wp-image-49973\"\/><figcaption class=\"wp-element-caption\">Prima e dopo l&#8217;otturazione nasale in T\u00fcrkiye<\/figcaption><\/figure>\n\n\n\n<figure class=\"wp-block-image size-large\"><img loading=\"lazy\" decoding=\"async\" width=\"1200\" height=\"800\" data-id=\"49954\" src=\"https:\/\/www.turkaesthetic.com\/wp-content\/uploads\/2023\/12\/Texas-filler-before-after-in-Turkey-5.webp\" alt=\"Prima e dopo il riempimento del mento in Istanbul\" class=\"wp-image-49954\"\/><figcaption class=\"wp-element-caption\">Prima e dopo il riempimento del mento in Istanbul<\/figcaption><\/figure>\n\n\n\n<figure class=\"wp-block-image size-large\"><img loading=\"lazy\" decoding=\"async\" width=\"1200\" height=\"800\" data-id=\"49898\" src=\"https:\/\/www.turkaesthetic.com\/wp-content\/uploads\/2023\/12\/Nasolabial-filler-before-after-in-Turkey.webp\" alt=\"Prima e dopo il riempimento nasolabiale in Turchia\" class=\"wp-image-49898\"\/><figcaption class=\"wp-element-caption\">Prima e dopo il riempimento nasolabiale in Turchia<\/figcaption><\/figure>\n\n\n\n<figure class=\"wp-block-image size-large\"><img loading=\"lazy\" decoding=\"async\" width=\"1200\" height=\"800\" data-id=\"46073\" src=\"https:\/\/www.turkaesthetic.com\/wp-content\/uploads\/2023\/11\/before-after-lip-filler-2.jpg\" alt=\"prima dopo filler labbra a Istanbul\" class=\"wp-image-46073\"\/><figcaption class=\"wp-element-caption\">prima dopo filler labbra a Istanbul<\/figcaption><\/figure>\n\n\n\n<figure class=\"wp-block-image size-large\"><img loading=\"lazy\" decoding=\"async\" width=\"1200\" height=\"800\" data-id=\"45253\" src=\"https:\/\/www.turkaesthetic.com\/wp-content\/uploads\/2023\/11\/before-after-cheek-filler-4.jpg\" alt=\"Prima e dopo il filler per le guance in Turchia\" class=\"wp-image-45253\"\/><figcaption class=\"wp-element-caption\">Prima e dopo il filler per le guance in Turchia<\/figcaption><\/figure>\n<\/figure>\n\n\n\n<h4 class=\"wp-block-heading\">Istruzioni post-trattamento<\/h4>\n\n\n\n<ul class=\"wp-block-list\">\n<li>Non lavare il viso con acqua calda subito dopo l&#8217;iniezione.<\/li>\n\n\n\n<li>Evitare di lavare la zona interessata per alcune ore.<\/li>\n\n\n\n<li>Evitare cibi e bevande calde per almeno 24 ore.<\/li>\n\n\n\n<li>Utilizzare acqua tiepida per la detersione.<\/li>\n\n\n\n<li>Evitare di assumere farmaci anticoagulanti come l&#8217;aspirina prima e dopo la procedura.<\/li>\n\n\n\n<li>Evitare di combinare l&#8217;area da trattare con altre procedure come la pulizia della pelle o le iniezioni di plasma, poich\u00e9 potrebbero ridurne l&#8217;effetto.<\/li>\n<\/ul>\n\n\n\n<h4 class=\"wp-block-heading\">Possibili effetti collaterali<\/h4>\n\n\n\n<ul class=\"wp-block-list\">\n<li>Lieve rossore nel sito di iniezione<\/li>\n\n\n\n<li>Lieve gonfiore che di solito scompare entro poche ore<\/li>\n\n\n\n<li>Una temporanea sensazione di bruciore nella zona di iniezione della durata di alcuni minuti<\/li>\n\n\n\n<li>Questi effetti non sono sempre percepiti e possono variare da persona a persona.<\/li>\n<\/ul>\n\n\n\n<h5 class=\"wp-block-heading\">Per gli uomini<\/h5>\n\n\n\n<p>I filler per gli uomini sono diventati un trattamento popolare, soprattutto per chi soffre di rughe superficiali. Non si limita alle donne: anche molti uomini optano per questa procedura, poich\u00e9 l&#8217;invecchiamento e le rughe diventano pi\u00f9 evidenti. I sintomi dell&#8217;invecchiamento sono spesso chiaramente visibili, rendendo questa iniezione un&#8217;opzione interessante anche per i pazienti di sesso maschile.<\/p>\n\n\n\n<h3 class=\"wp-block-heading\">Tipi di filler<\/h3>\n\n\n\n<p>Esistono molti tipi e marchi utilizzati, in Turk Aesthetic utilizziamo i seguenti marchi:<\/p>\n\n\n\n<p><strong>Juvederm<\/strong><\/p>\n\n\n\n<p>Quando si effettua l&#8217;iniezione, la qualit\u00e0 del filler gioca un ruolo fondamentale nel risultato. Per questo motivo, Turk Aesthetic predilige opzioni di alta qualit\u00e0 e riconosciute a livello internazionale, come il marchio francese Juvederm, che si distingue tra gli altri per efficacia e sicurezza.<\/p>\n\n\n\n<p><strong>Teosyal<\/strong><\/p>\n\n\n\n<p>Marchio svizzero noto per l&#8217;alta densit\u00e0 e la qualit\u00e0 superiore, Teosyal \u00e8 particolarmente indicato per i filler per il contorno occhi, dove la sua eccellenza si nota maggiormente.<\/p>\n\n\n\n<h4 class=\"wp-block-heading\">Filler in Turchia a Istanbul<\/h4>\n\n\n\n<p>Istanbul \u00e8 considerata una delle principali destinazioni per il turismo medico grazie ai suoi medici esperti, ai prezzi ragionevoli e all&#8217;elevato standard dei servizi medici. Ci sono molte cliniche tra cui scegliere, ma Turk Aesthetic \u00e8 tra le pi\u00f9 rinomate, collaborando con i migliori medici preferiti da molti personaggi pubblici e celebrit\u00e0.<\/p>\n\n\n\n<h5 class=\"wp-block-heading\">Costo dei filler a Istanbul, Turchia<\/h5>\n\n\n\n<p>Il costo delle iniezioni a Istanbul varia in base a diversi fattori, tra cui:<\/p>\n\n\n\n<ul class=\"wp-block-list\">\n<li>La qualit\u00e0 del filler utilizzato<\/li>\n\n\n\n<li>L&#8217;esperienza del medico<\/li>\n\n\n\n<li>La reputazione della clinica<\/li>\n\n\n\n<li>L&#8217;area da trattare e la quantit\u00e0 di filler necessaria<\/li>\n\n\n\n<li>Presso Turk Aesthetic a Istanbul, il costo di un&#8217;iniezione di cc \u00e8 di circa 290 euro.<\/li>\n<\/ul>\n\n\n\n<h2 class=\"wp-block-heading\">FAQ<\/h2>\n\n\n<div id=\"rank-math-faq\" class=\"rank-math-block\">\n<div class=\"rank-math-list \">\n<div id=\"faq-question-1676485328993\" class=\"rank-math-list-item\">\n<h3 class=\"rank-math-question \">Quando i filler dermici iniziano a fare effetto?<\/h3>\n<div class=\"rank-math-answer \">\n\n<p>L&#8217;effetto \u00e8 immediato dopo l&#8217;iniezione.<\/p>\n\n<\/div>\n<\/div>\n<div id=\"faq-question-1752843739785\" class=\"rank-math-list-item\">\n<h3 class=\"rank-math-question \">Quanto durano i risultati dei filler?<\/h3>\n<div class=\"rank-math-answer \">\n\n<p>I risultati durano in genere circa 12 mesi.<\/p>\n\n<\/div>\n<\/div>\n<div id=\"faq-question-1752843743813\" class=\"rank-math-list-item\">\n<h3 class=\"rank-math-question \">I filler possono essere eseguiti nei centri estetici?<\/h3>\n<div class=\"rank-math-answer \">\n\n<p>No. Solo un medico abilitato pu\u00f2 eseguire le iniezioni di filler. Infermieri o tecnici senza un&#8217;adeguata formazione non dovrebbero eseguire questa procedura in quanto potrebbe portare a gravi complicazioni come una distribuzione non uniforme del filler.<\/p>\n\n<\/div>\n<\/div>\n<div id=\"faq-question-1752843749093\" class=\"rank-math-list-item\">\n<h3 class=\"rank-math-question \">L&#8217;iniezione \u00e8 dolorosa?<\/h3>\n<div class=\"rank-math-answer \">\n\n<p>L&#8217;iniezione \u00e8 minima. Viene utilizzata una siringa morbida ed \u00e8 possibile applicare una crema anestetica topica per ridurre al minimo il fastidio. Non \u00e8 necessaria l&#8217;anestesia generale o locale.<\/p>\n\n<\/div>\n<\/div>\n<div id=\"faq-question-1752843753555\" class=\"rank-math-list-item\">\n<h3 class=\"rank-math-question \">Quanto costa un&#8217;iniezione di filler? <\/h3>\n<div class=\"rank-math-answer \">\n\n<p>Presso Turk Aesthetic, il prezzo medio \u00e8 di 290 \u20ac per cc.<\/p>\n\n<\/div>\n<\/div>\n<div id=\"faq-question-1752843760294\" class=\"rank-math-list-item\">\n<h3 class=\"rank-math-question \">Qual \u00e8 l&#8217;et\u00e0 minima per sottoporsi a questa iniezione?<\/h3>\n<div class=\"rank-math-answer \">\n\n<p>Chiunque abbia pi\u00f9 di 18 anni pu\u00f2 sottoporsi a questa procedura.<\/p>\n\n<\/div>\n<\/div>\n<div id=\"faq-question-1752843765816\" class=\"rank-math-list-item\">\n<h3 class=\"rank-math-question \">Quanti giorni devo rimanere in Turchia per l&#8217;iniezione di filler?<\/h3>\n<div class=\"rank-math-answer \">\n\n<p>Grazie alla rapidit\u00e0 e semplicit\u00e0 del trattamento, \u00e8 sufficiente un solo giorno.<\/p>\n\n<\/div>\n<\/div>\n<div id=\"faq-question-1752843771328\" class=\"rank-math-list-item\">\n<h3 class=\"rank-math-question \">Una sola iniezione di filler per il contorno occhi \u00e8 sufficiente per trattare le occhiaie?<\/h3>\n<div class=\"rank-math-answer \">\n\n<p>Dipende dalla gravit\u00e0 del problema. Nei casi lievi, una sola seduta pu\u00f2 essere sufficiente. Per problemi pi\u00f9 evidenti, potrebbero essere necessarie pi\u00f9 sedute.<\/p>\n\n<\/div>\n<\/div>\n<div id=\"faq-question-1752843778960\" class=\"rank-math-list-item\">\n<h3 class=\"rank-math-question \">Quante sedute sono necessarie?<\/h3>\n<div class=\"rank-math-answer \">\n\n<p>Di solito, una sola seduta \u00e8 sufficiente. Se necessario, \u00e8 possibile programmare una seduta di controllo due settimane dopo, a seconda del caso del paziente.<\/p>\n\n<\/div>\n<\/div>\n<div id=\"faq-question-1752843782665\" class=\"rank-math-list-item\">\n<h3 class=\"rank-math-question \">Quanto dura il periodo di recupero?<\/h3>\n<div class=\"rank-math-answer \">\n\n<p>Non \u00e8 richiesto alcun periodo di convalescenza. Tuttavia, i pazienti devono seguire scrupolosamente le istruzioni postoperatorie fornite dal medico.<strong>anbul, il costo di un&#8217;iniezione \u00e8 di circa 290 euro.<\/strong><\/p>\n\n<\/div>\n<\/div>\n<\/div>\n<\/div>\n\n\n<p>Infine, puoi <a href=\"http:\/\/turkaesthetic.com\/it\/contact-us\/\" data-type=\"page\" data-id=\"21028\" target=\"_blank\" rel=\"noreferrer noopener\"><strong>contattarci<\/strong><\/a> tramite il link per richiedere informazioni e prezzi sul trattamento di riempimento di <a href=\"https:\/\/www.youtube.com\/channel\/UC0zggzdm5CFwpRMmn_CPpFQ\" data-type=\"URL\" data-id=\"https:\/\/www.youtube.com\/channel\/UC0zggzdm5CFwpRMmn_CPpFQ\" target=\"_blank\" rel=\"noreferrer noopener\"><strong>Turk Aesthetic<\/strong><\/a> a Istanbul in Turchia.<\/p>\n","protected":false},"excerpt":{"rendered":"<p>I filler sono tra le soluzioni estetiche pi\u00f9 importanti applicate oggi. A causa di fattori come l&#8217;invecchiamento naturale, l&#8217;esposizione al sole e gli effetti ambientali, rughe e linee d&#8217;espressione possono svilupparsi nel tempo. I filler vengono utilizzati per affrontare questi problemi. Si tratta di materiali iniettati sotto la pelle per aiutare a rassodare il viso, [&hellip;]<\/p>\n","protected":false},"author":1,"featured_media":21246,"parent":0,"menu_order":0,"comment_status":"closed","ping_status":"closed","template":"","meta":{"footnotes":""},"dep":[1355],"class_list":["post-21861","page","type-page","status-publish","has-post-thumbnail","hentry","dep-medical-aesthetic"],"_links":{"self":[{"href":"https:\/\/www.turkaesthetic.com\/it\/wp-json\/wp\/v2\/pages\/21861","targetHints":{"allow":["GET"]}}],"collection":[{"href":"https:\/\/www.turkaesthetic.com\/it\/wp-json\/wp\/v2\/pages"}],"about":[{"href":"https:\/\/www.turkaesthetic.com\/it\/wp-json\/wp\/v2\/types\/page"}],"author":[{"embeddable":true,"href":"https:\/\/www.turkaesthetic.com\/it\/wp-json\/wp\/v2\/users\/1"}],"replies":[{"embeddable":true,"href":"https:\/\/www.turkaesthetic.com\/it\/wp-json\/wp\/v2\/comments?post=21861"}],"version-history":[{"count":0,"href":"https:\/\/www.turkaesthetic.com\/it\/wp-json\/wp\/v2\/pages\/21861\/revisions"}],"wp:featuredmedia":[{"embeddable":true,"href":"https:\/\/www.turkaesthetic.com\/it\/wp-json\/wp\/v2\/media\/21246"}],"wp:attachment":[{"href":"https:\/\/www.turkaesthetic.com\/it\/wp-json\/wp\/v2\/media?parent=21861"}],"wp:term":[{"taxonomy":"dep","embeddable":true,"href":"https:\/\/www.turkaesthetic.com\/it\/wp-json\/wp\/v2\/dep?post=21861"}],"curies":[{"name":"wp","href":"https:\/\/api.w.org\/{rel}","templated":true}]}}