{"id":21779,"date":"2022-01-26T12:59:23","date_gmt":"2022-01-26T09:59:23","guid":{"rendered":"http:\/\/turkaesthetic.com\/?page_id=21779"},"modified":"2025-08-26T19:53:15","modified_gmt":"2025-08-26T16:53:15","slug":"dental-lumineers","status":"publish","type":"page","link":"https:\/\/www.turkaesthetic.com\/it\/dental-lumineers\/","title":{"rendered":"Lumineers Dentali"},"content":{"rendered":"\n<p>Lumineers dentali sono in cima alla lista dei trattamenti odontoiatrici estetici derivati \u200b\u200bdalla parola Laminate <strong><a href=\"https:\/\/www.turkaesthetic.com\/it\/dental-veneer\/\" target=\"_blank\" data-type=\"link\" data-id=\"https:\/\/www.turkaesthetic.com\/it\/dental-veneer\/\" rel=\"noreferrer noopener\">Veneers<\/a><\/strong>, che significa (faccette assottigliate). Vengono installate sui denti per ottenere una forma del sorriso uniforme e perfetta dopo essersi assicurati che le condizioni dei denti siano adatte all&#8217;installazione delle lenti.<\/p>\n\n\n\n<figure class=\"wp-block-table\"><table><tbody><tr><td>Anestesia<\/td><td>Locale<\/td><\/tr><tr><td>Durata del processo<\/td><td>2 ore<\/td><\/tr><tr><td>Risultati<\/td><td>Immediato &#8211; 10 anni<\/td><\/tr><tr><td>Convalescenza<\/td><td>7 giorni<\/td><\/tr><\/tbody><\/table><figcaption class=\"wp-element-caption\">Lumineers dentali<\/figcaption><\/figure>\n\n\n\n<h2 class=\"wp-block-heading\">Come si fa lumineers dentali?<\/h2>\n\n\n\n<p>Le faccette dentali Lumineers sono simili alle faccette dentali. Innanzitutto, il dentista esamina il caso ed esegue delle radiografie per assicurarsi che si adatti alle Lumineers. Quindi, il dentista prepara le lenti prendendo le misure, scegliendo la forma e il colore appropriati per abbinarli ai denti originali e inviandoli al laboratorio. Nella fase finale, il dentista installa le lenti in modo permanente.<\/p>\n\n\n\n<h3 class=\"wp-block-heading\">Video sui lumineers dentali<\/h3>\n\n\n\n<p>Attraverso questo video puoi vedere come il dentista prepara i denti per i Lumineers dentali<\/p>\n\n\n\n<figure class=\"wp-block-embed is-type-video is-provider-youtube wp-block-embed-youtube wp-embed-aspect-16-9 wp-has-aspect-ratio\"><div class=\"wp-block-embed__wrapper\">\n<iframe loading=\"lazy\" title=\"Dental Lumineers in Turkey (7) Days - Turk Aesthetic\" width=\"800\" height=\"450\" src=\"https:\/\/www.youtube.com\/embed\/3ZNN6r8v7q4?feature=oembed\" frameborder=\"0\" allow=\"accelerometer; autoplay; clipboard-write; encrypted-media; gyroscope; picture-in-picture; web-share\" referrerpolicy=\"strict-origin-when-cross-origin\" allowfullscreen><\/iframe>\n<\/div><figcaption class=\"wp-element-caption\">Lumineers dentali<\/figcaption><\/figure>\n\n\n\n<h3 class=\"wp-block-heading\">Chi pu\u00f2 sottoporsi a Lumineers dentali?<\/h3>\n\n\n\n<p>Chiunque abbia pi\u00f9 di 18 anni, sia in buona salute e non soffra di malattie gravi o infettive \u00e8 considerato idoneo a questa procedura. Le persone idonee al trattamento sono:<\/p>\n\n\n\n<ul class=\"wp-block-list\">\n<li>Coloro che soffrono di forma irregolare dei denti.<\/li>\n\n\n\n<li>Coloro che soffrono di ingiallimento permanente dei denti<\/li>\n<\/ul>\n\n\n\n<h3 class=\"wp-block-heading\">Chi non pu\u00f2 sottoporsi a Lumineers dentali?<\/h3>\n\n\n\n<p>Sono adatti a un ampio segmento di persone che intendono avere un sorriso distintivo e armonioso, e possiamo escludere alcuni casi che potrebbero essere classificati come non idonei a questa procedura, come:<\/p>\n\n\n\n<ul class=\"wp-block-list\">\n<li>Coloro che hanno malattie contagiose.<\/li>\n\n\n\n<li>Coloro che soffrono di una perfetta discrepanza dei denti.<\/li>\n\n\n\n<li>Coloro che soffrono di carie dentali profonde.<\/li>\n\n\n\n<li>Coloro che hanno precedenti corone dentali.<\/li>\n\n\n\n<li>Coloro che soffrono di gengive ritirate significative.<\/li>\n<\/ul>\n\n\n\n<h3 class=\"wp-block-heading\">Chi esegue il processo?<\/h3>\n\n\n\n<p>I Lumineers dentali rientrano nell&#8217;elenco delle procedure odontoiatriche, quindi il dentista \u00e8 l&#8217;unico autorizzato per questo processo e dovrebbe preferibilmente avere una grande esperienza in questo campo per ottenere i risultati desiderati. Turk Aesthetic Center consiglia ai propri clienti di scegliere il medico giusto con esperienza in questo campo e di astenersi dal ricorrere a uno specialista di laboratorio odontotecnico per ridurre i costi o per altri motivi che potrebbero portare a complicazioni future.<\/p>\n\n\n\n<h4 class=\"wp-block-heading\">Tipi di anestesia utilizzati durante il processo<\/h4>\n\n\n\n<p>Un modello personalizzato \u00e8 appropriato per il metodo di anestesia utilizzato durante ogni procedura cosmetica o di trattamento. L&#8217;anestesia locale viene utilizzata per i Lumineers dentali o le <a href=\"https:\/\/www.turkaesthetic.com\/it\/dentistry-it\/teeth-lenses\/\" target=\"_blank\" data-type=\"link\" data-id=\"https:\/\/www.turkaesthetic.com\/it\/dentistry-it\/teeth-lenses\/\" rel=\"noreferrer noopener\">faccette dentali<\/a> cosmetiche. Tuttavia, l&#8217;anestesia locale \u00e8 sufficiente per le faccette dentali. In casi sporadici, l&#8217;anestesia temporanea (sedazione) pu\u00f2 essere utilizzata per i pazienti che hanno una fobia dell&#8217;anestesia locale.ia temporanea (sedazione) pu\u00f2 essere utilizzata inpazienti che hanno una fobia dell&#8217;anestesia locale.<\/p>\n\n\n\n<h2 class=\"wp-block-heading\">Fasi della procedura lumineers dentali<\/h2>\n\n\n<div id=\"rank-math-howto\" class=\"rank-math-block\" >\n<div class=\"rank-math-howto-description\">\n\n<p>Le fasi del lavoro dei Lumineers dentali saranno spiegate in dettaglio nei seguenti paragrafi, iniziando con i primipassi e terminando con gli ultimi passaggi della procedura:<\/p>\n\n<\/div>\n<p class=\"rank-math-howto-duration\"><strong>Tempo totale:<\/strong> <span>7 giorni<\/span><\/p>\n<div class=\"rank-math-steps \">\n<div id=\"howto-step-1676275128404\" class=\"rank-math-step\">\n<h3 class=\"rank-math-step-title \">Prima della procedura<\/h3>\n<div class=\"rank-math-step-content \"><img loading=\"lazy\" decoding=\"async\" width=\"800\" height=\"600\" src=\"https:\/\/www.turkaesthetic.com\/wp-content\/uploads\/2022\/01\/lumineer-colores.webp\" class=\"attachment-full size-full\" alt=\"prima del trattamento con Lumineer\" \/><p>Inizialmente, il paziente contatta il team medico Turk Aesthetic. Il dentista specializzato discute quindi il caso e sviluppa un piano iniziale approssimativo, che condivide con il paziente. Durante la visita del paziente alla Turk Aesthetic, il team raccoglie informazioni personali e sanitarie significative e scatta radiografie. Il dentista valuta queste informazioni per assicurarsi che tutto sia pronto per la progettazione.<\/p>\n<\/div>\n<\/div>\n<div id=\"howto-step-1676275179633\" class=\"rank-math-step\">\n<h3 class=\"rank-math-step-title \">Durante la procedura<\/h3>\n<div class=\"rank-math-step-content \"><p>Il paziente sceglie il numero di denti che intende ottenere. Quindi, il dentista prepara i denti e seleziona il colore e la forma appropriati delle faccette. Il dentista prende le dimensioni e le impronte dei denti e le invia al laboratorio per progettare le lenti Lumineer. Quando le lenti sono pronte, il dentista le installa durante la tua degenza.<\/p>\n<\/div>\n<\/div>\n<div id=\"howto-step-1676275195868\" class=\"rank-math-step\">\n<h3 class=\"rank-math-step-title \">Dopo la procedura<\/h3>\n<div class=\"rank-math-step-content \"><img loading=\"lazy\" decoding=\"async\" width=\"800\" height=\"600\" src=\"https:\/\/www.turkaesthetic.com\/wp-content\/uploads\/2022\/01\/lumineer.webp\" class=\"attachment-full size-full\" alt=\"dopo il trattamento con Lumineer\" \/><p>Come per qualsiasi procedura, dovresti prestare attenzione il pi\u00f9 possibile alle istruzioni fornite dal dentista e dal team Turk Aesthetic per ottenere i risultati pi\u00f9 positivi possibili. Se hai ulteriori domande, non esitare a contattare il consulente medico per supporto e consigli.<\/p>\n<\/div>\n<\/div>\n<\/div>\n<\/div>\n<p class=\"rank-math-howto-estimatedCost\"><strong>Costo stimato:<\/strong> <span>190 EUR<\/span><\/p>\n\n\n\n\n\n<h3 class=\"wp-block-heading\">Prima e dopo lumineers dentali<\/h3>\n\n\n\n<p>Qui ti mostreremo alcune foto prima e dopo per il lavoro dei lumineers dentali la Turk Aesthetic.<\/p>\n\n\n<style>.kb-gallery-id-21779_b054d8-9a .kadence-blocks-gallery-item .kb-gal-image-radius, .kb-gallery-id-21779_b054d8-9a .kb-slide-item .kb-gal-image-radius img{border-radius:0px 0px 0px 0px;;}.kb-gallery-wrap-id-21779_b054d8-9a.wp-block-kadence-advancedgallery{overflow:visible;}.kb-gallery-wrap-id-21779_b054d8-9a.wp-block-kadence-advancedgallery .kt-blocks-carousel{overflow:visible;}<\/style><div class=\"kb-gallery-wrap-id-21779_b054d8-9a alignnone wp-block-kadence-advancedgallery\"><div class=\"kb-gallery-ul kb-gallery-non-static kb-gallery-type-slider kb-gallery-id-21779_b054d8-9a kb-gallery-caption-style-bottom-hover kb-gallery-filter-none\" data-image-filter=\"none\" data-lightbox-caption=\"true\"><div class=\"kt-blocks-carousel splide kt-carousel-container-dotstyle-dark kt-carousel-arrowstyle-whiteondark kt-carousel-dotstyle-dark kb-slider-group-arrow kb-slider-arrow-position-center\" data-slider-anim-speed=\"400\" data-slider-scroll=\"1\" data-slider-arrows=\"true\" data-slider-fade=\"true\" data-slider-dots=\"true\" data-slider-type=\"slider\" data-slider-hover-pause=\"false\" data-slider-auto=\"\" data-slider-speed=\"7000\" data-show-pause-button=\"false\"><div class=\"splide__track\"><ul class=\"kt-blocks-carousel-init kb-blocks-slider splide__list\"><li class=\"kb-slide-item kb-gallery-slide-item splide__slide\"><div class=\"kadence-blocks-gallery-item\"><div class=\"kadence-blocks-gallery-item-inner\"><figure class=\"kb-gallery-figure kadence-blocks-gallery-item-hide-caption\"><div class=\"kb-gal-image-radius\"><div class=\"kb-gallery-image-contain kadence-blocks-gallery-intrinsic kb-gallery-image-ratio-land32 kb-has-image-ratio-land32\" ><img loading=\"lazy\" decoding=\"async\" src=\"https:\/\/www.turkaesthetic.com\/wp-content\/uploads\/2023\/12\/Hollywood-smile-before-after-17.webp\" width=\"1200\" height=\"800\" alt=\"prima dopo lumineer\" data-full-image=\"https:\/\/www.turkaesthetic.com\/wp-content\/uploads\/2023\/12\/Hollywood-smile-before-after-17.webp\" data-light-image=\"https:\/\/www.turkaesthetic.com\/wp-content\/uploads\/2023\/12\/Hollywood-smile-before-after-17.webp\" data-id=\"49563\" class=\"wp-image-49563 skip-lazy\"\/><\/div><\/div><\/figure><\/div><\/div><\/li><li class=\"kb-slide-item kb-gallery-slide-item splide__slide\"><div class=\"kadence-blocks-gallery-item\"><div class=\"kadence-blocks-gallery-item-inner\"><figure class=\"kb-gallery-figure kadence-blocks-gallery-item-hide-caption\"><div class=\"kb-gal-image-radius\"><div class=\"kb-gallery-image-contain kadence-blocks-gallery-intrinsic kb-gallery-image-ratio-land32 kb-has-image-ratio-land32\" ><img loading=\"lazy\" decoding=\"async\" src=\"https:\/\/www.turkaesthetic.com\/wp-content\/uploads\/2023\/12\/Hollywood-smile-before-after-16.webp\" width=\"1200\" height=\"800\" alt=\"prima dopo lumineer\" data-full-image=\"https:\/\/www.turkaesthetic.com\/wp-content\/uploads\/2023\/12\/Hollywood-smile-before-after-16.webp\" data-light-image=\"https:\/\/www.turkaesthetic.com\/wp-content\/uploads\/2023\/12\/Hollywood-smile-before-after-16.webp\" data-id=\"49554\" class=\"wp-image-49554 skip-lazy\"\/><\/div><\/div><\/figure><\/div><\/div><\/li><li class=\"kb-slide-item kb-gallery-slide-item splide__slide\"><div class=\"kadence-blocks-gallery-item\"><div class=\"kadence-blocks-gallery-item-inner\"><figure class=\"kb-gallery-figure kadence-blocks-gallery-item-hide-caption\"><div class=\"kb-gal-image-radius\"><div class=\"kb-gallery-image-contain kadence-blocks-gallery-intrinsic kb-gallery-image-ratio-land32 kb-has-image-ratio-land32\" ><img loading=\"lazy\" decoding=\"async\" src=\"https:\/\/www.turkaesthetic.com\/wp-content\/uploads\/2023\/12\/Hollywood-smile-before-after-15.webp\" width=\"1200\" height=\"800\" alt=\"prima dopo lumineer\" data-full-image=\"https:\/\/www.turkaesthetic.com\/wp-content\/uploads\/2023\/12\/Hollywood-smile-before-after-15.webp\" data-light-image=\"https:\/\/www.turkaesthetic.com\/wp-content\/uploads\/2023\/12\/Hollywood-smile-before-after-15.webp\" data-id=\"49545\" class=\"wp-image-49545 skip-lazy\"\/><\/div><\/div><\/figure><\/div><\/div><\/li><li class=\"kb-slide-item kb-gallery-slide-item splide__slide\"><div class=\"kadence-blocks-gallery-item\"><div class=\"kadence-blocks-gallery-item-inner\"><figure class=\"kb-gallery-figure kadence-blocks-gallery-item-hide-caption\"><div class=\"kb-gal-image-radius\"><div class=\"kb-gallery-image-contain kadence-blocks-gallery-intrinsic kb-gallery-image-ratio-land32 kb-has-image-ratio-land32\" ><img loading=\"lazy\" decoding=\"async\" src=\"https:\/\/www.turkaesthetic.com\/wp-content\/uploads\/2023\/12\/Hollywood-smile-before-after-14.webp\" width=\"1200\" height=\"800\" alt=\"prima dopo lumineer\" data-full-image=\"https:\/\/www.turkaesthetic.com\/wp-content\/uploads\/2023\/12\/Hollywood-smile-before-after-14.webp\" data-light-image=\"https:\/\/www.turkaesthetic.com\/wp-content\/uploads\/2023\/12\/Hollywood-smile-before-after-14.webp\" data-id=\"49536\" class=\"wp-image-49536 skip-lazy\"\/><\/div><\/div><\/figure><\/div><\/div><\/li><li class=\"kb-slide-item kb-gallery-slide-item splide__slide\"><div class=\"kadence-blocks-gallery-item\"><div class=\"kadence-blocks-gallery-item-inner\"><figure class=\"kb-gallery-figure kadence-blocks-gallery-item-hide-caption\"><div class=\"kb-gal-image-radius\"><div class=\"kb-gallery-image-contain kadence-blocks-gallery-intrinsic kb-gallery-image-ratio-land32 kb-has-image-ratio-land32\" ><img loading=\"lazy\" decoding=\"async\" src=\"https:\/\/www.turkaesthetic.com\/wp-content\/uploads\/2023\/12\/Hollywood-smile-before-after-12.webp\" width=\"1200\" height=\"800\" alt=\"prima dopo lumineer\" data-full-image=\"https:\/\/www.turkaesthetic.com\/wp-content\/uploads\/2023\/12\/Hollywood-smile-before-after-12.webp\" data-light-image=\"https:\/\/www.turkaesthetic.com\/wp-content\/uploads\/2023\/12\/Hollywood-smile-before-after-12.webp\" data-id=\"49527\" class=\"wp-image-49527 skip-lazy\"\/><\/div><\/div><\/figure><\/div><\/div><\/li><\/ul><\/div><\/div><\/div><\/div>\n\n\n<h3 class=\"wp-block-heading\">Istruzioni per la cura postoperatoria delle Lumineers dentali<\/h3>\n\n\n\n<p>Ogni trattamento o procedura estetica ha istruzioni speciali per ottenere i migliori risultati. Menzioneremo le istruzioni pi\u00f9 importanti che il paziente deve seguire:<\/p>\n\n\n\n<ul class=\"wp-block-list\">\n<li>Seguire le istruzioni fornite dal dentista e dal team Turk Aesthetic con grande accuratezza.<\/li>\n\n\n\n<li>Evitare cose che potrebbero causare sensibilit\u00e0 ai denti o alle gengive nei primi giorni.<\/li>\n\n\n\n<li>Evitare di usare i denti in modo aggressivo mentre si mangia o in altri casi.<\/li>\n\n\n\n<li>Prendersi cura della sicurezza e della salute della bocca visitando il dentista periodicamente e regolarmente.<\/li>\n\n\n\n<li>Lavare i denti ogni giorno a casa.<\/li>\n<\/ul>\n\n\n\n<h3 class=\"wp-block-heading\">Pro e contro delle Lumineers dentali<\/h3>\n\n\n\n<p>Qui menzioneremo i pro e i contro pi\u00f9 importanti delle Lumineers dentali:<\/p>\n\n\n\n<h4 class=\"wp-block-heading\">Svantaggi<\/h4>\n\n\n\n<p>Uno degli svantaggi pi\u00f9 significativi di cui possono soffrire le persone che intendono sottoporsi alle Lumineers dentali \u00e8 la loro sensibilit\u00e0. Si dovrebbe prestare attenzione durante i pasti perch\u00e9 un uso improprio potrebbe accorciarne la durata o causare fratture.<\/p>\n\n\n\n<h4 class=\"wp-block-heading\">Vantaggi<\/h4>\n\n\n\n<p>Uno dei vantaggi pi\u00f9 importanti che una persona pu\u00f2 ottenere dopo le lenti dentali cosmetiche Lumineers, o come vengono chiamate, \u00e8 quello di eliminare la forma incoerente dei denti e ottenere un colore pi\u00f9 bianco in un periodo di tempo molto breve. Un altro vantaggio significativo \u00e8 che non richiede molta limatura dei denti, simile alle normali corone dentali.<\/p>\n\n\n\n<h4 class=\"wp-block-heading\">Effetti collaterali<\/h4>\n\n\n\n<p>Gli effetti collaterali delle lenti dentali Lumineer sono semplici. La sensibilit\u00e0 pu\u00f2 verificarsi raramente nella gengiva e scomparire durante i primi giorni. Potrebbe anche esserci un po&#8217; di rossore nella zona gengivale o un leggero prurito mentre si mangia o si beve solo nei primi giorni.<\/p>\n\n\n\n<h3 class=\"wp-block-heading\">Lumineers dentali in Turchia Istanbul<\/h3>\n\n\n\n<p>Oggi, la Turchia, in particolare Istanbul, \u00e8 una delle destinazioni turistiche e mediche pi\u00f9 famose e molte persone provenienti dai paesi arabi ed europei la visitano per turismo o per scopi terapeutici. I trattamenti dentali in generale e le lenti cosmetiche Lumineers in particolare sono classificati tra i trattamenti dentali pi\u00f9 famosi eseguiti nelle cliniche dentali di Istanbul, Turchia.<\/p>\n\n\n\n<h3 class=\"wp-block-heading\">Costo Dental Lumineers<\/h3>\n\n\n\n<p>Diversi fattori determinano il costo, i pi\u00f9 importanti dei quali sono:<\/p>\n\n\n\n<ul class=\"wp-block-list\">\n<li>Numero di denti.<\/li>\n\n\n\n<li>La qualit\u00e0.<\/li>\n\n\n\n<li>Esperienza del medico.<\/li>\n\n\n\n<li>La reputazione dell&#8217;ospedale o della clinica.<\/li>\n\n\n\n<li>I servizi correlati all&#8217;interno del pacchetto di trattamento.<\/li>\n\n\n\n<li>Il costo \u00e8 accessibile per molte persone rispetto ai prezzi in altri paesi arabi e stranieri. In Turk Aesthetic, il costo per dente \u00e8 di 190 euro.Il costo dei lumineers dentali \u00e8 adatto per un ampio segmento di persone rispetto ai prezzi in altri paesi arabi e stranieri. A Turk Aesthetic, il costo per dente luminoso \u00e8 di 190 euro.<\/li>\n<\/ul>\n\n\n\n<h2 class=\"wp-block-heading\">FAQ<\/h2>\n\n\n<div id=\"rank-math-faq\" class=\"rank-math-block\">\n<div class=\"rank-math-list \">\n<div id=\"faq-question-1725278397299\" class=\"rank-math-list-item\">\n<h3 class=\"rank-math-question \">Qual \u00e8 la differenza tra Lumineers e Veneers?<\/h3>\n<div class=\"rank-math-answer \">\n\n<p>I Lumineers sono considerati meno spessi delle faccette, il che richiede una minore limatura dei denti rispetto alle faccette.<\/p>\n\n<\/div>\n<\/div>\n<div id=\"faq-question-1725278400055\" class=\"rank-math-list-item\">\n<h3 class=\"rank-math-question \">Quali materiali vengono utilizzati per realizzare i Lumineers dentali?<\/h3>\n<div class=\"rank-math-answer \">\n\n<p>Lo zircone e l&#8217;Emax vengono utilizzati come materiali di base per realizzare queste lenti.<\/p>\n\n<\/div>\n<\/div>\n<div id=\"faq-question-1725278405149\" class=\"rank-math-list-item\">\n<h3 class=\"rank-math-question \">Quanto dura il processo Lumineers dentali?<\/h3>\n<div class=\"rank-math-answer \">\n\n<p>Ci vogliono 5-7 giorni.<\/p>\n\n<\/div>\n<\/div>\n<div id=\"faq-question-1725278410162\" class=\"rank-math-list-item\">\n<h3 class=\"rank-math-question \">Di quante visite ha bisogno un paziente per i Lumineers dentali?<\/h3>\n<div class=\"rank-math-answer \">\n\n<p>Il paziente ha bisogno di tre visite cliniche periodiche per completare il processo.<\/p>\n\n<\/div>\n<\/div>\n<div id=\"faq-question-1725278415454\" class=\"rank-math-list-item\">\n<h3 class=\"rank-math-question \">I Lumineers causano l&#8217;alito cattivo?<\/h3>\n<div class=\"rank-math-answer \">\n\n<p>No, non causano odori sgradevoli in bocca perch\u00e9 sono molto sottili.<\/p>\n\n<\/div>\n<\/div>\n<div id=\"faq-question-1725278420514\" class=\"rank-math-list-item\">\n<h3 class=\"rank-math-question \">Quanto costa il processo Lumineers dentali?<\/h3>\n<div class=\"rank-math-answer \">\n\n<p>Il costo varia a seconda del materiale, come zirconia o Emax.<\/p>\n\n<\/div>\n<\/div>\n<div id=\"faq-question-1725278429927\" class=\"rank-math-list-item\">\n<h3 class=\"rank-math-question \">Quanto costano i Lumineers dentali?<\/h3>\n<div class=\"rank-math-answer \">\n\n<p>Il costo presso Turk Aesthetic \u00e8 di 190 euro.<\/p>\n\n<\/div>\n<\/div>\n<div id=\"faq-question-1725278435556\" class=\"rank-math-list-item\">\n<h3 class=\"rank-math-question \">Provoca dolore?<\/h3>\n<div class=\"rank-math-answer \">\n\n<p>No, non causa dolore significativo perch\u00e9 \u00e8 una procedura semplice.<\/p>\n\n<\/div>\n<\/div>\n<\/div>\n<\/div>\n\n\n<p>Infine, puoi <a href=\"https:\/\/www.turkaesthetic.com\/it\/contact-us\/\" target=\"_blank\" data-type=\"link\" data-id=\"https:\/\/www.turkaesthetic.com\/it\/contact-us\/\" rel=\"noreferrer noopener\"><strong>contattare<\/strong><\/a> il team direttamente da <a href=\"https:\/\/www.youtube.com\/channel\/UC0zggzdm5CFwpRMmn_CPpFQ\" data-type=\"URL\" data-id=\"https:\/\/www.youtube.com\/channel\/UC0zggzdm5CFwpRMmn_CPpFQ\" target=\"_blank\" rel=\"noreferrer noopener\"><strong>Turk Aesthetic<\/strong><\/a> Istanbul per richiedere informazioni e prezzi per il tuo caso.<\/p>\n","protected":false},"excerpt":{"rendered":"<p>Lumineers dentali sono in cima alla lista dei trattamenti odontoiatrici estetici derivati \u200b\u200bdalla parola Laminate Veneers, che significa (faccette assottigliate). Vengono installate sui denti per ottenere una forma del sorriso uniforme e perfetta dopo essersi assicurati che le condizioni dei denti siano adatte all&#8217;installazione delle lenti. Anestesia Locale Durata del processo 2 ore Risultati Immediato [&hellip;]<\/p>\n","protected":false},"author":1,"featured_media":21258,"parent":0,"menu_order":0,"comment_status":"closed","ping_status":"closed","template":"","meta":{"footnotes":""},"dep":[1356],"class_list":["post-21779","page","type-page","status-publish","has-post-thumbnail","hentry","dep-cosmetic-dentistry"],"_links":{"self":[{"href":"https:\/\/www.turkaesthetic.com\/it\/wp-json\/wp\/v2\/pages\/21779","targetHints":{"allow":["GET"]}}],"collection":[{"href":"https:\/\/www.turkaesthetic.com\/it\/wp-json\/wp\/v2\/pages"}],"about":[{"href":"https:\/\/www.turkaesthetic.com\/it\/wp-json\/wp\/v2\/types\/page"}],"author":[{"embeddable":true,"href":"https:\/\/www.turkaesthetic.com\/it\/wp-json\/wp\/v2\/users\/1"}],"replies":[{"embeddable":true,"href":"https:\/\/www.turkaesthetic.com\/it\/wp-json\/wp\/v2\/comments?post=21779"}],"version-history":[{"count":0,"href":"https:\/\/www.turkaesthetic.com\/it\/wp-json\/wp\/v2\/pages\/21779\/revisions"}],"wp:featuredmedia":[{"embeddable":true,"href":"https:\/\/www.turkaesthetic.com\/it\/wp-json\/wp\/v2\/media\/21258"}],"wp:attachment":[{"href":"https:\/\/www.turkaesthetic.com\/it\/wp-json\/wp\/v2\/media?parent=21779"}],"wp:term":[{"taxonomy":"dep","embeddable":true,"href":"https:\/\/www.turkaesthetic.com\/it\/wp-json\/wp\/v2\/dep?post=21779"}],"curies":[{"name":"wp","href":"https:\/\/api.w.org\/{rel}","templated":true}]}}