{"id":21775,"date":"2022-01-27T12:23:14","date_gmt":"2022-01-27T09:23:14","guid":{"rendered":"http:\/\/turkaesthetic.com\/?page_id=21775"},"modified":"2025-08-18T19:09:42","modified_gmt":"2025-08-18T16:09:42","slug":"dental-veneer","status":"publish","type":"page","link":"https:\/\/www.turkaesthetic.com\/it\/dental-veneer\/","title":{"rendered":"Veneers Dentali"},"content":{"rendered":"\n<p>Le <strong>veneers dentali<\/strong> sono considerate una delle opzioni cosmetiche pi\u00f9 essenziali nell&#8217;estetica dentale per ottenere un sorriso perfetto. Fanno parte della categoria delle faccette cosmetiche e vengono applicate ai denti dopo una leggera limatura della superficie del dente. Il termine &#8220;faccetta&#8221; deriva dalla lingua inglese e significa &#8220;gusci&#8221;.<\/p>\n\n\n\n<figure class=\"wp-block-table\"><table><tbody><tr><td>Anestesia&nbsp;<\/td><td>Locale&nbsp;<\/td><\/tr><tr><td>Durata del processo<\/td><td>2 ore&nbsp;<\/td><\/tr><tr><td>Risultati<\/td><td>Immediato &#8211; 10 anni<\/td><\/tr><tr><td>Convalescenza<\/td><td>7 giorni&nbsp;<\/td><\/tr><\/tbody><\/table><figcaption class=\"wp-element-caption\"><strong>Veneers Dentali<\/strong><\/figcaption><\/figure>\n\n\n\n<h2 class=\"wp-block-heading\">Come vengono prodotte le veneers dentali?<\/h2>\n\n\n\n<p>Il processo inizia discutendo il caso con il dentista. Quindi, vengono eseguite radiografie e un esame clinico. La procedura inizia una volta che il dentista si assicura che il caso sia adatto alle veneers dentali. Per prima cosa, viene limata la superficie dei denti, quindi vengono selezionati la forma e i colori. Vengono prese impronte o misurazioni dei denti e inviate al laboratorio per prepararle. Infine, nell&#8217;ultima fase, vengono installate.<\/p>\n\n\n\n<h3 class=\"wp-block-heading\">Video sulle le veneers dentali<\/h3>\n\n\n\n<p>In questo breve video, vedrai come funziona la sessione di placcatura<\/p>\n\n\n\n<figure class=\"wp-block-embed is-type-video is-provider-youtube wp-block-embed-youtube wp-embed-aspect-16-9 wp-has-aspect-ratio\"><div class=\"wp-block-embed__wrapper\">\n<iframe loading=\"lazy\" title=\"Dental Veneers - Turk Aesthetic\" width=\"800\" height=\"450\" src=\"https:\/\/www.youtube.com\/embed\/03FDckdC-Ew?feature=oembed\" frameborder=\"0\" allow=\"accelerometer; autoplay; clipboard-write; encrypted-media; gyroscope; picture-in-picture; web-share\" referrerpolicy=\"strict-origin-when-cross-origin\" allowfullscreen><\/iframe>\n<\/div><figcaption class=\"wp-element-caption\"><strong>Veneers Dentali<\/strong><\/figcaption><\/figure>\n\n\n\n<h3 class=\"wp-block-heading\">Chi pu\u00f2 ottenerlo Veneers Dentali?<\/h3>\n\n\n\n<p>Chiunque abbia pi\u00f9 di 18 anni e sia in buona salute \u00e8 considerato idoneo al trattamento cosmetico delle faccette. Le persone pi\u00f9 idonee sono:<\/p>\n\n\n\n<ul class=\"wp-block-list\">\n<li>Chi soffre di disallineamento dei denti.<\/li>\n\n\n\n<li>Chi soffre di scolorimento o pigmentazione permanente dei denti.<\/li>\n<\/ul>\n\n\n\n<h4 class=\"wp-block-heading\"><br>Chi non pu\u00f2 ottenerlo?<\/h4>\n\n\n\n<p> Questo trattamento \u00e8 adatto a un vasto gruppo di persone che desiderano ottenere un sorriso distintivo e armonioso. Tuttavia, alcuni casi potrebbero essere considerati non idonei per questa procedura, come:<\/p>\n\n\n\n<ul class=\"wp-block-list\">\n<li>Coloro che soffrono di malattie infettive.<\/li>\n\n\n\n<li>Coloro che hanno denti non perfettamente allineati.<\/li>\n\n\n\n<li>Coloro che hanno carie profonda.<\/li>\n\n\n\n<li>Coloro che hanno precedenti corone dentali.<\/li>\n\n\n\n<li>Coloro che hanno una significativa recessione gengivale.\u201d<\/li>\n<\/ul>\n\n\n\n<h5 class=\"wp-block-heading\">Chi esegue faccette dentali<\/h5>\n\n\n\n<p>Questo trattamento \u00e8 incluso nell&#8217;elenco delle procedure odontoiatriche, quindi solo i dentisti sono autorizzati a eseguire questo tipo di trattamento. \u00c8 altamente raccomandata una vasta esperienza in questo campo per garantire che i pazienti ottengano i risultati desiderati. Turk Aesthetic consiglia ai clienti di selezionare un dentista altamente esperto ed evitare di rivolgersi a uno specialista di laboratorio odontotecnico per ridurre i prezzi o per altri motivi, poich\u00e9 ci\u00f2 potrebbe portare a complicazioni future.<\/p>\n\n\n\n<h3 class=\"wp-block-heading\">Tipi di anestesia utilizzati durante il trattamento<\/h3>\n\n\n\n<p>Un metodo di anestesia personalizzato \u00e8 appropriato per ogni procedura estetica o di trattamento. In genere viene utilizzata l&#8217;anestesia locale. L&#8217;anestesia locale \u00e8 generalmente sufficiente per le faccette dentali. Tuttavia, in rari casi, pu\u00f2 essere utilizzata un&#8217;anestesia temporanea (sedazione) per i pazienti con fobia dell&#8217;anestesia locale.ciente nel caso di le facette dentaliimpiallacciatura. In casi molto rari, l&#8217;anestesia temporanea (sedazione) pu\u00f2 essere utilizzata in pazienti che hanno una fobia dell&#8217;anestesia locale.<\/p>\n\n\n\n<h2 class=\"wp-block-heading\">Fasi della procedura di&nbsp;veneers dentali<\/h2>\n\n\n<div id=\"rank-math-howto\" class=\"rank-math-block\" >\n<div class=\"rank-math-howto-description\">\n\n<p>I passaggi delle sfaccettature dell\u2019impiallacciatura saranno spiegati in dettaglio nei seguenti paragrafi, iniziando con i primi passi e terminando con gli ultimi passaggi della procedura:<\/p>\n\n<\/div>\n<p class=\"rank-math-howto-duration\"><strong>Tempo totale:<\/strong> <span>7 giorni<\/span><\/p>\n<div class=\"rank-math-steps \">\n<div id=\"howto-step-1676274077516\" class=\"rank-math-step\">\n<h3 class=\"rank-math-step-title \">Prima del processo<\/h3>\n<div class=\"rank-math-step-content \"><p>Inizialmente, il paziente contatta il team medico Turk Aesthetic. Il dentista specializzato discute quindi il caso e sviluppa un piano iniziale approssimativo, che condivide con il paziente. Durante la visita del paziente alla Turk Aesthetic Clinic, il team raccoglie importanti informazioni personali e sanitarie e scatta radiografie. Il dentista valuta queste informazioni per assicurarsi che tutto sia pronto per progettare le veneers dentali.<\/p>\n<\/div>\n<\/div>\n<div id=\"howto-step-1676274158311\" class=\"rank-math-step\">\n<h3 class=\"rank-math-step-title \">Durante il processo<\/h3>\n<div class=\"rank-math-step-content \"><p>Il paziente sceglie il numero di denti che intende ottenere. Quindi, il dentista prepara i denti e seleziona il colore e la forma appropriati. Il dentista prende le dimensioni e le impronte dei denti e le invia al laboratorio per progettare le lenti.<\/p>\n<\/div>\n<\/div>\n<div id=\"howto-step-1676274174343\" class=\"rank-math-step\">\n<h3 class=\"rank-math-step-title \">Dopo il processo<\/h3>\n<div class=\"rank-math-step-content \"><p>Come per qualsiasi procedura, dovresti prestare attenzione il pi\u00f9 possibile alle istruzioni fornite dal dentista e dal team Turk Aesthetic per ottenere i migliori risultati possibili. Se hai ulteriori domande, non esitare a contattare il consulente medico per il supporto e i consigli necessari.<\/p>\n<\/div>\n<\/div>\n<\/div>\n<\/div>\n<p class=\"rank-math-howto-estimatedCost\"><strong>Costo stimato:<\/strong> <span>190 EUR<\/span><\/p>\n\n\n\n\n\n<h3 class=\"wp-block-heading\">Prima e dopo veneers dentali<\/h3>\n\n\n\n<p>Qui vi mostreremo alcune foto prima e dopo delle sue sfaccettature di impiallacciatura presso la Turk Aesthetic.<\/p>\n\n\n<style>.kb-gallery-id-21775_b307de-64 .kadence-blocks-gallery-item .kb-gal-image-radius, .kb-gallery-id-21775_b307de-64 .kb-slide-item .kb-gal-image-radius img{border-radius:0px 0px 0px 0px;;}.kb-gallery-wrap-id-21775_b307de-64.wp-block-kadence-advancedgallery{overflow:visible;}.kb-gallery-wrap-id-21775_b307de-64.wp-block-kadence-advancedgallery .kt-blocks-carousel{overflow:visible;}<\/style><div class=\"kb-gallery-wrap-id-21775_b307de-64 alignnone wp-block-kadence-advancedgallery\"><div class=\"kb-gallery-ul kb-gallery-non-static kb-gallery-type-slider kb-gallery-id-21775_b307de-64 kb-gallery-caption-style-bottom-hover kb-gallery-filter-none\" data-image-filter=\"none\" data-lightbox-caption=\"true\"><div class=\"kt-blocks-carousel splide kt-carousel-container-dotstyle-dark kt-carousel-arrowstyle-whiteondark kt-carousel-dotstyle-dark kb-slider-group-arrow kb-slider-arrow-position-center\" data-slider-anim-speed=\"400\" data-slider-scroll=\"1\" data-slider-arrows=\"true\" data-slider-fade=\"true\" data-slider-dots=\"true\" data-slider-type=\"slider\" data-slider-hover-pause=\"false\" data-slider-auto=\"\" data-slider-speed=\"7000\" data-show-pause-button=\"false\"><div class=\"splide__track\"><ul class=\"kt-blocks-carousel-init kb-blocks-slider splide__list\"><li class=\"kb-slide-item kb-gallery-slide-item splide__slide\"><div class=\"kadence-blocks-gallery-item\"><div class=\"kadence-blocks-gallery-item-inner\"><figure class=\"kb-gallery-figure kadence-blocks-gallery-item-hide-caption\"><div class=\"kb-gal-image-radius\"><div class=\"kb-gallery-image-contain kadence-blocks-gallery-intrinsic kb-gallery-image-ratio-land32 kb-has-image-ratio-land32\" ><img loading=\"lazy\" decoding=\"async\" src=\"https:\/\/www.turkaesthetic.com\/wp-content\/uploads\/2023\/11\/before-after-veneer-1.jpg\" width=\"1200\" height=\"800\" alt=\"Prima e dopo le veneers dentali\" data-full-image=\"https:\/\/www.turkaesthetic.com\/wp-content\/uploads\/2023\/11\/before-after-veneer-1.jpg\" data-light-image=\"https:\/\/www.turkaesthetic.com\/wp-content\/uploads\/2023\/11\/before-after-veneer-1.jpg\" data-id=\"46829\" class=\"wp-image-46829 skip-lazy\"\/><\/div><\/div><\/figure><\/div><\/div><\/li><li class=\"kb-slide-item kb-gallery-slide-item splide__slide\"><div class=\"kadence-blocks-gallery-item\"><div class=\"kadence-blocks-gallery-item-inner\"><figure class=\"kb-gallery-figure kadence-blocks-gallery-item-hide-caption\"><div class=\"kb-gal-image-radius\"><div class=\"kb-gallery-image-contain kadence-blocks-gallery-intrinsic kb-gallery-image-ratio-land32 kb-has-image-ratio-land32\" ><img loading=\"lazy\" decoding=\"async\" src=\"https:\/\/www.turkaesthetic.com\/wp-content\/uploads\/2023\/11\/before-after-veneer-2.jpg\" width=\"1200\" height=\"800\" alt=\"Prima e dopo le veneers dentali\" data-full-image=\"https:\/\/www.turkaesthetic.com\/wp-content\/uploads\/2023\/11\/before-after-veneer-2.jpg\" data-light-image=\"https:\/\/www.turkaesthetic.com\/wp-content\/uploads\/2023\/11\/before-after-veneer-2.jpg\" data-id=\"46838\" class=\"wp-image-46838 skip-lazy\"\/><\/div><\/div><\/figure><\/div><\/div><\/li><li class=\"kb-slide-item kb-gallery-slide-item splide__slide\"><div class=\"kadence-blocks-gallery-item\"><div class=\"kadence-blocks-gallery-item-inner\"><figure class=\"kb-gallery-figure kadence-blocks-gallery-item-hide-caption\"><div class=\"kb-gal-image-radius\"><div class=\"kb-gallery-image-contain kadence-blocks-gallery-intrinsic kb-gallery-image-ratio-land32 kb-has-image-ratio-land32\" ><img loading=\"lazy\" decoding=\"async\" src=\"https:\/\/www.turkaesthetic.com\/wp-content\/uploads\/2023\/11\/before-after-veneer-2-1.jpg\" width=\"1200\" height=\"800\" alt=\"Prima e dopo le veneers dentali\" data-full-image=\"https:\/\/www.turkaesthetic.com\/wp-content\/uploads\/2023\/11\/before-after-veneer-2-1.jpg\" data-light-image=\"https:\/\/www.turkaesthetic.com\/wp-content\/uploads\/2023\/11\/before-after-veneer-2-1.jpg\" data-id=\"47104\" class=\"wp-image-47104 skip-lazy\"\/><\/div><\/div><\/figure><\/div><\/div><\/li><li class=\"kb-slide-item kb-gallery-slide-item splide__slide\"><div class=\"kadence-blocks-gallery-item\"><div class=\"kadence-blocks-gallery-item-inner\"><figure class=\"kb-gallery-figure kadence-blocks-gallery-item-hide-caption\"><div class=\"kb-gal-image-radius\"><div class=\"kb-gallery-image-contain kadence-blocks-gallery-intrinsic kb-gallery-image-ratio-land32 kb-has-image-ratio-land32\" ><img loading=\"lazy\" decoding=\"async\" src=\"https:\/\/www.turkaesthetic.com\/wp-content\/uploads\/2023\/11\/before-after-veneer-3.jpg\" width=\"1200\" height=\"800\" alt=\"Prima e dopo le veneers dentali\" data-full-image=\"https:\/\/www.turkaesthetic.com\/wp-content\/uploads\/2023\/11\/before-after-veneer-3.jpg\" data-light-image=\"https:\/\/www.turkaesthetic.com\/wp-content\/uploads\/2023\/11\/before-after-veneer-3.jpg\" data-id=\"46856\" class=\"wp-image-46856 skip-lazy\"\/><\/div><\/div><\/figure><\/div><\/div><\/li><li class=\"kb-slide-item kb-gallery-slide-item splide__slide\"><div class=\"kadence-blocks-gallery-item\"><div class=\"kadence-blocks-gallery-item-inner\"><figure class=\"kb-gallery-figure kadence-blocks-gallery-item-hide-caption\"><div class=\"kb-gal-image-radius\"><div class=\"kb-gallery-image-contain kadence-blocks-gallery-intrinsic kb-gallery-image-ratio-land32 kb-has-image-ratio-land32\" ><img loading=\"lazy\" decoding=\"async\" src=\"https:\/\/www.turkaesthetic.com\/wp-content\/uploads\/2023\/11\/before-after-veneer-4.jpg\" width=\"1200\" height=\"800\" alt=\"Prima e dopo le veneers dentali\" data-full-image=\"https:\/\/www.turkaesthetic.com\/wp-content\/uploads\/2023\/11\/before-after-veneer-4.jpg\" data-light-image=\"https:\/\/www.turkaesthetic.com\/wp-content\/uploads\/2023\/11\/before-after-veneer-4.jpg\" data-id=\"46865\" class=\"wp-image-46865 skip-lazy\"\/><\/div><\/div><\/figure><\/div><\/div><\/li><\/ul><\/div><\/div><\/div><\/div>\n\n\n<h3 class=\"wp-block-heading\">Istruzioni per la cura successiva<\/h3>\n\n\n\n<p>Ogni trattamento o procedura cosmetica ha istruzioni speciali per ottenere i migliori risultati. Menzioneremo le istruzioni pi\u00f9 importanti che il paziente deve seguire:<\/p>\n\n\n\n<ul class=\"wp-block-list\">\n<li>Seguire meticolosamente le istruzioni del dentista e del team Turk Aesthetic.<\/li>\n\n\n\n<li>Evitare cibi e bevande che possono causare sensibilit\u00e0 ai denti o alle gengive nei primi giorni.<\/li>\n\n\n\n<li>Evitare di usare i denti in modo aggressivo mentre si mangia o in altri casi.<\/li>\n\n\n\n<li>Prestare attenzione alla sicurezza e alla salute della bocca pu\u00f2 essere ottenuto visitando il dentista periodicamente e regolarmente.<\/li>\n\n\n\n<li>Pulizia dei denti quotidiana a casa.<\/li>\n<\/ul>\n\n\n\n<h3 class=\"wp-block-heading\">Pro e contro veneers dentali<\/h3>\n\n\n\n<p>Qui menzioneremo i principali pro e contro delle veneers dentali:<\/p>\n\n\n\n<h4 class=\"wp-block-heading\">Svantaggi<\/h4>\n\n\n\n<p>Uno degli svantaggi pi\u00f9 importanti \u00e8 che le persone che intendono avere lenti dentali possono soffrire di sensibilit\u00e0. Dovresti prestare attenzione mentre mangi perch\u00e9 un uso improprio di queste lenti pu\u00f2 accorciarne la durata o portare a fratture.<\/p>\n\n\n\n<h4 class=\"wp-block-heading\">Vantaggi<\/h4>\n\n\n\n<p>Uno dei vantaggi pi\u00f9 importanti che una persona pu\u00f2 ottenere dopo le veneers dentali, o lenti dentali, \u00e8 quello di eliminare la forma incoerente dei denti e ottenere un colore pi\u00f9 bianco in un periodo di tempo molto breve.<\/p>\n\n\n\n<h5 class=\"wp-block-heading\">Effetti collaterali<\/h5>\n\n\n\n<p>Gli effetti collaterali delle lenti dentali sono semplici. La sensibilit\u00e0 pu\u00f2 verificarsi raramente nelle gengive e scomparire durante i primi giorni. Potrebbe anche esserci un po&#8217; di rossore nella zona delle gengive o un leggero prurito mentre si mangia o si beve nei primi giorni.<\/p>\n\n\n\n<h3 class=\"wp-block-heading\">Veneers dentali in Turchia  Istanbul<\/h3>\n\n\n\n<p>Oggi, la Turchia, in particolare Istanbul, \u00e8 una delle destinazioni turistiche e mediche pi\u00f9 famose e molte persone provenienti dai paesi arabi ed europei la visitano per turismo o per scopi terapeutici. I trattamenti dentali in generale e le faccette cosmetiche in particolare sono classificati tra i trattamenti dentali pi\u00f9 famosi eseguiti nelle cliniche dentali in Turchia, Istanbul.<\/p>\n\n\n\n<h3 class=\"wp-block-heading\">Costo delle veneers dentali<\/h3>\n\n\n\n<p>Diversi fattori determinano il <a href=\"https:\/\/www.turkaesthetic.com\/it\/dental\/veneer-cost\/\" target=\"_blank\" data-type=\"link\" data-id=\"https:\/\/www.turkaesthetic.com\/it\/dentistry-it\/veneer-cost\/\" rel=\"noreferrer noopener\">costo delle faccette dentali<\/a>, i pi\u00f9 importanti dei quali sono:<\/p>\n\n\n\n<ul class=\"wp-block-list\">\n<li>Numero di denti.<\/li>\n\n\n\n<li>La qualit\u00e0.<\/li>\n\n\n\n<li>Esperienza del medico.<\/li>\n\n\n\n<li>La reputazione dell&#8217;ospedale o della clinica. I servizi forniti all&#8217;interno del pacchetto di trattamento.<\/li>\n\n\n\n<li>Il costo \u00e8 accessibile per molte persone rispetto ai prezzi di altri paesi arabi e stranieri. In Turk Aesthetic, il costo per dente \u00e8 di 190 euro.Il costo delle faccette dentali \u00e8 adatto per un ampio segmento di persone rispetto ai prezzi inaltri paesi arabi e stranieri. A <strong>Turk Aesthetic<\/strong>, il <strong>costo<\/strong> per dente impiallacciato \u00e8 di 190 euro.<\/li>\n<\/ul>\n\n\n\n<h2 class=\"wp-block-heading\">FAQ<\/h2>\n\n\n<div id=\"rank-math-faq\" class=\"rank-math-block\">\n<div class=\"rank-math-list \">\n<div id=\"faq-question-1725100312295\" class=\"rank-math-list-item\">\n<h3 class=\"rank-math-question \">Quanto costano veneers dentali?<\/h3>\n<div class=\"rank-math-answer \">\n\n<p>Il costo \u00e8 di 190 euro a dente in media.<\/p>\n\n<\/div>\n<\/div>\n<div id=\"faq-question-1725100320062\" class=\"rank-math-list-item\">\n<h3 class=\"rank-math-question \">Quanto durano i risultati?<\/h3>\n<div class=\"rank-math-answer \">\n\n<p>Durano per un minimo di 10 anni.<\/p>\n\n<\/div>\n<\/div>\n<div id=\"faq-question-1725100323886\" class=\"rank-math-list-item\">\n<h3 class=\"rank-math-question \">Qual \u00e8 la differenza tra veneers dentali e corone dentali?<\/h3>\n<div class=\"rank-math-answer \">\n\n<p>La differenza tra faccette dentali e corone dentali \u00e8 che le veneers dentali comportano piccole lenti installate sulla superficie esterna dei denti. Per quanto riguarda le corone dentali, ricoprono completamente i denti con materiali in zircone o ceramica.<\/p>\n\n<\/div>\n<\/div>\n<div id=\"faq-question-1725100329104\" class=\"rank-math-list-item\">\n<h3 class=\"rank-math-question \">Quale materiale viene utilizzato per realizzare lenti dentali?<\/h3>\n<div class=\"rank-math-answer \">\n\n<p>Lo zircone tedesco e l&#8217;Emax americano sono i materiali pi\u00f9 famosi per lenti dentali.<\/p>\n\n<\/div>\n<\/div>\n<div id=\"faq-question-1725100334322\" class=\"rank-math-list-item\">\n<h3 class=\"rank-math-question \">I denti vengono limati per le veneers dentali?<\/h3>\n<div class=\"rank-math-answer \">\n\n<p>I denti vengono leggermente limati prima di installare le veneers dentali.<\/p>\n\n<\/div>\n<\/div>\n<div id=\"faq-question-1725100339302\" class=\"rank-math-list-item\">\n<h3 class=\"rank-math-question \">Quanto dura il trattamento?<\/h3>\n<div class=\"rank-math-answer \">\n\n<p>Circa sette giorni.<\/p>\n\n<\/div>\n<\/div>\n<\/div>\n<\/div>\n\n\n<p>Infine, puoi contattarci tramite il <a href=\"https:\/\/www.turkaesthetic.com\/it\/contact-us\/\" target=\"_blank\" data-type=\"link\" data-id=\"https:\/\/www.turkaesthetic.com\/it\/contact-us\/\" rel=\"noreferrer noopener\"><strong>link<\/strong><\/a> per ulteriori informazioni con <a href=\"https:\/\/www.youtube.com\/channel\/UC0zggzdm5CFwpRMmn_CPpFQ\" data-type=\"URL\" data-id=\"https:\/\/www.youtube.com\/channel\/UC0zggzdm5CFwpRMmn_CPpFQ\" target=\"_blank\" rel=\"noreferrer noopener\"><strong>Turk Aesthetic<\/strong><\/a>.<\/p>\n","protected":false},"excerpt":{"rendered":"<p>Le veneers dentali sono considerate una delle opzioni cosmetiche pi\u00f9 essenziali nell&#8217;estetica dentale per ottenere un sorriso perfetto. Fanno parte della categoria delle faccette cosmetiche e vengono applicate ai denti dopo una leggera limatura della superficie del dente. Il termine &#8220;faccetta&#8221; deriva dalla lingua inglese e significa &#8220;gusci&#8221;. Anestesia&nbsp; Locale&nbsp; Durata del processo 2 ore&nbsp; [&hellip;]<\/p>\n","protected":false},"author":1,"featured_media":21263,"parent":0,"menu_order":0,"comment_status":"closed","ping_status":"closed","template":"","meta":{"footnotes":""},"dep":[1356],"class_list":["post-21775","page","type-page","status-publish","has-post-thumbnail","hentry","dep-cosmetic-dentistry"],"_links":{"self":[{"href":"https:\/\/www.turkaesthetic.com\/it\/wp-json\/wp\/v2\/pages\/21775","targetHints":{"allow":["GET"]}}],"collection":[{"href":"https:\/\/www.turkaesthetic.com\/it\/wp-json\/wp\/v2\/pages"}],"about":[{"href":"https:\/\/www.turkaesthetic.com\/it\/wp-json\/wp\/v2\/types\/page"}],"author":[{"embeddable":true,"href":"https:\/\/www.turkaesthetic.com\/it\/wp-json\/wp\/v2\/users\/1"}],"replies":[{"embeddable":true,"href":"https:\/\/www.turkaesthetic.com\/it\/wp-json\/wp\/v2\/comments?post=21775"}],"version-history":[{"count":0,"href":"https:\/\/www.turkaesthetic.com\/it\/wp-json\/wp\/v2\/pages\/21775\/revisions"}],"wp:featuredmedia":[{"embeddable":true,"href":"https:\/\/www.turkaesthetic.com\/it\/wp-json\/wp\/v2\/media\/21263"}],"wp:attachment":[{"href":"https:\/\/www.turkaesthetic.com\/it\/wp-json\/wp\/v2\/media?parent=21775"}],"wp:term":[{"taxonomy":"dep","embeddable":true,"href":"https:\/\/www.turkaesthetic.com\/it\/wp-json\/wp\/v2\/dep?post=21775"}],"curies":[{"name":"wp","href":"https:\/\/api.w.org\/{rel}","templated":true}]}}