{"id":21759,"date":"2022-01-10T13:28:53","date_gmt":"2022-01-10T10:28:53","guid":{"rendered":"http:\/\/turkaesthetic.com\/?page_id=21759"},"modified":"2024-01-27T13:19:22","modified_gmt":"2024-01-27T10:19:22","slug":"prp","status":"publish","type":"page","link":"https:\/\/www.turkaesthetic.com\/it\/prp\/","title":{"rendered":"Trattamento PRP"},"content":{"rendered":"\n<p><strong>Trattamento PRP in Turchia Istanbul<\/strong> \u00e8 una tecnica utilizzata per trattare diversi problemi di salute come la perdita di capelli, il trattamento di problemi della pelle, lesioni articolari, tendiniti e altre cose che menzioneremo in questoarticolo.<\/p>\n\n\n\n<p>Il Trattamento PRP viene estratto dal sangue e reiniettato nell&#8217;area da trattare. La seduta PRP (Plated Rich Plasma) \u00e8 molto semplice con grandi benefici eseguiti solo entro 30 minuti senza alcuna necessit\u00e0 di anestesia. Di seguito sono riportati alcunirapporti rapidi su prp.<\/p>\n\n\n\n<figure class=\"wp-block-table\"><table><tbody><tr><td>Anestesia&nbsp;<\/td><td>No Need (crema anestetica)<\/td><\/tr><tr><td>procedimento<\/td><td>20 minuti<\/td><\/tr><tr><td>Casi particolari<\/td><td>A volte, a seconda del trattamento per ogni malattia&nbsp;<\/td><\/tr><tr><td>Risultati<\/td><td>A seconda dei casi<\/td><\/tr><tr><td>Convalescenza<\/td><td>Non c&#8217;\u00e8 bisogno<\/td><\/tr><tr><td>Costo a Turk Aesthetic&nbsp;<\/td><td>175 EUR<\/td><\/tr><\/tbody><\/table><figcaption class=\"wp-element-caption\">T<strong>rattamento PRP in Turchia<\/strong><\/figcaption><\/figure>\n\n\n\n<h2 class=\"wp-block-heading\">Com&#8217;\u00e8 la sessione del PRP in Turchia?<\/h2>\n\n\n\n<p>Il plasma viene prodotto prendendo una piccola quantit\u00e0 di sangue dal paziente e mettendolo in un tubo speciale, quindi questo tubo viene inserito in un dispositivo speciale chiamato ifuge centrale, dove questo dispositivo separa il plasma sanguigno dal resto degli altri componenti del sangue.<\/p>\n\n\n\n<p>Quindi questo plasma viene posto in una piccola siringa per iniziare a iniettarlo nell&#8217;area in cui deve essere applicata la procedura. Questa procedura richiede in media da 10 a 20 minuti.<\/p>\n\n\n\n<h3 class=\"wp-block-heading\">Video sul Il Trattamento PRP in Turchia<\/h3>\n\n\n\n<p>Il seguente video mostra come funziona il trattamento al plasma.<\/p>\n\n\n\n<figure class=\"wp-block-embed is-type-video is-provider-youtube wp-block-embed-youtube wp-embed-aspect-16-9 wp-has-aspect-ratio\"><div class=\"wp-block-embed__wrapper\">\n<iframe loading=\"lazy\" title=\"PRP injection in Turkey (20) minutes - Turk Aesthetic\" width=\"800\" height=\"450\" src=\"https:\/\/www.youtube.com\/embed\/JP3km_SrDaY?feature=oembed\" frameborder=\"0\" allow=\"accelerometer; autoplay; clipboard-write; encrypted-media; gyroscope; picture-in-picture; web-share\" allowfullscreen><\/iframe>\n<\/div><figcaption class=\"wp-element-caption\">T<strong>rattamento PRP in Turchia<\/strong><\/figcaption><\/figure>\n\n\n\n<h3 class=\"wp-block-heading\">Chi pu\u00f2 sottoporsi al trattamento PRP in Turchia?<\/h3>\n\n\n\n<p>Molti uomini e donne di diverse fasce d&#8217;et\u00e0 ricorrono asessioni DI PRP per diversi motivi e le persone pi\u00f9 importanti adatte a questa procedura sono:<\/p>\n\n\n\n<ul class=\"wp-block-list\">\n<li>Persone di et\u00e0 superiore ai 18 anni.<\/li>\n\n\n\n<li>Sono sani.<\/li>\n\n\n\n<li>Non soffrono di malattie gravi o contagiose.<\/li>\n<\/ul>\n\n\n\n<h3 class=\"wp-block-heading\">Chi non pu\u00f2 effettuare un trattamento PRP in Turchia?<\/h3>\n\n\n\n<p>L&#8217;iniezione di plasma (PRP) \u00e8 una procedura semplice e non causa alcun rischio significativo, ma \u00e8 sempre meglio informare il medico di qualsiasi malattia cronica di cui si pu\u00f2 soffrire o di qualsiasi farmaco usato, se presente, e alcuni possono essere esclusi da questa procedura, come le persone che soffrono di malattie infettive o malattie seriamente dopo aver consultato un medico.<\/p>\n\n\n\n<h3 class=\"wp-block-heading\">Il medico che esegue una sessione PRP?<\/h3>\n\n\n\n<p>L&#8217;iniezione di plasma, come qualsiasi altra procedura, deve essere eseguita solo da specialisti in questo campo. A causa della semplicit\u00e0 della procedura, chiunque in campo medico con una formazione sufficiente o soggetto a un corso di formazione accreditato come chirurghi plastici, chirurghi plastici non chirurgici o dermatologi pu\u00f2 eseguire tali procedure.<\/p>\n\n\n\n<h3 class=\"wp-block-heading\">Tipo di anestesia utilizzata durante la sessione PRP&nbsp;<\/h3>\n\n\n\n<p>L&#8217;iniezione di plasma \u00e8 una procedura che non causa dolore significativo. Tuttavia, a volte una crema anestetica locale pu\u00f2 essere applicata per alleviare la sensazione di formicolio dell&#8217;ago, e talvolta la sessione pu\u00f2 essere eseguita senza ricorrere ad alcun metodo di anestesia.<\/p>\n\n\n\n<h3 class=\"wp-block-heading\">Usodel trattamento PRP in Turchia in Turchia<\/h3>\n\n\n\n<h4 class=\"wp-block-heading\">Plasma per la caduta dei capelli&nbsp;<\/h4>\n\n\n\n<p>Le iniezioni di plasma vengono effettuate in diverse aree del corpo e tra le aree pi\u00f9 importanti per le quali vengono applicate iniezioni di plasma c&#8217;\u00e8 l&#8217;area del cuoio capelluto, o questo\u00e8 chiamato iniezioni di plasma per capelli, perch\u00e9 le iniezioni di plasma aiutano molto a rafforzare i follicoli piliferi e fermare la caduta dei capelli.<\/p>\n\n\n\n<p>I medici raccomandano di ripetere le sessioni di trattamento dei capelli per 4-8 sessioni, a seconda della quantit\u00e0 di ricadute di cui la persona soffre, e sia gli uomini che le donne possono eseguire queste sessioni. \u00c8 anche possibile eseguire sessioni dopo il processo di trapianto di capelli per rafforzare ifollicoli piliferi trans piantati e ottenere risultati migliori.<\/p>\n\n\n\n<figure class=\"wp-block-image size-full\"><img loading=\"lazy\" decoding=\"async\" width=\"1024\" height=\"599\" src=\"http:\/\/turkaesthetic.com\/wp-content\/uploads\/2022\/01\/PRP-hair-in-Turkey.webp\" alt=\"Il trattamento PRP in Turchia\" class=\"wp-image-21184\" srcset=\"https:\/\/www.turkaesthetic.com\/wp-content\/uploads\/2022\/01\/PRP-hair-in-Turkey.webp 1024w, https:\/\/www.turkaesthetic.com\/wp-content\/uploads\/2022\/01\/PRP-hair-in-Turkey-300x175.webp 300w, https:\/\/www.turkaesthetic.com\/wp-content\/uploads\/2022\/01\/PRP-hair-in-Turkey-768x449.webp 768w\" sizes=\"auto, (max-width: 1024px) 100vw, 1024px\" \/><figcaption class=\"wp-element-caption\">Il trattamento PRP in Turchia<\/figcaption><\/figure>\n\n\n\n<h4 class=\"wp-block-heading\">Plasma per il viso<\/h4>\n\n\n\n<p>Dopo l&#8217;iniezione di plasma per capelli, l&#8217;iniezione facciale arriva al secondo posto in termini di quantit\u00e0 e importanza, perch\u00e9 l&#8217;iniezione di plasma per ilviso stimola le cellule in esso contenute a rigenerare e stimolare il collagene esistente. Questa procedura d\u00e0 risultati positivi per ottenere una pelle perfetta.<\/p>\n\n\n\n<p>\u00c8 meglio ripetere questa sessione per ottenere il risultato desiderato perch\u00e9 una singola sessione non \u00e8 sufficiente per ottenere i risultati desiderati.<\/p>\n\n\n\n<figure class=\"wp-block-image size-full\"><img loading=\"lazy\" decoding=\"async\" width=\"1024\" height=\"682\" src=\"http:\/\/turkaesthetic.com\/wp-content\/uploads\/2022\/01\/PRP-face-in-Turkey.webp\" alt=\"Il trattamento PRP in Turchia\" class=\"wp-image-21183\" srcset=\"https:\/\/www.turkaesthetic.com\/wp-content\/uploads\/2022\/01\/PRP-face-in-Turkey.webp 1024w, https:\/\/www.turkaesthetic.com\/wp-content\/uploads\/2022\/01\/PRP-face-in-Turkey-300x200.webp 300w, https:\/\/www.turkaesthetic.com\/wp-content\/uploads\/2022\/01\/PRP-face-in-Turkey-768x512.webp 768w\" sizes=\"auto, (max-width: 1024px) 100vw, 1024px\" \/><figcaption class=\"wp-element-caption\">Il trattamento PRP in Turchia<\/figcaption><\/figure>\n\n\n\n<h4 class=\"wp-block-heading\">Plasma per la disfunzione erettile del pene<\/h4>\n\n\n\n<p>Uno degli usi comuni del plasma PRP \u00e8 quello di iniettare il pene, come viene chiamato <strong><a href=\"http:\/\/turkaesthetic.com\/it\/treatment-it\/p-shot-treatment-in-turkey\/\" target=\"_blank\" data-type=\"post\" data-id=\"27295\" rel=\"noreferrer noopener\">P-Shot<\/a><\/strong>, dove questa tecnica \u00e8 una delletecniche pi\u00f9 importanti utilizzate per trattare la <strong><a href=\"http:\/\/turkaesthetic.com\/it\/treatment-it\/erection-treatment-in-turkey\/\" target=\"_blank\" data-type=\"post\" data-id=\"27558\" rel=\"noreferrer noopener\">disfunzione erettile<\/a><\/strong>, in quanto ha dimostrato di essere efficace in questo senso per le persone che soffrono di disfunzione erettile. \u00c8 meglio consultare un medico prima di sottoporsi a tale procedura per determinareil metodo L&#8217;opportunit\u00e0 e il numero di sessioni adeguate per il paziente.<\/p>\n\n\n\n<h4 class=\"wp-block-heading\">Altri usi del trattamento PRP<\/h4>\n\n\n\n<p>Il plasma pu\u00f2 essere utilizzato in molti controindicati, come il rafforzamento dell&#8217;osso mascellare. Il plasma viene anche utilizzato inoperazioni chirurgiche e trattamenti per rotture dei legamenti e dolori articolari.<\/p>\n\n\n\n<figure class=\"wp-block-image size-full\"><img loading=\"lazy\" decoding=\"async\" width=\"1024\" height=\"576\" src=\"http:\/\/turkaesthetic.com\/wp-content\/uploads\/2022\/01\/PRP-knee-in-Turkey.webp\" alt=\"Il trattamento PRP in Turchia\" class=\"wp-image-21182\" srcset=\"https:\/\/www.turkaesthetic.com\/wp-content\/uploads\/2022\/01\/PRP-knee-in-Turkey.webp 1024w, https:\/\/www.turkaesthetic.com\/wp-content\/uploads\/2022\/01\/PRP-knee-in-Turkey-300x169.webp 300w, https:\/\/www.turkaesthetic.com\/wp-content\/uploads\/2022\/01\/PRP-knee-in-Turkey-768x432.webp 768w\" sizes=\"auto, (max-width: 1024px) 100vw, 1024px\" \/><figcaption class=\"wp-element-caption\">Il trattamento PRP in Turchia<\/figcaption><\/figure>\n\n\n\n<h2 class=\"wp-block-heading\">Fasi del trattamento PRP in Turchia Istanbul<\/h2>\n\n\n<div id=\"rank-math-howto\" class=\"rank-math-block\" >\n<div class=\"rank-math-howto-description\">\n\n<p>Il processo di estrazione e iniezione del plasma passa attraverso tre fasi principali, una fase prima della procedura, durante la procedura e una fase dopo la procedura, che menzioneremo in dettaglio:<\/p>\n\n<\/div>\n<p class=\"rank-math-howto-duration\"><strong>Tempo totale:<\/strong> <span>20 minuti<\/span><\/p>\n<div class=\"rank-math-steps \">\n<div id=\"howto-step-1676675116320\" class=\"rank-math-step\">\n<h3 class=\"rank-math-step-title \"><strong>Prima della sessione<\/strong><\/h3>\n<div class=\"rank-math-step-content \"><p>Il caso viene discusso con il medico specialista per determinare il problema e determinare il numero di sessioni da eseguire, l\u2019intervallo di tempo tra ogni sessione e l\u2019altra sessione e lo scopo della sessione, in cui i negativi e gli aspetti positivi sono chiaramente indicati, ed \u00e8 meglio informare il medico di eventuali domande relative allo stato di salute della persona prima di iniziare la sessione. Unacrema anestetica locale viene applicata alla zona da iniettare, se necessario.<\/p>\n<\/div>\n<\/div>\n<div id=\"howto-step-1676675154355\" class=\"rank-math-step\">\n<h3 class=\"rank-math-step-title \"><strong>Durante la sessione<\/strong><\/h3>\n<div class=\"rank-math-step-content \"><p>Durante la sessione, una quantit\u00e0 sufficiente di sangue del paziente viene prelevata e posta in un tubo speciale, dove il tubo viene inserito in un dispositivo speciale davere la funzione di separare il plasma nel sangue dal resto dei componenti del sangue, quindi il plasma estratto viene posto in un\u2019iniezione speciale e inizia la procedura di iniezione. La sessione media dura dai 10 ai 20 minuti.<\/p>\n<\/div>\n<\/div>\n<div id=\"howto-step-1676675163612\" class=\"rank-math-step\">\n<h3 class=\"rank-math-step-title \"><strong>Dopo la sessione<\/strong><\/h3>\n<div class=\"rank-math-step-content \"><p>Dopoaver completato l\u2019iniezione di plasma, il paziente viene informato delle istruzioni da seguire dopo la sessione. \u00c8 anche preferibile non lavare le aree su cui \u00e8 stato applicato il plasma nelle prime ore o fino al giorno successivo alla sessione inmodo che la sessione ne tragga il massimo beneficio possibile. Verr\u00e0 determinata anche la data della prossima sessione.<\/p>\n<\/div>\n<\/div>\n<\/div>\n<\/div>\n<p class=\"rank-math-howto-estimatedCost\"><strong>Costo stimato:<\/strong> <span>175 EUR<\/span><\/p>\n\n\n\n\n\n<h4 class=\"wp-block-heading\">Istruzioni per il monitoraggio PRP&nbsp;&nbsp;<\/h4>\n\n\n\n<p>Ecco alcune delle istruzioni e delle linee guida da seguire dopo ogni sessione:<\/p>\n\n\n\n<ul class=\"wp-block-list\">\n<li>Seguireprontamente le istruzioni iniziali fornite dal medico.<\/li>\n\n\n\n<li>Non avere l&#8217;area in cui il plasma \u00e8 stato iniettato per il giorno successivo.<\/li>\n\n\n\n<li>Non usare sostanze chimiche nei primi giorni.<\/li>\n\n\n\n<li>Consultare il proprio medico se si desidera eseguire una procedura aggiuntiva durante il periodo di trattamento.<\/li>\n\n\n\n<li>Utilizzare la protezione solare nei primi giorni se vengono eseguite iniezioni di plasma per il viso.<\/li>\n<\/ul>\n\n\n\n<h4 class=\"wp-block-heading\">Vantaggi e svantaggi dell&#8217;iniezione di trattamento PRP in Turchia<\/h4>\n\n\n\n<h5 class=\"wp-block-heading\">Positivo<\/h5>\n\n\n\n<ul class=\"wp-block-list\">\n<li>Facilit\u00e0 d&#8217;azione.<\/li>\n\n\n\n<li>Breve durata della sessione.<\/li>\n\n\n\n<li>Meno effetti collaterali.<\/li>\n\n\n\n<li>Risultati efficaci.<\/li>\n<\/ul>\n\n\n\n<h5 class=\"wp-block-heading\">Negativo<\/h5>\n\n\n\n<ul class=\"wp-block-list\">\n<li>La necessit\u00e0 di ripetere la sessione la maggior parte del tempo.<\/li>\n\n\n\n<li>Il periodo tra le sessioni a volte pu\u00f2 essere lungo.<\/li>\n\n\n\n<li>Il piano di trattamento pu\u00f2 richiedere un lungo periodo di tempo.<\/li>\n<\/ul>\n\n\n\n<h5 class=\"wp-block-heading\">Effetti collaterali del trattamento PRP in Turchia<\/h5>\n\n\n\n<ul class=\"wp-block-list\">\n<li>Lieve arrossamento che pu\u00f2 durare per ore dopo l&#8217;iniezione.<\/li>\n\n\n\n<li>Un leggero dolore nei siti di iniezione scompare rapidamente.<\/li>\n\n\n\n<li>Prurito semplice.<\/li>\n<\/ul>\n\n\n\n<h3 class=\"wp-block-heading\">Il trattamento PRP in Turchia Istanbul<\/h3>\n\n\n\n<p>La Turchia oggi guida molti paesi a causa di diversi motivi nel campo della cosmetica e del turismo medico, quindi molte persone vanno ogni giorno in cliniche di bellezza e ospedali per eseguire sessioni DI PRP, sia per trattare la perdita di capelli o per eseguire&nbsp; iniezioni facciali o per altre aree che abbiamo menzionato in precedenza.<\/p>\n\n\n\n<p>La Turchia \u00e8 la destinazione di molte persone per motivi specifici, i pi\u00f9 importanti dei quali sono il costo appropriato, la posizione geografica della Turchiae l&#8217;alta e avanzata esperienza nel campo della medicina estetica e di altre procedure cosmetiche. Dove molti possono condurre sessioni di plasma a loro volta a Istanbul.<\/p>\n\n\n\n<h3 class=\"wp-block-heading\">Costo del trattamento PRP in Turchia Istanbul<\/h3>\n\n\n\n<p>Il costodell&#8217;iniezione di plasma in Turchia \u00e8 adatto a molti segmenti della societ\u00e0 rispetto ad altri paesi, dove il costo varia tra 175 euro a sessione. A Turk Aesthetic, ci sforziamo sempre di fornire offerte competitive di alta qualit\u00e0, poich\u00e9 il costo nel nostro centro \u00e8 stimato in 175 euro per sessione.<\/p>\n\n\n\n<h2 class=\"wp-block-heading\">FAQ &#8211; Trattamento PRP in Turchia Istanbul<\/h2>\n\n\n<div id=\"rank-math-faq\" class=\"rank-math-block\">\n<div class=\"rank-math-list \">\n<div id=\"faq-question-1676675225721\" class=\"rank-math-list-item\">\n<h3 class=\"rank-math-question \">Qual \u00e8 l&#8217;et\u00e0 appropriata per un&#8217;iniezione di trattamento PRP in Turchia?<\/h3>\n<div class=\"rank-math-answer \">\n\n<p>18-20 anni \u00e8 il minimo per trattamento PRP in Turchia.<\/p>\n\n<\/div>\n<\/div>\n<div id=\"faq-question-1676675231798\" class=\"rank-math-list-item\">\n<h3 class=\"rank-math-question \">Le iniezioni di plasma causano dolore?<\/h3>\n<div class=\"rank-math-answer \">\n\n<p>L&#8217;iniezione di plasma provoca un leggero dolore che scompare alla fine della sessione.<\/p>\n\n<\/div>\n<\/div>\n<div id=\"faq-question-1676675241842\" class=\"rank-math-list-item\">\n<h3 class=\"rank-math-question \">Il sanguinamento pu\u00f2 verificarsi dopo l&#8217;iniezione di trattamento PRP in Turchia?<\/h3>\n<div class=\"rank-math-answer \">\n\n<p>L&#8217;iniezione di plasma lascia piccole gocce di sangue nel sito di iniezione, che passano quasi inadatte, e scompaiono rapidamente nei primi minuti dopo l&#8217;iniezione.<\/p>\n\n<\/div>\n<\/div>\n<div id=\"faq-question-1676675253268\" class=\"rank-math-list-item\">\n<h3 class=\"rank-math-question \">Quali sono i vantaggi dell&#8217;iniezione di plasma?<\/h3>\n<div class=\"rank-math-answer \">\n\n<p>L&#8217;uso pi\u00f9 importante del plasma \u00e8 quello di attivare il sangue quando iniettato nella pelle per dargli un colore sano. L&#8217;iniezione di plasma aiuta anche a rafforzare i follicoli piliferi e rinnovare le cellule nel luogo in cui \u00e8 stata effettuata l&#8217;iniezione. Recentemente, il plasma ha dimostrato il suo ruolo efficace nel trattamento della disfunzione erettile del pene.<\/p>\n\n<\/div>\n<\/div>\n<div id=\"faq-question-1676675266310\" class=\"rank-math-list-item\">\n<h3 class=\"rank-math-question \">Qual \u00e8 il costo di una sessione al trattamento PRP in Turchia?<\/h3>\n<div class=\"rank-math-answer \">\n\n<p>Con Turk Aesthetic, il costo di una sessione al plasma \u00e8 di 175 euro.<\/p>\n\n<\/div>\n<\/div>\n<div id=\"faq-question-1676675281685\" class=\"rank-math-list-item\">\n<h3 class=\"rank-math-question \">Quante iniezioni di plasma possono essere iniettate in una singola sessione?<\/h3>\n<div class=\"rank-math-answer \">\n\n<p>La sessione plasmatica non dipende dal numero di iniezioni, ma dall&#8217;estrazione di una quantit\u00e0 di sangue dalla persona, dalla separazione dei globuli rossi e bianchi e dall&#8217;uso dell&#8217;estratto utile a trattare i problemi.<\/p>\n\n<\/div>\n<\/div>\n<\/div>\n<\/div>\n\n\n<p><strong><strong>Infine, puoi <a href=\"http:\/\/turkaesthetic.com\/it\/contact-us\/\" data-type=\"page\" data-id=\"21028\" target=\"_blank\" rel=\"noreferrer noopener\">contattarci<\/a> direttamente tramite un link perulteriori informazioni sul <a href=\"https:\/\/www.youtube.com\/channel\/UC0zggzdm5CFwpRMmn_CPpFQ\" data-type=\"URL\" data-id=\"https:\/\/www.youtube.com\/channel\/UC0zggzdm5CFwpRMmn_CPpFQ\" target=\"_blank\" rel=\"noreferrer noopener\">Turk Aesthetic<\/a> T\u00fcrkiye &#8211; Istanbul.<\/strong><\/strong><\/p>\n","protected":false},"excerpt":{"rendered":"<p>Trattamento PRP in Turchia Istanbul \u00e8 una tecnica utilizzata per trattare diversi problemi di salute come la perdita di capelli, il trattamento di problemi della pelle, lesioni articolari, tendiniti e altre cose che menzioneremo in questoarticolo. Il Trattamento PRP viene estratto dal sangue e reiniettato nell&#8217;area da trattare. La seduta PRP (Plated Rich Plasma) \u00e8 [&hellip;]<\/p>\n","protected":false},"author":1,"featured_media":21186,"parent":0,"menu_order":0,"comment_status":"closed","ping_status":"closed","template":"","meta":{"footnotes":""},"dep":[1357],"class_list":["post-21759","page","type-page","status-publish","has-post-thumbnail","hentry","dep-treatment"],"_links":{"self":[{"href":"https:\/\/www.turkaesthetic.com\/it\/wp-json\/wp\/v2\/pages\/21759","targetHints":{"allow":["GET"]}}],"collection":[{"href":"https:\/\/www.turkaesthetic.com\/it\/wp-json\/wp\/v2\/pages"}],"about":[{"href":"https:\/\/www.turkaesthetic.com\/it\/wp-json\/wp\/v2\/types\/page"}],"author":[{"embeddable":true,"href":"https:\/\/www.turkaesthetic.com\/it\/wp-json\/wp\/v2\/users\/1"}],"replies":[{"embeddable":true,"href":"https:\/\/www.turkaesthetic.com\/it\/wp-json\/wp\/v2\/comments?post=21759"}],"version-history":[{"count":0,"href":"https:\/\/www.turkaesthetic.com\/it\/wp-json\/wp\/v2\/pages\/21759\/revisions"}],"wp:featuredmedia":[{"embeddable":true,"href":"https:\/\/www.turkaesthetic.com\/it\/wp-json\/wp\/v2\/media\/21186"}],"wp:attachment":[{"href":"https:\/\/www.turkaesthetic.com\/it\/wp-json\/wp\/v2\/media?parent=21759"}],"wp:term":[{"taxonomy":"dep","embeddable":true,"href":"https:\/\/www.turkaesthetic.com\/it\/wp-json\/wp\/v2\/dep?post=21759"}],"curies":[{"name":"wp","href":"https:\/\/api.w.org\/{rel}","templated":true}]}}