{"id":21404,"date":"2021-12-16T10:07:33","date_gmt":"2021-12-16T07:07:33","guid":{"rendered":"http:\/\/turkaesthetic.com\/estetica-del-seno\/"},"modified":"2025-04-07T17:30:26","modified_gmt":"2025-04-07T14:30:26","slug":"breast","status":"publish","type":"page","link":"https:\/\/www.turkaesthetic.com\/it\/breast\/","title":{"rendered":"Estetica del seno"},"content":{"rendered":"\n<figure class=\"wp-block-gallery has-nested-images columns-4 is-cropped wp-block-gallery-1 is-layout-flex wp-block-gallery-is-layout-flex\">\n<figure class=\"wp-block-image size-large\"><img loading=\"lazy\" decoding=\"async\" width=\"1200\" height=\"628\" data-id=\"11978\" src=\"https:\/\/www.turkaesthetic.com\/wp-content\/uploads\/2021\/12\/Breast-Augmentation.webp\" alt=\"Meme B\u00fcy\u00fctme\" class=\"wp-image-11978\" srcset=\"https:\/\/www.turkaesthetic.com\/wp-content\/uploads\/2021\/12\/Breast-Augmentation.webp 1200w, https:\/\/www.turkaesthetic.com\/wp-content\/uploads\/2021\/12\/Breast-Augmentation-768x402.webp 768w\" sizes=\"auto, (max-width: 1200px) 100vw, 1200px\" \/><figcaption class=\"wp-element-caption\"><a href=\"https:\/\/www.turkaesthetic.com\/it\/breast-enlargement\/\" data-type=\"page\" data-id=\"22065\" target=\"_blank\" rel=\"noreferrer noopener\">Aumento del Seno<\/a><\/figcaption><\/figure>\n\n\n\n<figure class=\"wp-block-image size-large\"><img loading=\"lazy\" decoding=\"async\" width=\"1200\" height=\"628\" data-id=\"11979\" src=\"https:\/\/www.turkaesthetic.com\/wp-content\/uploads\/2021\/12\/breast-lift.webp\" alt=\"Meme Dikle\u015ftirme\" class=\"wp-image-11979\" srcset=\"https:\/\/www.turkaesthetic.com\/wp-content\/uploads\/2021\/12\/breast-lift.webp 1200w, https:\/\/www.turkaesthetic.com\/wp-content\/uploads\/2021\/12\/breast-lift-768x402.webp 768w\" sizes=\"auto, (max-width: 1200px) 100vw, 1200px\" \/><figcaption class=\"wp-element-caption\"><a href=\"https:\/\/www.turkaesthetic.com\/it\/breast-lift\/\" data-type=\"page\" data-id=\"22043\" target=\"_blank\" rel=\"noreferrer noopener\">Lifting del Seno<\/a><\/figcaption><\/figure>\n\n\n\n<figure class=\"wp-block-image size-large\"><img loading=\"lazy\" decoding=\"async\" width=\"1200\" height=\"628\" data-id=\"13205\" src=\"https:\/\/www.turkaesthetic.com\/wp-content\/uploads\/2022\/03\/breast-Reduction.webp\" alt=\"meme k\u00fc\u00e7\u00fcltme\" class=\"wp-image-13205\" srcset=\"https:\/\/www.turkaesthetic.com\/wp-content\/uploads\/2022\/03\/breast-Reduction.webp 1200w, https:\/\/www.turkaesthetic.com\/wp-content\/uploads\/2022\/03\/breast-Reduction-768x402.webp 768w\" sizes=\"auto, (max-width: 1200px) 100vw, 1200px\" \/><figcaption class=\"wp-element-caption\"><a href=\"https:\/\/www.turkaesthetic.com\/it\/breast-reduction\/\" data-type=\"page\" data-id=\"22063\" target=\"_blank\" rel=\"noreferrer noopener\">Riduzione del Seno<\/a><\/figcaption><\/figure>\n\n\n\n<figure class=\"wp-block-image size-large is-style-default\"><img loading=\"lazy\" decoding=\"async\" width=\"1200\" height=\"628\" data-id=\"11977\" src=\"https:\/\/www.turkaesthetic.com\/wp-content\/uploads\/2021\/12\/Gynecomastia.webp\" alt=\"Jinekomasti\" class=\"wp-image-11977\" srcset=\"https:\/\/www.turkaesthetic.com\/wp-content\/uploads\/2021\/12\/Gynecomastia.webp 1200w, https:\/\/www.turkaesthetic.com\/wp-content\/uploads\/2021\/12\/Gynecomastia-768x402.webp 768w\" sizes=\"auto, (max-width: 1200px) 100vw, 1200px\" \/><figcaption class=\"wp-element-caption\"><a href=\"https:\/\/www.turkaesthetic.com\/it\/gynecomastia\/\" data-type=\"page\" data-id=\"21947\" target=\"_blank\" rel=\"noreferrer noopener\">Ginecomastia<\/a><\/figcaption><\/figure>\n<\/figure>\n\n\n\n<p><strong>Estetica del seno: soluzioni complete per donne e uomini<\/strong><\/p>\n\n\n\n<p>L&#8217;estetica del seno \u00e8 un campo della chirurgia estetica che include procedure chirurgiche eseguite per migliorare la forma, le dimensioni e la simmetria del seno. Mentre interventi come l&#8217;aumento, la riduzione e il sollevamento del seno sono popolari per le donne, il trattamento della ginecomastia o la chirurgia di riduzione del seno sono spesso preferiti dagli uomini. Tali interventi estetici non solo migliorano l&#8217;aspetto, ma aumentano anche il comfort fisico e l&#8217;autostima della persona.<\/p>\n\n\n\n<p>L&#8217;estetica del seno viene applicata per bilanciare le linee del corpo e dare una forma speciale alla persona. Mentre i seni grandi possono causare dolore alla schiena e alle spalle, i seni piccoli o cadenti possono far sentire una persona esteticamente inadeguata. Negli uomini, avere seni prominenti pu\u00f2 influire negativamente sulla vita sociale. Per questo motivo, l&#8217;estetica del seno \u00e8 pianificata specificamente in base alle esigenze personali e garantisce che vengano ottenuti i risultati pi\u00f9 naturali ed estetici.<\/p>\n\n\n\n<h2 class=\"wp-block-heading\">1- Estetica del seno per le donne<\/h2>\n\n\n\n<h3 class=\"wp-block-heading\">Aumento del seno: seni pi\u00f9 pieni e ben torniti<\/h3>\n\n\n\n<p>L&#8217;intervento di aumento del seno \u00e8 una delle operazioni estetiche preferite dalle donne che desiderano aumentare il volume del seno e ottenere un aspetto pi\u00f9 pieno. In questa procedura vengono utilizzati due metodi di base: protesi in silicone e iniezione di grasso.<\/p>\n\n\n\n<p>Le protesi in silicone sono il metodo di <a href=\"https:\/\/www.turkaesthetic.com\/it\/breast-enlargement\/\" target=\"_blank\" data-type=\"page\" data-id=\"22065\" rel=\"noreferrer noopener\">aumento del seno<\/a> pi\u00f9 comune che offre risultati naturali e duraturi. Vengono posizionate attraverso piccole incisioni praticate sotto il seno, attorno al capezzolo o sotto l&#8217;ascella. Esistono opzioni di protesi in diverse dimensioni e forme che si adattano alla struttura corporea della paziente.<\/p>\n\n\n\n<p>L&#8217;iniezione di grasso \u00e8 anche un&#8217;alternativa per coloro che desiderano un aumento pi\u00f9 naturale. In questa procedura, le cellule adipose prelevate da diverse parti del corpo vengono purificate e iniettate nell&#8217;area del torace. Sebbene l&#8217;iniezione di grasso fornisca un aumento di volume inferiore rispetto alle protesi in silicone, \u00e8 un metodo compatibile con il tessuto naturale.<\/p>\n\n\n\n<h3 class=\"wp-block-heading\">Riduzione del seno: seni pi\u00f9 leggeri e proporzionati<\/h3>\n\n\n\n<p>Estetica del seno: Un seno grande pu\u00f2 causare dolore alla schiena, alle spalle e al collo, disturbi della postura e irritazioni cutanee in molte donne. L&#8217;intervento di riduzione del seno viene eseguito per rimuovere tessuto e grasso in eccesso, rendendo il seno pi\u00f9 leggero e pi\u00f9 proporzionato al corpo. Grazie a questo intervento, le pazienti possono vivere una vita pi\u00f9 comoda e sentirsi libere nelle loro scelte di abbigliamento.<\/p>\n\n\n\n<p>L&#8217;intervento di <a href=\"https:\/\/www.turkaesthetic.com\/it\/breast-reduction\/\" target=\"_blank\" data-type=\"page\" data-id=\"22063\" rel=\"noreferrer noopener\">riduzione del seno<\/a> \u00e8 preferito anche per questioni estetiche. Avere un seno grande pu\u00f2 sembrare incompatibile con le linee del corpo della persona. Questa situazione pu\u00f2 far sentire le donne a disagio nella loro vita sociale e nelle attivit\u00e0 quotidiane. Dopo la riduzione del seno, le pazienti ottengono un aspetto pi\u00f9 equilibrato ed estetico.<\/p>\n\n\n\n<h3 class=\"wp-block-heading\">Lifting del seno: un aspetto giovane e sodo<\/h3>\n\n\n\n<p>Nel tempo, il cedimento del seno pu\u00f2 verificarsi a causa dell&#8217;invecchiamento, della gravidanza, dell&#8217;allattamento o di rapidi cambiamenti di peso. L&#8217;intervento di<a href=\"https:\/\/www.turkaesthetic.com\/it\/breast-lift\/\" target=\"_blank\" data-type=\"page\" data-id=\"22043\" rel=\"noreferrer noopener\"> lifting del seno<\/a> mira a rassodare il seno e a conferire loro un aspetto pi\u00f9 giovane e sodo.<\/p>\n\n\n\n<p>Durante questa procedura, viene rimossa la pelle in eccesso, il tessuto mammario viene rimodellato e il capezzolo viene portato nella posizione ideale. Se c&#8217;\u00e8 anche una perdita di volume nei seni, la chirurgia di lifting del seno pu\u00f2 essere combinata con protesi in silicone per ottenere un aspetto pi\u00f9 pieno.<\/p>\n\n\n\n<h3 class=\"wp-block-heading\">Correzione dell&#8217;asimmetria del seno: seni simmetrici ed equilibrati<\/h3>\n\n\n\n<p>I seni di molte donne non sono naturalmente simmetrici. Tuttavia, in alcuni casi, un seno pu\u00f2 essere pi\u00f9 grande, pi\u00f9 cadente o avere una forma diversa dall&#8217;altro. Tali asimmetrie possono essere congenite o possono verificarsi dopo l&#8217;allattamento, cambiamenti di peso o interventi chirurgici.<\/p>\n\n\n\n<p>Diversi metodi chirurgici possono essere applicati per correggere l&#8217;asimmetria del seno. I seni piccoli possono essere ingranditi, i seni grandi possono essere ridotti o, se c&#8217;\u00e8 cedimento, \u00e8 possibile ottenere la forma ideale con un lifting del seno. Il metodo da applicare \u00e8 determinato in base alla struttura corporea e ai desideri della paziente.<\/p>\n\n\n\n<h2 class=\"wp-block-heading\">2- Riduzione del seno per gli uomini (chirurgia della ginecomastia)<\/h2>\n\n\n\n<p>La <a href=\"https:\/\/www.turkaesthetic.com\/it\/gynecomastia\/\" target=\"_blank\" data-type=\"page\" data-id=\"21947\" rel=\"noreferrer noopener\">ginecomastia<\/a> \u00e8 la crescita eccessiva del tessuto mammario negli uomini. Pu\u00f2 verificarsi a causa di squilibri ormonali, fattori genetici, aumento di peso o effetti collaterali di alcuni farmaci. I seni grandi negli uomini possono causare problemi come difficolt\u00e0 a indossare una maglietta, sentirsi a disagio negli ambienti sociali e movimenti limitati durante l&#8217;attivit\u00e0 sportiva, soprattutto nei mesi estivi.<\/p>\n\n\n\n<p>Il metodo pi\u00f9 efficace per trattare la ginecomastia \u00e8 l&#8217;intervento chirurgico. Questo intervento viene eseguito rimuovendo il tessuto adiposo in eccesso con la liposuzione e, se necessario, rimuovendo il tessuto mammario in eccesso. Dopo l&#8217;operazione, la zona del torace acquisisce un aspetto pi\u00f9 piatto e maschile.<\/p>\n\n\n\n<p>Il processo di recupero dopo l&#8217;intervento \u00e8 piuttosto rapido. Il paziente pu\u00f2 solitamente tornare alle attivit\u00e0 quotidiane entro pochi giorni. Mentre il gonfiore e il dolore lieve diminuiscono entro la prima settimana, i risultati finali sono completamente visibili entro pochi mesi. Gli uomini che si sottopongono a chirurgia della ginecomastia non solo hanno una struttura del torace pi\u00f9 atletica, ma riacquistano anche la loro autostima.<\/p>\n\n\n\n<h3 class=\"wp-block-heading\">Il processo di recupero dopo l&#8217;estetica del seno<\/h3>\n\n\n\n<p>Il processo di recupero dopo l&#8217;intervento di chirurgia estetica del seno varia a seconda della salute generale del paziente e del tipo di procedura eseguita. In genere, nei primi giorni dopo l&#8217;operazione si possono avvertire un leggero dolore, gonfiore e sensibilit\u00e0. Questo processo pu\u00f2 essere reso pi\u00f9 confortevole utilizzando antidolorifici e reggiseni di supporto consigliati dal medico.<\/p>\n\n\n\n<p>Durante la prima settimana, si dovrebbero evitare attivit\u00e0 fisiche pesanti e movimenti che affaticano il corpo. I punti dopo l&#8217;intervento cadono e la maggior parte del gonfiore scompare nel primo mese. I risultati finali sono solitamente completamente visibili entro 3-6 mesi.<\/p>\n\n\n\n<h3 class=\"wp-block-heading\">Risultato: estetica del seno per un aspetto estetico e naturale<\/h3>\n\n\n\n<p>L&#8217;estetica del seno \u00e8 una soluzione che fornisce un aspetto pi\u00f9 equilibrato, naturale ed estetico per donne e uomini. Fornisce seni pi\u00f9 pieni, pi\u00f9 eretti e simmetrici per le donne, mentre offre una struttura del torace pi\u00f9 piatta e pi\u00f9 atletica per gli uomini.<\/p>\n\n\n\n<p>Se vuoi ottenere informazioni dettagliate sull&#8217;estetica del seno e determinare il metodo di trattamento pi\u00f9 adatto a te, puoi consultare un chirurgo plastico specializzato e avere una valutazione personalizzata. Una pianificazione adeguata e un&#8217;operazione eseguita da mani esperte possono aiutarti a ottenere l&#8217;aspetto che desideri.<\/p>\n\n\n\n<p>Infine, puoi contattarci tramite il <a href=\"https:\/\/www.turkaesthetic.com\/it\/contact-us\/\" target=\"_blank\" data-type=\"page\" data-id=\"21028\" rel=\"noreferrer noopener\">link<\/a> per richiedere informazioni e prezzi da <a href=\"https:\/\/www.youtube.com\/@turkaesthetic\" target=\"_blank\" data-type=\"link\" data-id=\"https:\/\/www.youtube.com\/@turkaesthetic\" rel=\"noreferrer noopener\">Turk Aesthetic.<\/a><\/p>\n\n\n\n<p><\/p>\n","protected":false},"excerpt":{"rendered":"<p>Estetica del seno: soluzioni complete per donne e uomini L&#8217;estetica del seno \u00e8 un campo della chirurgia estetica che include procedure chirurgiche eseguite per migliorare la forma, le dimensioni e la simmetria del seno. Mentre interventi come l&#8217;aumento, la riduzione e il sollevamento del seno sono popolari per le donne, il trattamento della ginecomastia o [&hellip;]<\/p>\n","protected":false},"author":1,"featured_media":21370,"parent":0,"menu_order":0,"comment_status":"closed","ping_status":"closed","template":"","meta":{"footnotes":""},"dep":[1354],"class_list":["post-21404","page","type-page","status-publish","has-post-thumbnail","hentry","dep-plastic-surgeries"],"_links":{"self":[{"href":"https:\/\/www.turkaesthetic.com\/it\/wp-json\/wp\/v2\/pages\/21404","targetHints":{"allow":["GET"]}}],"collection":[{"href":"https:\/\/www.turkaesthetic.com\/it\/wp-json\/wp\/v2\/pages"}],"about":[{"href":"https:\/\/www.turkaesthetic.com\/it\/wp-json\/wp\/v2\/types\/page"}],"author":[{"embeddable":true,"href":"https:\/\/www.turkaesthetic.com\/it\/wp-json\/wp\/v2\/users\/1"}],"replies":[{"embeddable":true,"href":"https:\/\/www.turkaesthetic.com\/it\/wp-json\/wp\/v2\/comments?post=21404"}],"version-history":[{"count":0,"href":"https:\/\/www.turkaesthetic.com\/it\/wp-json\/wp\/v2\/pages\/21404\/revisions"}],"wp:featuredmedia":[{"embeddable":true,"href":"https:\/\/www.turkaesthetic.com\/it\/wp-json\/wp\/v2\/media\/21370"}],"wp:attachment":[{"href":"https:\/\/www.turkaesthetic.com\/it\/wp-json\/wp\/v2\/media?parent=21404"}],"wp:term":[{"taxonomy":"dep","embeddable":true,"href":"https:\/\/www.turkaesthetic.com\/it\/wp-json\/wp\/v2\/dep?post=21404"}],"curies":[{"name":"wp","href":"https:\/\/api.w.org\/{rel}","templated":true}]}}