{"id":74251,"date":"2022-02-05T19:17:55","date_gmt":"2022-02-05T16:17:55","guid":{"rendered":"https:\/\/www.turkaesthetic.com\/obesity-treatment\/"},"modified":"2026-04-22T12:32:33","modified_gmt":"2026-04-22T09:32:33","slug":"weight-loss-procedures","status":"publish","type":"page","link":"https:\/\/www.turkaesthetic.com\/fr\/weight-loss-procedures\/","title":{"rendered":"Proc\u00e9dures de perte de poids"},"content":{"rendered":"\t\t<div data-elementor-type=\"wp-page\" data-elementor-id=\"74251\" class=\"elementor elementor-74251 elementor-12532\" data-elementor-post-type=\"page\">\n\t\t\t\t<div class=\"elementor-element elementor-element-acc486d e-flex e-con-boxed e-con e-parent\" data-id=\"acc486d\" data-element_type=\"container\" data-e-type=\"container\" data-settings=\"{&quot;jet_parallax_layout_list&quot;:[]}\">\n\t\t\t\t\t<div class=\"e-con-inner\">\n\t\t\t\t<div class=\"elementor-element elementor-element-0442150 elementor-widget elementor-widget-text-editor\" data-id=\"0442150\" data-element_type=\"widget\" data-e-type=\"widget\" data-widget_type=\"text-editor.default\">\n\t\t\t\t\t\t\t\t\t<p data-start=\"253\" data-end=\"432\">Les proc\u00e9dures de perte de poids comprennent des solutions m\u00e9dicales modernes visant \u00e0 r\u00e9duire l\u2019exc\u00e8s de poids et \u00e0 am\u00e9liorer la sant\u00e9 g\u00e9n\u00e9rale, avec des traitements adapt\u00e9s \u00e0 chaque patient.<\/p>\t\t\t\t\t\t\t\t<\/div>\n\t\t\t\t<div class=\"elementor-element elementor-element-5246f66 elementor-widget elementor-widget-heading\" data-id=\"5246f66\" data-element_type=\"widget\" data-e-type=\"widget\" data-widget_type=\"heading.default\">\n\t\t\t\t\t<h2 class=\"elementor-heading-title elementor-size-default\">Types de proc\u00e9dures de perte de poids<\/h2>\t\t\t\t<\/div>\n\t\t\t\t<div class=\"elementor-element elementor-element-a12a09d elementor-grid-3 elementor-grid-tablet-2 elementor-grid-mobile-1 elementor-widget elementor-widget-loop-grid\" data-id=\"a12a09d\" data-element_type=\"widget\" data-e-type=\"widget\" data-settings=\"{&quot;template_id&quot;:42592,&quot;_skin&quot;:&quot;post&quot;,&quot;columns&quot;:&quot;3&quot;,&quot;columns_tablet&quot;:&quot;2&quot;,&quot;columns_mobile&quot;:&quot;1&quot;,&quot;edit_handle_selector&quot;:&quot;[data-elementor-type=\\&quot;loop-item\\&quot;]&quot;,&quot;row_gap&quot;:{&quot;unit&quot;:&quot;px&quot;,&quot;size&quot;:&quot;&quot;,&quot;sizes&quot;:[]},&quot;row_gap_tablet&quot;:{&quot;unit&quot;:&quot;px&quot;,&quot;size&quot;:&quot;&quot;,&quot;sizes&quot;:[]},&quot;row_gap_mobile&quot;:{&quot;unit&quot;:&quot;px&quot;,&quot;size&quot;:&quot;&quot;,&quot;sizes&quot;:[]}}\" data-widget_type=\"loop-grid.post\">\n\t\t\t\t<div class=\"elementor-widget-container\">\n\t\t\t\t\t\t\t<div class=\"elementor-loop-container elementor-grid\" role=\"list\">\n\t\t<style id=\"loop-42592\">.elementor-42592 .elementor-element.elementor-element-bf732c9:not(.elementor-motion-effects-element-type-background), .elementor-42592 .elementor-element.elementor-element-bf732c9 > .elementor-motion-effects-container > .elementor-motion-effects-layer{background-color:var( --e-global-color-e1468c1 );}.elementor-42592 .elementor-element.elementor-element-bf732c9{transition:background 0.3s, border 0.3s, border-radius 0.3s, box-shadow 0.3s;}.elementor-42592 .elementor-element.elementor-element-bf732c9 > .elementor-background-overlay{transition:background 0.3s, border-radius 0.3s, opacity 0.3s;}.elementor-42592 .elementor-element.elementor-element-e498a3e > .elementor-element-populated{transition:background 0.3s, border 0.3s, border-radius 0.3s, box-shadow 0.3s;}.elementor-42592 .elementor-element.elementor-element-e498a3e > .elementor-element-populated > .elementor-background-overlay{transition:background 0.3s, border-radius 0.3s, opacity 0.3s;}.elementor-widget-theme-post-featured-image .widget-image-caption{color:var( --e-global-color-text );font-family:var( --e-global-typography-text-font-family );font-size:var( --e-global-typography-text-font-size );}.elementor-42592 .elementor-element.elementor-element-5df8c95 img{border-style:solid;border-width:1px 1px 1px 1px;border-color:var( --e-global-color-primary );box-shadow:0px 0px 10px 0px rgba(0,0,0,0.5);}.elementor-widget-theme-post-title .elementor-heading-title{font-family:var( --e-global-typography-primary-font-family );font-size:var( --e-global-typography-primary-font-size );color:var( --e-global-color-primary );}.elementor-42592 .elementor-element.elementor-element-021ba80{text-align:center;padding:10px 0px 0px 0px;}.elementor-42592 .elementor-element.elementor-element-021ba80 .elementor-heading-title{font-size:18px;color:var( --e-global-color-c299597 );}.elementor-42592 .elementor-element.elementor-element-021ba80 .elementor-heading-title a:hover, .elementor-42592 .elementor-element.elementor-element-021ba80 .elementor-heading-title a:focus{color:var( --e-global-color-1603d91 );}.elementor-42592 .elementor-element.elementor-element-021ba80.elementor-element{--order:99999 \/* order end hack *\/;}@media(max-width:1024px){.elementor-widget-theme-post-featured-image .widget-image-caption{font-size:var( --e-global-typography-text-font-size );}.elementor-widget-theme-post-title .elementor-heading-title{font-size:var( --e-global-typography-primary-font-size );}.elementor-42592 .elementor-element.elementor-element-021ba80 .elementor-heading-title{font-size:16px;}}@media(max-width:767px){.elementor-widget-theme-post-featured-image .widget-image-caption{font-size:var( --e-global-typography-text-font-size );}.elementor-widget-theme-post-title .elementor-heading-title{font-size:var( --e-global-typography-primary-font-size );}.elementor-42592 .elementor-element.elementor-element-021ba80 .elementor-heading-title{font-size:14px;}}<\/style>\t\t<div data-elementor-type=\"loop-item\" data-elementor-id=\"42592\" class=\"elementor elementor-42592 e-loop-item e-loop-item-15007 post-15007 page type-page status-publish has-post-thumbnail hentry dep-weight-loss\" data-elementor-post-type=\"elementor_library\" data-custom-edit-handle=\"1\">\n\t\t\t\t\t<section class=\"elementor-section elementor-top-section elementor-element elementor-element-bf732c9 elementor-section-boxed elementor-section-height-default elementor-section-height-default\" data-id=\"bf732c9\" data-element_type=\"section\" data-e-type=\"section\" data-settings=\"{&quot;jet_parallax_layout_list&quot;:[],&quot;background_background&quot;:&quot;classic&quot;}\">\n\t\t\t\t\t\t<div class=\"elementor-container elementor-column-gap-default\">\n\t\t\t\t\t<div class=\"elementor-column elementor-col-100 elementor-top-column elementor-element elementor-element-e498a3e\" data-id=\"e498a3e\" data-element_type=\"column\" data-e-type=\"column\" data-settings=\"{&quot;background_background&quot;:&quot;classic&quot;}\">\n\t\t\t<div class=\"elementor-widget-wrap elementor-element-populated\">\n\t\t\t\t\t\t<div class=\"elementor-element elementor-element-5df8c95 elementor-widget elementor-widget-theme-post-featured-image elementor-widget-image\" data-id=\"5df8c95\" data-element_type=\"widget\" data-e-type=\"widget\" data-widget_type=\"theme-post-featured-image.default\">\n\t\t\t\t\t\t\t\t\t\t\t\t\t\t\t\t<a href=\"https:\/\/www.turkaesthetic.com\/fr\/gastric-botox\/\">\n\t\t\t\t\t\t\t<img loading=\"lazy\" decoding=\"async\" width=\"800\" height=\"450\" src=\"https:\/\/www.turkaesthetic.com\/wp-content\/uploads\/2026\/03\/gastric-botox-800x450.webp\" class=\"elementor-animation-grow attachment-large size-large wp-image-72196\" alt=\"Traitement de botox gastrique non chirurgical pour le contr\u00f4le de l\u2019app\u00e9tit et la gestion du poids\" srcset=\"https:\/\/www.turkaesthetic.com\/wp-content\/uploads\/2026\/03\/gastric-botox-800x450.webp 800w, https:\/\/www.turkaesthetic.com\/wp-content\/uploads\/2026\/03\/gastric-botox-400x225.webp 400w, https:\/\/www.turkaesthetic.com\/wp-content\/uploads\/2026\/03\/gastric-botox-150x84.webp 150w, https:\/\/www.turkaesthetic.com\/wp-content\/uploads\/2026\/03\/gastric-botox-768x432.webp 768w, https:\/\/www.turkaesthetic.com\/wp-content\/uploads\/2026\/03\/gastric-botox-1536x864.webp 1536w, https:\/\/www.turkaesthetic.com\/wp-content\/uploads\/2026\/03\/gastric-botox.webp 1920w\" sizes=\"auto, (max-width: 800px) 100vw, 800px\" \/>\t\t\t\t\t\t\t\t<\/a>\n\t\t\t\t\t\t\t\t\t\t\t\t\t\t\t<\/div>\n\t\t\t\t<div class=\"elementor-element elementor-element-021ba80 elementor-widget elementor-widget-theme-post-title elementor-page-title elementor-widget-heading\" data-id=\"021ba80\" data-element_type=\"widget\" data-e-type=\"widget\" data-widget_type=\"theme-post-title.default\">\n\t\t\t\t\t<h3 class=\"elementor-heading-title elementor-size-default\"><a href=\"https:\/\/www.turkaesthetic.com\/fr\/gastric-botox\/\">Botox Gastrique<\/a><\/h3>\t\t\t\t<\/div>\n\t\t\t\t\t<\/div>\n\t\t<\/div>\n\t\t\t\t\t<\/div>\n\t\t<\/section>\n\t\t\t\t<\/div>\n\t\t\t\t<div data-elementor-type=\"loop-item\" data-elementor-id=\"42592\" class=\"elementor elementor-42592 e-loop-item e-loop-item-14804 post-14804 page type-page status-publish has-post-thumbnail hentry dep-weight-loss\" data-elementor-post-type=\"elementor_library\" data-custom-edit-handle=\"1\">\n\t\t\t\t\t<section class=\"elementor-section elementor-top-section elementor-element elementor-element-bf732c9 elementor-section-boxed elementor-section-height-default elementor-section-height-default\" data-id=\"bf732c9\" data-element_type=\"section\" data-e-type=\"section\" data-settings=\"{&quot;jet_parallax_layout_list&quot;:[],&quot;background_background&quot;:&quot;classic&quot;}\">\n\t\t\t\t\t\t<div class=\"elementor-container elementor-column-gap-default\">\n\t\t\t\t\t<div class=\"elementor-column elementor-col-100 elementor-top-column elementor-element elementor-element-e498a3e\" data-id=\"e498a3e\" data-element_type=\"column\" data-e-type=\"column\" data-settings=\"{&quot;background_background&quot;:&quot;classic&quot;}\">\n\t\t\t<div class=\"elementor-widget-wrap elementor-element-populated\">\n\t\t\t\t\t\t<div class=\"elementor-element elementor-element-5df8c95 elementor-widget elementor-widget-theme-post-featured-image elementor-widget-image\" data-id=\"5df8c95\" data-element_type=\"widget\" data-e-type=\"widget\" data-widget_type=\"theme-post-featured-image.default\">\n\t\t\t\t\t\t\t\t\t\t\t\t\t\t\t\t<a href=\"https:\/\/www.turkaesthetic.com\/fr\/gastric-balloon\/\">\n\t\t\t\t\t\t\t<img loading=\"lazy\" decoding=\"async\" width=\"800\" height=\"450\" src=\"https:\/\/www.turkaesthetic.com\/wp-content\/uploads\/2022\/02\/Gastric-Balloon.webp\" class=\"elementor-animation-grow attachment-large size-large wp-image-15283\" alt=\"Ballon gastrique en Turquie\" srcset=\"https:\/\/www.turkaesthetic.com\/wp-content\/uploads\/2022\/02\/Gastric-Balloon.webp 1024w, https:\/\/www.turkaesthetic.com\/wp-content\/uploads\/2022\/02\/Gastric-Balloon-300x169.webp 300w, https:\/\/www.turkaesthetic.com\/wp-content\/uploads\/2022\/02\/Gastric-Balloon-768x432.webp 768w\" sizes=\"auto, (max-width: 800px) 100vw, 800px\" \/>\t\t\t\t\t\t\t\t<\/a>\n\t\t\t\t\t\t\t\t\t\t\t\t\t\t\t<\/div>\n\t\t\t\t<div class=\"elementor-element elementor-element-021ba80 elementor-widget elementor-widget-theme-post-title elementor-page-title elementor-widget-heading\" data-id=\"021ba80\" data-element_type=\"widget\" data-e-type=\"widget\" data-widget_type=\"theme-post-title.default\">\n\t\t\t\t\t<h3 class=\"elementor-heading-title elementor-size-default\"><a href=\"https:\/\/www.turkaesthetic.com\/fr\/gastric-balloon\/\">Ballon Gastrique<\/a><\/h3>\t\t\t\t<\/div>\n\t\t\t\t\t<\/div>\n\t\t<\/div>\n\t\t\t\t\t<\/div>\n\t\t<\/section>\n\t\t\t\t<\/div>\n\t\t\t\t<div data-elementor-type=\"loop-item\" data-elementor-id=\"42592\" class=\"elementor elementor-42592 e-loop-item e-loop-item-14612 post-14612 page type-page status-publish has-post-thumbnail hentry dep-weight-loss\" data-elementor-post-type=\"elementor_library\" data-custom-edit-handle=\"1\">\n\t\t\t\t\t<section class=\"elementor-section elementor-top-section elementor-element elementor-element-bf732c9 elementor-section-boxed elementor-section-height-default elementor-section-height-default\" data-id=\"bf732c9\" data-element_type=\"section\" data-e-type=\"section\" data-settings=\"{&quot;jet_parallax_layout_list&quot;:[],&quot;background_background&quot;:&quot;classic&quot;}\">\n\t\t\t\t\t\t<div class=\"elementor-container elementor-column-gap-default\">\n\t\t\t\t\t<div class=\"elementor-column elementor-col-100 elementor-top-column elementor-element elementor-element-e498a3e\" data-id=\"e498a3e\" data-element_type=\"column\" data-e-type=\"column\" data-settings=\"{&quot;background_background&quot;:&quot;classic&quot;}\">\n\t\t\t<div class=\"elementor-widget-wrap elementor-element-populated\">\n\t\t\t\t\t\t<div class=\"elementor-element elementor-element-5df8c95 elementor-widget elementor-widget-theme-post-featured-image elementor-widget-image\" data-id=\"5df8c95\" data-element_type=\"widget\" data-e-type=\"widget\" data-widget_type=\"theme-post-featured-image.default\">\n\t\t\t\t\t\t\t\t\t\t\t\t\t\t\t\t<a href=\"https:\/\/www.turkaesthetic.com\/fr\/gastric-sleeve\/\">\n\t\t\t\t\t\t\t<img loading=\"lazy\" decoding=\"async\" width=\"800\" height=\"450\" src=\"https:\/\/www.turkaesthetic.com\/wp-content\/uploads\/2022\/02\/Gastric-Sleeve.webp\" class=\"elementor-animation-grow attachment-large size-large wp-image-15288\" alt=\"La sleeve gastrectomie en Turquie Istanbul\" srcset=\"https:\/\/www.turkaesthetic.com\/wp-content\/uploads\/2022\/02\/Gastric-Sleeve.webp 1024w, https:\/\/www.turkaesthetic.com\/wp-content\/uploads\/2022\/02\/Gastric-Sleeve-300x169.webp 300w, https:\/\/www.turkaesthetic.com\/wp-content\/uploads\/2022\/02\/Gastric-Sleeve-768x432.webp 768w\" sizes=\"auto, (max-width: 800px) 100vw, 800px\" \/>\t\t\t\t\t\t\t\t<\/a>\n\t\t\t\t\t\t\t\t\t\t\t\t\t\t\t<\/div>\n\t\t\t\t<div class=\"elementor-element elementor-element-021ba80 elementor-widget elementor-widget-theme-post-title elementor-page-title elementor-widget-heading\" data-id=\"021ba80\" data-element_type=\"widget\" data-e-type=\"widget\" data-widget_type=\"theme-post-title.default\">\n\t\t\t\t\t<h3 class=\"elementor-heading-title elementor-size-default\"><a href=\"https:\/\/www.turkaesthetic.com\/fr\/gastric-sleeve\/\">Sleeve Gastrectomie en Turquie<\/a><\/h3>\t\t\t\t<\/div>\n\t\t\t\t\t<\/div>\n\t\t<\/div>\n\t\t\t\t\t<\/div>\n\t\t<\/section>\n\t\t\t\t<\/div>\n\t\t\t\t<\/div>\n\t\t\n\t\t\t\t\t\t<\/div>\n\t\t\t\t<\/div>\n\t\t\t\t<div class=\"elementor-element elementor-element-25ea0ae elementor-widget elementor-widget-heading\" data-id=\"25ea0ae\" data-element_type=\"widget\" data-e-type=\"widget\" data-widget_type=\"heading.default\">\n\t\t\t\t\t<h2 class=\"elementor-heading-title elementor-size-default\">Informations suppl\u00e9mentaires<\/h2>\t\t\t\t<\/div>\n\t\t\t\t<div class=\"elementor-element elementor-element-8866c3c elementor-widget elementor-widget-text-editor\" data-id=\"8866c3c\" data-element_type=\"widget\" data-e-type=\"widget\" data-widget_type=\"text-editor.default\">\n\t\t\t\t\t\t\t\t\t<p data-start=\"698\" data-end=\"828\">Pour en savoir plus sur les proc\u00e9dures de perte de poids et d\u00e9couvrir tous les d\u00e9tails, vous pouvez consulter les articles li\u00e9s \u00e0 chaque traitement.<\/p>\t\t\t\t\t\t\t\t<\/div>\n\t\t\t\t<div class=\"elementor-element elementor-element-c90b911 elementor-widget elementor-widget-button\" data-id=\"c90b911\" data-element_type=\"widget\" data-e-type=\"widget\" data-widget_type=\"button.default\">\n\t\t\t\t\t\t\t\t\t\t<a class=\"elementor-button elementor-button-link elementor-size-sm\" href=\"https:\/\/www.turkaesthetic.com\/fr\/category\/weight-loss\/\">\n\t\t\t\t\t\t<span class=\"elementor-button-content-wrapper\">\n\t\t\t\t\t\t\t\t\t<span class=\"elementor-button-text\">Voir tous les articles sur la perte de poids<\/span>\n\t\t\t\t\t<\/span>\n\t\t\t\t\t<\/a>\n\t\t\t\t\t\t\t\t<\/div>\n\t\t\t\t\t<\/div>\n\t\t\t\t<\/div>\n\t\t\t\t<\/div>\n\t\t","protected":false},"excerpt":{"rendered":"<p>Les proc\u00e9dures de perte de poids comprennent des solutions m\u00e9dicales modernes visant \u00e0 r\u00e9duire l\u2019exc\u00e8s de poids et \u00e0 am\u00e9liorer la sant\u00e9 g\u00e9n\u00e9rale, avec des traitements adapt\u00e9s \u00e0 chaque patient. Types de proc\u00e9dures de perte de poids Informations suppl\u00e9mentaires Pour en savoir plus sur les proc\u00e9dures de perte de poids et d\u00e9couvrir tous les d\u00e9tails, [&hellip;]<\/p>\n","protected":false},"author":1,"featured_media":74227,"parent":0,"menu_order":0,"comment_status":"closed","ping_status":"closed","template":"","meta":{"footnotes":""},"dep":[],"class_list":["post-74251","page","type-page","status-publish","has-post-thumbnail","hentry"],"_links":{"self":[{"href":"https:\/\/www.turkaesthetic.com\/fr\/wp-json\/wp\/v2\/pages\/74251","targetHints":{"allow":["GET"]}}],"collection":[{"href":"https:\/\/www.turkaesthetic.com\/fr\/wp-json\/wp\/v2\/pages"}],"about":[{"href":"https:\/\/www.turkaesthetic.com\/fr\/wp-json\/wp\/v2\/types\/page"}],"author":[{"embeddable":true,"href":"https:\/\/www.turkaesthetic.com\/fr\/wp-json\/wp\/v2\/users\/1"}],"replies":[{"embeddable":true,"href":"https:\/\/www.turkaesthetic.com\/fr\/wp-json\/wp\/v2\/comments?post=74251"}],"version-history":[{"count":4,"href":"https:\/\/www.turkaesthetic.com\/fr\/wp-json\/wp\/v2\/pages\/74251\/revisions"}],"predecessor-version":[{"id":74255,"href":"https:\/\/www.turkaesthetic.com\/fr\/wp-json\/wp\/v2\/pages\/74251\/revisions\/74255"}],"wp:featuredmedia":[{"embeddable":true,"href":"https:\/\/www.turkaesthetic.com\/fr\/wp-json\/wp\/v2\/media\/74227"}],"wp:attachment":[{"href":"https:\/\/www.turkaesthetic.com\/fr\/wp-json\/wp\/v2\/media?parent=74251"}],"wp:term":[{"taxonomy":"dep","embeddable":true,"href":"https:\/\/www.turkaesthetic.com\/fr\/wp-json\/wp\/v2\/dep?post=74251"}],"curies":[{"name":"wp","href":"https:\/\/api.w.org\/{rel}","templated":true}]}}