{"id":74036,"date":"2022-10-10T00:26:07","date_gmt":"2022-10-09T21:26:07","guid":{"rendered":"https:\/\/www.turkaesthetic.com\/medical-aesthetics\/"},"modified":"2026-04-19T23:15:56","modified_gmt":"2026-04-19T20:15:56","slug":"non-surgical-aesthetic-procedures","status":"publish","type":"page","link":"https:\/\/www.turkaesthetic.com\/fr\/non-surgical-aesthetic-procedures\/","title":{"rendered":"Traitements esth\u00e9tiques non chirurgicaux"},"content":{"rendered":"\t\t<div data-elementor-type=\"wp-page\" data-elementor-id=\"74036\" class=\"elementor elementor-74036 elementor-27929\" data-elementor-post-type=\"page\">\n\t\t\t\t<div class=\"elementor-element elementor-element-f465b73 e-flex e-con-boxed e-con e-parent\" data-id=\"f465b73\" data-element_type=\"container\" data-e-type=\"container\" data-settings=\"{&quot;jet_parallax_layout_list&quot;:[]}\">\n\t\t\t\t\t<div class=\"e-con-inner\">\n\t\t\t\t<div class=\"elementor-element elementor-element-2d1f993 elementor-widget elementor-widget-text-editor\" data-id=\"2d1f993\" data-element_type=\"widget\" data-e-type=\"widget\" data-widget_type=\"text-editor.default\">\n\t\t\t\t\t\t\t\t\t<p data-start=\"284\" data-end=\"494\">Les traitements esth\u00e9tiques non chirurgicaux comprennent des solutions modernes visant \u00e0 am\u00e9liorer l\u2019apparence de la peau et du visage sans intervention chirurgicale, avec des r\u00e9sultats rapides et naturels.<\/p>\t\t\t\t\t\t\t\t<\/div>\n\t\t\t\t<div class=\"elementor-element elementor-element-2db7ff7 elementor-widget elementor-widget-heading\" data-id=\"2db7ff7\" data-element_type=\"widget\" data-e-type=\"widget\" data-widget_type=\"heading.default\">\n\t\t\t\t\t<h2 class=\"elementor-heading-title elementor-size-default\">Types de traitements esth\u00e9tiques non chirurgicaux<\/h2>\t\t\t\t<\/div>\n\t\t\t\t<div class=\"elementor-element elementor-element-5a25c5b elementor-grid-3 elementor-grid-tablet-2 elementor-grid-mobile-1 elementor-widget elementor-widget-loop-grid\" data-id=\"5a25c5b\" data-element_type=\"widget\" data-e-type=\"widget\" data-settings=\"{&quot;template_id&quot;:42592,&quot;_skin&quot;:&quot;post&quot;,&quot;columns&quot;:&quot;3&quot;,&quot;columns_tablet&quot;:&quot;2&quot;,&quot;columns_mobile&quot;:&quot;1&quot;,&quot;edit_handle_selector&quot;:&quot;[data-elementor-type=\\&quot;loop-item\\&quot;]&quot;,&quot;row_gap&quot;:{&quot;unit&quot;:&quot;px&quot;,&quot;size&quot;:&quot;&quot;,&quot;sizes&quot;:[]},&quot;row_gap_tablet&quot;:{&quot;unit&quot;:&quot;px&quot;,&quot;size&quot;:&quot;&quot;,&quot;sizes&quot;:[]},&quot;row_gap_mobile&quot;:{&quot;unit&quot;:&quot;px&quot;,&quot;size&quot;:&quot;&quot;,&quot;sizes&quot;:[]}}\" data-widget_type=\"loop-grid.post\">\n\t\t\t\t<div class=\"elementor-widget-container\">\n\t\t\t\t\t\t\t<div class=\"elementor-loop-container elementor-grid\" role=\"list\">\n\t\t<style id=\"loop-42592\">.elementor-42592 .elementor-element.elementor-element-bf732c9:not(.elementor-motion-effects-element-type-background), .elementor-42592 .elementor-element.elementor-element-bf732c9 > .elementor-motion-effects-container > .elementor-motion-effects-layer{background-color:var( --e-global-color-e1468c1 );}.elementor-42592 .elementor-element.elementor-element-bf732c9{transition:background 0.3s, border 0.3s, border-radius 0.3s, box-shadow 0.3s;}.elementor-42592 .elementor-element.elementor-element-bf732c9 > .elementor-background-overlay{transition:background 0.3s, border-radius 0.3s, opacity 0.3s;}.elementor-42592 .elementor-element.elementor-element-e498a3e > .elementor-element-populated{transition:background 0.3s, border 0.3s, border-radius 0.3s, box-shadow 0.3s;}.elementor-42592 .elementor-element.elementor-element-e498a3e > .elementor-element-populated > .elementor-background-overlay{transition:background 0.3s, border-radius 0.3s, opacity 0.3s;}.elementor-widget-theme-post-featured-image .widget-image-caption{color:var( --e-global-color-text );font-family:var( --e-global-typography-text-font-family );font-size:var( --e-global-typography-text-font-size );}.elementor-42592 .elementor-element.elementor-element-5df8c95 img{border-style:solid;border-width:1px 1px 1px 1px;border-color:var( --e-global-color-primary );box-shadow:0px 0px 10px 0px rgba(0,0,0,0.5);}.elementor-widget-theme-post-title .elementor-heading-title{font-family:var( --e-global-typography-primary-font-family );font-size:var( --e-global-typography-primary-font-size );color:var( --e-global-color-primary );}.elementor-42592 .elementor-element.elementor-element-021ba80{text-align:center;padding:10px 0px 0px 0px;}.elementor-42592 .elementor-element.elementor-element-021ba80 .elementor-heading-title{font-size:18px;color:var( --e-global-color-c299597 );}.elementor-42592 .elementor-element.elementor-element-021ba80 .elementor-heading-title a:hover, .elementor-42592 .elementor-element.elementor-element-021ba80 .elementor-heading-title a:focus{color:var( --e-global-color-1603d91 );}.elementor-42592 .elementor-element.elementor-element-021ba80.elementor-element{--order:99999 \/* order end hack *\/;}@media(max-width:1024px){.elementor-widget-theme-post-featured-image .widget-image-caption{font-size:var( --e-global-typography-text-font-size );}.elementor-widget-theme-post-title .elementor-heading-title{font-size:var( --e-global-typography-primary-font-size );}.elementor-42592 .elementor-element.elementor-element-021ba80 .elementor-heading-title{font-size:16px;}}@media(max-width:767px){.elementor-widget-theme-post-featured-image .widget-image-caption{font-size:var( --e-global-typography-text-font-size );}.elementor-widget-theme-post-title .elementor-heading-title{font-size:var( --e-global-typography-primary-font-size );}.elementor-42592 .elementor-element.elementor-element-021ba80 .elementor-heading-title{font-size:14px;}}<\/style>\t\t<div data-elementor-type=\"loop-item\" data-elementor-id=\"42592\" class=\"elementor elementor-42592 e-loop-item e-loop-item-15935 post-15935 page type-page status-publish has-post-thumbnail hentry dep-medical-aesthetic\" data-elementor-post-type=\"elementor_library\" data-custom-edit-handle=\"1\">\n\t\t\t\t\t<section class=\"elementor-section elementor-top-section elementor-element elementor-element-bf732c9 elementor-section-boxed elementor-section-height-default elementor-section-height-default\" data-id=\"bf732c9\" data-element_type=\"section\" data-e-type=\"section\" data-settings=\"{&quot;jet_parallax_layout_list&quot;:[],&quot;background_background&quot;:&quot;classic&quot;}\">\n\t\t\t\t\t\t<div class=\"elementor-container elementor-column-gap-default\">\n\t\t\t\t\t<div class=\"elementor-column elementor-col-100 elementor-top-column elementor-element elementor-element-e498a3e\" data-id=\"e498a3e\" data-element_type=\"column\" data-e-type=\"column\" data-settings=\"{&quot;background_background&quot;:&quot;classic&quot;}\">\n\t\t\t<div class=\"elementor-widget-wrap elementor-element-populated\">\n\t\t\t\t\t\t<div class=\"elementor-element elementor-element-5df8c95 elementor-widget elementor-widget-theme-post-featured-image elementor-widget-image\" data-id=\"5df8c95\" data-element_type=\"widget\" data-e-type=\"widget\" data-widget_type=\"theme-post-featured-image.default\">\n\t\t\t\t\t\t\t\t\t\t\t\t\t\t\t\t<a href=\"https:\/\/www.turkaesthetic.com\/fr\/fractional-laser\/\">\n\t\t\t\t\t\t\t<img loading=\"lazy\" decoding=\"async\" width=\"800\" height=\"419\" src=\"https:\/\/www.turkaesthetic.com\/wp-content\/uploads\/2021\/11\/fractional-laser-in-turkey.webp\" class=\"elementor-animation-grow attachment-large size-large wp-image-13460\" alt=\"Laser Fractionn\u00e9 CO2\" \/>\t\t\t\t\t\t\t\t<\/a>\n\t\t\t\t\t\t\t\t\t\t\t\t\t\t\t<\/div>\n\t\t\t\t<div class=\"elementor-element elementor-element-021ba80 elementor-widget elementor-widget-theme-post-title elementor-page-title elementor-widget-heading\" data-id=\"021ba80\" data-element_type=\"widget\" data-e-type=\"widget\" data-widget_type=\"theme-post-title.default\">\n\t\t\t\t\t<h3 class=\"elementor-heading-title elementor-size-default\"><a href=\"https:\/\/www.turkaesthetic.com\/fr\/fractional-laser\/\">Laser Fractionn\u00e9 CO2<\/a><\/h3>\t\t\t\t<\/div>\n\t\t\t\t\t<\/div>\n\t\t<\/div>\n\t\t\t\t\t<\/div>\n\t\t<\/section>\n\t\t\t\t<\/div>\n\t\t\t\t<div data-elementor-type=\"loop-item\" data-elementor-id=\"42592\" class=\"elementor elementor-42592 e-loop-item e-loop-item-15910 post-15910 page type-page status-publish has-post-thumbnail hentry dep-medical-aesthetic\" data-elementor-post-type=\"elementor_library\" data-custom-edit-handle=\"1\">\n\t\t\t\t\t<section class=\"elementor-section elementor-top-section elementor-element elementor-element-bf732c9 elementor-section-boxed elementor-section-height-default elementor-section-height-default\" data-id=\"bf732c9\" data-element_type=\"section\" data-e-type=\"section\" data-settings=\"{&quot;jet_parallax_layout_list&quot;:[],&quot;background_background&quot;:&quot;classic&quot;}\">\n\t\t\t\t\t\t<div class=\"elementor-container elementor-column-gap-default\">\n\t\t\t\t\t<div class=\"elementor-column elementor-col-100 elementor-top-column elementor-element elementor-element-e498a3e\" data-id=\"e498a3e\" data-element_type=\"column\" data-e-type=\"column\" data-settings=\"{&quot;background_background&quot;:&quot;classic&quot;}\">\n\t\t\t<div class=\"elementor-widget-wrap elementor-element-populated\">\n\t\t\t\t\t\t<div class=\"elementor-element elementor-element-5df8c95 elementor-widget elementor-widget-theme-post-featured-image elementor-widget-image\" data-id=\"5df8c95\" data-element_type=\"widget\" data-e-type=\"widget\" data-widget_type=\"theme-post-featured-image.default\">\n\t\t\t\t\t\t\t\t\t\t\t\t\t\t\t\t<a href=\"https:\/\/www.turkaesthetic.com\/fr\/botox\/\">\n\t\t\t\t\t\t\t<img loading=\"lazy\" decoding=\"async\" width=\"800\" height=\"450\" src=\"https:\/\/www.turkaesthetic.com\/wp-content\/uploads\/2026\/03\/botox-treatment-800x450.webp\" class=\"elementor-animation-grow attachment-large size-large wp-image-71533\" alt=\"traitement botox injection\" srcset=\"https:\/\/www.turkaesthetic.com\/wp-content\/uploads\/2026\/03\/botox-treatment-800x450.webp 800w, https:\/\/www.turkaesthetic.com\/wp-content\/uploads\/2026\/03\/botox-treatment-400x225.webp 400w, https:\/\/www.turkaesthetic.com\/wp-content\/uploads\/2026\/03\/botox-treatment-150x84.webp 150w, https:\/\/www.turkaesthetic.com\/wp-content\/uploads\/2026\/03\/botox-treatment-768x432.webp 768w, https:\/\/www.turkaesthetic.com\/wp-content\/uploads\/2026\/03\/botox-treatment-1536x864.webp 1536w, https:\/\/www.turkaesthetic.com\/wp-content\/uploads\/2026\/03\/botox-treatment.webp 1920w\" sizes=\"auto, (max-width: 800px) 100vw, 800px\" \/>\t\t\t\t\t\t\t\t<\/a>\n\t\t\t\t\t\t\t\t\t\t\t\t\t\t\t<\/div>\n\t\t\t\t<div class=\"elementor-element elementor-element-021ba80 elementor-widget elementor-widget-theme-post-title elementor-page-title elementor-widget-heading\" data-id=\"021ba80\" data-element_type=\"widget\" data-e-type=\"widget\" data-widget_type=\"theme-post-title.default\">\n\t\t\t\t\t<h3 class=\"elementor-heading-title elementor-size-default\"><a href=\"https:\/\/www.turkaesthetic.com\/fr\/botox\/\">Botox<\/a><\/h3>\t\t\t\t<\/div>\n\t\t\t\t\t<\/div>\n\t\t<\/div>\n\t\t\t\t\t<\/div>\n\t\t<\/section>\n\t\t\t\t<\/div>\n\t\t\t\t<div data-elementor-type=\"loop-item\" data-elementor-id=\"42592\" class=\"elementor elementor-42592 e-loop-item e-loop-item-15905 post-15905 page type-page status-publish has-post-thumbnail hentry dep-medical-aesthetic\" data-elementor-post-type=\"elementor_library\" data-custom-edit-handle=\"1\">\n\t\t\t\t\t<section class=\"elementor-section elementor-top-section elementor-element elementor-element-bf732c9 elementor-section-boxed elementor-section-height-default elementor-section-height-default\" data-id=\"bf732c9\" data-element_type=\"section\" data-e-type=\"section\" data-settings=\"{&quot;jet_parallax_layout_list&quot;:[],&quot;background_background&quot;:&quot;classic&quot;}\">\n\t\t\t\t\t\t<div class=\"elementor-container elementor-column-gap-default\">\n\t\t\t\t\t<div class=\"elementor-column elementor-col-100 elementor-top-column elementor-element elementor-element-e498a3e\" data-id=\"e498a3e\" data-element_type=\"column\" data-e-type=\"column\" data-settings=\"{&quot;background_background&quot;:&quot;classic&quot;}\">\n\t\t\t<div class=\"elementor-widget-wrap elementor-element-populated\">\n\t\t\t\t\t\t<div class=\"elementor-element elementor-element-5df8c95 elementor-widget elementor-widget-theme-post-featured-image elementor-widget-image\" data-id=\"5df8c95\" data-element_type=\"widget\" data-e-type=\"widget\" data-widget_type=\"theme-post-featured-image.default\">\n\t\t\t\t\t\t\t\t\t\t\t\t\t\t\t\t<a href=\"https:\/\/www.turkaesthetic.com\/fr\/laser-hair-removal\/\">\n\t\t\t\t\t\t\t<img loading=\"lazy\" decoding=\"async\" width=\"800\" height=\"510\" src=\"https:\/\/www.turkaesthetic.com\/wp-content\/uploads\/2021\/11\/epilation-in-Turkey-1-e1637829991952.webp\" class=\"elementor-animation-grow attachment-large size-large wp-image-14120\" alt=\"\u00c9pilation au Laser en Turquie\" srcset=\"https:\/\/www.turkaesthetic.com\/wp-content\/uploads\/2021\/11\/epilation-in-Turkey-1-e1637829991952.webp 942w, https:\/\/www.turkaesthetic.com\/wp-content\/uploads\/2021\/11\/epilation-in-Turkey-1-e1637829991952-300x191.webp 300w, https:\/\/www.turkaesthetic.com\/wp-content\/uploads\/2021\/11\/epilation-in-Turkey-1-e1637829991952-768x490.webp 768w\" sizes=\"auto, (max-width: 800px) 100vw, 800px\" \/>\t\t\t\t\t\t\t\t<\/a>\n\t\t\t\t\t\t\t\t\t\t\t\t\t\t\t<\/div>\n\t\t\t\t<div class=\"elementor-element elementor-element-021ba80 elementor-widget elementor-widget-theme-post-title elementor-page-title elementor-widget-heading\" data-id=\"021ba80\" data-element_type=\"widget\" data-e-type=\"widget\" data-widget_type=\"theme-post-title.default\">\n\t\t\t\t\t<h3 class=\"elementor-heading-title elementor-size-default\"><a href=\"https:\/\/www.turkaesthetic.com\/fr\/laser-hair-removal\/\">\u00c9pilation au Laser<\/a><\/h3>\t\t\t\t<\/div>\n\t\t\t\t\t<\/div>\n\t\t<\/div>\n\t\t\t\t\t<\/div>\n\t\t<\/section>\n\t\t\t\t<\/div>\n\t\t\t\t<div data-elementor-type=\"loop-item\" data-elementor-id=\"42592\" class=\"elementor elementor-42592 e-loop-item e-loop-item-15053 post-15053 page type-page status-publish has-post-thumbnail hentry dep-medical-aesthetic\" data-elementor-post-type=\"elementor_library\" data-custom-edit-handle=\"1\">\n\t\t\t\t\t<section class=\"elementor-section elementor-top-section elementor-element elementor-element-bf732c9 elementor-section-boxed elementor-section-height-default elementor-section-height-default\" data-id=\"bf732c9\" data-element_type=\"section\" data-e-type=\"section\" data-settings=\"{&quot;jet_parallax_layout_list&quot;:[],&quot;background_background&quot;:&quot;classic&quot;}\">\n\t\t\t\t\t\t<div class=\"elementor-container elementor-column-gap-default\">\n\t\t\t\t\t<div class=\"elementor-column elementor-col-100 elementor-top-column elementor-element elementor-element-e498a3e\" data-id=\"e498a3e\" data-element_type=\"column\" data-e-type=\"column\" data-settings=\"{&quot;background_background&quot;:&quot;classic&quot;}\">\n\t\t\t<div class=\"elementor-widget-wrap elementor-element-populated\">\n\t\t\t\t\t\t<div class=\"elementor-element elementor-element-5df8c95 elementor-widget elementor-widget-theme-post-featured-image elementor-widget-image\" data-id=\"5df8c95\" data-element_type=\"widget\" data-e-type=\"widget\" data-widget_type=\"theme-post-featured-image.default\">\n\t\t\t\t\t\t\t\t\t\t\t\t\t\t\t\t<a href=\"https:\/\/www.turkaesthetic.com\/fr\/laser-tattoo-removal\/\">\n\t\t\t\t\t\t\t<img loading=\"lazy\" decoding=\"async\" width=\"800\" height=\"450\" src=\"https:\/\/www.turkaesthetic.com\/wp-content\/uploads\/2026\/04\/laser-tattoo-removal-before-after-800x450.webp\" class=\"elementor-animation-grow attachment-large size-large wp-image-72982\" alt=\"avant et apr\u00e8s \u00e9limination du tatouage au laser montrant une att\u00e9nuation visible\" srcset=\"https:\/\/www.turkaesthetic.com\/wp-content\/uploads\/2026\/04\/laser-tattoo-removal-before-after-800x450.webp 800w, https:\/\/www.turkaesthetic.com\/wp-content\/uploads\/2026\/04\/laser-tattoo-removal-before-after-400x225.webp 400w, https:\/\/www.turkaesthetic.com\/wp-content\/uploads\/2026\/04\/laser-tattoo-removal-before-after-150x84.webp 150w, https:\/\/www.turkaesthetic.com\/wp-content\/uploads\/2026\/04\/laser-tattoo-removal-before-after-768x432.webp 768w, https:\/\/www.turkaesthetic.com\/wp-content\/uploads\/2026\/04\/laser-tattoo-removal-before-after-1536x864.webp 1536w, https:\/\/www.turkaesthetic.com\/wp-content\/uploads\/2026\/04\/laser-tattoo-removal-before-after.webp 1920w\" sizes=\"auto, (max-width: 800px) 100vw, 800px\" \/>\t\t\t\t\t\t\t\t<\/a>\n\t\t\t\t\t\t\t\t\t\t\t\t\t\t\t<\/div>\n\t\t\t\t<div class=\"elementor-element elementor-element-021ba80 elementor-widget elementor-widget-theme-post-title elementor-page-title elementor-widget-heading\" data-id=\"021ba80\" data-element_type=\"widget\" data-e-type=\"widget\" data-widget_type=\"theme-post-title.default\">\n\t\t\t\t\t<h3 class=\"elementor-heading-title elementor-size-default\"><a href=\"https:\/\/www.turkaesthetic.com\/fr\/laser-tattoo-removal\/\">D\u00e9tatouage Laser<\/a><\/h3>\t\t\t\t<\/div>\n\t\t\t\t\t<\/div>\n\t\t<\/div>\n\t\t\t\t\t<\/div>\n\t\t<\/section>\n\t\t\t\t<\/div>\n\t\t\t\t<div data-elementor-type=\"loop-item\" data-elementor-id=\"42592\" class=\"elementor elementor-42592 e-loop-item e-loop-item-14964 post-14964 page type-page status-publish has-post-thumbnail hentry dep-medical-aesthetic\" data-elementor-post-type=\"elementor_library\" data-custom-edit-handle=\"1\">\n\t\t\t\t\t<section class=\"elementor-section elementor-top-section elementor-element elementor-element-bf732c9 elementor-section-boxed elementor-section-height-default elementor-section-height-default\" data-id=\"bf732c9\" data-element_type=\"section\" data-e-type=\"section\" data-settings=\"{&quot;jet_parallax_layout_list&quot;:[],&quot;background_background&quot;:&quot;classic&quot;}\">\n\t\t\t\t\t\t<div class=\"elementor-container elementor-column-gap-default\">\n\t\t\t\t\t<div class=\"elementor-column elementor-col-100 elementor-top-column elementor-element elementor-element-e498a3e\" data-id=\"e498a3e\" data-element_type=\"column\" data-e-type=\"column\" data-settings=\"{&quot;background_background&quot;:&quot;classic&quot;}\">\n\t\t\t<div class=\"elementor-widget-wrap elementor-element-populated\">\n\t\t\t\t\t\t<div class=\"elementor-element elementor-element-5df8c95 elementor-widget elementor-widget-theme-post-featured-image elementor-widget-image\" data-id=\"5df8c95\" data-element_type=\"widget\" data-e-type=\"widget\" data-widget_type=\"theme-post-featured-image.default\">\n\t\t\t\t\t\t\t\t\t\t\t\t\t\t\t\t<a href=\"https:\/\/www.turkaesthetic.com\/fr\/skincare\/\">\n\t\t\t\t\t\t\t<img loading=\"lazy\" decoding=\"async\" width=\"800\" height=\"533\" src=\"https:\/\/www.turkaesthetic.com\/wp-content\/uploads\/2022\/01\/skincare-in-Turkey.webp\" class=\"elementor-animation-grow attachment-large size-large wp-image-14966\" alt=\"Soins de Visage en Turquie\" srcset=\"https:\/\/www.turkaesthetic.com\/wp-content\/uploads\/2022\/01\/skincare-in-Turkey.webp 1024w, https:\/\/www.turkaesthetic.com\/wp-content\/uploads\/2022\/01\/skincare-in-Turkey-300x200.webp 300w, https:\/\/www.turkaesthetic.com\/wp-content\/uploads\/2022\/01\/skincare-in-Turkey-768x512.webp 768w\" sizes=\"auto, (max-width: 800px) 100vw, 800px\" \/>\t\t\t\t\t\t\t\t<\/a>\n\t\t\t\t\t\t\t\t\t\t\t\t\t\t\t<\/div>\n\t\t\t\t<div class=\"elementor-element elementor-element-021ba80 elementor-widget elementor-widget-theme-post-title elementor-page-title elementor-widget-heading\" data-id=\"021ba80\" data-element_type=\"widget\" data-e-type=\"widget\" data-widget_type=\"theme-post-title.default\">\n\t\t\t\t\t<h3 class=\"elementor-heading-title elementor-size-default\"><a href=\"https:\/\/www.turkaesthetic.com\/fr\/skincare\/\">Soins de Visage<\/a><\/h3>\t\t\t\t<\/div>\n\t\t\t\t\t<\/div>\n\t\t<\/div>\n\t\t\t\t\t<\/div>\n\t\t<\/section>\n\t\t\t\t<\/div>\n\t\t\t\t<div data-elementor-type=\"loop-item\" data-elementor-id=\"42592\" class=\"elementor elementor-42592 e-loop-item e-loop-item-14909 post-14909 page type-page status-publish has-post-thumbnail hentry dep-medical-aesthetic\" data-elementor-post-type=\"elementor_library\" data-custom-edit-handle=\"1\">\n\t\t\t\t\t<section class=\"elementor-section elementor-top-section elementor-element elementor-element-bf732c9 elementor-section-boxed elementor-section-height-default elementor-section-height-default\" data-id=\"bf732c9\" data-element_type=\"section\" data-e-type=\"section\" data-settings=\"{&quot;jet_parallax_layout_list&quot;:[],&quot;background_background&quot;:&quot;classic&quot;}\">\n\t\t\t\t\t\t<div class=\"elementor-container elementor-column-gap-default\">\n\t\t\t\t\t<div class=\"elementor-column elementor-col-100 elementor-top-column elementor-element elementor-element-e498a3e\" data-id=\"e498a3e\" data-element_type=\"column\" data-e-type=\"column\" data-settings=\"{&quot;background_background&quot;:&quot;classic&quot;}\">\n\t\t\t<div class=\"elementor-widget-wrap elementor-element-populated\">\n\t\t\t\t\t\t<div class=\"elementor-element elementor-element-5df8c95 elementor-widget elementor-widget-theme-post-featured-image elementor-widget-image\" data-id=\"5df8c95\" data-element_type=\"widget\" data-e-type=\"widget\" data-widget_type=\"theme-post-featured-image.default\">\n\t\t\t\t\t\t\t\t\t\t\t\t\t\t\t\t<a href=\"https:\/\/www.turkaesthetic.com\/fr\/filler\/\">\n\t\t\t\t\t\t\t<img loading=\"lazy\" decoding=\"async\" width=\"800\" height=\"450\" src=\"https:\/\/www.turkaesthetic.com\/wp-content\/uploads\/2022\/01\/Lip-filler.webp\" class=\"elementor-animation-grow attachment-large size-large wp-image-14911\" alt=\"L&#039;acide hyaluronique en Turquie\" srcset=\"https:\/\/www.turkaesthetic.com\/wp-content\/uploads\/2022\/01\/Lip-filler.webp 1024w, https:\/\/www.turkaesthetic.com\/wp-content\/uploads\/2022\/01\/Lip-filler-300x169.webp 300w, https:\/\/www.turkaesthetic.com\/wp-content\/uploads\/2022\/01\/Lip-filler-768x432.webp 768w\" sizes=\"auto, (max-width: 800px) 100vw, 800px\" \/>\t\t\t\t\t\t\t\t<\/a>\n\t\t\t\t\t\t\t\t\t\t\t\t\t\t\t<\/div>\n\t\t\t\t<div class=\"elementor-element elementor-element-021ba80 elementor-widget elementor-widget-theme-post-title elementor-page-title elementor-widget-heading\" data-id=\"021ba80\" data-element_type=\"widget\" data-e-type=\"widget\" data-widget_type=\"theme-post-title.default\">\n\t\t\t\t\t<h3 class=\"elementor-heading-title elementor-size-default\"><a href=\"https:\/\/www.turkaesthetic.com\/fr\/filler\/\">L&rsquo;acide Hyaluronique<\/a><\/h3>\t\t\t\t<\/div>\n\t\t\t\t\t<\/div>\n\t\t<\/div>\n\t\t\t\t\t<\/div>\n\t\t<\/section>\n\t\t\t\t<\/div>\n\t\t\t\t<\/div>\n\t\t\n\t\t\t\t\t\t<\/div>\n\t\t\t\t<\/div>\n\t\t\t\t<div class=\"elementor-element elementor-element-2ae09b5 elementor-widget elementor-widget-heading\" data-id=\"2ae09b5\" data-element_type=\"widget\" data-e-type=\"widget\" data-widget_type=\"heading.default\">\n\t\t\t\t\t<h2 class=\"elementor-heading-title elementor-size-default\">Informations suppl\u00e9mentaires<\/h2>\t\t\t\t<\/div>\n\t\t\t\t<div class=\"elementor-element elementor-element-c42b085 elementor-widget elementor-widget-text-editor\" data-id=\"c42b085\" data-element_type=\"widget\" data-e-type=\"widget\" data-widget_type=\"text-editor.default\">\n\t\t\t\t\t\t\t\t\t<p data-start=\"811\" data-end=\"959\">Pour en savoir plus sur les traitements esth\u00e9tiques non chirurgicaux et d\u00e9couvrir tous les d\u00e9tails, vous pouvez consulter les articles associ\u00e9s.<\/p>\t\t\t\t\t\t\t\t<\/div>\n\t\t\t\t<div class=\"elementor-element elementor-element-f4d6201 elementor-widget elementor-widget-button\" data-id=\"f4d6201\" data-element_type=\"widget\" data-e-type=\"widget\" data-widget_type=\"button.default\">\n\t\t\t\t\t\t\t\t\t\t<a class=\"elementor-button elementor-button-link elementor-size-sm\" href=\"https:\/\/www.turkaesthetic.com\/fr\/category\/aesthetic\/\">\n\t\t\t\t\t\t<span class=\"elementor-button-content-wrapper\">\n\t\t\t\t\t\t\t\t\t<span class=\"elementor-button-text\">Voir tous les articles sur les traitements esth\u00e9tiques<\/span>\n\t\t\t\t\t<\/span>\n\t\t\t\t\t<\/a>\n\t\t\t\t\t\t\t\t<\/div>\n\t\t\t\t\t<\/div>\n\t\t\t\t<\/div>\n\t\t<div class=\"elementor-element elementor-element-8953b47 e-flex e-con-boxed e-con e-parent\" data-id=\"8953b47\" data-element_type=\"container\" data-e-type=\"container\" data-settings=\"{&quot;jet_parallax_layout_list&quot;:[]}\">\n\t\t\t\t\t<div class=\"e-con-inner\">\n\t\t\t\t\t<\/div>\n\t\t\t\t<\/div>\n\t\t\t\t<\/div>\n\t\t","protected":false},"excerpt":{"rendered":"<p>Les traitements esth\u00e9tiques non chirurgicaux comprennent des solutions modernes visant \u00e0 am\u00e9liorer l\u2019apparence de la peau et du visage sans intervention chirurgicale, avec des r\u00e9sultats rapides et naturels. Types de traitements esth\u00e9tiques non chirurgicaux Informations suppl\u00e9mentaires Pour en savoir plus sur les traitements esth\u00e9tiques non chirurgicaux et d\u00e9couvrir tous les d\u00e9tails, vous pouvez consulter les [&hellip;]<\/p>\n","protected":false},"author":1,"featured_media":73981,"parent":0,"menu_order":0,"comment_status":"closed","ping_status":"closed","template":"","meta":{"footnotes":""},"dep":[],"class_list":["post-74036","page","type-page","status-publish","has-post-thumbnail","hentry"],"_links":{"self":[{"href":"https:\/\/www.turkaesthetic.com\/fr\/wp-json\/wp\/v2\/pages\/74036","targetHints":{"allow":["GET"]}}],"collection":[{"href":"https:\/\/www.turkaesthetic.com\/fr\/wp-json\/wp\/v2\/pages"}],"about":[{"href":"https:\/\/www.turkaesthetic.com\/fr\/wp-json\/wp\/v2\/types\/page"}],"author":[{"embeddable":true,"href":"https:\/\/www.turkaesthetic.com\/fr\/wp-json\/wp\/v2\/users\/1"}],"replies":[{"embeddable":true,"href":"https:\/\/www.turkaesthetic.com\/fr\/wp-json\/wp\/v2\/comments?post=74036"}],"version-history":[{"count":4,"href":"https:\/\/www.turkaesthetic.com\/fr\/wp-json\/wp\/v2\/pages\/74036\/revisions"}],"predecessor-version":[{"id":74040,"href":"https:\/\/www.turkaesthetic.com\/fr\/wp-json\/wp\/v2\/pages\/74036\/revisions\/74040"}],"wp:featuredmedia":[{"embeddable":true,"href":"https:\/\/www.turkaesthetic.com\/fr\/wp-json\/wp\/v2\/media\/73981"}],"wp:attachment":[{"href":"https:\/\/www.turkaesthetic.com\/fr\/wp-json\/wp\/v2\/media?parent=74036"}],"wp:term":[{"taxonomy":"dep","embeddable":true,"href":"https:\/\/www.turkaesthetic.com\/fr\/wp-json\/wp\/v2\/dep?post=74036"}],"curies":[{"name":"wp","href":"https:\/\/api.w.org\/{rel}","templated":true}]}}