{"id":73572,"date":"2026-04-15T22:54:25","date_gmt":"2026-04-15T19:54:25","guid":{"rendered":"https:\/\/www.turkaesthetic.com\/?page_id=73572"},"modified":"2026-04-16T13:41:31","modified_gmt":"2026-04-16T10:41:31","slug":"eyelid-surgery","status":"publish","type":"page","link":"https:\/\/www.turkaesthetic.com\/fr\/eyelid-surgery\/","title":{"rendered":"Chirurgie des paupi\u00e8res"},"content":{"rendered":"\n<p>La chirurgie des paupi\u00e8res (bl\u00e9pharoplastie) est consid\u00e9r\u00e9e comme l\u2019une des interventions esth\u00e9tiques les plus courantes, car elle influence directement les expressions du visage. Avec le temps, le rel\u00e2chement cutan\u00e9, les poches sous les yeux et l\u2019aspect fatigu\u00e9 peuvent donner \u00e0 la personne une apparence plus \u00e2g\u00e9e qu\u2019elle ne l\u2019est r\u00e9ellement. Dans certains cas, cette situation peut \u00e9galement affecter le champ de vision et provoquer des probl\u00e8mes fonctionnels.<\/p>\n\n\n\n<p>Gr\u00e2ce \u00e0 cette intervention esth\u00e9tique, l\u2019exc\u00e8s de peau et les tissus graisseux sont retir\u00e9s afin d\u2019obtenir une apparence plus dynamique, plus jeune et plus naturelle. Cette intervention est r\u00e9alis\u00e9e par des m\u00e9decins sp\u00e9cialistes exp\u00e9riment\u00e9s, ce qui la distingue par des r\u00e9sultats efficaces et naturels en peu de temps.<\/p>\n\n\n\n<figure class=\"wp-block-image size-large\"><img loading=\"lazy\" decoding=\"async\" width=\"800\" height=\"533\" src=\"https:\/\/www.turkaesthetic.com\/wp-content\/uploads\/2026\/04\/eyelid-surgery-before-after-1-800x533.webp\" alt=\"chirurgie des paupi\u00e8res avant apr\u00e8s r\u00e9sultat naturel\" class=\"wp-image-73464\" srcset=\"https:\/\/www.turkaesthetic.com\/wp-content\/uploads\/2026\/04\/eyelid-surgery-before-after-1-800x533.webp 800w, https:\/\/www.turkaesthetic.com\/wp-content\/uploads\/2026\/04\/eyelid-surgery-before-after-1-400x267.webp 400w, https:\/\/www.turkaesthetic.com\/wp-content\/uploads\/2026\/04\/eyelid-surgery-before-after-1-150x100.webp 150w, https:\/\/www.turkaesthetic.com\/wp-content\/uploads\/2026\/04\/eyelid-surgery-before-after-1-768x512.webp 768w, https:\/\/www.turkaesthetic.com\/wp-content\/uploads\/2026\/04\/eyelid-surgery-before-after-1.webp 1200w\" sizes=\"auto, (max-width: 800px) 100vw, 800px\" \/><figcaption class=\"wp-element-caption\">Une apparence plus jeune et plus dynamique apr\u00e8s la chirurgie des paupi\u00e8res<\/figcaption><\/figure>\n\n\n\n<figure class=\"wp-block-table is-style-stripes\"><table class=\"has-fixed-layout\"><thead><tr><th>Type d\u2019intervention<\/th><th>Chirurgie esth\u00e9tique des paupi\u00e8res<\/th><\/tr><\/thead><tbody><tr><td>Anesth\u00e9sie<\/td><td>Locale ou g\u00e9n\u00e9rale<\/td><\/tr><tr><td>Dur\u00e9e de l\u2019intervention<\/td><td>45 \u00e0 90 minutes<\/td><\/tr><tr><td>Hospitalisation<\/td><td>Non n\u00e9cessaire<\/td><\/tr><tr><td>Temps de r\u00e9cup\u00e9ration<\/td><td>5 \u00e0 7 jours<\/td><\/tr><tr><td>Ecchymoses et gonflement<\/td><td>7 \u00e0 14 jours<\/td><\/tr><tr><td>Apparition des r\u00e9sultats<\/td><td>2 \u00e0 3 semaines<\/td><\/tr><tr><td>Dur\u00e9e des r\u00e9sultats<\/td><td>Longue dur\u00e9e<\/td><\/tr><tr><td>Cicatrices<\/td><td>G\u00e9n\u00e9ralement non visibles<\/td><\/tr><\/tbody><\/table><\/figure>\n\n\n\n<h2 class=\"wp-block-heading\">Avant et apr\u00e8s la chirurgie des paupi\u00e8res<\/h2>\n\n\n\n<p>Les comparaisons avant et apr\u00e8s la chirurgie des paupi\u00e8res montrent clairement le changement visible que cette intervention apporte \u00e0 l\u2019apparence des yeux. Le rel\u00e2chement des paupi\u00e8res est \u00e9limin\u00e9 et les poches sous les yeux sont consid\u00e9rablement r\u00e9duites, donnant au visage une apparence plus jeune et plus dynamique.<\/p>\n\n\n\n<p>L\u2019intervention contribue \u00e9galement \u00e0 mieux d\u00e9finir le contour des yeux et \u00e0 r\u00e9tablir l\u2019\u00e9quilibre de cette zone, tout en pr\u00e9servant un r\u00e9sultat naturel et non exag\u00e9r\u00e9.<\/p>\n\n\n\n<figure class=\"wp-block-image size-large\"><img loading=\"lazy\" decoding=\"async\" width=\"800\" height=\"533\" src=\"https:\/\/www.turkaesthetic.com\/wp-content\/uploads\/2026\/04\/upper-eyelid-surgery-before-after-800x533.webp\" alt=\"chirurgie de la paupi\u00e8re sup\u00e9rieure avant apr\u00e8s correction du rel\u00e2chement\" class=\"wp-image-73473\" srcset=\"https:\/\/www.turkaesthetic.com\/wp-content\/uploads\/2026\/04\/upper-eyelid-surgery-before-after-800x533.webp 800w, https:\/\/www.turkaesthetic.com\/wp-content\/uploads\/2026\/04\/upper-eyelid-surgery-before-after-400x267.webp 400w, https:\/\/www.turkaesthetic.com\/wp-content\/uploads\/2026\/04\/upper-eyelid-surgery-before-after-150x100.webp 150w, https:\/\/www.turkaesthetic.com\/wp-content\/uploads\/2026\/04\/upper-eyelid-surgery-before-after-768x512.webp 768w, https:\/\/www.turkaesthetic.com\/wp-content\/uploads\/2026\/04\/upper-eyelid-surgery-before-after.webp 1200w\" sizes=\"auto, (max-width: 800px) 100vw, 800px\" \/><figcaption class=\"wp-element-caption\">Le rel\u00e2chement de la paupi\u00e8re sup\u00e9rieure est \u00e9limin\u00e9 gr\u00e2ce \u00e0 l\u2019intervention<\/figcaption><\/figure>\n\n\n\n<h2 class=\"wp-block-heading\">Qu\u2019est-ce que la chirurgie des paupi\u00e8res ?<\/h2>\n\n\n\n<p>Cette intervention est une op\u00e9ration chirurgicale visant \u00e0 \u00e9liminer l\u2019exc\u00e8s de peau, les accumulations de graisse et le rel\u00e2chement des paupi\u00e8res sup\u00e9rieures et inf\u00e9rieures. Gr\u00e2ce \u00e0 cette proc\u00e9dure, la zone des yeux retrouve une apparence plus jeune, plus dynamique et plus saine.<\/p>\n\n\n\n<p>Avec le temps, le rel\u00e2chement de la paupi\u00e8re sup\u00e9rieure peut r\u00e9duire le champ de vision, tandis que les poches au niveau de la paupi\u00e8re inf\u00e9rieure donnent un aspect constamment fatigu\u00e9. Cette intervention permet d\u2019\u00e9liminer ces probl\u00e8mes et offre \u00e0 la fois des b\u00e9n\u00e9fices esth\u00e9tiques et fonctionnels.<\/p>\n\n\n\n<figure class=\"wp-block-embed is-type-video is-provider-youtube wp-block-embed-youtube wp-embed-aspect-16-9 wp-has-aspect-ratio\"><div class=\"wp-block-embed__wrapper\">\n<iframe loading=\"lazy\" title=\"Eyelid Surgery (Blepharoplasty) in Istanbul, Turkey \u2013 (Look Younger. Look Rested. Look Refreshed.)\" width=\"800\" height=\"450\" src=\"https:\/\/www.youtube.com\/embed\/5JIFJu4EPQI?feature=oembed\" frameborder=\"0\" allow=\"accelerometer; autoplay; clipboard-write; encrypted-media; gyroscope; picture-in-picture; web-share\" referrerpolicy=\"strict-origin-when-cross-origin\" allowfullscreen><\/iframe>\n<\/div><\/figure>\n\n\n\n<h2 class=\"wp-block-heading\">Pourquoi r\u00e9aliser une chirurgie des paupi\u00e8res ?<\/h2>\n\n\n\n<p>Cette intervention peut \u00eatre choisie pour plusieurs raisons, dont les plus courantes sont :<\/p>\n\n\n\n<ul class=\"wp-block-list\">\n<li>Rel\u00e2chement de la paupi\u00e8re sup\u00e9rieure<\/li>\n\n\n\n<li>Poches et gonflements sous les yeux<\/li>\n\n\n\n<li>Rides autour des yeux<\/li>\n\n\n\n<li>Aspect fatigu\u00e9 et vieillissant<\/li>\n\n\n\n<li>Exc\u00e8s de peau affectant le champ de vision<\/li>\n<\/ul>\n\n\n\n<p>Cette intervention aide \u00e0 rendre les traits du visage plus dynamiques et plus \u00e9nergiques, tout en offrant une apparence plus jeune.<\/p>\n\n\n\n<h2 class=\"wp-block-heading\">Comment se d\u00e9roule la chirurgie des paupi\u00e8res ?<\/h2>\n\n\n<div id=\"rank-math-howto\" class=\"rank-math-block\" >\n<div class=\"rank-math-howto-description\">\n\n<p>L\u2019intervention est planifi\u00e9e selon les besoins du patient et est g\u00e9n\u00e9ralement r\u00e9alis\u00e9e sous anesth\u00e9sie locale. Pendant l\u2019op\u00e9ration, des r\u00e9sultats esth\u00e9tiques et fonctionnels sont vis\u00e9s.<\/p>\n\n<\/div>\n<p class=\"rank-math-howto-duration\"><strong>Temps total\u00a0:<\/strong> <span>45 minutes<\/span><\/p>\n<div class=\"rank-math-steps \">\n<div id=\"howto-step-1776247219318\" class=\"rank-math-step\">\n<h3 class=\"rank-math-step-title \">Examen et planification<\/h3>\n<div class=\"rank-math-step-content \"><img loading=\"lazy\" decoding=\"async\" width=\"800\" height=\"533\" src=\"https:\/\/www.turkaesthetic.com\/wp-content\/uploads\/2026\/04\/eyelid-surgery-consultation-preparation.webp\" class=\"attachment-full size-full\" alt=\"g\u00f6z kapa\u011f\u0131 esteti\u011fi \u00f6ncesi muayene ve haz\u0131rl\u0131k a\u015famas\u0131\" srcset=\"https:\/\/www.turkaesthetic.com\/wp-content\/uploads\/2026\/04\/eyelid-surgery-consultation-preparation.webp 800w, https:\/\/www.turkaesthetic.com\/wp-content\/uploads\/2026\/04\/eyelid-surgery-consultation-preparation-400x267.webp 400w, https:\/\/www.turkaesthetic.com\/wp-content\/uploads\/2026\/04\/eyelid-surgery-consultation-preparation-150x100.webp 150w, https:\/\/www.turkaesthetic.com\/wp-content\/uploads\/2026\/04\/eyelid-surgery-consultation-preparation-768x512.webp 768w\" sizes=\"auto, (max-width: 800px) 100vw, 800px\" \/><p>La structure de l\u2019\u0153il est analys\u00e9e en d\u00e9tail.<\/p>\n<\/div>\n<\/div>\n<div id=\"howto-step-1776247228411\" class=\"rank-math-step\">\n<h3 class=\"rank-math-step-title \">Application de l\u2019anesth\u00e9sie<\/h3>\n<div class=\"rank-math-step-content \"><img loading=\"lazy\" decoding=\"async\" width=\"800\" height=\"533\" src=\"https:\/\/www.turkaesthetic.com\/wp-content\/uploads\/2026\/04\/eyelid-surgery-anesthesia.webp\" class=\"attachment-full size-full\" alt=\"g\u00f6z kapa\u011f\u0131 esteti\u011fi s\u0131ras\u0131nda lokal anestezi uygulamas\u0131\" srcset=\"https:\/\/www.turkaesthetic.com\/wp-content\/uploads\/2026\/04\/eyelid-surgery-anesthesia.webp 800w, https:\/\/www.turkaesthetic.com\/wp-content\/uploads\/2026\/04\/eyelid-surgery-anesthesia-400x267.webp 400w, https:\/\/www.turkaesthetic.com\/wp-content\/uploads\/2026\/04\/eyelid-surgery-anesthesia-150x100.webp 150w, https:\/\/www.turkaesthetic.com\/wp-content\/uploads\/2026\/04\/eyelid-surgery-anesthesia-768x512.webp 768w\" sizes=\"auto, (max-width: 800px) 100vw, 800px\" \/><p>Une anesth\u00e9sie locale est g\u00e9n\u00e9ralement utilis\u00e9e.<\/p>\n<\/div>\n<\/div>\n<div id=\"howto-step-1776247245177\" class=\"rank-math-step\">\n<h3 class=\"rank-math-step-title \">Incision chirurgicale<\/h3>\n<div class=\"rank-math-step-content \"><img loading=\"lazy\" decoding=\"async\" width=\"800\" height=\"533\" src=\"https:\/\/www.turkaesthetic.com\/wp-content\/uploads\/2026\/04\/eyelid-surgery-incision.webp\" class=\"attachment-full size-full\" alt=\"g\u00f6z kapa\u011f\u0131 esteti\u011fi cerrahi kesi a\u015famas\u0131\" srcset=\"https:\/\/www.turkaesthetic.com\/wp-content\/uploads\/2026\/04\/eyelid-surgery-incision.webp 800w, https:\/\/www.turkaesthetic.com\/wp-content\/uploads\/2026\/04\/eyelid-surgery-incision-400x267.webp 400w, https:\/\/www.turkaesthetic.com\/wp-content\/uploads\/2026\/04\/eyelid-surgery-incision-150x100.webp 150w, https:\/\/www.turkaesthetic.com\/wp-content\/uploads\/2026\/04\/eyelid-surgery-incision-768x512.webp 768w\" sizes=\"auto, (max-width: 800px) 100vw, 800px\" \/><p>Elle est r\u00e9alis\u00e9e \u00e0 partir du pli naturel de la paupi\u00e8re sup\u00e9rieure, sous les cils ou \u00e0 l\u2019int\u00e9rieur de la paupi\u00e8re inf\u00e9rieure.<\/p>\n<\/div>\n<\/div>\n<div id=\"howto-step-1776247265061\" class=\"rank-math-step\">\n<h3 class=\"rank-math-step-title \">\u00c9limination de la graisse et de la peau<\/h3>\n<div class=\"rank-math-step-content \"><img loading=\"lazy\" decoding=\"async\" width=\"800\" height=\"533\" src=\"https:\/\/www.turkaesthetic.com\/wp-content\/uploads\/2026\/04\/eyelid-surgery-fat-skin-adjustment.webp\" class=\"attachment-full size-full\" alt=\"g\u00f6z kapa\u011f\u0131 esteti\u011fi ya\u011f ve deri d\u00fczenleme a\u015famas\u0131\" srcset=\"https:\/\/www.turkaesthetic.com\/wp-content\/uploads\/2026\/04\/eyelid-surgery-fat-skin-adjustment.webp 800w, https:\/\/www.turkaesthetic.com\/wp-content\/uploads\/2026\/04\/eyelid-surgery-fat-skin-adjustment-400x267.webp 400w, https:\/\/www.turkaesthetic.com\/wp-content\/uploads\/2026\/04\/eyelid-surgery-fat-skin-adjustment-150x100.webp 150w, https:\/\/www.turkaesthetic.com\/wp-content\/uploads\/2026\/04\/eyelid-surgery-fat-skin-adjustment-768x512.webp 768w\" sizes=\"auto, (max-width: 800px) 100vw, 800px\" \/><p>Les tissus exc\u00e9dentaires sont retir\u00e9s ou remodel\u00e9s.<\/p>\n<\/div>\n<\/div>\n<div id=\"howto-step-1776247285904\" class=\"rank-math-step\">\n<h3 class=\"rank-math-step-title \">Fermeture<\/h3>\n<div class=\"rank-math-step-content \"><img loading=\"lazy\" decoding=\"async\" width=\"800\" height=\"533\" src=\"https:\/\/www.turkaesthetic.com\/wp-content\/uploads\/2026\/04\/eyelid-surgery-closure.webp\" class=\"attachment-full size-full\" alt=\"g\u00f6z kapa\u011f\u0131 esteti\u011fi sonras\u0131 estetik diki\u015f kapatma a\u015famas\u0131\" srcset=\"https:\/\/www.turkaesthetic.com\/wp-content\/uploads\/2026\/04\/eyelid-surgery-closure.webp 800w, https:\/\/www.turkaesthetic.com\/wp-content\/uploads\/2026\/04\/eyelid-surgery-closure-400x267.webp 400w, https:\/\/www.turkaesthetic.com\/wp-content\/uploads\/2026\/04\/eyelid-surgery-closure-150x100.webp 150w, https:\/\/www.turkaesthetic.com\/wp-content\/uploads\/2026\/04\/eyelid-surgery-closure-768x512.webp 768w\" sizes=\"auto, (max-width: 800px) 100vw, 800px\" \/><p>L\u2019intervention est finalis\u00e9e \u00e0 l\u2019aide de sutures esth\u00e9tiques fines.<\/p>\n<\/div>\n<\/div>\n<\/div>\n<\/div>\n<p class=\"rank-math-howto-estimatedCost\"><strong>Co\u00fbt estim\u00e9\u00a0:<\/strong> <span>1450 EUR<\/span><\/p>\n\n\n\n\n\n<p>Gr\u00e2ce \u00e0 cette technique, les cicatrices sont g\u00e9n\u00e9ralement peu visibles et un aspect naturel est obtenu.<\/p>\n\n\n\n<h2 class=\"wp-block-heading\">Combien de temps dure la chirurgie des paupi\u00e8res ?<\/h2>\n\n\n\n<p>La chirurgie des paupi\u00e8res (bl\u00e9pharoplastie) dure g\u00e9n\u00e9ralement entre <strong>45 et 90 minutes<\/strong>.<br>La dur\u00e9e peut varier selon que l\u2019intervention concerne uniquement la paupi\u00e8re sup\u00e9rieure ou les deux paupi\u00e8res.<\/p>\n\n\n\n<p>Dans la plupart des cas, le patient peut quitter l\u2019h\u00f4pital le jour m\u00eame, sans n\u00e9cessit\u00e9 d\u2019hospitalisation.<\/p>\n\n\n\n<h2 class=\"wp-block-heading\">P\u00e9riode de r\u00e9cup\u00e9ration apr\u00e8s la chirurgie des paupi\u00e8res<\/h2>\n\n\n\n<p>La p\u00e9riode de r\u00e9cup\u00e9ration apr\u00e8s l\u2019intervention est g\u00e9n\u00e9ralement rapide et confortable :<\/p>\n\n\n\n<ul class=\"wp-block-list\">\n<li>Un l\u00e9ger gonflement et des ecchymoses peuvent appara\u00eetre dans les premiers jours<\/li>\n\n\n\n<li>Un retour \u00e0 la vie quotidienne est possible en 5 \u00e0 7 jours<\/li>\n\n\n\n<li>Les sutures sont retir\u00e9es en peu de temps<\/li>\n\n\n\n<li>Les effets visibles disparaissent en 10 \u00e0 14 jours<\/li>\n<\/ul>\n\n\n\n<p>En suivant les recommandations du m\u00e9decin, la r\u00e9cup\u00e9ration se d\u00e9roule de mani\u00e8re fluide et sans complications.<\/p>\n\n\n\n<h2 class=\"wp-block-heading\">R\u00e9sultats de la chirurgie des paupi\u00e8res<\/h2>\n\n\n\n<p>Apr\u00e8s l\u2019intervention, la zone des yeux retrouve une apparence plus jeune, plus dynamique et plus repos\u00e9e. Le rel\u00e2chement de la paupi\u00e8re sup\u00e9rieure est \u00e9limin\u00e9, tandis que les poches de la paupi\u00e8re inf\u00e9rieure sont consid\u00e9rablement r\u00e9duites.<\/p>\n\n\n\n<p>Les r\u00e9sultats obtenus sont durables dans la plupart des cas et contribuent \u00e0 am\u00e9liorer les traits du visage de mani\u00e8re naturelle. Lorsque la bonne technique est appliqu\u00e9e, aucune trace visible de l\u2019intervention n\u2019appara\u00eet de l\u2019ext\u00e9rieur.<\/p>\n\n\n\n<figure class=\"wp-block-image size-large\"><img loading=\"lazy\" decoding=\"async\" width=\"800\" height=\"533\" src=\"https:\/\/www.turkaesthetic.com\/wp-content\/uploads\/2026\/04\/lower-eyelid-surgery-before-after-800x533.webp\" alt=\"chirurgie de la paupi\u00e8re inf\u00e9rieure avant apr\u00e8s \u00e9limination des poches sous les yeux\" class=\"wp-image-73491\" srcset=\"https:\/\/www.turkaesthetic.com\/wp-content\/uploads\/2026\/04\/lower-eyelid-surgery-before-after-800x533.webp 800w, https:\/\/www.turkaesthetic.com\/wp-content\/uploads\/2026\/04\/lower-eyelid-surgery-before-after-400x267.webp 400w, https:\/\/www.turkaesthetic.com\/wp-content\/uploads\/2026\/04\/lower-eyelid-surgery-before-after-150x100.webp 150w, https:\/\/www.turkaesthetic.com\/wp-content\/uploads\/2026\/04\/lower-eyelid-surgery-before-after-768x512.webp 768w, https:\/\/www.turkaesthetic.com\/wp-content\/uploads\/2026\/04\/lower-eyelid-surgery-before-after.webp 1200w\" sizes=\"auto, (max-width: 800px) 100vw, 800px\" \/><figcaption class=\"wp-element-caption\">L\u2019\u00e9limination des poches sous les yeux offre une apparence plus repos\u00e9e et rafra\u00eechie<\/figcaption><\/figure>\n\n\n\n<h2 class=\"wp-block-heading\">La chirurgie des paupi\u00e8res est-elle s\u00fbre ?<\/h2>\n\n\n\n<p>Cette intervention est consid\u00e9r\u00e9e comme s\u00fbre lorsqu\u2019elle est r\u00e9alis\u00e9e par des sp\u00e9cialistes exp\u00e9riment\u00e9s et avec des techniques modernes. Elle est effectu\u00e9e dans des centres m\u00e9dicaux avanc\u00e9s, ce qui contribue \u00e0 obtenir des r\u00e9sultats esth\u00e9tiques et fonctionnels r\u00e9ussis.<\/p>\n\n\n\n<p>Gr\u00e2ce \u00e0 des technologies avanc\u00e9es, une planification pr\u00e9cise et une approche personnalis\u00e9e pour chaque patient, il est possible d\u2019obtenir une apparence naturelle et \u00e9quilibr\u00e9e apr\u00e8s la chirurgie des paupi\u00e8res.<\/p>\n\n\n\n<p>Pour obtenir des informations plus d\u00e9taill\u00e9es, vous pouvez consulter les pages sur la chirurgie des paupi\u00e8res en Turquie et le co\u00fbt de la chirurgie des paupi\u00e8res.<\/p>\n\n\n\n<h2 class=\"wp-block-heading\">Questions fr\u00e9quentes<\/h2>\n\n\n<div id=\"rank-math-faq\" class=\"rank-math-block\">\n<div class=\"rank-math-list \">\n<div id=\"faq-question-1776176709554\" class=\"rank-math-list-item\">\n<h3 class=\"rank-math-question \">Les r\u00e9sultats de la chirurgie des paupi\u00e8res sont-ils permanents ?<\/h3>\n<div class=\"rank-math-answer \">\n\n<p>Les r\u00e9sultats durent de nombreuses ann\u00e9es, bien que de l\u00e9gers changements puissent survenir avec le vieillissement naturel.<\/p>\n\n<\/div>\n<\/div>\n<div id=\"faq-question-1776176735169\" class=\"rank-math-list-item\">\n<h3 class=\"rank-math-question \">Y aura-t-il des cicatrices apr\u00e8s l\u2019intervention ?<\/h3>\n<div class=\"rank-math-answer \">\n\n<p>Les incisions sont dissimul\u00e9es dans les plis naturels de la paupi\u00e8re, de sorte que les cicatrices sont g\u00e9n\u00e9ralement peu visibles.<\/p>\n\n<\/div>\n<\/div>\n<div id=\"faq-question-1776176745219\" class=\"rank-math-list-item\">\n<h3 class=\"rank-math-question \">L\u2019intervention est-elle douloureuse ?<\/h3>\n<div class=\"rank-math-answer \">\n\n<p>L\u2019intervention est g\u00e9n\u00e9ralement r\u00e9alis\u00e9e sous anesth\u00e9sie locale, de sorte qu\u2019aucune douleur n\u2019est ressentie pendant l\u2019op\u00e9ration, bien qu\u2019un l\u00e9ger inconfort puisse appara\u00eetre par la suite.<\/p>\n\n<\/div>\n<\/div>\n<div id=\"faq-question-1776176755152\" class=\"rank-math-list-item\">\n<h3 class=\"rank-math-question \">Qui sont les candidats appropri\u00e9s pour l\u2019intervention ?<\/h3>\n<div class=\"rank-math-answer \">\n\n<p>Les personnes souffrant de rel\u00e2chement des paupi\u00e8res, de poches ou d\u2019un aspect fatigu\u00e9 sont consid\u00e9r\u00e9es comme des candidats appropri\u00e9s.<\/p>\n\n<\/div>\n<\/div>\n<div id=\"faq-question-1776176765452\" class=\"rank-math-list-item\">\n<h3 class=\"rank-math-question \">Quand les r\u00e9sultats apparaissent-ils ?<\/h3>\n<div class=\"rank-math-answer \">\n\n<p>Les premiers r\u00e9sultats peuvent \u00eatre visibles en peu de temps, tandis que les r\u00e9sultats finaux apparaissent apr\u00e8s plusieurs semaines.<\/p>\n\n<\/div>\n<\/div>\n<\/div>\n<\/div>\n\n\n<p>Pour obtenir des informations d\u00e9taill\u00e9es sur l\u2019intervention et conna\u00eetre le plan de traitement le plus adapt\u00e9, vous pouvez <a href=\"https:\/\/www.turkaesthetic.com\/fr\/contact-us\/\" data-type=\"link\" data-id=\"https:\/\/www.turkaesthetic.com\/fr\/contact-us\/\">nous contacter<\/a> ou <a href=\"https:\/\/wa.me\/908503046000\" target=\"_blank\" rel=\"noreferrer noopener\">nous \u00e9crire sur WhatsApp<\/a>.<\/p>\n","protected":false},"excerpt":{"rendered":"<p>La chirurgie des paupi\u00e8res (bl\u00e9pharoplastie) est consid\u00e9r\u00e9e comme l\u2019une des interventions esth\u00e9tiques les plus courantes, car elle influence directement les expressions du visage. Avec le temps, le rel\u00e2chement cutan\u00e9, les poches sous les yeux et l\u2019aspect fatigu\u00e9 peuvent donner \u00e0 la personne une apparence plus \u00e2g\u00e9e qu\u2019elle ne l\u2019est r\u00e9ellement. Dans certains cas, cette situation [&hellip;]<\/p>\n","protected":false},"author":1,"featured_media":73503,"parent":0,"menu_order":0,"comment_status":"closed","ping_status":"closed","template":"","meta":{"footnotes":""},"dep":[1354],"class_list":["post-73572","page","type-page","status-publish","has-post-thumbnail","hentry","dep-plastic-surgeries"],"_links":{"self":[{"href":"https:\/\/www.turkaesthetic.com\/fr\/wp-json\/wp\/v2\/pages\/73572","targetHints":{"allow":["GET"]}}],"collection":[{"href":"https:\/\/www.turkaesthetic.com\/fr\/wp-json\/wp\/v2\/pages"}],"about":[{"href":"https:\/\/www.turkaesthetic.com\/fr\/wp-json\/wp\/v2\/types\/page"}],"author":[{"embeddable":true,"href":"https:\/\/www.turkaesthetic.com\/fr\/wp-json\/wp\/v2\/users\/1"}],"replies":[{"embeddable":true,"href":"https:\/\/www.turkaesthetic.com\/fr\/wp-json\/wp\/v2\/comments?post=73572"}],"version-history":[{"count":2,"href":"https:\/\/www.turkaesthetic.com\/fr\/wp-json\/wp\/v2\/pages\/73572\/revisions"}],"predecessor-version":[{"id":73574,"href":"https:\/\/www.turkaesthetic.com\/fr\/wp-json\/wp\/v2\/pages\/73572\/revisions\/73574"}],"wp:featuredmedia":[{"embeddable":true,"href":"https:\/\/www.turkaesthetic.com\/fr\/wp-json\/wp\/v2\/media\/73503"}],"wp:attachment":[{"href":"https:\/\/www.turkaesthetic.com\/fr\/wp-json\/wp\/v2\/media?parent=73572"}],"wp:term":[{"taxonomy":"dep","embeddable":true,"href":"https:\/\/www.turkaesthetic.com\/fr\/wp-json\/wp\/v2\/dep?post=73572"}],"curies":[{"name":"wp","href":"https:\/\/api.w.org\/{rel}","templated":true}]}}