{"id":65702,"date":"2025-08-25T13:42:49","date_gmt":"2025-08-25T10:42:49","guid":{"rendered":"https:\/\/www.turkaesthetic.com\/?page_id=65702"},"modified":"2025-08-27T13:36:38","modified_gmt":"2025-08-27T10:36:38","slug":"e-max","status":"publish","type":"page","link":"https:\/\/www.turkaesthetic.com\/fr\/e-max\/","title":{"rendered":"Facettes E Max"},"content":{"rendered":"\n<p>Les<strong> facettes E Max <\/strong>se distinguent par leur esth\u00e9tique et leur modernit\u00e9. Cette m\u00e9thode, particuli\u00e8rement appr\u00e9ci\u00e9e par les personnes recherchant un aspect naturel pour leurs dents ant\u00e9rieures, est fabriqu\u00e9e \u00e0 partir de vitroc\u00e9ramique au disilicate de lithium. Gr\u00e2ce \u00e0 sa durabilit\u00e9 et \u00e0 sa transmission lumineuse, elle offre des r\u00e9sultats tr\u00e8s proches de ceux des dents naturelles. Aujourd&rsquo;hui, elle gagne rapidement en popularit\u00e9 en dentisterie mondiale, car elle r\u00e9pond \u00e0 des attentes \u00e0 la fois esth\u00e9tiques et fonctionnelles.<\/p>\n\n\n\n<h2 class=\"wp-block-heading\">Qu&rsquo;est-ce qu&rsquo;une facette E Max&nbsp;?<\/h2>\n\n\n\n<p>Une facette E Max est un mat\u00e9riau beaucoup plus fin, plus translucide et plus durable que les facettes en porcelaine traditionnelles. Comme elle r\u00e9fl\u00e9chit la lumi\u00e8re comme une dent naturelle, elle offre un r\u00e9sultat esth\u00e9tique impeccable, notamment pour les dents ant\u00e9rieures. Gr\u00e2ce \u00e0 sa parfaite harmonie de couleur, elle assure une harmonie naturelle avec la dentition du patient. De plus, contrairement aux facettes m\u00e9talliques, elle ne provoque pas de reflets gris au niveau des gencives.<\/p>\n\n\n\n<figure class=\"wp-block-embed is-type-video is-provider-youtube wp-block-embed-youtube wp-embed-aspect-16-9 wp-has-aspect-ratio\"><div class=\"wp-block-embed__wrapper\">\n<iframe loading=\"lazy\" title=\"Dental Veneers - Turk Aesthetic\" width=\"800\" height=\"450\" src=\"https:\/\/www.youtube.com\/embed\/03FDckdC-Ew?list=PLcqCyZU2kPzX40Ehz1mZX0ph89SD7Wz6v\" frameborder=\"0\" allow=\"accelerometer; autoplay; clipboard-write; encrypted-media; gyroscope; picture-in-picture; web-share\" referrerpolicy=\"strict-origin-when-cross-origin\" allowfullscreen><\/iframe>\n<\/div><figcaption class=\"wp-element-caption\">Facettes E Max<\/figcaption><\/figure>\n\n\n\n<h3 class=\"wp-block-heading\">Pourquoi choisir les facettes E Max&nbsp;?<\/h3>\n\n\n\n<p>Les principales raisons pour lesquelles les patients pr\u00e9f\u00e8rent E-Max sont&nbsp;:<\/p>\n\n\n\n<ul class=\"wp-block-list\">\n<li>Aspect naturel&nbsp;: Offre une transmission lumineuse proche de celle des dents naturelles.<\/li>\n\n\n\n<li>Durabilit\u00e9&nbsp;: Malgr\u00e9 sa finesse, elle est tr\u00e8s r\u00e9sistante et peut durer de nombreuses ann\u00e9es.<\/li>\n\n\n\n<li>Sans m\u00e9tal&nbsp;: Aucun risque d\u2019allergie, excellente compatibilit\u00e9 avec les gencives.<\/li>\n\n\n\n<li>R\u00e9duction minimale&nbsp;: N\u00e9cessite tr\u00e8s peu d\u2019enl\u00e8vement de la structure dentaire naturelle.<\/li>\n\n\n\n<li>Stabilit\u00e9 de la couleur&nbsp;: Ne tache pas et ne se d\u00e9colore pas avec le temps.<\/li>\n<\/ul>\n\n\n\n<h4 class=\"wp-block-heading\">\u00c0 qui convient-elle&nbsp;?<\/h4>\n\n\n\n<p>Les facettes E-Max sont l\u2019une des meilleures solutions pour les personnes recherchant une esth\u00e9tique des dents de devant. Elles sont souvent privil\u00e9gi\u00e9es dans les cas suivants&nbsp;:<\/p>\n\n\n\n<ul class=\"wp-block-list\">\n<li>D\u00e9coloration permanente des dents.<\/li>\n\n\n\n<li>Dents de devant cass\u00e9es, fissur\u00e9es ou d\u00e9form\u00e9es.<\/li>\n\n\n\n<li>Probl\u00e8mes de diast\u00e8me (espaces entre les dents).<\/li>\n\n\n\n<li>Personnes souhaitant un sourire plus blanc et plus sym\u00e9trique.<\/li>\n\n\n\n<li>Patients allergiques aux facettes m\u00e9talliques.<\/li>\n\n\n\n<li>Cependant, E-Max ne convient pas toujours aux dents du fond qui subissent une forte pression de mastication. Dans de tels cas, l\u2019\u00e9valuation du dentiste est cruciale.<\/li>\n<\/ul>\n\n\n\n<h2 class=\"wp-block-heading\">Comment les facettes E-Max sont-elles pos\u00e9es&nbsp;?<\/h2>\n\n\n<div id=\"rank-math-howto\" class=\"rank-math-block\" >\n<div class=\"rank-math-howto-description\">\n\n<p>Bien que le traitement puisse varier selon les besoins du patient, il comprend g\u00e9n\u00e9ralement les \u00e9tapes suivantes\u00a0:<\/p>\n\n<\/div>\n<p class=\"rank-math-howto-duration\"><strong>Temps total\u00a0:<\/strong> <span>5 jours<\/span><\/p>\n<div class=\"rank-math-steps \">\n<div id=\"howto-step-1756118023023\" class=\"rank-math-step\">\n<h3 class=\"rank-math-step-title \">Examen et planification\u00a0:<\/h3>\n<div class=\"rank-math-step-content \"><p>Le dentiste examine les dents et d\u00e9termine les attentes esth\u00e9tiques. Si n\u00e9cessaire, un sourire num\u00e9rique est cr\u00e9\u00e9.<\/p>\n<\/div>\n<\/div>\n<div id=\"howto-step-1756124719539\" class=\"rank-math-step\">\n<h3 class=\"rank-math-step-title \">Pr\u00e9paration des dents\u00a0:<\/h3>\n<div class=\"rank-math-step-content \"><p>Une quantit\u00e9 minimale d\u2019\u00e9mail est retir\u00e9e de la surface dentaire afin de garantir la pose correcte de la facette.<\/p>\n<\/div>\n<\/div>\n<div id=\"howto-step-1756124724646\" class=\"rank-math-step\">\n<h3 class=\"rank-math-step-title \">Prise d\u2019empreinte\u00a0:<\/h3>\n<div class=\"rank-math-step-content \"><p>Les mesures des dents sont prises \u00e0 l\u2019aide d\u2019un scanner num\u00e9rique ou de m\u00e9thodes d\u2019empreinte traditionnelles.<\/p>\n<\/div>\n<\/div>\n<div id=\"howto-step-1756124730021\" class=\"rank-math-step\">\n<h3 class=\"rank-math-step-title \">Application d\u00e9finitive\u00a0:<\/h3>\n<div class=\"rank-math-step-content \"><p>Les facettes E-Max sont fix\u00e9es aux dents \u00e0 l\u2019aide d\u2019adh\u00e9sifs sp\u00e9ciaux. L\u2019ensemble du processus est g\u00e9n\u00e9ralement r\u00e9alis\u00e9 en 5 \u00e0 7\u00a0jours.<\/p>\n<\/div>\n<\/div>\n<\/div>\n<\/div>\n<p class=\"rank-math-howto-estimatedCost\"><strong>Co\u00fbt estim\u00e9\u00a0:<\/strong> <span>190 Euro<\/span><\/p>\n\n\n\n\n\n<h4 class=\"wp-block-heading\">Avantages<\/h4>\n\n\n\n<ul class=\"wp-block-list\">\n<li>Offre un r\u00e9sultat esth\u00e9tique des plus naturels.<\/li>\n\n\n\n<li>Longue dur\u00e9e de vie, peut \u00eatre utilis\u00e9 jusqu\u2019\u00e0 15&nbsp;ans sans probl\u00e8me.<\/li>\n\n\n\n<li>Respectueux des gencives et biocompatible.<\/li>\n\n\n\n<li>Ne provoque ni jaunissement ni d\u00e9coloration.<\/li>\n\n\n\n<li>L&rsquo;une des solutions les plus pris\u00e9es pour l&rsquo;esth\u00e9tique du sourire.<\/li>\n<\/ul>\n\n\n\n<h5 class=\"wp-block-heading\">Avant et apr\u00e8s les facettes E-Max<\/h5>\n\n\n\n<p>Avant la pose de facettes E Max, les patients pouvaient pr\u00e9senter une d\u00e9coloration, des espaces ou des formes irr\u00e9guli\u00e8res des dents. Apr\u00e8s le traitement&nbsp;:<\/p>\n\n\n\n<ul class=\"wp-block-list\">\n<li>Des dents plus blanches, plus esth\u00e9tiques et d&rsquo;apparence naturelle sont obtenues.<\/li>\n\n\n\n<li>L&rsquo;expression du visage est plus jeune et plus harmonieuse.<\/li>\n\n\n\n<li><a href=\"https:\/\/www.turkaesthetic.com\/fr\/hollywood-smile\/\" target=\"_blank\" data-type=\"page\" data-id=\"15925\" rel=\"noreferrer noopener\">L&rsquo;esth\u00e9tique du sourire <\/a>s&rsquo;am\u00e9liore significativement.<\/li>\n\n\n\n<li>La confiance en soi du patient augmente.<\/li>\n<\/ul>\n\n\n<style>.kb-gallery-id-65702_0d2e2a-6e .kadence-blocks-gallery-item .kb-gal-image-radius, .kb-gallery-id-65702_0d2e2a-6e .kb-slide-item .kb-gal-image-radius img{border-radius:0px 0px 0px 0px;;}.kb-gallery-wrap-id-65702_0d2e2a-6e.wp-block-kadence-advancedgallery{overflow:visible;}.kb-gallery-wrap-id-65702_0d2e2a-6e.wp-block-kadence-advancedgallery .kt-blocks-carousel{overflow:visible;}<\/style><div class=\"kb-gallery-wrap-id-65702_0d2e2a-6e alignnone wp-block-kadence-advancedgallery\"><div class=\"kb-gallery-ul kb-gallery-non-static kb-gallery-type-slider kb-gallery-id-65702_0d2e2a-6e kb-gallery-caption-style-bottom-hover kb-gallery-filter-none\" data-image-filter=\"none\" data-lightbox-caption=\"true\"><div class=\"kt-blocks-carousel splide kt-carousel-container-dotstyle-dark kt-carousel-arrowstyle-whiteondark kt-carousel-dotstyle-dark kb-slider-group-arrow kb-slider-arrow-position-center\" data-slider-anim-speed=\"400\" data-slider-scroll=\"1\" data-slider-arrows=\"true\" data-slider-fade=\"true\" data-slider-dots=\"true\" data-slider-type=\"slider\" data-slider-hover-pause=\"false\" data-slider-auto=\"\" data-slider-speed=\"7000\" data-show-pause-button=\"false\"><div class=\"splide__track\"><ul class=\"kt-blocks-carousel-init kb-blocks-slider splide__list\"><li class=\"kb-slide-item kb-gallery-slide-item splide__slide\"><div class=\"kadence-blocks-gallery-item\"><div class=\"kadence-blocks-gallery-item-inner\"><figure class=\"kb-gallery-figure kadence-blocks-gallery-item-hide-caption\"><div class=\"kb-gal-image-radius\"><div class=\"kb-gallery-image-contain kadence-blocks-gallery-intrinsic kb-gallery-image-ratio-land32 kb-has-image-ratio-land32\" ><img loading=\"lazy\" decoding=\"async\" src=\"https:\/\/www.turkaesthetic.com\/wp-content\/uploads\/2023\/12\/Hollywood-smile-before-after-8.webp\" width=\"1200\" height=\"800\" alt=\"emax kaplama \u00f6ncesi ve sonras\u0131\" data-full-image=\"https:\/\/www.turkaesthetic.com\/wp-content\/uploads\/2023\/12\/Hollywood-smile-before-after-8.webp\" data-light-image=\"https:\/\/www.turkaesthetic.com\/wp-content\/uploads\/2023\/12\/Hollywood-smile-before-after-8.webp\" data-id=\"49486\" class=\"wp-image-49486 skip-lazy\"\/><\/div><\/div><\/figure><\/div><\/div><\/li><li class=\"kb-slide-item kb-gallery-slide-item splide__slide\"><div class=\"kadence-blocks-gallery-item\"><div class=\"kadence-blocks-gallery-item-inner\"><figure class=\"kb-gallery-figure kadence-blocks-gallery-item-hide-caption\"><div class=\"kb-gal-image-radius\"><div class=\"kb-gallery-image-contain kadence-blocks-gallery-intrinsic kb-gallery-image-ratio-land32 kb-has-image-ratio-land32\" ><img loading=\"lazy\" decoding=\"async\" src=\"https:\/\/www.turkaesthetic.com\/wp-content\/uploads\/2023\/12\/Hollywood-smile-before-after-9.webp\" width=\"1200\" height=\"800\" alt=\"emax kaplama \u00f6ncesi ve sonras\u0131\" data-full-image=\"https:\/\/www.turkaesthetic.com\/wp-content\/uploads\/2023\/12\/Hollywood-smile-before-after-9.webp\" data-light-image=\"https:\/\/www.turkaesthetic.com\/wp-content\/uploads\/2023\/12\/Hollywood-smile-before-after-9.webp\" data-id=\"49495\" class=\"wp-image-49495 skip-lazy\"\/><\/div><\/div><\/figure><\/div><\/div><\/li><li class=\"kb-slide-item kb-gallery-slide-item splide__slide\"><div class=\"kadence-blocks-gallery-item\"><div class=\"kadence-blocks-gallery-item-inner\"><figure class=\"kb-gallery-figure kadence-blocks-gallery-item-hide-caption\"><div class=\"kb-gal-image-radius\"><div class=\"kb-gallery-image-contain kadence-blocks-gallery-intrinsic kb-gallery-image-ratio-land32 kb-has-image-ratio-land32\" ><img loading=\"lazy\" decoding=\"async\" src=\"https:\/\/www.turkaesthetic.com\/wp-content\/uploads\/2023\/12\/Hollywood-smile-before-after-10.webp\" width=\"1200\" height=\"800\" alt=\"emax kaplama \u00f6ncesi ve sonras\u0131\" data-full-image=\"https:\/\/www.turkaesthetic.com\/wp-content\/uploads\/2023\/12\/Hollywood-smile-before-after-10.webp\" data-light-image=\"https:\/\/www.turkaesthetic.com\/wp-content\/uploads\/2023\/12\/Hollywood-smile-before-after-10.webp\" data-id=\"49504\" class=\"wp-image-49504 skip-lazy\"\/><\/div><\/div><\/figure><\/div><\/div><\/li><li class=\"kb-slide-item kb-gallery-slide-item splide__slide\"><div class=\"kadence-blocks-gallery-item\"><div class=\"kadence-blocks-gallery-item-inner\"><figure class=\"kb-gallery-figure kadence-blocks-gallery-item-hide-caption\"><div class=\"kb-gal-image-radius\"><div class=\"kb-gallery-image-contain kadence-blocks-gallery-intrinsic kb-gallery-image-ratio-land32 kb-has-image-ratio-land32\" ><img loading=\"lazy\" decoding=\"async\" src=\"https:\/\/www.turkaesthetic.com\/wp-content\/uploads\/2023\/12\/Hollywood-smile-before-after-11.webp\" width=\"1200\" height=\"800\" alt=\"emax kaplama \u00f6ncesi ve sonras\u0131\" data-full-image=\"https:\/\/www.turkaesthetic.com\/wp-content\/uploads\/2023\/12\/Hollywood-smile-before-after-11.webp\" data-light-image=\"https:\/\/www.turkaesthetic.com\/wp-content\/uploads\/2023\/12\/Hollywood-smile-before-after-11.webp\" data-id=\"49513\" class=\"wp-image-49513 skip-lazy\"\/><\/div><\/div><\/figure><\/div><\/div><\/li><\/ul><\/div><\/div><\/div><\/div>\n\n\n<h3 class=\"wp-block-heading\">Comment entretenir les facettes E-Max&nbsp;?<\/h3>\n\n\n\n<p>Les facettes E-Max ne n\u00e9cessitent aucun entretien particulier. Un brossage des dents quotidien, l&rsquo;utilisation de fil dentaire et des contr\u00f4les dentaires r\u00e9guliers permettent de les utiliser pendant de nombreuses ann\u00e9es sans probl\u00e8me.<br>\u00c9viter de casser des aliments rugueux avec les dents contribue \u00e9galement \u00e0 prolonger la dur\u00e9e de vie des facettes.<\/p>\n\n\n\n<h4 class=\"wp-block-heading\">Le prix des facettes E Max<\/h4>\n\n\n\n<p>Les prix varient en fonction du mat\u00e9riau utilis\u00e9, de l&rsquo;exp\u00e9rience du dentiste et de l&#8217;emplacement de la clinique. En g\u00e9n\u00e9ral, les facettes E Max sont l\u00e9g\u00e8rement plus ch\u00e8res que les facettes en porcelaine et en zircone. Cependant, compte tenu de leur esth\u00e9tique et de leur durabilit\u00e9, la plupart des patients consid\u00e8rent que l&rsquo;investissement en vaut la peine.<\/p>\n\n\n\n<p>Chez Turk Aesthetic, le prix d&rsquo;une facette E Max est de 190&nbsp;\u20ac par dent.<\/p>\n\n\n\n<h2 class=\"wp-block-heading\">FAQ \u2013 Facettes E Max<\/h2>\n\n\n<div id=\"rank-math-faq\" class=\"rank-math-block\">\n<div class=\"rank-math-list \">\n<div id=\"faq-question-1756118181771\" class=\"rank-math-list-item\">\n<h3 class=\"rank-math-question \">Les facettes E Max sont-elles durables\u00a0?<\/h3>\n<div class=\"rank-math-answer \">\n\n<p>Oui, si elles sont pos\u00e9es correctement et entretenues r\u00e9guli\u00e8rement, elles durent de nombreuses ann\u00e9es.<\/p>\n\n<\/div>\n<\/div>\n<div id=\"faq-question-1756124852771\" class=\"rank-math-list-item\">\n<h3 class=\"rank-math-question \">Combien de jours dure le traitement\u00a0?<\/h3>\n<div class=\"rank-math-answer \">\n\n<p> G\u00e9n\u00e9ralement r\u00e9alis\u00e9es en 5 \u00e0 7 jours.<\/p>\n\n<\/div>\n<\/div>\n<div id=\"faq-question-1756124859681\" class=\"rank-math-list-item\">\n<h3 class=\"rank-math-question \">Aspect naturel\u00a0?<\/h3>\n<div class=\"rank-math-answer \">\n\n<p>Oui, gr\u00e2ce \u00e0 leur transmission lumineuse, elles offrent un aspect tr\u00e8s naturel, proche de celui des dents naturelles.<\/p>\n\n<\/div>\n<\/div>\n<div id=\"faq-question-1756124864057\" class=\"rank-math-list-item\">\n<h3 class=\"rank-math-question \">Changent-elles de couleur avec le temps\u00a0?<\/h3>\n<div class=\"rank-math-answer \">\n\n<p>Non, avec un entretien appropri\u00e9, leur couleur reste stable.<\/p>\n\n<\/div>\n<\/div>\n<div id=\"faq-question-1756124870671\" class=\"rank-math-list-item\">\n<h3 class=\"rank-math-question \">Peut-on les appliquer sur toutes les dents\u00a0?<\/h3>\n<div class=\"rank-math-answer \">\n\n<p>On les pr\u00e9f\u00e8re principalement pour les dents de devant. Pour les dents du fond, une \u00e9valuation par le dentiste est n\u00e9cessaire.<\/p>\n\n<\/div>\n<\/div>\n<\/div>\n<\/div>\n\n\n<p><strong>Conclusion<\/strong><\/p>\n\n\n\n<p>Les facettes E Max sont parmi les plus avanc\u00e9es, r\u00e9pondant \u00e0 des attentes \u00e0 la fois esth\u00e9tiques et fonctionnelles. Gr\u00e2ce \u00e0 leur transmission lumineuse naturelle, leur durabilit\u00e9 et leur biocompatibilit\u00e9, elles constituent une excellente option. Elles sont particuli\u00e8rement adapt\u00e9es aux personnes souhaitant des dents de devant naturelles, blanches et sym\u00e9triques pour un sourire parfait.<\/p>\n\n\n\n<p>Pour plus d\u2019informations ou pour demander un devis, vous pouvez&nbsp;<a href=\"https:\/\/www.turkaesthetic.com\/fr\/contact-us\/\" target=\"_blank\" rel=\"noreferrer noopener\"><strong>contacter<\/strong><\/a>&nbsp;<a href=\"https:\/\/www.youtube.com\/channel\/UC0zggzdm5CFwpRMmn_CPpFQ\" target=\"_blank\" rel=\"noreferrer noopener\"><strong>Turk Aesthetic<\/strong>&nbsp;<\/a>\u00e0 Istanbul, en Turquie, via ses canaux officiels.<br><br><\/p>\n","protected":false},"excerpt":{"rendered":"<p>Les facettes E Max se distinguent par leur esth\u00e9tique et leur modernit\u00e9. Cette m\u00e9thode, particuli\u00e8rement appr\u00e9ci\u00e9e par les personnes recherchant un aspect naturel pour leurs dents ant\u00e9rieures, est fabriqu\u00e9e \u00e0 partir de vitroc\u00e9ramique au disilicate de lithium. Gr\u00e2ce \u00e0 sa durabilit\u00e9 et \u00e0 sa transmission lumineuse, elle offre des r\u00e9sultats tr\u00e8s proches de ceux des [&hellip;]<\/p>\n","protected":false},"author":4,"featured_media":65674,"parent":0,"menu_order":0,"comment_status":"closed","ping_status":"closed","template":"","meta":{"footnotes":""},"dep":[1356],"class_list":["post-65702","page","type-page","status-publish","has-post-thumbnail","hentry","dep-cosmetic-dentistry"],"_links":{"self":[{"href":"https:\/\/www.turkaesthetic.com\/fr\/wp-json\/wp\/v2\/pages\/65702","targetHints":{"allow":["GET"]}}],"collection":[{"href":"https:\/\/www.turkaesthetic.com\/fr\/wp-json\/wp\/v2\/pages"}],"about":[{"href":"https:\/\/www.turkaesthetic.com\/fr\/wp-json\/wp\/v2\/types\/page"}],"author":[{"embeddable":true,"href":"https:\/\/www.turkaesthetic.com\/fr\/wp-json\/wp\/v2\/users\/4"}],"replies":[{"embeddable":true,"href":"https:\/\/www.turkaesthetic.com\/fr\/wp-json\/wp\/v2\/comments?post=65702"}],"version-history":[{"count":0,"href":"https:\/\/www.turkaesthetic.com\/fr\/wp-json\/wp\/v2\/pages\/65702\/revisions"}],"wp:featuredmedia":[{"embeddable":true,"href":"https:\/\/www.turkaesthetic.com\/fr\/wp-json\/wp\/v2\/media\/65674"}],"wp:attachment":[{"href":"https:\/\/www.turkaesthetic.com\/fr\/wp-json\/wp\/v2\/media?parent=65702"}],"wp:term":[{"taxonomy":"dep","embeddable":true,"href":"https:\/\/www.turkaesthetic.com\/fr\/wp-json\/wp\/v2\/dep?post=65702"}],"curies":[{"name":"wp","href":"https:\/\/api.w.org\/{rel}","templated":true}]}}