{"id":65235,"date":"2025-07-31T15:52:56","date_gmt":"2025-07-31T12:52:56","guid":{"rendered":"https:\/\/www.turkaesthetic.com\/?page_id=65235"},"modified":"2025-08-09T14:46:28","modified_gmt":"2025-08-09T11:46:28","slug":"dental-filling","status":"publish","type":"page","link":"https:\/\/www.turkaesthetic.com\/fr\/dental-filling\/","title":{"rendered":"Obturation Dentaire"},"content":{"rendered":"\n<p>Une <strong>Obturation Dentaire<\/strong> est un proc\u00e9d\u00e9 qui consiste \u00e0 nettoyer les tissus dentaires cari\u00e9s ou endommag\u00e9s (suite \u00e0 une carie ou \u00e0 un traumatisme) et \u00e0 combler l&rsquo;espace avec un mat\u00e9riau d&rsquo;obturation adapt\u00e9. Cependant, cette d\u00e9finition est devenue obsol\u00e8te. Aujourd&rsquo;hui, les applications d&rsquo;obturation dentaire sont d\u00e9termin\u00e9es par des facteurs tels que l&rsquo;esth\u00e9tique, la biocompatibilit\u00e9 et la durabilit\u00e9, ce qui en fait non seulement un traitement, mais aussi une approche pr\u00e9ventive et esth\u00e9tique.<\/p>\n\n\n\n<h2 class=\"wp-block-heading\">D&rsquo;hier \u00e0 aujourd&rsquo;hui<\/h2>\n\n\n\n<p>Alors que les obturations en amalgame (m\u00e9tal) gris \u00e9taient autrefois largement utilis\u00e9es, la dentisterie <a href=\"https:\/\/www.turkaesthetic.com\/fr\/aesthetic-dentistry\/\" target=\"_blank\" data-type=\"page\" data-id=\"27985\" rel=\"noreferrer noopener\">esth\u00e9tique<\/a> moderne privil\u00e9gie d\u00e9sormais les obturations en composite et en c\u00e9ramique qui s&rsquo;harmonisent parfaitement avec la couleur naturelle de la dent. De plus, les obturations bas\u00e9es sur la nanotechnologie permettent des proc\u00e9dures moins invasives et des r\u00e9sultats plus durables.<\/p>\n\n\n\n<figure class=\"wp-block-embed is-type-video is-provider-youtube wp-block-embed-youtube wp-embed-aspect-16-9 wp-has-aspect-ratio\"><div class=\"wp-block-embed__wrapper\">\n<iframe loading=\"lazy\" title=\"Tooth Filling in Turkey (15) Minutes - Turk Aesthetic\" width=\"800\" height=\"450\" src=\"https:\/\/www.youtube.com\/embed\/5B6zpYnPCnQ?feature=oembed\" frameborder=\"0\" allow=\"accelerometer; autoplay; clipboard-write; encrypted-media; gyroscope; picture-in-picture; web-share\" referrerpolicy=\"strict-origin-when-cross-origin\" allowfullscreen><\/iframe>\n<\/div><figcaption class=\"wp-element-caption\"><strong>Obturation Dentaire<\/strong><\/figcaption><\/figure>\n\n\n\n<h2 class=\"wp-block-heading\">\u00c9tapes de la proc\u00e9dure Obturation Dentaire<\/h2>\n\n\n<div id=\"rank-math-howto\" class=\"rank-math-block\" >\n<div class=\"rank-math-howto-description\">\n\n<p>La proc\u00e9dure d&rsquo;obturation moderne est r\u00e9alis\u00e9e confortablement et rapidement. Voici les \u00e9tapes\u00a0:<\/p>\n\n<\/div>\n<p class=\"rank-math-howto-duration\"><strong>Temps total\u00a0:<\/strong> <span>15 minutes<\/span><\/p>\n<div class=\"rank-math-steps \">\n<div id=\"howto-step-1753965681436\" class=\"rank-math-step\">\n<h3 class=\"rank-math-step-title \">Diagnostic et examen\u00a0:<\/h3>\n<div class=\"rank-math-step-content \"><p>La profondeur de la cavit\u00e9 est d\u00e9termin\u00e9e par radiographie et examen clinique.<\/p>\n<\/div>\n<\/div>\n<div id=\"howto-step-1754572695658\" class=\"rank-math-step\">\n<h3 class=\"rank-math-step-title \">Anesth\u00e9sie locale\u00a0:<\/h3>\n<div class=\"rank-math-step-content \"><p>Le patient ne ressent aucune douleur pendant la proc\u00e9dure.<\/p>\n<\/div>\n<\/div>\n<div id=\"howto-step-1754572701031\" class=\"rank-math-step\">\n<h3 class=\"rank-math-step-title \">Nettoyage de la cavit\u00e9\u00a0:<\/h3>\n<div class=\"rank-math-step-content \"><p>Tous les tissus cari\u00e9s sont soigneusement retir\u00e9s de la dent.<\/p>\n<\/div>\n<\/div>\n<div id=\"howto-step-1754572706520\" class=\"rank-math-step\">\n<h3 class=\"rank-math-step-title \">Pose de l\u2019obturation\u00a0:<\/h3>\n<div class=\"rank-math-step-content \"><p>La cavit\u00e9 est combl\u00e9e avec des mat\u00e9riaux tels que du composite, de la c\u00e9ramique ou du verre ionom\u00e8re.<\/p>\n<\/div>\n<\/div>\n<div id=\"howto-step-1754572711179\" class=\"rank-math-step\">\n<h3 class=\"rank-math-step-title \">Polissage et v\u00e9rification de l\u2019occlusion\u00a0:<\/h3>\n<div class=\"rank-math-step-content \"><p>La surface de l\u2019obturation est polie et l\u2019alignement de l\u2019occlusion est v\u00e9rifi\u00e9 pour une occlusion correcte.<\/p>\n<\/div>\n<\/div>\n<\/div>\n<\/div>\n<p class=\"rank-math-howto-estimatedCost\"><strong>Co\u00fbt estim\u00e9\u00a0:<\/strong> <span>50 Euro<\/span><\/p>\n\n\n\n\n\n<h3 class=\"wp-block-heading\">Qui devrait se faire poser un plombage dentaire&nbsp;?<\/h3>\n\n\n\n<ul class=\"wp-block-list\">\n<li>Les personnes pr\u00e9sentant des caries.<\/li>\n\n\n\n<li>Les personnes pr\u00e9sentant des fractures ou des fissures suite \u00e0 un traumatisme.<\/li>\n\n\n\n<li>Les personnes souffrant d&rsquo;une sensibilit\u00e9 dentaire excessive.<\/li>\n\n\n\n<li>Toute personne souhaitant remplacer un ancien plombage.<\/li>\n\n\n\n<li>Cependant, si la carie est avanc\u00e9e, un traitement de canal peut \u00eatre n\u00e9cessaire. Un dentiste qualifi\u00e9 doit \u00e9valuer r\u00e9guli\u00e8rement l&rsquo;\u00e9tat de la dent.<\/li>\n<\/ul>\n\n\n\n<h4 class=\"wp-block-heading\">Types de plombages&nbsp;: Diff\u00e9rents mat\u00e9riaux, diff\u00e9rents avantages<\/h4>\n\n\n\n<p><strong>Plombages composites&nbsp;:<\/strong><\/p>\n\n\n\n<ul class=\"wp-block-list\">\n<li>Correspondent \u00e0 la couleur naturelle de la dent.<\/li>\n\n\n\n<li>Convient aux dents de devant et de derri\u00e8re.<\/li>\n\n\n\n<li>R\u00e9alis\u00e9s en une seule s\u00e9ance.<\/li>\n<\/ul>\n\n\n\n<p><strong>Plombages en c\u00e9ramique (porcelaine) (inlay\/onlay)&nbsp;:<\/strong><\/p>\n\n\n\n<ul class=\"wp-block-list\">\n<li>Fabriqu\u00e9s sur mesure en laboratoire.<\/li>\n\n\n\n<li>Durables et durables.<\/li>\n\n\n\n<li>Pr\u00e9f\u00e9r\u00e9s pour les caries plus importantes.<\/li>\n<\/ul>\n\n\n\n<p><strong>Plombages en verre ionom\u00e8re&nbsp;:<\/strong><\/p>\n\n\n\n<ul class=\"wp-block-list\">\n<li>Lib\u00e8rent du fluor pour prot\u00e9ger la dent.<\/li>\n\n\n\n<li>Principalement utilis\u00e9s pour les dents de lait et les plombages temporaires.<\/li>\n<\/ul>\n\n\n\n<p><strong>Obturations en amalgame&nbsp;:<\/strong><\/p>\n\n\n\n<p>Autrefois courantes, elles sont aujourd\u2019hui \u00e9vit\u00e9es pour des raisons esth\u00e9tiques et biologiques.<\/p>\n\n\n\n<h5 class=\"wp-block-heading\">Soins apr\u00e8s une obturation dentaire<\/h5>\n\n\n\n<ul class=\"wp-block-list\">\n<li>\u00c9vitez les aliments coriaces pendant les premi\u00e8res 24&nbsp;heures.<\/li>\n\n\n\n<li>Maintenez une bonne hygi\u00e8ne bucco-dentaire&nbsp;; brossez-vous les dents deux fois par jour.<\/li>\n\n\n\n<li>Limitez les aliments sucr\u00e9s et acides.<\/li>\n\n\n\n<li>Consultez votre dentiste tous les 6&nbsp;mois pour des contr\u00f4les r\u00e9guliers.<\/li>\n<\/ul>\n\n\n\n<h3 class=\"wp-block-heading\">Quelle est la dur\u00e9e de vie des obturations dentaires&nbsp;?<\/h3>\n\n\n\n<p>La dur\u00e9e de vie d\u00e9pend du mat\u00e9riau utilis\u00e9, des habitudes de mastication et de l\u2019hygi\u00e8ne bucco-dentaire&nbsp;:<\/p>\n\n\n\n<ul class=\"wp-block-list\">\n<li>Obturations composites&nbsp;: 5 \u00e0 8&nbsp;ans.<\/li>\n\n\n\n<li>Obturations en c\u00e9ramique&nbsp;: 10 \u00e0 15&nbsp;ans.<\/li>\n\n\n\n<li>Obturations en verre ionom\u00e8re&nbsp;: 3 \u00e0 5&nbsp;ans.<\/li>\n<\/ul>\n\n\n\n<h3 class=\"wp-block-heading\">Co\u00fbt des Obturation Dentaire \u00e0 Istanbul (2025)<\/h3>\n\n\n\n<p>\u00c0 Istanbul, le co\u00fbt des obturations varie en fonction de la qualit\u00e9 du mat\u00e9riau, de la taille de la cavit\u00e9, de l\u2019expertise du dentiste et de l\u2019emplacement de la clinique&nbsp;:<\/p>\n\n\n\n<p>Co\u00fbt moyen d\u2019une obturation&nbsp;: 50&nbsp;\u20ac<br>Certaines cliniques proposent des tarifs personnalis\u00e9s pour les obturations esth\u00e9tiques.f\u00fcr \u00e4sthetische F\u00fcllungen an.<\/p>\n\n\n\n<h2 class=\"wp-block-heading\">Foire aux questions &#8211; Obturation Dentaire<\/h2>\n\n\n<div id=\"rank-math-faq\" class=\"rank-math-block\">\n<div class=\"rank-math-list \">\n<div id=\"faq-question-1753965796555\" class=\"rank-math-list-item\">\n<h3 class=\"rank-math-question \">Vais-je ressentir de la douleur apr\u00e8s une Obturation Dentaire\u00a0?<\/h3>\n<div class=\"rank-math-answer \">\n\n<p>Vous pourriez ressentir une l\u00e9g\u00e8re sensibilit\u00e9 pendant 1 \u00e0 2 jours, mais la douleur est rare.<\/p>\n\n<\/div>\n<\/div>\n<div id=\"faq-question-1754572823900\" class=\"rank-math-list-item\">\n<h3 class=\"rank-math-question \">Peut-on remplacer d&rsquo;anciennes obturations\u00a0?<\/h3>\n<div class=\"rank-math-answer \">\n\n<p>Oui. Les obturations anciennes, cass\u00e9es ou inesth\u00e9tiques peuvent \u00eatre remplac\u00e9es.<\/p>\n\n<\/div>\n<\/div>\n<div id=\"faq-question-1754572829660\" class=\"rank-math-list-item\">\n<h3 class=\"rank-math-question \">Combien de temps dure l&rsquo;intervention\u00a0?<\/h3>\n<div class=\"rank-math-answer \">\n\n<p>Elle dure environ 15\u00a0minutes pour les petites caries et 30 \u00e0 45\u00a0minutes pour les obturations plus importantes.<\/p>\n\n<\/div>\n<\/div>\n<div id=\"faq-question-1754572833962\" class=\"rank-math-list-item\">\n<h3 class=\"rank-math-question \">Les femmes enceintes peuvent-elles se faire obturer\u00a0?<\/h3>\n<div class=\"rank-math-answer \">\n\n<p>Oui, c&rsquo;est sans danger, surtout pendant le deuxi\u00e8me trimestre.<\/p>\n\n<\/div>\n<\/div>\n<div id=\"faq-question-1754572838354\" class=\"rank-math-list-item\">\n<h3 class=\"rank-math-question \">Les obturations changent-elles de couleur avec le temps\u00a0?<\/h3>\n<div class=\"rank-math-answer \">\n\n<p>Les obturations composites de haute qualit\u00e9 conservent leur couleur, bien que le th\u00e9, le caf\u00e9 et le tabac puissent l&rsquo;alt\u00e9rer.<\/p>\n\n<\/div>\n<\/div>\n<\/div>\n<\/div>\n\n\n<h2 class=\"wp-block-heading\">Conclusion<\/h2>\n\n\n\n<p>L&rsquo;obturation dentaire n&rsquo;est pas seulement un traitement contre les caries&nbsp;; c&rsquo;est une \u00e9tape essentielle pour pr\u00e9server la sant\u00e9 bucco-dentaire et obtenir un sourire \u00e9clatant. Gr\u00e2ce aux technologies modernes, les obturations sont d\u00e9sormais plus durables, biocompatibles et esth\u00e9tiquement uniformes.<\/p>\n\n\n\n<p>\u00c0 Istanbul, notre \u00e9quipe dentaire exp\u00e9riment\u00e9e est pr\u00eate \u00e0 vous proposer des solutions personnalis\u00e9es. Ne remettez pas \u00e0 plus tard votre sourire ; des dents saines sont la cl\u00e9 d\u2019une vie saine.<\/p>\n\n\n\n<p>Pour plus d\u2019informations ou pour demander un devis, vous pouvez&nbsp;<a href=\"https:\/\/www.turkaesthetic.com\/fr\/contact-us\/\" target=\"_blank\" rel=\"noreferrer noopener\"><strong>contacter<\/strong><\/a>&nbsp;<a href=\"https:\/\/www.youtube.com\/channel\/UC0zggzdm5CFwpRMmn_CPpFQ\" target=\"_blank\" rel=\"noreferrer noopener\"><strong>Turk Aesthetic<\/strong>&nbsp;<\/a>\u00e0 Istanbul, en Turquie, via ses canaux officiels.<\/p>\n","protected":false},"excerpt":{"rendered":"<p>Une Obturation Dentaire est un proc\u00e9d\u00e9 qui consiste \u00e0 nettoyer les tissus dentaires cari\u00e9s ou endommag\u00e9s (suite \u00e0 une carie ou \u00e0 un traumatisme) et \u00e0 combler l&rsquo;espace avec un mat\u00e9riau d&rsquo;obturation adapt\u00e9. Cependant, cette d\u00e9finition est devenue obsol\u00e8te. Aujourd&rsquo;hui, les applications d&rsquo;obturation dentaire sont d\u00e9termin\u00e9es par des facteurs tels que l&rsquo;esth\u00e9tique, la biocompatibilit\u00e9 et [&hellip;]<\/p>\n","protected":false},"author":4,"featured_media":64889,"parent":0,"menu_order":0,"comment_status":"closed","ping_status":"closed","template":"","meta":{"footnotes":""},"dep":[1356],"class_list":["post-65235","page","type-page","status-publish","has-post-thumbnail","hentry","dep-cosmetic-dentistry"],"_links":{"self":[{"href":"https:\/\/www.turkaesthetic.com\/fr\/wp-json\/wp\/v2\/pages\/65235","targetHints":{"allow":["GET"]}}],"collection":[{"href":"https:\/\/www.turkaesthetic.com\/fr\/wp-json\/wp\/v2\/pages"}],"about":[{"href":"https:\/\/www.turkaesthetic.com\/fr\/wp-json\/wp\/v2\/types\/page"}],"author":[{"embeddable":true,"href":"https:\/\/www.turkaesthetic.com\/fr\/wp-json\/wp\/v2\/users\/4"}],"replies":[{"embeddable":true,"href":"https:\/\/www.turkaesthetic.com\/fr\/wp-json\/wp\/v2\/comments?post=65235"}],"version-history":[{"count":0,"href":"https:\/\/www.turkaesthetic.com\/fr\/wp-json\/wp\/v2\/pages\/65235\/revisions"}],"wp:featuredmedia":[{"embeddable":true,"href":"https:\/\/www.turkaesthetic.com\/fr\/wp-json\/wp\/v2\/media\/64889"}],"wp:attachment":[{"href":"https:\/\/www.turkaesthetic.com\/fr\/wp-json\/wp\/v2\/media?parent=65235"}],"wp:term":[{"taxonomy":"dep","embeddable":true,"href":"https:\/\/www.turkaesthetic.com\/fr\/wp-json\/wp\/v2\/dep?post=65235"}],"curies":[{"name":"wp","href":"https:\/\/api.w.org\/{rel}","templated":true}]}}