{"id":65189,"date":"2025-08-01T12:10:06","date_gmt":"2025-08-01T09:10:06","guid":{"rendered":"https:\/\/www.turkaesthetic.com\/?page_id=65189"},"modified":"2025-08-08T15:26:26","modified_gmt":"2025-08-08T12:26:26","slug":"teeth-cleaning","status":"publish","type":"page","link":"https:\/\/www.turkaesthetic.com\/fr\/teeth-cleaning\/","title":{"rendered":"D\u00e9tartrage Dentaire"},"content":{"rendered":"\n<p>Le <strong>d\u00e9tartrage dentaire<\/strong> consiste \u00e0 \u00e9liminer la plaque dentaire, le tartre et les taches accumul\u00e9s dans la bouche \u00e0 l&rsquo;aide d&rsquo;appareils sp\u00e9ciaux utilis\u00e9s par des dentistes professionnels. Bien que souvent consid\u00e9r\u00e9 comme \u00ab&nbsp;simple&nbsp;\u00bb, un nettoyage r\u00e9gulier des dents joue un r\u00f4le essentiel dans la pr\u00e9vention des maladies des gencives et de la perte des dents. Gr\u00e2ce aux avanc\u00e9es technologiques, le nettoyage du tartre est d\u00e9sormais plus rapide, plus confortable et plus efficace.<\/p>\n\n\n\n<h2 class=\"wp-block-heading\">Pourquoi le D\u00e9tartrage Dentaire est-il n\u00e9cessaire&nbsp;?<\/h2>\n\n\n\n<p>Les bact\u00e9ries pr\u00e9sentes dans la bouche entra\u00eenent progressivement la formation de plaque dentaire, qui, avec le temps, se transforme en tartre (aussi appel\u00e9 tartre) \u00e0 la surface des dents. Ces d\u00e9p\u00f4ts peuvent provoquer&nbsp;:<\/p>\n\n\n\n<ul class=\"wp-block-list\">\n<li>Inflammation des gencives (gingivite)<\/li>\n\n\n\n<li>R\u00e9cession <a href=\"https:\/\/www.turkaesthetic.com\/fr\/dentistry-fr\/gum-depigmentation-turkey\/\" target=\"_blank\" data-type=\"post\" data-id=\"52730\" rel=\"noreferrer noopener\">gingivale<\/a><\/li>\n\n\n\n<li>Mauvaise haleine<\/li>\n\n\n\n<li>Perte de dents<\/li>\n\n\n\n<li>Jaunissement de la surface dentaire<\/li>\n\n\n\n<li>Le brossage et l&rsquo;utilisation du fil dentaire \u00e0 domicile ne peuvent pas totalement pr\u00e9venir ces formations. C&rsquo;est l\u00e0 qu&rsquo;un nettoyage professionnel devient essentiel.<\/li>\n<\/ul>\n\n\n\n<h2 class=\"wp-block-heading\">Comment se d\u00e9roule-t-il&nbsp;?<\/h2>\n\n\n<div id=\"rank-math-howto\" class=\"rank-math-block\" >\n<div class=\"rank-math-howto-description\">\n\n<p>La proc\u00e9dure comprend g\u00e9n\u00e9ralement les \u00e9tapes suivantes\u00a0:<\/p>\n\n<\/div>\n<p class=\"rank-math-howto-duration\"><strong>Temps total\u00a0:<\/strong> <span>15 minutes<\/span><\/p>\n<div class=\"rank-math-steps \">\n<div id=\"howto-step-1754038907495\" class=\"rank-math-step\">\n<h3 class=\"rank-math-step-title \"><strong>Examen<\/strong><\/h3>\n<div class=\"rank-math-step-content \"><p>Le dentiste ou l&rsquo;hygi\u00e9niste dentaire examine les dents.<\/p>\n<\/div>\n<\/div>\n<div id=\"howto-step-1754563786356\" class=\"rank-math-step\">\n<h3 class=\"rank-math-step-title \">Nettoyage par ultrasons<\/h3>\n<div class=\"rank-math-step-content \"><p>Les appareils \u00e0 ultrasons fonctionnant avec des vibrations \u00e0 haute fr\u00e9quence \u00e9liminent les d\u00e9p\u00f4ts de tartre importants.<\/p>\n<\/div>\n<\/div>\n<div id=\"howto-step-1754563792496\" class=\"rank-math-step\">\n<h3 class=\"rank-math-step-title \">Nettoyage manuel<\/h3>\n<div class=\"rank-math-step-content \"><p>Les petites plaques et le tartre restants sont \u00e9limin\u00e9s \u00e0 l&rsquo;aide d&rsquo;outils manuels sp\u00e9ciaux.<\/p>\n<\/div>\n<\/div>\n<div id=\"howto-step-1754563797722\" class=\"rank-math-step\">\n<h3 class=\"rank-math-step-title \">Polissage<\/h3>\n<div class=\"rank-math-step-content \"><p>La surface des dents est polie \u00e0 l&rsquo;aide de brosses \u00e0 faible vitesse.<\/p>\n<\/div>\n<\/div>\n<div id=\"howto-step-1754563803655\" class=\"rank-math-step\">\n<h3 class=\"rank-math-step-title \">Application de fluorure<\/h3>\n<div class=\"rank-math-step-content \"><p>Un gel fluor\u00e9 peut \u00eatre appliqu\u00e9 pour renforcer l&rsquo;\u00e9mail des dents.<\/p>\n<\/div>\n<\/div>\n<\/div>\n<\/div>\n<p class=\"rank-math-howto-estimatedCost\"><strong>Co\u00fbt estim\u00e9\u00a0:<\/strong> <span>50 Euro<\/span><\/p>\n\n\n\n\n\n<figure class=\"wp-block-embed is-type-video is-provider-youtube wp-block-embed-youtube wp-embed-aspect-16-9 wp-has-aspect-ratio\"><div class=\"wp-block-embed__wrapper\">\n<iframe loading=\"lazy\" title=\"Teeth Cleaning - Turk Aesthetic\" width=\"800\" height=\"450\" src=\"https:\/\/www.youtube.com\/embed\/WTg4TjfAHX4?feature=oembed\" frameborder=\"0\" allow=\"accelerometer; autoplay; clipboard-write; encrypted-media; gyroscope; picture-in-picture; web-share\" referrerpolicy=\"strict-origin-when-cross-origin\" allowfullscreen><\/iframe>\n<\/div><figcaption class=\"wp-element-caption\">D\u00e9tartrage Dentaire<\/figcaption><\/figure>\n\n\n\n<h4 class=\"wp-block-heading\">\u00c0 qui s&rsquo;adresse leD\u00e9tartrage Dentaire&nbsp;?<\/h4>\n\n\n\n<ul class=\"wp-block-list\">\n<li>Les personnes souffrant de saignements des gencives.<\/li>\n\n\n\n<li>Les personnes souffrant de mauvaise haleine.<\/li>\n\n\n\n<li>Les personnes pr\u00e9sentant une accumulation visible de tartre.<\/li>\n\n\n\n<li>Les gros fumeurs et les grands consommateurs de caf\u00e9\/th\u00e9.<\/li>\n\n\n\n<li>Les personnes suivant un traitement orthodontique.<\/li>\n\n\n\n<li>Le nettoyage dentaire est un traitement pr\u00e9ventif recommand\u00e9 tous les 6 mois. Cependant, la formation de tartre variant d&rsquo;une personne \u00e0 l&rsquo;autre, certains patients peuvent en avoir besoin tous les 3 mois.<\/li>\n<\/ul>\n\n\n\n<h5 class=\"wp-block-heading\">Avantages  D\u00e9tartrage Dentaire<\/h5>\n\n\n\n<ul class=\"wp-block-list\">\n<li>Pr\u00e9serve la sant\u00e9 des gencives.<\/li>\n\n\n\n<li>R\u00e9duit le risque de perte de dents.<\/li>\n\n\n\n<li>Pr\u00e9vient la mauvaise haleine.<\/li>\n\n\n\n<li>\u00c9limine les taches superficielles, am\u00e9liorant ainsi l&rsquo;esth\u00e9tique dentaire.<\/li>\n\n\n\n<li>Am\u00e9liore l&rsquo;efficacit\u00e9 des soins \u00e0 domicile.<\/li>\n<\/ul>\n\n\n\n<h3 class=\"wp-block-heading\">Avant et apr\u00e8s D\u00e9tartrage Dentaire<\/h3>\n\n\n\n<p>Avant le nettoyage, les dents peuvent para\u00eetre jaunes, pr\u00e9senter une accumulation de tartre et parfois saigner. Apr\u00e8s le nettoyage&nbsp;:<\/p>\n\n\n\n<ul class=\"wp-block-list\">\n<li>Les dents paraissent plus brillantes et plus lisses.<\/li>\n\n\n\n<li>Les gencives deviennent roses et les saignements diminuent.<\/li>\n\n\n\n<li>Une l\u00e9g\u00e8re sensation de fra\u00eecheur est ressentie en bouche.<\/li>\n\n\n\n<li>Une l\u00e9g\u00e8re sensibilit\u00e9 le premier jour est normale et dispara\u00eet g\u00e9n\u00e9ralement rapidement.<\/li>\n<\/ul>\n\n\n<style>.kb-gallery-id-65189_86027a-b9 .kadence-blocks-gallery-item .kb-gal-image-radius, .kb-gallery-id-65189_86027a-b9 .kb-slide-item .kb-gal-image-radius img{border-radius:0px 0px 0px 0px;;}.kb-gallery-wrap-id-65189_86027a-b9.wp-block-kadence-advancedgallery{overflow:visible;}.kb-gallery-wrap-id-65189_86027a-b9.wp-block-kadence-advancedgallery .kt-blocks-carousel{overflow:visible;}<\/style><div class=\"kb-gallery-wrap-id-65189_86027a-b9 alignnone wp-block-kadence-advancedgallery\"><div class=\"kb-gallery-ul kb-gallery-non-static kb-gallery-type-slider kb-gallery-id-65189_86027a-b9 kb-gallery-caption-style-bottom-hover kb-gallery-filter-none\" data-image-filter=\"none\" data-lightbox-caption=\"true\"><div class=\"kt-blocks-carousel splide kt-carousel-container-dotstyle-dark kt-carousel-arrowstyle-whiteondark kt-carousel-dotstyle-dark kb-slider-group-arrow kb-slider-arrow-position-center\" data-slider-anim-speed=\"400\" data-slider-scroll=\"1\" data-slider-arrows=\"true\" data-slider-fade=\"true\" data-slider-dots=\"true\" data-slider-type=\"slider\" data-slider-hover-pause=\"false\" data-slider-auto=\"\" data-slider-speed=\"7000\" data-show-pause-button=\"false\"><div class=\"splide__track\"><ul class=\"kt-blocks-carousel-init kb-blocks-slider splide__list\"><li class=\"kb-slide-item kb-gallery-slide-item splide__slide\"><div class=\"kadence-blocks-gallery-item\"><div class=\"kadence-blocks-gallery-item-inner\"><figure class=\"kb-gallery-figure kadence-blocks-gallery-item-hide-caption\"><div class=\"kb-gal-image-radius\"><div class=\"kb-gallery-image-contain kadence-blocks-gallery-intrinsic kb-gallery-image-ratio-land32 kb-has-image-ratio-land32\" ><img loading=\"lazy\" decoding=\"async\" src=\"https:\/\/www.turkaesthetic.com\/wp-content\/uploads\/2023\/11\/before-after-teeth-cleaning-1.jpg\" width=\"1200\" height=\"800\" alt=\"avant apr\u00e8s le nettoyage des dents\" data-full-image=\"https:\/\/www.turkaesthetic.com\/wp-content\/uploads\/2023\/11\/before-after-teeth-cleaning-1.jpg\" data-light-image=\"https:\/\/www.turkaesthetic.com\/wp-content\/uploads\/2023\/11\/before-after-teeth-cleaning-1.jpg\" data-id=\"46638\" class=\"wp-image-46638 skip-lazy\"\/><\/div><\/div><\/figure><\/div><\/div><\/li><li class=\"kb-slide-item kb-gallery-slide-item splide__slide\"><div class=\"kadence-blocks-gallery-item\"><div class=\"kadence-blocks-gallery-item-inner\"><figure class=\"kb-gallery-figure kadence-blocks-gallery-item-hide-caption\"><div class=\"kb-gal-image-radius\"><div class=\"kb-gallery-image-contain kadence-blocks-gallery-intrinsic kb-gallery-image-ratio-land32 kb-has-image-ratio-land32\" ><img loading=\"lazy\" decoding=\"async\" src=\"https:\/\/www.turkaesthetic.com\/wp-content\/uploads\/2023\/11\/before-after-teeth-cleaning-2.jpg\" width=\"1200\" height=\"800\" alt=\"avant apr\u00e8s le nettoyage des dents\" data-full-image=\"https:\/\/www.turkaesthetic.com\/wp-content\/uploads\/2023\/11\/before-after-teeth-cleaning-2.jpg\" data-light-image=\"https:\/\/www.turkaesthetic.com\/wp-content\/uploads\/2023\/11\/before-after-teeth-cleaning-2.jpg\" data-id=\"46647\" class=\"wp-image-46647 skip-lazy\"\/><\/div><\/div><\/figure><\/div><\/div><\/li><li class=\"kb-slide-item kb-gallery-slide-item splide__slide\"><div class=\"kadence-blocks-gallery-item\"><div class=\"kadence-blocks-gallery-item-inner\"><figure class=\"kb-gallery-figure kadence-blocks-gallery-item-hide-caption\"><div class=\"kb-gal-image-radius\"><div class=\"kb-gallery-image-contain kadence-blocks-gallery-intrinsic kb-gallery-image-ratio-land32 kb-has-image-ratio-land32\" ><img loading=\"lazy\" decoding=\"async\" src=\"https:\/\/www.turkaesthetic.com\/wp-content\/uploads\/2023\/11\/before-after-teeth-cleaning-3.jpg\" width=\"1200\" height=\"800\" alt=\"avant apr\u00e8s le nettoyage des dents\" data-full-image=\"https:\/\/www.turkaesthetic.com\/wp-content\/uploads\/2023\/11\/before-after-teeth-cleaning-3.jpg\" data-light-image=\"https:\/\/www.turkaesthetic.com\/wp-content\/uploads\/2023\/11\/before-after-teeth-cleaning-3.jpg\" data-id=\"46656\" class=\"wp-image-46656 skip-lazy\"\/><\/div><\/div><\/figure><\/div><\/div><\/li><li class=\"kb-slide-item kb-gallery-slide-item splide__slide\"><div class=\"kadence-blocks-gallery-item\"><div class=\"kadence-blocks-gallery-item-inner\"><figure class=\"kb-gallery-figure kadence-blocks-gallery-item-hide-caption\"><div class=\"kb-gal-image-radius\"><div class=\"kb-gallery-image-contain kadence-blocks-gallery-intrinsic kb-gallery-image-ratio-land32 kb-has-image-ratio-land32\" ><img loading=\"lazy\" decoding=\"async\" src=\"https:\/\/www.turkaesthetic.com\/wp-content\/uploads\/2023\/11\/before-after-teeth-cleaning-4.jpg\" width=\"1200\" height=\"800\" alt=\"avant apr\u00e8s le nettoyage des dents\" data-full-image=\"https:\/\/www.turkaesthetic.com\/wp-content\/uploads\/2023\/11\/before-after-teeth-cleaning-4.jpg\" data-light-image=\"https:\/\/www.turkaesthetic.com\/wp-content\/uploads\/2023\/11\/before-after-teeth-cleaning-4.jpg\" data-id=\"46665\" class=\"wp-image-46665 skip-lazy\"\/><\/div><\/div><\/figure><\/div><\/div><\/li><\/ul><\/div><\/div><\/div><\/div>\n\n\n<h4 class=\"wp-block-heading\">Co\u00fbt du D\u00e9tartrage Dentaire en 2025<\/h4>\n\n\n\n<p>\u00c0 Istanbul, le co\u00fbt d&rsquo;un nettoyage des dents varie selon l&#8217;emplacement de la clinique, la technologie utilis\u00e9e et l&rsquo;expertise du dentiste&nbsp;:<\/p>\n\n\n\n<p>Nettoyage standard&nbsp;: 50&nbsp;\u20ac<br>Curetage des gencives&nbsp;: 75&nbsp;\u20ac<\/p>\n\n\n\n<h2 class=\"wp-block-heading\">Foire aux questions &#8211; D\u00e9tartrage Dentaire<\/h2>\n\n\n<div id=\"rank-math-faq\" class=\"rank-math-block\">\n<div class=\"rank-math-list \">\n<div id=\"faq-question-1754039176908\" class=\"rank-math-list-item\">\n<h3 class=\"rank-math-question \">Le nettoyage dentaire endommage-t-il l&rsquo;\u00e9mail des dents\u00a0?<\/h3>\n<div class=\"rank-math-answer \">\n\n<p>Non. R\u00e9alis\u00e9 avec le bon \u00e9quipement et par un dentiste exp\u00e9riment\u00e9, il est inoffensif pour les dents.<\/p>\n\n<\/div>\n<\/div>\n<div id=\"faq-question-1754563914397\" class=\"rank-math-list-item\">\n<h3 class=\"rank-math-question \">Mes dents seront-elles plus sensibles apr\u00e8s le nettoyage\u00a0?<\/h3>\n<div class=\"rank-math-answer \">\n\n<p>Une sensibilit\u00e9 temporaire peut survenir, mais elle dispara\u00eet g\u00e9n\u00e9ralement en 1 \u00e0 2 jours.<\/p>\n\n<\/div>\n<\/div>\n<div id=\"faq-question-1754563920085\" class=\"rank-math-list-item\">\n<h3 class=\"rank-math-question \">Je fume\u00a0: le nettoyage des dents sera-t-il toujours efficace\u00a0?<\/h3>\n<div class=\"rank-math-answer \">\n\n<p>Oui, les taches li\u00e9es \u00e0 la fum\u00e9e peuvent \u00eatre \u00e9limin\u00e9es. Cependant, pour des r\u00e9sultats durables, il est recommand\u00e9 de r\u00e9duire le tabagisme.<\/p>\n\n<\/div>\n<\/div>\n<div id=\"faq-question-1754563924687\" class=\"rank-math-list-item\">\n<h3 class=\"rank-math-question \">Les soins \u00e0 domicile ne suffisent-ils pas\u00a0?<\/h3>\n<div class=\"rank-math-answer \">\n\n<p>Le nettoyage \u00e0 domicile n&rsquo;\u00e9limine qu&rsquo;environ 70\u00a0% de la plaque dentaire. Le tartre restant n\u00e9cessite une intervention professionnelle.<\/p>\n\n<\/div>\n<\/div>\n<div id=\"faq-question-1754563929715\" class=\"rank-math-list-item\">\n<h3 class=\"rank-math-question \">Les femmes enceintes peuvent-elles se faire nettoyer les dents\u00a0?<\/h3>\n<div class=\"rank-math-answer \">\n\n<p>Oui. Il est particuli\u00e8rement recommand\u00e9 pendant le deuxi\u00e8me trimestre pour la sant\u00e9 des gencives.<\/p>\n\n<\/div>\n<\/div>\n<\/div>\n<\/div>\n\n\n<h2 class=\"wp-block-heading\">Conclusion<\/h2>\n\n\n\n<p>Le nettoyage des dents n&rsquo;est pas seulement une intervention esth\u00e9tique&nbsp;; c&rsquo;est la pierre angulaire d&rsquo;une bonne sant\u00e9 bucco-dentaire \u00e0 long terme. Gr\u00e2ce \u00e0 des nettoyages professionnels r\u00e9guliers, vous pouvez pr\u00e9venir les maladies des gencives, \u00e9viter la perte de dents et profiter d&rsquo;un sourire plus sain. Nous vous accueillons dans notre clinique \u00e0 Istanbul pour un nettoyage confortable et efficace effectu\u00e9 par nos dentistes experts.<\/p>\n\n\n\n<p>Pour plus d\u2019informations ou pour demander un devis, vous pouvez&nbsp;<a href=\"https:\/\/www.turkaesthetic.com\/fr\/contact-us\/\" target=\"_blank\" rel=\"noreferrer noopener\"><strong>contacter<\/strong><\/a>&nbsp;<a href=\"https:\/\/www.youtube.com\/channel\/UC0zggzdm5CFwpRMmn_CPpFQ\" target=\"_blank\" rel=\"noreferrer noopener\"><strong>Turk Aesthetic<\/strong>&nbsp;<\/a>\u00e0 Istanbul, en Turquie, via ses canaux officiels.<br><br><\/p>\n","protected":false},"excerpt":{"rendered":"<p>Le d\u00e9tartrage dentaire consiste \u00e0 \u00e9liminer la plaque dentaire, le tartre et les taches accumul\u00e9s dans la bouche \u00e0 l&rsquo;aide d&rsquo;appareils sp\u00e9ciaux utilis\u00e9s par des dentistes professionnels. Bien que souvent consid\u00e9r\u00e9 comme \u00ab&nbsp;simple&nbsp;\u00bb, un nettoyage r\u00e9gulier des dents joue un r\u00f4le essentiel dans la pr\u00e9vention des maladies des gencives et de la perte des dents. [&hellip;]<\/p>\n","protected":false},"author":4,"featured_media":64913,"parent":0,"menu_order":0,"comment_status":"closed","ping_status":"closed","template":"","meta":{"footnotes":""},"dep":[1356],"class_list":["post-65189","page","type-page","status-publish","has-post-thumbnail","hentry","dep-cosmetic-dentistry"],"_links":{"self":[{"href":"https:\/\/www.turkaesthetic.com\/fr\/wp-json\/wp\/v2\/pages\/65189","targetHints":{"allow":["GET"]}}],"collection":[{"href":"https:\/\/www.turkaesthetic.com\/fr\/wp-json\/wp\/v2\/pages"}],"about":[{"href":"https:\/\/www.turkaesthetic.com\/fr\/wp-json\/wp\/v2\/types\/page"}],"author":[{"embeddable":true,"href":"https:\/\/www.turkaesthetic.com\/fr\/wp-json\/wp\/v2\/users\/4"}],"replies":[{"embeddable":true,"href":"https:\/\/www.turkaesthetic.com\/fr\/wp-json\/wp\/v2\/comments?post=65189"}],"version-history":[{"count":0,"href":"https:\/\/www.turkaesthetic.com\/fr\/wp-json\/wp\/v2\/pages\/65189\/revisions"}],"wp:featuredmedia":[{"embeddable":true,"href":"https:\/\/www.turkaesthetic.com\/fr\/wp-json\/wp\/v2\/media\/64913"}],"wp:attachment":[{"href":"https:\/\/www.turkaesthetic.com\/fr\/wp-json\/wp\/v2\/media?parent=65189"}],"wp:term":[{"taxonomy":"dep","embeddable":true,"href":"https:\/\/www.turkaesthetic.com\/fr\/wp-json\/wp\/v2\/dep?post=65189"}],"curies":[{"name":"wp","href":"https:\/\/api.w.org\/{rel}","templated":true}]}}