{"id":64937,"date":"2025-07-28T14:59:17","date_gmt":"2025-07-28T11:59:17","guid":{"rendered":"https:\/\/www.turkaesthetic.com\/?page_id=64937"},"modified":"2026-03-15T13:17:04","modified_gmt":"2026-03-15T10:17:04","slug":"all-on-6","status":"publish","type":"page","link":"https:\/\/www.turkaesthetic.com\/fr\/all-on-6\/","title":{"rendered":"Implants Dentaires All on 6"},"content":{"rendered":"\n<p>La <strong>Implants Dentaires All on 6<\/strong> est une m\u00e9thode de traitement avanc\u00e9e d\u00e9velopp\u00e9e pour les patients pr\u00e9sentant une perte totale de dents. Elle consiste \u00e0 placer six implants dans une m\u00e2choire pour soutenir une proth\u00e8se dentaire fixe. Compar\u00e9e aux proth\u00e8ses dentaires traditionnelles, elle est plus stable, plus esth\u00e9tique et plus durable. La technique All-on-6 implants est particuli\u00e8rement recommand\u00e9e pour les patients ne pr\u00e9sentant pas de perte osseuse avanc\u00e9e, car elle offre un meilleur soutien \u00e0 la structure de la m\u00e2choire et prolonge la dur\u00e9e de vie de la proth\u00e8se fixe.<\/p>\n\n\n\n<p>Cette m\u00e9thode consiste \u00e0 placer chirurgicalement six implants en titane dans la m\u00e2choire sup\u00e9rieure ou inf\u00e9rieure. Ces implants cr\u00e9ent une base solide pour maintenir la proth\u00e8se. Dans la plupart des cas, les dents temporaires sont fix\u00e9es le jour m\u00eame, permettant au patient de poursuivre sa vie quotidienne sans \u00eatre \u00e9dent\u00e9.<\/p>\n\n\n\n<figure class=\"wp-block-embed is-type-video is-provider-youtube wp-block-embed-youtube wp-embed-aspect-16-9 wp-has-aspect-ratio\"><div class=\"wp-block-embed__wrapper\">\n<iframe loading=\"lazy\" title=\"Dental Implants in Turkey: 20 Years Guarantee\" width=\"800\" height=\"450\" src=\"https:\/\/www.youtube.com\/embed\/TBysQr_RQJA?feature=oembed\" frameborder=\"0\" allow=\"accelerometer; autoplay; clipboard-write; encrypted-media; gyroscope; picture-in-picture; web-share\" referrerpolicy=\"strict-origin-when-cross-origin\" allowfullscreen><\/iframe>\n<\/div><figcaption class=\"wp-element-caption\"><strong>Implants Dentaires All on 6<\/strong><\/figcaption><\/figure>\n\n\n\n<hr class=\"wp-block-separator has-alpha-channel-opacity\"\/>\n\n\n\n<h3 class=\"wp-block-heading\">\u00c0 qui s&rsquo;adresse la technique des Implants Dentaires All on 6&nbsp;?<\/h3>\n\n\n\n<ul class=\"wp-block-list\">\n<li>Les personnes ayant perdu toutes leurs dents.<\/li>\n\n\n\n<li>Les patients souhaitant des dents fixes, mais ne pouvant b\u00e9n\u00e9ficier d&rsquo;une pose compl\u00e8te d&rsquo;implants.<\/li>\n\n\n\n<li>Les personnes insatisfaites de leurs proth\u00e8ses amovibles.<\/li>\n\n\n\n<li>Les patients pr\u00e9sentant un volume osseux suffisant.<\/li>\n\n\n\n<li>Les personnes recherchant un sourire naturel et fixe pour des raisons esth\u00e9tiques.<\/li>\n\n\n\n<li>Les personnes recherchant une solution durable pour am\u00e9liorer leur qualit\u00e9 de vie.<\/li>\n\n\n\n<li>La technique des <a href=\"https:\/\/www.turkaesthetic.com\/fr\/dental-implants\/\" target=\"_blank\" data-type=\"page\" data-id=\"15193\" rel=\"noreferrer noopener\">implants All on 6 <\/a>offre une alternative plus s\u00fbre et plus pratique aux implants traditionnels pour les patients dont la structure osseuse de la m\u00e2choire est adapt\u00e9e.<\/li>\n<\/ul>\n\n\n\n<h3 class=\"wp-block-heading\">\u00c9tapes de la proc\u00e9dure des Implants Dentaires All on 6<\/h3>\n\n\n<div id=\"rank-math-howto\" class=\"rank-math-block\" >\n<div class=\"rank-math-howto-description\">\n\n<p>Les \u00e9tapes de la proc\u00e9dure des implants All on 6 sont les suivantes\u00a0:<\/p>\n\n<\/div>\n<p class=\"rank-math-howto-duration\"><strong>Temps total\u00a0:<\/strong> <span>5 minutes<\/span><\/p>\n<div class=\"rank-math-steps \">\n<div id=\"howto-step-1753701693683\" class=\"rank-math-step\">\n<h3 class=\"rank-math-step-title \">Examen et planification num\u00e9rique<\/h3>\n<div class=\"rank-math-step-content \"><p>L&rsquo;os de la m\u00e2choire est analys\u00e9 par tomographie num\u00e9rique 3D. Les points de pose des implants sont d\u00e9termin\u00e9s.<\/p>\n<\/div>\n<\/div>\n<div id=\"howto-step-1754041804941\" class=\"rank-math-step\">\n<h3 class=\"rank-math-step-title \">Pose des implants<\/h3>\n<div class=\"rank-math-step-content \"><p>L&rsquo;intervention est r\u00e9alis\u00e9e sous anesth\u00e9sie locale pour le confort du patient. Six implants sont soigneusement ins\u00e9r\u00e9s dans la m\u00e2choire. Si n\u00e9cessaire, certains implants peuvent \u00eatre positionn\u00e9s de mani\u00e8re oblique.<\/p>\n<\/div>\n<\/div>\n<div id=\"howto-step-1754041810058\" class=\"rank-math-step\">\n<h3 class=\"rank-math-step-title \">Dents fixes temporaires<\/h3>\n<div class=\"rank-math-step-content \"><p>D\u00e8s le premier jour, des proth\u00e8ses temporaires sont pos\u00e9es afin que le patient puisse reprendre une vie normale avec des dents fixes.<\/p>\n<\/div>\n<\/div>\n<div id=\"howto-step-1754041815936\" class=\"rank-math-step\">\n<h3 class=\"rank-math-step-title \">Civilit\u00e9 et dents permanentes<\/h3>\n<div class=\"rank-math-step-content \"><p>Les implants fusionnent avec l&rsquo;os en 3 \u00e0 4 mois. Ensuite, des dents fixes permanentes sp\u00e9cialement con\u00e7ues en porcelaine ou en zircone sont pos\u00e9es.<\/p>\n<\/div>\n<\/div>\n<\/div>\n<\/div>\n<p class=\"rank-math-howto-estimatedCost\"><strong>Co\u00fbt estim\u00e9\u00a0:<\/strong> <span>360 Euro<\/span><\/p>\n\n\n\n\n\n<h4 class=\"wp-block-heading\">Pourquoi choisir les Implants Dentaires All on 6&nbsp;?<\/h4>\n\n\n\n<p>La technique des implants All-on-6 offre plusieurs avantages par rapport aux m\u00e9thodes traditionnelles&nbsp;:<\/p>\n\n\n\n<ul class=\"wp-block-list\">\n<li>Meilleur soutien&nbsp;: Six implants r\u00e9partissent les forces de mastication de mani\u00e8re plus uniforme, offrant une structure plus stable.<\/li>\n\n\n\n<li>Grande durabilit\u00e9&nbsp;: La proth\u00e8se reste solide et fonctionnelle pendant de nombreuses ann\u00e9es.<\/li>\n\n\n\n<li>Aspect naturel&nbsp;: Son design esth\u00e9tique imite fid\u00e8lement le rebord gingival naturel.<\/li>\n\n\n\n<li>Dessin le jour m\u00eame&nbsp;: Les dents fixes temporaires sont pos\u00e9es le jour m\u00eame de l&rsquo;intervention.<\/li>\n\n\n\n<li>Am\u00e9lioration du confort de parole et de mastication&nbsp;: La proth\u00e8se ne glisse pas et ne bouge pas.<\/li>\n\n\n\n<li>Fini les proth\u00e8ses amovibles&nbsp;: Plus besoin d&rsquo;adh\u00e9sif ni de retrait quotidien.<\/li>\n\n\n\n<li>R\u00e9sultats durables : avec des soins appropri\u00e9s, All on 6 peut durer toute une vie.<\/li>\n<\/ul>\n\n\n\n<hr class=\"wp-block-separator has-alpha-channel-opacity\"\/>\n\n\n\n<h5 class=\"wp-block-heading\">Soins post-traitement pour les Implants Dentaires All on 6<\/h5>\n\n\n\n<ul class=\"wp-block-list\">\n<li>Consommez des aliments mous et ti\u00e8des pendant la premi\u00e8re semaine.<\/li>\n\n\n\n<li>Maintenez une excellente hygi\u00e8ne bucco-dentaire en utilisant des brossettes interdentaires et des hydropulseurs.<\/li>\n\n\n\n<li>\u00c9vitez l&rsquo;alcool et le tabac, car ils peuvent ralentir la cicatrisation.<\/li>\n\n\n\n<li>Suivez scrupuleusement les instructions de nettoyage et de soins de votre dentiste.<\/li>\n\n\n\n<li>Ne manquez pas les rendez-vous de suivi.<\/li>\n\n\n\n<li>\u00c9vitez les aliments coriaces jusqu&rsquo;\u00e0 la mise en place des proth\u00e8ses permanentes.<\/li>\n<\/ul>\n\n\n\n<h4 class=\"wp-block-heading\">\ud83e\uddb7 Avant et apr\u00e8s \u2013 Implants Dentaires All on 6<\/h4>\n\n\n\n<p>Gr\u00e2ce \u00e0 All-on-6, passer d&rsquo;un sourire \u00e9dent\u00e9 \u00e0 une belle dentition fixe ne prend que quelques jours.<br>Vous pouvez constater la transformation spectaculaire sur l&rsquo;image ci-dessous&nbsp;:<br>Une m\u00e2choire plus forte, un sourire plus naturel et un gain consid\u00e9rable de confort et de confiance<\/p>\n\n\n<style>.kb-gallery-id-64937_d557c8-ad .kadence-blocks-gallery-item .kb-gal-image-radius, .kb-gallery-id-64937_d557c8-ad .kb-slide-item .kb-gal-image-radius img{border-radius:0px 0px 0px 0px;;}.kb-gallery-wrap-id-64937_d557c8-ad.wp-block-kadence-advancedgallery{overflow:visible;}.kb-gallery-wrap-id-64937_d557c8-ad.wp-block-kadence-advancedgallery .kt-blocks-carousel{overflow:visible;}<\/style><div class=\"kb-gallery-wrap-id-64937_d557c8-ad alignnone wp-block-kadence-advancedgallery\"><div class=\"kb-gallery-ul kb-gallery-non-static kb-gallery-type-slider kb-gallery-id-64937_d557c8-ad kb-gallery-caption-style-bottom-hover kb-gallery-filter-none\" data-image-filter=\"none\" data-lightbox-caption=\"true\"><div class=\"kt-blocks-carousel splide kt-carousel-container-dotstyle-dark kt-carousel-arrowstyle-whiteondark kt-carousel-dotstyle-dark kb-slider-group-arrow kb-slider-arrow-position-center\" data-slider-anim-speed=\"400\" data-slider-scroll=\"1\" data-slider-arrows=\"true\" data-slider-fade=\"true\" data-slider-dots=\"true\" data-slider-type=\"slider\" data-slider-hover-pause=\"false\" data-slider-auto=\"\" data-slider-speed=\"7000\" data-show-pause-button=\"false\"><div class=\"splide__track\"><ul class=\"kt-blocks-carousel-init kb-blocks-slider splide__list\"><li class=\"kb-slide-item kb-gallery-slide-item splide__slide\"><div class=\"kadence-blocks-gallery-item\"><div class=\"kadence-blocks-gallery-item-inner\"><figure class=\"kb-gallery-figure kadence-blocks-gallery-item-hide-caption\"><div class=\"kb-gal-image-radius\"><div class=\"kb-gallery-image-contain kadence-blocks-gallery-intrinsic kb-gallery-image-ratio-land32 kb-has-image-ratio-land32\" ><img loading=\"lazy\" decoding=\"async\" src=\"https:\/\/www.turkaesthetic.com\/wp-content\/uploads\/2023\/11\/before-after-dental-implant-4.jpg\" width=\"1200\" height=\"800\" alt=\"Di\u015f implant\u0131 \u00f6ncesi ve sonras\u0131\" data-full-image=\"https:\/\/www.turkaesthetic.com\/wp-content\/uploads\/2023\/11\/before-after-dental-implant-4.jpg\" data-light-image=\"https:\/\/www.turkaesthetic.com\/wp-content\/uploads\/2023\/11\/before-after-dental-implant-4.jpg\" data-id=\"45374\" class=\"wp-image-45374 skip-lazy\"\/><\/div><\/div><\/figure><\/div><\/div><\/li><li class=\"kb-slide-item kb-gallery-slide-item splide__slide\"><div class=\"kadence-blocks-gallery-item\"><div class=\"kadence-blocks-gallery-item-inner\"><figure class=\"kb-gallery-figure kadence-blocks-gallery-item-hide-caption\"><div class=\"kb-gal-image-radius\"><div class=\"kb-gallery-image-contain kadence-blocks-gallery-intrinsic kb-gallery-image-ratio-land32 kb-has-image-ratio-land32\" ><img loading=\"lazy\" decoding=\"async\" src=\"https:\/\/www.turkaesthetic.com\/wp-content\/uploads\/2023\/11\/before-after-dental-implant-3.jpg\" width=\"1200\" height=\"800\" alt=\"Di\u015f implant\u0131 \u00f6ncesi ve sonras\u0131\" data-full-image=\"https:\/\/www.turkaesthetic.com\/wp-content\/uploads\/2023\/11\/before-after-dental-implant-3.jpg\" data-light-image=\"https:\/\/www.turkaesthetic.com\/wp-content\/uploads\/2023\/11\/before-after-dental-implant-3.jpg\" data-id=\"45365\" class=\"wp-image-45365 skip-lazy\"\/><\/div><\/div><\/figure><\/div><\/div><\/li><li class=\"kb-slide-item kb-gallery-slide-item splide__slide\"><div class=\"kadence-blocks-gallery-item\"><div class=\"kadence-blocks-gallery-item-inner\"><figure class=\"kb-gallery-figure kadence-blocks-gallery-item-hide-caption\"><div class=\"kb-gal-image-radius\"><div class=\"kb-gallery-image-contain kadence-blocks-gallery-intrinsic kb-gallery-image-ratio-land32 kb-has-image-ratio-land32\" ><img loading=\"lazy\" decoding=\"async\" src=\"https:\/\/www.turkaesthetic.com\/wp-content\/uploads\/2023\/11\/before-after-dental-implant-2.jpg\" width=\"1200\" height=\"800\" alt=\"Di\u015f implant\u0131 \u00f6ncesi ve sonras\u0131\" data-full-image=\"https:\/\/www.turkaesthetic.com\/wp-content\/uploads\/2023\/11\/before-after-dental-implant-2.jpg\" data-light-image=\"https:\/\/www.turkaesthetic.com\/wp-content\/uploads\/2023\/11\/before-after-dental-implant-2.jpg\" data-id=\"45356\" class=\"wp-image-45356 skip-lazy\"\/><\/div><\/div><\/figure><\/div><\/div><\/li><li class=\"kb-slide-item kb-gallery-slide-item splide__slide\"><div class=\"kadence-blocks-gallery-item\"><div class=\"kadence-blocks-gallery-item-inner\"><figure class=\"kb-gallery-figure kadence-blocks-gallery-item-hide-caption\"><div class=\"kb-gal-image-radius\"><div class=\"kb-gallery-image-contain kadence-blocks-gallery-intrinsic kb-gallery-image-ratio-land32 kb-has-image-ratio-land32\" ><img loading=\"lazy\" decoding=\"async\" src=\"https:\/\/www.turkaesthetic.com\/wp-content\/uploads\/2023\/11\/before-after-dental-implant-1.jpg\" width=\"1200\" height=\"800\" alt=\"Di\u015f implant\u0131 \u00f6ncesi ve sonras\u0131\" data-full-image=\"https:\/\/www.turkaesthetic.com\/wp-content\/uploads\/2023\/11\/before-after-dental-implant-1.jpg\" data-light-image=\"https:\/\/www.turkaesthetic.com\/wp-content\/uploads\/2023\/11\/before-after-dental-implant-1.jpg\" data-id=\"45347\" class=\"wp-image-45347 skip-lazy\"\/><\/div><\/div><\/figure><\/div><\/div><\/li><\/ul><\/div><\/div><\/div><\/div>\n\n\n<hr class=\"wp-block-separator has-alpha-channel-opacity\"\/>\n\n\n\n<h2 class=\"wp-block-heading\">Foire aux questions \u2013 Implants Dentaires All on 6<\/h2>\n\n\n<div id=\"rank-math-faq\" class=\"rank-math-block\">\n<div class=\"rank-math-list \">\n<div id=\"faq-question-1753701866213\" class=\"rank-math-list-item\">\n<h3 class=\"rank-math-question \">L&rsquo;intervention All-on-6 est-elle douloureuse\u00a0?<\/h3>\n<div class=\"rank-math-answer \">\n\n<p>Non. Elle est r\u00e9alis\u00e9e sous anesth\u00e9sie locale et est indolore. Une l\u00e9g\u00e8re sensibilit\u00e9 peut survenir.<\/p>\n\n<\/div>\n<\/div>\n<div id=\"faq-question-1754041887977\" class=\"rank-math-list-item\">\n<h3 class=\"rank-math-question \">Combien d&rsquo;implants sont n\u00e9cessaires\u00a0?<\/h3>\n<div class=\"rank-math-answer \">\n\n<p>En g\u00e9n\u00e9ral, six implants sont pos\u00e9s par m\u00e2choire. Ce nombre peut varier selon l&rsquo;\u00e9valuation de votre dentiste.<\/p>\n\n<\/div>\n<\/div>\n<div id=\"faq-question-1754041892381\" class=\"rank-math-list-item\">\n<h3 class=\"rank-math-question \">Combien de temps dure le traitement\u00a0?<\/h3>\n<div class=\"rank-math-answer \">\n\n<p>La premi\u00e8re \u00e9tape dure environ 2 \u00e0 3 jours. Les dents d\u00e9finitives sont pos\u00e9es apr\u00e8s 3 \u00e0 4 mois.<\/p>\n\n<\/div>\n<\/div>\n<div id=\"faq-question-1754041909932\" class=\"rank-math-list-item\">\n<h3 class=\"rank-math-question \">Convient-il \u00e0 tous\u00a0?<\/h3>\n<div class=\"rank-math-answer \">\n\n<p>Oui, pour les patients en bonne sant\u00e9 g\u00e9n\u00e9rale et pr\u00e9sentant une ossature maxillaire suffisante.<\/p>\n\n<\/div>\n<\/div>\n<div id=\"faq-question-1754041914719\" class=\"rank-math-list-item\">\n<h3 class=\"rank-math-question \">En quoi est-il diff\u00e9rent de l&rsquo;All-on-4\u00a0?<\/h3>\n<div class=\"rank-math-answer \">\n\n<p>L&rsquo;All-on-6 utilise davantage d&rsquo;implants pour un meilleur soutien, ce qui permet d&rsquo;obtenir une proth\u00e8se plus solide et plus durable.<\/p>\n\n<\/div>\n<\/div>\n<\/div>\n<\/div>\n\n\n<p>Pour plus d\u2019informations ou pour demander un devis, vous pouvez\u00a0<a href=\"https:\/\/www.turkaesthetic.com\/fr\/contact-us\/\" target=\"_blank\" rel=\"noreferrer noopener\"><strong>contacter<\/strong><\/a>\u00a0<a href=\"https:\/\/www.youtube.com\/channel\/UC0zggzdm5CFwpRMmn_CPpFQ\" target=\"_blank\" rel=\"noreferrer noopener\"><strong>Turk Aesthetic<\/strong>\u00a0<\/a>\u00e0 Istanbul, en Turquie, via ses canaux officiels.<br><\/p>\n","protected":false},"excerpt":{"rendered":"<p>La Implants Dentaires All on 6 est une m\u00e9thode de traitement avanc\u00e9e d\u00e9velopp\u00e9e pour les patients pr\u00e9sentant une perte totale de dents. Elle consiste \u00e0 placer six implants dans une m\u00e2choire pour soutenir une proth\u00e8se dentaire fixe. Compar\u00e9e aux proth\u00e8ses dentaires traditionnelles, elle est plus stable, plus esth\u00e9tique et plus durable. La technique All-on-6 implants [&hellip;]<\/p>\n","protected":false},"author":4,"featured_media":64758,"parent":0,"menu_order":0,"comment_status":"closed","ping_status":"closed","template":"","meta":{"footnotes":""},"dep":[1356],"class_list":["post-64937","page","type-page","status-publish","has-post-thumbnail","hentry","dep-cosmetic-dentistry"],"_links":{"self":[{"href":"https:\/\/www.turkaesthetic.com\/fr\/wp-json\/wp\/v2\/pages\/64937","targetHints":{"allow":["GET"]}}],"collection":[{"href":"https:\/\/www.turkaesthetic.com\/fr\/wp-json\/wp\/v2\/pages"}],"about":[{"href":"https:\/\/www.turkaesthetic.com\/fr\/wp-json\/wp\/v2\/types\/page"}],"author":[{"embeddable":true,"href":"https:\/\/www.turkaesthetic.com\/fr\/wp-json\/wp\/v2\/users\/4"}],"replies":[{"embeddable":true,"href":"https:\/\/www.turkaesthetic.com\/fr\/wp-json\/wp\/v2\/comments?post=64937"}],"version-history":[{"count":1,"href":"https:\/\/www.turkaesthetic.com\/fr\/wp-json\/wp\/v2\/pages\/64937\/revisions"}],"predecessor-version":[{"id":71333,"href":"https:\/\/www.turkaesthetic.com\/fr\/wp-json\/wp\/v2\/pages\/64937\/revisions\/71333"}],"wp:featuredmedia":[{"embeddable":true,"href":"https:\/\/www.turkaesthetic.com\/fr\/wp-json\/wp\/v2\/media\/64758"}],"wp:attachment":[{"href":"https:\/\/www.turkaesthetic.com\/fr\/wp-json\/wp\/v2\/media?parent=64937"}],"wp:term":[{"taxonomy":"dep","embeddable":true,"href":"https:\/\/www.turkaesthetic.com\/fr\/wp-json\/wp\/v2\/dep?post=64937"}],"curies":[{"name":"wp","href":"https:\/\/api.w.org\/{rel}","templated":true}]}}