{"id":64858,"date":"2025-07-26T13:09:01","date_gmt":"2025-07-26T10:09:01","guid":{"rendered":"https:\/\/www.turkaesthetic.com\/?page_id=64858"},"modified":"2025-08-04T15:05:55","modified_gmt":"2025-08-04T12:05:55","slug":"all-on-4","status":"publish","type":"page","link":"https:\/\/www.turkaesthetic.com\/fr\/all-on-4\/","title":{"rendered":"Implants All on 4"},"content":{"rendered":"\n<p>La technique des <strong>Implants All on 4<\/strong> est une m\u00e9thode de traitement innovante sp\u00e9cialement d\u00e9velopp\u00e9e pour les patients pr\u00e9sentant une perte totale de dents. Cette m\u00e9thode consiste \u00e0 poser une proth\u00e8se fixe sur une seule m\u00e2choire en pla\u00e7ant seulement quatre implants. Compar\u00e9 aux traitements implantaires traditionnels, ce syst\u00e8me est beaucoup plus rapide, plus \u00e9conomique et plus confortable. C&rsquo;est une excellente solution, notamment pour les patients ayant subi une perte osseuse ou insatisfaits de leurs proth\u00e8ses amovibles.<\/p>\n\n\n\n<p>En une seule intervention chirurgicale, quatre implants en titane sont pos\u00e9s dans la m\u00e2choire. Ces implants constituent la base d&rsquo;une proth\u00e8se dentaire fixe et esth\u00e9tique. Des dents fixes temporaires sont fix\u00e9es le jour m\u00eame, permettant ainsi au patient de rester \u00e9dent\u00e9.<\/p>\n\n\n\n<h2 class=\"wp-block-heading\">\u00c0 qui s&rsquo;adresse la technique des implants All on 4&nbsp;?<\/h2>\n\n\n\n<ul class=\"wp-block-list\">\n<li>Personnes pr\u00e9sentant une perte totale de dents.<\/li>\n\n\n\n<li>Personnes disposant d&rsquo;un volume osseux suffisant au niveau de la m\u00e2choire sup\u00e9rieure ou inf\u00e9rieure.<\/li>\n\n\n\n<li>Patients inconfortables avec les proth\u00e8ses amovibles.<\/li>\n\n\n\n<li>Patients disposant de peu de temps et souhaitant une solution rapide.<\/li>\n\n\n\n<li>Patients pour lesquels une greffe osseuse est recommand\u00e9e apr\u00e8s la pose d&rsquo;implants conventionnels.<\/li>\n\n\n\n<li>Ce traitement est id\u00e9al pour ceux qui souhaitent des dents esth\u00e9tiques et fonctionnelles en une seule journ\u00e9e, sans perdre de temps avec des interventions chirurgicales complexes.<\/li>\n<\/ul>\n\n\n\n<h3 class=\"wp-block-heading\">\u00ab&nbsp;Comment obtenir des dents fixes en 1 jour gr\u00e2ce \u00e0 la technique des implants All On 4&nbsp;?\u00bb<\/h3>\n\n\n\n<p>Dans la vid\u00e9o ci-dessous, vous pouvez d\u00e9couvrir en d\u00e9tail toutes les \u00e9tapes de la pose des implants All On 4. L&rsquo;examen, la pose des implants, la fixation des dents temporaires et la transition vers les dents fixes d\u00e9finitives sont expliqu\u00e9s visuellement. De plus, les technologies utilis\u00e9es pendant l&rsquo;intervention, les t\u00e9moignages de patients et les explications du dentiste sur le processus sont \u00e9galement inclus dans la vid\u00e9o. <\/p>\n\n\n\n<p>Si vous recherchez une solution permanente, esth\u00e9tique et confortable \u00e0 la perte de dents, cette vid\u00e9o sera id\u00e9ale pour d\u00e9couvrir le traitement plus en d\u00e9tail. Regardez-la d\u00e8s maintenant pour d\u00e9couvrir les exp\u00e9riences de patients et chaque d\u00e9tail du traitement&nbsp;! de dientes, este video es ideal para conocer el tratamiento m\u00e1s de cerca. \u00a1Vea ahora para ver experiencias reales de pacientes y cada detalle del proceso!<\/p>\n\n\n\n<figure class=\"wp-block-embed is-type-video is-provider-youtube wp-block-embed-youtube wp-embed-aspect-16-9 wp-has-aspect-ratio\"><div class=\"wp-block-embed__wrapper\">\n<iframe loading=\"lazy\" title=\"Dental Implants in Turkey: 20 Years Guarantee\" width=\"800\" height=\"450\" src=\"https:\/\/www.youtube.com\/embed\/TBysQr_RQJA?feature=oembed\" frameborder=\"0\" allow=\"accelerometer; autoplay; clipboard-write; encrypted-media; gyroscope; picture-in-picture; web-share\" referrerpolicy=\"strict-origin-when-cross-origin\" allowfullscreen><\/iframe>\n<\/div><figcaption class=\"wp-element-caption\"><strong>Implants All on 4<\/strong><\/figcaption><\/figure>\n\n\n\n<hr class=\"wp-block-separator has-alpha-channel-opacity\"\/>\n\n\n\n<h3 class=\"wp-block-heading\"><strong>Comment se d\u00e9roule l&rsquo;intervention&nbsp;?<\/strong><\/h3>\n\n\n<div id=\"rank-math-howto\" class=\"rank-math-block\" >\n<div class=\"rank-math-howto-description\">\n\n<p>Les \u00e9tapes de l&rsquo;intervention sont les suivantes\u00a0:<\/p>\n\n<\/div>\n<p class=\"rank-math-howto-duration\"><strong>Temps total\u00a0:<\/strong> <span>10 minutes<\/span><\/p>\n<div class=\"rank-math-steps \">\n<div id=\"howto-step-1753522438757\" class=\"rank-math-step\">\n<h3 class=\"rank-math-step-title \">Avant l&rsquo;intervention<\/h3>\n<div class=\"rank-math-step-content \"><p>Examen d\u00e9taill\u00e9 et imagerie 3D\u00a0: Votre dentiste examine l&rsquo;int\u00e9rieur de votre bouche et r\u00e9alise une tomographie num\u00e9rique (radiographie 3D) pour \u00e9valuer l&rsquo;\u00e9tat de votre m\u00e2choire.<br \/>Planification du traitement\u00a0: Les zones et les angles de pose des implants sont planifi\u00e9s \u00e0 l&rsquo;aide d&rsquo;un logiciel sp\u00e9cialis\u00e9.<\/p>\n<\/div>\n<\/div>\n<div id=\"howto-step-1753959253157\" class=\"rank-math-step\">\n<h3 class=\"rank-math-step-title \">Pendant l&rsquo;intervention<\/h3>\n<div class=\"rank-math-step-content \"><p>Intervention chirurgicale\u00a0: G\u00e9n\u00e9ralement r\u00e9alis\u00e9e sous anesth\u00e9sie locale, quatre implants sont pos\u00e9s (deux \u00e0 l&rsquo;avant et deux \u00e0 l&rsquo;arri\u00e8re de la m\u00e2choire). Les implants post\u00e9rieurs sont plac\u00e9s en angle pour maximiser le soutien osseux.<br \/>Proth\u00e8ses fixes temporaires\u00a0: Le patient re\u00e7oit une proth\u00e8se fixe temporaire le jour m\u00eame. Cela lui permet de continuer \u00e0 vivre sans \u00eatre \u00e9dent\u00e9.<\/p>\n<\/div>\n<\/div>\n<div id=\"howto-step-1753959258930\" class=\"rank-math-step\">\n<h3 class=\"rank-math-step-title \">Apr\u00e8s l&rsquo;intervention<\/h3>\n<div class=\"rank-math-step-content \"><p>Pose de la proth\u00e8se permanente\u00a0: Apr\u00e8s 3 \u00e0 4\u00a0mois, une fois les implants compl\u00e8tement fusionn\u00e9s \u00e0 l&rsquo;os, des dents fixes, esth\u00e9tiquement et fonctionnellement parfaites, sont pos\u00e9es.<\/p>\n<\/div>\n<\/div>\n<\/div>\n<\/div>\n<p class=\"rank-math-howto-estimatedCost\"><strong>Co\u00fbt estim\u00e9\u00a0:<\/strong> <span>360 Euro<\/span><\/p>\n\n\n\n\n\n<h4 class=\"wp-block-heading\">Pourquoi les implants All On 4&nbsp;?<\/h4>\n\n\n\n<p>Le traitement par implants All On 4 offre non seulement un sourire esth\u00e9tique, mais aussi un confort au quotidien&nbsp;:<\/p>\n\n\n\n<ul class=\"wp-block-list\">\n<li>Des dents fixes en une seule journ\u00e9e&nbsp;: les implants et les dents temporaires sont pos\u00e9s le m\u00eame jour.<\/li>\n\n\n\n<li>Moins d\u2019implants, un traitement plus \u00e9conomique&nbsp;: seulement 4&nbsp;<a href=\"https:\/\/www.turkaesthetic.com\/fr\/dental-implants\/\" target=\"_blank\" data-type=\"page\" data-id=\"15193\" rel=\"noreferrer noopener\">implants<\/a> au lieu de 8 \u00e0 10.<\/li>\n\n\n\n<li>La greffe osseuse est souvent inutile&nbsp;: la pose d\u2019implants angul\u00e9s r\u00e9duit le recours \u00e0 des interventions chirurgicales suppl\u00e9mentaires.<\/li>\n\n\n\n<li>Gain de temps&nbsp;: des r\u00e9sultats plus rapides.<\/li>\n\n\n\n<li>Nettoyage plus facile&nbsp;: con\u00e7u pour une utilisation hygi\u00e9nique.<\/li>\n\n\n\n<li>Grande satisfaction des patients&nbsp;: am\u00e9lioration de la mastication, de la parole et de l\u2019esth\u00e9tique du sourire.<\/li>\n<\/ul>\n\n\n\n<h5 class=\"wp-block-heading\">Soins post-traitement pour les implants All On 4<\/h5>\n\n\n\n<ul class=\"wp-block-list\">\n<li>Pendant les premiers jours, privil\u00e9giez les aliments mous.<\/li>\n\n\n\n<li>Maintenez une hygi\u00e8ne bucco-dentaire optimale avec des brossettes sp\u00e9ciales et des brossettes interdentaires.<\/li>\n\n\n\n<li>\u00c9vitez de fumer et de boire de l\u2019alcool, car ils peuvent nuire \u00e0 la cicatrisation.<\/li>\n\n\n\n<li>Ne n\u00e9gligez pas les contr\u00f4les r\u00e9guliers.<\/li>\n\n\n\n<li>\u00c9vitez les aliments extr\u00eamement durs jusqu\u2019\u00e0 la pose des dents d\u00e9finitives.<\/li>\n<\/ul>\n\n\n\n<h3 class=\"wp-block-heading\">Avant et apr\u00e8s les implants All-on-4<\/h3>\n\n\n\n<p>Les patients souffrant d&rsquo;une perte totale de dents obtiennent des dents esth\u00e9tiques, fixes et naturelles apr\u00e8s la pose d&rsquo;implants All-on-4. Vous pouvez observer cette transformation sur la photo ci-dessous&nbsp;:n-4-Implantaten \u00e4sthetische, feste und nat\u00fcrlich aussehende Z\u00e4hne. Diese Ver\u00e4nderung sehen Sie auf dem folgenden Foto:<\/p>\n\n\n<style>.kb-gallery-id-64858_cb51e0-86 .kadence-blocks-gallery-item .kb-gal-image-radius, .kb-gallery-id-64858_cb51e0-86 .kb-slide-item .kb-gal-image-radius img{border-radius:0px 0px 0px 0px;;}.kb-gallery-wrap-id-64858_cb51e0-86.wp-block-kadence-advancedgallery{overflow:visible;}.kb-gallery-wrap-id-64858_cb51e0-86.wp-block-kadence-advancedgallery .kt-blocks-carousel{overflow:visible;}<\/style><div class=\"kb-gallery-wrap-id-64858_cb51e0-86 alignnone wp-block-kadence-advancedgallery\"><div class=\"kb-gallery-ul kb-gallery-non-static kb-gallery-type-slider kb-gallery-id-64858_cb51e0-86 kb-gallery-caption-style-bottom-hover kb-gallery-filter-none\" data-image-filter=\"none\" data-lightbox-caption=\"true\"><div class=\"kt-blocks-carousel splide kt-carousel-container-dotstyle-dark kt-carousel-arrowstyle-whiteondark kt-carousel-dotstyle-dark kb-slider-group-arrow kb-slider-arrow-position-center\" data-slider-anim-speed=\"400\" data-slider-scroll=\"1\" data-slider-arrows=\"true\" data-slider-fade=\"true\" data-slider-dots=\"true\" data-slider-type=\"slider\" data-slider-hover-pause=\"false\" data-slider-auto=\"\" data-slider-speed=\"7000\" data-show-pause-button=\"false\"><div class=\"splide__track\"><ul class=\"kt-blocks-carousel-init kb-blocks-slider splide__list\"><li class=\"kb-slide-item kb-gallery-slide-item splide__slide\"><div class=\"kadence-blocks-gallery-item\"><div class=\"kadence-blocks-gallery-item-inner\"><figure class=\"kb-gallery-figure kadence-blocks-gallery-item-hide-caption\"><div class=\"kb-gal-image-radius\"><div class=\"kb-gallery-image-contain kadence-blocks-gallery-intrinsic kb-gallery-image-ratio-land32 kb-has-image-ratio-land32\" ><img loading=\"lazy\" decoding=\"async\" src=\"https:\/\/www.turkaesthetic.com\/wp-content\/uploads\/2023\/11\/before-after-dental-implant-4.jpg\" width=\"1200\" height=\"800\" alt=\"Di\u015f implant\u0131 \u00f6ncesi ve sonras\u0131\" data-full-image=\"https:\/\/www.turkaesthetic.com\/wp-content\/uploads\/2023\/11\/before-after-dental-implant-4.jpg\" data-light-image=\"https:\/\/www.turkaesthetic.com\/wp-content\/uploads\/2023\/11\/before-after-dental-implant-4.jpg\" data-id=\"45374\" class=\"wp-image-45374 skip-lazy\"\/><\/div><\/div><\/figure><\/div><\/div><\/li><li class=\"kb-slide-item kb-gallery-slide-item splide__slide\"><div class=\"kadence-blocks-gallery-item\"><div class=\"kadence-blocks-gallery-item-inner\"><figure class=\"kb-gallery-figure kadence-blocks-gallery-item-hide-caption\"><div class=\"kb-gal-image-radius\"><div class=\"kb-gallery-image-contain kadence-blocks-gallery-intrinsic kb-gallery-image-ratio-land32 kb-has-image-ratio-land32\" ><img loading=\"lazy\" decoding=\"async\" src=\"https:\/\/www.turkaesthetic.com\/wp-content\/uploads\/2023\/11\/before-after-dental-implant-3.jpg\" width=\"1200\" height=\"800\" alt=\"Di\u015f implant\u0131 \u00f6ncesi ve sonras\u0131\" data-full-image=\"https:\/\/www.turkaesthetic.com\/wp-content\/uploads\/2023\/11\/before-after-dental-implant-3.jpg\" data-light-image=\"https:\/\/www.turkaesthetic.com\/wp-content\/uploads\/2023\/11\/before-after-dental-implant-3.jpg\" data-id=\"45365\" class=\"wp-image-45365 skip-lazy\"\/><\/div><\/div><\/figure><\/div><\/div><\/li><li class=\"kb-slide-item kb-gallery-slide-item splide__slide\"><div class=\"kadence-blocks-gallery-item\"><div class=\"kadence-blocks-gallery-item-inner\"><figure class=\"kb-gallery-figure kadence-blocks-gallery-item-hide-caption\"><div class=\"kb-gal-image-radius\"><div class=\"kb-gallery-image-contain kadence-blocks-gallery-intrinsic kb-gallery-image-ratio-land32 kb-has-image-ratio-land32\" ><img loading=\"lazy\" decoding=\"async\" src=\"https:\/\/www.turkaesthetic.com\/wp-content\/uploads\/2023\/11\/before-after-dental-implant-2.jpg\" width=\"1200\" height=\"800\" alt=\"Di\u015f implant\u0131 \u00f6ncesi ve sonras\u0131\" data-full-image=\"https:\/\/www.turkaesthetic.com\/wp-content\/uploads\/2023\/11\/before-after-dental-implant-2.jpg\" data-light-image=\"https:\/\/www.turkaesthetic.com\/wp-content\/uploads\/2023\/11\/before-after-dental-implant-2.jpg\" data-id=\"45356\" class=\"wp-image-45356 skip-lazy\"\/><\/div><\/div><\/figure><\/div><\/div><\/li><li class=\"kb-slide-item kb-gallery-slide-item splide__slide\"><div class=\"kadence-blocks-gallery-item\"><div class=\"kadence-blocks-gallery-item-inner\"><figure class=\"kb-gallery-figure kadence-blocks-gallery-item-hide-caption\"><div class=\"kb-gal-image-radius\"><div class=\"kb-gallery-image-contain kadence-blocks-gallery-intrinsic kb-gallery-image-ratio-land32 kb-has-image-ratio-land32\" ><img loading=\"lazy\" decoding=\"async\" src=\"https:\/\/www.turkaesthetic.com\/wp-content\/uploads\/2023\/11\/before-after-dental-implant-1.jpg\" width=\"1200\" height=\"800\" alt=\"Di\u015f implant\u0131 \u00f6ncesi ve sonras\u0131\" data-full-image=\"https:\/\/www.turkaesthetic.com\/wp-content\/uploads\/2023\/11\/before-after-dental-implant-1.jpg\" data-light-image=\"https:\/\/www.turkaesthetic.com\/wp-content\/uploads\/2023\/11\/before-after-dental-implant-1.jpg\" data-id=\"45347\" class=\"wp-image-45347 skip-lazy\"\/><\/div><\/div><\/figure><\/div><\/div><\/li><\/ul><\/div><\/div><\/div><\/div>\n\n\n<hr class=\"wp-block-separator has-alpha-channel-opacity\"\/>\n\n\n\n<h2 class=\"wp-block-heading\">Foire aux questions \u2013 Implants All on 4<\/h2>\n\n\n<div id=\"rank-math-faq\" class=\"rank-math-block\">\n<div class=\"rank-math-list \">\n<div id=\"faq-question-1753522615956\" class=\"rank-math-list-item\">\n<h3 class=\"rank-math-question \">L&rsquo;intervention All on 4 est-elle douloureuse?<\/h3>\n<div class=\"rank-math-answer \">\n\n<p>Non. Elle est r\u00e9alis\u00e9e sous anesth\u00e9sie locale et est indolore. Une l\u00e9g\u00e8re sensibilit\u00e9 peut survenir par la suite.<\/p>\n\n<\/div>\n<\/div>\n<div id=\"faq-question-1753959348300\" class=\"rank-math-list-item\">\n<h3 class=\"rank-math-question \">Les dents sont-elles r\u00e9ellement pos\u00e9es le jour m\u00eame?<\/h3>\n<div class=\"rank-math-answer \">\n\n<p>Oui. Dans certains cas, des dents fixes temporaires sont pos\u00e9es le jour m\u00eame, afin que le patient ne soit pas \u00e9dent\u00e9.<\/p>\n\n<\/div>\n<\/div>\n<div id=\"faq-question-1753959351744\" class=\"rank-math-list-item\">\n<h3 class=\"rank-math-question \">Quelle est la dur\u00e9e de vie des implants All on 4?<\/h3>\n<div class=\"rank-math-answer \">\n\n<p>Avec des soins appropri\u00e9s et des contr\u00f4les r\u00e9guliers, ils peuvent durer toute la vie.<\/p>\n\n<\/div>\n<\/div>\n<div id=\"faq-question-1753959356250\" class=\"rank-math-list-item\">\n<h3 class=\"rank-math-question \">Combien de jours dois-je rester \u00e0 Istanbul?<\/h3>\n<div class=\"rank-math-answer \">\n\n<p>Pour la premi\u00e8re \u00e9tape, 2 \u00e0 3\u00a0jours suffisent g\u00e9n\u00e9ralement. Pour la deuxi\u00e8me visite, pour la pose des dents d\u00e9finitives, 5 \u00e0 7\u00a0jours suffisent.<\/p>\n\n<\/div>\n<\/div>\n<div id=\"faq-question-1753959361740\" class=\"rank-math-list-item\">\n<h3 class=\"rank-math-question \">Est-il possible de poser All on 4 sur une seule m\u00e2choire?<\/h3>\n<div class=\"rank-math-answer \">\n\n<p>Oui. Il peut \u00eatre pos\u00e9 uniquement sur la m\u00e2choire sup\u00e9rieure ou inf\u00e9rieure.<\/p>\n\n<\/div>\n<\/div>\n<\/div>\n<\/div>\n\n\n<p>Pour plus d\u2019informations ou pour demander un devis, vous pouvez&nbsp;<a href=\"https:\/\/www.turkaesthetic.com\/fr\/contact-us\/\" target=\"_blank\" rel=\"noreferrer noopener\"><strong>contacter<\/strong><\/a>&nbsp;<a href=\"https:\/\/www.youtube.com\/channel\/UC0zggzdm5CFwpRMmn_CPpFQ\" target=\"_blank\" rel=\"noreferrer noopener\"><strong>Turk Aesthetic<\/strong>&nbsp;<\/a>\u00e0 Istanbul, en Turquie, via ses canaux officiels.<br><br><\/p>\n","protected":false},"excerpt":{"rendered":"<p>La technique des Implants All on 4 est une m\u00e9thode de traitement innovante sp\u00e9cialement d\u00e9velopp\u00e9e pour les patients pr\u00e9sentant une perte totale de dents. Cette m\u00e9thode consiste \u00e0 poser une proth\u00e8se fixe sur une seule m\u00e2choire en pla\u00e7ant seulement quatre implants. Compar\u00e9 aux traitements implantaires traditionnels, ce syst\u00e8me est beaucoup plus rapide, plus \u00e9conomique et [&hellip;]<\/p>\n","protected":false},"author":4,"featured_media":64741,"parent":0,"menu_order":0,"comment_status":"closed","ping_status":"closed","template":"","meta":{"footnotes":""},"dep":[1356],"class_list":["post-64858","page","type-page","status-publish","has-post-thumbnail","hentry","dep-cosmetic-dentistry"],"_links":{"self":[{"href":"https:\/\/www.turkaesthetic.com\/fr\/wp-json\/wp\/v2\/pages\/64858","targetHints":{"allow":["GET"]}}],"collection":[{"href":"https:\/\/www.turkaesthetic.com\/fr\/wp-json\/wp\/v2\/pages"}],"about":[{"href":"https:\/\/www.turkaesthetic.com\/fr\/wp-json\/wp\/v2\/types\/page"}],"author":[{"embeddable":true,"href":"https:\/\/www.turkaesthetic.com\/fr\/wp-json\/wp\/v2\/users\/4"}],"replies":[{"embeddable":true,"href":"https:\/\/www.turkaesthetic.com\/fr\/wp-json\/wp\/v2\/comments?post=64858"}],"version-history":[{"count":0,"href":"https:\/\/www.turkaesthetic.com\/fr\/wp-json\/wp\/v2\/pages\/64858\/revisions"}],"wp:featuredmedia":[{"embeddable":true,"href":"https:\/\/www.turkaesthetic.com\/fr\/wp-json\/wp\/v2\/media\/64741"}],"wp:attachment":[{"href":"https:\/\/www.turkaesthetic.com\/fr\/wp-json\/wp\/v2\/media?parent=64858"}],"wp:term":[{"taxonomy":"dep","embeddable":true,"href":"https:\/\/www.turkaesthetic.com\/fr\/wp-json\/wp\/v2\/dep?post=64858"}],"curies":[{"name":"wp","href":"https:\/\/api.w.org\/{rel}","templated":true}]}}