{"id":64800,"date":"2025-07-25T17:03:12","date_gmt":"2025-07-25T14:03:12","guid":{"rendered":"https:\/\/www.turkaesthetic.com\/?page_id=64800"},"modified":"2025-08-07T12:52:41","modified_gmt":"2025-08-07T09:52:41","slug":"root-canal-treatment","status":"publish","type":"page","link":"https:\/\/www.turkaesthetic.com\/fr\/root-canal-treatment\/","title":{"rendered":"Traitement du Canal"},"content":{"rendered":"\n<p>Le <strong>traitement du canal <\/strong>radiculaire est une intervention dentaire pratiqu\u00e9e lorsque le tissu vivant (pulpe) \u00e0 l&rsquo;int\u00e9rieur de la dent est enflamm\u00e9 ou endommag\u00e9. Il vise \u00e0 pr\u00e9venir l&rsquo;extraction de la dent infect\u00e9e et \u00e0 garantir sa sant\u00e9 bucco-dentaire.<\/p>\n\n\n\n<p>Cette affection se manifeste g\u00e9n\u00e9ralement par des sympt\u00f4mes tels que douleur, sensibilit\u00e9, sensibilit\u00e9 au chaud ou au froid, ou la pr\u00e9sence d&rsquo;un abc\u00e8s. Cependant, un traitement du canal radiculaire effectu\u00e9 \u00e0 temps permet de sauver la dent et de la maintenir fonctionnelle pendant de nombreuses ann\u00e9es.<\/p>\n\n\n\n<h2 class=\"wp-block-heading\">Pourquoi un Traitement du Canal radiculaire est-il n\u00e9cessaire\u00a0?<\/h2>\n\n\n\n<p>Les tissus nerveux et sanguins \u00e0 l&rsquo;int\u00e9rieur de la dent peuvent s&rsquo;enflammer ou \u00eatre endommag\u00e9s pour diverses raisons, telles que&nbsp;:<\/p>\n\n\n\n<ul class=\"wp-block-list\">\n<li>Caries profondes<\/li>\n\n\n\n<li>Fractures dentaires caus\u00e9es par un traumatisme<\/li>\n\n\n\n<li>Obturations ant\u00e9rieures d\u00e9fectueuses<\/li>\n\n\n\n<li>Coup violent sur la dent<\/li>\n\n\n\n<li>Infection ou abc\u00e8s dentaire<\/li>\n\n\n\n<li>Non trait\u00e9es, ces affections peuvent entra\u00eener la propagation de l&rsquo;infection aux tissus environnants et, \u00e0 terme, la perte de la dent. Le <a href=\"https:\/\/www.turkaesthetic.com\/fr\/treatment\/\" target=\"_blank\" data-type=\"page\" data-id=\"27960\" rel=\"noreferrer noopener\">traitement<\/a> du canal radiculaire est donc la solution id\u00e9ale pour sauver la dent plut\u00f4t que de l&rsquo;extraire.<\/li>\n<\/ul>\n\n\n\n<figure class=\"wp-block-embed is-type-video is-provider-youtube wp-block-embed-youtube wp-embed-aspect-16-9 wp-has-aspect-ratio\"><div class=\"wp-block-embed__wrapper\">\n<iframe loading=\"lazy\" title=\"Root Canal Treatment in Turkey - Turk Aesthetic\" width=\"800\" height=\"450\" src=\"https:\/\/www.youtube.com\/embed\/zgCdD_UW0tg?feature=oembed\" frameborder=\"0\" allow=\"accelerometer; autoplay; clipboard-write; encrypted-media; gyroscope; picture-in-picture; web-share\" referrerpolicy=\"strict-origin-when-cross-origin\" allowfullscreen><\/iframe>\n<\/div><figcaption class=\"wp-element-caption\">Traitement du Canal<\/figcaption><\/figure>\n\n\n\n<hr class=\"wp-block-separator has-alpha-channel-opacity\"\/>\n\n\n\n<h3 class=\"wp-block-heading\">Comment \u00e7a se passe\u00a0?<\/h3>\n\n\n<div id=\"rank-math-howto\" class=\"rank-math-block\" >\n<div class=\"rank-math-howto-description\">\n\n<p>Le traitement du canal radiculaire est une intervention indolore, r\u00e9alis\u00e9e sous anesth\u00e9sie locale, qui se d\u00e9roule g\u00e9n\u00e9ralement en une ou deux s\u00e9ances.<\/p>\n\n<\/div>\n<p class=\"rank-math-howto-duration\"><strong>Temps total\u00a0:<\/strong> <span>20 minutes<\/span><\/p>\n<div class=\"rank-math-steps \">\n<div id=\"howto-step-1753451839847\" class=\"rank-math-step\">\n<h3 class=\"rank-math-step-title \">Avant l\u2019intervention\u00a0:<\/h3>\n<div class=\"rank-math-step-content \"><p>Examen et radiographie\u00a0: L\u2019\u00e9tat de la dent est \u00e9valu\u00e9 et l\u2019\u00e9tendue du tissu infect\u00e9 est d\u00e9termin\u00e9e.<\/p>\n<\/div>\n<\/div>\n<div id=\"howto-step-1753791544129\" class=\"rank-math-step\">\n<h3 class=\"rank-math-step-title \">Pendant l\u2019intervention\u00a0:<\/h3>\n<div class=\"rank-math-step-content \"><p>Acc\u00e8s \u00e0 la dent\u00a0: La carie est retir\u00e9e et l\u2019acc\u00e8s \u00e0 la partie interne de la dent est r\u00e9alis\u00e9.<br \/>Anesth\u00e9sie locale\u00a0: L\u2019intervention est indolore.<br \/>Nettoyage du canal\u00a0: Le tissu nerveux infect\u00e9 est retir\u00e9 \u00e0 l\u2019aide d\u2019instruments sp\u00e9ciaux et les canaux sont d\u00e9sinfect\u00e9s.<br \/>Mise en forme du canal\u00a0: Les canaux sont mis en forme et s\u00e9ch\u00e9s correctement.<br \/>Obturation du canal\u00a0: Les canaux nettoy\u00e9s sont obtur\u00e9s avec un mat\u00e9riau d\u2019obturation sp\u00e9cial.<\/p>\n<\/div>\n<\/div>\n<div id=\"howto-step-1753791550049\" class=\"rank-math-step\">\n<h3 class=\"rank-math-step-title \">Apr\u00e8s l\u2019intervention\u00a0:<\/h3>\n<div class=\"rank-math-step-content \"><p>Obturation sup\u00e9rieure ou couronne\u00a0: Si n\u00e9cessaire, la partie sup\u00e9rieure de la dent est restaur\u00e9e avec une obturation ou une couronne en porcelaine.<\/p>\n<\/div>\n<\/div>\n<\/div>\n<\/div>\n<p class=\"rank-math-howto-estimatedCost\"><strong>Co\u00fbt estim\u00e9\u00a0:<\/strong> <span>75 Euro<\/span><\/p>\n\n\n\n\n\n<h4 class=\"wp-block-heading\">Avantages Traitement du Canal<\/h4>\n\n\n\n<ul class=\"wp-block-list\">\n<li>\u00c9vite l\u2019extraction dentaire.<\/li>\n\n\n\n<li>Pr\u00e9serve la structure naturelle de la dent.<\/li>\n\n\n\n<li>Maintient la fonction masticatoire.<\/li>\n\n\n\n<li>Conserve l\u2019esth\u00e9tique.<\/li>\n\n\n\n<li>Offre des r\u00e9sultats durables.<\/li>\n\n\n\n<li>Avec des contr\u00f4les r\u00e9guliers et une bonne hygi\u00e8ne bucco-dentaire, une dent ayant subi un traitement de canal peut rester saine et fonctionnelle pendant de nombreuses ann\u00e9es.<\/li>\n<\/ul>\n\n\n\n<h3 class=\"wp-block-heading\">Soins post-traitement apr\u00e8s un traitement de canal<\/h3>\n\n\n\n<p>La gu\u00e9rison apr\u00e8s un traitement de canal est g\u00e9n\u00e9ralement facile, mais pour garantir un r\u00e9sultat optimal, il est conseill\u00e9 de suivre les conseils suivants&nbsp;:<\/p>\n\n\n\n<p><strong>\u00c9viter les aliments durs pendant les 24\u00a0premi\u00e8res heures<\/strong><\/p>\n\n\n\n<p>La dent trait\u00e9e peut encore \u00eatre fragile et risquer de se fissurer. Privil\u00e9giez les aliments mous pendant cette p\u00e9riode.<\/p>\n\n\n\n<p><strong>Une sensibilit\u00e9 temporaire est normale<\/strong><\/p>\n\n\n\n<p>Une l\u00e9g\u00e8re g\u00eane ou une sensibilit\u00e9 au chaud ou au froid peuvent survenir. Celle-ci dispara\u00eet g\u00e9n\u00e9ralement en quelques jours.<\/p>\n\n\n\n<p><strong>Maintenir une bonne hygi\u00e8ne bucco-dentaire<\/strong><\/p>\n\n\n\n<p>Brossez-vous les <a href=\"https:\/\/www.turkaesthetic.com\/fr\/dentistry-fr\/dental-cleaning\/\" target=\"_blank\" data-type=\"post\" data-id=\"20020\" rel=\"noreferrer noopener\">dents<\/a> deux fois par jour et n&rsquo;oubliez pas d&rsquo;utiliser du fil dentaire r\u00e9guli\u00e8rement.<\/p>\n\n\n\n<p><strong>Assurez-vous de vos rendez-vous de suivi chez le dentiste<\/strong><\/p>\n\n\n\n<p>Ne manquez pas vos examens de contr\u00f4le. Si n\u00e9cessaire, votre dentiste pourra vous recommander une couronne pour une protection suppl\u00e9mentaire.<\/p>\n\n\n\n<p><strong>Signaler une douleur ou un gonflement persistant<\/strong><\/p>\n\n\n\n<p>Si vous ressentez une douleur, un gonflement ou une pression persistants, consultez imm\u00e9diatement votre dentiste.<\/p>\n\n\n\n<h2 class=\"wp-block-heading\">Foire aux questions &#8211; Traitement du Canal<\/h2>\n\n\n<div id=\"rank-math-faq\" class=\"rank-math-block\">\n<div class=\"rank-math-list \">\n<div id=\"faq-question-1753452010678\" class=\"rank-math-list-item\">\n<h3 class=\"rank-math-question \">Le traitement de canal est-il douloureux\u00a0?<\/h3>\n<div class=\"rank-math-answer \">\n\n<p>Non. L&rsquo;intervention est r\u00e9alis\u00e9e sous anesth\u00e9sie locale, ce qui la rend indolore. Un l\u00e9ger inconfort apr\u00e8s l&rsquo;intervention est normal et temporaire.<\/p>\n\n<\/div>\n<\/div>\n<div id=\"faq-question-1753791631082\" class=\"rank-math-list-item\">\n<h3 class=\"rank-math-question \">Combien de s\u00e9ances faut-il\u00a0?<\/h3>\n<div class=\"rank-math-answer \">\n\n<p>Dans la plupart des cas, une seule s\u00e9ance suffit. Une deuxi\u00e8me visite peut \u00eatre n\u00e9cessaire en cas d&rsquo;infection.<\/p>\n\n<\/div>\n<\/div>\n<div id=\"faq-question-1753791635774\" class=\"rank-math-list-item\">\n<h3 class=\"rank-math-question \">Combien de temps la dent durera-t-elle apr\u00e8s le traitement\u00a0?<\/h3>\n<div class=\"rank-math-answer \">\n\n<p>Avec des soins appropri\u00e9s, une dent trait\u00e9e par un traitement de canal peut durer 10\u00a0ans ou plus.<\/p>\n\n<\/div>\n<\/div>\n<div id=\"faq-question-1753791640650\" class=\"rank-math-list-item\">\n<h3 class=\"rank-math-question \">Une couronne est-elle n\u00e9cessaire par la suite\u00a0?<\/h3>\n<div class=\"rank-math-answer \">\n\n<p>Elle est g\u00e9n\u00e9ralement n\u00e9cessaire pour les dents post\u00e9rieures. Une obturation peut suffire pour les dents ant\u00e9rieures.<\/p>\n\n<\/div>\n<\/div>\n<div id=\"faq-question-1753791645181\" class=\"rank-math-list-item\">\n<h3 class=\"rank-math-question \">Une dent trait\u00e9e par un traitement de canal peut-elle s&rsquo;infecter \u00e0 nouveau\u00a0?<\/h3>\n<div class=\"rank-math-answer \">\n\n<p>Oui, surtout en cas de mauvaise hygi\u00e8ne bucco-dentaire ou de fuite de l&rsquo;obturation. Des contr\u00f4les dentaires r\u00e9guliers sont essentiels.<\/p>\n\n<\/div>\n<\/div>\n<\/div>\n<\/div>\n\n\n<p>Pour plus d\u2019informations ou pour demander un devis, vous pouvez\u00a0<a href=\"https:\/\/www.turkaesthetic.com\/fr\/contact-us\/\" target=\"_blank\" rel=\"noreferrer noopener\"><strong>contacter<\/strong><\/a>\u00a0<a href=\"https:\/\/www.youtube.com\/channel\/UC0zggzdm5CFwpRMmn_CPpFQ\" target=\"_blank\" rel=\"noreferrer noopener\"><strong>Turk Aesthetic<\/strong>\u00a0<\/a>\u00e0 Istanbul, en Turquie, via ses canaux officiels.<\/p>\n","protected":false},"excerpt":{"rendered":"<p>Le traitement du canal radiculaire est une intervention dentaire pratiqu\u00e9e lorsque le tissu vivant (pulpe) \u00e0 l&rsquo;int\u00e9rieur de la dent est enflamm\u00e9 ou endommag\u00e9. Il vise \u00e0 pr\u00e9venir l&rsquo;extraction de la dent infect\u00e9e et \u00e0 garantir sa sant\u00e9 bucco-dentaire. Cette affection se manifeste g\u00e9n\u00e9ralement par des sympt\u00f4mes tels que douleur, sensibilit\u00e9, sensibilit\u00e9 au chaud ou [&hellip;]<\/p>\n","protected":false},"author":4,"featured_media":64711,"parent":0,"menu_order":0,"comment_status":"closed","ping_status":"closed","template":"","meta":{"footnotes":""},"dep":[1356],"class_list":["post-64800","page","type-page","status-publish","has-post-thumbnail","hentry","dep-cosmetic-dentistry"],"_links":{"self":[{"href":"https:\/\/www.turkaesthetic.com\/fr\/wp-json\/wp\/v2\/pages\/64800","targetHints":{"allow":["GET"]}}],"collection":[{"href":"https:\/\/www.turkaesthetic.com\/fr\/wp-json\/wp\/v2\/pages"}],"about":[{"href":"https:\/\/www.turkaesthetic.com\/fr\/wp-json\/wp\/v2\/types\/page"}],"author":[{"embeddable":true,"href":"https:\/\/www.turkaesthetic.com\/fr\/wp-json\/wp\/v2\/users\/4"}],"replies":[{"embeddable":true,"href":"https:\/\/www.turkaesthetic.com\/fr\/wp-json\/wp\/v2\/comments?post=64800"}],"version-history":[{"count":0,"href":"https:\/\/www.turkaesthetic.com\/fr\/wp-json\/wp\/v2\/pages\/64800\/revisions"}],"wp:featuredmedia":[{"embeddable":true,"href":"https:\/\/www.turkaesthetic.com\/fr\/wp-json\/wp\/v2\/media\/64711"}],"wp:attachment":[{"href":"https:\/\/www.turkaesthetic.com\/fr\/wp-json\/wp\/v2\/media?parent=64800"}],"wp:term":[{"taxonomy":"dep","embeddable":true,"href":"https:\/\/www.turkaesthetic.com\/fr\/wp-json\/wp\/v2\/dep?post=64800"}],"curies":[{"name":"wp","href":"https:\/\/api.w.org\/{rel}","templated":true}]}}