{"id":64568,"date":"2025-07-07T15:29:11","date_gmt":"2025-07-07T12:29:11","guid":{"rendered":"https:\/\/www.turkaesthetic.com\/?page_id=64568"},"modified":"2025-08-06T16:30:35","modified_gmt":"2025-08-06T13:30:35","slug":"laser-teeth-whitening","status":"publish","type":"page","link":"https:\/\/www.turkaesthetic.com\/fr\/laser-teeth-whitening\/","title":{"rendered":"Blanchiment Dentaire"},"content":{"rendered":"\n<p>Le <strong>blanchiment dentaire<\/strong> au laser (bleaching) est un traitement <a href=\"https:\/\/www.turkaesthetic.com\/fr\/aesthetic-dentistry\/\" target=\"_blank\" data-type=\"page\" data-id=\"27985\" rel=\"noreferrer noopener\">dentaire esth\u00e9tique<\/a> rapide et efficace qui vise \u00e0 \u00e9liminer le jaunissement, les taches et l&rsquo;aspect terne des dents. Un gel blanchissant sp\u00e9cial, appliqu\u00e9 sur la surface des dents, est activ\u00e9 par la lumi\u00e8re laser. Il permet ainsi d&rsquo;obtenir des dents plusieurs tons plus blanches sans endommager l&rsquo;\u00e9mail.<\/p>\n\n\n\n<p>Aujourd&rsquo;hui, face \u00e0 l&rsquo;int\u00e9r\u00eat croissant pour l&rsquo;esth\u00e9tique du sourire, le blanchiment assist\u00e9 par laser est fr\u00e9quemment privil\u00e9gi\u00e9 par les femmes comme par les hommes. Il offre une solution rapide, notamment pour les d\u00e9colorations caus\u00e9es par la consommation de th\u00e9, de caf\u00e9 et de tabac.<\/p>\n\n\n\n<figure class=\"wp-block-embed is-type-video is-provider-youtube wp-block-embed-youtube wp-embed-aspect-16-9 wp-has-aspect-ratio\"><div class=\"wp-block-embed__wrapper\">\n<iframe loading=\"lazy\" title=\"Teeth Whitening - Turk Aesthetic\" width=\"800\" height=\"450\" src=\"https:\/\/www.youtube.com\/embed\/p0FJ2ExiKfM?feature=oembed\" frameborder=\"0\" allow=\"accelerometer; autoplay; clipboard-write; encrypted-media; gyroscope; picture-in-picture; web-share\" referrerpolicy=\"strict-origin-when-cross-origin\" allowfullscreen><\/iframe>\n<\/div><figcaption class=\"wp-element-caption\">Blanchiment Dentaire<\/figcaption><\/figure>\n\n\n\n<h2 class=\"wp-block-heading\">M\u00e9thodes de blanchiment des dents<\/h2>\n\n\n\n<p>Le blanchiment des dents s&rsquo;effectue g\u00e9n\u00e9ralement selon trois m\u00e9thodes principales&nbsp;:<\/p>\n\n\n\n<ol class=\"wp-block-list\">\n<li><strong>Blanchiment dentaire au laser en cabinet<\/strong><\/li>\n<\/ol>\n\n\n\n<p>Cette m\u00e9thode est r\u00e9alis\u00e9e par un dentiste sp\u00e9cialis\u00e9 en clinique. Un gel blanchissant sp\u00e9cial est appliqu\u00e9 sur les dents, puis activ\u00e9 par la lumi\u00e8re laser. La proc\u00e9dure dure environ 30 \u00e0 45 minutes et les r\u00e9sultats sont imm\u00e9diatement visibles. C&rsquo;est la m\u00e9thode la plus efficace et la plus rapide.<\/p>\n\n\n\n<ol start=\"2\" class=\"wp-block-list\">\n<li><strong>Blanchiment \u00e0 domicile<\/strong><\/li>\n<\/ol>\n\n\n\n<p>Des kits de blanchiment dentaire \u00e0 domicile sont disponibles en pharmacie ou dans les magasins de produits m\u00e9dicaux.<\/p>\n\n\n\n<h2 class=\"wp-block-heading\">Comment se d\u00e9roule le blanchiment dentaire au laser&nbsp;?<\/h2>\n\n\n<div id=\"rank-math-howto\" class=\"rank-math-block\" >\n<div class=\"rank-math-howto-description\">\n\n<p>Le blanchiment dentaire au laser se d\u00e9roule selon les \u00e9tapes suivantes\u00a0:<\/p>\n\n<\/div>\n<p class=\"rank-math-howto-duration\"><strong>Temps total\u00a0:<\/strong> <span>45 minutes<\/span><\/p>\n<div class=\"rank-math-steps \">\n<div id=\"howto-step-1752677165047\" class=\"rank-math-step\">\n<h3 class=\"rank-math-step-title \">Examen et \u00e9valuation\u00a0:<\/h3>\n<div class=\"rank-math-step-content \"><p>Le dentiste examine les gencives, la pr\u00e9sence de caries et l\u2019\u00e9tat de sant\u00e9 bucco-dentaire g\u00e9n\u00e9ral.<\/p>\n<\/div>\n<\/div>\n<div id=\"howto-step-1752678086618\" class=\"rank-math-step\">\n<h3 class=\"rank-math-step-title \">Nettoyage des dents\u00a0:<\/h3>\n<div class=\"rank-math-step-content \"><p>En cas d\u2019accumulation de tartre, celui-ci est \u00e9limin\u00e9 avant l\u2019intervention et l\u2019hygi\u00e8ne bucco-dentaire est assur\u00e9e.<\/p>\n<\/div>\n<\/div>\n<div id=\"howto-step-1752678093232\" class=\"rank-math-step\">\n<h3 class=\"rank-math-step-title \">Application du gel\u00a0:<\/h3>\n<div class=\"rank-math-step-content \"><p>Les gencives sont isol\u00e9es avec un mat\u00e9riau protecteur sp\u00e9cial, puis un gel blanchissant est appliqu\u00e9 sur la surface des dents.<\/p>\n<\/div>\n<\/div>\n<div id=\"howto-step-1752678098934\" class=\"rank-math-step\">\n<h3 class=\"rank-math-step-title \">Activation par la lumi\u00e8re laser\u00a0:<\/h3>\n<div class=\"rank-math-step-content \"><p>La lumi\u00e8re laser active les ingr\u00e9dients du gel, \u00e9claircissant ainsi la couleur des dents. Cette \u00e9tape dure g\u00e9n\u00e9ralement 15 \u00e0 20\u00a0minutes et peut \u00eatre r\u00e9p\u00e9t\u00e9e 1 \u00e0 2\u00a0fois.<\/p>\n<\/div>\n<\/div>\n<\/div>\n<\/div>\n<p class=\"rank-math-howto-estimatedCost\"><strong>Co\u00fbt estim\u00e9\u00a0:<\/strong> <span>150 Euro<\/span><\/p>\n\n\n\n\n\n<h3 class=\"wp-block-heading\">Avantages du blanchiment dentaire au laser<\/h3>\n\n\n\n<p>Le blanchiment dentaire au laser offre de nombreux avantages&nbsp;:<\/p>\n\n\n\n<ul class=\"wp-block-list\">\n<li>R\u00e9sultats rapides&nbsp;: Des dents visiblement plus blanches en une seule s\u00e9ance.<\/li>\n\n\n\n<li>Indolore et confortable&nbsp;: Aucune anesth\u00e9sie locale n\u2019est n\u00e9cessaire et, g\u00e9n\u00e9ralement, aucune douleur ni g\u00eane n\u2019est ressentie.<\/li>\n\n\n\n<li>Proc\u00e9dure s\u00fbre&nbsp;: R\u00e9alis\u00e9e par des experts, elle n\u2019endommage pas l\u2019\u00e9mail des dents.<\/li>\n\n\n\n<li>Am\u00e9lioration esth\u00e9tique&nbsp;: Un sourire plus \u00e9clatant et plus \u00e9clatant.<\/li>\n\n\n\n<li>Effet longue dur\u00e9e&nbsp;: Avec des soins appropri\u00e9s, les r\u00e9sultats peuvent durer de 1 \u00e0 2&nbsp;ans.<\/li>\n<\/ul>\n\n\n\n<h3 class=\"wp-block-heading\">Points \u00e0 consid\u00e9rer apr\u00e8s un blanchiment dentaire au laser<\/h3>\n\n\n\n<p>Apr\u00e8s une s\u00e9ance de blanchiment, l\u2019effet du gel blanchissant persiste pendant un certain temps. Durant cette p\u00e9riode, les dents deviennent plus sensibles aux facteurs externes. Pour obtenir des r\u00e9sultats durables et sains, il est recommand\u00e9 de respecter les points suivants&nbsp;:<\/p>\n\n\n\n<p><strong>\u00c9viter de manger et de boire pendant les 2&nbsp;premi\u00e8res heures.<br><\/strong>Une sensibilit\u00e9 dentaire temporaire peut appara\u00eetre apr\u00e8s la proc\u00e9dure. Pendant cette p\u00e9riode, s\u2019abstenir de manger et de boire permet au gel de bien agir.<\/p>\n\n\n\n<p><strong>\u00c9viter les consommables chauds et froids<\/strong><\/p>\n\n\n\n<p>Pendant les 24&nbsp;premi\u00e8res heures, \u00e9viter les aliments et boissons extr\u00eamement chauds ou froids. Les soupes, le caf\u00e9 et les glaces, en particulier, peuvent augmenter la sensibilit\u00e9 dentaire.<\/p>\n\n\n\n<p><strong>\u00c9vitez le th\u00e9, le caf\u00e9 et les aliments color\u00e9s<\/strong><\/p>\n\n\n\n<p>Pendant au moins une semaine, \u00e9vitez les aliments et boissons color\u00e9s comme le th\u00e9, le caf\u00e9, le vin rouge, le jus de cerise et la sauce tomate. Ces substances peuvent provoquer une d\u00e9coloration des dents.<\/p>\n\n\n\n<p><strong>Ne fumez pas et n&rsquo;utilisez pas de produits du tabac<\/strong><\/p>\n\n\n\n<p>Fumer r\u00e9duit non seulement la blancheur des dents, mais nuit \u00e9galement aux gencives et \u00e0 la sant\u00e9 bucco-dentaire en g\u00e9n\u00e9ral. Il est essentiel d&rsquo;\u00e9viter compl\u00e8tement de fumer, surtout les premiers jours suivant le blanchiment.<\/p>\n\n\n\n<p><strong>Maintenez un brossage r\u00e9gulier<\/strong><\/p>\n\n\n\n<p>Brossez-vous les dents au moins deux fois par jour avec une brosse \u00e0 dents \u00e0 poils souples. Apr\u00e8s le blanchiment, il est important de pr\u00eater une attention particuli\u00e8re \u00e0 l&rsquo;hygi\u00e8ne bucco-dentaire.<\/p>\n\n\n\n<p><strong>Vous pouvez utiliser un dentifrice blanchissant<\/strong><\/p>\n\n\n\n<p>L&rsquo;utilisation d&rsquo;un dentifrice blanchissant recommand\u00e9 par votre dentiste peut contribuer \u00e0 prolonger les r\u00e9sultats.<\/p>\n\n\n\n<h3 class=\"wp-block-heading\">Avant et apr\u00e8s<\/h3>\n\n\n\n<p>Avant le traitement, les dents peuvent para\u00eetre jaunies, tach\u00e9es par le tabac ou le caf\u00e9, et g\u00e9n\u00e9ralement ternes. Apr\u00e8s un blanchiment dentaire au laser, on obtient une brillance, une teinte plus claire et une apparence plus nette. Ce traitement am\u00e9liore visiblement l&rsquo;esth\u00e9tique du sourire et renforce la confiance en soi.<\/p>\n\n\n<style>.kb-gallery-id-64568_4d3c8c-e6 .kadence-blocks-gallery-item .kb-gal-image-radius, .kb-gallery-id-64568_4d3c8c-e6 .kb-slide-item .kb-gal-image-radius img{border-radius:0px 0px 0px 0px;;}.kb-gallery-wrap-id-64568_4d3c8c-e6.wp-block-kadence-advancedgallery{overflow:visible;}.kb-gallery-wrap-id-64568_4d3c8c-e6.wp-block-kadence-advancedgallery .kt-blocks-carousel{overflow:visible;}<\/style><div class=\"kb-gallery-wrap-id-64568_4d3c8c-e6 alignnone wp-block-kadence-advancedgallery\"><div class=\"kb-gallery-ul kb-gallery-non-static kb-gallery-type-slider kb-gallery-id-64568_4d3c8c-e6 kb-gallery-caption-style-bottom-hover kb-gallery-filter-none\" data-image-filter=\"none\" data-lightbox-caption=\"true\"><div class=\"kt-blocks-carousel splide kt-carousel-container-dotstyle-dark kt-carousel-arrowstyle-whiteondark kt-carousel-dotstyle-dark kb-slider-group-arrow kb-slider-arrow-position-center\" data-slider-anim-speed=\"400\" data-slider-scroll=\"1\" data-slider-arrows=\"true\" data-slider-fade=\"true\" data-slider-dots=\"true\" data-slider-type=\"slider\" data-slider-hover-pause=\"false\" data-slider-auto=\"\" data-slider-speed=\"7000\" data-show-pause-button=\"false\"><div class=\"splide__track\"><ul class=\"kt-blocks-carousel-init kb-blocks-slider splide__list\"><li class=\"kb-slide-item kb-gallery-slide-item splide__slide\"><div class=\"kadence-blocks-gallery-item\"><div class=\"kadence-blocks-gallery-item-inner\"><figure class=\"kb-gallery-figure kadence-blocks-gallery-item-hide-caption\"><div class=\"kb-gal-image-radius\"><div class=\"kb-gallery-image-contain kadence-blocks-gallery-intrinsic kb-gallery-image-ratio-land32 kb-has-image-ratio-land32\" ><img loading=\"lazy\" decoding=\"async\" src=\"https:\/\/www.turkaesthetic.com\/wp-content\/uploads\/2023\/08\/before-after-laser-teeth-whitening-in-turkey-1.webp\" width=\"1200\" height=\"800\" alt=\"avant apr\u00e8s blanchiment des dents\" data-full-image=\"https:\/\/www.turkaesthetic.com\/wp-content\/uploads\/2023\/08\/before-after-laser-teeth-whitening-in-turkey-1.webp\" data-light-image=\"https:\/\/www.turkaesthetic.com\/wp-content\/uploads\/2023\/08\/before-after-laser-teeth-whitening-in-turkey-1.webp\" data-id=\"65123\" class=\"wp-image-65123 skip-lazy\"\/><\/div><\/div><\/figure><\/div><\/div><\/li><li class=\"kb-slide-item kb-gallery-slide-item splide__slide\"><div class=\"kadence-blocks-gallery-item\"><div class=\"kadence-blocks-gallery-item-inner\"><figure class=\"kb-gallery-figure kadence-blocks-gallery-item-hide-caption\"><div class=\"kb-gal-image-radius\"><div class=\"kb-gallery-image-contain kadence-blocks-gallery-intrinsic kb-gallery-image-ratio-land32 kb-has-image-ratio-land32\" ><img loading=\"lazy\" decoding=\"async\" src=\"https:\/\/www.turkaesthetic.com\/wp-content\/uploads\/2023\/11\/before-after-teeth-whitening-1.jpg\" width=\"1200\" height=\"800\" alt=\"avant apr\u00e8s blanchiment des dents\" data-full-image=\"https:\/\/www.turkaesthetic.com\/wp-content\/uploads\/2023\/11\/before-after-teeth-whitening-1.jpg\" data-light-image=\"https:\/\/www.turkaesthetic.com\/wp-content\/uploads\/2023\/11\/before-after-teeth-whitening-1.jpg\" data-id=\"46674\" class=\"wp-image-46674 skip-lazy\"\/><\/div><\/div><\/figure><\/div><\/div><\/li><li class=\"kb-slide-item kb-gallery-slide-item splide__slide\"><div class=\"kadence-blocks-gallery-item\"><div class=\"kadence-blocks-gallery-item-inner\"><figure class=\"kb-gallery-figure kadence-blocks-gallery-item-hide-caption\"><div class=\"kb-gal-image-radius\"><div class=\"kb-gallery-image-contain kadence-blocks-gallery-intrinsic kb-gallery-image-ratio-land32 kb-has-image-ratio-land32\" ><img loading=\"lazy\" decoding=\"async\" src=\"https:\/\/www.turkaesthetic.com\/wp-content\/uploads\/2023\/11\/before-after-teeth-whitening-2.jpg\" width=\"1200\" height=\"800\" alt=\"avant apr\u00e8s blanchiment des dents\" data-full-image=\"https:\/\/www.turkaesthetic.com\/wp-content\/uploads\/2023\/11\/before-after-teeth-whitening-2.jpg\" data-light-image=\"https:\/\/www.turkaesthetic.com\/wp-content\/uploads\/2023\/11\/before-after-teeth-whitening-2.jpg\" data-id=\"46683\" class=\"wp-image-46683 skip-lazy\"\/><\/div><\/div><\/figure><\/div><\/div><\/li><li class=\"kb-slide-item kb-gallery-slide-item splide__slide\"><div class=\"kadence-blocks-gallery-item\"><div class=\"kadence-blocks-gallery-item-inner\"><figure class=\"kb-gallery-figure kadence-blocks-gallery-item-hide-caption\"><div class=\"kb-gal-image-radius\"><div class=\"kb-gallery-image-contain kadence-blocks-gallery-intrinsic kb-gallery-image-ratio-land32 kb-has-image-ratio-land32\" ><img loading=\"lazy\" decoding=\"async\" src=\"https:\/\/www.turkaesthetic.com\/wp-content\/uploads\/2023\/11\/before-after-teeth-whitening-3.jpg\" width=\"1200\" height=\"800\" alt=\"avant apr\u00e8s blanchiment des dents\" data-full-image=\"https:\/\/www.turkaesthetic.com\/wp-content\/uploads\/2023\/11\/before-after-teeth-whitening-3.jpg\" data-light-image=\"https:\/\/www.turkaesthetic.com\/wp-content\/uploads\/2023\/11\/before-after-teeth-whitening-3.jpg\" data-id=\"46692\" class=\"wp-image-46692 skip-lazy\"\/><\/div><\/div><\/figure><\/div><\/div><\/li><li class=\"kb-slide-item kb-gallery-slide-item splide__slide\"><div class=\"kadence-blocks-gallery-item\"><div class=\"kadence-blocks-gallery-item-inner\"><figure class=\"kb-gallery-figure kadence-blocks-gallery-item-hide-caption\"><div class=\"kb-gal-image-radius\"><div class=\"kb-gallery-image-contain kadence-blocks-gallery-intrinsic kb-gallery-image-ratio-land32 kb-has-image-ratio-land32\" ><img loading=\"lazy\" decoding=\"async\" src=\"https:\/\/www.turkaesthetic.com\/wp-content\/uploads\/2023\/12\/Teeth-whitening-before-after-4.webp\" width=\"1200\" height=\"800\" alt=\"avant apr\u00e8s blanchiment des dents\" data-full-image=\"https:\/\/www.turkaesthetic.com\/wp-content\/uploads\/2023\/12\/Teeth-whitening-before-after-4.webp\" data-light-image=\"https:\/\/www.turkaesthetic.com\/wp-content\/uploads\/2023\/12\/Teeth-whitening-before-after-4.webp\" data-id=\"49625\" class=\"wp-image-49625 skip-lazy\"\/><\/div><\/div><\/figure><\/div><\/div><\/li><li class=\"kb-slide-item kb-gallery-slide-item splide__slide\"><div class=\"kadence-blocks-gallery-item\"><div class=\"kadence-blocks-gallery-item-inner\"><figure class=\"kb-gallery-figure kadence-blocks-gallery-item-hide-caption\"><div class=\"kb-gal-image-radius\"><div class=\"kb-gallery-image-contain kadence-blocks-gallery-intrinsic kb-gallery-image-ratio-land32 kb-has-image-ratio-land32\" ><img loading=\"lazy\" decoding=\"async\" src=\"https:\/\/www.turkaesthetic.com\/wp-content\/uploads\/2023\/12\/Teeth-whitening-before-after-5.webp\" width=\"1200\" height=\"800\" alt=\"avant apr\u00e8s blanchiment des dents\" data-full-image=\"https:\/\/www.turkaesthetic.com\/wp-content\/uploads\/2023\/12\/Teeth-whitening-before-after-5.webp\" data-light-image=\"https:\/\/www.turkaesthetic.com\/wp-content\/uploads\/2023\/12\/Teeth-whitening-before-after-5.webp\" data-id=\"49634\" class=\"wp-image-49634 skip-lazy\"\/><\/div><\/div><\/figure><\/div><\/div><\/li><\/ul><\/div><\/div><\/div><\/div>\n\n\n<h2 class=\"wp-block-heading\">Foire aux questions \u2013 Blanchiment des dents au laser<\/h2>\n\n\n<div id=\"rank-math-faq\" class=\"rank-math-block\">\n<div class=\"rank-math-list \">\n<div id=\"faq-question-1752677785941\" class=\"rank-math-list-item\">\n<h3 class=\"rank-math-question \">Le blanchiment dentaire au laser est-il accessible \u00e0 tous\u00a0?<\/h3>\n<div class=\"rank-math-answer \">\n\n<p>En g\u00e9n\u00e9ral, il convient aux personnes en bonne sant\u00e9. Cependant, il est d\u00e9conseill\u00e9 aux femmes enceintes, aux m\u00e8res allaitantes et aux personnes souffrant de probl\u00e8mes de gencives graves.<\/p>\n\n<\/div>\n<\/div>\n<div id=\"faq-question-1752678217959\" class=\"rank-math-list-item\">\n<h3 class=\"rank-math-question \">Existe-t-il une sensibilit\u00e9 apr\u00e8s un blanchiment dentaire au laser\u00a0?<\/h3>\n<div class=\"rank-math-answer \">\n\n<p>Une sensibilit\u00e9 temporaire peut survenir, mais dispara\u00eet g\u00e9n\u00e9ralement d&rsquo;elle-m\u00eame en 24 \u00e0 48\u00a0heures.<\/p>\n\n<\/div>\n<\/div>\n<div id=\"faq-question-1752678222325\" class=\"rank-math-list-item\">\n<h3 class=\"rank-math-question \">Combien de temps dure l&rsquo;effet blanchissant\u00a0?<\/h3>\n<div class=\"rank-math-answer \">\n\n<p>Si la consommation de substances colorantes comme le caf\u00e9, le th\u00e9 et les cigarettes est limit\u00e9e, l&rsquo;effet peut durer entre 1 et 2\u00a0ans.<\/p>\n\n<\/div>\n<\/div>\n<div id=\"faq-question-1752678227310\" class=\"rank-math-list-item\">\n<h3 class=\"rank-math-question \">Le laser est-il nocif\u00a0?<\/h3>\n<div class=\"rank-math-answer \">\n\n<p>Non, les lasers dentaires sont contr\u00f4l\u00e9s et s\u00fbrs. Ils n&rsquo;endommagent pas l&rsquo;\u00e9mail des dents.<\/p>\n\n<\/div>\n<\/div>\n<div id=\"faq-question-1752678231883\" class=\"rank-math-list-item\">\n<h3 class=\"rank-math-question \">Le blanchiment dentaire au laser est-il efficace sur les dents avec facettes ou obturations\u00a0?<\/h3>\n<div class=\"rank-math-answer \">\n\n<p>Non, ce proc\u00e9d\u00e9 est uniquement efficace sur les tissus dentaires naturels. Il ne modifie pas la couleur des facettes ni des obturations.gelblich, durch Rauchen oder Kaffee verf\u00e4rbt und allgemein stumpf erscheinen. Nach einer Laser-Zahnaufhellung werden eine sp\u00fcrbare Helligkeit, ein hellerer Farbton und ein klareres Aussehen erreicht. Das L\u00e4cheln wird optisch sch\u00f6ner und das Selbstbewusstsein gest\u00e4rkt.<\/p>\n\n<\/div>\n<\/div>\n<\/div>\n<\/div>\n\n\n<p>Pour plus d\u2019informations ou pour demander un devis, vous pouvez&nbsp;<a href=\"https:\/\/www.turkaesthetic.com\/fr\/contact-us\/\" target=\"_blank\" rel=\"noreferrer noopener\"><strong>contacter<\/strong><\/a>&nbsp;<a href=\"https:\/\/www.youtube.com\/channel\/UC0zggzdm5CFwpRMmn_CPpFQ\" target=\"_blank\" rel=\"noreferrer noopener\"><strong>Turk Aesthetic<\/strong>&nbsp;<\/a>\u00e0 Istanbul, en Turquie, via ses canaux officiels.<br><\/p>\n","protected":false},"excerpt":{"rendered":"<p>Le blanchiment dentaire au laser (bleaching) est un traitement dentaire esth\u00e9tique rapide et efficace qui vise \u00e0 \u00e9liminer le jaunissement, les taches et l&rsquo;aspect terne des dents. Un gel blanchissant sp\u00e9cial, appliqu\u00e9 sur la surface des dents, est activ\u00e9 par la lumi\u00e8re laser. Il permet ainsi d&rsquo;obtenir des dents plusieurs tons plus blanches sans endommager [&hellip;]<\/p>\n","protected":false},"author":4,"featured_media":64502,"parent":0,"menu_order":0,"comment_status":"closed","ping_status":"closed","template":"","meta":{"footnotes":""},"dep":[1356],"class_list":["post-64568","page","type-page","status-publish","has-post-thumbnail","hentry","dep-cosmetic-dentistry"],"_links":{"self":[{"href":"https:\/\/www.turkaesthetic.com\/fr\/wp-json\/wp\/v2\/pages\/64568","targetHints":{"allow":["GET"]}}],"collection":[{"href":"https:\/\/www.turkaesthetic.com\/fr\/wp-json\/wp\/v2\/pages"}],"about":[{"href":"https:\/\/www.turkaesthetic.com\/fr\/wp-json\/wp\/v2\/types\/page"}],"author":[{"embeddable":true,"href":"https:\/\/www.turkaesthetic.com\/fr\/wp-json\/wp\/v2\/users\/4"}],"replies":[{"embeddable":true,"href":"https:\/\/www.turkaesthetic.com\/fr\/wp-json\/wp\/v2\/comments?post=64568"}],"version-history":[{"count":0,"href":"https:\/\/www.turkaesthetic.com\/fr\/wp-json\/wp\/v2\/pages\/64568\/revisions"}],"wp:featuredmedia":[{"embeddable":true,"href":"https:\/\/www.turkaesthetic.com\/fr\/wp-json\/wp\/v2\/media\/64502"}],"wp:attachment":[{"href":"https:\/\/www.turkaesthetic.com\/fr\/wp-json\/wp\/v2\/media?parent=64568"}],"wp:term":[{"taxonomy":"dep","embeddable":true,"href":"https:\/\/www.turkaesthetic.com\/fr\/wp-json\/wp\/v2\/dep?post=64568"}],"curies":[{"name":"wp","href":"https:\/\/api.w.org\/{rel}","templated":true}]}}