{"id":64478,"date":"2025-07-05T12:42:16","date_gmt":"2025-07-05T09:42:16","guid":{"rendered":"https:\/\/www.turkaesthetic.com\/?page_id=64478"},"modified":"2025-07-21T16:30:57","modified_gmt":"2025-07-21T13:30:57","slug":"dental-crowns","status":"publish","type":"page","link":"https:\/\/www.turkaesthetic.com\/fr\/dental-crowns\/","title":{"rendered":"Couronnes Dentaires"},"content":{"rendered":"\n<p>Les <strong>couronnes dentaires<\/strong> sont un traitement dentaire sp\u00e9cialis\u00e9 appliqu\u00e9 sur la face ant\u00e9rieure des dents \u00e0 des fins esth\u00e9tiques et fonctionnelles. Elles recouvrent soit la totalit\u00e9 de la dent, soit seulement la partie visible. Aujourd&rsquo;hui, en dentisterie esth\u00e9tique, la zircone, l&rsquo;E-max, les facettes et le Lumineer se distinguent comme des solutions qui transforment l&rsquo;esth\u00e9tique du sourire des patients.<\/p>\n\n\n\n<figure class=\"wp-block-embed is-type-video is-provider-youtube wp-block-embed-youtube wp-embed-aspect-16-9 wp-has-aspect-ratio\"><div class=\"wp-block-embed__wrapper\">\n<iframe loading=\"lazy\" title=\"Dental Crowns - Turk Aesthetic\" width=\"800\" height=\"450\" src=\"https:\/\/www.youtube.com\/embed\/ZXMWDcQCJs0?feature=oembed\" frameborder=\"0\" allow=\"accelerometer; autoplay; clipboard-write; encrypted-media; gyroscope; picture-in-picture; web-share\" referrerpolicy=\"strict-origin-when-cross-origin\" allowfullscreen><\/iframe>\n<\/div><figcaption class=\"wp-element-caption\">Couronnes dentaires<\/figcaption><\/figure>\n\n\n\n<h2 class=\"wp-block-heading\">Comment se d\u00e9roule la pose d&rsquo;une couronne dentaire&nbsp;?<\/h2>\n\n\n<div id=\"rank-math-howto\" class=\"rank-math-block\" >\n<div class=\"rank-math-howto-description\">\n\n<p>La pose d&rsquo;une couronne dentaire est planifi\u00e9e en fonction de la structure buccale du patient et de ses attentes esth\u00e9tiques. Les \u00e9tapes g\u00e9n\u00e9rales sont les suivantes\u00a0:<\/p>\n\n<\/div>\n<p class=\"rank-math-howto-duration\"><strong>Temps total\u00a0:<\/strong> <span>5 jours<\/span><\/p>\n<div class=\"rank-math-steps \">\n<div id=\"howto-step-1751706281662\" class=\"rank-math-step\">\n<h3 class=\"rank-math-step-title \">Examen et planification<\/h3>\n<div class=\"rank-math-step-content \"><p>Des scanners intra-oraux num\u00e9riques sont utilis\u00e9s pour prendre les mesures des dents.<\/p>\n<\/div>\n<\/div>\n<div id=\"howto-step-1751881547042\" class=\"rank-math-step\">\n<h3 class=\"rank-math-step-title \">Pr\u00e9paration des dents\u00a0:<\/h3>\n<div class=\"rank-math-step-content \"><p>Si n\u00e9cessaire, un arasage minimal est effectu\u00e9.<\/p>\n<\/div>\n<\/div>\n<div id=\"howto-step-1751881552776\" class=\"rank-math-step\">\n<h3 class=\"rank-math-step-title \">Couronnes provisoires\u00a0:<\/h3>\n<div class=\"rank-math-step-content \"><p>Pendant la pr\u00e9paration des facettes permanentes, des facettes provisoires sont pos\u00e9es pour prot\u00e9ger les dents.<\/p>\n<\/div>\n<\/div>\n<div id=\"howto-step-1751881558586\" class=\"rank-math-step\">\n<h3 class=\"rank-math-step-title \">Pose des couronnes\u00a0:<\/h3>\n<div class=\"rank-math-step-content \"><p>Les couronnes pr\u00e9par\u00e9es sont fix\u00e9es aux dents \u00e0 l&rsquo;aide d&rsquo;adh\u00e9sifs sp\u00e9ciaux. Cette proc\u00e9dure peut \u00eatre appliqu\u00e9e sur les dents ant\u00e9rieures et post\u00e9rieures. La dur\u00e9e moyenne du traitement est de 4 \u00e0 7 jours.<\/p>\n<\/div>\n<\/div>\n<\/div>\n<\/div>\n<p class=\"rank-math-howto-estimatedCost\"><strong>Co\u00fbt estim\u00e9\u00a0:<\/strong> <span>130 Euro<\/span><\/p>\n\n\n\n\n\n<h3 class=\"wp-block-heading\">\u00c0 qui s&rsquo;adresse ce traitement&nbsp;?<\/h3>\n\n\n\n<ul class=\"wp-block-list\">\n<li>Les personnes ayant des dents d\u00e9color\u00e9es ou tach\u00e9es.<\/li>\n\n\n\n<li>Les personnes ayant des structures dentaires cass\u00e9es, fissur\u00e9es ou us\u00e9es.<\/li>\n\n\n\n<li>Les personnes souhaitant am\u00e9liorer l&rsquo;esth\u00e9tique de leur sourire (sourire hollywoodien).<\/li>\n\n\n\n<li>Les personnes pr\u00e9sentant des espaces interdentaires.<\/li>\n\n\n\n<li>Les personnes ayant des dents de devant d\u00e9form\u00e9es.<\/li>\n\n\n\n<li>Il est toutefois conseill\u00e9 aux patients souffrant de maladies gingivales graves, de caries avanc\u00e9es ou de bruxisme (grincement des dents) de traiter ces probl\u00e8mes avant de recourir \u00e0 la pose de facettes.<\/li>\n<\/ul>\n\n\n\n<h4 class=\"wp-block-heading\">Types de facettes dentaires et leurs comparaisons<\/h4>\n\n\n\n<p><strong>Couronnes en <a href=\"https:\/\/www.turkaesthetic.com\/fr\/zirconium-crown\/\" target=\"_blank\" data-type=\"page\" data-id=\"50741\" rel=\"noreferrer noopener\">zircone<\/a><\/strong><\/p>\n\n\n\n<ul class=\"wp-block-list\">\n<li>Avantages&nbsp;: Haute durabilit\u00e9, sans m\u00e9tal, offre une blancheur naturelle.<\/li>\n\n\n\n<li>Zone d&rsquo;utilisation&nbsp;: Id\u00e9ales pour les dents post\u00e9rieures et les dents de devant esth\u00e9tiques.<\/li>\n<\/ul>\n\n\n\n<p><strong>Couronnes E-Max&nbsp;:<\/strong><\/p>\n\n\n\n<ul class=\"wp-block-list\">\n<li>Avantages&nbsp;: Fabriqu\u00e9es en vitroc\u00e9ramique avec la plus haute transmission lumineuse.<\/li>\n\n\n\n<li>Zone d&rsquo;utilisation&nbsp;: Offrent d&rsquo;excellents r\u00e9sultats, notamment pour l&rsquo;esth\u00e9tique des dents de devant.<\/li>\n<\/ul>\n\n\n\n<p><strong><a href=\"https:\/\/www.turkaesthetic.com\/fr\/dental-veneer\/\" target=\"_blank\" data-type=\"page\" data-id=\"14762\" rel=\"noreferrer noopener\">Facettes<\/a> (Porcelaine Stratifi\u00e9e)<\/strong><\/p>\n\n\n\n<ul class=\"wp-block-list\">\n<li>Avantages&nbsp;: R\u00e9duction minimale des dents, esth\u00e9tique.<\/li>\n\n\n\n<li>Domaine d&rsquo;application&nbsp;: Solution esth\u00e9tique avec une intervention minimale sur les dents de devant.<\/li>\n<\/ul>\n\n\n\n<p><strong><a href=\"https:\/\/www.turkaesthetic.com\/fr\/dental-lumineers\/\" target=\"_blank\" data-type=\"page\" data-id=\"14854\" rel=\"noreferrer noopener\">Lumineers<\/a><\/strong><\/p>\n\n\n\n<ul class=\"wp-block-list\">\n<li>Avantages&nbsp;: Pose sans rasage des dents, structure ultra-fine.<\/li>\n\n\n\n<li>Domaine d&rsquo;application&nbsp;: Id\u00e9al pour les personnes ayant des dents sensibles, pour un sourire indolore.\u0441\u0438\u0442\u044c \u0431\u0435\u0437 \u043e\u0431\u0442\u043e\u0447\u043a\u0438 \u0437\u0443\u0431\u043e\u0432, \u0441\u0432\u0435\u0440\u0445\u0442\u043e\u043d\u043a\u0430\u044f \u0441\u0442\u0440\u0443\u043a\u0442\u0443\u0440\u0430.<\/li>\n\n\n\n<li>\u041e\u0431\u043b\u0430\u0441\u0442\u044c \u043f\u0440\u0438\u043c\u0435\u043d\u0435\u043d\u0438\u044f: \u0438\u0434\u0435\u0430\u043b\u044c\u043d\u043e \u043f\u043e\u0434\u0445\u043e\u0434\u0438\u0442 \u0434\u043b\u044f \u043b\u044e\u0434\u0435\u0439 \u0441 \u0447\u0443\u0432\u0441\u0442\u0432\u0438\u0442\u0435\u043b\u044c\u043d\u044b\u043c\u0438 \u0437\u0443\u0431\u0430\u043c\u0438, \u043e\u0431\u0435\u0441\u043f\u0435\u0447\u0438\u0432\u0430\u0435\u0442 \u0431\u0435\u0437\u0431\u043e\u043b\u0435\u0437\u043d\u0435\u043d\u043d\u044b\u0439 \u0434\u0438\u0437\u0430\u0439\u043d \u0443\u043b\u044b\u0431\u043a\u0438.<\/li>\n<\/ul>\n\n\n\n<hr class=\"wp-block-separator has-alpha-channel-opacity\"\/>\n\n\n\n<h3 class=\"wp-block-heading\">\u0427\u0442\u043e \u0434\u0435\u043b\u0430\u0442\u044c \u0434\u043e \u0438 \u043f\u043e\u0441\u043b\u0435 \u0443\u0441\u0442\u0430\u043d\u043e\u0432\u043a\u0438 \u0437\u0443\u0431\u043d\u044b\u0445 \u043a\u043e\u0440\u043e\u043d\u043e\u043aQue faire avant et apr\u00e8s la pose de couronnes dentaires&nbsp;?<\/h3>\n\n\n\n<p><strong>Avant l&rsquo;intervention&nbsp;:<\/strong><\/p>\n\n\n\n<ul class=\"wp-block-list\">\n<li>V\u00e9rifiez la sant\u00e9 de vos gencives.<\/li>\n\n\n\n<li>Un nettoyage dentaire professionnel peut \u00eatre n\u00e9cessaire.<\/li>\n\n\n\n<li>\u00c9vitez les substances d\u00e9colorantes comme le caf\u00e9 et la cigarette.<\/li>\n<\/ul>\n\n\n\n<p><strong>Apr\u00e8s l&rsquo;intervention&nbsp;:<\/strong><\/p>\n\n\n\n<ul class=\"wp-block-list\">\n<li>\u00c9vitez les aliments durs.<\/li>\n\n\n\n<li>Prenez l&rsquo;habitude de vous brosser les dents deux fois par jour.<\/li>\n\n\n\n<li>L&rsquo;utilisation de fil dentaire et d&rsquo;un hydropulseur est recommand\u00e9e.<\/li>\n\n\n\n<li>Un contr\u00f4le dentaire doit \u00eatre effectu\u00e9 tous les 6 mois.<\/li>\n<\/ul>\n\n\n\n<h3 class=\"wp-block-heading\">Avant et apr\u00e8s la pose de couronnes dentaires<\/h3>\n\n\n<style>.kb-gallery-id-64478_9411a3-33 .kadence-blocks-gallery-item .kb-gal-image-radius, .kb-gallery-id-64478_9411a3-33 .kb-slide-item .kb-gal-image-radius img{border-radius:0px 0px 0px 0px;;}.kb-gallery-wrap-id-64478_9411a3-33.wp-block-kadence-advancedgallery{overflow:visible;}.kb-gallery-wrap-id-64478_9411a3-33.wp-block-kadence-advancedgallery .kt-blocks-carousel{overflow:visible;}<\/style><div class=\"kb-gallery-wrap-id-64478_9411a3-33 alignnone wp-block-kadence-advancedgallery\"><div class=\"kb-gallery-ul kb-gallery-non-static kb-gallery-type-slider kb-gallery-id-64478_9411a3-33 kb-gallery-caption-style-bottom-hover kb-gallery-filter-none\" data-image-filter=\"none\" data-lightbox-caption=\"true\"><div class=\"kt-blocks-carousel splide kt-carousel-container-dotstyle-dark kt-carousel-arrowstyle-whiteondark kt-carousel-dotstyle-dark kb-slider-group-arrow kb-slider-arrow-position-center\" data-slider-anim-speed=\"400\" data-slider-scroll=\"1\" data-slider-arrows=\"true\" data-slider-fade=\"true\" data-slider-dots=\"true\" data-slider-type=\"slider\" data-slider-hover-pause=\"false\" data-slider-auto=\"\" data-slider-speed=\"7000\" data-show-pause-button=\"false\"><div class=\"splide__track\"><ul class=\"kt-blocks-carousel-init kb-blocks-slider splide__list\"><li class=\"kb-slide-item kb-gallery-slide-item splide__slide\"><div class=\"kadence-blocks-gallery-item\"><div class=\"kadence-blocks-gallery-item-inner\"><figure class=\"kb-gallery-figure kadence-blocks-gallery-item-hide-caption\"><div class=\"kb-gal-image-radius\"><div class=\"kb-gallery-image-contain kadence-blocks-gallery-intrinsic kb-gallery-image-ratio-land32 kb-has-image-ratio-land32\" ><img loading=\"lazy\" decoding=\"async\" src=\"https:\/\/www.turkaesthetic.com\/wp-content\/uploads\/2023\/12\/Dental-Crown-before-after-1.webp\" width=\"1200\" height=\"800\" alt=\"Di\u015f kaplamas\u0131 \u00f6ncesi ve sonras\u0131\" data-full-image=\"https:\/\/www.turkaesthetic.com\/wp-content\/uploads\/2023\/12\/Dental-Crown-before-after-1.webp\" data-light-image=\"https:\/\/www.turkaesthetic.com\/wp-content\/uploads\/2023\/12\/Dental-Crown-before-after-1.webp\" data-id=\"48886\" class=\"wp-image-48886 skip-lazy\"\/><\/div><\/div><\/figure><\/div><\/div><\/li><li class=\"kb-slide-item kb-gallery-slide-item splide__slide\"><div class=\"kadence-blocks-gallery-item\"><div class=\"kadence-blocks-gallery-item-inner\"><figure class=\"kb-gallery-figure kadence-blocks-gallery-item-hide-caption\"><div class=\"kb-gal-image-radius\"><div class=\"kb-gallery-image-contain kadence-blocks-gallery-intrinsic kb-gallery-image-ratio-land32 kb-has-image-ratio-land32\" ><img loading=\"lazy\" decoding=\"async\" src=\"https:\/\/www.turkaesthetic.com\/wp-content\/uploads\/2023\/12\/Dental-Crown-before-after-2.webp\" width=\"1200\" height=\"800\" alt=\"Di\u015f kaplamas\u0131 \u00f6ncesi ve sonras\u0131\" data-full-image=\"https:\/\/www.turkaesthetic.com\/wp-content\/uploads\/2023\/12\/Dental-Crown-before-after-2.webp\" data-light-image=\"https:\/\/www.turkaesthetic.com\/wp-content\/uploads\/2023\/12\/Dental-Crown-before-after-2.webp\" data-id=\"48895\" class=\"wp-image-48895 skip-lazy\"\/><\/div><\/div><\/figure><\/div><\/div><\/li><li class=\"kb-slide-item kb-gallery-slide-item splide__slide\"><div class=\"kadence-blocks-gallery-item\"><div class=\"kadence-blocks-gallery-item-inner\"><figure class=\"kb-gallery-figure kadence-blocks-gallery-item-hide-caption\"><div class=\"kb-gal-image-radius\"><div class=\"kb-gallery-image-contain kadence-blocks-gallery-intrinsic kb-gallery-image-ratio-land32 kb-has-image-ratio-land32\" ><img loading=\"lazy\" decoding=\"async\" src=\"https:\/\/www.turkaesthetic.com\/wp-content\/uploads\/2023\/12\/Dental-Crown-before-after-3.webp\" width=\"1200\" height=\"800\" alt=\"Di\u015f kaplamas\u0131 \u00f6ncesi ve sonras\u0131\" data-full-image=\"https:\/\/www.turkaesthetic.com\/wp-content\/uploads\/2023\/12\/Dental-Crown-before-after-3.webp\" data-light-image=\"https:\/\/www.turkaesthetic.com\/wp-content\/uploads\/2023\/12\/Dental-Crown-before-after-3.webp\" data-id=\"48904\" class=\"wp-image-48904 skip-lazy\"\/><\/div><\/div><\/figure><\/div><\/div><\/li><li class=\"kb-slide-item kb-gallery-slide-item splide__slide\"><div class=\"kadence-blocks-gallery-item\"><div class=\"kadence-blocks-gallery-item-inner\"><figure class=\"kb-gallery-figure kadence-blocks-gallery-item-hide-caption\"><div class=\"kb-gal-image-radius\"><div class=\"kb-gallery-image-contain kadence-blocks-gallery-intrinsic kb-gallery-image-ratio-land32 kb-has-image-ratio-land32\" ><img loading=\"lazy\" decoding=\"async\" src=\"https:\/\/www.turkaesthetic.com\/wp-content\/uploads\/2023\/12\/Dental-Crown-before-after-4.webp\" width=\"1200\" height=\"800\" alt=\"Di\u015f kaplamas\u0131 \u00f6ncesi ve sonras\u0131\" data-full-image=\"https:\/\/www.turkaesthetic.com\/wp-content\/uploads\/2023\/12\/Dental-Crown-before-after-4.webp\" data-light-image=\"https:\/\/www.turkaesthetic.com\/wp-content\/uploads\/2023\/12\/Dental-Crown-before-after-4.webp\" data-id=\"48913\" class=\"wp-image-48913 skip-lazy\"\/><\/div><\/div><\/figure><\/div><\/div><\/li><li class=\"kb-slide-item kb-gallery-slide-item splide__slide\"><div class=\"kadence-blocks-gallery-item\"><div class=\"kadence-blocks-gallery-item-inner\"><figure class=\"kb-gallery-figure kadence-blocks-gallery-item-hide-caption\"><div class=\"kb-gal-image-radius\"><div class=\"kb-gallery-image-contain kadence-blocks-gallery-intrinsic kb-gallery-image-ratio-land32 kb-has-image-ratio-land32\" ><img loading=\"lazy\" decoding=\"async\" src=\"https:\/\/www.turkaesthetic.com\/wp-content\/uploads\/2023\/12\/Dental-Crown-before-after-5.webp\" width=\"1200\" height=\"800\" alt=\"Di\u015f kaplamas\u0131 \u00f6ncesi ve sonras\u0131\" data-full-image=\"https:\/\/www.turkaesthetic.com\/wp-content\/uploads\/2023\/12\/Dental-Crown-before-after-5.webp\" data-light-image=\"https:\/\/www.turkaesthetic.com\/wp-content\/uploads\/2023\/12\/Dental-Crown-before-after-5.webp\" data-id=\"48922\" class=\"wp-image-48922 skip-lazy\"\/><\/div><\/div><\/figure><\/div><\/div><\/li><\/ul><\/div><\/div><\/div><\/div>\n\n\n<hr class=\"wp-block-separator has-alpha-channel-opacity\"\/>\n\n\n\n<h3 class=\"wp-block-heading\">Prix des couronnes dentaires (Istanbul 2025)<\/h3>\n\n\n\n<p>Le prix des couronnes dentaires \u00e0 Istanbul varie en fonction du mat\u00e9riau utilis\u00e9, de l&rsquo;exp\u00e9rience du dentiste, de l&#8217;emplacement de la clinique et du nombre de facettes pos\u00e9es&nbsp;:<\/p>\n\n\n\n<p>Couronne en zirconium&nbsp;: 130&nbsp;\u20ac<br>Couronne E-Max&nbsp;: 190&nbsp;\u20ac<br>Facette et Lumineer&nbsp;: 130&nbsp;\u20ac \u2013 190&nbsp;\u20ac (par dent)<br>Pour les couronnes multiples (par exemple, <a href=\"https:\/\/www.turkaesthetic.com\/fr\/dentistry-fr\/hollywood-smile-cost\/\" target=\"_blank\" data-type=\"post\" data-id=\"47639\" rel=\"noreferrer noopener\">Hollywood Smile<\/a>), des forfaits personnalis\u00e9s peuvent \u00eatre propos\u00e9s.<\/p>\n\n\n\n<h2 class=\"wp-block-heading\">FAQ \u2013 Couronnes dentaires<\/h2>\n\n\n<div id=\"rank-math-faq\" class=\"rank-math-block\">\n<div class=\"rank-math-list \">\n<div id=\"faq-question-1751706553327\" class=\"rank-math-list-item\">\n<h3 class=\"rank-math-question \">La pose de couronnes dentaires est-elle douloureuse\u00a0?<\/h3>\n<div class=\"rank-math-answer \">\n\n<p>Non. Elle se fait sous anesth\u00e9sie locale et est g\u00e9n\u00e9ralement indolore.<\/p>\n\n<\/div>\n<\/div>\n<div id=\"faq-question-1751881765353\" class=\"rank-math-list-item\">\n<h3 class=\"rank-math-question \">Quelle est la dur\u00e9e de vie des couronnes dentaires\u00a0?<\/h3>\n<div class=\"rank-math-answer \">\n\n<p>Avec des soins appropri\u00e9s, elles peuvent durer 10 \u00e0 15\u00a0ans, voire plus, sans probl\u00e8me.<\/p>\n\n<\/div>\n<\/div>\n<div id=\"faq-question-1751881770810\" class=\"rank-math-list-item\">\n<h3 class=\"rank-math-question \">Les couronnes dentaires changent-elles de couleur\u00a0?<\/h3>\n<div class=\"rank-math-answer \">\n\n<p>Les couronnes dentaires comme le zirconium et l&rsquo;E-Max sont de couleur stable, mais une consommation excessive de th\u00e9, de caf\u00e9 et de cigarettes peut alt\u00e9rer leur couleur.<\/p>\n\n<\/div>\n<\/div>\n<\/div>\n<\/div>\n\n\n<hr class=\"wp-block-separator has-alpha-channel-opacity\"\/>\n\n\n\n<h2 class=\"wp-block-heading\">Conclusion<\/h2>\n\n\n\n<p>Les couronnes dentaires ne sont pas seulement une solution esth\u00e9tique, mais aussi un traitement qui permet de retrouver confiance en soi. Avec des options comme le zirconium, l&rsquo;E-Max, les facettes et le Lumineer, il est possible de trouver une solution adapt\u00e9e aux besoins de chacun. En tant que clinique experte \u00e0 Istanbul, nous sommes l\u00e0 pour vous aider \u00e0 obtenir le sourire le plus naturel possible.<\/p>\n\n\n\n<p>Enfin, vous pouvez nous\u00a0<a href=\"https:\/\/www.turkaesthetic.com\/fr\/contact-us\/\" target=\"_blank\" data-type=\"link\" data-id=\"https:\/\/www.turkaesthetic.com\/fr\/contact-us\/\" rel=\"noreferrer noopener\"><strong>contacter<\/strong><\/a>\u00a0directement via le lien pour demander des informations et des prix \u00e0\u00a0<a href=\"https:\/\/www.youtube.com\/channel\/UC0zggzdm5CFwpRMmn_CPpFQ\" target=\"_blank\" rel=\"noreferrer noopener\"><strong>Turk Aesthetic<\/strong><\/a>\u00a0Istanbul Turquie.<\/p>\n","protected":false},"excerpt":{"rendered":"<p>Les couronnes dentaires sont un traitement dentaire sp\u00e9cialis\u00e9 appliqu\u00e9 sur la face ant\u00e9rieure des dents \u00e0 des fins esth\u00e9tiques et fonctionnelles. Elles recouvrent soit la totalit\u00e9 de la dent, soit seulement la partie visible. Aujourd&rsquo;hui, en dentisterie esth\u00e9tique, la zircone, l&rsquo;E-max, les facettes et le Lumineer se distinguent comme des solutions qui transforment l&rsquo;esth\u00e9tique du [&hellip;]<\/p>\n","protected":false},"author":4,"featured_media":64428,"parent":0,"menu_order":0,"comment_status":"closed","ping_status":"closed","template":"","meta":{"footnotes":""},"dep":[1356],"class_list":["post-64478","page","type-page","status-publish","has-post-thumbnail","hentry","dep-cosmetic-dentistry"],"_links":{"self":[{"href":"https:\/\/www.turkaesthetic.com\/fr\/wp-json\/wp\/v2\/pages\/64478","targetHints":{"allow":["GET"]}}],"collection":[{"href":"https:\/\/www.turkaesthetic.com\/fr\/wp-json\/wp\/v2\/pages"}],"about":[{"href":"https:\/\/www.turkaesthetic.com\/fr\/wp-json\/wp\/v2\/types\/page"}],"author":[{"embeddable":true,"href":"https:\/\/www.turkaesthetic.com\/fr\/wp-json\/wp\/v2\/users\/4"}],"replies":[{"embeddable":true,"href":"https:\/\/www.turkaesthetic.com\/fr\/wp-json\/wp\/v2\/comments?post=64478"}],"version-history":[{"count":0,"href":"https:\/\/www.turkaesthetic.com\/fr\/wp-json\/wp\/v2\/pages\/64478\/revisions"}],"wp:featuredmedia":[{"embeddable":true,"href":"https:\/\/www.turkaesthetic.com\/fr\/wp-json\/wp\/v2\/media\/64428"}],"wp:attachment":[{"href":"https:\/\/www.turkaesthetic.com\/fr\/wp-json\/wp\/v2\/media?parent=64478"}],"wp:term":[{"taxonomy":"dep","embeddable":true,"href":"https:\/\/www.turkaesthetic.com\/fr\/wp-json\/wp\/v2\/dep?post=64478"}],"curies":[{"name":"wp","href":"https:\/\/api.w.org\/{rel}","templated":true}]}}