{"id":63273,"date":"2025-02-18T15:11:32","date_gmt":"2025-02-18T12:11:32","guid":{"rendered":"https:\/\/www.turkaesthetic.com\/?page_id=63273"},"modified":"2026-04-02T14:22:09","modified_gmt":"2026-04-02T11:22:09","slug":"body-hair-transplant","status":"publish","type":"page","link":"https:\/\/www.turkaesthetic.com\/fr\/body-hair-transplant\/","title":{"rendered":"Greffe de Cheveux BHT"},"content":{"rendered":"\n<p>La <strong>greffe de cheveux BHT,<\/strong> ou greffe de poils corporels, est une technique utilis\u00e9e en cas de manque de cheveux donneurs sur le cuir chevelu. Dans ce cas, des follicules pileux sont pr\u00e9lev\u00e9s sur d&rsquo;autres parties du corps et utilis\u00e9s pour la greffe de cheveux. Cette approche offre une alternative efficace, notamment pour les personnes dont la zone donneuse est insuffisante au niveau de la nuque.<br>Des follicules pileux pr\u00e9lev\u00e9s sur des zones comme la barbe ou le torse peuvent \u00eatre utilis\u00e9s pour obtenir une apparence plus fournie pendant la greffe.<\/p>\n\n\n\n<h2 class=\"wp-block-heading\">Comment se d\u00e9roule une greffe de cheveux BHT&nbsp;?<\/h2>\n\n\n<div id=\"rank-math-howto\" class=\"rank-math-block\" >\n<div class=\"rank-math-howto-description\">\n\n<p><strong>\u00c9tapes de la proc\u00e9dure\u00a0:<\/strong><\/p>\n\n<\/div>\n<p class=\"rank-math-howto-duration\"><strong>Temps total\u00a0:<\/strong> <span>7 heures<\/span><\/p>\n<div class=\"rank-math-steps \">\n<div id=\"howto-step-1739878386381\" class=\"rank-math-step\">\n<h3 class=\"rank-math-step-title \">Premi\u00e8re \u00e9tape<\/h3>\n<div class=\"rank-math-step-content \"><p>Examen et planification\u00a0: Le niveau de perte de cheveux du patient est analys\u00e9 et les zones donneuses appropri\u00e9es sont identifi\u00e9es.<\/p>\n<\/div>\n<\/div>\n<div id=\"howto-step-1739878404506\" class=\"rank-math-step\">\n<h3 class=\"rank-math-step-title \">\u00c9tape suivante<\/h3>\n<div class=\"rank-math-step-content \"><p>Extraction des follicules pileux\u00a0: Les poils sont soigneusement extraits un par un \u00e0 l&rsquo;aide de micromoteurs sp\u00e9cialis\u00e9s.<br \/>Pr\u00e9paration des greffons\u00a0: Les cheveux extraits sont trait\u00e9s et pr\u00e9par\u00e9s pour la transplantation sur le cuir chevelu.<br \/>Transplantation capillaire\u00a0: Les follicules pileux pr\u00e9par\u00e9s sont transplant\u00e9s avec pr\u00e9cision dans les zones chauves ou clairsem\u00e9es.<\/p>\n<\/div>\n<\/div>\n<div id=\"howto-step-1739878417538\" class=\"rank-math-step\">\n<h3 class=\"rank-math-step-title \">\u00c9tape finale<\/h3>\n<div class=\"rank-math-step-content \"><p>Bandage\u00a0: Apr\u00e8s l\u2019intervention, la zone donneuse est trait\u00e9e avec une cr\u00e8me antibiotique et band\u00e9e.<br \/>Processus de gu\u00e9rison\u00a0: Les follicules nouvellement transplant\u00e9s commencent \u00e0 s\u2019adapter \u00e0 leur nouvel environnement.<\/p>\n<\/div>\n<\/div>\n<\/div>\n<\/div>\n<p class=\"rank-math-howto-estimatedCost\"><strong>Co\u00fbt estim\u00e9\u00a0:<\/strong> <span>1800 Euro<\/span><\/p>\n\n\n\n\n\n<h3 class=\"wp-block-heading\">Vid\u00e9o sur la greffe de cheveux BHT<\/h3>\n\n\n\n<p>Regardez la vid\u00e9o pour d\u00e9couvrir le d\u00e9roulement de l\u2019intervention \u00e9tape par \u00e9tape.<\/p>\n\n\n\n<figure class=\"wp-block-embed is-type-video is-provider-youtube wp-block-embed-youtube wp-embed-aspect-16-9 wp-has-aspect-ratio\"><div class=\"wp-block-embed__wrapper\">\n<iframe loading=\"lazy\" title=\"Hair Transplant Techniques - Turk Aesthetic\" width=\"800\" height=\"450\" src=\"https:\/\/www.youtube.com\/embed\/rqiNLzLCCPg?feature=oembed\" frameborder=\"0\" allow=\"accelerometer; autoplay; clipboard-write; encrypted-media; gyroscope; picture-in-picture; web-share\" referrerpolicy=\"strict-origin-when-cross-origin\" allowfullscreen><\/iframe>\n<\/div><figcaption class=\"wp-element-caption\">Vid\u00e9o sur la greffe de cheveux BHT<\/figcaption><\/figure>\n\n\n\n<h3 class=\"wp-block-heading\">Quelles sont les zones privil\u00e9gi\u00e9es pour la greffe de cheveux BHT&nbsp;?<\/h3>\n\n\n\n<h4 class=\"wp-block-heading\">Zone de la barbe<\/h4>\n\n\n\n<p>Avec la technique BHT, les follicules de la barbe sont particuli\u00e8rement privil\u00e9gi\u00e9s car leur texture et leur \u00e9paisseur sont tr\u00e8s proches de celles des cheveux. C&rsquo;est pourquoi la barbe est souvent la zone donneuse la plus fr\u00e9quemment utilis\u00e9e lors du traitement.<\/p>\n\n\n\n<figure class=\"wp-block-image size-full\"><img loading=\"lazy\" decoding=\"async\" width=\"800\" height=\"600\" src=\"https:\/\/www.turkaesthetic.com\/wp-content\/uploads\/2025\/02\/BHT-2.webp\" alt=\"BHT tekni\u011fi\" class=\"wp-image-60567\" srcset=\"https:\/\/www.turkaesthetic.com\/wp-content\/uploads\/2025\/02\/BHT-2.webp 800w, https:\/\/www.turkaesthetic.com\/wp-content\/uploads\/2025\/02\/BHT-2-768x576.webp 768w\" sizes=\"auto, (max-width: 800px) 100vw, 800px\" \/><figcaption class=\"wp-element-caption\">Zone de la barbe<\/figcaption><\/figure>\n\n\n\n<h4 class=\"wp-block-heading\">Torse<\/h4>\n\n\n\n<p>La poitrine peut \u00eatre privil\u00e9gi\u00e9e, notamment en chirurgie esth\u00e9tique et pour des traitements comme la greffe de cheveux BHT. Cependant, cette d\u00e9cision doit \u00eatre prise par des sp\u00e9cialistes en greffe de cheveux.<\/p>\n\n\n\n<h3 class=\"wp-block-heading\">\u00c0 qui convient la greffe de cheveux BHT&nbsp;?<\/h3>\n\n\n\n<p>La m\u00e9thode BHT est privil\u00e9gi\u00e9e dans les situations suivantes&nbsp;:<\/p>\n\n\n\n<ul class=\"wp-block-list\">\n<li>Les personnes dont la zone donneuse est insuffisante au niveau de la nuque&nbsp;;<\/li>\n\n\n\n<li>Les personnes pr\u00e9sentant une perte de cheveux avanc\u00e9e&nbsp;;<\/li>\n\n\n\n<li>Les personnes souhaitant une densit\u00e9 capillaire plus importante&nbsp;;<\/li>\n\n\n\n<li>Les patients dont la zone donneuse est limit\u00e9e en raison de br\u00fblures ou de cicatrices.<\/li>\n\n\n\n<li>Cependant, les poils du corps ayant des caract\u00e9ristiques diff\u00e9rentes de celles des cheveux du cuir chevelu, cette technique peut ne pas convenir \u00e0 tous. Un m\u00e9decin sp\u00e9cialiste doit \u00e9valuer la pertinence de la greffe.<\/li>\n<\/ul>\n\n\n\n<p><strong>Technique DHI (Implantation Directe de Cheveux)<\/strong><\/p>\n\n\n\n<p>La greffe de cheveux <a href=\"https:\/\/www.turkaesthetic.com\/fr\/dhi-hair-transplant\/\" target=\"_blank\" data-type=\"page\" data-id=\"59842\" rel=\"noreferrer noopener\">DHI<\/a> signifie \u00ab&nbsp;Implantation Directe de Cheveux&nbsp;\u00bb. Cette technique consiste \u00e0 implanter directement les follicules pileux dans la zone cibl\u00e9e \u00e0 l&rsquo;aide d&rsquo;un outil sp\u00e9cial appel\u00e9 stylo implanteur Choi.<\/p>\n\n\n\n<p><strong>Technique FUE<\/strong><\/p>\n\n\n\n<p>La <a href=\"https:\/\/www.turkaesthetic.com\/fr\/fue-hair-transplant\/\" target=\"_blank\" data-type=\"page\" data-id=\"61523\" rel=\"noreferrer noopener\">FUE<\/a> (Follicular Unit Extraction) est une technique de greffe de cheveux qui consiste \u00e0 extraire les follicules pileux un par un et \u00e0 les implanter, laissant une cicatrice minimale et ne n\u00e9cessitant aucun point de suture. Cette m\u00e9thode consiste \u00e0 transf\u00e9rer les follicules de la zone donneuse vers la zone d\u00e9garnie \u00e0 l&rsquo;aide d&rsquo;un micromoteur ou d&rsquo;un punch manuel.<\/p>\n\n\n\n<h3 class=\"wp-block-heading\"> Avantages et inconv\u00e9nients de la greffe de cheveux BHT<\/h3>\n\n\n\n<hr class=\"wp-block-separator has-alpha-channel-opacity\"\/>\n\n\n\n<p><strong>Avantages&nbsp;:<\/strong><\/p>\n\n\n\n<ul class=\"wp-block-list\">\n<li>Offre une solution compl\u00e9mentaire aux personnes dont la zone donneuse de cheveux est insuffisante au niveau de la nuque.<\/li>\n\n\n\n<li>Permet une densit\u00e9 capillaire accrue.<\/li>\n\n\n\n<li>Les cheveux peuvent \u00eatre pr\u00e9lev\u00e9s sur diff\u00e9rentes parties du corps.<\/li>\n<\/ul>\n\n\n\n<p><strong>Inconv\u00e9nients&nbsp;:<\/strong><\/p>\n\n\n\n<ul class=\"wp-block-list\">\n<li>La structure des poils est diff\u00e9rente de celle des cheveux, ce qui rend plus difficile l&rsquo;obtention d&rsquo;un aspect totalement naturel.<\/li>\n\n\n\n<li>Le cycle de croissance des poils diff\u00e8re de celui des cheveux, ce qui peut entra\u00eener des r\u00e9sultats variables.<\/li>\n\n\n\n<li>L&rsquo;intervention peut \u00eatre plus longue que celle des techniques de greffe de cheveux traditionnelles.<\/li>\n\n\n\n<li>Points \u00e0 consid\u00e9rer avant et apr\u00e8s la greffe de cheveux BHT<\/li>\n<\/ul>\n\n\n\n<p><strong>Avant l&rsquo;intervention&nbsp;:<\/strong><\/p>\n\n\n\n<ul class=\"wp-block-list\">\n<li>Les m\u00e9dicaments anticoagulants doivent \u00eatre arr\u00eat\u00e9s (sur recommandation du m\u00e9decin).<\/li>\n\n\n\n<li>La \u200b\u200bconsommation de tabac et d&rsquo;alcool doit \u00eatre r\u00e9duite.<\/li>\n\n\n\n<li>La longueur des poils doit \u00eatre maintenue.<\/li>\n\n\n\n<li>Une alimentation et un sommeil sains doivent \u00eatre respect\u00e9s.<\/li>\n<\/ul>\n\n\n\n<p><strong>Apr\u00e8s l&rsquo;intervention&nbsp;:<\/strong><\/p>\n\n\n\n<ul class=\"wp-block-list\">\n<li>Le pansement est retir\u00e9 le lendemain et les cheveux sont lav\u00e9s.<\/li>\n\n\n\n<li>Il est recommand\u00e9 d&rsquo;\u00e9viter les v\u00eatements trop serr\u00e9s et de ne pas irriter la zone de greffe.<\/li>\n\n\n\n<li>Les instructions du m\u00e9decin doivent \u00eatre scrupuleusement suivies.<\/li>\n\n\n\n<li>Les activit\u00e9s telles que les sports intenses et le sauna sont \u00e0 proscrire.<\/li>\n<\/ul>\n\n\n\n<h3 class=\"wp-block-heading\">Photos avant\/apr\u00e8s de la greffe de cheveux BHT<\/h3>\n\n\n\n<p>Pour les personnes envisageant une greffe de cheveux BHT, des photos avant\/apr\u00e8s sont essentielles pour comprendre le d\u00e9roulement du processus et les r\u00e9sultats. La greffe de cheveux utilisant des poils corporels peut diff\u00e9rer de la greffe de cheveux traditionnelle. Par cons\u00e9quent, des photos d&rsquo;exp\u00e9riences r\u00e9elles permettent de mieux g\u00e9rer ses attentes. Des r\u00e9sultats visibles sont g\u00e9n\u00e9ralement obtenus dans les 6 \u00e0 12 mois suivant la greffe de cheveux BHT. <\/p>\n\n\n<style>.kb-gallery-id-63273_548ac7-b1 .kadence-blocks-gallery-item .kb-gal-image-radius, .kb-gallery-id-63273_548ac7-b1 .kb-slide-item .kb-gal-image-radius img{border-radius:0px 0px 0px 0px;;}.kb-gallery-wrap-id-63273_548ac7-b1.wp-block-kadence-advancedgallery{overflow:visible;}.kb-gallery-wrap-id-63273_548ac7-b1.wp-block-kadence-advancedgallery .kt-blocks-carousel{overflow:visible;}<\/style><div class=\"kb-gallery-wrap-id-63273_548ac7-b1 alignnone wp-block-kadence-advancedgallery\"><div class=\"kb-gallery-ul kb-gallery-non-static kb-gallery-type-slider kb-gallery-id-63273_548ac7-b1 kb-gallery-caption-style-bottom-hover kb-gallery-filter-none\" data-image-filter=\"none\" data-lightbox-caption=\"true\"><div class=\"kt-blocks-carousel splide kt-carousel-container-dotstyle-dark kt-carousel-arrowstyle-whiteondark kt-carousel-dotstyle-dark kb-slider-group-arrow kb-slider-arrow-position-center\" data-slider-anim-speed=\"400\" data-slider-scroll=\"1\" data-slider-arrows=\"true\" data-slider-fade=\"true\" data-slider-dots=\"true\" data-slider-type=\"slider\" data-slider-hover-pause=\"false\" data-slider-auto=\"\" data-slider-speed=\"7000\" data-show-pause-button=\"false\"><div class=\"splide__track\"><ul class=\"kt-blocks-carousel-init kb-blocks-slider splide__list\"><li class=\"kb-slide-item kb-gallery-slide-item splide__slide\"><div class=\"kadence-blocks-gallery-item\"><div class=\"kadence-blocks-gallery-item-inner\"><figure class=\"kb-gallery-figure kadence-blocks-gallery-item-hide-caption\"><div class=\"kb-gal-image-radius\"><div class=\"kb-gallery-image-contain kadence-blocks-gallery-intrinsic kb-gallery-image-ratio-land32 kb-has-image-ratio-land32\" ><img loading=\"lazy\" decoding=\"async\" src=\"https:\/\/www.turkaesthetic.com\/wp-content\/uploads\/2023\/12\/Hair-transplant-before-after-9.webp\" width=\"1200\" height=\"800\" alt=\"avant apr\u00e8s greffe de cheveux percutan\u00e9e\" data-full-image=\"https:\/\/www.turkaesthetic.com\/wp-content\/uploads\/2023\/12\/Hair-transplant-before-after-9.webp\" data-light-image=\"https:\/\/www.turkaesthetic.com\/wp-content\/uploads\/2023\/12\/Hair-transplant-before-after-9.webp\" data-id=\"49147\" class=\"wp-image-49147 skip-lazy\"\/><\/div><\/div><\/figure><\/div><\/div><\/li><li class=\"kb-slide-item kb-gallery-slide-item splide__slide\"><div class=\"kadence-blocks-gallery-item\"><div class=\"kadence-blocks-gallery-item-inner\"><figure class=\"kb-gallery-figure kadence-blocks-gallery-item-hide-caption\"><div class=\"kb-gal-image-radius\"><div class=\"kb-gallery-image-contain kadence-blocks-gallery-intrinsic kb-gallery-image-ratio-land32 kb-has-image-ratio-land32\" ><img loading=\"lazy\" decoding=\"async\" src=\"https:\/\/www.turkaesthetic.com\/wp-content\/uploads\/2023\/12\/Hair-transplant-before-after-10.webp\" width=\"1200\" height=\"800\" alt=\"avant apr\u00e8s greffe de cheveux percutan\u00e9e\" data-full-image=\"https:\/\/www.turkaesthetic.com\/wp-content\/uploads\/2023\/12\/Hair-transplant-before-after-10.webp\" data-light-image=\"https:\/\/www.turkaesthetic.com\/wp-content\/uploads\/2023\/12\/Hair-transplant-before-after-10.webp\" data-id=\"49156\" class=\"wp-image-49156 skip-lazy\"\/><\/div><\/div><\/figure><\/div><\/div><\/li><li class=\"kb-slide-item kb-gallery-slide-item splide__slide\"><div class=\"kadence-blocks-gallery-item\"><div class=\"kadence-blocks-gallery-item-inner\"><figure class=\"kb-gallery-figure kadence-blocks-gallery-item-hide-caption\"><div class=\"kb-gal-image-radius\"><div class=\"kb-gallery-image-contain kadence-blocks-gallery-intrinsic kb-gallery-image-ratio-land32 kb-has-image-ratio-land32\" ><img loading=\"lazy\" decoding=\"async\" src=\"https:\/\/www.turkaesthetic.com\/wp-content\/uploads\/2023\/12\/Hair-transplant-before-after-11.webp\" width=\"1200\" height=\"800\" alt=\"avant apr\u00e8s greffe de cheveux percutan\u00e9e\" data-full-image=\"https:\/\/www.turkaesthetic.com\/wp-content\/uploads\/2023\/12\/Hair-transplant-before-after-11.webp\" data-light-image=\"https:\/\/www.turkaesthetic.com\/wp-content\/uploads\/2023\/12\/Hair-transplant-before-after-11.webp\" data-id=\"49165\" class=\"wp-image-49165 skip-lazy\"\/><\/div><\/div><\/figure><\/div><\/div><\/li><li class=\"kb-slide-item kb-gallery-slide-item splide__slide\"><div class=\"kadence-blocks-gallery-item\"><div class=\"kadence-blocks-gallery-item-inner\"><figure class=\"kb-gallery-figure kadence-blocks-gallery-item-hide-caption\"><div class=\"kb-gal-image-radius\"><div class=\"kb-gallery-image-contain kadence-blocks-gallery-intrinsic kb-gallery-image-ratio-land32 kb-has-image-ratio-land32\" ><img loading=\"lazy\" decoding=\"async\" src=\"https:\/\/www.turkaesthetic.com\/wp-content\/uploads\/2023\/12\/Hair-transplant-before-after-12.webp\" width=\"1200\" height=\"800\" alt=\"avant apr\u00e8s greffe de cheveux percutan\u00e9e\" data-full-image=\"https:\/\/www.turkaesthetic.com\/wp-content\/uploads\/2023\/12\/Hair-transplant-before-after-12.webp\" data-light-image=\"https:\/\/www.turkaesthetic.com\/wp-content\/uploads\/2023\/12\/Hair-transplant-before-after-12.webp\" data-id=\"49174\" class=\"wp-image-49174 skip-lazy\"\/><\/div><\/div><\/figure><\/div><\/div><\/li><\/ul><\/div><\/div><\/div><\/div>\n\n\n<h3 class=\"wp-block-heading\">Quand les r\u00e9sultats de la greffe de cheveux BHT sont-ils visibles&nbsp;?<\/h3>\n\n\n\n<p>La repousse capillaire avec la m\u00e9thode BHT commence dans les 3 \u00e0 6 mois. Les r\u00e9sultats complets apparaissent dans les 12 \u00e0 18 mois. Une chute de cheveux temporaire, appel\u00e9e \u00ab&nbsp;chute de choc&nbsp;\u00bb, peut survenir, mais c&rsquo;est normal, et les follicules transplant\u00e9s se renforceront avec le temps.<\/p>\n\n\n\n<h4 class=\"wp-block-heading\">Co\u00fbt d&rsquo;une greffe de cheveux BHT \u00e0 Istanbul, Turquie<\/h4>\n\n\n\n<p>La greffe de cheveux BHT consiste \u00e0 pr\u00e9lever des follicules pileux sur diff\u00e9rentes zones du corps et \u00e0 les transplanter sur le cuir chevelu.<br>Il est conseill\u00e9 de choisir une clinique ou un h\u00f4pital offrant les meilleures normes d&rsquo;exp\u00e9rience, de s\u00e9curit\u00e9 et de st\u00e9rilisation.<br>La greffe de cheveux par la technique BHT peut \u00eatre l\u00e9g\u00e8rement plus co\u00fbteuse que les autres techniques. Le prix de l&rsquo;intervention varie g\u00e9n\u00e9ralement entre 1&nbsp;800 et 2&nbsp;000 euros \u00e0 Istanbul, en Turquie. <\/p>\n\n\n\n<h2 class=\"wp-block-heading\">FAQ \u2013 Greffe de cheveux BHT<\/h2>\n\n\n\n<hr class=\"wp-block-separator has-alpha-channel-opacity\"\/>\n\n\n<div id=\"rank-math-faq\" class=\"rank-math-block\">\n<div class=\"rank-math-list \">\n<div id=\"faq-question-1739878229117\" class=\"rank-math-list-item\">\n<h3 class=\"rank-math-question \">La greffe de cheveux BHT est-elle douloureuse\u00a0?<\/h3>\n<div class=\"rank-math-answer \">\n\n<p>L&rsquo;intervention est r\u00e9alis\u00e9e sous anesth\u00e9sie locale, indolore. Cependant, une l\u00e9g\u00e8re g\u00eane peut \u00eatre ressentie.<\/p>\n\n<\/div>\n<\/div>\n<div id=\"faq-question-1747745662061\" class=\"rank-math-list-item\">\n<h3 class=\"rank-math-question \">Les poils transplant\u00e9s sont-ils permanents\u00a0?<\/h3>\n<div class=\"rank-math-answer \">\n\n<p>Oui, les cheveux transplant\u00e9s sont permanents. Cependant, comme les poils ont un cycle de croissance diff\u00e9rent, ils peuvent n\u00e9cessiter des soins dans certains cas.<\/p>\n\n<\/div>\n<\/div>\n<div id=\"faq-question-1747745665747\" class=\"rank-math-list-item\">\n<h3 class=\"rank-math-question \">Quelles zones du corps sont utilis\u00e9es pour l&rsquo;extraction de cheveux lors d&rsquo;une greffe de cheveux BHT\u00a0?<\/h3>\n<div class=\"rank-math-answer \">\n\n<p>La barbe et le torse sont les zones donneuses les plus courantes.<\/p>\n\n<\/div>\n<\/div>\n<div id=\"faq-question-1747745671315\" class=\"rank-math-list-item\">\n<h3 class=\"rank-math-question \">Les poils poussent-ils comme les cheveux du cuir chevelu\u00a0?<\/h3>\n<div class=\"rank-math-answer \">\n\n<p>Les poils peuvent \u00eatre plus courts et plus fins, selon des facteurs g\u00e9n\u00e9tiques. Cependant, ils peuvent s&rsquo;adapter progressivement \u00e0 la zone du cuir chevelu au fil du temps.<\/p>\n\n<\/div>\n<\/div>\n<div id=\"faq-question-1747745677607\" class=\"rank-math-list-item\">\n<h3 class=\"rank-math-question \">La greffe de cheveux BHT convient-elle \u00e0 tout le monde\u00a0?<\/h3>\n<div class=\"rank-math-answer \">\n\n<p>Non. La structure des poils doit correspondre au type de cheveux de la personne. Un examen m\u00e9dical est n\u00e9cessaire pour d\u00e9terminer la compatibilit\u00e9.<\/p>\n\n<\/div>\n<\/div>\n<\/div>\n<\/div>\n\n\n<hr class=\"wp-block-separator has-alpha-channel-opacity\"\/>\n\n\n\n<h3 class=\"wp-block-heading\">Conclusion<\/h3>\n\n\n\n<p>La greffe de cheveux BHT offre une alternative int\u00e9ressante aux personnes dont la zone donneuse au niveau de la nuque est insuffisante. Des r\u00e9sultats positifs et naturels peuvent \u00eatre obtenus avec une planification ad\u00e9quate et par un expert exp\u00e9riment\u00e9. Cependant, la structure des poils du corps \u00e9tant diff\u00e9rente de celle des cheveux du cuir chevelu, une \u00e9valuation professionnelle est essentielle.<\/p>\n\n\n\n<p>Si vous ne disposez pas de zones donneuses suffisantes pour une greffe de cheveux et que vous envisagez une greffe de cheveux par la technique BHT, vous pouvez consulter un sp\u00e9cialiste de la greffe de cheveux pour trouver la solution la plus adapt\u00e9e.<\/p>\n\n\n\n<p>Enfin, vous pouvez&nbsp;<a href=\"http:\/\/turkaesthetic.com\/fr\/contact-us\/\" target=\"_blank\" rel=\"noreferrer noopener\">contacter<\/a>&nbsp;directement pour demander des informations et des prix aupr\u00e8s de T\u00fcrkiye Istanbul&nbsp;<a href=\"https:\/\/www.youtube.com\/channel\/UC0zggzdm5CFwpRMmn_CPpFQ\" target=\"_blank\" rel=\"noreferrer noopener\">Turk Aesthetic<\/a>.<\/p>\n","protected":false},"excerpt":{"rendered":"<p>La greffe de cheveux BHT, ou greffe de poils corporels, est une technique utilis\u00e9e en cas de manque de cheveux donneurs sur le cuir chevelu. Dans ce cas, des follicules pileux sont pr\u00e9lev\u00e9s sur d&rsquo;autres parties du corps et utilis\u00e9s pour la greffe de cheveux. Cette approche offre une alternative efficace, notamment pour les personnes [&hellip;]<\/p>\n","protected":false},"author":4,"featured_media":60561,"parent":0,"menu_order":0,"comment_status":"closed","ping_status":"closed","template":"","meta":{"footnotes":""},"dep":[1352],"class_list":["post-63273","page","type-page","status-publish","has-post-thumbnail","hentry","dep-hair-transplant"],"_links":{"self":[{"href":"https:\/\/www.turkaesthetic.com\/fr\/wp-json\/wp\/v2\/pages\/63273","targetHints":{"allow":["GET"]}}],"collection":[{"href":"https:\/\/www.turkaesthetic.com\/fr\/wp-json\/wp\/v2\/pages"}],"about":[{"href":"https:\/\/www.turkaesthetic.com\/fr\/wp-json\/wp\/v2\/types\/page"}],"author":[{"embeddable":true,"href":"https:\/\/www.turkaesthetic.com\/fr\/wp-json\/wp\/v2\/users\/4"}],"replies":[{"embeddable":true,"href":"https:\/\/www.turkaesthetic.com\/fr\/wp-json\/wp\/v2\/comments?post=63273"}],"version-history":[{"count":1,"href":"https:\/\/www.turkaesthetic.com\/fr\/wp-json\/wp\/v2\/pages\/63273\/revisions"}],"predecessor-version":[{"id":72674,"href":"https:\/\/www.turkaesthetic.com\/fr\/wp-json\/wp\/v2\/pages\/63273\/revisions\/72674"}],"wp:featuredmedia":[{"embeddable":true,"href":"https:\/\/www.turkaesthetic.com\/fr\/wp-json\/wp\/v2\/media\/60561"}],"wp:attachment":[{"href":"https:\/\/www.turkaesthetic.com\/fr\/wp-json\/wp\/v2\/media?parent=63273"}],"wp:term":[{"taxonomy":"dep","embeddable":true,"href":"https:\/\/www.turkaesthetic.com\/fr\/wp-json\/wp\/v2\/dep?post=63273"}],"curies":[{"name":"wp","href":"https:\/\/api.w.org\/{rel}","templated":true}]}}