{"id":62852,"date":"2025-02-19T14:06:07","date_gmt":"2025-02-19T11:06:07","guid":{"rendered":"https:\/\/www.turkaesthetic.com\/?page_id=62852"},"modified":"2026-04-02T13:06:19","modified_gmt":"2026-04-02T10:06:19","slug":"percutaneous-hair-transplant","status":"publish","type":"page","link":"https:\/\/www.turkaesthetic.com\/fr\/percutaneous-hair-transplant\/","title":{"rendered":"Greffe de Cheveux Percutan\u00e9e"},"content":{"rendered":"\n<p>La <strong>greffe de cheveux percutan\u00e9e<\/strong> est une m\u00e9thode sp\u00e9cialis\u00e9e de <a href=\"https:\/\/www.turkaesthetic.com\/fr\/hair-transplant\/\" data-type=\"page\" data-id=\"15900\" target=\"_blank\" rel=\"noreferrer noopener\">greffe de cheveux<\/a>. De minuscules micro-incisions rondes sont pratiqu\u00e9es dans la zone receveuse pour implanter les follicules pileux. Compar\u00e9e aux techniques traditionnelles, cette m\u00e9thode permet d&rsquo;implanter les follicules pileux selon des angles plus naturels et avec une densit\u00e9 plus \u00e9lev\u00e9e, pour des r\u00e9sultats plus esth\u00e9tiques et naturels.<\/p>\n\n\n\n<h2 class=\"wp-block-heading\">D\u00e9roulement d&rsquo;une greffe de cheveux percutan\u00e9e<\/h2>\n\n\n<div id=\"rank-math-howto\" class=\"rank-math-block\" >\n<div class=\"rank-math-howto-description\">\n\n<p>\u00c9tapes de la proc\u00e9dure<\/p>\n\n<\/div>\n<p class=\"rank-math-howto-duration\"><strong>Temps total\u00a0:<\/strong> <span>7 heures<\/span><\/p>\n<div class=\"rank-math-steps \">\n<div id=\"howto-step-1739958341965\" class=\"rank-math-step\">\n<h3 class=\"rank-math-step-title \">Premi\u00e8re \u00e9tape<\/h3>\n<div class=\"rank-math-step-content \"><p>Examen et planification\u00a0: Le profil de perte de cheveux du patient est analys\u00e9 et la zone donneuse est identifi\u00e9e.<br \/>Extraction des follicules pileux\u00a0: Les follicules pileux sains sont extraits de la zone donneuse (nuque) \u00e0 l&rsquo;aide d&rsquo;un micromoteur ou d&rsquo;un punch manuel.<\/p>\n<\/div>\n<\/div>\n<div id=\"howto-step-1739958344711\" class=\"rank-math-step\">\n<h3 class=\"rank-math-step-title \"><strong>\u00c9tape suivante<\/strong><\/h3>\n<div class=\"rank-math-step-content \"><p>Cr\u00e9ation de micro-ouvertures\u00a0: Des micropores ronds sont cr\u00e9\u00e9s dans la zone receveuse \u00e0 l&rsquo;aide de lames \u00e0 pointe fine sp\u00e9cialement con\u00e7ues pour la technique percutan\u00e9e. Implantation des greffons\u00a0: Les follicules pr\u00e9lev\u00e9s sont ensuite implant\u00e9s dans les ouvertures circulaires selon des angles appropri\u00e9s, garantissant un alignement et une direction de croissance naturels.<\/p>\n<\/div>\n<\/div>\n<div id=\"howto-step-1739958354565\" class=\"rank-math-step\">\n<h3 class=\"rank-math-step-title \"><strong>\u00c9tape finale<\/strong><\/h3>\n<div class=\"rank-math-step-content \"><p>Bandage\u00a0: Apr\u00e8s l\u2019intervention, la zone donneuse est trait\u00e9e avec une cr\u00e8me antibiotique et band\u00e9e.<br \/>Civilit\u00e9\u00a0: Les greffons commencent \u00e0 se fixer une fois la transplantation termin\u00e9e, et la cicatrisation est surveill\u00e9e attentivement.<\/p>\n<\/div>\n<\/div>\n<\/div>\n<\/div>\n<p class=\"rank-math-howto-estimatedCost\"><strong>Co\u00fbt estim\u00e9\u00a0:<\/strong> <span>1200 Euro<\/span><\/p>\n\n\n\n\n\n<h3 class=\"wp-block-heading\">Vid\u00e9o<\/h3>\n\n\n\n<p>Vous pouvez visionner une vid\u00e9o pour d\u00e9couvrir les \u00e9tapes et les r\u00e9sultats d\u00e9taill\u00e9s de la technique percutan\u00e9e.<\/p>\n\n\n\n<figure class=\"wp-block-embed is-type-video is-provider-youtube wp-block-embed-youtube wp-embed-aspect-16-9 wp-has-aspect-ratio\"><div class=\"wp-block-embed__wrapper\">\n<iframe loading=\"lazy\" title=\"Hair Transplant Techniques - Turk Aesthetic\" width=\"800\" height=\"450\" src=\"https:\/\/www.youtube.com\/embed\/rqiNLzLCCPg?feature=oembed\" frameborder=\"0\" allow=\"accelerometer; autoplay; clipboard-write; encrypted-media; gyroscope; picture-in-picture; web-share\" referrerpolicy=\"strict-origin-when-cross-origin\" allowfullscreen><\/iframe>\n<\/div><\/figure>\n\n\n\n<h3 class=\"wp-block-heading\">\u00c0 qui s&rsquo;adresse la technique percutan\u00e9e&nbsp;?<\/h3>\n\n\n\n<p>Cette m\u00e9thode convient aux personnes qui&nbsp;:<\/p>\n\n\n\n<ul class=\"wp-block-list\">\n<li>Souhaitent un r\u00e9sultat de greffe de cheveux naturel<\/li>\n\n\n\n<li>Souhaitent une implantation dense et volumineuse, notamment au niveau de la ligne frontale et du front&nbsp;;<\/li>\n\n\n\n<li>N&rsquo;obtiennent pas de r\u00e9sultats satisfaisants avec les m\u00e9thodes traditionnelles&nbsp;;<\/li>\n\n\n\n<li>Pr\u00e9f\u00e8rent une r\u00e9cup\u00e9ration plus rapide.<\/li>\n\n\n\n<li>Cependant, la greffe de cheveux par technique percutan\u00e9e peut ne pas convenir \u00e0 tous les patients. La structure capillaire, les caract\u00e9ristiques de la peau et l&rsquo;\u00e9tat de la zone donneuse doivent \u00eatre \u00e9valu\u00e9s par un sp\u00e9cialiste qualifi\u00e9.<\/li>\n<\/ul>\n\n\n\n<h4 class=\"wp-block-heading\">Avantages et inconv\u00e9nients de <strong>greffe de cheveux percutan\u00e9e<\/strong><\/h4>\n\n\n\n<p><strong>Avantages&nbsp;:<\/strong><\/p>\n\n\n\n<ul class=\"wp-block-list\">\n<li>Permet une implantation plus dense et plus compacte.<\/li>\n\n\n\n<li>Gr\u00e2ce aux micropores ronds, les follicules s&rsquo;ancrent plus solidement.<\/li>\n\n\n\n<li>Le r\u00e9sultat est plus esth\u00e9tique car les cheveux sont implant\u00e9s selon des angles naturels.<\/li>\n\n\n\n<li>La cicatrisation est g\u00e9n\u00e9ralement plus rapide qu&rsquo;avec la technique FUE.<\/li>\n\n\n\n<li>R\u00e9duit la formation de cro\u00fbtes et les rougeurs apr\u00e8s l&rsquo;intervention.<\/li>\n<\/ul>\n\n\n\n<p><strong>Inconv\u00e9nients&nbsp;:<\/strong><\/p>\n\n\n\n<ul class=\"wp-block-list\">\n<li>N\u00e9cessite une technique sp\u00e9cialis\u00e9e, elle peut donc ne pas \u00eatre disponible dans toutes les cliniques.<\/li>\n\n\n\n<li>Peut \u00eatre plus co\u00fbteuse que d&rsquo;autres techniques de greffe de cheveux.<\/li>\n\n\n\n<li>Si elle n&rsquo;est pas r\u00e9alis\u00e9e par des professionnels exp\u00e9riment\u00e9s, le r\u00e9sultat souhait\u00e9 risque de ne pas \u00eatre obtenu.<\/li>\n<\/ul>\n\n\n\n<h4 class=\"wp-block-heading\">Instructions avant et apr\u00e8s <strong>greffe de cheveux percutan\u00e9e<\/strong><\/h4>\n\n\n\n<hr class=\"wp-block-separator has-alpha-channel-opacity\"\/>\n\n\n\n<p><strong>Avant l&rsquo;intervention&nbsp;:<\/strong><\/p>\n\n\n\n<ul class=\"wp-block-list\">\n<li>Les m\u00e9dicaments anticoagulants doivent \u00eatre arr\u00eat\u00e9s sur recommandation du m\u00e9decin.<\/li>\n\n\n\n<li>La consommation d&rsquo;alcool et de tabac doit \u00eatre r\u00e9duite.<\/li>\n\n\n\n<li>Une alimentation \u00e9quilibr\u00e9e est essentielle pour des cheveux et un cuir chevelu sains.<\/li>\n\n\n\n<li>Des vitamines et des min\u00e9raux qui renforcent les follicules pileux peuvent \u00eatre pris.<\/li>\n<\/ul>\n\n\n\n<p><strong>Apr\u00e8s l&rsquo;intervention&nbsp;:<\/strong><\/p>\n\n\n\n<ul class=\"wp-block-list\">\n<li>Le pansement est retir\u00e9 le lendemain de l&rsquo;intervention, suivi du premier lavage de cheveux.<\/li>\n\n\n\n<li>\u00c9vitez les v\u00eatements susceptibles d&rsquo;irriter le cuir chevelu.<\/li>\n\n\n\n<li>Utilisez r\u00e9guli\u00e8rement les produits de soin et les lotions recommand\u00e9s par votre m\u00e9decin.<\/li>\n\n\n\n<li>\u00c9vitez les activit\u00e9s physiques intenses, le sauna et l&rsquo;exposition directe au soleil.<\/li>\n<\/ul>\n\n\n\n<figure class=\"wp-block-image size-full\"><img loading=\"lazy\" decoding=\"async\" width=\"800\" height=\"600\" src=\"https:\/\/www.turkaesthetic.com\/wp-content\/uploads\/2025\/02\/perkutan-1.webp\" alt=\"perk\u00fctan tekni\u011fi\" class=\"wp-image-60597\" srcset=\"https:\/\/www.turkaesthetic.com\/wp-content\/uploads\/2025\/02\/perkutan-1.webp 800w, https:\/\/www.turkaesthetic.com\/wp-content\/uploads\/2025\/02\/perkutan-1-768x576.webp 768w\" sizes=\"auto, (max-width: 800px) 100vw, 800px\" \/><figcaption class=\"wp-element-caption\">Percutaneous Technique<\/figcaption><\/figure>\n\n\n\n<h4 class=\"wp-block-heading\">Quand les r\u00e9sultats de la technique percutan\u00e9e sont-ils visibles&nbsp;?<\/h4>\n\n\n\n<p>Au cours des trois premiers mois, les follicules pileux transplant\u00e9s peuvent subir une phase de chute brutale, ce qui est tout \u00e0 fait normal. \u00c0 partir du 6e mois, de nouveaux cheveux commencent \u00e0 pousser. Les r\u00e9sultats complets sont g\u00e9n\u00e9ralement visibles dans les 12 mois, les cheveux transplant\u00e9s se fondant naturellement aux cheveux existants.<\/p>\n\n\n\n<h3 class=\"wp-block-heading\">Photos avant\/apr\u00e8s de <strong>greffe de cheveux percutan\u00e9e<\/strong><\/h3>\n\n\n\n<p>Les photos avant\/apr\u00e8s d&rsquo;une greffe de cheveux par technique percutan\u00e9e sont pr\u00e9cieuses pour \u00e9valuer le succ\u00e8s de l&rsquo;intervention. Cette m\u00e9thode se distingue par une ligne frontale naturelle et une densit\u00e9 capillaire. Des photos bas\u00e9es sur l&rsquo;exp\u00e9rience des patients peuvent vous aider \u00e0 mieux comprendre le processus et les r\u00e9sultats escompt\u00e9s.<\/p>\n\n\n<style>.kb-gallery-id-62852_131aaf-e5 .kadence-blocks-gallery-item .kb-gal-image-radius, .kb-gallery-id-62852_131aaf-e5 .kb-slide-item .kb-gal-image-radius img{border-radius:0px 0px 0px 0px;;}.kb-gallery-wrap-id-62852_131aaf-e5.wp-block-kadence-advancedgallery{overflow:visible;}.kb-gallery-wrap-id-62852_131aaf-e5.wp-block-kadence-advancedgallery .kt-blocks-carousel{overflow:visible;}<\/style><div class=\"kb-gallery-wrap-id-62852_131aaf-e5 alignnone wp-block-kadence-advancedgallery\"><div class=\"kb-gallery-ul kb-gallery-non-static kb-gallery-type-slider kb-gallery-id-62852_131aaf-e5 kb-gallery-caption-style-bottom-hover kb-gallery-filter-none\" data-image-filter=\"none\" data-lightbox-caption=\"true\"><div class=\"kt-blocks-carousel splide kt-carousel-container-dotstyle-dark kt-carousel-arrowstyle-whiteondark kt-carousel-dotstyle-dark kb-slider-group-arrow kb-slider-arrow-position-center\" data-slider-anim-speed=\"400\" data-slider-scroll=\"1\" data-slider-arrows=\"true\" data-slider-fade=\"true\" data-slider-dots=\"true\" data-slider-type=\"slider\" data-slider-hover-pause=\"false\" data-slider-auto=\"\" data-slider-speed=\"7000\" data-show-pause-button=\"false\"><div class=\"splide__track\"><ul class=\"kt-blocks-carousel-init kb-blocks-slider splide__list\"><li class=\"kb-slide-item kb-gallery-slide-item splide__slide\"><div class=\"kadence-blocks-gallery-item\"><div class=\"kadence-blocks-gallery-item-inner\"><figure class=\"kb-gallery-figure kadence-blocks-gallery-item-hide-caption\"><div class=\"kb-gal-image-radius\"><div class=\"kb-gallery-image-contain kadence-blocks-gallery-intrinsic kb-gallery-image-ratio-land32 kb-has-image-ratio-land32\" ><img loading=\"lazy\" decoding=\"async\" src=\"https:\/\/www.turkaesthetic.com\/wp-content\/uploads\/2023\/12\/Hair-transplant-before-after-5.webp\" width=\"1200\" height=\"800\" alt=\"avant apr\u00e8s greffe de cheveux bht\" data-full-image=\"https:\/\/www.turkaesthetic.com\/wp-content\/uploads\/2023\/12\/Hair-transplant-before-after-5.webp\" data-light-image=\"https:\/\/www.turkaesthetic.com\/wp-content\/uploads\/2023\/12\/Hair-transplant-before-after-5.webp\" data-id=\"49111\" class=\"wp-image-49111 skip-lazy\"\/><\/div><\/div><\/figure><\/div><\/div><\/li><li class=\"kb-slide-item kb-gallery-slide-item splide__slide\"><div class=\"kadence-blocks-gallery-item\"><div class=\"kadence-blocks-gallery-item-inner\"><figure class=\"kb-gallery-figure kadence-blocks-gallery-item-hide-caption\"><div class=\"kb-gal-image-radius\"><div class=\"kb-gallery-image-contain kadence-blocks-gallery-intrinsic kb-gallery-image-ratio-land32 kb-has-image-ratio-land32\" ><img loading=\"lazy\" decoding=\"async\" src=\"https:\/\/www.turkaesthetic.com\/wp-content\/uploads\/2023\/12\/Hair-transplant-before-after-6.webp\" width=\"1200\" height=\"800\" alt=\"avant apr\u00e8s greffe de cheveux bht\" data-full-image=\"https:\/\/www.turkaesthetic.com\/wp-content\/uploads\/2023\/12\/Hair-transplant-before-after-6.webp\" data-light-image=\"https:\/\/www.turkaesthetic.com\/wp-content\/uploads\/2023\/12\/Hair-transplant-before-after-6.webp\" data-id=\"49120\" class=\"wp-image-49120 skip-lazy\"\/><\/div><\/div><\/figure><\/div><\/div><\/li><li class=\"kb-slide-item kb-gallery-slide-item splide__slide\"><div class=\"kadence-blocks-gallery-item\"><div class=\"kadence-blocks-gallery-item-inner\"><figure class=\"kb-gallery-figure kadence-blocks-gallery-item-hide-caption\"><div class=\"kb-gal-image-radius\"><div class=\"kb-gallery-image-contain kadence-blocks-gallery-intrinsic kb-gallery-image-ratio-land32 kb-has-image-ratio-land32\" ><img loading=\"lazy\" decoding=\"async\" src=\"https:\/\/www.turkaesthetic.com\/wp-content\/uploads\/2023\/12\/Hair-transplant-before-after-7.webp\" width=\"1200\" height=\"800\" alt=\"avant apr\u00e8s greffe de cheveux bht\" data-full-image=\"https:\/\/www.turkaesthetic.com\/wp-content\/uploads\/2023\/12\/Hair-transplant-before-after-7.webp\" data-light-image=\"https:\/\/www.turkaesthetic.com\/wp-content\/uploads\/2023\/12\/Hair-transplant-before-after-7.webp\" data-id=\"49129\" class=\"wp-image-49129 skip-lazy\"\/><\/div><\/div><\/figure><\/div><\/div><\/li><li class=\"kb-slide-item kb-gallery-slide-item splide__slide\"><div class=\"kadence-blocks-gallery-item\"><div class=\"kadence-blocks-gallery-item-inner\"><figure class=\"kb-gallery-figure kadence-blocks-gallery-item-hide-caption\"><div class=\"kb-gal-image-radius\"><div class=\"kb-gallery-image-contain kadence-blocks-gallery-intrinsic kb-gallery-image-ratio-land32 kb-has-image-ratio-land32\" ><img loading=\"lazy\" decoding=\"async\" src=\"https:\/\/www.turkaesthetic.com\/wp-content\/uploads\/2023\/12\/Hair-transplant-before-after-8.webp\" width=\"1200\" height=\"800\" alt=\"avant apr\u00e8s greffe de cheveux bht\" data-full-image=\"https:\/\/www.turkaesthetic.com\/wp-content\/uploads\/2023\/12\/Hair-transplant-before-after-8.webp\" data-light-image=\"https:\/\/www.turkaesthetic.com\/wp-content\/uploads\/2023\/12\/Hair-transplant-before-after-8.webp\" data-id=\"49138\" class=\"wp-image-49138 skip-lazy\"\/><\/div><\/div><\/figure><\/div><\/div><\/li><\/ul><\/div><\/div><\/div><\/div>\n\n\n<h4 class=\"wp-block-heading\">Comparaison de la technique percutan\u00e9e avec la FUE et la DHI<\/h4>\n\n\n\n<hr class=\"wp-block-separator has-alpha-channel-opacity\"\/>\n\n\n\n<p>La greffe de cheveux percutan\u00e9e diff\u00e8re sur plusieurs points cl\u00e9s des m\u00e9thodes FUE (extraction d&rsquo;unit\u00e9s folliculaires) et <a href=\"https:\/\/www.turkaesthetic.com\/fr\/dhi-hair-transplant\/\" target=\"_blank\" data-type=\"page\" data-id=\"59842\" rel=\"noreferrer noopener\">DHI<\/a> (implantation directe de cheveux).<br>Avec la technique percutan\u00e9e, les zones d&rsquo;implantation des follicules pileux sont pr\u00e9par\u00e9es en cr\u00e9ant des micropores ronds \u00e0 l&rsquo;aide de lames sp\u00e9ciales. Cela permet une implantation plus dense et plus naturelle. En revanche, la m\u00e9thode FUE consiste \u00e0 extraire les greffons \u00e0 l&rsquo;aide d&rsquo;un micromoteur ou d&rsquo;un punch manuel et \u00e0 les placer dans des micropores lin\u00e9aires. Bien que la FUE soit efficace pour couvrir de plus grandes surfaces, l&rsquo;angle d&rsquo;implantation peut ne pas \u00eatre aussi naturel qu&rsquo;avec la technique percutan\u00e9e.<\/p>\n\n\n\n<p>Avec la technique DHI, aucun pore n&rsquo;est ouvert au pr\u00e9alable&nbsp;; les follicules pileux sont implant\u00e9s directement \u00e0 l&rsquo;aide de stylos implanteurs sp\u00e9ciaux. Cette m\u00e9thode permet une greffe de cheveux sans rasage, ce qui la rend particuli\u00e8rement adapt\u00e9e aux femmes ou aux personnes qui ne souhaitent pas se raser les cheveux. Cependant, la DHI peut ne pas permettre une densit\u00e9 d&rsquo;implantation aussi \u00e9lev\u00e9e que la technique percutan\u00e9e.<\/p>\n\n\n\n<p>En termes de temps de cicatrisation, la technique percutan\u00e9e offre g\u00e9n\u00e9ralement une r\u00e9cup\u00e9ration plus rapide et une formation minimale de cro\u00fbtes, tandis que la <a href=\"https:\/\/www.turkaesthetic.com\/fr\/fue-hair-transplant\/\" target=\"_blank\" data-type=\"page\" data-id=\"61523\" rel=\"noreferrer noopener\">FUE<\/a> peut impliquer un processus de cicatrisation l\u00e9g\u00e8rement plus long. La DHI permet \u00e9galement une cicatrisation rapide, mais peut \u00eatre plus longue \u00e0 r\u00e9aliser pour traiter de grandes surfaces.<\/p>\n\n\n\n<p>En conclusion, la greffe de cheveux percutan\u00e9e est id\u00e9ale pour les personnes recherchant un angle capillaire naturel et une implantation haute densit\u00e9, en particulier sur la ligne frontale et les zones n\u00e9cessitant un traitement pr\u00e9cis. La FUE est souvent privil\u00e9gi\u00e9e pour couvrir des zones plus \u00e9tendues, tandis que la DHI est la meilleure option pour une greffe de cheveux sans rasage. La m\u00e9thode la plus adapt\u00e9e doit \u00eatre d\u00e9termin\u00e9e en fonction de la structure capillaire et des attentes personnelles de chaque patient.<\/p>\n\n\n\n<h4 class=\"wp-block-heading\">Co\u00fbt de greffe de cheveux percutan\u00e9e<\/h4>\n\n\n\n<p>Le co\u00fbt d&rsquo;une greffe de cheveux percutan\u00e9e \u00e0 Istanbul peut varier en fonction de plusieurs facteurs. Les principaux facteurs d\u00e9terminants sont l&rsquo;exp\u00e9rience de la clinique, son expertise en mati\u00e8re de planification, le nombre de greffons \u00e0 implanter et les services compl\u00e9mentaires tels que le traitement PRP ou les forfaits de suivi.<br>En 2025, le prix moyen d&rsquo;une technique percutan\u00e9e \u00e0 Istanbul se situait entre 1&nbsp;200 et 1&nbsp;800 \u20ac.<\/p>\n\n\n\n<h2 class=\"wp-block-heading\">FAQ &#8211; Greffe de cheveux percutan\u00e9e<\/h2>\n\n\n\n<hr class=\"wp-block-separator has-alpha-channel-opacity\"\/>\n\n\n<div id=\"rank-math-faq\" class=\"rank-math-block\">\n<div class=\"rank-math-list \">\n<div id=\"faq-question-1739960184772\" class=\"rank-math-list-item\">\n<h3 class=\"rank-math-question \">La greffe de cheveux percutan\u00e9e est-elle douloureuse?<\/h3>\n<div class=\"rank-math-answer \">\n\n<p>Non, l&rsquo;intervention est r\u00e9alis\u00e9e sous anesth\u00e9sie locale\u00a0; aucune douleur n&rsquo;est donc ressentie. Cependant, une l\u00e9g\u00e8re g\u00eane peut \u00eatre ressentie.<\/p>\n\n<\/div>\n<\/div>\n<div id=\"faq-question-1746006136756\" class=\"rank-math-list-item\">\n<h3 class=\"rank-math-question \">Cette technique est-elle permanente?<\/h3>\n<div class=\"rank-math-answer \">\n\n<p>Oui, les cheveux transplant\u00e9s sont permanents et ne tombent pas. Cependant, des soins capillaires appropri\u00e9s sont essentiels pour pr\u00e9server les r\u00e9sultats.<\/p>\n\n<\/div>\n<\/div>\n<div id=\"faq-question-1746006142328\" class=\"rank-math-list-item\">\n<h3 class=\"rank-math-question \">Combien de temps dure l&rsquo;intervention?<\/h3>\n<div class=\"rank-math-answer \">\n\n<p>La dur\u00e9e d\u00e9pend des besoins de chacun, mais elle dure en moyenne de 6 \u00e0 8\u00a0heures.<\/p>\n\n<\/div>\n<\/div>\n<div id=\"faq-question-1746006149321\" class=\"rank-math-list-item\">\n<h3 class=\"rank-math-question \">Une chute de cheveux soudaine est-elle normale apr\u00e8s l&rsquo;intervention?<\/h3>\n<div class=\"rank-math-answer \">\n\n<p>Oui, une chute de cheveux soudaine temporaire peut survenir apr\u00e8s l&rsquo;intervention. Cependant, les cheveux commencent g\u00e9n\u00e9ralement \u00e0 repousser dans les 6 \u00e0 12\u00a0mois.<\/p>\n\n<\/div>\n<\/div>\n<div id=\"faq-question-1746006154628\" class=\"rank-math-list-item\">\n<h3 class=\"rank-math-question \">Quand les cheveux transplant\u00e9s commencent-ils \u00e0 pousser?<\/h3>\n<div class=\"rank-math-answer \">\n\n<p>La pousse des cheveux commence faiblement au cours des 3\u00a0premiers mois, devient plus visible au 6e\u00a0mois, et le r\u00e9sultat complet est g\u00e9n\u00e9ralement visible au bout de 12\u00a0mois.<\/p>\n\n<\/div>\n<\/div>\n<\/div>\n<\/div>\n\n\n<hr class=\"wp-block-separator has-alpha-channel-opacity\"\/>\n\n\n\n<h2 class=\"wp-block-heading\">Conclusion<\/h2>\n\n\n\n<p>La greffe de cheveux percutan\u00e9e est id\u00e9ale pour ceux qui souhaitent un r\u00e9sultat dense et naturel. L&rsquo;utilisation de micropores ronds garantit une implantation optimale des follicules, pour des r\u00e9sultats esth\u00e9tiques sup\u00e9rieurs. Cependant, l&rsquo;intervention doit \u00eatre r\u00e9alis\u00e9e par une \u00e9quipe m\u00e9dicale qualifi\u00e9e et exp\u00e9riment\u00e9e.<\/p>\n\n\n\n<p>Si vous envisagez une greffe de cheveux percutan\u00e9e, consultez un sp\u00e9cialiste pour d\u00e9terminer si la technique percutan\u00e9e est la solution id\u00e9ale pour vous.<\/p>\n\n\n\n<p>Pour plus d&rsquo;informations et pour demander un devis, vous pouvez <a href=\"https:\/\/www.turkaesthetic.com\/fr\/contact-us\/\" target=\"_blank\" data-type=\"page\" data-id=\"15940\" rel=\"noreferrer noopener\"><strong>contacter<\/strong><\/a> directement <strong><a href=\"https:\/\/www.youtube.com\/channel\/UC0zggzdm5CFwpRMmn_CPpFQ?themeRefresh=1\" target=\"_blank\" data-type=\"link\" data-id=\"https:\/\/www.youtube.com\/channel\/UC0zggzdm5CFwpRMmn_CPpFQ?themeRefresh=1\" rel=\"noreferrer noopener\">Turk Aesthetic<\/a> <\/strong>\u00e0 Istanbul, en Turquie, via le lien fourni.<\/p>\n","protected":false},"excerpt":{"rendered":"<p>La greffe de cheveux percutan\u00e9e est une m\u00e9thode sp\u00e9cialis\u00e9e de greffe de cheveux. De minuscules micro-incisions rondes sont pratiqu\u00e9es dans la zone receveuse pour implanter les follicules pileux. Compar\u00e9e aux techniques traditionnelles, cette m\u00e9thode permet d&rsquo;implanter les follicules pileux selon des angles plus naturels et avec une densit\u00e9 plus \u00e9lev\u00e9e, pour des r\u00e9sultats plus esth\u00e9tiques [&hellip;]<\/p>\n","protected":false},"author":4,"featured_media":60591,"parent":0,"menu_order":0,"comment_status":"closed","ping_status":"closed","template":"","meta":{"footnotes":""},"dep":[1352],"class_list":["post-62852","page","type-page","status-publish","has-post-thumbnail","hentry","dep-hair-transplant"],"_links":{"self":[{"href":"https:\/\/www.turkaesthetic.com\/fr\/wp-json\/wp\/v2\/pages\/62852","targetHints":{"allow":["GET"]}}],"collection":[{"href":"https:\/\/www.turkaesthetic.com\/fr\/wp-json\/wp\/v2\/pages"}],"about":[{"href":"https:\/\/www.turkaesthetic.com\/fr\/wp-json\/wp\/v2\/types\/page"}],"author":[{"embeddable":true,"href":"https:\/\/www.turkaesthetic.com\/fr\/wp-json\/wp\/v2\/users\/4"}],"replies":[{"embeddable":true,"href":"https:\/\/www.turkaesthetic.com\/fr\/wp-json\/wp\/v2\/comments?post=62852"}],"version-history":[{"count":1,"href":"https:\/\/www.turkaesthetic.com\/fr\/wp-json\/wp\/v2\/pages\/62852\/revisions"}],"predecessor-version":[{"id":72685,"href":"https:\/\/www.turkaesthetic.com\/fr\/wp-json\/wp\/v2\/pages\/62852\/revisions\/72685"}],"wp:featuredmedia":[{"embeddable":true,"href":"https:\/\/www.turkaesthetic.com\/fr\/wp-json\/wp\/v2\/media\/60591"}],"wp:attachment":[{"href":"https:\/\/www.turkaesthetic.com\/fr\/wp-json\/wp\/v2\/media?parent=62852"}],"wp:term":[{"taxonomy":"dep","embeddable":true,"href":"https:\/\/www.turkaesthetic.com\/fr\/wp-json\/wp\/v2\/dep?post=62852"}],"curies":[{"name":"wp","href":"https:\/\/api.w.org\/{rel}","templated":true}]}}