{"id":53405,"date":"2024-03-31T23:04:30","date_gmt":"2024-03-31T20:04:30","guid":{"rendered":"http:\/\/turkaesthetic.com\/?page_id=53405"},"modified":"2024-04-01T00:45:24","modified_gmt":"2024-03-31T21:45:24","slug":"genital-aesthetic","status":"publish","type":"page","link":"https:\/\/www.turkaesthetic.com\/fr\/genital-aesthetic\/","title":{"rendered":"Esth\u00e9tique G\u00e9nitale"},"content":{"rendered":"\t\t<div data-elementor-type=\"wp-page\" data-elementor-id=\"53405\" class=\"elementor elementor-53405 elementor-53352\" data-elementor-post-type=\"page\">\n\t\t\t\t\t\t<section class=\"elementor-section elementor-top-section elementor-element elementor-element-21096341 elementor-section-height-min-height elementor-section-boxed elementor-section-height-default elementor-section-items-middle\" data-id=\"21096341\" data-element_type=\"section\" data-e-type=\"section\" data-settings=\"{&quot;background_background&quot;:&quot;classic&quot;,&quot;jet_parallax_layout_list&quot;:[]}\">\n\t\t\t\t\t\t\t<div class=\"elementor-background-overlay\"><\/div>\n\t\t\t\t\t\t\t<div class=\"elementor-container elementor-column-gap-default\">\n\t\t\t\t\t<div class=\"elementor-column elementor-col-50 elementor-top-column elementor-element elementor-element-23fd2736\" data-id=\"23fd2736\" data-element_type=\"column\" data-e-type=\"column\" data-settings=\"{&quot;background_background&quot;:&quot;classic&quot;}\">\n\t\t\t<div class=\"elementor-widget-wrap elementor-element-populated\">\n\t\t\t\t\t\t<div class=\"elementor-element elementor-element-12f236bf elementor-widget elementor-widget-image\" data-id=\"12f236bf\" data-element_type=\"widget\" data-e-type=\"widget\" data-widget_type=\"image.default\">\n\t\t\t\t\t\t\t\t\t\t\t\t\t\t\t<img loading=\"lazy\" decoding=\"async\" width=\"1024\" height=\"682\" src=\"https:\/\/www.turkaesthetic.com\/wp-content\/uploads\/2022\/08\/genital-aesthetic.jpg\" class=\"attachment-full size-full wp-image-25502\" alt=\"L&#039;esth\u00e9tique G\u00e9nitale En Turquie\" srcset=\"https:\/\/www.turkaesthetic.com\/wp-content\/uploads\/2022\/08\/genital-aesthetic.jpg 1024w, https:\/\/www.turkaesthetic.com\/wp-content\/uploads\/2022\/08\/genital-aesthetic-300x200.jpg 300w, https:\/\/www.turkaesthetic.com\/wp-content\/uploads\/2022\/08\/genital-aesthetic-768x512.jpg 768w\" sizes=\"auto, (max-width: 1024px) 100vw, 1024px\" \/>\t\t\t\t\t\t\t\t\t\t\t\t\t\t\t<\/div>\n\t\t\t\t\t<\/div>\n\t\t<\/div>\n\t\t\t\t<div class=\"elementor-column elementor-col-50 elementor-top-column elementor-element elementor-element-44ccfca9\" data-id=\"44ccfca9\" data-element_type=\"column\" data-e-type=\"column\">\n\t\t\t<div class=\"elementor-widget-wrap elementor-element-populated\">\n\t\t\t\t\t\t<div class=\"elementor-element elementor-element-69c8c1e0 elementor-widget elementor-widget-heading\" data-id=\"69c8c1e0\" data-element_type=\"widget\" data-e-type=\"widget\" data-widget_type=\"heading.default\">\n\t\t\t\t\t<h1 class=\"elementor-heading-title elementor-size-default\">Esth\u00e9tique G\u00e9nitale<\/h1>\t\t\t\t<\/div>\n\t\t\t\t<div class=\"elementor-element elementor-element-7a96efa3 elementor-widget elementor-widget-text-editor\" data-id=\"7a96efa3\" data-element_type=\"widget\" data-e-type=\"widget\" data-widget_type=\"text-editor.default\">\n\t\t\t\t\t\t\t\t\t<p>L\u2019esth\u00e9tique g\u00e9nitale en Turquie Istanbul comprend de nombreuses op\u00e9rations cosm\u00e9tiques diff\u00e9rentes telles que l\u2019embellissement des l\u00e8vres vaginales externes, hymenoplastie et la chirurgie plastique clitoridienne, en plus la r\u00e9tr\u00e9cissement vaginal au laser ou chirurgical effectu\u00e9 par un chirurgien plasticien ou un gyn\u00e9cologue sp\u00e9cialis\u00e9. Vous pouvez voir les d\u00e9tails de chaque processus d\u2019une fa\u00e7on ind\u00e9pendante.<\/p>\t\t\t\t\t\t\t\t<\/div>\n\t\t\t\t\t<\/div>\n\t\t<\/div>\n\t\t\t\t\t<\/div>\n\t\t<\/section>\n\t\t\t\t<section class=\"elementor-section elementor-top-section elementor-element elementor-element-73228922 elementor-section-stretched elementor-section-boxed elementor-section-height-default elementor-section-height-default\" data-id=\"73228922\" data-element_type=\"section\" data-e-type=\"section\" data-settings=\"{&quot;stretch_section&quot;:&quot;section-stretched&quot;,&quot;background_background&quot;:&quot;classic&quot;,&quot;jet_parallax_layout_list&quot;:[]}\">\n\t\t\t\t\t\t<div class=\"elementor-container elementor-column-gap-default\">\n\t\t\t\t\t<div class=\"elementor-column elementor-col-100 elementor-top-column elementor-element elementor-element-2da4f1\" data-id=\"2da4f1\" data-element_type=\"column\" data-e-type=\"column\">\n\t\t\t<div class=\"elementor-widget-wrap elementor-element-populated\">\n\t\t\t\t\t\t<section class=\"elementor-section elementor-inner-section elementor-element elementor-element-41d10d60 elementor-section-content-middle elementor-section-boxed elementor-section-height-default elementor-section-height-default\" data-id=\"41d10d60\" data-element_type=\"section\" data-e-type=\"section\" data-settings=\"{&quot;jet_parallax_layout_list&quot;:[]}\">\n\t\t\t\t\t\t<div class=\"elementor-container elementor-column-gap-default\">\n\t\t\t\t\t<div class=\"elementor-column elementor-col-50 elementor-inner-column elementor-element elementor-element-707c970b\" data-id=\"707c970b\" data-element_type=\"column\" data-e-type=\"column\">\n\t\t\t<div class=\"elementor-widget-wrap elementor-element-populated\">\n\t\t\t\t\t\t<div class=\"elementor-element elementor-element-57a00fbf elementor-position-top elementor-widget elementor-widget-image-box\" data-id=\"57a00fbf\" data-element_type=\"widget\" data-e-type=\"widget\" data-widget_type=\"image-box.default\">\n\t\t\t\t\t<div class=\"elementor-image-box-wrapper\"><figure class=\"elementor-image-box-img\"><a href=\"http:\/\/turkaesthetic.com\/fr\/labiaplasty\/\" tabindex=\"-1\"><img decoding=\"async\" src=\"https:\/\/www.turkaesthetic.com\/wp-content\/uploads\/elementor\/thumbs\/Labiaplasty-in-Turkey-r34xmcmbi0sjryso46bpcxuy87781ww6byh0eb3kqg.webp\" title=\"Nymphoplastie\" alt=\"Nymphoplastie\" class=\"elementor-animation-hang\" loading=\"lazy\" \/><\/a><\/figure><\/div>\t\t\t\t<\/div>\n\t\t\t\t\t<\/div>\n\t\t<\/div>\n\t\t\t\t<div class=\"elementor-column elementor-col-50 elementor-inner-column elementor-element elementor-element-4cccefaf\" data-id=\"4cccefaf\" data-element_type=\"column\" data-e-type=\"column\">\n\t\t\t<div class=\"elementor-widget-wrap elementor-element-populated\">\n\t\t\t\t\t\t<div class=\"elementor-element elementor-element-4ee38995 elementor-widget elementor-widget-heading\" data-id=\"4ee38995\" data-element_type=\"widget\" data-e-type=\"widget\" data-widget_type=\"heading.default\">\n\t\t\t\t\t<h2 class=\"elementor-heading-title elementor-size-default\">Nymphoplastie<\/h2>\t\t\t\t<\/div>\n\t\t\t\t<div class=\"elementor-element elementor-element-56bc6581 elementor-widget elementor-widget-heading\" data-id=\"56bc6581\" data-element_type=\"widget\" data-e-type=\"widget\" data-widget_type=\"heading.default\">\n\t\t\t\t\t<h3 class=\"elementor-heading-title elementor-size-default\">Qu\u2019est-Ce Que La Chirurgie De Nymphoplastie (esth\u00e9tique g\u00e9nitale)?<\/h3>\t\t\t\t<\/div>\n\t\t\t\t<div class=\"elementor-element elementor-element-30d23374 elementor-widget elementor-widget-text-editor\" data-id=\"30d23374\" data-element_type=\"widget\" data-e-type=\"widget\" data-widget_type=\"text-editor.default\">\n\t\t\t\t\t\t\t\t\t<p>La nymphoplastie en Turquie ( Labiaplastie ou la chirurgie de r\u00e9duction de l\u2019hypertrophie des petites l\u00e8vres vaginales) est une intervention de chirurgie esth\u00e9tique sous anesth\u00e9sie g\u00e9n\u00e9rale ou local qui vise \u00e0 corriger la taille excessive des petites l\u00e8vres qui peuvent \u00eatre tombantes ou trop d\u00e9velopp\u00e9es.<\/p>\t\t\t\t\t\t\t\t<\/div>\n\t\t\t\t\t<\/div>\n\t\t<\/div>\n\t\t\t\t\t<\/div>\n\t\t<\/section>\n\t\t\t\t\t<\/div>\n\t\t<\/div>\n\t\t\t\t\t<\/div>\n\t\t<\/section>\n\t\t\t\t<section class=\"elementor-section elementor-top-section elementor-element elementor-element-1977c71 elementor-section-stretched elementor-section-boxed elementor-section-height-default elementor-section-height-default\" data-id=\"1977c71\" data-element_type=\"section\" data-e-type=\"section\" data-settings=\"{&quot;stretch_section&quot;:&quot;section-stretched&quot;,&quot;jet_parallax_layout_list&quot;:[]}\">\n\t\t\t\t\t\t<div class=\"elementor-container elementor-column-gap-default\">\n\t\t\t\t\t<div class=\"elementor-column elementor-col-100 elementor-top-column elementor-element elementor-element-3f712879\" data-id=\"3f712879\" data-element_type=\"column\" data-e-type=\"column\">\n\t\t\t<div class=\"elementor-widget-wrap elementor-element-populated\">\n\t\t\t\t\t\t<section class=\"elementor-section elementor-inner-section elementor-element elementor-element-675e943a elementor-section-content-middle elementor-section-boxed elementor-section-height-default elementor-section-height-default\" data-id=\"675e943a\" data-element_type=\"section\" data-e-type=\"section\" data-settings=\"{&quot;jet_parallax_layout_list&quot;:[]}\">\n\t\t\t\t\t\t<div class=\"elementor-container elementor-column-gap-default\">\n\t\t\t\t\t<div class=\"elementor-column elementor-col-50 elementor-inner-column elementor-element elementor-element-3bf27231\" data-id=\"3bf27231\" data-element_type=\"column\" data-e-type=\"column\">\n\t\t\t<div class=\"elementor-widget-wrap elementor-element-populated\">\n\t\t\t\t\t\t<div class=\"elementor-element elementor-element-329e7fbb elementor-widget elementor-widget-heading\" data-id=\"329e7fbb\" data-element_type=\"widget\" data-e-type=\"widget\" data-widget_type=\"heading.default\">\n\t\t\t\t\t<h2 class=\"elementor-heading-title elementor-size-default\">Hym\u00e9noplastie<\/h2>\t\t\t\t<\/div>\n\t\t\t\t<div class=\"elementor-element elementor-element-7f33a872 elementor-widget elementor-widget-heading\" data-id=\"7f33a872\" data-element_type=\"widget\" data-e-type=\"widget\" data-widget_type=\"heading.default\">\n\t\t\t\t\t<h3 class=\"elementor-heading-title elementor-size-default\">Qu\u2019est-Ce Que L\u2019hym\u00e9noplastie \u2013 Reconstruction De L\u2019hymen<\/h3>\t\t\t\t<\/div>\n\t\t\t\t<div class=\"elementor-element elementor-element-be86f0b elementor-widget elementor-widget-text-editor\" data-id=\"be86f0b\" data-element_type=\"widget\" data-e-type=\"widget\" data-widget_type=\"text-editor.default\">\n\t\t\t\t\t\t\t\t\t<p>La hym\u00e9noplastie en Turquie est une intervention chirurgicale effectu\u00e9e sur des femmes qui ont perdu leur virginit\u00e9 afin de restaurer la virginit\u00e9 telle qu\u2019elles \u00e9taient avant le mariage ou avant les rapports sexuels. Le but de la proc\u00e9dure de l\u2019hymen est de restaurer les saignements qui se produisent chez les femmes pendant le premier rapport sexuel. la femme veut subir ce type d\u2019op\u00e9ration pour la raison qu\u2019elle semble se marie pour la premi\u00e8re fois plus pr\u00e9cis\u00e9ment le premier rapport sexuel. C\u2019est une proc\u00e9dure courante, en particulier C\u2019est une intervention simple, qui permet de restituer l\u2019hymen chez les femmes sans trace visible apr\u00e8s l\u2019op\u00e9ration, mais dans un contexte psychologique souvent complexe<\/p>\t\t\t\t\t\t\t\t<\/div>\n\t\t\t\t\t<\/div>\n\t\t<\/div>\n\t\t\t\t<div class=\"elementor-column elementor-col-50 elementor-inner-column elementor-element elementor-element-23ef8a56\" data-id=\"23ef8a56\" data-element_type=\"column\" data-e-type=\"column\">\n\t\t\t<div class=\"elementor-widget-wrap elementor-element-populated\">\n\t\t\t\t\t\t<div class=\"elementor-element elementor-element-411911ec elementor-position-top elementor-widget elementor-widget-image-box\" data-id=\"411911ec\" data-element_type=\"widget\" data-e-type=\"widget\" data-widget_type=\"image-box.default\">\n\t\t\t\t\t<div class=\"elementor-image-box-wrapper\"><figure class=\"elementor-image-box-img\"><a href=\"http:\/\/turkaesthetic.com\/fr\/hymenoplasty\/\" tabindex=\"-1\"><img decoding=\"async\" src=\"http:\/\/turkaesthetic.com\/wp-content\/uploads\/2021\/12\/after-hymenoplasty.webp\" title=\"\" alt=\"istanbul da k\u0131zl\u0131k zar\u0131 dikimi\" class=\"elementor-animation-hang\" loading=\"lazy\" \/><\/a><\/figure><\/div>\t\t\t\t<\/div>\n\t\t\t\t\t<\/div>\n\t\t<\/div>\n\t\t\t\t\t<\/div>\n\t\t<\/section>\n\t\t\t\t\t<\/div>\n\t\t<\/div>\n\t\t\t\t\t<\/div>\n\t\t<\/section>\n\t\t\t\t<section class=\"elementor-section elementor-top-section elementor-element elementor-element-727f1de elementor-section-stretched elementor-section-boxed elementor-section-height-default elementor-section-height-default\" data-id=\"727f1de\" data-element_type=\"section\" data-e-type=\"section\" data-settings=\"{&quot;stretch_section&quot;:&quot;section-stretched&quot;,&quot;background_background&quot;:&quot;classic&quot;,&quot;jet_parallax_layout_list&quot;:[]}\">\n\t\t\t\t\t\t<div class=\"elementor-container elementor-column-gap-default\">\n\t\t\t\t\t<div class=\"elementor-column elementor-col-100 elementor-top-column elementor-element elementor-element-34b787e4\" data-id=\"34b787e4\" data-element_type=\"column\" data-e-type=\"column\">\n\t\t\t<div class=\"elementor-widget-wrap elementor-element-populated\">\n\t\t\t\t\t\t<section class=\"elementor-section elementor-inner-section elementor-element elementor-element-2cf5bbb4 elementor-section-content-middle elementor-section-boxed elementor-section-height-default elementor-section-height-default\" data-id=\"2cf5bbb4\" data-element_type=\"section\" data-e-type=\"section\" data-settings=\"{&quot;jet_parallax_layout_list&quot;:[]}\">\n\t\t\t\t\t\t<div class=\"elementor-container elementor-column-gap-default\">\n\t\t\t\t\t<div class=\"elementor-column elementor-col-50 elementor-inner-column elementor-element elementor-element-3fb169a0\" data-id=\"3fb169a0\" data-element_type=\"column\" data-e-type=\"column\">\n\t\t\t<div class=\"elementor-widget-wrap elementor-element-populated\">\n\t\t\t\t\t\t<div class=\"elementor-element elementor-element-3ab7114c elementor-position-top elementor-widget elementor-widget-image-box\" data-id=\"3ab7114c\" data-element_type=\"widget\" data-e-type=\"widget\" data-widget_type=\"image-box.default\">\n\t\t\t\t\t<div class=\"elementor-image-box-wrapper\"><figure class=\"elementor-image-box-img\"><a href=\"http:\/\/turkaesthetic.com\/fr\/clitoris-aesthetics\/\" tabindex=\"-1\"><img decoding=\"async\" src=\"https:\/\/www.turkaesthetic.com\/wp-content\/uploads\/elementor\/thumbs\/Clitoris-Aesthetic-in-Turkey-pvz7kx1an1dm4433d05absysm4nlrqi5jew223lm7s.webp\" title=\"Esth\u00e9tique du Clitoris\" alt=\"Esth\u00e9tique du Clitoris\" class=\"elementor-animation-hang\" loading=\"lazy\" \/><\/a><\/figure><\/div>\t\t\t\t<\/div>\n\t\t\t\t\t<\/div>\n\t\t<\/div>\n\t\t\t\t<div class=\"elementor-column elementor-col-50 elementor-inner-column elementor-element elementor-element-89e5d8\" data-id=\"89e5d8\" data-element_type=\"column\" data-e-type=\"column\">\n\t\t\t<div class=\"elementor-widget-wrap elementor-element-populated\">\n\t\t\t\t\t\t<div class=\"elementor-element elementor-element-49c39d59 elementor-widget elementor-widget-heading\" data-id=\"49c39d59\" data-element_type=\"widget\" data-e-type=\"widget\" data-widget_type=\"heading.default\">\n\t\t\t\t\t<h2 class=\"elementor-heading-title elementor-size-default\">Embellissement Du Clitoris<\/h2>\t\t\t\t<\/div>\n\t\t\t\t<div class=\"elementor-element elementor-element-6a7ee490 elementor-widget elementor-widget-heading\" data-id=\"6a7ee490\" data-element_type=\"widget\" data-e-type=\"widget\" data-widget_type=\"heading.default\">\n\t\t\t\t\t<h3 class=\"elementor-heading-title elementor-size-default\">Qu\u2019est-Ce Que Clitoridoplastie (esth\u00e9tique g\u00e9nitale)?<\/h3>\t\t\t\t<\/div>\n\t\t\t\t<div class=\"elementor-element elementor-element-4b424572 elementor-widget elementor-widget-text-editor\" data-id=\"4b424572\" data-element_type=\"widget\" data-e-type=\"widget\" data-widget_type=\"text-editor.default\">\n\t\t\t\t\t\t\t\t\t<p>Clitoridoplastie en Turquie Istanbul chirurgie du clitoris, le clitoris est un petit organe \u00e9rectile de l\u2019appareil g\u00e9nital de la femme, situ\u00e9 au niveau de l\u2019ant\u00e9rieure de la vulve. Il ne se r\u00e9sume pas au petit bouton que l\u2019on voit et ressent sous les doigts, ce n\u2019est que sa partie \u00e9merg\u00e9e. Les 9\/10e du clitoris sont internes et invisibles. Le clitoris joue un grand r\u00f4le dans l\u2019excitation et le plaisir f\u00e9minins donc un exc\u00e8s de cet organe f\u00e9minin peut entraine une intervention chirurgical d\u2019une fa\u00e7on rapide pour que la femme retrouve tout d\u2019abord le plaisir sexuel aussi la partie d\u2019apparence et esth\u00e9tique<\/p>\t\t\t\t\t\t\t\t<\/div>\n\t\t\t\t\t<\/div>\n\t\t<\/div>\n\t\t\t\t\t<\/div>\n\t\t<\/section>\n\t\t\t\t\t<\/div>\n\t\t<\/div>\n\t\t\t\t\t<\/div>\n\t\t<\/section>\n\t\t\t\t<section class=\"elementor-section elementor-top-section elementor-element elementor-element-2d6b8366 elementor-section-stretched elementor-section-boxed elementor-section-height-default elementor-section-height-default\" data-id=\"2d6b8366\" data-element_type=\"section\" data-e-type=\"section\" data-settings=\"{&quot;stretch_section&quot;:&quot;section-stretched&quot;,&quot;jet_parallax_layout_list&quot;:[]}\">\n\t\t\t\t\t\t<div class=\"elementor-container elementor-column-gap-default\">\n\t\t\t\t\t<div class=\"elementor-column elementor-col-100 elementor-top-column elementor-element elementor-element-92f55a7\" data-id=\"92f55a7\" data-element_type=\"column\" data-e-type=\"column\">\n\t\t\t<div class=\"elementor-widget-wrap elementor-element-populated\">\n\t\t\t\t\t\t<section class=\"elementor-section elementor-inner-section elementor-element elementor-element-3b9e45 elementor-section-content-middle elementor-section-boxed elementor-section-height-default elementor-section-height-default\" data-id=\"3b9e45\" data-element_type=\"section\" data-e-type=\"section\" data-settings=\"{&quot;jet_parallax_layout_list&quot;:[]}\">\n\t\t\t\t\t\t<div class=\"elementor-container elementor-column-gap-default\">\n\t\t\t\t\t<div class=\"elementor-column elementor-col-50 elementor-inner-column elementor-element elementor-element-4acecd18\" data-id=\"4acecd18\" data-element_type=\"column\" data-e-type=\"column\">\n\t\t\t<div class=\"elementor-widget-wrap elementor-element-populated\">\n\t\t\t\t\t\t<div class=\"elementor-element elementor-element-7c8981c6 elementor-widget elementor-widget-heading\" data-id=\"7c8981c6\" data-element_type=\"widget\" data-e-type=\"widget\" data-widget_type=\"heading.default\">\n\t\t\t\t\t<h2 class=\"elementor-heading-title elementor-size-default\">Vaginoplastie<\/h2>\t\t\t\t<\/div>\n\t\t\t\t<div class=\"elementor-element elementor-element-5effebc7 elementor-widget elementor-widget-heading\" data-id=\"5effebc7\" data-element_type=\"widget\" data-e-type=\"widget\" data-widget_type=\"heading.default\">\n\t\t\t\t\t<h3 class=\"elementor-heading-title elementor-size-default\">Qu\u2019est-Ce Que La Vaginoplastie (esth\u00e9tique g\u00e9nitale)?<\/h3>\t\t\t\t<\/div>\n\t\t\t\t<div class=\"elementor-element elementor-element-713c3267 elementor-widget elementor-widget-text-editor\" data-id=\"713c3267\" data-element_type=\"widget\" data-e-type=\"widget\" data-widget_type=\"text-editor.default\">\n\t\t\t\t\t\t\t\t\t<p>La vaginoplastie en Turquie est une solution pour l\u2019expansion vaginale caus\u00e9e par l\u2019accouchement et l\u2019avortement, Aussi heureuses que soient les occasions d\u2019accouchement pour les conjoints, leur impact apr\u00e8s l\u2019accouchement peut causer des dommages psychologiques \u00e0 la m\u00e8re, qui souffre souvent d\u2019affaissement vaginal, ou de d\u00e9formation de la forme du vagin dans les cas d\u2019utilisation d\u2019un scalpel pour faciliter le process de l\u2019accouchement naturel, du prolapsus vaginal ou de la d\u00e9formation des l\u00e8vres vaginales.<\/p>\t\t\t\t\t\t\t\t<\/div>\n\t\t\t\t\t<\/div>\n\t\t<\/div>\n\t\t\t\t<div class=\"elementor-column elementor-col-50 elementor-inner-column elementor-element elementor-element-cd77160\" data-id=\"cd77160\" data-element_type=\"column\" data-e-type=\"column\">\n\t\t\t<div class=\"elementor-widget-wrap elementor-element-populated\">\n\t\t\t\t\t\t<div class=\"elementor-element elementor-element-3371ee8e elementor-position-top elementor-widget elementor-widget-image-box\" data-id=\"3371ee8e\" data-element_type=\"widget\" data-e-type=\"widget\" data-widget_type=\"image-box.default\">\n\t\t\t\t\t<div class=\"elementor-image-box-wrapper\"><figure class=\"elementor-image-box-img\"><a href=\"http:\/\/turkaesthetic.com\/fr\/vaginoplasty\/\" tabindex=\"-1\"><img decoding=\"async\" src=\"https:\/\/www.turkaesthetic.com\/wp-content\/uploads\/elementor\/thumbs\/Vaginoplasty-in-Turkey-rjag6w9gtpcz3y1maod6ev4her5uqwhz64j5iotho8.webp\" title=\"Resserrement vaginal en Turquie\" alt=\"Resserrement vaginal en Turquie\" class=\"elementor-animation-hang\" loading=\"lazy\" \/><\/a><\/figure><\/div>\t\t\t\t<\/div>\n\t\t\t\t\t<\/div>\n\t\t<\/div>\n\t\t\t\t\t<\/div>\n\t\t<\/section>\n\t\t\t\t\t<\/div>\n\t\t<\/div>\n\t\t\t\t\t<\/div>\n\t\t<\/section>\n\t\t\t\t<section class=\"elementor-section elementor-top-section elementor-element elementor-element-a81a702 elementor-section-boxed elementor-section-height-default elementor-section-height-default\" data-id=\"a81a702\" data-element_type=\"section\" data-e-type=\"section\" data-settings=\"{&quot;jet_parallax_layout_list&quot;:[]}\">\n\t\t\t\t\t\t<div class=\"elementor-container elementor-column-gap-default\">\n\t\t\t\t\t<div class=\"elementor-column elementor-col-100 elementor-top-column elementor-element elementor-element-5a7016b\" data-id=\"5a7016b\" data-element_type=\"column\" data-e-type=\"column\">\n\t\t\t<div class=\"elementor-widget-wrap elementor-element-populated\">\n\t\t\t\t\t\t<div class=\"elementor-element elementor-element-6c101de elementor-widget elementor-widget-text-editor\" data-id=\"6c101de\" data-element_type=\"widget\" data-e-type=\"widget\" data-widget_type=\"text-editor.default\">\n\t\t\t\t\t\t\t\t\t<p>Pour plus d&rsquo;informations, vous pouvez suivre notre cha\u00eene <a href=\"https:\/\/www.youtube.com\/@turkaesthetic\" target=\"_blank\" rel=\"noopener\">YouTube<\/a> ou nous <a href=\"http:\/\/turkaesthetic.com\/fr\/contact-us\/\" target=\"_blank\" rel=\"noopener\">contacter<\/a> directement.<\/p>\t\t\t\t\t\t\t\t<\/div>\n\t\t\t\t\t<\/div>\n\t\t<\/div>\n\t\t\t\t\t<\/div>\n\t\t<\/section>\n\t\t\t\t<\/div>\n\t\t","protected":false},"excerpt":{"rendered":"<p>L\u2019esth\u00e9tique g\u00e9nitale en Turquie Istanbul comprend de nombreuses op\u00e9rations cosm\u00e9tiques diff\u00e9rentes telles que l\u2019embellissement des l\u00e8vres vaginales externes, hymenoplastie et la chirurgie plastique clitoridienne, en plus la r\u00e9tr\u00e9cissement vaginal au laser ou chirurgical effectu\u00e9 par un chirurgien plasticien ou un gyn\u00e9cologue sp\u00e9cialis\u00e9. Vous pouvez voir les d\u00e9tails de chaque processus d\u2019une fa\u00e7on ind\u00e9pendante. Nymphoplastie Qu\u2019est-Ce [&hellip;]<\/p>\n","protected":false},"author":1,"featured_media":25502,"parent":0,"menu_order":0,"comment_status":"closed","ping_status":"closed","template":"elementor_header_footer","meta":{"footnotes":""},"dep":[1354],"class_list":["post-53405","page","type-page","status-publish","has-post-thumbnail","hentry","dep-plastic-surgeries"],"_links":{"self":[{"href":"https:\/\/www.turkaesthetic.com\/fr\/wp-json\/wp\/v2\/pages\/53405","targetHints":{"allow":["GET"]}}],"collection":[{"href":"https:\/\/www.turkaesthetic.com\/fr\/wp-json\/wp\/v2\/pages"}],"about":[{"href":"https:\/\/www.turkaesthetic.com\/fr\/wp-json\/wp\/v2\/types\/page"}],"author":[{"embeddable":true,"href":"https:\/\/www.turkaesthetic.com\/fr\/wp-json\/wp\/v2\/users\/1"}],"replies":[{"embeddable":true,"href":"https:\/\/www.turkaesthetic.com\/fr\/wp-json\/wp\/v2\/comments?post=53405"}],"version-history":[{"count":0,"href":"https:\/\/www.turkaesthetic.com\/fr\/wp-json\/wp\/v2\/pages\/53405\/revisions"}],"wp:featuredmedia":[{"embeddable":true,"href":"https:\/\/www.turkaesthetic.com\/fr\/wp-json\/wp\/v2\/media\/25502"}],"wp:attachment":[{"href":"https:\/\/www.turkaesthetic.com\/fr\/wp-json\/wp\/v2\/media?parent=53405"}],"wp:term":[{"taxonomy":"dep","embeddable":true,"href":"https:\/\/www.turkaesthetic.com\/fr\/wp-json\/wp\/v2\/dep?post=53405"}],"curies":[{"name":"wp","href":"https:\/\/api.w.org\/{rel}","templated":true}]}}