{"id":51527,"date":"2024-02-02T17:26:42","date_gmt":"2024-02-02T14:26:42","guid":{"rendered":"http:\/\/turkaesthetic.com\/?page_id=51527"},"modified":"2024-02-05T13:35:21","modified_gmt":"2024-02-05T10:35:21","slug":"urinary-incontinence","status":"publish","type":"page","link":"https:\/\/www.turkaesthetic.com\/fr\/urinary-incontinence\/","title":{"rendered":"Traitement de L&rsquo;incontinence Urinaire"},"content":{"rendered":"\n<p><strong>Traitement de L&rsquo;incontinence Urinaire en Turquie<\/strong> urinaire peut varier en fonction du type et de la gravit\u00e9 de l&rsquo;incontinence urinaire dont souffre une personne. M\u00eame si cela peut entra\u00eener une perte de confiance en soi, cela a en m\u00eame temps un impact n\u00e9gatif sur la qualit\u00e9 de vie d&rsquo;une personne. Le traitement implique g\u00e9n\u00e9ralement une ou plusieurs m\u00e9thodes et est d\u00e9termin\u00e9 sur la base des recommandations du m\u00e9decin. Dans cet article, nous discuterons des m\u00e9thodes de <a href=\"http:\/\/turkaesthetic.com\/fr\/treatment\/\" target=\"_blank\" data-type=\"page\" data-id=\"27960\" rel=\"noreferrer noopener\">traitement <\/a>et de la chirurgie de l&rsquo;incontinence urinaire.<\/p>\n\n\n\n<h2 class=\"wp-block-heading\">M\u00e9thodes de traitement de l&rsquo;incontinence urinaire :<\/h2>\n\n\n\n<p>1. Exercices de Kegel : Les exercices de Kegel peuvent aider \u00e0 renforcer les muscles du plancher pelvien. Ils peuvent \u00eatre effectu\u00e9s sous la direction d&rsquo;un physioth\u00e9rapeute et peuvent aider \u00e0 traiter divers types d&rsquo;incontinence urinaire.<\/p>\n\n\n\n<p>2. M\u00e9dicaments : Certains m\u00e9dicaments, en particulier ceux destin\u00e9s au en Turquie involontaire, peuvent augmenter le contr\u00f4le des muscles de la vessie ou r\u00e9duire l&rsquo;hyperactivit\u00e9 de la vessie.<\/p>\n\n\n\n<p>3. Physioth\u00e9rapie du plancher pelvien : La physioth\u00e9rapie appliqu\u00e9e par un physioth\u00e9rapeute implique des exercices sp\u00e9cifiques pour renforcer et contr\u00f4ler les muscles du plancher pelvien. Cela peut \u00eatre efficace dans le traitement de l\u2019incontinence d\u2019effort et de l\u2019incontinence mixte.<\/p>\n\n\n\n<p>4. \u00c9lectrostimulation : Les appareils d\u2019\u00e9lectrostimulation peuvent \u00eatre utilis\u00e9s pour stimuler les muscles du plancher pelvien, contribuant ainsi au renforcement musculaire.<\/p>\n\n\n\n<p>5. Injections de toxine botulique (<a href=\"http:\/\/turkaesthetic.com\/fr\/botox\/\" target=\"_blank\" data-type=\"page\" data-id=\"15910\" rel=\"noreferrer noopener\">Botox<\/a>) : Dans certains cas, des injections de toxine botulique peuvent \u00eatre utilis\u00e9es pour traiter l&rsquo;incontinence par imp\u00e9riosit\u00e9. Ces injections peuvent d\u00e9tendre les muscles de la vessie, am\u00e9liorant ainsi le contr\u00f4le.<\/p>\n\n\n\n<p>6. Chirurgie TOT pour incontinence urinaire : La chirurgie peut \u00eatre envisag\u00e9e pour les cas plus graves d&rsquo;incontinence urinaire ou lorsque d&rsquo;autres traitements ne sont pas efficaces.<\/p>\n\n\n\n<p>7. Produits pour l&rsquo;incontinence urinaire : Des produits tels que des serviettes, des v\u00eatements et du mat\u00e9riel pour l&rsquo;incontinence sont disponibles pour les personnes souffrant d&rsquo;incontinence urinaire.<\/p>\n\n\n\n<p>8. <a href=\"http:\/\/turkaesthetic.com\/fr\/fractional-laser\/\" target=\"_blank\" data-type=\"page\" data-id=\"15935\" rel=\"noreferrer noopener\">Laser fractionn\u00e9<\/a> : R\u00e9cemment, la technologie du laser fractionn\u00e9 a \u00e9t\u00e9 avanc\u00e9e en Turquie, en particulier \u00e0 Istanbul. Le laser fractionn\u00e9, utilis\u00e9 dans diverses m\u00e9thodes de traitement, est pr\u00e9f\u00e9r\u00e9 pour les femmes souffrant d&rsquo;incontinence urinaire. Ce processus simple et court permet aux individus de reprendre imm\u00e9diatement apr\u00e8s leur vie quotidienne.<\/p>\n\n\n\n<h3 class=\"wp-block-heading\">M\u00e9decins effectuant un traitement de l&rsquo;incontinence urinaire en Turquie<\/h3>\n\n\n\n<p>Cette proc\u00e9dure est r\u00e9alis\u00e9e par des obst\u00e9triciens et gyn\u00e9cologues pour les femmes et des urologues pour les hommes. Un m\u00e9decin d\u2019un autre domaine ne peut pas effectuer cette proc\u00e9dure. Pour obtenir de bons r\u00e9sultats, il est essentiel de choisir un m\u00e9decin et un centre m\u00e9dical performant dans le domaine.<\/p>\n\n\n\n<h4 class=\"wp-block-heading\">Chirurgie TOT de l&rsquo;incontinence urinaire en Turquie<\/h4>\n\n\n\n<p>En Turquie, la chirurgie TOT est consid\u00e9r\u00e9e comme une m\u00e9thode tr\u00e8s efficace pour le traitement de l&rsquo;incontinence urinaire, en particulier l&rsquo;incontinence \u00e0 l&rsquo;effort qui survient lors d&rsquo;activit\u00e9s telles que la toux, les \u00e9ternuements et le rire. Cela donne des r\u00e9sultats positifs pour de nombreux patients. Le but de la proc\u00e9dure est de soutenir et de contr\u00f4ler l\u2019ur\u00e8tre en pla\u00e7ant une bande sp\u00e9ciale.<\/p>\n\n\n<div id=\"rank-math-howto\" class=\"rank-math-block\" >\n<div class=\"rank-math-howto-description\">\n\n<p>\u00c9tapes de la proc\u00e9dure Traitement de L&rsquo;incontinence Urinaire en Turquie  :<\/p>\n\n<\/div>\n<p class=\"rank-math-howto-duration\"><strong>Temps total\u00a0:<\/strong> <span>20 minutes<\/span><\/p>\n<div class=\"rank-math-steps \">\n<div id=\"howto-step-1707128919957\" class=\"rank-math-step\">\n<h3 class=\"rank-math-step-title \">Pr\u00e9-proc\u00e9dure :<\/h3>\n<div class=\"rank-math-step-content \"><p>Le m\u00e9decin proc\u00e8de \u00e0 un examen d\u00e9taill\u00e9 et effectue tous les tests n\u00e9cessaires.<\/p>\n<\/div>\n<\/div>\n<div id=\"howto-step-1707128952388\" class=\"rank-math-step\">\n<h3 class=\"rank-math-step-title \">Pendant la proc\u00e9dure :<\/h3>\n<div class=\"rank-math-step-content \"><p>Une anesth\u00e9sie g\u00e9n\u00e9rale ou rachidienne est utilis\u00e9e. Le m\u00e9decin pratique ensuite une petite incision et place le ruban adh\u00e9sif pour soutenir les muscles du plancher pelvien, dans le but de fixer l&rsquo;ur\u00e8tre et d&rsquo;\u00e9liminer l&rsquo;incontinence urinaire. La proc\u00e9dure dure environ 30 minutes.<\/p>\n<\/div>\n<\/div>\n<div id=\"howto-step-1707128964818\" class=\"rank-math-step\">\n<h3 class=\"rank-math-step-title \">Post-proc\u00e9dure :<\/h3>\n<div class=\"rank-math-step-content \"><p>L&rsquo;individu doit passer la nuit \u00e0 l&rsquo;h\u00f4pital. Il est essentiel de suivre les instructions du m\u00e9decin et d&rsquo;utiliser r\u00e9guli\u00e8rement des m\u00e9dicaments.<\/p>\n<\/div>\n<\/div>\n<\/div>\n<\/div>\n\n\n\n\n\n\n<h5 class=\"wp-block-heading\">Avantages Traitement de L&rsquo;incontinence Urinaire en Turquie <\/h5>\n\n\n\n<ul class=\"wp-block-list\">\n<li>Am\u00e9lioration de la qualit\u00e9 de vie.<\/li>\n\n\n\n<li>R\u00e9duction des infections des voies urinaires.<\/li>\n\n\n\n<li>Augmentation de la confiance en soi.<\/li>\n<\/ul>\n\n\n\n<h5 class=\"wp-block-heading\">D\u00e9savantages<\/h5>\n\n\n\n<ul class=\"wp-block-list\">\n<li>Si effectu\u00e9 par des non-sp\u00e9cialistes, les r\u00e9sultats peuvent \u00eatre infructueux.<\/li>\n\n\n\n<li>Des effets secondaires suppl\u00e9mentaires peuvent survenir chez certains patients.<\/li>\n\n\n\n<li>Chaque traitement est individualis\u00e9 et tout le monde ne peut pas obtenir le m\u00eame r\u00e9sultat, en particulier dans les th\u00e9rapies au laser et par l&rsquo;exercice.<\/li>\n<\/ul>\n\n\n\n<h5 class=\"wp-block-heading\">Effets secondaires<\/h5>\n\n\n\n<ul class=\"wp-block-list\">\n<li>L\u00e9g\u00e8re douleur et sensation de br\u00fblure apr\u00e8s l&rsquo;intervention chirurgicale.<\/li>\n\n\n\n<li>Une infection peut survenir si elle n&rsquo;est pas soign\u00e9e correctement.<\/li>\n\n\n\n<li>Des pertes vaginales peuvent survenir pendant quelques jours apr\u00e8s un traitement au laser fractionn\u00e9.<\/li>\n<\/ul>\n\n\n\n<h3 class=\"wp-block-heading\">Prix du traitement de l&rsquo;incontinence urinaire en Turquie<\/h3>\n\n\n\n<p>Le traitement de l&rsquo;incontinence urinaire en Turquie n\u00e9cessite des m\u00e9decins exp\u00e9riment\u00e9s dans le domaine.<\/p>\n\n\n\n<p>Il est toujours conseill\u00e9 de choisir un centre m\u00e9dical de confiance pour assurer l\u2019expertise et la st\u00e9rilisation.<\/p>\n\n\n\n<p>Le prix du traitement de l&rsquo;incontinence urinaire en Turquie d\u00e9pend de la technique utilis\u00e9e.<\/p>\n\n\n\n<ul class=\"wp-block-list\">\n<li>Laser fractionn\u00e9 : 500 euros.<\/li>\n\n\n\n<li>Chirurgie TOT de l&rsquo;incontinence urinaire en Turquie : 2200 euros.<\/li>\n<\/ul>\n\n\n\n<figure class=\"wp-block-gallery has-nested-images columns-default is-cropped wp-block-gallery-1 is-layout-flex wp-block-gallery-is-layout-flex\">\n<figure class=\"wp-block-image size-large\"><img loading=\"lazy\" decoding=\"async\" width=\"1024\" height=\"576\" data-id=\"51443\" src=\"http:\/\/turkaesthetic.com\/wp-content\/uploads\/2024\/02\/urinary-incontinence-in-Turkey-1024x576.webp\" alt=\"Traitement de L'incontinence Urinaire en Turquie\" class=\"wp-image-51443\" srcset=\"https:\/\/www.turkaesthetic.com\/wp-content\/uploads\/2024\/02\/urinary-incontinence-in-Turkey-1024x576.webp 1024w, https:\/\/www.turkaesthetic.com\/wp-content\/uploads\/2024\/02\/urinary-incontinence-in-Turkey-300x169.webp 300w, https:\/\/www.turkaesthetic.com\/wp-content\/uploads\/2024\/02\/urinary-incontinence-in-Turkey-768x432.webp 768w, https:\/\/www.turkaesthetic.com\/wp-content\/uploads\/2024\/02\/urinary-incontinence-in-Turkey.webp 1366w\" sizes=\"auto, (max-width: 1024px) 100vw, 1024px\" \/><figcaption class=\"wp-element-caption\">Traitement de L&rsquo;incontinence Urinaire en Turquie<\/figcaption><\/figure>\n<\/figure>\n\n\n\n<h2 class=\"wp-block-heading\">FAQ &#8211; Traitement de l&rsquo;incontinence urinaire en Turquie<\/h2>\n\n\n<div id=\"rank-math-faq\" class=\"rank-math-block\">\n<div class=\"rank-math-list \">\n<div id=\"faq-question-1707129040435\" class=\"rank-math-list-item\">\n<h3 class=\"rank-math-question \">Le <strong>Traitement de L&rsquo;incontinence Urinaire en Turquie<\/strong> au laser fractionn\u00e9 est-il douloureux ?<\/h3>\n<div class=\"rank-math-answer \">\n\n<p>Non, le traitement au laser est propos\u00e9 avec des niveaux d&rsquo;intensit\u00e9 personnalis\u00e9s, d&rsquo;une dur\u00e9e d&rsquo;environ 20 minutes. Le patient peut imm\u00e9diatement reprendre sa vie quotidienne.<\/p>\n\n<\/div>\n<\/div>\n<div id=\"faq-question-1707129043771\" class=\"rank-math-list-item\">\n<h3 class=\"rank-math-question \">Combien de jours faut-il pour se remettre d&rsquo;une chirurgie TOT pour incontinence urinaire en Turquie ?<\/h3>\n<div class=\"rank-math-answer \">\n\n<p>Tous les effets secondaires disparaissent en 7 \u00e0 10 jours.<\/p>\n\n<\/div>\n<\/div>\n<div id=\"faq-question-1707129054378\" class=\"rank-math-list-item\">\n<h3 class=\"rank-math-question \">Quelles sont les causes des probl\u00e8mes d\u2019incontinence urinaire ?<\/h3>\n<div class=\"rank-math-answer \">\n\n<p>Les muscles du plancher pelvien soutiennent la vessie et l\u2019ur\u00e8tre, contr\u00f4lant l\u2019urine. Ces muscles peuvent s\u2019affaiblir en raison du vieillissement ou pour des raisons telles que la grossesse, l\u2019accouchement et une prise de poids excessive.<\/p>\n\n<\/div>\n<\/div>\n<div id=\"faq-question-1707129061030\" class=\"rank-math-list-item\">\n<h3 class=\"rank-math-question \">Le <strong>Traitement de L&rsquo;incontinence Urinaire en Turquie<\/strong>  peut-il \u00eatre effectu\u00e9 au laser ?<\/h3>\n<div class=\"rank-math-answer \">\n\n<p>Oui, cela peut \u00eatre fait au laser, mais le m\u00e9decin doit d\u2019abord examiner et \u00e9valuer l\u2019\u00e9tat. Si le patient est apte au traitement au laser, celui-ci peut \u00eatre effectu\u00e9.<\/p>\n\n<\/div>\n<\/div>\n<div id=\"faq-question-1707129071059\" class=\"rank-math-list-item\">\n<h3 class=\"rank-math-question \">Quelle est la diff\u00e9rence entre le traitement au laser et la chirurgie ?<\/h3>\n<div class=\"rank-math-answer \">\n\n<p>Avec le traitement au laser, un retour imm\u00e9diat \u00e0 la vie quotidienne est possible et il n&rsquo;est pas n\u00e9cessaire de rester \u00e0 l&rsquo;h\u00f4pital. La chirurgie n\u00e9cessite une nuit et la r\u00e9cup\u00e9ration est obtenue en 7 \u00e0 10 jours.<\/p>\n\n<\/div>\n<\/div>\n<\/div>\n<\/div>\n\n\n<p><strong>Enfin, vous pouvez nous&nbsp;<a href=\"http:\/\/turkaesthetic.com\/fr\/contact-us\/\" target=\"_blank\" rel=\"noreferrer noopener\">contacter&nbsp;<\/a>\u00e0 partir du lien pour demander des informations et des prix \u00e0&nbsp;<a href=\"https:\/\/www.youtube.com\/@turkaesthetic\" target=\"_blank\" rel=\"noreferrer noopener\">Turk Aesthetic<\/a>&nbsp;\u00e0 Istanbul, en Turquie.<\/strong><\/p>\n","protected":false},"excerpt":{"rendered":"<p>Traitement de L&rsquo;incontinence Urinaire en Turquie urinaire peut varier en fonction du type et de la gravit\u00e9 de l&rsquo;incontinence urinaire dont souffre une personne. M\u00eame si cela peut entra\u00eener une perte de confiance en soi, cela a en m\u00eame temps un impact n\u00e9gatif sur la qualit\u00e9 de vie d&rsquo;une personne. Le traitement implique g\u00e9n\u00e9ralement une [&hellip;]<\/p>\n","protected":false},"author":4,"featured_media":51443,"parent":0,"menu_order":0,"comment_status":"closed","ping_status":"closed","template":"","meta":{"footnotes":""},"dep":[1357],"class_list":["post-51527","page","type-page","status-publish","has-post-thumbnail","hentry","dep-treatment"],"_links":{"self":[{"href":"https:\/\/www.turkaesthetic.com\/fr\/wp-json\/wp\/v2\/pages\/51527","targetHints":{"allow":["GET"]}}],"collection":[{"href":"https:\/\/www.turkaesthetic.com\/fr\/wp-json\/wp\/v2\/pages"}],"about":[{"href":"https:\/\/www.turkaesthetic.com\/fr\/wp-json\/wp\/v2\/types\/page"}],"author":[{"embeddable":true,"href":"https:\/\/www.turkaesthetic.com\/fr\/wp-json\/wp\/v2\/users\/4"}],"replies":[{"embeddable":true,"href":"https:\/\/www.turkaesthetic.com\/fr\/wp-json\/wp\/v2\/comments?post=51527"}],"version-history":[{"count":0,"href":"https:\/\/www.turkaesthetic.com\/fr\/wp-json\/wp\/v2\/pages\/51527\/revisions"}],"wp:featuredmedia":[{"embeddable":true,"href":"https:\/\/www.turkaesthetic.com\/fr\/wp-json\/wp\/v2\/media\/51443"}],"wp:attachment":[{"href":"https:\/\/www.turkaesthetic.com\/fr\/wp-json\/wp\/v2\/media?parent=51527"}],"wp:term":[{"taxonomy":"dep","embeddable":true,"href":"https:\/\/www.turkaesthetic.com\/fr\/wp-json\/wp\/v2\/dep?post=51527"}],"curies":[{"name":"wp","href":"https:\/\/api.w.org\/{rel}","templated":true}]}}