{"id":50741,"date":"2024-01-06T13:17:41","date_gmt":"2024-01-06T10:17:41","guid":{"rendered":"http:\/\/turkaesthetic.com\/?page_id=50741"},"modified":"2025-07-04T16:58:31","modified_gmt":"2025-07-04T13:58:31","slug":"zirconium-crown","status":"publish","type":"page","link":"https:\/\/www.turkaesthetic.com\/fr\/zirconium-crown\/","title":{"rendered":"Couronnes en Zirconium"},"content":{"rendered":"\n<p>Les <strong>couronnes en zirconium<\/strong> sont une option qui peut fournir des r\u00e9sultats plus durables et esth\u00e9tiques, notamment par rapport aux couronnes en porcelaine. Ces <strong><a href=\"https:\/\/www.turkaesthetic.com\/fr\/dentistry-fr\/dental-crowns\/\" data-type=\"post\" data-id=\"20548\" target=\"_blank\" rel=\"noreferrer noopener\">couronnes<\/a><\/strong> peuvent \u00eatre utilis\u00e9es pour restaurer les dents de mani\u00e8re naturelle et corriger divers probl\u00e8mes dentaires. Les couronnes en zirconium peuvent \u00eatre appliqu\u00e9es \u00e0 diff\u00e9rentes fins, telles que le renforcement des dents, la correction de leur couleur, la fermeture des espaces entre elles ou la modification de la forme et de la taille des dents.<\/p>\n\n\n\n<h2 class=\"wp-block-heading\">Vid\u00e9o sur les couronnes en zirconium<\/h2>\n\n\n\n<p>Vous pouvez regarder les \u00e9tapes de la pose des couronnes en zirconium dans la vid\u00e9o ci-dessous.<\/p>\n\n\n\n<figure class=\"wp-block-embed is-type-video is-provider-youtube wp-block-embed-youtube wp-embed-aspect-16-9 wp-has-aspect-ratio\"><div class=\"wp-block-embed__wrapper\">\n<iframe loading=\"lazy\" title=\"Dental Crowns in Turkey (5) Days - Turk Aesthetic\" width=\"800\" height=\"450\" src=\"https:\/\/www.youtube.com\/embed\/4K8NUpRHABw?feature=oembed\" frameborder=\"0\" allow=\"accelerometer; autoplay; clipboard-write; encrypted-media; gyroscope; picture-in-picture; web-share\" referrerpolicy=\"strict-origin-when-cross-origin\" allowfullscreen><\/iframe>\n<\/div><figcaption class=\"wp-element-caption\">Couronnes en Zirconium<\/figcaption><\/figure>\n\n\n\n<h3 class=\"wp-block-heading\">Types de Couronnes en zircone<\/h3>\n\n\n\n<ul class=\"wp-block-list\">\n<li>Face dentaire E-Max : <a href=\"http:\/\/turkaesthetic.com\/fr\/dentistry-fr\/emax-veneer\/\" data-type=\"post\" data-id=\"51630\"><strong>E-<\/strong><\/a><a href=\"https:\/\/www.turkaesthetic.com\/fr\/dentistry-fr\/emax-veneer\/\" target=\"_blank\" data-type=\"post\" data-id=\"51630\" rel=\"noreferrer noopener\"><strong>Max<\/strong><\/a><a href=\"http:\/\/turkaesthetic.com\/fr\/dentistry-fr\/emax-veneer\/\" data-type=\"post\" data-id=\"51630\"><strong> <\/strong><\/a>est un type de facette similaire \u00e0 la porcelaine. Il est connu pour \u00eatre esth\u00e9tique et durable. Avec ses options de couleur de dents et son aspect naturel, c&rsquo;est une option pr\u00e9f\u00e9r\u00e9e.<\/li>\n\n\n\n<li>Lumineers : Les <strong><a href=\"https:\/\/www.turkaesthetic.com\/fr\/dental-lumineers\/\" target=\"_blank\" data-type=\"link\" data-id=\"https:\/\/www.turkaesthetic.com\/fr\/dental-lumineers\/\" rel=\"noreferrer noopener\">lumineers<\/a><\/strong> sont des facettes constitu\u00e9es d&rsquo;une fine couche de porcelaine particuli\u00e8re. Ils sont install\u00e9s sur la surface avant des dents.<\/li>\n\n\n\n<li>Placages : Les facettes sont g\u00e9n\u00e9ralement constitu\u00e9es de porcelaine ou de mat\u00e9riaux composites, \u00e9galement utilis\u00e9s dans les couronnes dentaires. Leur gamme d&rsquo;options de couleurs vous permet de cr\u00e9er un sourire personnalis\u00e9.<\/li>\n<\/ul>\n\n\n\n<h3 class=\"wp-block-heading\">\u00c9tapes du processus de couronnes en zirconium<\/h3>\n\n\n\n<ul class=\"wp-block-list\">\n<li>Examen et consultation : La premi\u00e8re \u00e9tape consiste \u00e0 consulter le dentiste. Le dentiste examine vos dents pour d\u00e9terminer vos besoins et \u00e9valuer si vous \u00eates apte \u00e0 recevoir des couronnes en zircone.<\/li>\n\n\n\n<li>Pr\u00e9paration des dents : vos dents doivent \u00eatre pr\u00e9par\u00e9es pour recevoir des couronnes en zircone. Certaines dents doivent \u00eatre lim\u00e9es et amincies avant cette \u00e9tape.<\/li>\n\n\n\n<li>\u00c9tape d&#8217;empreinte : votre dentiste utilise un mat\u00e9riau d&#8217;empreinte sp\u00e9cial pour prendre des empreintes des dents pr\u00e9par\u00e9es. Ces mesures servent \u00e0 personnaliser la pr\u00e9paration des couronnes en zircone en laboratoire. Les mesures prises sont envoy\u00e9es au laboratoire.<\/li>\n\n\n\n<li>Couronnes provisoires : la pr\u00e9paration du zircone peut prendre plusieurs jours. Pendant ce temps, le dentiste peut placer des couronnes provisoires sur vos dents.<\/li>\n\n\n\n<li>Collage des couronnes : apr\u00e8s que le sp\u00e9cialiste a pr\u00e9par\u00e9 les couronnes en laboratoire, le dentiste les place. Ensuite, il les v\u00e9rifie pour s&rsquo;assurer qu&rsquo;elles s&rsquo;ajustent correctement et sont esth\u00e9tiques, puis les colle d\u00e9finitivement.<\/li>\n\n\n\n<li>Contr\u00f4les finaux : apr\u00e8s que le dentiste a install\u00e9 les couronnes, il effectue les derniers contr\u00f4les pour terminer le processus. Il s&rsquo;assure \u00e9galement que vos dents sont naturelles et adapt\u00e9es en ce qui concerne la mastication, la parole et l&rsquo;apparence.<\/li>\n<\/ul>\n\n\n\n<h3 class=\"wp-block-heading\">Couronne dentaire en zircone en Turquie Istanbul<\/h3>\n\n\n\n<p>Il existe de nombreuses options pour lescouronnes en zirconium en Turquie et d&rsquo;autres applications esth\u00e9tiques dentaires \u00e0 Istanbul. Elles sont pr\u00e9f\u00e9r\u00e9es car elles offrent une apparence esth\u00e9tique et une restauration dentaire durable. Istanbul est l&rsquo;une des m\u00e9tropoles les plus pris\u00e9es, avec des cliniques, des h\u00f4pitaux et des m\u00e9decins experts dans leurs domaines. La Turquie et Istanbul sont \u00e9galement beaucoup plus abordables que l&rsquo;Europe et d&rsquo;autres pays.<\/p>\n\n\n\n<h4 class=\"wp-block-heading\">Couronnes en zircone sur implant<\/h4>\n\n\n\n<p>Les couronnes en zircone sur implant sont plac\u00e9es sur l&rsquo;implant, offrant une apparence similaire aux dents naturelles. Elles sont connues pour leur durabilit\u00e9, ce qui rend les couronnes sur <strong><a href=\"https:\/\/www.turkaesthetic.com\/fr\/dental-implants\/\" target=\"_blank\" data-type=\"page\" data-id=\"15193\" rel=\"noreferrer noopener\">implant<\/a><\/strong> plus naturelles et plus attrayantes sur le plan esth\u00e9tique. Le zircon ne diff\u00e8re des autres couronnes que par sa forme. En m\u00eame temps, en raison de sa biocompatibilit\u00e9, le risque d&rsquo;allergie est faible. L&rsquo;installation des couronnes sur le dessus des implants est personnalis\u00e9e en fonction de la structure dentaire du patient, de l&rsquo;\u00e9tat de l&rsquo;implant et des attentes esth\u00e9tiques.<\/p>\n\n\n\n<h4 class=\"wp-block-heading\">Le prix des couronnes en zirconium<\/h4>\n\n\n\n<p>Les prix des couronnes en zirconium peuvent varier en fonction de plusieurs facteurs, tels que l&rsquo;exp\u00e9rience du dentiste, la qualit\u00e9 des mat\u00e9riaux utilis\u00e9s, la complexit\u00e9 du processus de traitement et le choix de la clinique ou de l&rsquo;h\u00f4pital.<br>Elle est beaucoup plus adapt\u00e9e \u00e9conomiquement que dans d&rsquo;autres pays. En moyenne, les prix internationaux des couronnes dentaires se situent entre 1000 et 2000 euros par dent. En moyenne, les prix des couronnes en zirconium se situent entre 100 et 150 euros. Une couronne dentaire en zircone chez Turk Aesthetic co\u00fbte entre 100 et 130 euros.<\/p>\n\n\n\n<h5 class=\"wp-block-heading\">Avantages<\/h5>\n\n\n\n<ul class=\"wp-block-list\">\n<li>Elle se pr\u00e9sente comme une dent naturelle avec son aspect esth\u00e9tique.<\/li>\n\n\n\n<li>C&rsquo;est le type de couronne avec la plus grande durabilit\u00e9.<\/li>\n\n\n\n<li>Elle est moins susceptible de se tacher et de jaunir.<\/li>\n\n\n\n<li>C&rsquo;est une substance compatible avec le corps.<\/li>\n\n\n\n<li>Elle ne contient pas de m\u00e9tal.<\/li>\n<\/ul>\n\n\n\n<h5 class=\"wp-block-heading\">Inconv\u00e9nient<\/h5>\n\n\n\n<p>Selon l&rsquo;utilisation, les dents peuvent s&rsquo;user avec le temps.<br>Il peut y avoir une possibilit\u00e9 de fissure ou de rupture en cas de mauvaise utilisation ou d&rsquo;application d&rsquo;une force excessive.<br>Le patient peut les utiliser pendant de nombreuses ann\u00e9es s&rsquo;il suit toutes les instructions donn\u00e9es par le m\u00e9decin.<\/p>\n\n\n\n<h6 class=\"wp-block-heading\">La meilleure clinique r\u00e9alisant des couronnes dentaires en zirconium<\/h6>\n\n\n\n<p>Il existe de nombreux h\u00f4pitaux et cliniques dentaires. Des crit\u00e8res sont d\u00e9termin\u00e9s pour choisir le meilleur d&rsquo;entre eux ;<\/p>\n\n\n\n<ul class=\"wp-block-list\">\n<li>L&rsquo;exp\u00e9rience et les r\u00e9f\u00e9rences du m\u00e9decin.<\/li>\n\n\n\n<li>Les techniques et la technologie utilis\u00e9es.<\/li>\n\n\n\n<li>Les conditions st\u00e9riles.<\/li>\n\n\n\n<li>Le prix.<\/li>\n\n\n\n<li>Le patient doit \u00e9valuer tous ces crit\u00e8res et choisir la clinique la plus appropri\u00e9e.<\/li>\n<\/ul>\n\n\n\n<p>Diff\u00e9rences entre les couronnes dentaires en zirconium et les facettes<br>Elle a une structure qui couvre toute la dent. Les facettes ne couvrent que la surface avant des dents.<br>Les couronnes \u00e9tant plus \u00e9paisses, elles sont plus durables que les dents plaqu\u00e9es.<br>Alors que les dents en zirconium sont pr\u00e9f\u00e9r\u00e9es pour les restaurations \u00e9tendues, les facettes sont pr\u00e9f\u00e9r\u00e9es pour les changements plus mineurs.<\/p>\n\n\n\n<h3 class=\"wp-block-heading\">Avant et apr\u00e8s couronne dentaire en zirconium<\/h3>\n\n\n\n<p>Quelques photos avant et apr\u00e8s des couronnes en zirconium r\u00e9alis\u00e9es par Turk Aesthetic.<\/p>\n\n\n<style>.kb-gallery-id-50741_5a00c5-9e .kadence-blocks-gallery-item .kb-gal-image-radius, .kb-gallery-id-50741_5a00c5-9e .kb-slide-item .kb-gal-image-radius img{border-radius:0px 0px 0px 0px;;}.kb-gallery-wrap-id-50741_5a00c5-9e.wp-block-kadence-advancedgallery{overflow:visible;}.kb-gallery-wrap-id-50741_5a00c5-9e.wp-block-kadence-advancedgallery .kt-blocks-carousel{overflow:visible;}<\/style><div class=\"kb-gallery-wrap-id-50741_5a00c5-9e alignnone wp-block-kadence-advancedgallery\"><div class=\"kb-gallery-ul kb-gallery-non-static kb-gallery-type-slider kb-gallery-id-50741_5a00c5-9e kb-gallery-caption-style-bottom-hover kb-gallery-filter-none\" data-image-filter=\"none\" data-lightbox-caption=\"true\"><div class=\"kt-blocks-carousel splide kt-carousel-container-dotstyle-dark kt-carousel-arrowstyle-whiteondark kt-carousel-dotstyle-dark kb-slider-group-arrow kb-slider-arrow-position-center\" data-slider-anim-speed=\"400\" data-slider-scroll=\"1\" data-slider-arrows=\"true\" data-slider-fade=\"true\" data-slider-dots=\"true\" data-slider-type=\"slider\" data-slider-hover-pause=\"false\" data-slider-auto=\"\" data-slider-speed=\"7000\" data-show-pause-button=\"false\"><div class=\"splide__track\"><ul class=\"kt-blocks-carousel-init kb-blocks-slider splide__list\"><li class=\"kb-slide-item kb-gallery-slide-item splide__slide\"><div class=\"kadence-blocks-gallery-item\"><div class=\"kadence-blocks-gallery-item-inner\"><figure class=\"kb-gallery-figure kadence-blocks-gallery-item-hide-caption\"><div class=\"kb-gal-image-radius\"><div class=\"kb-gallery-image-contain kadence-blocks-gallery-intrinsic kb-gallery-image-ratio-land32 kb-has-image-ratio-land32\" ><img loading=\"lazy\" decoding=\"async\" src=\"https:\/\/www.turkaesthetic.com\/wp-content\/uploads\/2023\/12\/Dental-Crown-before-after-1.webp\" width=\"1200\" height=\"800\" alt=\"Avant et apr\u00e8s les couronnes dentaires\" data-full-image=\"https:\/\/www.turkaesthetic.com\/wp-content\/uploads\/2023\/12\/Dental-Crown-before-after-1.webp\" data-light-image=\"https:\/\/www.turkaesthetic.com\/wp-content\/uploads\/2023\/12\/Dental-Crown-before-after-1.webp\" data-id=\"48889\" class=\"wp-image-48889 skip-lazy\"\/><\/div><\/div><\/figure><\/div><\/div><\/li><li class=\"kb-slide-item kb-gallery-slide-item splide__slide\"><div class=\"kadence-blocks-gallery-item\"><div class=\"kadence-blocks-gallery-item-inner\"><figure class=\"kb-gallery-figure kadence-blocks-gallery-item-hide-caption\"><div class=\"kb-gal-image-radius\"><div class=\"kb-gallery-image-contain kadence-blocks-gallery-intrinsic kb-gallery-image-ratio-land32 kb-has-image-ratio-land32\" ><img loading=\"lazy\" decoding=\"async\" src=\"https:\/\/www.turkaesthetic.com\/wp-content\/uploads\/2023\/12\/Dental-Crown-before-after-2.webp\" width=\"1200\" height=\"800\" alt=\"Avant et apr\u00e8s les couronnes dentaires\" data-full-image=\"https:\/\/www.turkaesthetic.com\/wp-content\/uploads\/2023\/12\/Dental-Crown-before-after-2.webp\" data-light-image=\"https:\/\/www.turkaesthetic.com\/wp-content\/uploads\/2023\/12\/Dental-Crown-before-after-2.webp\" data-id=\"48898\" class=\"wp-image-48898 skip-lazy\"\/><\/div><\/div><\/figure><\/div><\/div><\/li><li class=\"kb-slide-item kb-gallery-slide-item splide__slide\"><div class=\"kadence-blocks-gallery-item\"><div class=\"kadence-blocks-gallery-item-inner\"><figure class=\"kb-gallery-figure kadence-blocks-gallery-item-hide-caption\"><div class=\"kb-gal-image-radius\"><div class=\"kb-gallery-image-contain kadence-blocks-gallery-intrinsic kb-gallery-image-ratio-land32 kb-has-image-ratio-land32\" ><img loading=\"lazy\" decoding=\"async\" src=\"https:\/\/www.turkaesthetic.com\/wp-content\/uploads\/2023\/12\/Dental-Crown-before-after-3.webp\" width=\"1200\" height=\"800\" alt=\"Avant et apr\u00e8s les couronnes dentaires\" data-full-image=\"https:\/\/www.turkaesthetic.com\/wp-content\/uploads\/2023\/12\/Dental-Crown-before-after-3.webp\" data-light-image=\"https:\/\/www.turkaesthetic.com\/wp-content\/uploads\/2023\/12\/Dental-Crown-before-after-3.webp\" data-id=\"48907\" class=\"wp-image-48907 skip-lazy\"\/><\/div><\/div><\/figure><\/div><\/div><\/li><li class=\"kb-slide-item kb-gallery-slide-item splide__slide\"><div class=\"kadence-blocks-gallery-item\"><div class=\"kadence-blocks-gallery-item-inner\"><figure class=\"kb-gallery-figure kadence-blocks-gallery-item-hide-caption\"><div class=\"kb-gal-image-radius\"><div class=\"kb-gallery-image-contain kadence-blocks-gallery-intrinsic kb-gallery-image-ratio-land32 kb-has-image-ratio-land32\" ><img loading=\"lazy\" decoding=\"async\" src=\"https:\/\/www.turkaesthetic.com\/wp-content\/uploads\/2023\/12\/Dental-Crown-before-after-4.webp\" width=\"1200\" height=\"800\" alt=\"Avant et apr\u00e8s les couronnes dentaires\" data-full-image=\"https:\/\/www.turkaesthetic.com\/wp-content\/uploads\/2023\/12\/Dental-Crown-before-after-4.webp\" data-light-image=\"https:\/\/www.turkaesthetic.com\/wp-content\/uploads\/2023\/12\/Dental-Crown-before-after-4.webp\" data-id=\"48916\" class=\"wp-image-48916 skip-lazy\"\/><\/div><\/div><\/figure><\/div><\/div><\/li><li class=\"kb-slide-item kb-gallery-slide-item splide__slide\"><div class=\"kadence-blocks-gallery-item\"><div class=\"kadence-blocks-gallery-item-inner\"><figure class=\"kb-gallery-figure kadence-blocks-gallery-item-hide-caption\"><div class=\"kb-gal-image-radius\"><div class=\"kb-gallery-image-contain kadence-blocks-gallery-intrinsic kb-gallery-image-ratio-land32 kb-has-image-ratio-land32\" ><img loading=\"lazy\" decoding=\"async\" src=\"https:\/\/www.turkaesthetic.com\/wp-content\/uploads\/2023\/12\/Dental-Crown-before-after-5.webp\" width=\"1200\" height=\"800\" alt=\"Avant et apr\u00e8s les couronnes dentaires\" data-full-image=\"https:\/\/www.turkaesthetic.com\/wp-content\/uploads\/2023\/12\/Dental-Crown-before-after-5.webp\" data-light-image=\"https:\/\/www.turkaesthetic.com\/wp-content\/uploads\/2023\/12\/Dental-Crown-before-after-5.webp\" data-id=\"48925\" class=\"wp-image-48925 skip-lazy\"\/><\/div><\/div><\/figure><\/div><\/div><\/li><\/ul><\/div><\/div><\/div><\/div>\n\n\n<h2 class=\"wp-block-heading\">FAQ<\/h2>\n\n\n<div id=\"rank-math-faq\" class=\"rank-math-block\">\n<div class=\"rank-math-list \">\n<div id=\"faq-question-1725363379248\" class=\"rank-math-list-item\">\n<h3 class=\"rank-math-question \">Combien de jours dois-je rester?<\/h3>\n<div class=\"rank-math-answer \">\n\n<p>La personne doit rester \u00e0 Istanbul pendant 5 \u00e0 10 jours en moyenne.<\/p>\n\n<\/div>\n<\/div>\n<div id=\"faq-question-1725363382226\" class=\"rank-math-list-item\">\n<h3 class=\"rank-math-question \">Est-ce douloureux?<\/h3>\n<div class=\"rank-math-answer \">\n\n<p>L&rsquo;anesth\u00e9sie locale est utilis\u00e9e lors de la fabrication des couronnes dentaires. Aucune douleur ou courbature n&rsquo;est ressentie pendant la proc\u00e9dure.<\/p>\n\n<\/div>\n<\/div>\n<div id=\"faq-question-1725363386928\" class=\"rank-math-list-item\">\n<h3 class=\"rank-math-question \">Quels sont les prix des couronnes en zircone?<\/h3>\n<div class=\"rank-math-answer \">\n\n<p>Le co\u00fbt moyen est de 100 \u00e0 130 euros par dent.<\/p>\n\n<\/div>\n<\/div>\n<div id=\"faq-question-1725363398214\" class=\"rank-math-list-item\">\n<h3 class=\"rank-math-question \">En moyenne, combien d&rsquo;ann\u00e9es les couronnes en zircone sont-elles utilis\u00e9es ?<\/h3>\n<div class=\"rank-math-answer \">\n\n<p>Les couronnes dentaires ont une p\u00e9riode de garantie moyenne de 10 ans. De plus, lorsque les dents sont bien entretenues, le patient peut les utiliser pendant de nombreuses ann\u00e9es.<\/p>\n\n<\/div>\n<\/div>\n<div id=\"faq-question-1725363403146\" class=\"rank-math-list-item\">\n<h3 class=\"rank-math-question \">Qui peut avoir des couronnes en zircone?<\/h3>\n<div class=\"rank-math-answer \">\n\n<p>Toute personne de plus de 18 ans qui souffre de probl\u00e8mes de forme et de couleur des dents peut avoir des couronnes dentaires.<\/p>\n\n<\/div>\n<\/div>\n<\/div>\n<\/div>\n\n\n<p>Enfin, vous pouvez nous contacter via le lien pour demander des <strong><a href=\"https:\/\/www.turkaesthetic.com\/fr\/about-us\/\" target=\"_blank\" data-type=\"link\" data-id=\"https:\/\/www.turkaesthetic.com\/fr\/about-us\/\" rel=\"noreferrer noopener\">informations<\/a><\/strong> et des prix \u00e0 <strong><a href=\"https:\/\/www.youtube.com\/@turkaesthetic\" data-type=\"link\" data-id=\"https:\/\/www.youtube.com\/@turkaesthetic\" target=\"_blank\" rel=\"noreferrer noopener\">Turk Aesthetic<\/a>.<\/strong><\/p>\n","protected":false},"excerpt":{"rendered":"<p>Les couronnes en zirconium sont une option qui peut fournir des r\u00e9sultats plus durables et esth\u00e9tiques, notamment par rapport aux couronnes en porcelaine. Ces couronnes peuvent \u00eatre utilis\u00e9es pour restaurer les dents de mani\u00e8re naturelle et corriger divers probl\u00e8mes dentaires. Les couronnes en zirconium peuvent \u00eatre appliqu\u00e9es \u00e0 diff\u00e9rentes fins, telles que le renforcement des [&hellip;]<\/p>\n","protected":false},"author":4,"featured_media":50679,"parent":0,"menu_order":0,"comment_status":"closed","ping_status":"closed","template":"","meta":{"footnotes":""},"dep":[1356],"class_list":["post-50741","page","type-page","status-publish","has-post-thumbnail","hentry","dep-cosmetic-dentistry"],"_links":{"self":[{"href":"https:\/\/www.turkaesthetic.com\/fr\/wp-json\/wp\/v2\/pages\/50741","targetHints":{"allow":["GET"]}}],"collection":[{"href":"https:\/\/www.turkaesthetic.com\/fr\/wp-json\/wp\/v2\/pages"}],"about":[{"href":"https:\/\/www.turkaesthetic.com\/fr\/wp-json\/wp\/v2\/types\/page"}],"author":[{"embeddable":true,"href":"https:\/\/www.turkaesthetic.com\/fr\/wp-json\/wp\/v2\/users\/4"}],"replies":[{"embeddable":true,"href":"https:\/\/www.turkaesthetic.com\/fr\/wp-json\/wp\/v2\/comments?post=50741"}],"version-history":[{"count":0,"href":"https:\/\/www.turkaesthetic.com\/fr\/wp-json\/wp\/v2\/pages\/50741\/revisions"}],"wp:featuredmedia":[{"embeddable":true,"href":"https:\/\/www.turkaesthetic.com\/fr\/wp-json\/wp\/v2\/media\/50679"}],"wp:attachment":[{"href":"https:\/\/www.turkaesthetic.com\/fr\/wp-json\/wp\/v2\/media?parent=50741"}],"wp:term":[{"taxonomy":"dep","embeddable":true,"href":"https:\/\/www.turkaesthetic.com\/fr\/wp-json\/wp\/v2\/dep?post=50741"}],"curies":[{"name":"wp","href":"https:\/\/api.w.org\/{rel}","templated":true}]}}