{"id":42365,"date":"2023-09-01T19:37:44","date_gmt":"2023-09-01T19:37:44","guid":{"rendered":"http:\/\/turkaesthetic.com\/premature-ejaculation-treatment\/"},"modified":"2023-09-05T10:21:04","modified_gmt":"2023-09-05T10:21:04","slug":"premature-ejaculation-treatment","status":"publish","type":"page","link":"https:\/\/www.turkaesthetic.com\/fr\/premature-ejaculation-treatment\/","title":{"rendered":"Traitement de L&rsquo;\u00e9jaculation Pr\u00e9coce en Turquie"},"content":{"rendered":"\n<p>Traitement de l&rsquo;\u00e9jaculation pr\u00e9coce en Turquie : L&rsquo;\u00e9jaculation pr\u00e9coce est d\u00e9finie comme une \u00e9jaculation pr\u00e9coce lors d&rsquo;un rapport sexuel. Le traitement peut inclure de nombreuses m\u00e9thodes diff\u00e9rentes et varier en fonction de l&rsquo;\u00e9tat de chaque individu. Vous trouverez ci-dessous de nombreuses m\u00e9thodes de traitement de l&rsquo;\u00e9jaculation pr\u00e9coce.<\/p>\n\n\n\n<h2 class=\"wp-block-heading\">M\u00e9thodes de traitement de l&rsquo;\u00e9jaculation pr\u00e9coce en Turquie<\/h2>\n\n\n\n<p>Traitement de l&rsquo;\u00e9jaculation pr\u00e9coce en Turquie peut souvent inclure des m\u00e9thodes telles que la th\u00e9rapie cognitivo-comportementale, les m\u00e9dicaments et la th\u00e9rapie sexuelle. L&rsquo;approche th\u00e9rapeutique peut varier en fonction du mode de vie, des ant\u00e9c\u00e9dents m\u00e9dicaux et des pr\u00e9f\u00e9rences de l&rsquo;individu. Un sexologue sp\u00e9cialis\u00e9 ou un urologue peut aider \u00e0 d\u00e9terminer la m\u00e9thode de traitement la plus appropri\u00e9e en \u00e9valuant l&rsquo;\u00e9tat de la personne.<\/p>\n\n\n\n<figure class=\"wp-block-embed is-type-video is-provider-youtube wp-block-embed-youtube wp-embed-aspect-16-9 wp-has-aspect-ratio\"><div class=\"wp-block-embed__wrapper\">\n<iframe loading=\"lazy\" title=\"Premature Ejaculation Treatment (15) Minutes - Turk Aesthetic\" width=\"800\" height=\"450\" src=\"https:\/\/www.youtube.com\/embed\/qe1hSH5CXLg?feature=oembed\" frameborder=\"0\" allow=\"accelerometer; autoplay; clipboard-write; encrypted-media; gyroscope; picture-in-picture; web-share\" allowfullscreen><\/iframe>\n<\/div><figcaption class=\"wp-element-caption\"><em><strong>Traitement de l&rsquo;\u00e9jaculation Pr\u00e9coce en Turquie<\/strong><\/em><\/figcaption><\/figure>\n\n\n\n<p><strong>Th\u00e9rapie cognitivo-comportementale (TCC)<\/strong>:<\/p>\n\n\n\n<p>La TCC est l&rsquo;une des approches psychologiques pour r\u00e9soudre le probl\u00e8me de l&rsquo;\u00e9jaculation pr\u00e9coce. Ce type de th\u00e9rapie vise \u00e0 changer les pens\u00e9es n\u00e9gatives et \u00e0 offrir un meilleur contr\u00f4le en analysant les pens\u00e9es et les comportements sexuels de l&rsquo;individu.<\/p>\n\n\n\n<p><strong>M\u00e9dicaments<\/strong>:<\/p>\n\n\n\n<p>des m\u00e9dicaments tels que des antid\u00e9presseurs et des cr\u00e8mes ou sprays contenant des anesth\u00e9siques locaux peuvent \u00eatre utilis\u00e9s pour traiter l&rsquo;\u00e9jaculation pr\u00e9coce. Les antid\u00e9presseurs peuvent augmenter le contr\u00f4le de l&rsquo;\u00e9jaculation en affectant les niveaux de s\u00e9rotonine. Des produits contenant des anesth\u00e9siques locaux peuvent \u00eatre appliqu\u00e9s sur le p\u00e9nis pour r\u00e9duire l\u2019intensit\u00e9 de l\u2019\u00e9motion.<\/p>\n\n\n\n<p><strong>Th\u00e9rapie sexuelle<\/strong>:<\/p>\n\n\n\n<p>La th\u00e9rapie sexuelle \u00e9value les exp\u00e9riences et les relations sexuelles d&rsquo;un individu. Les sexoth\u00e9rapeutes peuvent se concentrer sur l\u2019am\u00e9lioration des comp\u00e9tences de communication, le renforcement du lien \u00e9motionnel entre les partenaires et la r\u00e9duction de l\u2019anxi\u00e9t\u00e9 li\u00e9e \u00e0 la performance sexuelle.<\/p>\n\n\n\n<p><strong>Exercices musculaires du plancher pelvien<\/strong>:<\/p>\n\n\n\n<p>Le renforcement des muscles du plancher pelvien peut aider \u00e0 contr\u00f4ler l\u2019\u00e9jaculation. Les exercices de Kegel qui renforcent ces muscles peuvent \u00eatre efficaces dans certains cas d\u2019\u00e9jaculation pr\u00e9coce.<\/p>\n\n\n\n<p><strong>Utilisation de pr\u00e9servatifs<\/strong>:<\/p>\n\n\n\n<p>L&rsquo;utilisation de pr\u00e9servatifs pour r\u00e9duire l&rsquo;intensit\u00e9 sensorielle peut \u00eatre b\u00e9n\u00e9fique dans certains cas d&rsquo;\u00e9jaculation pr\u00e9coce.<\/p>\n\n\n\n<p><strong>Remplisseur gland du p\u00e9nis<\/strong>:<\/p>\n\n\n\n<p>En raison d&rsquo;une stimulation pr\u00e9coce, les gens provoquent une \u00e9jaculation pr\u00e9matur\u00e9e, ce produit de remplissage est inject\u00e9 sous la peau jusqu&rsquo;\u00e0 la t\u00eate du p\u00e9nis, permettant de retarder l&rsquo;excitation.<\/p>\n\n\n\n<h3 class=\"wp-block-heading\">Qu\u2019est-ce que le remplissage de la t\u00eate du p\u00e9nis et comment est-il r\u00e9alis\u00e9 ?<\/h3>\n\n\n\n<p>Physiologiquement ou psychologiquement, il peut y avoir une excitation chez les personnes en raison d&rsquo;une sensibilit\u00e9 excessive du p\u00e9nis, ce qui provoque une \u00e9jaculation pr\u00e9coce chez la personne. Les hommes et les femmes souffrent de ce probl\u00e8me. Chez les hommes, cette situation provoque une d\u00e9pression, un manque de confiance en soi et un sentiment d&rsquo;inad\u00e9quation, tandis que la satisfaction diminue chez les femmes.<\/p>\n\n\n\n<p>Le but du remplissage du gland est de cr\u00e9er une barri\u00e8re sous-cutan\u00e9e, r\u00e9duisant ainsi la sensibilit\u00e9, augmentant ainsi le temps d&rsquo;\u00e9jaculation de 3 \u00e0 4 fois. Ces obturations sont r\u00e9alis\u00e9es sp\u00e9cialement pour l&rsquo;organe reproducteur masculin et l&rsquo;organe reproducteur f\u00e9minin. Il s\u2019agit d\u2019une proc\u00e9dure non chirurgicale et simplement r\u00e9alis\u00e9e en milieu clinique. Son efficacit\u00e9 dure en moyenne 6 \u00e0 12 mois. 3 cc de filler sont inject\u00e9s par p\u00e9nis. Si n\u00e9cessaire, il est possible d\u2019en faire davantage ou de r\u00e9p\u00e9ter le processus apr\u00e8s un certain temps.<\/p>\n\n\n\n<h2 class=\"wp-block-heading\">\u00c9tapes de traitement de l&rsquo;\u00e9jaculation Pr\u00e9coce en Turquie<\/h2>\n\n\n<div id=\"rank-math-howto\" class=\"rank-math-block\" >\n<div class=\"rank-math-howto-description\">\n\n<p>Traitement de l&rsquo;\u00e9jaculation Pr\u00e9coce en Turquie<\/p>\n\n<\/div>\n<p class=\"rank-math-howto-duration\"><strong>Temps total\u00a0:<\/strong> <span>15 minutes<\/span><\/p>\n<div class=\"rank-math-steps \">\n<div id=\"howto-step-1693600114611\" class=\"rank-math-step\">\n<h3 class=\"rank-math-step-title \">Consultation<\/h3>\n<div class=\"rank-math-step-content \"><p>Tout d&rsquo;abord, le m\u00e9decin proc\u00e8de aux examens et examens n\u00e9cessaires et d\u00e9cide de la m\u00e9thode de traitement la plus adapt\u00e9e \u00e0 la personne.<\/p>\n<\/div>\n<\/div>\n<div id=\"howto-step-1693600181868\" class=\"rank-math-step\">\n<h3 class=\"rank-math-step-title \">Anesth\u00e9sie<\/h3>\n<div class=\"rank-math-step-content \"><p>Ensuite, une anesth\u00e9sie locale est appliqu\u00e9e sur la partie inf\u00e9rieure du p\u00e9nis ou une cr\u00e8me anesth\u00e9siante est appliqu\u00e9e sur la t\u00eate du p\u00e9nis.<\/p>\n<\/div>\n<\/div>\n<div id=\"howto-step-1693600186783\" class=\"rank-math-step\">\n<h3 class=\"rank-math-step-title \">Injection<\/h3>\n<div class=\"rank-math-step-content \"><p>Le m\u00e9decin injecte une quantit\u00e9 \u00e9gale de produit de comblement sous-cutan\u00e9 \u00e0 \u00e9gale profondeur jusqu\u2019\u00e0 la t\u00eate du p\u00e9nis, cr\u00e9ant ainsi une barri\u00e8re sur les nerfs.<\/p>\n<\/div>\n<\/div>\n<div id=\"howto-step-1693600191373\" class=\"rank-math-step\">\n<h3 class=\"rank-math-step-title \">Dur\u00e9e<\/h3>\n<div class=\"rank-math-step-content \"><p>Le temps total de traitement est de 15 \u00e0 20 minutes.<\/p>\n<\/div>\n<\/div>\n<div id=\"howto-step-1693600195718\" class=\"rank-math-step\">\n<h3 class=\"rank-math-step-title \">Pansement<\/h3>\n<div class=\"rank-math-step-content \"><p>Enfin, de petits rubans peuvent \u00eatre attach\u00e9s aux sites d&rsquo;injection.<\/p>\n<\/div>\n<\/div>\n<\/div>\n<\/div>\n\n\n\n\n\n\n<h3 class=\"wp-block-heading\">Avantages de traitement de l&rsquo;\u00e9jaculation pr\u00e9coce en Turquie<\/h3>\n\n\n\n<ul class=\"wp-block-list\">\n<li>Le traitement de l&rsquo;\u00e9jaculation pr\u00e9coce est une m\u00e9thode non chirurgicale.<\/li>\n\n\n\n<li>Apr\u00e8s une anesth\u00e9sie locale, la personne ne ressent ni douleur ni douleur.<\/li>\n\n\n\n<li>La proc\u00e9dure prend en moyenne 15 \u00e0 20 minutes.<\/li>\n\n\n\n<li>L&rsquo;excitation et l&rsquo;\u00e9jaculation de la personne augmentent de 3 \u00e0 4 fois.<\/li>\n<\/ul>\n\n\n\n<h3 class=\"wp-block-heading\">D\u00e9savantage<\/h3>\n\n\n\n<p>Le produit de comblement est efficace pendant 6 \u00e0 12 mois en moyenne et ne constitue pas une solution permanente \u00e0 vie.<\/p>\n\n\n\n<p>Il n\u2019y a aucun inconv\u00e9nient lorsque le bon traitement est appliqu\u00e9 \u00e0 la personne par le bon sp\u00e9cialiste.<\/p>\n\n\n\n<h3 class=\"wp-block-heading\">Effets secondaires traitement de l&rsquo;\u00e9jaculation pr\u00e9coce en Turquie<\/h3>\n\n\n\n<p>Apr\u00e8s l\u2019intervention, de l\u00e9gers gonflements, rougeurs et ecchymoses peuvent appara\u00eetre aux sites d\u2019injection du gland. Tous les effets secondaires disparaissent en quelques jours.<\/p>\n\n\n\n<h3 class=\"wp-block-heading\">Que faire apr\u00e8s le remplissage gland du p\u00e9nis<\/h3>\n\n\n\n<ul class=\"wp-block-list\">\n<li>Apr\u00e8s l\u2019intervention, la personne peut reprendre sa vie normale.<\/li>\n\n\n\n<li>Il ne faut pas prendre de douche le premier jour.<\/li>\n\n\n\n<li>Les activit\u00e9s physiques intenses doivent \u00eatre \u00e9vit\u00e9es pendant 1 \u00e0 2 jours.<\/li>\n\n\n\n<li>Apr\u00e8s deux semaines en moyenne, les rapports sexuels devraient avoir lieu.<\/li>\n\n\n\n<li>Beaucoup de liquides doivent \u00eatre consomm\u00e9s.<\/li>\n\n\n\n<li>Au bout de deux semaines, il est recommand\u00e9 d&rsquo;utiliser le spray retardateur pendant 15 jours 15 minutes avant les rapports sexuels.<\/li>\n<\/ul>\n\n\n\n<h3 class=\"wp-block-heading\">Qui est trait\u00e9 pour l&rsquo;\u00e9jaculation pr\u00e9coce en Turquie<\/h3>\n\n\n\n<p>Tous les traitement de l&rsquo;\u00e9jaculation pr\u00e9coce en Turquie et le remplissage du gland du p\u00e9nis sont g\u00e9n\u00e9ralement effectu\u00e9s par des urologues. Les urologues sont des m\u00e9decins qui s&rsquo;occupent des probl\u00e8mes de sant\u00e9 urologique, et la sant\u00e9 sexuelle fait \u00e9galement partie de ce domaine. Le remplissage de la t\u00eate du p\u00e9nis \u00e9tant une proc\u00e9dure g\u00e9n\u00e9ralement r\u00e9alis\u00e9e \u00e0 des fins esth\u00e9tiques, il est important de consulter un urologue exp\u00e9riment\u00e9 dans ce domaine.<\/p>\n\n\n\n<p>Cependant, avant toute intervention m\u00e9dicale, il est important de faire vos recherches avec soin, de consulter un sp\u00e9cialiste exp\u00e9riment\u00e9 et appropri\u00e9 et de solliciter plusieurs avis si n\u00e9cessaire. Au moment de d\u00e9cider d&rsquo;une intervention m\u00e9dicale, il est important de demander conseil \u00e0 des experts de confiance afin de ne pas mettre votre sant\u00e9 en danger.<\/p>\n\n\n\n<h3 class=\"wp-block-heading\">Prix du traitement de l&rsquo;\u00e9jaculation pr\u00e9coce en Turquie<\/h3>\n\n\n\n<p>Le remplissage de la t\u00eate du p\u00e9nis, qui est l&rsquo;une des m\u00e9thodes de traitement de l&rsquo;\u00e9jaculation pr\u00e9coce en Turquie, n\u00e9cessite des m\u00e9decins exp\u00e9riment\u00e9s dans le domaine.<\/p>\n\n\n\n<p>Il est toujours recommand\u00e9 de choisir un centre m\u00e9dical fiable pour assurer l&rsquo;expertise et la st\u00e9rilisation.<\/p>\n\n\n\n<p>En Turquie, la t\u00eate du p\u00e9nis est remplie en 3 cc et co\u00fbte 750 euros.<\/p>\n\n\n\n<h2 class=\"wp-block-heading\">FAQ &#8211; Traitement de l&rsquo;\u00e9jaculation pr\u00e9coce en Turquie<\/h2>\n\n\n<div id=\"rank-math-faq\" class=\"rank-math-block\">\n<div class=\"rank-math-list \">\n<div id=\"faq-question-1693599808723\" class=\"rank-math-list-item\">\n<h3 class=\"rank-math-question \">Qui peut se faire remplir la t\u00eate du p\u00e9nis, un Traitement de L&rsquo;\u00e9jaculation Pr\u00e9coce en Turquie ?<\/h3>\n<div class=\"rank-math-answer \">\n\n<p>Il s&rsquo;applique aux personnes de plus de 18 ans qui ont des probl\u00e8mes d&rsquo;\u00e9jaculation pr\u00e9coce.<\/p>\n\n<\/div>\n<\/div>\n<div id=\"faq-question-1693599816513\" class=\"rank-math-list-item\">\n<h3 class=\"rank-math-question \">Quel est le prix du remplissage de la t\u00eate du p\u00e9nis en Turquie ?<\/h3>\n<div class=\"rank-math-answer \">\n\n<p>Traitement de l&rsquo;\u00e9jaculation pr\u00e9coce en Turquie, une moyenne de 3 cc de produit de remplissage est appliqu\u00e9e par p\u00e9nis et le prix est de 750 euros.<\/p>\n\n<\/div>\n<\/div>\n<div id=\"faq-question-1693599822376\" class=\"rank-math-list-item\">\n<h3 class=\"rank-math-question \">Combien de temps le remplissage de la t\u00eate du p\u00e9nis retarde-t-il l&rsquo;\u00e9jaculation pr\u00e9coce ?<\/h3>\n<div class=\"rank-math-answer \">\n\n<p>Lorsqu\u2019il est effectu\u00e9 en toute s\u00e9curit\u00e9 par des m\u00e9decins sp\u00e9cialistes, il permet une \u00e9jaculation 3 \u00e0 4 fois plus retard\u00e9e.<\/p>\n\n<\/div>\n<\/div>\n<div id=\"faq-question-1693599825639\" class=\"rank-math-list-item\">\n<h3 class=\"rank-math-question \">Le produit de comblement appliqu\u00e9 sur le p\u00e9nis est-il nocif ?<\/h3>\n<div class=\"rank-math-answer \">\n\n<p>Le contenu de la charge est de l&rsquo;acide hyaluronique, puisque cet acide est \u00e9galement pr\u00e9sent dans notre corps, il est compatible et ne nuit pas.<br \/>Puisqu\u2019il est appliqu\u00e9 sur la t\u00eate du p\u00e9nis et uniquement sous la peau, il n\u2019a rien \u00e0 voir avec le canal urinaire ou le canal spermatique et ne cr\u00e9e aucune situation n\u00e9gative.<\/p>\n\n<\/div>\n<\/div>\n<\/div>\n<\/div>\n\n\n<p>Et enfin, vous pouvez <a href=\"http:\/\/turkaesthetic.com\/fr\/contact-us\/\" data-type=\"page\" data-id=\"15940\">contacter<\/a> l&rsquo;\u00e9quipe d&rsquo;assistance technique via un lien direct pour demander des informations et des prix \u00e0 T\u00fcrkiye \u0130stanbul <a href=\"https:\/\/www.youtube.com\/channel\/UC0zggzdm5CFwpRMmn_CPpFQ\" data-type=\"link\" data-id=\"https:\/\/www.youtube.com\/channel\/UC0zggzdm5CFwpRMmn_CPpFQ\" target=\"_blank\" rel=\"noopener\">Turk Aesthetic<\/a>.<\/p>\n","protected":false},"excerpt":{"rendered":"<p>Traitement de l&rsquo;\u00e9jaculation pr\u00e9coce en Turquie : L&rsquo;\u00e9jaculation pr\u00e9coce est d\u00e9finie comme une \u00e9jaculation pr\u00e9coce lors d&rsquo;un rapport sexuel. Le traitement peut inclure de nombreuses m\u00e9thodes diff\u00e9rentes et varier en fonction de l&rsquo;\u00e9tat de chaque individu. Vous trouverez ci-dessous de nombreuses m\u00e9thodes de traitement de l&rsquo;\u00e9jaculation pr\u00e9coce. M\u00e9thodes de traitement de l&rsquo;\u00e9jaculation pr\u00e9coce en Turquie [&hellip;]<\/p>\n","protected":false},"author":1,"featured_media":42341,"parent":0,"menu_order":0,"comment_status":"closed","ping_status":"closed","template":"","meta":{"footnotes":""},"dep":[1357],"class_list":["post-42365","page","type-page","status-publish","has-post-thumbnail","hentry","dep-treatment"],"_links":{"self":[{"href":"https:\/\/www.turkaesthetic.com\/fr\/wp-json\/wp\/v2\/pages\/42365","targetHints":{"allow":["GET"]}}],"collection":[{"href":"https:\/\/www.turkaesthetic.com\/fr\/wp-json\/wp\/v2\/pages"}],"about":[{"href":"https:\/\/www.turkaesthetic.com\/fr\/wp-json\/wp\/v2\/types\/page"}],"author":[{"embeddable":true,"href":"https:\/\/www.turkaesthetic.com\/fr\/wp-json\/wp\/v2\/users\/1"}],"replies":[{"embeddable":true,"href":"https:\/\/www.turkaesthetic.com\/fr\/wp-json\/wp\/v2\/comments?post=42365"}],"version-history":[{"count":0,"href":"https:\/\/www.turkaesthetic.com\/fr\/wp-json\/wp\/v2\/pages\/42365\/revisions"}],"wp:featuredmedia":[{"embeddable":true,"href":"https:\/\/www.turkaesthetic.com\/fr\/wp-json\/wp\/v2\/media\/42341"}],"wp:attachment":[{"href":"https:\/\/www.turkaesthetic.com\/fr\/wp-json\/wp\/v2\/media?parent=42365"}],"wp:term":[{"taxonomy":"dep","embeddable":true,"href":"https:\/\/www.turkaesthetic.com\/fr\/wp-json\/wp\/v2\/dep?post=42365"}],"curies":[{"name":"wp","href":"https:\/\/api.w.org\/{rel}","templated":true}]}}